{"id":11325,"date":"2025-06-03T16:49:40","date_gmt":"2025-06-03T08:49:40","guid":{"rendered":"https:\/\/www.leili-motor.net\/200-kw-axialflussmotor\/"},"modified":"2025-06-03T16:49:40","modified_gmt":"2025-06-03T08:49:40","slug":"200-kw-axialflussmotor","status":"publish","type":"product","link":"https:\/\/www.leili-motor.net\/de\/200-kw-axialflussmotor.html","title":{"rendered":"200 kW Axialflussmotor"},"content":{"rendered":"<h2>Leistungsparameter<\/h2>\n<table>\n<tbody>\n<tr>\n<td>Modell<\/td>\n<td>Zentrumsabstand<br \/>\n(mm)\n<\/td>\n<td>Nennleistung<br \/>\n(kW)\n<\/td>\n<td>Nenn<br \/>\ndrehzahl<br \/>\n(U\/min)<\/td>\n<td>Nennstrom<\/p>\n<p>(A)<\/td>\n<td>Wirkungsgrad<br \/>\n(100%)<\/td>\n<td>Leistungsfaktor<br \/>\n(Cos\u03c6)\n<\/td>\n<td>Frequenz<br \/>\n(Hz)<\/td>\n<td>Nenndrehmoment<br \/>\n(N.m)\n<\/td>\n<td>Gewicht<br \/>\n(Kg)<\/td>\n<td>K\u00fchlmethode<\/td>\n<\/tr>\n<tr>\n<td>TYPD538XS<\/td>\n<td>315<\/td>\n<td>200<\/td>\n<td>1500<\/td>\n<td>343<\/td>\n<td>97.5<\/td>\n<td>0.96<\/td>\n<td>200<\/td>\n<td>1273<\/td>\n<td>400<\/td>\n<td>Wasserk\u00fchlung<\/td>\n<\/tr>\n<\/tbody>\n<\/table>\n<table>\n<tbody>\n<tr>\n<td>Plattform<\/td>\n<td>TYPD538XS<\/td>\n<\/tr>\n<tr>\n<td>Abbildung<\/td>\n<td><img decoding=\"async\" class=\"alignnone size-full wp-image-10544\" src=\"https:\/\/www.leili-motor.net\/wp-content\/uploads\/2025\/06\/200KW-Axial-Flux-Motor-TYPD538XS.png\" alt=\"\" width=\"157\" height=\"166\"><\/td>\n<\/tr>\n<tr>\n<td>Abmessungen<br \/>\nL*B*H(mm)<\/td>\n<td>580*406*630<\/td>\n<\/tr>\n<\/tbody>\n<\/table>\n","protected":false},"excerpt":{"rendered":"<h3 data-start=\"2\" data-end=\"72\">Produkteinf\u00fchrung<\/h3>\n<ul>\n<li data-start=\"2\" data-end=\"72\">Liefert 200 kW bei 1500 U\/min mit 1273 Nm Drehmoment und 97,5 % Wirkungsgrad.<\/li>\n<li data-start=\"2\" data-end=\"72\">Kompakte Bauweise mit 315 mm Mittenh\u00f6he und hohem Leistungsfaktor von 0,96.<\/li>\n<li data-start=\"147\" data-end=\"242\">Der wassergek\u00fchlte Axialflussmotor gew\u00e4hrleistet zuverl\u00e4ssiges W\u00e4rmemanagement bei hoher Strombelastung von 343 A.<\/li>\n<\/ul>\n<h3>Produktanwendung<\/h3>\n<ul>\n<li>Industrielle Ausr\u00fcstung<\/li>\n<li>Industrielle Wasserpumpe<\/li>\n<li>Industrieventilator<\/li>\n<\/ul>\n","protected":false},"featured_media":10548,"comment_status":"closed","ping_status":"closed","template":"","meta":{"site-sidebar-layout":"default","site-content-layout":"","ast-site-content-layout":"default","site-content-style":"default","site-sidebar-style":"default","ast-global-header-display":"","ast-banner-title-visibility":"","ast-main-header-display":"","ast-hfb-above-header-display":"","ast-hfb-below-header-display":"","ast-hfb-mobile-header-display":"","site-post-title":"","ast-breadcrumbs-content":"","ast-featured-img":"","footer-sml-layout":"","theme-transparent-header-meta":"default","adv-header-id-meta":"","stick-header-meta":"","header-above-stick-meta":"","header-main-stick-meta":"","header-below-stick-meta":"","astra-migrate-meta-layouts":"default","ast-page-background-enabled":"default","ast-page-background-meta":{"desktop":{"background-color":"var(--ast-global-color-5)","background-image":"","background-repeat":"repeat","background-position":"center center","background-size":"auto","background-attachment":"scroll","background-type":"","background-media":"","overlay-type":"","overlay-color":"","overlay-opacity":"","overlay-gradient":""},"tablet":{"background-color":"","background-image":"","background-repeat":"repeat","background-position":"center center","background-size":"auto","background-attachment":"scroll","background-type":"","background-media":"","overlay-type":"","overlay-color":"","overlay-opacity":"","overlay-gradient":""},"mobile":{"background-color":"","background-image":"","background-repeat":"repeat","background-position":"center center","background-size":"auto","background-attachment":"scroll","background-type":"","background-media":"","overlay-type":"","overlay-color":"","overlay-opacity":"","overlay-gradient":""}},"ast-content-background-meta":{"desktop":{"background-color":"var(--ast-global-color-4)","background-image":"","background-repeat":"repeat","background-position":"center center","background-size":"auto","background-attachment":"scroll","background-type":"","background-media":"","overlay-type":"","overlay-color":"","overlay-opacity":"","overlay-gradient":""},"tablet":{"background-color":"var(--ast-global-color-4)","background-image":"","background-repeat":"repeat","background-position":"center center","background-size":"auto","background-attachment":"scroll","background-type":"","background-media":"","overlay-type":"","overlay-color":"","overlay-opacity":"","overlay-gradient":""},"mobile":{"background-color":"var(--ast-global-color-4)","background-image":"","background-repeat":"repeat","background-position":"center center","background-size":"auto","background-attachment":"scroll","background-type":"","background-media":"","overlay-type":"","overlay-color":"","overlay-opacity":"","overlay-gradient":""}}},"product_brand":[],"product_cat":[1070,1072],"product_tag":[],"class_list":{"0":"post-11325","1":"product","2":"type-product","3":"status-publish","4":"has-post-thumbnail","6":"product_cat-hocheffizienter-motor","7":"product_cat-axialflussmotor","8":"desktop-align-left","9":"tablet-align-left","10":"mobile-align-left","12":"first","13":"instock","14":"shipping-taxable","15":"product-type-simple"},"yoast_head":"<!-- This site is optimized with the Yoast SEO plugin v27.2 - https:\/\/yoast.com\/product\/yoast-seo-wordpress\/ -->\n<title>200 kW Axialflussmotor &#8211; Leili Motor<\/title>\n<meta name=\"description\" content=\"Der TYPD538XS ist ein 200-kW-Axialflussmotor mit 97,5 % Wirkungsgrad, 1500 U\/min und Wasserk\u00fchlung. Er liefert ein Nenndrehmoment von 1273 Nm.\" \/>\n<meta name=\"robots\" content=\"index, follow, max-snippet:-1, max-image-preview:large, max-video-preview:-1\" \/>\n<link rel=\"canonical\" href=\"https:\/\/www.leili-motor.net\/de\/200-kw-axialflussmotor.html\" \/>\n<script type=\"application\/ld+json\" class=\"yoast-schema-graph\">{\"@context\":\"https:\/\/schema.org\",\"@graph\":[{\"@type\":\"WebPage\",\"@id\":\"https:\/\/www.leili-motor.net\/de\/200-kw-axialflussmotor.html\",\"url\":\"https:\/\/www.leili-motor.net\/de\/200-kw-axialflussmotor.html\",\"name\":\"200 kW Axialflussmotor &#8211; Leili Motor\",\"isPartOf\":{\"@id\":\"https:\/\/www.leili-motor.net\/de\/#website\"},\"primaryImageOfPage\":{\"@id\":\"https:\/\/www.leili-motor.net\/de\/200-kw-axialflussmotor.html#primaryimage\"},\"image\":{\"@id\":\"https:\/\/www.leili-motor.net\/de\/200-kw-axialflussmotor.html#primaryimage\"},\"thumbnailUrl\":\"https:\/\/www.leili-motor.net\/wp-content\/uploads\/2025\/06\/200KW-Axial-Flux-Motors.jpg\",\"datePublished\":\"2025-06-03T08:49:40+00:00\",\"description\":\"Der TYPD538XS ist ein 200-kW-Axialflussmotor mit 97,5 % Wirkungsgrad, 1500 U\/min und Wasserk\u00fchlung. Er liefert ein Nenndrehmoment von 1273 Nm.\",\"breadcrumb\":{\"@id\":\"https:\/\/www.leili-motor.net\/de\/200-kw-axialflussmotor.html#breadcrumb\"},\"inLanguage\":\"de\",\"potentialAction\":[{\"@type\":\"ReadAction\",\"target\":[\"https:\/\/www.leili-motor.net\/de\/200-kw-axialflussmotor.html\"]}]},{\"@type\":\"ImageObject\",\"inLanguage\":\"de\",\"@id\":\"https:\/\/www.leili-motor.net\/de\/200-kw-axialflussmotor.html#primaryimage\",\"url\":\"https:\/\/www.leili-motor.net\/wp-content\/uploads\/2025\/06\/200KW-Axial-Flux-Motors.jpg\",\"contentUrl\":\"https:\/\/www.leili-motor.net\/wp-content\/uploads\/2025\/06\/200KW-Axial-Flux-Motors.jpg\",\"width\":454,\"height\":310},{\"@type\":\"BreadcrumbList\",\"@id\":\"https:\/\/www.leili-motor.net\/de\/200-kw-axialflussmotor.html#breadcrumb\",\"itemListElement\":[{\"@type\":\"ListItem\",\"position\":1,\"name\":\"Home\",\"item\":\"https:\/\/www.leili-motor.net\/de\/\"},{\"@type\":\"ListItem\",\"position\":2,\"name\":\"Produkte\",\"item\":\"https:\/\/www.leili-motor.net\/de\/produkte.html\"},{\"@type\":\"ListItem\",\"position\":3,\"name\":\"200 kW Axialflussmotor\"}]},{\"@type\":\"WebSite\",\"@id\":\"https:\/\/www.leili-motor.net\/de\/#website\",\"url\":\"https:\/\/www.leili-motor.net\/de\/\",\"name\":\"Leili Motor\",\"description\":\"\",\"publisher\":{\"@id\":\"https:\/\/www.leili-motor.net\/de\/#organization\"},\"potentialAction\":[{\"@type\":\"SearchAction\",\"target\":{\"@type\":\"EntryPoint\",\"urlTemplate\":\"https:\/\/www.leili-motor.net\/de\/?s={search_term_string}\"},\"query-input\":{\"@type\":\"PropertyValueSpecification\",\"valueRequired\":true,\"valueName\":\"search_term_string\"}}],\"inLanguage\":\"de\"},{\"@type\":\"Organization\",\"@id\":\"https:\/\/www.leili-motor.net\/de\/#organization\",\"name\":\"Leili Motor\",\"url\":\"https:\/\/www.leili-motor.net\/de\/\",\"logo\":{\"@type\":\"ImageObject\",\"inLanguage\":\"de\",\"@id\":\"https:\/\/www.leili-motor.net\/de\/#\/schema\/logo\/image\/\",\"url\":\"https:\/\/www.leili-motor.net\/wp-content\/uploads\/2025\/03\/Leili-Motor.png\",\"contentUrl\":\"https:\/\/www.leili-motor.net\/wp-content\/uploads\/2025\/03\/Leili-Motor.png\",\"width\":600,\"height\":156,\"caption\":\"Leili Motor\"},\"image\":{\"@id\":\"https:\/\/www.leili-motor.net\/de\/#\/schema\/logo\/image\/\"}}]}<\/script>\n<!-- \/ Yoast SEO plugin. -->","yoast_head_json":{"title":"200 kW Axialflussmotor &#8211; Leili Motor","description":"Der TYPD538XS ist ein 200-kW-Axialflussmotor mit 97,5 % Wirkungsgrad, 1500 U\/min und Wasserk\u00fchlung. Er liefert ein Nenndrehmoment von 1273 Nm.","robots":{"index":"index","follow":"follow","max-snippet":"max-snippet:-1","max-image-preview":"max-image-preview:large","max-video-preview":"max-video-preview:-1"},"canonical":"https:\/\/www.leili-motor.net\/de\/200-kw-axialflussmotor.html","schema":{"@context":"https:\/\/schema.org","@graph":[{"@type":"WebPage","@id":"https:\/\/www.leili-motor.net\/de\/200-kw-axialflussmotor.html","url":"https:\/\/www.leili-motor.net\/de\/200-kw-axialflussmotor.html","name":"200 kW Axialflussmotor &#8211; Leili Motor","isPartOf":{"@id":"https:\/\/www.leili-motor.net\/de\/#website"},"primaryImageOfPage":{"@id":"https:\/\/www.leili-motor.net\/de\/200-kw-axialflussmotor.html#primaryimage"},"image":{"@id":"https:\/\/www.leili-motor.net\/de\/200-kw-axialflussmotor.html#primaryimage"},"thumbnailUrl":"https:\/\/www.leili-motor.net\/wp-content\/uploads\/2025\/06\/200KW-Axial-Flux-Motors.jpg","datePublished":"2025-06-03T08:49:40+00:00","description":"Der TYPD538XS ist ein 200-kW-Axialflussmotor mit 97,5 % Wirkungsgrad, 1500 U\/min und Wasserk\u00fchlung. Er liefert ein Nenndrehmoment von 1273 Nm.","breadcrumb":{"@id":"https:\/\/www.leili-motor.net\/de\/200-kw-axialflussmotor.html#breadcrumb"},"inLanguage":"de","potentialAction":[{"@type":"ReadAction","target":["https:\/\/www.leili-motor.net\/de\/200-kw-axialflussmotor.html"]}]},{"@type":"ImageObject","inLanguage":"de","@id":"https:\/\/www.leili-motor.net\/de\/200-kw-axialflussmotor.html#primaryimage","url":"https:\/\/www.leili-motor.net\/wp-content\/uploads\/2025\/06\/200KW-Axial-Flux-Motors.jpg","contentUrl":"https:\/\/www.leili-motor.net\/wp-content\/uploads\/2025\/06\/200KW-Axial-Flux-Motors.jpg","width":454,"height":310},{"@type":"BreadcrumbList","@id":"https:\/\/www.leili-motor.net\/de\/200-kw-axialflussmotor.html#breadcrumb","itemListElement":[{"@type":"ListItem","position":1,"name":"Home","item":"https:\/\/www.leili-motor.net\/de\/"},{"@type":"ListItem","position":2,"name":"Produkte","item":"https:\/\/www.leili-motor.net\/de\/produkte.html"},{"@type":"ListItem","position":3,"name":"200 kW Axialflussmotor"}]},{"@type":"WebSite","@id":"https:\/\/www.leili-motor.net\/de\/#website","url":"https:\/\/www.leili-motor.net\/de\/","name":"Leili Motor","description":"","publisher":{"@id":"https:\/\/www.leili-motor.net\/de\/#organization"},"potentialAction":[{"@type":"SearchAction","target":{"@type":"EntryPoint","urlTemplate":"https:\/\/www.leili-motor.net\/de\/?s={search_term_string}"},"query-input":{"@type":"PropertyValueSpecification","valueRequired":true,"valueName":"search_term_string"}}],"inLanguage":"de"},{"@type":"Organization","@id":"https:\/\/www.leili-motor.net\/de\/#organization","name":"Leili Motor","url":"https:\/\/www.leili-motor.net\/de\/","logo":{"@type":"ImageObject","inLanguage":"de","@id":"https:\/\/www.leili-motor.net\/de\/#\/schema\/logo\/image\/","url":"https:\/\/www.leili-motor.net\/wp-content\/uploads\/2025\/03\/Leili-Motor.png","contentUrl":"https:\/\/www.leili-motor.net\/wp-content\/uploads\/2025\/03\/Leili-Motor.png","width":600,"height":156,"caption":"Leili Motor"},"image":{"@id":"https:\/\/www.leili-motor.net\/de\/#\/schema\/logo\/image\/"}}]}},"_links":{"self":[{"href":"https:\/\/www.leili-motor.net\/de\/wp-json\/wp\/v2\/product\/11325","targetHints":{"allow":["GET"]}}],"collection":[{"href":"https:\/\/www.leili-motor.net\/de\/wp-json\/wp\/v2\/product"}],"about":[{"href":"https:\/\/www.leili-motor.net\/de\/wp-json\/wp\/v2\/types\/product"}],"replies":[{"embeddable":true,"href":"https:\/\/www.leili-motor.net\/de\/wp-json\/wp\/v2\/comments?post=11325"}],"wp:featuredmedia":[{"embeddable":true,"href":"https:\/\/www.leili-motor.net\/de\/wp-json\/wp\/v2\/media\/10548"}],"wp:attachment":[{"href":"https:\/\/www.leili-motor.net\/de\/wp-json\/wp\/v2\/media?parent=11325"}],"wp:term":[{"taxonomy":"product_brand","embeddable":true,"href":"https:\/\/www.leili-motor.net\/de\/wp-json\/wp\/v2\/product_brand?post=11325"},{"taxonomy":"product_cat","embeddable":true,"href":"https:\/\/www.leili-motor.net\/de\/wp-json\/wp\/v2\/product_cat?post=11325"},{"taxonomy":"product_tag","embeddable":true,"href":"https:\/\/www.leili-motor.net\/de\/wp-json\/wp\/v2\/product_tag?post=11325"}],"curies":[{"name":"wp","href":"https:\/\/api.w.org\/{rel}","templated":true}]}}