{"id":11356,"date":"2025-06-03T16:31:44","date_gmt":"2025-06-03T08:31:44","guid":{"rendered":"https:\/\/www.leili-motor.net\/132-kw-axialflussmotor\/"},"modified":"2025-06-03T16:31:44","modified_gmt":"2025-06-03T08:31:44","slug":"132-kw-axialflussmotor","status":"publish","type":"product","link":"https:\/\/www.leili-motor.net\/de\/132-kw-axialflussmotor.html","title":{"rendered":"132 kW Axialflussmotor"},"content":{"rendered":"<h2>Leistungsparameter<\/h2>\n<table>\n<tbody>\n<tr>\n<td>Modell<\/td>\n<td>Zentrumsabstand<br \/>\n(mm)\n<\/td>\n<td>Nennleistung<br \/>\n(kW)\n<\/td>\n<td>Nenn<br \/>\ndrehzahl<br \/>\n(U\/min)<\/td>\n<td>Nennstrom<\/p>\n<p>(A)<\/td>\n<td>Wirkungsgrad<br \/>\n(100%)<\/td>\n<td>Leistungsfaktor<br \/>\n(Cos\u03c6)\n<\/td>\n<td>Frequenz<br \/>\n(Hz)<\/td>\n<td>Nenndrehmoment<br \/>\n(N.m)\n<\/td>\n<td>Gewicht<br \/>\n(Kg)<\/td>\n<td>K\u00fchlmethode<\/td>\n<\/tr>\n<tr>\n<td>TYPD460QXF<\/td>\n<td>280<\/td>\n<td>132<\/td>\n<td>1500<\/td>\n<td>227<\/td>\n<td>97.2<\/td>\n<td>0.96<\/td>\n<td>200<\/td>\n<td>840<\/td>\n<td>265<\/td>\n<td>Luftk\u00fchlung<\/td>\n<\/tr>\n<tr>\n<td>TYP460QXF<\/td>\n<td>250<\/td>\n<td>132<\/td>\n<td>3000<\/td>\n<td>228<\/td>\n<td>97.1<\/td>\n<td>0.96<\/td>\n<td>400<\/td>\n<td>420<\/td>\n<td>140<\/td>\n<td>Luftk\u00fchlung<\/td>\n<\/tr>\n<tr>\n<td>TYP580XS<\/td>\n<td>315<\/td>\n<td>132<\/td>\n<td>1000<\/td>\n<td>228<\/td>\n<td>97<\/td>\n<td>0.96<\/td>\n<td>133.33<\/td>\n<td>1261<\/td>\n<td>300<\/td>\n<td>Wasserk\u00fchlung<\/td>\n<\/tr>\n<tr>\n<td>TYP538XS<\/td>\n<td>315<\/td>\n<td>132<\/td>\n<td>1500<\/td>\n<td>227<\/td>\n<td>97.2<\/td>\n<td>0.96<\/td>\n<td>200<\/td>\n<td>840<\/td>\n<td>200<\/td>\n<td>Wasserk\u00fchlung<\/td>\n<\/tr>\n<tr>\n<td>TYP435XS<\/td>\n<td>250<\/td>\n<td>132<\/td>\n<td>3000<\/td>\n<td>228<\/td>\n<td>97<\/td>\n<td>0.96<\/td>\n<td>400<\/td>\n<td>420<\/td>\n<td>125<\/td>\n<td>Wasserk\u00fchlung<\/td>\n<\/tr>\n<\/tbody>\n<\/table>\n<h2>Mechanische Abmessungen: mm<\/h2>\n<table>\n<tbody>\n<tr>\n<td>Plattform<\/td>\n<td>TYPD460QXF<br \/>\nMit L\u00fcfterabdeckung<\/td>\n<td>TYPD460QXF<br \/>\nOhne L\u00fcfterabdeckung<\/td>\n<td>TYP460QXF<br \/>\nMit L\u00fcfterabdeckung<\/td>\n<td>TYP460QXF<br \/>\nOhne L\u00fcfterabdeckung<\/td>\n<\/tr>\n<tr>\n<td>Abbildung<\/td>\n<td><img decoding=\"async\" class=\"alignnone size-full wp-image-10512\" src=\"https:\/\/www.leili-motor.net\/wp-content\/uploads\/2025\/06\/132KW-Axial-Flux-Motor-TYPD460QXF.png\" alt=\"\" width=\"184\" height=\"160\"><\/td>\n<td><img decoding=\"async\" class=\"alignnone size-full wp-image-10515\" src=\"https:\/\/www.leili-motor.net\/wp-content\/uploads\/2025\/06\/132KW-Axial-Flux-Motor-TYPD460QXF-1.png\" alt=\"\" width=\"184\" height=\"160\"><\/td>\n<td><img decoding=\"async\" class=\"alignnone size-full wp-image-10500\" src=\"https:\/\/www.leili-motor.net\/wp-content\/uploads\/2025\/06\/132KW-Axial-Flux-Motor-TYP460QXF.png\" alt=\"\" width=\"124\" height=\"160\"><\/td>\n<td><img loading=\"lazy\" decoding=\"async\" class=\"alignnone size-full wp-image-10503\" src=\"https:\/\/www.leili-motor.net\/wp-content\/uploads\/2025\/06\/132KW-Axial-Flux-Motor-TYP460QXF-1.png\" alt=\"\" width=\"124\" height=\"160\"><\/td>\n<\/tr>\n<tr>\n<td>Au\u00dfenabmessungen<br \/>\nL*B*H(mm)<\/td>\n<td>560*412*627<\/td>\n<td>482*412*627<\/td>\n<td>560*212*627<\/td>\n<td>482*212*627<\/td>\n<\/tr>\n<\/tbody>\n<\/table>\n<table>\n<tbody>\n<tr>\n<td>Plattform<\/td>\n<td>TYP435XS<\/td>\n<td>TYP538XS<\/td>\n<td>TYP580XS<\/td>\n<\/tr>\n<tr>\n<td>Abbildung<\/td>\n<td><img loading=\"lazy\" decoding=\"async\" class=\"alignnone size-full wp-image-10497\" src=\"https:\/\/www.leili-motor.net\/wp-content\/uploads\/2025\/06\/132KW-Axial-Flux-Motor-TYP435XS.png\" alt=\"\" width=\"140\" height=\"160\"><\/td>\n<td><img loading=\"lazy\" decoding=\"async\" class=\"alignnone size-full wp-image-10506\" src=\"https:\/\/www.leili-motor.net\/wp-content\/uploads\/2025\/06\/132KW-Axial-Flux-Motor-TYP538XS.png\" alt=\"\" width=\"138\" height=\"160\"><\/td>\n<td><img loading=\"lazy\" decoding=\"async\" class=\"alignnone size-full wp-image-10509\" src=\"https:\/\/www.leili-motor.net\/wp-content\/uploads\/2025\/06\/132KW-Axial-Flux-Motor-TYP580XS.png\" alt=\"\" width=\"179\" height=\"166\"><\/td>\n<\/tr>\n<tr>\n<td>Au\u00dfenabmessungen<br \/>\nL*B*H(mm)<\/td>\n<td>470*160*535<\/td>\n<td>556*205*630<\/td>\n<td>612*205*693<\/td>\n<\/tr>\n<\/tbody>\n<\/table>\n","protected":false},"excerpt":{"rendered":"<h3>Produkteinf\u00fchrung<\/h3>\n<ul>\n<li>Nennleistung 132 kW, bis zu 97,2 % Wirkungsgrad, unterst\u00fctzt Drehzahlen von 1000\u20133000 min\u207b\u00b9.<\/li>\n<li>Verf\u00fcgbar mit 250\u2013315 mm Achsh\u00f6he und einem Drehmomentbereich von 420\u20131261 N\u00b7m.<\/li>\n<li>Luft- oder Wasserk\u00fchlung erh\u00e4ltlich. Gewicht: 125 kg bis 300 kg.<\/li>\n<\/ul>\n<h3>Produktanwendung<\/h3>\n<ul>\n<li>Industrielle Ausr\u00fcstung<\/li>\n<li>Industrielle Wasserpumpe<\/li>\n<li>Industrieventilator<\/li>\n<\/ul>\n","protected":false},"featured_media":10519,"comment_status":"closed","ping_status":"closed","template":"","meta":{"site-sidebar-layout":"default","site-content-layout":"","ast-site-content-layout":"default","site-content-style":"default","site-sidebar-style":"default","ast-global-header-display":"","ast-banner-title-visibility":"","ast-main-header-display":"","ast-hfb-above-header-display":"","ast-hfb-below-header-display":"","ast-hfb-mobile-header-display":"","site-post-title":"","ast-breadcrumbs-content":"","ast-featured-img":"","footer-sml-layout":"","theme-transparent-header-meta":"default","adv-header-id-meta":"","stick-header-meta":"","header-above-stick-meta":"","header-main-stick-meta":"","header-below-stick-meta":"","astra-migrate-meta-layouts":"default","ast-page-background-enabled":"default","ast-page-background-meta":{"desktop":{"background-color":"var(--ast-global-color-5)","background-image":"","background-repeat":"repeat","background-position":"center center","background-size":"auto","background-attachment":"scroll","background-type":"","background-media":"","overlay-type":"","overlay-color":"","overlay-opacity":"","overlay-gradient":""},"tablet":{"background-color":"","background-image":"","background-repeat":"repeat","background-position":"center center","background-size":"auto","background-attachment":"scroll","background-type":"","background-media":"","overlay-type":"","overlay-color":"","overlay-opacity":"","overlay-gradient":""},"mobile":{"background-color":"","background-image":"","background-repeat":"repeat","background-position":"center center","background-size":"auto","background-attachment":"scroll","background-type":"","background-media":"","overlay-type":"","overlay-color":"","overlay-opacity":"","overlay-gradient":""}},"ast-content-background-meta":{"desktop":{"background-color":"var(--ast-global-color-4)","background-image":"","background-repeat":"repeat","background-position":"center center","background-size":"auto","background-attachment":"scroll","background-type":"","background-media":"","overlay-type":"","overlay-color":"","overlay-opacity":"","overlay-gradient":""},"tablet":{"background-color":"var(--ast-global-color-4)","background-image":"","background-repeat":"repeat","background-position":"center center","background-size":"auto","background-attachment":"scroll","background-type":"","background-media":"","overlay-type":"","overlay-color":"","overlay-opacity":"","overlay-gradient":""},"mobile":{"background-color":"var(--ast-global-color-4)","background-image":"","background-repeat":"repeat","background-position":"center center","background-size":"auto","background-attachment":"scroll","background-type":"","background-media":"","overlay-type":"","overlay-color":"","overlay-opacity":"","overlay-gradient":""}}},"product_brand":[],"product_cat":[1070,1072],"product_tag":[],"class_list":{"0":"post-11356","1":"product","2":"type-product","3":"status-publish","4":"has-post-thumbnail","6":"product_cat-hocheffizienter-motor","7":"product_cat-axialflussmotor","8":"desktop-align-left","9":"tablet-align-left","10":"mobile-align-left","12":"first","13":"instock","14":"shipping-taxable","15":"product-type-simple"},"yoast_head":"<!-- This site is optimized with the Yoast SEO plugin v27.2 - https:\/\/yoast.com\/product\/yoast-seo-wordpress\/ -->\n<title>132 kW Axialflussmotor &#8211; Leili Motor<\/title>\n<meta name=\"description\" content=\"132-kW-Axialflussmotoren bieten einen hohen Wirkungsgrad (\u00fcber 97 %), ein kompaktes Design und ein starkes Drehmoment von bis zu 1261 Nm. Sie sind mit Luft- oder Wasserk\u00fchlung erh\u00e4ltlich.\" \/>\n<meta name=\"robots\" content=\"index, follow, max-snippet:-1, max-image-preview:large, max-video-preview:-1\" \/>\n<link rel=\"canonical\" href=\"https:\/\/www.leili-motor.net\/de\/132-kw-axialflussmotor.html\" \/>\n<script type=\"application\/ld+json\" class=\"yoast-schema-graph\">{\"@context\":\"https:\/\/schema.org\",\"@graph\":[{\"@type\":\"WebPage\",\"@id\":\"https:\/\/www.leili-motor.net\/de\/132-kw-axialflussmotor.html\",\"url\":\"https:\/\/www.leili-motor.net\/de\/132-kw-axialflussmotor.html\",\"name\":\"132 kW Axialflussmotor &#8211; Leili Motor\",\"isPartOf\":{\"@id\":\"https:\/\/www.leili-motor.net\/de\/#website\"},\"primaryImageOfPage\":{\"@id\":\"https:\/\/www.leili-motor.net\/de\/132-kw-axialflussmotor.html#primaryimage\"},\"image\":{\"@id\":\"https:\/\/www.leili-motor.net\/de\/132-kw-axialflussmotor.html#primaryimage\"},\"thumbnailUrl\":\"https:\/\/www.leili-motor.net\/wp-content\/uploads\/2025\/06\/132KW-Axial-Flux-Motors.jpg\",\"datePublished\":\"2025-06-03T08:31:44+00:00\",\"description\":\"132-kW-Axialflussmotoren bieten einen hohen Wirkungsgrad (\u00fcber 97 %), ein kompaktes Design und ein starkes Drehmoment von bis zu 1261 Nm. Sie sind mit Luft- oder Wasserk\u00fchlung erh\u00e4ltlich.\",\"breadcrumb\":{\"@id\":\"https:\/\/www.leili-motor.net\/de\/132-kw-axialflussmotor.html#breadcrumb\"},\"inLanguage\":\"de\",\"potentialAction\":[{\"@type\":\"ReadAction\",\"target\":[\"https:\/\/www.leili-motor.net\/de\/132-kw-axialflussmotor.html\"]}]},{\"@type\":\"ImageObject\",\"inLanguage\":\"de\",\"@id\":\"https:\/\/www.leili-motor.net\/de\/132-kw-axialflussmotor.html#primaryimage\",\"url\":\"https:\/\/www.leili-motor.net\/wp-content\/uploads\/2025\/06\/132KW-Axial-Flux-Motors.jpg\",\"contentUrl\":\"https:\/\/www.leili-motor.net\/wp-content\/uploads\/2025\/06\/132KW-Axial-Flux-Motors.jpg\",\"width\":454,\"height\":310,\"caption\":\"132KW Axial Flux Motors\"},{\"@type\":\"BreadcrumbList\",\"@id\":\"https:\/\/www.leili-motor.net\/de\/132-kw-axialflussmotor.html#breadcrumb\",\"itemListElement\":[{\"@type\":\"ListItem\",\"position\":1,\"name\":\"Home\",\"item\":\"https:\/\/www.leili-motor.net\/de\/\"},{\"@type\":\"ListItem\",\"position\":2,\"name\":\"Produkte\",\"item\":\"https:\/\/www.leili-motor.net\/de\/produkte.html\"},{\"@type\":\"ListItem\",\"position\":3,\"name\":\"132 kW Axialflussmotor\"}]},{\"@type\":\"WebSite\",\"@id\":\"https:\/\/www.leili-motor.net\/de\/#website\",\"url\":\"https:\/\/www.leili-motor.net\/de\/\",\"name\":\"Leili Motor\",\"description\":\"\",\"publisher\":{\"@id\":\"https:\/\/www.leili-motor.net\/de\/#organization\"},\"potentialAction\":[{\"@type\":\"SearchAction\",\"target\":{\"@type\":\"EntryPoint\",\"urlTemplate\":\"https:\/\/www.leili-motor.net\/de\/?s={search_term_string}\"},\"query-input\":{\"@type\":\"PropertyValueSpecification\",\"valueRequired\":true,\"valueName\":\"search_term_string\"}}],\"inLanguage\":\"de\"},{\"@type\":\"Organization\",\"@id\":\"https:\/\/www.leili-motor.net\/de\/#organization\",\"name\":\"Leili Motor\",\"url\":\"https:\/\/www.leili-motor.net\/de\/\",\"logo\":{\"@type\":\"ImageObject\",\"inLanguage\":\"de\",\"@id\":\"https:\/\/www.leili-motor.net\/de\/#\/schema\/logo\/image\/\",\"url\":\"https:\/\/www.leili-motor.net\/wp-content\/uploads\/2025\/03\/Leili-Motor.png\",\"contentUrl\":\"https:\/\/www.leili-motor.net\/wp-content\/uploads\/2025\/03\/Leili-Motor.png\",\"width\":600,\"height\":156,\"caption\":\"Leili Motor\"},\"image\":{\"@id\":\"https:\/\/www.leili-motor.net\/de\/#\/schema\/logo\/image\/\"}}]}<\/script>\n<!-- \/ Yoast SEO plugin. -->","yoast_head_json":{"title":"132 kW Axialflussmotor &#8211; Leili Motor","description":"132-kW-Axialflussmotoren bieten einen hohen Wirkungsgrad (\u00fcber 97 %), ein kompaktes Design und ein starkes Drehmoment von bis zu 1261 Nm. Sie sind mit Luft- oder Wasserk\u00fchlung erh\u00e4ltlich.","robots":{"index":"index","follow":"follow","max-snippet":"max-snippet:-1","max-image-preview":"max-image-preview:large","max-video-preview":"max-video-preview:-1"},"canonical":"https:\/\/www.leili-motor.net\/de\/132-kw-axialflussmotor.html","schema":{"@context":"https:\/\/schema.org","@graph":[{"@type":"WebPage","@id":"https:\/\/www.leili-motor.net\/de\/132-kw-axialflussmotor.html","url":"https:\/\/www.leili-motor.net\/de\/132-kw-axialflussmotor.html","name":"132 kW Axialflussmotor &#8211; Leili Motor","isPartOf":{"@id":"https:\/\/www.leili-motor.net\/de\/#website"},"primaryImageOfPage":{"@id":"https:\/\/www.leili-motor.net\/de\/132-kw-axialflussmotor.html#primaryimage"},"image":{"@id":"https:\/\/www.leili-motor.net\/de\/132-kw-axialflussmotor.html#primaryimage"},"thumbnailUrl":"https:\/\/www.leili-motor.net\/wp-content\/uploads\/2025\/06\/132KW-Axial-Flux-Motors.jpg","datePublished":"2025-06-03T08:31:44+00:00","description":"132-kW-Axialflussmotoren bieten einen hohen Wirkungsgrad (\u00fcber 97 %), ein kompaktes Design und ein starkes Drehmoment von bis zu 1261 Nm. Sie sind mit Luft- oder Wasserk\u00fchlung erh\u00e4ltlich.","breadcrumb":{"@id":"https:\/\/www.leili-motor.net\/de\/132-kw-axialflussmotor.html#breadcrumb"},"inLanguage":"de","potentialAction":[{"@type":"ReadAction","target":["https:\/\/www.leili-motor.net\/de\/132-kw-axialflussmotor.html"]}]},{"@type":"ImageObject","inLanguage":"de","@id":"https:\/\/www.leili-motor.net\/de\/132-kw-axialflussmotor.html#primaryimage","url":"https:\/\/www.leili-motor.net\/wp-content\/uploads\/2025\/06\/132KW-Axial-Flux-Motors.jpg","contentUrl":"https:\/\/www.leili-motor.net\/wp-content\/uploads\/2025\/06\/132KW-Axial-Flux-Motors.jpg","width":454,"height":310,"caption":"132KW Axial Flux Motors"},{"@type":"BreadcrumbList","@id":"https:\/\/www.leili-motor.net\/de\/132-kw-axialflussmotor.html#breadcrumb","itemListElement":[{"@type":"ListItem","position":1,"name":"Home","item":"https:\/\/www.leili-motor.net\/de\/"},{"@type":"ListItem","position":2,"name":"Produkte","item":"https:\/\/www.leili-motor.net\/de\/produkte.html"},{"@type":"ListItem","position":3,"name":"132 kW Axialflussmotor"}]},{"@type":"WebSite","@id":"https:\/\/www.leili-motor.net\/de\/#website","url":"https:\/\/www.leili-motor.net\/de\/","name":"Leili Motor","description":"","publisher":{"@id":"https:\/\/www.leili-motor.net\/de\/#organization"},"potentialAction":[{"@type":"SearchAction","target":{"@type":"EntryPoint","urlTemplate":"https:\/\/www.leili-motor.net\/de\/?s={search_term_string}"},"query-input":{"@type":"PropertyValueSpecification","valueRequired":true,"valueName":"search_term_string"}}],"inLanguage":"de"},{"@type":"Organization","@id":"https:\/\/www.leili-motor.net\/de\/#organization","name":"Leili Motor","url":"https:\/\/www.leili-motor.net\/de\/","logo":{"@type":"ImageObject","inLanguage":"de","@id":"https:\/\/www.leili-motor.net\/de\/#\/schema\/logo\/image\/","url":"https:\/\/www.leili-motor.net\/wp-content\/uploads\/2025\/03\/Leili-Motor.png","contentUrl":"https:\/\/www.leili-motor.net\/wp-content\/uploads\/2025\/03\/Leili-Motor.png","width":600,"height":156,"caption":"Leili Motor"},"image":{"@id":"https:\/\/www.leili-motor.net\/de\/#\/schema\/logo\/image\/"}}]}},"_links":{"self":[{"href":"https:\/\/www.leili-motor.net\/de\/wp-json\/wp\/v2\/product\/11356","targetHints":{"allow":["GET"]}}],"collection":[{"href":"https:\/\/www.leili-motor.net\/de\/wp-json\/wp\/v2\/product"}],"about":[{"href":"https:\/\/www.leili-motor.net\/de\/wp-json\/wp\/v2\/types\/product"}],"replies":[{"embeddable":true,"href":"https:\/\/www.leili-motor.net\/de\/wp-json\/wp\/v2\/comments?post=11356"}],"wp:featuredmedia":[{"embeddable":true,"href":"https:\/\/www.leili-motor.net\/de\/wp-json\/wp\/v2\/media\/10519"}],"wp:attachment":[{"href":"https:\/\/www.leili-motor.net\/de\/wp-json\/wp\/v2\/media?parent=11356"}],"wp:term":[{"taxonomy":"product_brand","embeddable":true,"href":"https:\/\/www.leili-motor.net\/de\/wp-json\/wp\/v2\/product_brand?post=11356"},{"taxonomy":"product_cat","embeddable":true,"href":"https:\/\/www.leili-motor.net\/de\/wp-json\/wp\/v2\/product_cat?post=11356"},{"taxonomy":"product_tag","embeddable":true,"href":"https:\/\/www.leili-motor.net\/de\/wp-json\/wp\/v2\/product_tag?post=11356"}],"curies":[{"name":"wp","href":"https:\/\/api.w.org\/{rel}","templated":true}]}}