{"id":11465,"date":"2025-05-30T17:05:37","date_gmt":"2025-05-30T09:05:37","guid":{"rendered":"https:\/\/www.leili-motor.net\/%cf%86310-ec-rueckwaertsgekruemmter-radialventilator-2\/"},"modified":"2025-05-30T17:05:37","modified_gmt":"2025-05-30T09:05:37","slug":"%cf%86310-ec-rueckwaertsgekruemmter-radialventilator-2","status":"publish","type":"product","link":"https:\/\/www.leili-motor.net\/de\/%CF%86310-ec-rueckwaertsgekruemmter-radialventilator-2.html","title":{"rendered":"\u03a6310 EC R\u00fcckw\u00e4rtsgekr\u00fcmmter Radialventilator 2"},"content":{"rendered":"<h2>Leistungsparameter<\/h2>\n<table>\n<tbody>\n<tr>\n<td>Typ<\/td>\n<td>Nenn<br \/>\nspannung<br \/>\n(VAC)<\/td>\n<td>Frequenz<br \/>\n(Hz)<\/td>\n<td>Drehzahl<br \/>\n(U\/min)<\/td>\n<td>Maximale<br \/>\n Eingangsleistung<br \/>\n(W)<\/td>\n<td>L\u00e4rm (@1m)<br \/>\nTon<br \/>\nDruckniveau<br \/>\n(dB(A))<\/td>\n<td>Umgebungstemp<br \/>\n(\u2103)<\/td>\n<td>Verkabelungs<br \/>\nmethode<\/td>\n<\/tr>\n<tr>\n<td>BF310B-WE102C-3A10-02<\/td>\n<td>230<\/td>\n<td>50\/60<\/td>\n<td>2280<\/td>\n<td>520<\/td>\n<td>78<\/td>\n<td>-25\uff5e+60<\/td>\n<td>W1<\/td>\n<\/tr>\n<\/tbody>\n<\/table>\n<h2>Mechanische Abmessungen: mm<\/h2>\n<p style=\"font-style: normal;\"><img loading=\"lazy\" decoding=\"async\" loading=\"lazy\" class=\"size-full wp-image-10235 aligncenter\" src=\"https:\/\/www.leili-motor.net\/wp-content\/uploads\/2025\/05\/%CE%A6310-EC-Backward-curved-Centrifugal-Fan-2-Dimensions.png\" alt=\"Abmessungen des \u03a6310 EC R\u00fcckw\u00e4rtsgekr\u00fcmmten Radialventilators 2\" width=\"791\" height=\"402\"><\/p>\n<h2>L\u00fcfterleistungskurve<\/h2>\n<p><img loading=\"lazy\" decoding=\"async\" loading=\"lazy\" class=\"size-full wp-image-10238 aligncenter\" src=\"https:\/\/www.leili-motor.net\/wp-content\/uploads\/2025\/05\/%CE%A6310-EC-Backward-curved-Centrifugal-Fan-2-Curve.png\" alt=\"Kennlinie des \u03a6310 EC R\u00fcckw\u00e4rtsgekr\u00fcmmten Radialventilators 2\" width=\"840\" height=\"302\"><\/p>\n","protected":false},"excerpt":{"rendered":"<h3>Produkteinf\u00fchrung<\/h3>\n<ul>\n<li>Nennspannung: 230 V AC, 50\/60 Hz, 2280 U\/min, max. Eingangsleistung: 520 W, Ger\u00e4uschpegel: 78 dB(A).<\/li>\n<li>Schutzart IP54, Isolierung Klasse B, 0\u201310 V DC\/PWM-Steuerung, Sanftanlauf, Phasenausfallerkennung.<\/li>\n<li>PP-Laufrad, CCC CE-gepr\u00fcft, Kugellager, Motorstrombegrenzung, Thermoschutz inklusive.<\/li>\n<\/ul>\n","protected":false},"featured_media":10242,"comment_status":"closed","ping_status":"closed","template":"","meta":{"site-sidebar-layout":"default","site-content-layout":"","ast-site-content-layout":"default","site-content-style":"default","site-sidebar-style":"default","ast-global-header-display":"","ast-banner-title-visibility":"","ast-main-header-display":"","ast-hfb-above-header-display":"","ast-hfb-below-header-display":"","ast-hfb-mobile-header-display":"","site-post-title":"","ast-breadcrumbs-content":"","ast-featured-img":"","footer-sml-layout":"","theme-transparent-header-meta":"default","adv-header-id-meta":"","stick-header-meta":"","header-above-stick-meta":"","header-main-stick-meta":"","header-below-stick-meta":"","astra-migrate-meta-layouts":"default","ast-page-background-enabled":"default","ast-page-background-meta":{"desktop":{"background-color":"var(--ast-global-color-5)","background-image":"","background-repeat":"repeat","background-position":"center center","background-size":"auto","background-attachment":"scroll","background-type":"","background-media":"","overlay-type":"","overlay-color":"","overlay-opacity":"","overlay-gradient":""},"tablet":{"background-color":"","background-image":"","background-repeat":"repeat","background-position":"center center","background-size":"auto","background-attachment":"scroll","background-type":"","background-media":"","overlay-type":"","overlay-color":"","overlay-opacity":"","overlay-gradient":""},"mobile":{"background-color":"","background-image":"","background-repeat":"repeat","background-position":"center center","background-size":"auto","background-attachment":"scroll","background-type":"","background-media":"","overlay-type":"","overlay-color":"","overlay-opacity":"","overlay-gradient":""}},"ast-content-background-meta":{"desktop":{"background-color":"var(--ast-global-color-4)","background-image":"","background-repeat":"repeat","background-position":"center center","background-size":"auto","background-attachment":"scroll","background-type":"","background-media":"","overlay-type":"","overlay-color":"","overlay-opacity":"","overlay-gradient":""},"tablet":{"background-color":"var(--ast-global-color-4)","background-image":"","background-repeat":"repeat","background-position":"center center","background-size":"auto","background-attachment":"scroll","background-type":"","background-media":"","overlay-type":"","overlay-color":"","overlay-opacity":"","overlay-gradient":""},"mobile":{"background-color":"var(--ast-global-color-4)","background-image":"","background-repeat":"repeat","background-position":"center center","background-size":"auto","background-attachment":"scroll","background-type":"","background-media":"","overlay-type":"","overlay-color":"","overlay-opacity":"","overlay-gradient":""}}},"product_brand":[],"product_cat":[1070,1074],"product_tag":[],"class_list":{"0":"post-11465","1":"product","2":"type-product","3":"status-publish","4":"has-post-thumbnail","6":"product_cat-hocheffizienter-motor","7":"product_cat-ec-radialventilator","8":"desktop-align-left","9":"tablet-align-left","10":"mobile-align-left","12":"first","13":"instock","14":"shipping-taxable","15":"product-type-simple"},"yoast_head":"<!-- This site is optimized with the Yoast SEO plugin v27.2 - https:\/\/yoast.com\/product\/yoast-seo-wordpress\/ -->\n<title>\u03a6310 EC R\u00fcckw\u00e4rtsgekr\u00fcmmter Radialventilator 2 &#8211; Leili Motor<\/title>\n<meta name=\"description\" content=\"Der \u03a6310 EC R\u00fcckw\u00e4rtsgekr\u00fcmmte Radialventilator 2 bietet effizienten Luftstrom, geringe Ger\u00e4uschentwicklung und intelligente Steuerung mit Schutzart IP54.\" \/>\n<meta name=\"robots\" content=\"index, follow, max-snippet:-1, max-image-preview:large, max-video-preview:-1\" \/>\n<link rel=\"canonical\" href=\"https:\/\/www.leili-motor.net\/de\/%CF%86310-ec-rueckwaertsgekruemmter-radialventilator-2.html\" \/>\n<script type=\"application\/ld+json\" class=\"yoast-schema-graph\">{\"@context\":\"https:\/\/schema.org\",\"@graph\":[{\"@type\":\"WebPage\",\"@id\":\"https:\/\/www.leili-motor.net\/de\/%CF%86310-ec-rueckwaertsgekruemmter-radialventilator-2.html\",\"url\":\"https:\/\/www.leili-motor.net\/de\/%CF%86310-ec-rueckwaertsgekruemmter-radialventilator-2.html\",\"name\":\"\u03a6310 EC R\u00fcckw\u00e4rtsgekr\u00fcmmter Radialventilator 2 &#8211; Leili Motor\",\"isPartOf\":{\"@id\":\"https:\/\/www.leili-motor.net\/de\/#website\"},\"primaryImageOfPage\":{\"@id\":\"https:\/\/www.leili-motor.net\/de\/%CF%86310-ec-rueckwaertsgekruemmter-radialventilator-2.html#primaryimage\"},\"image\":{\"@id\":\"https:\/\/www.leili-motor.net\/de\/%CF%86310-ec-rueckwaertsgekruemmter-radialventilator-2.html#primaryimage\"},\"thumbnailUrl\":\"https:\/\/www.leili-motor.net\/wp-content\/uploads\/2025\/05\/\u03a6310-EC-Backward-curved-Centrifugal-Fan-2.jpg\",\"datePublished\":\"2025-05-30T09:05:37+00:00\",\"description\":\"Der \u03a6310 EC R\u00fcckw\u00e4rtsgekr\u00fcmmte Radialventilator 2 bietet effizienten Luftstrom, geringe Ger\u00e4uschentwicklung und intelligente Steuerung mit Schutzart IP54.\",\"breadcrumb\":{\"@id\":\"https:\/\/www.leili-motor.net\/de\/%CF%86310-ec-rueckwaertsgekruemmter-radialventilator-2.html#breadcrumb\"},\"inLanguage\":\"de\",\"potentialAction\":[{\"@type\":\"ReadAction\",\"target\":[\"https:\/\/www.leili-motor.net\/de\/%CF%86310-ec-rueckwaertsgekruemmter-radialventilator-2.html\"]}]},{\"@type\":\"ImageObject\",\"inLanguage\":\"de\",\"@id\":\"https:\/\/www.leili-motor.net\/de\/%CF%86310-ec-rueckwaertsgekruemmter-radialventilator-2.html#primaryimage\",\"url\":\"https:\/\/www.leili-motor.net\/wp-content\/uploads\/2025\/05\/\u03a6310-EC-Backward-curved-Centrifugal-Fan-2.jpg\",\"contentUrl\":\"https:\/\/www.leili-motor.net\/wp-content\/uploads\/2025\/05\/\u03a6310-EC-Backward-curved-Centrifugal-Fan-2.jpg\",\"width\":454,\"height\":310,\"caption\":\"\u03a6310 EC Backward-curved Centrifugal Fan-2\"},{\"@type\":\"BreadcrumbList\",\"@id\":\"https:\/\/www.leili-motor.net\/de\/%CF%86310-ec-rueckwaertsgekruemmter-radialventilator-2.html#breadcrumb\",\"itemListElement\":[{\"@type\":\"ListItem\",\"position\":1,\"name\":\"Home\",\"item\":\"https:\/\/www.leili-motor.net\/de\/\"},{\"@type\":\"ListItem\",\"position\":2,\"name\":\"Produkte\",\"item\":\"https:\/\/www.leili-motor.net\/de\/produkte.html\"},{\"@type\":\"ListItem\",\"position\":3,\"name\":\"\u03a6310 EC R\u00fcckw\u00e4rtsgekr\u00fcmmter Radialventilator 2\"}]},{\"@type\":\"WebSite\",\"@id\":\"https:\/\/www.leili-motor.net\/de\/#website\",\"url\":\"https:\/\/www.leili-motor.net\/de\/\",\"name\":\"Leili Motor\",\"description\":\"\",\"publisher\":{\"@id\":\"https:\/\/www.leili-motor.net\/de\/#organization\"},\"potentialAction\":[{\"@type\":\"SearchAction\",\"target\":{\"@type\":\"EntryPoint\",\"urlTemplate\":\"https:\/\/www.leili-motor.net\/de\/?s={search_term_string}\"},\"query-input\":{\"@type\":\"PropertyValueSpecification\",\"valueRequired\":true,\"valueName\":\"search_term_string\"}}],\"inLanguage\":\"de\"},{\"@type\":\"Organization\",\"@id\":\"https:\/\/www.leili-motor.net\/de\/#organization\",\"name\":\"Leili Motor\",\"url\":\"https:\/\/www.leili-motor.net\/de\/\",\"logo\":{\"@type\":\"ImageObject\",\"inLanguage\":\"de\",\"@id\":\"https:\/\/www.leili-motor.net\/de\/#\/schema\/logo\/image\/\",\"url\":\"https:\/\/www.leili-motor.net\/wp-content\/uploads\/2025\/03\/Leili-Motor.png\",\"contentUrl\":\"https:\/\/www.leili-motor.net\/wp-content\/uploads\/2025\/03\/Leili-Motor.png\",\"width\":600,\"height\":156,\"caption\":\"Leili Motor\"},\"image\":{\"@id\":\"https:\/\/www.leili-motor.net\/de\/#\/schema\/logo\/image\/\"}}]}<\/script>\n<!-- \/ Yoast SEO plugin. -->","yoast_head_json":{"title":"\u03a6310 EC R\u00fcckw\u00e4rtsgekr\u00fcmmter Radialventilator 2 &#8211; Leili Motor","description":"Der \u03a6310 EC R\u00fcckw\u00e4rtsgekr\u00fcmmte Radialventilator 2 bietet effizienten Luftstrom, geringe Ger\u00e4uschentwicklung und intelligente Steuerung mit Schutzart IP54.","robots":{"index":"index","follow":"follow","max-snippet":"max-snippet:-1","max-image-preview":"max-image-preview:large","max-video-preview":"max-video-preview:-1"},"canonical":"https:\/\/www.leili-motor.net\/de\/%CF%86310-ec-rueckwaertsgekruemmter-radialventilator-2.html","schema":{"@context":"https:\/\/schema.org","@graph":[{"@type":"WebPage","@id":"https:\/\/www.leili-motor.net\/de\/%CF%86310-ec-rueckwaertsgekruemmter-radialventilator-2.html","url":"https:\/\/www.leili-motor.net\/de\/%CF%86310-ec-rueckwaertsgekruemmter-radialventilator-2.html","name":"\u03a6310 EC R\u00fcckw\u00e4rtsgekr\u00fcmmter Radialventilator 2 &#8211; Leili Motor","isPartOf":{"@id":"https:\/\/www.leili-motor.net\/de\/#website"},"primaryImageOfPage":{"@id":"https:\/\/www.leili-motor.net\/de\/%CF%86310-ec-rueckwaertsgekruemmter-radialventilator-2.html#primaryimage"},"image":{"@id":"https:\/\/www.leili-motor.net\/de\/%CF%86310-ec-rueckwaertsgekruemmter-radialventilator-2.html#primaryimage"},"thumbnailUrl":"https:\/\/www.leili-motor.net\/wp-content\/uploads\/2025\/05\/\u03a6310-EC-Backward-curved-Centrifugal-Fan-2.jpg","datePublished":"2025-05-30T09:05:37+00:00","description":"Der \u03a6310 EC R\u00fcckw\u00e4rtsgekr\u00fcmmte Radialventilator 2 bietet effizienten Luftstrom, geringe Ger\u00e4uschentwicklung und intelligente Steuerung mit Schutzart IP54.","breadcrumb":{"@id":"https:\/\/www.leili-motor.net\/de\/%CF%86310-ec-rueckwaertsgekruemmter-radialventilator-2.html#breadcrumb"},"inLanguage":"de","potentialAction":[{"@type":"ReadAction","target":["https:\/\/www.leili-motor.net\/de\/%CF%86310-ec-rueckwaertsgekruemmter-radialventilator-2.html"]}]},{"@type":"ImageObject","inLanguage":"de","@id":"https:\/\/www.leili-motor.net\/de\/%CF%86310-ec-rueckwaertsgekruemmter-radialventilator-2.html#primaryimage","url":"https:\/\/www.leili-motor.net\/wp-content\/uploads\/2025\/05\/\u03a6310-EC-Backward-curved-Centrifugal-Fan-2.jpg","contentUrl":"https:\/\/www.leili-motor.net\/wp-content\/uploads\/2025\/05\/\u03a6310-EC-Backward-curved-Centrifugal-Fan-2.jpg","width":454,"height":310,"caption":"\u03a6310 EC Backward-curved Centrifugal Fan-2"},{"@type":"BreadcrumbList","@id":"https:\/\/www.leili-motor.net\/de\/%CF%86310-ec-rueckwaertsgekruemmter-radialventilator-2.html#breadcrumb","itemListElement":[{"@type":"ListItem","position":1,"name":"Home","item":"https:\/\/www.leili-motor.net\/de\/"},{"@type":"ListItem","position":2,"name":"Produkte","item":"https:\/\/www.leili-motor.net\/de\/produkte.html"},{"@type":"ListItem","position":3,"name":"\u03a6310 EC R\u00fcckw\u00e4rtsgekr\u00fcmmter Radialventilator 2"}]},{"@type":"WebSite","@id":"https:\/\/www.leili-motor.net\/de\/#website","url":"https:\/\/www.leili-motor.net\/de\/","name":"Leili Motor","description":"","publisher":{"@id":"https:\/\/www.leili-motor.net\/de\/#organization"},"potentialAction":[{"@type":"SearchAction","target":{"@type":"EntryPoint","urlTemplate":"https:\/\/www.leili-motor.net\/de\/?s={search_term_string}"},"query-input":{"@type":"PropertyValueSpecification","valueRequired":true,"valueName":"search_term_string"}}],"inLanguage":"de"},{"@type":"Organization","@id":"https:\/\/www.leili-motor.net\/de\/#organization","name":"Leili Motor","url":"https:\/\/www.leili-motor.net\/de\/","logo":{"@type":"ImageObject","inLanguage":"de","@id":"https:\/\/www.leili-motor.net\/de\/#\/schema\/logo\/image\/","url":"https:\/\/www.leili-motor.net\/wp-content\/uploads\/2025\/03\/Leili-Motor.png","contentUrl":"https:\/\/www.leili-motor.net\/wp-content\/uploads\/2025\/03\/Leili-Motor.png","width":600,"height":156,"caption":"Leili Motor"},"image":{"@id":"https:\/\/www.leili-motor.net\/de\/#\/schema\/logo\/image\/"}}]}},"_links":{"self":[{"href":"https:\/\/www.leili-motor.net\/de\/wp-json\/wp\/v2\/product\/11465","targetHints":{"allow":["GET"]}}],"collection":[{"href":"https:\/\/www.leili-motor.net\/de\/wp-json\/wp\/v2\/product"}],"about":[{"href":"https:\/\/www.leili-motor.net\/de\/wp-json\/wp\/v2\/types\/product"}],"replies":[{"embeddable":true,"href":"https:\/\/www.leili-motor.net\/de\/wp-json\/wp\/v2\/comments?post=11465"}],"wp:featuredmedia":[{"embeddable":true,"href":"https:\/\/www.leili-motor.net\/de\/wp-json\/wp\/v2\/media\/10242"}],"wp:attachment":[{"href":"https:\/\/www.leili-motor.net\/de\/wp-json\/wp\/v2\/media?parent=11465"}],"wp:term":[{"taxonomy":"product_brand","embeddable":true,"href":"https:\/\/www.leili-motor.net\/de\/wp-json\/wp\/v2\/product_brand?post=11465"},{"taxonomy":"product_cat","embeddable":true,"href":"https:\/\/www.leili-motor.net\/de\/wp-json\/wp\/v2\/product_cat?post=11465"},{"taxonomy":"product_tag","embeddable":true,"href":"https:\/\/www.leili-motor.net\/de\/wp-json\/wp\/v2\/product_tag?post=11465"}],"curies":[{"name":"wp","href":"https:\/\/api.w.org\/{rel}","templated":true}]}}