{"id":11479,"date":"2025-06-03T15:28:55","date_gmt":"2025-06-03T07:28:55","guid":{"rendered":"https:\/\/www.leili-motor.net\/37-kw-axialflussmotor\/"},"modified":"2025-06-03T15:28:55","modified_gmt":"2025-06-03T07:28:55","slug":"37-kw-axialflussmotor","status":"publish","type":"product","link":"https:\/\/www.leili-motor.net\/de\/37-kw-axialflussmotor.html","title":{"rendered":"37 kW Axialflussmotor"},"content":{"rendered":"<h2>Leistungsparameter<\/h2>\n<table>\n<tbody>\n<tr>\n<td>Modell<\/td>\n<td>Zentrumsabstand<br \/>\n(mm)\n<\/td>\n<td>Nennleistung<br \/>\n(kW)\n<\/td>\n<td>Nenn<br \/>\ndrehzahl<br \/>\n(U\/min)<\/td>\n<td>Nennstrom<\/p>\n<p>(A)<\/td>\n<td>Wirkungsgrad<br \/>\n(100%)<\/td>\n<td>Leistungsfaktor<br \/>\n(Cos\u03c6)\n<\/td>\n<td>Frequenz<br \/>\n(Hz)<\/td>\n<td>Nenndrehmoment<br \/>\n(N.m)\n<\/td>\n<td>Gewicht<br \/>\n(Kg)<\/td>\n<td>K\u00fchlmethode<\/td>\n<\/tr>\n<tr>\n<td>TYP435QXF<\/td>\n<td>250<\/td>\n<td>37<\/td>\n<td>1000<\/td>\n<td>64.4<\/td>\n<td>96<\/td>\n<td>0.96<\/td>\n<td>133.33<\/td>\n<td>353<\/td>\n<td>125<\/td>\n<td>Luftk\u00fchlung<\/td>\n<\/tr>\n<tr>\n<td>TYP380QXF<\/td>\n<td>225<\/td>\n<td>37<\/td>\n<td>1500<\/td>\n<td>64.7<\/td>\n<td>96.3<\/td>\n<td>0.96<\/td>\n<td>200<\/td>\n<td>236<\/td>\n<td>85<\/td>\n<td>Luftk\u00fchlung<\/td>\n<\/tr>\n<tr>\n<td>TYP320QXF<\/td>\n<td>180<\/td>\n<td>37<\/td>\n<td>3000<\/td>\n<td>64.2<\/td>\n<td>96.3<\/td>\n<td>0.96<\/td>\n<td>300<\/td>\n<td>117.8<\/td>\n<td>40<\/td>\n<td>Luftk\u00fchlung<\/td>\n<\/tr>\n<tr>\n<td>TYP435XS<\/td>\n<td>250<\/td>\n<td>37<\/td>\n<td>750<\/td>\n<td>65.1<\/td>\n<td>94.7<\/td>\n<td>0.96<\/td>\n<td>100<\/td>\n<td>471<\/td>\n<td>125<\/td>\n<td>Wasserk\u00fchlung<\/td>\n<\/tr>\n<tr>\n<td>TYP400XS<\/td>\n<td>250<\/td>\n<td>37<\/td>\n<td>1000<\/td>\n<td>64.4<\/td>\n<td>95.8<\/td>\n<td>0.96<\/td>\n<td>133.33<\/td>\n<td>353<\/td>\n<td>100<\/td>\n<td>Wasserk\u00fchlung<\/td>\n<\/tr>\n<\/tbody>\n<\/table>\n<p><span style=\"font-size: 1.7em; font-weight: bold;\">Mechanische Abmessungen: mm<\/span><\/p>\n<table>\n<tbody>\n<tr>\n<td>Plattform<\/td>\n<td>TYP320QXF<br \/>\nMit L\u00fcfterabdeckung<\/td>\n<td>TYP320QXF<br \/>\nOhne L\u00fcfterabdeckung<\/td>\n<td>TYP380QXF<br \/>\nMit L\u00fcfterabdeckung<\/td>\n<td>TYP380QXF<br \/>\nOhne L\u00fcfterabdeckung<\/td>\n<\/tr>\n<tr>\n<td>Abbildung<\/td>\n<td><img decoding=\"async\" class=\"alignnone size-full wp-image-10304\" src=\"https:\/\/www.leili-motor.net\/wp-content\/uploads\/2025\/06\/37KW-Synchronous-Reluctance-Motor-TYP320QXF.png\" alt=\"\" width=\"148\" height=\"172\"><\/td>\n<td><img decoding=\"async\" class=\"alignnone size-full wp-image-10307\" src=\"https:\/\/www.leili-motor.net\/wp-content\/uploads\/2025\/06\/37KW-Synchronous-Reluctance-Motor-TYP320QXF-1.png\" alt=\"\" width=\"126\" height=\"160\"><\/td>\n<td><img decoding=\"async\" class=\"alignnone size-full wp-image-10310\" src=\"https:\/\/www.leili-motor.net\/wp-content\/uploads\/2025\/06\/37KW-Synchronous-Reluctance-Motor-TYP380QXF.png\" alt=\"\" width=\"149\" height=\"166\"><\/td>\n<td><img loading=\"lazy\" decoding=\"async\" class=\"alignnone size-full wp-image-10313\" src=\"https:\/\/www.leili-motor.net\/wp-content\/uploads\/2025\/06\/37KW-Synchronous-Reluctance-Motor-TYP380QXF-1.png\" alt=\"\" width=\"149\" height=\"166\"><\/td>\n<\/tr>\n<tr>\n<td>Au\u00dfenma\u00dfe<br \/>\nL*B*H(mm)<\/td>\n<td>390*162*426<\/td>\n<td>318*162*426<\/td>\n<td>250*195*510<\/td>\n<td>190*195*510<\/td>\n<\/tr>\n<\/tbody>\n<\/table>\n<table>\n<tbody>\n<tr>\n<td width=\"104\">Plattform<\/td>\n<td width=\"88\">TYP435QXF<\/p>\n<p>Mit L\u00fcfterabdeckung<\/td>\n<td width=\"104\">TYP435QXF<\/p>\n<p>Ohne L\u00fcfterabdeckung<\/td>\n<td width=\"88\">TYP400XS<\/td>\n<td width=\"104\">TYP435XS<\/td>\n<\/tr>\n<tr>\n<td width=\"104\">Abbildung<\/td>\n<td width=\"88\"><img loading=\"lazy\" decoding=\"async\" class=\"alignnone size-full wp-image-10319\" src=\"https:\/\/www.leili-motor.net\/wp-content\/uploads\/2025\/06\/37KW-Synchronous-Reluctance-Motor-TYP435QXF.png\" alt=\"\" width=\"126\" height=\"172\"><\/td>\n<td width=\"104\"><img loading=\"lazy\" decoding=\"async\" class=\"alignnone size-full wp-image-10322\" src=\"https:\/\/www.leili-motor.net\/wp-content\/uploads\/2025\/06\/37KW-Synchronous-Reluctance-Motor-TYP435QXF-1.png\" alt=\"\" width=\"126\" height=\"172\"><\/td>\n<td width=\"88\"><img loading=\"lazy\" decoding=\"async\" class=\"alignnone size-full wp-image-10316\" src=\"https:\/\/www.leili-motor.net\/wp-content\/uploads\/2025\/06\/37KW-Synchronous-Reluctance-Motor-TYP400XS.png\" alt=\"\" width=\"150\" height=\"166\"><\/td>\n<td width=\"104\"><img loading=\"lazy\" decoding=\"async\" class=\"alignnone size-full wp-image-10325\" src=\"https:\/\/www.leili-motor.net\/wp-content\/uploads\/2025\/06\/37KW-Synchronous-Reluctance-Motor-TYP435XS.png\" alt=\"\" width=\"140\" height=\"160\"><\/td>\n<\/tr>\n<tr>\n<td width=\"104\">Au\u00dfenma\u00dfe<br \/>\nL*B*H(mm)<\/td>\n<td width=\"88\">270*195*540<\/td>\n<td width=\"104\">200*195*540<\/td>\n<td width=\"88\">441*170*485<\/td>\n<td width=\"104\">490*184*552<\/td>\n<\/tr>\n<\/tbody>\n<\/table>\n","protected":false},"excerpt":{"rendered":"<h3>Produkteinf\u00fchrung<\/h3>\n<ul>\n<li>Liefert 37 kW Leistung mit einem Wirkungsgrad von bis zu 96,3 % \u00fcber die Nenndrehzahl.<\/li>\n<li data-start=\"194\" data-end=\"291\">Bietet ein Nenndrehmoment von 117,8 Nm bis 471 Nm f\u00fcr verschiedene Anwendungen.<\/li>\n<li data-start=\"194\" data-end=\"291\">Erh\u00e4ltlich mit Luft- und Wasserk\u00fchlung f\u00fcr flexibles W\u00e4rmemanagement.<\/li>\n<\/ul>\n<h3>Produktanwendung<\/h3>\n<ul>\n<li>Industrielle Ausr\u00fcstung<\/li>\n<li>Industrielle Wasserpumpe<\/li>\n<li>Industrieventilator<\/li>\n<\/ul>\n","protected":false},"featured_media":10332,"comment_status":"closed","ping_status":"closed","template":"","meta":{"site-sidebar-layout":"default","site-content-layout":"","ast-site-content-layout":"default","site-content-style":"default","site-sidebar-style":"default","ast-global-header-display":"","ast-banner-title-visibility":"","ast-main-header-display":"","ast-hfb-above-header-display":"","ast-hfb-below-header-display":"","ast-hfb-mobile-header-display":"","site-post-title":"","ast-breadcrumbs-content":"","ast-featured-img":"","footer-sml-layout":"","theme-transparent-header-meta":"default","adv-header-id-meta":"","stick-header-meta":"","header-above-stick-meta":"","header-main-stick-meta":"","header-below-stick-meta":"","astra-migrate-meta-layouts":"default","ast-page-background-enabled":"default","ast-page-background-meta":{"desktop":{"background-color":"var(--ast-global-color-5)","background-image":"","background-repeat":"repeat","background-position":"center center","background-size":"auto","background-attachment":"scroll","background-type":"","background-media":"","overlay-type":"","overlay-color":"","overlay-opacity":"","overlay-gradient":""},"tablet":{"background-color":"","background-image":"","background-repeat":"repeat","background-position":"center center","background-size":"auto","background-attachment":"scroll","background-type":"","background-media":"","overlay-type":"","overlay-color":"","overlay-opacity":"","overlay-gradient":""},"mobile":{"background-color":"","background-image":"","background-repeat":"repeat","background-position":"center center","background-size":"auto","background-attachment":"scroll","background-type":"","background-media":"","overlay-type":"","overlay-color":"","overlay-opacity":"","overlay-gradient":""}},"ast-content-background-meta":{"desktop":{"background-color":"var(--ast-global-color-4)","background-image":"","background-repeat":"repeat","background-position":"center center","background-size":"auto","background-attachment":"scroll","background-type":"","background-media":"","overlay-type":"","overlay-color":"","overlay-opacity":"","overlay-gradient":""},"tablet":{"background-color":"var(--ast-global-color-4)","background-image":"","background-repeat":"repeat","background-position":"center center","background-size":"auto","background-attachment":"scroll","background-type":"","background-media":"","overlay-type":"","overlay-color":"","overlay-opacity":"","overlay-gradient":""},"mobile":{"background-color":"var(--ast-global-color-4)","background-image":"","background-repeat":"repeat","background-position":"center center","background-size":"auto","background-attachment":"scroll","background-type":"","background-media":"","overlay-type":"","overlay-color":"","overlay-opacity":"","overlay-gradient":""}}},"product_brand":[],"product_cat":[1070,1072],"product_tag":[],"class_list":{"0":"post-11479","1":"product","2":"type-product","3":"status-publish","4":"has-post-thumbnail","6":"product_cat-hocheffizienter-motor","7":"product_cat-axialflussmotor","8":"desktop-align-left","9":"tablet-align-left","10":"mobile-align-left","12":"first","13":"instock","14":"shipping-taxable","15":"product-type-simple"},"yoast_head":"<!-- This site is optimized with the Yoast SEO plugin v27.2 - https:\/\/yoast.com\/product\/yoast-seo-wordpress\/ -->\n<title>37 kW Axialflussmotor &#8211; Leili Motor<\/title>\n<meta name=\"description\" content=\"37-kW-Axialflussmotoren mit Luft- oder Wasserk\u00fchlung sind hocheffizient, haben einen Drehzahlbereich von 750\u20133000 U\/min, sind kompakt und bieten ein Drehmoment von bis zu 471 Nm.\" \/>\n<meta name=\"robots\" content=\"index, follow, max-snippet:-1, max-image-preview:large, max-video-preview:-1\" \/>\n<link rel=\"canonical\" href=\"https:\/\/www.leili-motor.net\/de\/37-kw-axialflussmotor.html\" \/>\n<script type=\"application\/ld+json\" class=\"yoast-schema-graph\">{\"@context\":\"https:\/\/schema.org\",\"@graph\":[{\"@type\":\"WebPage\",\"@id\":\"https:\/\/www.leili-motor.net\/de\/37-kw-axialflussmotor.html\",\"url\":\"https:\/\/www.leili-motor.net\/de\/37-kw-axialflussmotor.html\",\"name\":\"37 kW Axialflussmotor &#8211; Leili Motor\",\"isPartOf\":{\"@id\":\"https:\/\/www.leili-motor.net\/de\/#website\"},\"primaryImageOfPage\":{\"@id\":\"https:\/\/www.leili-motor.net\/de\/37-kw-axialflussmotor.html#primaryimage\"},\"image\":{\"@id\":\"https:\/\/www.leili-motor.net\/de\/37-kw-axialflussmotor.html#primaryimage\"},\"thumbnailUrl\":\"https:\/\/www.leili-motor.net\/wp-content\/uploads\/2025\/06\/37KW-Axial-Flux-Motors.jpg\",\"datePublished\":\"2025-06-03T07:28:55+00:00\",\"description\":\"37-kW-Axialflussmotoren mit Luft- oder Wasserk\u00fchlung sind hocheffizient, haben einen Drehzahlbereich von 750\u20133000 U\/min, sind kompakt und bieten ein Drehmoment von bis zu 471 Nm.\",\"breadcrumb\":{\"@id\":\"https:\/\/www.leili-motor.net\/de\/37-kw-axialflussmotor.html#breadcrumb\"},\"inLanguage\":\"de\",\"potentialAction\":[{\"@type\":\"ReadAction\",\"target\":[\"https:\/\/www.leili-motor.net\/de\/37-kw-axialflussmotor.html\"]}]},{\"@type\":\"ImageObject\",\"inLanguage\":\"de\",\"@id\":\"https:\/\/www.leili-motor.net\/de\/37-kw-axialflussmotor.html#primaryimage\",\"url\":\"https:\/\/www.leili-motor.net\/wp-content\/uploads\/2025\/06\/37KW-Axial-Flux-Motors.jpg\",\"contentUrl\":\"https:\/\/www.leili-motor.net\/wp-content\/uploads\/2025\/06\/37KW-Axial-Flux-Motors.jpg\",\"width\":454,\"height\":310},{\"@type\":\"BreadcrumbList\",\"@id\":\"https:\/\/www.leili-motor.net\/de\/37-kw-axialflussmotor.html#breadcrumb\",\"itemListElement\":[{\"@type\":\"ListItem\",\"position\":1,\"name\":\"Home\",\"item\":\"https:\/\/www.leili-motor.net\/de\/\"},{\"@type\":\"ListItem\",\"position\":2,\"name\":\"Produkte\",\"item\":\"https:\/\/www.leili-motor.net\/de\/produkte.html\"},{\"@type\":\"ListItem\",\"position\":3,\"name\":\"37 kW Axialflussmotor\"}]},{\"@type\":\"WebSite\",\"@id\":\"https:\/\/www.leili-motor.net\/de\/#website\",\"url\":\"https:\/\/www.leili-motor.net\/de\/\",\"name\":\"Leili Motor\",\"description\":\"\",\"publisher\":{\"@id\":\"https:\/\/www.leili-motor.net\/de\/#organization\"},\"potentialAction\":[{\"@type\":\"SearchAction\",\"target\":{\"@type\":\"EntryPoint\",\"urlTemplate\":\"https:\/\/www.leili-motor.net\/de\/?s={search_term_string}\"},\"query-input\":{\"@type\":\"PropertyValueSpecification\",\"valueRequired\":true,\"valueName\":\"search_term_string\"}}],\"inLanguage\":\"de\"},{\"@type\":\"Organization\",\"@id\":\"https:\/\/www.leili-motor.net\/de\/#organization\",\"name\":\"Leili Motor\",\"url\":\"https:\/\/www.leili-motor.net\/de\/\",\"logo\":{\"@type\":\"ImageObject\",\"inLanguage\":\"de\",\"@id\":\"https:\/\/www.leili-motor.net\/de\/#\/schema\/logo\/image\/\",\"url\":\"https:\/\/www.leili-motor.net\/wp-content\/uploads\/2025\/03\/Leili-Motor.png\",\"contentUrl\":\"https:\/\/www.leili-motor.net\/wp-content\/uploads\/2025\/03\/Leili-Motor.png\",\"width\":600,\"height\":156,\"caption\":\"Leili Motor\"},\"image\":{\"@id\":\"https:\/\/www.leili-motor.net\/de\/#\/schema\/logo\/image\/\"}}]}<\/script>\n<!-- \/ Yoast SEO plugin. -->","yoast_head_json":{"title":"37 kW Axialflussmotor &#8211; Leili Motor","description":"37-kW-Axialflussmotoren mit Luft- oder Wasserk\u00fchlung sind hocheffizient, haben einen Drehzahlbereich von 750\u20133000 U\/min, sind kompakt und bieten ein Drehmoment von bis zu 471 Nm.","robots":{"index":"index","follow":"follow","max-snippet":"max-snippet:-1","max-image-preview":"max-image-preview:large","max-video-preview":"max-video-preview:-1"},"canonical":"https:\/\/www.leili-motor.net\/de\/37-kw-axialflussmotor.html","schema":{"@context":"https:\/\/schema.org","@graph":[{"@type":"WebPage","@id":"https:\/\/www.leili-motor.net\/de\/37-kw-axialflussmotor.html","url":"https:\/\/www.leili-motor.net\/de\/37-kw-axialflussmotor.html","name":"37 kW Axialflussmotor &#8211; Leili Motor","isPartOf":{"@id":"https:\/\/www.leili-motor.net\/de\/#website"},"primaryImageOfPage":{"@id":"https:\/\/www.leili-motor.net\/de\/37-kw-axialflussmotor.html#primaryimage"},"image":{"@id":"https:\/\/www.leili-motor.net\/de\/37-kw-axialflussmotor.html#primaryimage"},"thumbnailUrl":"https:\/\/www.leili-motor.net\/wp-content\/uploads\/2025\/06\/37KW-Axial-Flux-Motors.jpg","datePublished":"2025-06-03T07:28:55+00:00","description":"37-kW-Axialflussmotoren mit Luft- oder Wasserk\u00fchlung sind hocheffizient, haben einen Drehzahlbereich von 750\u20133000 U\/min, sind kompakt und bieten ein Drehmoment von bis zu 471 Nm.","breadcrumb":{"@id":"https:\/\/www.leili-motor.net\/de\/37-kw-axialflussmotor.html#breadcrumb"},"inLanguage":"de","potentialAction":[{"@type":"ReadAction","target":["https:\/\/www.leili-motor.net\/de\/37-kw-axialflussmotor.html"]}]},{"@type":"ImageObject","inLanguage":"de","@id":"https:\/\/www.leili-motor.net\/de\/37-kw-axialflussmotor.html#primaryimage","url":"https:\/\/www.leili-motor.net\/wp-content\/uploads\/2025\/06\/37KW-Axial-Flux-Motors.jpg","contentUrl":"https:\/\/www.leili-motor.net\/wp-content\/uploads\/2025\/06\/37KW-Axial-Flux-Motors.jpg","width":454,"height":310},{"@type":"BreadcrumbList","@id":"https:\/\/www.leili-motor.net\/de\/37-kw-axialflussmotor.html#breadcrumb","itemListElement":[{"@type":"ListItem","position":1,"name":"Home","item":"https:\/\/www.leili-motor.net\/de\/"},{"@type":"ListItem","position":2,"name":"Produkte","item":"https:\/\/www.leili-motor.net\/de\/produkte.html"},{"@type":"ListItem","position":3,"name":"37 kW Axialflussmotor"}]},{"@type":"WebSite","@id":"https:\/\/www.leili-motor.net\/de\/#website","url":"https:\/\/www.leili-motor.net\/de\/","name":"Leili Motor","description":"","publisher":{"@id":"https:\/\/www.leili-motor.net\/de\/#organization"},"potentialAction":[{"@type":"SearchAction","target":{"@type":"EntryPoint","urlTemplate":"https:\/\/www.leili-motor.net\/de\/?s={search_term_string}"},"query-input":{"@type":"PropertyValueSpecification","valueRequired":true,"valueName":"search_term_string"}}],"inLanguage":"de"},{"@type":"Organization","@id":"https:\/\/www.leili-motor.net\/de\/#organization","name":"Leili Motor","url":"https:\/\/www.leili-motor.net\/de\/","logo":{"@type":"ImageObject","inLanguage":"de","@id":"https:\/\/www.leili-motor.net\/de\/#\/schema\/logo\/image\/","url":"https:\/\/www.leili-motor.net\/wp-content\/uploads\/2025\/03\/Leili-Motor.png","contentUrl":"https:\/\/www.leili-motor.net\/wp-content\/uploads\/2025\/03\/Leili-Motor.png","width":600,"height":156,"caption":"Leili Motor"},"image":{"@id":"https:\/\/www.leili-motor.net\/de\/#\/schema\/logo\/image\/"}}]}},"_links":{"self":[{"href":"https:\/\/www.leili-motor.net\/de\/wp-json\/wp\/v2\/product\/11479","targetHints":{"allow":["GET"]}}],"collection":[{"href":"https:\/\/www.leili-motor.net\/de\/wp-json\/wp\/v2\/product"}],"about":[{"href":"https:\/\/www.leili-motor.net\/de\/wp-json\/wp\/v2\/types\/product"}],"replies":[{"embeddable":true,"href":"https:\/\/www.leili-motor.net\/de\/wp-json\/wp\/v2\/comments?post=11479"}],"wp:featuredmedia":[{"embeddable":true,"href":"https:\/\/www.leili-motor.net\/de\/wp-json\/wp\/v2\/media\/10332"}],"wp:attachment":[{"href":"https:\/\/www.leili-motor.net\/de\/wp-json\/wp\/v2\/media?parent=11479"}],"wp:term":[{"taxonomy":"product_brand","embeddable":true,"href":"https:\/\/www.leili-motor.net\/de\/wp-json\/wp\/v2\/product_brand?post=11479"},{"taxonomy":"product_cat","embeddable":true,"href":"https:\/\/www.leili-motor.net\/de\/wp-json\/wp\/v2\/product_cat?post=11479"},{"taxonomy":"product_tag","embeddable":true,"href":"https:\/\/www.leili-motor.net\/de\/wp-json\/wp\/v2\/product_tag?post=11479"}],"curies":[{"name":"wp","href":"https:\/\/api.w.org\/{rel}","templated":true}]}}