{"id":11814,"date":"2025-06-03T14:08:59","date_gmt":"2025-06-03T06:08:59","guid":{"rendered":"https:\/\/www.leili-motor.net\/75-kw-axialflussmotor-2\/"},"modified":"2025-06-03T14:08:59","modified_gmt":"2025-06-03T06:08:59","slug":"75-kw-axialflussmotor-2","status":"publish","type":"product","link":"https:\/\/www.leili-motor.net\/de\/75-kw-axialflussmotor-2.html","title":{"rendered":"7,5 kW Axialflussmotor"},"content":{"rendered":"<h2>Leistungsparameter<\/h2>\n<table>\n<tbody>\n<tr>\n<td>Modell<\/td>\n<td>Zentrumsabstand<br \/>\n(mm)\n<\/td>\n<td>Nennleistung<br \/>\n(kW)\n<\/td>\n<td>Nenn<br \/>\ndrehzahl<br \/>\n(U\/min)<\/td>\n<td>Nennstrom<\/p>\n<p>(A)<\/td>\n<td>Wirkungsgrad<br \/>\n(100%)<\/td>\n<td>Leistungsfaktor<br \/>\n(Cos\u03c6)\n<\/td>\n<td>Frequenz<br \/>\n(Hz)<\/td>\n<td>Nenndrehmoment<br \/>\n(N.m)\n<\/td>\n<td>Gewicht<br \/>\n(Kg)<\/td>\n<td>K\u00fchlmethode<\/td>\n<\/tr>\n<tr>\n<td>TYP300QXF<\/td>\n<td>180<\/td>\n<td>7.5<\/td>\n<td>750<\/td>\n<td>13.7<\/td>\n<td>91.5<\/td>\n<td>0.96<\/td>\n<td>75<\/td>\n<td>95.5<\/td>\n<td>35<\/td>\n<td>Luftk\u00fchlung<\/td>\n<\/tr>\n<tr>\n<td>TYP300QXF<\/td>\n<td>180<\/td>\n<td>7.5<\/td>\n<td>1000<\/td>\n<td>13.3<\/td>\n<td>94<\/td>\n<td>0.96<\/td>\n<td>100<\/td>\n<td>71.6<\/td>\n<td>35<\/td>\n<td>Luftk\u00fchlung<\/td>\n<\/tr>\n<tr>\n<td>TYP275QXF<\/td>\n<td>160<\/td>\n<td>7.5<\/td>\n<td>1500<\/td>\n<td>13.4<\/td>\n<td>94.2<\/td>\n<td>0.96<\/td>\n<td>200<\/td>\n<td>47.8<\/td>\n<td>30<\/td>\n<td>Luftk\u00fchlung<\/td>\n<\/tr>\n<tr>\n<td>TYP225QXF<\/td>\n<td>132<\/td>\n<td>7.5<\/td>\n<td>3000<\/td>\n<td>13.3<\/td>\n<td>94.5<\/td>\n<td>0.96<\/td>\n<td>400<\/td>\n<td>23.9<\/td>\n<td>22<\/td>\n<td>Luftk\u00fchlung<\/td>\n<\/tr>\n<tr>\n<td>TYP300XS<\/td>\n<td>180<\/td>\n<td>7.5<\/td>\n<td>750<\/td>\n<td>13.7<\/td>\n<td>91.8<\/td>\n<td>0.96<\/td>\n<td>75<\/td>\n<td>95.5<\/td>\n<td>35<\/td>\n<td>Wasserk\u00fchlung<\/td>\n<\/tr>\n<tr>\n<td>TYP275XS<\/td>\n<td>160<\/td>\n<td>7.5<\/td>\n<td>1000<\/td>\n<td>13.3<\/td>\n<td>93.4<\/td>\n<td>0.96<\/td>\n<td>133.33<\/td>\n<td>71.6<\/td>\n<td>30<\/td>\n<td>Wasserk\u00fchlung<\/td>\n<\/tr>\n<tr>\n<td>TYP255XS<\/td>\n<td>160<\/td>\n<td>7.5<\/td>\n<td>1500<\/td>\n<td>13.4<\/td>\n<td>94.2<\/td>\n<td>0.96<\/td>\n<td>200<\/td>\n<td>47.8<\/td>\n<td>25<\/td>\n<td>Wasserk\u00fchlung<\/td>\n<\/tr>\n<\/tbody>\n<\/table>\n<p><span style=\"font-size: 1.7em; font-weight: bold;\">Mechanische Abmessungen: mm<\/span><\/p>\n<table>\n<tbody>\n<tr>\n<td width=\"113\">Plattform<\/td>\n<td width=\"113\">TYP225QXF<\/p>\n<p>Mit L\u00fcfterabdeckung<\/td>\n<td width=\"113\">TYP225QXF<\/p>\n<p>Ohne L\u00fcfterabdeckung<\/td>\n<td width=\"113\">TYP275QXF<\/p>\n<p>Mit L\u00fcfterabdeckung<\/td>\n<td width=\"113\">TYP275QXF<\/p>\n<p>Ohne L\u00fcfterabdeckung<\/td>\n<\/tr>\n<tr>\n<td width=\"113\">Abbildung<\/td>\n<td width=\"113\"><img decoding=\"async\" class=\"alignnone size-full wp-image-9920\" src=\"https:\/\/www.leili-motor.net\/wp-content\/uploads\/2025\/05\/7.5KW-Axial-Flux-Motors-TYP225QXF.png\" alt=\"\" width=\"144\" height=\"166\"><\/td>\n<td width=\"113\"><img decoding=\"async\" class=\"alignnone size-full wp-image-9923\" src=\"https:\/\/www.leili-motor.net\/wp-content\/uploads\/2025\/05\/7.5KW-Axial-Flux-Motors-TYP225QXF-2.png\" alt=\"\" width=\"144\" height=\"166\"><\/td>\n<td width=\"113\"><img decoding=\"async\" class=\"alignnone size-full wp-image-9926\" src=\"https:\/\/www.leili-motor.net\/wp-content\/uploads\/2025\/05\/7.5KW-Axial-Flux-Motors-TYP275QXF-1.png\" alt=\"\" width=\"155\" height=\"166\"><\/td>\n<td width=\"113\"><img loading=\"lazy\" decoding=\"async\" class=\"alignnone size-full wp-image-9929\" src=\"https:\/\/www.leili-motor.net\/wp-content\/uploads\/2025\/05\/7.5KW-Axial-Flux-Motors-TYP275QXF-2.png\" alt=\"\" width=\"143\" height=\"166\"><\/td>\n<\/tr>\n<tr>\n<td width=\"113\">Au\u00dfenabmessungen L*B*H (mm)<\/td>\n<td width=\"113\">275*140*322<\/td>\n<td width=\"113\">230*140*322<\/td>\n<td width=\"113\">345*130*350<\/td>\n<td width=\"113\">300*130*350<\/td>\n<\/tr>\n<\/tbody>\n<\/table>\n<table>\n<tbody>\n<tr>\n<td width=\"94\">Plattform<\/td>\n<td width=\"94\">TYP300QXF<\/p>\n<p>Mit L\u00fcfterhaube<\/td>\n<td width=\"94\">TYP300QXF<\/p>\n<p>Ohne L\u00fcfterhaube<\/td>\n<td width=\"94\">TYP255XS<\/td>\n<td width=\"94\">TYP275XS<\/td>\n<td width=\"94\">TYP300XS<\/td>\n<\/tr>\n<tr>\n<td width=\"94\">Abbildung<\/td>\n<td width=\"94\"><img loading=\"lazy\" decoding=\"async\" class=\"alignnone size-full wp-image-9944\" src=\"https:\/\/www.leili-motor.net\/wp-content\/uploads\/2025\/05\/7.5KW-Axial-Flux-Motors-TYP300QXF.png\" alt=\"\" width=\"143\" height=\"154\"><\/td>\n<td width=\"94\"><img loading=\"lazy\" decoding=\"async\" class=\"alignnone size-full wp-image-9947\" src=\"https:\/\/www.leili-motor.net\/wp-content\/uploads\/2025\/05\/7.5KW-Axial-Flux-Motors-TYP300QXF-1.png\" alt=\"\" width=\"128\" height=\"154\"><\/td>\n<td width=\"94\"><img loading=\"lazy\" decoding=\"async\" class=\"alignnone size-full wp-image-9938\" src=\"https:\/\/www.leili-motor.net\/wp-content\/uploads\/2025\/05\/7.5KW-Axial-Flux-Motors-TYP255XS.png\" alt=\"\" width=\"141\" height=\"154\"><\/td>\n<td width=\"94\"><img loading=\"lazy\" decoding=\"async\" class=\"alignnone size-full wp-image-9941\" src=\"https:\/\/www.leili-motor.net\/wp-content\/uploads\/2025\/05\/7.5KW-Axial-Flux-Motors-TYP275XS.png\" alt=\"\" width=\"129\" height=\"154\"><\/td>\n<td width=\"94\"><img loading=\"lazy\" decoding=\"async\" class=\"alignnone size-full wp-image-9950\" src=\"https:\/\/www.leili-motor.net\/wp-content\/uploads\/2025\/05\/7.5KW-Axial-Flux-Motors-TYP300XS.png\" alt=\"\" width=\"141\" height=\"154\"><\/td>\n<\/tr>\n<tr>\n<td width=\"94\">Abmessungen L*B*H (mm)<\/td>\n<td width=\"94\">370*162*420<\/td>\n<td width=\"94\">310*162*420<\/td>\n<td width=\"94\">290*165*320<\/td>\n<td width=\"94\">390*166*385<\/td>\n<td width=\"94\">300*175*360<\/td>\n<\/tr>\n<\/tbody>\n<\/table>\n<p>&nbsp;<\/p>\n","protected":false},"excerpt":{"rendered":"<h3>Produkteinf\u00fchrung<\/h3>\n<ul>\n<li data-start=\"99\" data-end=\"174\">7,5-kW-Leistung mit Nenndrehzahlen von 750 bis 3000 U\/min.<\/li>\n<li data-start=\"177\" data-end=\"268\">Bis zu 94,5 % Wirkungsgrad und ein Leistungsfaktor von 0,96 f\u00fcr optimale Energienutzung.<\/li>\n<li data-start=\"177\" data-end=\"268\">Erh\u00e4ltlich in luft- und wassergek\u00fchlten Ausf\u00fchrungen f\u00fcr verschiedene Industrieumgebungen.<\/li>\n<\/ul>\n<h3>Produktanwendung<\/h3>\n<ul>\n<li>Industrielle Ausr\u00fcstung<\/li>\n<li>Industrielle Wasserpumpe<\/li>\n<li>Industrieventilator<\/li>\n<\/ul>\n","protected":false},"featured_media":9961,"comment_status":"closed","ping_status":"closed","template":"","meta":{"site-sidebar-layout":"default","site-content-layout":"","ast-site-content-layout":"default","site-content-style":"default","site-sidebar-style":"default","ast-global-header-display":"","ast-banner-title-visibility":"","ast-main-header-display":"","ast-hfb-above-header-display":"","ast-hfb-below-header-display":"","ast-hfb-mobile-header-display":"","site-post-title":"","ast-breadcrumbs-content":"","ast-featured-img":"","footer-sml-layout":"","theme-transparent-header-meta":"default","adv-header-id-meta":"","stick-header-meta":"","header-above-stick-meta":"","header-main-stick-meta":"","header-below-stick-meta":"","astra-migrate-meta-layouts":"default","ast-page-background-enabled":"default","ast-page-background-meta":{"desktop":{"background-color":"var(--ast-global-color-5)","background-image":"","background-repeat":"repeat","background-position":"center center","background-size":"auto","background-attachment":"scroll","background-type":"","background-media":"","overlay-type":"","overlay-color":"","overlay-opacity":"","overlay-gradient":""},"tablet":{"background-color":"","background-image":"","background-repeat":"repeat","background-position":"center center","background-size":"auto","background-attachment":"scroll","background-type":"","background-media":"","overlay-type":"","overlay-color":"","overlay-opacity":"","overlay-gradient":""},"mobile":{"background-color":"","background-image":"","background-repeat":"repeat","background-position":"center center","background-size":"auto","background-attachment":"scroll","background-type":"","background-media":"","overlay-type":"","overlay-color":"","overlay-opacity":"","overlay-gradient":""}},"ast-content-background-meta":{"desktop":{"background-color":"var(--ast-global-color-4)","background-image":"","background-repeat":"repeat","background-position":"center center","background-size":"auto","background-attachment":"scroll","background-type":"","background-media":"","overlay-type":"","overlay-color":"","overlay-opacity":"","overlay-gradient":""},"tablet":{"background-color":"var(--ast-global-color-4)","background-image":"","background-repeat":"repeat","background-position":"center center","background-size":"auto","background-attachment":"scroll","background-type":"","background-media":"","overlay-type":"","overlay-color":"","overlay-opacity":"","overlay-gradient":""},"mobile":{"background-color":"var(--ast-global-color-4)","background-image":"","background-repeat":"repeat","background-position":"center center","background-size":"auto","background-attachment":"scroll","background-type":"","background-media":"","overlay-type":"","overlay-color":"","overlay-opacity":"","overlay-gradient":""}}},"product_brand":[],"product_cat":[1070,1072],"product_tag":[],"class_list":{"0":"post-11814","1":"product","2":"type-product","3":"status-publish","4":"has-post-thumbnail","6":"product_cat-hocheffizienter-motor","7":"product_cat-axialflussmotor","8":"desktop-align-left","9":"tablet-align-left","10":"mobile-align-left","12":"first","13":"instock","14":"shipping-taxable","15":"product-type-simple"},"yoast_head":"<!-- This site is optimized with the Yoast SEO plugin v27.2 - https:\/\/yoast.com\/product\/yoast-seo-wordpress\/ -->\n<title>7,5 kW Axialflussmotor &#8211; Leili Motor<\/title>\n<meta name=\"description\" content=\"Hocheffizienter 7,5-kW-Axialflussmotor mit Drehzahlen bis zu 3000 U\/min, kompaktem Design, geringem Ger\u00e4uschpegel und optionaler Luft- oder Wasserk\u00fchlung.\" \/>\n<meta name=\"robots\" content=\"index, follow, max-snippet:-1, max-image-preview:large, max-video-preview:-1\" \/>\n<link rel=\"canonical\" href=\"https:\/\/www.leili-motor.net\/de\/75-kw-axialflussmotor-2.html\" \/>\n<meta name=\"twitter:label1\" content=\"Gesch\u00e4tzte Lesezeit\" \/>\n\t<meta name=\"twitter:data1\" content=\"1\u00a0Minute\" \/>\n<script type=\"application\/ld+json\" class=\"yoast-schema-graph\">{\"@context\":\"https:\/\/schema.org\",\"@graph\":[{\"@type\":\"WebPage\",\"@id\":\"https:\/\/www.leili-motor.net\/de\/75-kw-axialflussmotor-2.html\",\"url\":\"https:\/\/www.leili-motor.net\/de\/75-kw-axialflussmotor-2.html\",\"name\":\"7,5 kW Axialflussmotor &#8211; Leili Motor\",\"isPartOf\":{\"@id\":\"https:\/\/www.leili-motor.net\/de\/#website\"},\"primaryImageOfPage\":{\"@id\":\"https:\/\/www.leili-motor.net\/de\/75-kw-axialflussmotor-2.html#primaryimage\"},\"image\":{\"@id\":\"https:\/\/www.leili-motor.net\/de\/75-kw-axialflussmotor-2.html#primaryimage\"},\"thumbnailUrl\":\"https:\/\/www.leili-motor.net\/wp-content\/uploads\/2025\/05\/7.5KW-Axial-Flux-Motors.jpg\",\"datePublished\":\"2025-06-03T06:08:59+00:00\",\"description\":\"Hocheffizienter 7,5-kW-Axialflussmotor mit Drehzahlen bis zu 3000 U\/min, kompaktem Design, geringem Ger\u00e4uschpegel und optionaler Luft- oder Wasserk\u00fchlung.\",\"breadcrumb\":{\"@id\":\"https:\/\/www.leili-motor.net\/de\/75-kw-axialflussmotor-2.html#breadcrumb\"},\"inLanguage\":\"de\",\"potentialAction\":[{\"@type\":\"ReadAction\",\"target\":[\"https:\/\/www.leili-motor.net\/de\/75-kw-axialflussmotor-2.html\"]}]},{\"@type\":\"ImageObject\",\"inLanguage\":\"de\",\"@id\":\"https:\/\/www.leili-motor.net\/de\/75-kw-axialflussmotor-2.html#primaryimage\",\"url\":\"https:\/\/www.leili-motor.net\/wp-content\/uploads\/2025\/05\/7.5KW-Axial-Flux-Motors.jpg\",\"contentUrl\":\"https:\/\/www.leili-motor.net\/wp-content\/uploads\/2025\/05\/7.5KW-Axial-Flux-Motors.jpg\",\"width\":454,\"height\":310},{\"@type\":\"BreadcrumbList\",\"@id\":\"https:\/\/www.leili-motor.net\/de\/75-kw-axialflussmotor-2.html#breadcrumb\",\"itemListElement\":[{\"@type\":\"ListItem\",\"position\":1,\"name\":\"Home\",\"item\":\"https:\/\/www.leili-motor.net\/de\/\"},{\"@type\":\"ListItem\",\"position\":2,\"name\":\"Produkte\",\"item\":\"https:\/\/www.leili-motor.net\/de\/produkte.html\"},{\"@type\":\"ListItem\",\"position\":3,\"name\":\"7,5 kW Axialflussmotor\"}]},{\"@type\":\"WebSite\",\"@id\":\"https:\/\/www.leili-motor.net\/de\/#website\",\"url\":\"https:\/\/www.leili-motor.net\/de\/\",\"name\":\"Leili Motor\",\"description\":\"\",\"publisher\":{\"@id\":\"https:\/\/www.leili-motor.net\/de\/#organization\"},\"potentialAction\":[{\"@type\":\"SearchAction\",\"target\":{\"@type\":\"EntryPoint\",\"urlTemplate\":\"https:\/\/www.leili-motor.net\/de\/?s={search_term_string}\"},\"query-input\":{\"@type\":\"PropertyValueSpecification\",\"valueRequired\":true,\"valueName\":\"search_term_string\"}}],\"inLanguage\":\"de\"},{\"@type\":\"Organization\",\"@id\":\"https:\/\/www.leili-motor.net\/de\/#organization\",\"name\":\"Leili Motor\",\"url\":\"https:\/\/www.leili-motor.net\/de\/\",\"logo\":{\"@type\":\"ImageObject\",\"inLanguage\":\"de\",\"@id\":\"https:\/\/www.leili-motor.net\/de\/#\/schema\/logo\/image\/\",\"url\":\"https:\/\/www.leili-motor.net\/wp-content\/uploads\/2025\/03\/Leili-Motor.png\",\"contentUrl\":\"https:\/\/www.leili-motor.net\/wp-content\/uploads\/2025\/03\/Leili-Motor.png\",\"width\":600,\"height\":156,\"caption\":\"Leili Motor\"},\"image\":{\"@id\":\"https:\/\/www.leili-motor.net\/de\/#\/schema\/logo\/image\/\"}}]}<\/script>\n<!-- \/ Yoast SEO plugin. -->","yoast_head_json":{"title":"7,5 kW Axialflussmotor &#8211; Leili Motor","description":"Hocheffizienter 7,5-kW-Axialflussmotor mit Drehzahlen bis zu 3000 U\/min, kompaktem Design, geringem Ger\u00e4uschpegel und optionaler Luft- oder Wasserk\u00fchlung.","robots":{"index":"index","follow":"follow","max-snippet":"max-snippet:-1","max-image-preview":"max-image-preview:large","max-video-preview":"max-video-preview:-1"},"canonical":"https:\/\/www.leili-motor.net\/de\/75-kw-axialflussmotor-2.html","twitter_misc":{"Gesch\u00e4tzte Lesezeit":"1\u00a0Minute"},"schema":{"@context":"https:\/\/schema.org","@graph":[{"@type":"WebPage","@id":"https:\/\/www.leili-motor.net\/de\/75-kw-axialflussmotor-2.html","url":"https:\/\/www.leili-motor.net\/de\/75-kw-axialflussmotor-2.html","name":"7,5 kW Axialflussmotor &#8211; Leili Motor","isPartOf":{"@id":"https:\/\/www.leili-motor.net\/de\/#website"},"primaryImageOfPage":{"@id":"https:\/\/www.leili-motor.net\/de\/75-kw-axialflussmotor-2.html#primaryimage"},"image":{"@id":"https:\/\/www.leili-motor.net\/de\/75-kw-axialflussmotor-2.html#primaryimage"},"thumbnailUrl":"https:\/\/www.leili-motor.net\/wp-content\/uploads\/2025\/05\/7.5KW-Axial-Flux-Motors.jpg","datePublished":"2025-06-03T06:08:59+00:00","description":"Hocheffizienter 7,5-kW-Axialflussmotor mit Drehzahlen bis zu 3000 U\/min, kompaktem Design, geringem Ger\u00e4uschpegel und optionaler Luft- oder Wasserk\u00fchlung.","breadcrumb":{"@id":"https:\/\/www.leili-motor.net\/de\/75-kw-axialflussmotor-2.html#breadcrumb"},"inLanguage":"de","potentialAction":[{"@type":"ReadAction","target":["https:\/\/www.leili-motor.net\/de\/75-kw-axialflussmotor-2.html"]}]},{"@type":"ImageObject","inLanguage":"de","@id":"https:\/\/www.leili-motor.net\/de\/75-kw-axialflussmotor-2.html#primaryimage","url":"https:\/\/www.leili-motor.net\/wp-content\/uploads\/2025\/05\/7.5KW-Axial-Flux-Motors.jpg","contentUrl":"https:\/\/www.leili-motor.net\/wp-content\/uploads\/2025\/05\/7.5KW-Axial-Flux-Motors.jpg","width":454,"height":310},{"@type":"BreadcrumbList","@id":"https:\/\/www.leili-motor.net\/de\/75-kw-axialflussmotor-2.html#breadcrumb","itemListElement":[{"@type":"ListItem","position":1,"name":"Home","item":"https:\/\/www.leili-motor.net\/de\/"},{"@type":"ListItem","position":2,"name":"Produkte","item":"https:\/\/www.leili-motor.net\/de\/produkte.html"},{"@type":"ListItem","position":3,"name":"7,5 kW Axialflussmotor"}]},{"@type":"WebSite","@id":"https:\/\/www.leili-motor.net\/de\/#website","url":"https:\/\/www.leili-motor.net\/de\/","name":"Leili Motor","description":"","publisher":{"@id":"https:\/\/www.leili-motor.net\/de\/#organization"},"potentialAction":[{"@type":"SearchAction","target":{"@type":"EntryPoint","urlTemplate":"https:\/\/www.leili-motor.net\/de\/?s={search_term_string}"},"query-input":{"@type":"PropertyValueSpecification","valueRequired":true,"valueName":"search_term_string"}}],"inLanguage":"de"},{"@type":"Organization","@id":"https:\/\/www.leili-motor.net\/de\/#organization","name":"Leili Motor","url":"https:\/\/www.leili-motor.net\/de\/","logo":{"@type":"ImageObject","inLanguage":"de","@id":"https:\/\/www.leili-motor.net\/de\/#\/schema\/logo\/image\/","url":"https:\/\/www.leili-motor.net\/wp-content\/uploads\/2025\/03\/Leili-Motor.png","contentUrl":"https:\/\/www.leili-motor.net\/wp-content\/uploads\/2025\/03\/Leili-Motor.png","width":600,"height":156,"caption":"Leili Motor"},"image":{"@id":"https:\/\/www.leili-motor.net\/de\/#\/schema\/logo\/image\/"}}]}},"_links":{"self":[{"href":"https:\/\/www.leili-motor.net\/de\/wp-json\/wp\/v2\/product\/11814","targetHints":{"allow":["GET"]}}],"collection":[{"href":"https:\/\/www.leili-motor.net\/de\/wp-json\/wp\/v2\/product"}],"about":[{"href":"https:\/\/www.leili-motor.net\/de\/wp-json\/wp\/v2\/types\/product"}],"replies":[{"embeddable":true,"href":"https:\/\/www.leili-motor.net\/de\/wp-json\/wp\/v2\/comments?post=11814"}],"wp:featuredmedia":[{"embeddable":true,"href":"https:\/\/www.leili-motor.net\/de\/wp-json\/wp\/v2\/media\/9961"}],"wp:attachment":[{"href":"https:\/\/www.leili-motor.net\/de\/wp-json\/wp\/v2\/media?parent=11814"}],"wp:term":[{"taxonomy":"product_brand","embeddable":true,"href":"https:\/\/www.leili-motor.net\/de\/wp-json\/wp\/v2\/product_brand?post=11814"},{"taxonomy":"product_cat","embeddable":true,"href":"https:\/\/www.leili-motor.net\/de\/wp-json\/wp\/v2\/product_cat?post=11814"},{"taxonomy":"product_tag","embeddable":true,"href":"https:\/\/www.leili-motor.net\/de\/wp-json\/wp\/v2\/product_tag?post=11814"}],"curies":[{"name":"wp","href":"https:\/\/api.w.org\/{rel}","templated":true}]}}