{"id":11929,"date":"2025-05-30T13:11:33","date_gmt":"2025-05-30T05:11:33","guid":{"rendered":"https:\/\/www.leili-motor.net\/%cf%86190-ec-radialventilator-mit-rueckwaertskruemmung-und-elektronischer-kommutierung-3\/"},"modified":"2025-05-30T13:11:33","modified_gmt":"2025-05-30T05:11:33","slug":"%cf%86190-ec-radialventilator-mit-rueckwaertskruemmung-und-elektronischer-kommutierung-3","status":"publish","type":"product","link":"https:\/\/www.leili-motor.net\/de\/%CF%86190-ec-radialventilator-mit-rueckwaertskruemmung-und-elektronischer-kommutierung-3.html","title":{"rendered":"\u03a6190 EC-Radialventilator mit R\u00fcckw\u00e4rtskr\u00fcmmung und elektronischer Kommutierung \u2013 3"},"content":{"rendered":"<h2>Leistungsparameter<\/h2>\n<table>\n<tbody>\n<tr>\n<td>Typ<\/td>\n<td>Nenn<br \/>\nspannung<br \/>\n(VAC)<\/td>\n<td>Frequenz<br \/>\n(Hz)<\/td>\n<td>Drehzahl<br \/>\n(U\/min)<\/td>\n<td>Maximale<br \/>\n Eingangsleistung<br \/>\n(W)<\/td>\n<td>L\u00e4rm (@1m)<br \/>\nTon<br \/>\nDruckniveau<br \/>\n(dB(A))<\/td>\n<td>Umgebungstemp<br \/>\n(\u2103)<\/td>\n<td>Verkabelungs<br \/>\nmethode<\/td>\n<\/tr>\n<tr>\n<td>BF190A-WE072C-3A19-01<\/td>\n<td>230<\/td>\n<td>50\/60<\/td>\n<td>4200<\/td>\n<td>200<\/td>\n<td>82<\/td>\n<td>-25\uff5e+60<\/td>\n<td>W1<\/td>\n<\/tr>\n<\/tbody>\n<\/table>\n<h2>Mechanische Abmessungen: mm<\/h2>\n<p><img fetchpriority=\"high\" decoding=\"async\" class=\"size-full wp-image-10091 aligncenter\" src=\"https:\/\/www.leili-motor.net\/wp-content\/uploads\/2025\/05\/%CE%A6190-EC-Backward-curved-Centrifugal-Fan-3.png\" alt=\"\u03a6190 EC-Radialventilator mit R\u00fcckw\u00e4rtskr\u00fcmmung und elektronischer Kommutierung \u2013 3\" width=\"716\" height=\"405\"><\/p>\n<h2>L\u00fcfterleistungskurve<\/h2>\n<p><img decoding=\"async\" class=\"size-full wp-image-10094 aligncenter\" src=\"https:\/\/www.leili-motor.net\/wp-content\/uploads\/2025\/05\/%CE%A6190-EC-Backward-curved-Centrifugal-Fan-3-Curve.png\" alt=\"\u03a6190 EC-Radialventilator mit R\u00fcckw\u00e4rtskr\u00fcmmung \u2013 3 Kennlinien\" width=\"881\" height=\"302\"><\/p>\n","protected":false},"excerpt":{"rendered":"<h3>Produkteinf\u00fchrung<\/h3>\n<ul>\n<li>230 V AC, 4200 U\/min, 200 W Leistung, leise (82 dB(A) in 1 m Entfernung), gro\u00dfer Temperaturbereich.<\/li>\n<li>PP-Laufrad, Schutzart IP54, Isolierung Klasse B, Sanftanlauf, \u00dcberhitzungs- und Phasenausfallschutz.<\/li>\n<li>0\u201310 V DC\/PWM-Eingang, Strombegrenzung, CCC- und CE-zertifiziert, Kugellager, Rotorschutz inklusive.<\/li>\n<\/ul>\n","protected":false},"featured_media":10098,"comment_status":"closed","ping_status":"closed","template":"","meta":{"site-sidebar-layout":"default","site-content-layout":"","ast-site-content-layout":"default","site-content-style":"default","site-sidebar-style":"default","ast-global-header-display":"","ast-banner-title-visibility":"","ast-main-header-display":"","ast-hfb-above-header-display":"","ast-hfb-below-header-display":"","ast-hfb-mobile-header-display":"","site-post-title":"","ast-breadcrumbs-content":"","ast-featured-img":"","footer-sml-layout":"","theme-transparent-header-meta":"default","adv-header-id-meta":"","stick-header-meta":"","header-above-stick-meta":"","header-main-stick-meta":"","header-below-stick-meta":"","astra-migrate-meta-layouts":"default","ast-page-background-enabled":"default","ast-page-background-meta":{"desktop":{"background-color":"var(--ast-global-color-5)","background-image":"","background-repeat":"repeat","background-position":"center center","background-size":"auto","background-attachment":"scroll","background-type":"","background-media":"","overlay-type":"","overlay-color":"","overlay-opacity":"","overlay-gradient":""},"tablet":{"background-color":"","background-image":"","background-repeat":"repeat","background-position":"center center","background-size":"auto","background-attachment":"scroll","background-type":"","background-media":"","overlay-type":"","overlay-color":"","overlay-opacity":"","overlay-gradient":""},"mobile":{"background-color":"","background-image":"","background-repeat":"repeat","background-position":"center center","background-size":"auto","background-attachment":"scroll","background-type":"","background-media":"","overlay-type":"","overlay-color":"","overlay-opacity":"","overlay-gradient":""}},"ast-content-background-meta":{"desktop":{"background-color":"var(--ast-global-color-4)","background-image":"","background-repeat":"repeat","background-position":"center center","background-size":"auto","background-attachment":"scroll","background-type":"","background-media":"","overlay-type":"","overlay-color":"","overlay-opacity":"","overlay-gradient":""},"tablet":{"background-color":"var(--ast-global-color-4)","background-image":"","background-repeat":"repeat","background-position":"center center","background-size":"auto","background-attachment":"scroll","background-type":"","background-media":"","overlay-type":"","overlay-color":"","overlay-opacity":"","overlay-gradient":""},"mobile":{"background-color":"var(--ast-global-color-4)","background-image":"","background-repeat":"repeat","background-position":"center center","background-size":"auto","background-attachment":"scroll","background-type":"","background-media":"","overlay-type":"","overlay-color":"","overlay-opacity":"","overlay-gradient":""}}},"product_brand":[],"product_cat":[1070,1074],"product_tag":[],"class_list":{"0":"post-11929","1":"product","2":"type-product","3":"status-publish","4":"has-post-thumbnail","6":"product_cat-hocheffizienter-motor","7":"product_cat-ec-radialventilator","8":"desktop-align-left","9":"tablet-align-left","10":"mobile-align-left","12":"first","13":"instock","14":"shipping-taxable","15":"product-type-simple"},"yoast_head":"<!-- This site is optimized with the Yoast SEO plugin v27.2 - https:\/\/yoast.com\/product\/yoast-seo-wordpress\/ -->\n<title>\u03a6190 EC-Radialventilator mit R\u00fcckw\u00e4rtskr\u00fcmmung und elektronischer Kommutierung \u2013 3 &#8211; Leili Motor<\/title>\n<meta name=\"description\" content=\"Der \u03a6190 EC-Radialventilator mit R\u00fcckw\u00e4rtskr\u00fcmmung bietet einen schnellen Luftstrom mit Sanftanlauf, \u00dcberhitzungsschutz und PWM\/0\u201310-V-Steuerung f\u00fcr effiziente Bel\u00fcftung.\" \/>\n<meta name=\"robots\" content=\"index, follow, max-snippet:-1, max-image-preview:large, max-video-preview:-1\" \/>\n<link rel=\"canonical\" href=\"https:\/\/www.leili-motor.net\/de\/%CF%86190-ec-radialventilator-mit-rueckwaertskruemmung-und-elektronischer-kommutierung-3.html\" \/>\n<script type=\"application\/ld+json\" class=\"yoast-schema-graph\">{\"@context\":\"https:\/\/schema.org\",\"@graph\":[{\"@type\":\"WebPage\",\"@id\":\"https:\/\/www.leili-motor.net\/de\/%CF%86190-ec-radialventilator-mit-rueckwaertskruemmung-und-elektronischer-kommutierung-3.html\",\"url\":\"https:\/\/www.leili-motor.net\/de\/%CF%86190-ec-radialventilator-mit-rueckwaertskruemmung-und-elektronischer-kommutierung-3.html\",\"name\":\"\u03a6190 EC-Radialventilator mit R\u00fcckw\u00e4rtskr\u00fcmmung und elektronischer Kommutierung \u2013 3 &#8211; Leili Motor\",\"isPartOf\":{\"@id\":\"https:\/\/www.leili-motor.net\/de\/#website\"},\"primaryImageOfPage\":{\"@id\":\"https:\/\/www.leili-motor.net\/de\/%CF%86190-ec-radialventilator-mit-rueckwaertskruemmung-und-elektronischer-kommutierung-3.html#primaryimage\"},\"image\":{\"@id\":\"https:\/\/www.leili-motor.net\/de\/%CF%86190-ec-radialventilator-mit-rueckwaertskruemmung-und-elektronischer-kommutierung-3.html#primaryimage\"},\"thumbnailUrl\":\"https:\/\/www.leili-motor.net\/wp-content\/uploads\/2025\/05\/\u03a6190-EC-Backward-curved-Centrifugal-Fan-3.jpg\",\"datePublished\":\"2025-05-30T05:11:33+00:00\",\"description\":\"Der \u03a6190 EC-Radialventilator mit R\u00fcckw\u00e4rtskr\u00fcmmung bietet einen schnellen Luftstrom mit Sanftanlauf, \u00dcberhitzungsschutz und PWM\/0\u201310-V-Steuerung f\u00fcr effiziente Bel\u00fcftung.\",\"breadcrumb\":{\"@id\":\"https:\/\/www.leili-motor.net\/de\/%CF%86190-ec-radialventilator-mit-rueckwaertskruemmung-und-elektronischer-kommutierung-3.html#breadcrumb\"},\"inLanguage\":\"de\",\"potentialAction\":[{\"@type\":\"ReadAction\",\"target\":[\"https:\/\/www.leili-motor.net\/de\/%CF%86190-ec-radialventilator-mit-rueckwaertskruemmung-und-elektronischer-kommutierung-3.html\"]}]},{\"@type\":\"ImageObject\",\"inLanguage\":\"de\",\"@id\":\"https:\/\/www.leili-motor.net\/de\/%CF%86190-ec-radialventilator-mit-rueckwaertskruemmung-und-elektronischer-kommutierung-3.html#primaryimage\",\"url\":\"https:\/\/www.leili-motor.net\/wp-content\/uploads\/2025\/05\/\u03a6190-EC-Backward-curved-Centrifugal-Fan-3.jpg\",\"contentUrl\":\"https:\/\/www.leili-motor.net\/wp-content\/uploads\/2025\/05\/\u03a6190-EC-Backward-curved-Centrifugal-Fan-3.jpg\",\"width\":454,\"height\":310,\"caption\":\"\u03a6190 EC Backward-curved Centrifugal Fan-3\"},{\"@type\":\"BreadcrumbList\",\"@id\":\"https:\/\/www.leili-motor.net\/de\/%CF%86190-ec-radialventilator-mit-rueckwaertskruemmung-und-elektronischer-kommutierung-3.html#breadcrumb\",\"itemListElement\":[{\"@type\":\"ListItem\",\"position\":1,\"name\":\"Home\",\"item\":\"https:\/\/www.leili-motor.net\/de\/\"},{\"@type\":\"ListItem\",\"position\":2,\"name\":\"Produkte\",\"item\":\"https:\/\/www.leili-motor.net\/de\/produkte.html\"},{\"@type\":\"ListItem\",\"position\":3,\"name\":\"\u03a6190 EC-Radialventilator mit R\u00fcckw\u00e4rtskr\u00fcmmung und elektronischer Kommutierung \u2013 3\"}]},{\"@type\":\"WebSite\",\"@id\":\"https:\/\/www.leili-motor.net\/de\/#website\",\"url\":\"https:\/\/www.leili-motor.net\/de\/\",\"name\":\"Leili Motor\",\"description\":\"\",\"publisher\":{\"@id\":\"https:\/\/www.leili-motor.net\/de\/#organization\"},\"potentialAction\":[{\"@type\":\"SearchAction\",\"target\":{\"@type\":\"EntryPoint\",\"urlTemplate\":\"https:\/\/www.leili-motor.net\/de\/?s={search_term_string}\"},\"query-input\":{\"@type\":\"PropertyValueSpecification\",\"valueRequired\":true,\"valueName\":\"search_term_string\"}}],\"inLanguage\":\"de\"},{\"@type\":\"Organization\",\"@id\":\"https:\/\/www.leili-motor.net\/de\/#organization\",\"name\":\"Leili Motor\",\"url\":\"https:\/\/www.leili-motor.net\/de\/\",\"logo\":{\"@type\":\"ImageObject\",\"inLanguage\":\"de\",\"@id\":\"https:\/\/www.leili-motor.net\/de\/#\/schema\/logo\/image\/\",\"url\":\"https:\/\/www.leili-motor.net\/wp-content\/uploads\/2025\/03\/Leili-Motor.png\",\"contentUrl\":\"https:\/\/www.leili-motor.net\/wp-content\/uploads\/2025\/03\/Leili-Motor.png\",\"width\":600,\"height\":156,\"caption\":\"Leili Motor\"},\"image\":{\"@id\":\"https:\/\/www.leili-motor.net\/de\/#\/schema\/logo\/image\/\"}}]}<\/script>\n<!-- \/ Yoast SEO plugin. -->","yoast_head_json":{"title":"\u03a6190 EC-Radialventilator mit R\u00fcckw\u00e4rtskr\u00fcmmung und elektronischer Kommutierung \u2013 3 &#8211; Leili Motor","description":"Der \u03a6190 EC-Radialventilator mit R\u00fcckw\u00e4rtskr\u00fcmmung bietet einen schnellen Luftstrom mit Sanftanlauf, \u00dcberhitzungsschutz und PWM\/0\u201310-V-Steuerung f\u00fcr effiziente Bel\u00fcftung.","robots":{"index":"index","follow":"follow","max-snippet":"max-snippet:-1","max-image-preview":"max-image-preview:large","max-video-preview":"max-video-preview:-1"},"canonical":"https:\/\/www.leili-motor.net\/de\/%CF%86190-ec-radialventilator-mit-rueckwaertskruemmung-und-elektronischer-kommutierung-3.html","schema":{"@context":"https:\/\/schema.org","@graph":[{"@type":"WebPage","@id":"https:\/\/www.leili-motor.net\/de\/%CF%86190-ec-radialventilator-mit-rueckwaertskruemmung-und-elektronischer-kommutierung-3.html","url":"https:\/\/www.leili-motor.net\/de\/%CF%86190-ec-radialventilator-mit-rueckwaertskruemmung-und-elektronischer-kommutierung-3.html","name":"\u03a6190 EC-Radialventilator mit R\u00fcckw\u00e4rtskr\u00fcmmung und elektronischer Kommutierung \u2013 3 &#8211; Leili Motor","isPartOf":{"@id":"https:\/\/www.leili-motor.net\/de\/#website"},"primaryImageOfPage":{"@id":"https:\/\/www.leili-motor.net\/de\/%CF%86190-ec-radialventilator-mit-rueckwaertskruemmung-und-elektronischer-kommutierung-3.html#primaryimage"},"image":{"@id":"https:\/\/www.leili-motor.net\/de\/%CF%86190-ec-radialventilator-mit-rueckwaertskruemmung-und-elektronischer-kommutierung-3.html#primaryimage"},"thumbnailUrl":"https:\/\/www.leili-motor.net\/wp-content\/uploads\/2025\/05\/\u03a6190-EC-Backward-curved-Centrifugal-Fan-3.jpg","datePublished":"2025-05-30T05:11:33+00:00","description":"Der \u03a6190 EC-Radialventilator mit R\u00fcckw\u00e4rtskr\u00fcmmung bietet einen schnellen Luftstrom mit Sanftanlauf, \u00dcberhitzungsschutz und PWM\/0\u201310-V-Steuerung f\u00fcr effiziente Bel\u00fcftung.","breadcrumb":{"@id":"https:\/\/www.leili-motor.net\/de\/%CF%86190-ec-radialventilator-mit-rueckwaertskruemmung-und-elektronischer-kommutierung-3.html#breadcrumb"},"inLanguage":"de","potentialAction":[{"@type":"ReadAction","target":["https:\/\/www.leili-motor.net\/de\/%CF%86190-ec-radialventilator-mit-rueckwaertskruemmung-und-elektronischer-kommutierung-3.html"]}]},{"@type":"ImageObject","inLanguage":"de","@id":"https:\/\/www.leili-motor.net\/de\/%CF%86190-ec-radialventilator-mit-rueckwaertskruemmung-und-elektronischer-kommutierung-3.html#primaryimage","url":"https:\/\/www.leili-motor.net\/wp-content\/uploads\/2025\/05\/\u03a6190-EC-Backward-curved-Centrifugal-Fan-3.jpg","contentUrl":"https:\/\/www.leili-motor.net\/wp-content\/uploads\/2025\/05\/\u03a6190-EC-Backward-curved-Centrifugal-Fan-3.jpg","width":454,"height":310,"caption":"\u03a6190 EC Backward-curved Centrifugal Fan-3"},{"@type":"BreadcrumbList","@id":"https:\/\/www.leili-motor.net\/de\/%CF%86190-ec-radialventilator-mit-rueckwaertskruemmung-und-elektronischer-kommutierung-3.html#breadcrumb","itemListElement":[{"@type":"ListItem","position":1,"name":"Home","item":"https:\/\/www.leili-motor.net\/de\/"},{"@type":"ListItem","position":2,"name":"Produkte","item":"https:\/\/www.leili-motor.net\/de\/produkte.html"},{"@type":"ListItem","position":3,"name":"\u03a6190 EC-Radialventilator mit R\u00fcckw\u00e4rtskr\u00fcmmung und elektronischer Kommutierung \u2013 3"}]},{"@type":"WebSite","@id":"https:\/\/www.leili-motor.net\/de\/#website","url":"https:\/\/www.leili-motor.net\/de\/","name":"Leili Motor","description":"","publisher":{"@id":"https:\/\/www.leili-motor.net\/de\/#organization"},"potentialAction":[{"@type":"SearchAction","target":{"@type":"EntryPoint","urlTemplate":"https:\/\/www.leili-motor.net\/de\/?s={search_term_string}"},"query-input":{"@type":"PropertyValueSpecification","valueRequired":true,"valueName":"search_term_string"}}],"inLanguage":"de"},{"@type":"Organization","@id":"https:\/\/www.leili-motor.net\/de\/#organization","name":"Leili Motor","url":"https:\/\/www.leili-motor.net\/de\/","logo":{"@type":"ImageObject","inLanguage":"de","@id":"https:\/\/www.leili-motor.net\/de\/#\/schema\/logo\/image\/","url":"https:\/\/www.leili-motor.net\/wp-content\/uploads\/2025\/03\/Leili-Motor.png","contentUrl":"https:\/\/www.leili-motor.net\/wp-content\/uploads\/2025\/03\/Leili-Motor.png","width":600,"height":156,"caption":"Leili Motor"},"image":{"@id":"https:\/\/www.leili-motor.net\/de\/#\/schema\/logo\/image\/"}}]}},"_links":{"self":[{"href":"https:\/\/www.leili-motor.net\/de\/wp-json\/wp\/v2\/product\/11929","targetHints":{"allow":["GET"]}}],"collection":[{"href":"https:\/\/www.leili-motor.net\/de\/wp-json\/wp\/v2\/product"}],"about":[{"href":"https:\/\/www.leili-motor.net\/de\/wp-json\/wp\/v2\/types\/product"}],"replies":[{"embeddable":true,"href":"https:\/\/www.leili-motor.net\/de\/wp-json\/wp\/v2\/comments?post=11929"}],"wp:featuredmedia":[{"embeddable":true,"href":"https:\/\/www.leili-motor.net\/de\/wp-json\/wp\/v2\/media\/10098"}],"wp:attachment":[{"href":"https:\/\/www.leili-motor.net\/de\/wp-json\/wp\/v2\/media?parent=11929"}],"wp:term":[{"taxonomy":"product_brand","embeddable":true,"href":"https:\/\/www.leili-motor.net\/de\/wp-json\/wp\/v2\/product_brand?post=11929"},{"taxonomy":"product_cat","embeddable":true,"href":"https:\/\/www.leili-motor.net\/de\/wp-json\/wp\/v2\/product_cat?post=11929"},{"taxonomy":"product_tag","embeddable":true,"href":"https:\/\/www.leili-motor.net\/de\/wp-json\/wp\/v2\/product_tag?post=11929"}],"curies":[{"name":"wp","href":"https:\/\/api.w.org\/{rel}","templated":true}]}}