{"id":14090,"date":"2026-03-24T17:10:49","date_gmt":"2026-03-24T09:10:49","guid":{"rendered":"https:\/\/www.leili-motor.net\/luft-kuehlung-serie-antriebsmotor\/"},"modified":"2026-04-14T12:02:40","modified_gmt":"2026-04-14T04:02:40","slug":"luft-kuehlung-serie-antriebsmotor","status":"publish","type":"product","link":"https:\/\/www.leili-motor.net\/de\/luft-kuehlung-serie-antriebsmotor\/","title":{"rendered":"Luft K\u00fchlung Serie Antriebsmotor"},"content":{"rendered":"<h2>Leistungsparameter<\/h2>\n<table>\n<tbody>\n<tr>\n<td>Spannung<\/td>\n<td>Nennleistung<\/td>\n<td>Nenn-Drehmoment<\/td>\n<td>Max. Leistung<\/td>\n<td>Max. Drehmoment<\/td>\n<td>H\u00f6chstgeschwindigkeit<\/td>\n<td>Geschwindigkeitsverh\u00e4ltnis<\/td>\n<\/tr>\n<tr>\n<td>V<\/td>\n<td>Kw<\/td>\n<td>Nm<\/td>\n<td>Kw<\/td>\n<td>Nm<\/td>\n<td>RPM<\/td>\n<td>&#8211;<\/td>\n<\/tr>\n<tr>\n<td>60<\/td>\n<td>4.0<\/td>\n<td>13<\/td>\n<td>10.0<\/td>\n<td>50<\/td>\n<td>12000<\/td>\n<td>3.227<\/td>\n<\/tr>\n<tr>\n<td>72<\/td>\n<td>5.0<\/td>\n<td>13<\/td>\n<td>13.0<\/td>\n<td>50<\/td>\n<td>12000<\/td>\n<td>3.227<\/td>\n<\/tr>\n<tr>\n<td>96<\/td>\n<td>7.0<\/td>\n<td>13<\/td>\n<td>20.0<\/td>\n<td>50<\/td>\n<td>12000<\/td>\n<td>3.227<\/td>\n<\/tr>\n<tr>\n<td>115<\/td>\n<td>8.5<\/td>\n<td>13<\/td>\n<td>25.0<\/td>\n<td>50<\/td>\n<td>12000<\/td>\n<td>3.227<\/td>\n<\/tr>\n<tr>\n<td>133<\/td>\n<td>10.0<\/td>\n<td>13<\/td>\n<td>30.0<\/td>\n<td>50<\/td>\n<td>12000<\/td>\n<td>3.227<\/td>\n<\/tr>\n<tr>\n<td>144<\/td>\n<td>12.0<\/td>\n<td>13<\/td>\n<td>30.0<\/td>\n<td>50<\/td>\n<td>12000<\/td>\n<td>3.227<\/td>\n<\/tr>\n<\/tbody>\n<\/table>\n","protected":false},"excerpt":{"rendered":"<h3>Produktvorstellung<\/h3>\n<ul>\n<li data-section-id=\"43g1vc\" data-start=\"0\" data-end=\"65\">Zu den Spannungsoptionen geh\u00f6ren 60 V, 72 V, 96 V, 115 V, 133 V und 144 V<\/li>\n<li data-section-id=\"1dktq6s\" data-start=\"66\" data-end=\"133\">Das Nenndrehmoment betr\u00e4gt weiterhin 13 Nm bei einem festen \u00dcbersetzungsverh\u00e4ltnis von 3,227<\/li>\n<li data-section-id=\"ps8y0b\" data-start=\"134\" data-end=\"212\" data-is-last-node=\"\">Die maximale Drehzahl betr\u00e4gt 12.000 U\/min, w\u00e4hrend die maximale Leistung zwischen 10,0 und 30,0 kW liegt<\/li>\n<\/ul>\n","protected":false},"featured_media":13944,"comment_status":"closed","ping_status":"closed","template":"","meta":{"site-sidebar-layout":"default","site-content-layout":"","ast-site-content-layout":"default","site-content-style":"default","site-sidebar-style":"default","ast-global-header-display":"","ast-banner-title-visibility":"","ast-main-header-display":"","ast-hfb-above-header-display":"","ast-hfb-below-header-display":"","ast-hfb-mobile-header-display":"","site-post-title":"","ast-breadcrumbs-content":"","ast-featured-img":"","footer-sml-layout":"","theme-transparent-header-meta":"default","adv-header-id-meta":"","stick-header-meta":"","header-above-stick-meta":"","header-main-stick-meta":"","header-below-stick-meta":"","astra-migrate-meta-layouts":"set","ast-page-background-enabled":"default","ast-page-background-meta":{"desktop":{"background-color":"var(--ast-global-color-5)","background-image":"","background-repeat":"repeat","background-position":"center center","background-size":"auto","background-attachment":"scroll","background-type":"","background-media":"","overlay-type":"","overlay-color":"","overlay-opacity":"","overlay-gradient":""},"tablet":{"background-color":"","background-image":"","background-repeat":"repeat","background-position":"center center","background-size":"auto","background-attachment":"scroll","background-type":"","background-media":"","overlay-type":"","overlay-color":"","overlay-opacity":"","overlay-gradient":""},"mobile":{"background-color":"","background-image":"","background-repeat":"repeat","background-position":"center center","background-size":"auto","background-attachment":"scroll","background-type":"","background-media":"","overlay-type":"","overlay-color":"","overlay-opacity":"","overlay-gradient":""}},"ast-content-background-meta":{"desktop":{"background-color":"var(--ast-global-color-4)","background-image":"","background-repeat":"repeat","background-position":"center center","background-size":"auto","background-attachment":"scroll","background-type":"","background-media":"","overlay-type":"","overlay-color":"","overlay-opacity":"","overlay-gradient":""},"tablet":{"background-color":"var(--ast-global-color-4)","background-image":"","background-repeat":"repeat","background-position":"center center","background-size":"auto","background-attachment":"scroll","background-type":"","background-media":"","overlay-type":"","overlay-color":"","overlay-opacity":"","overlay-gradient":""},"mobile":{"background-color":"var(--ast-global-color-4)","background-image":"","background-repeat":"repeat","background-position":"center center","background-size":"auto","background-attachment":"scroll","background-type":"","background-media":"","overlay-type":"","overlay-color":"","overlay-opacity":"","overlay-gradient":""}}},"product_brand":[],"product_cat":[1351,1354],"product_tag":[],"class_list":{"0":"post-14090","1":"product","2":"type-product","3":"status-publish","4":"has-post-thumbnail","6":"product_cat-antriebsmotorkategorie","7":"product_cat-antriebsmotor-mit-getriebe","8":"desktop-align-left","9":"tablet-align-left","10":"mobile-align-left","12":"first","13":"instock","14":"shipping-taxable","15":"product-type-simple"},"yoast_head":"<!-- This site is optimized with the Yoast SEO plugin v27.2 - https:\/\/yoast.com\/product\/yoast-seo-wordpress\/ -->\n<title>Antriebsmotor der Luftk\u00fchlungsserie &#8211; Leili Motor<\/title>\n<meta name=\"description\" content=\"Der Antriebsmotor der Air Cooling-Serie bietet Optionen f\u00fcr 60 V bis 144 V, eine Nennleistung von 4,0 bis 12,0 kW, ein maximales Drehmoment von 50 Nm, eine H\u00f6chstdrehzahl von 12.000 U\/min und ein \u00dcbersetzungsverh\u00e4ltnis von 3,227.\" \/>\n<meta name=\"robots\" content=\"index, follow, max-snippet:-1, max-image-preview:large, max-video-preview:-1\" \/>\n<link rel=\"canonical\" href=\"https:\/\/www.leili-motor.net\/de\/luft-kuehlung-serie-antriebsmotor\/\" \/>\n<meta name=\"twitter:label1\" content=\"Gesch\u00e4tzte Lesezeit\" \/>\n\t<meta name=\"twitter:data1\" content=\"1\u00a0Minute\" \/>\n<script type=\"application\/ld+json\" class=\"yoast-schema-graph\">{\"@context\":\"https:\/\/schema.org\",\"@graph\":[{\"@type\":\"WebPage\",\"@id\":\"https:\/\/www.leili-motor.net\/de\/luft-kuehlung-serie-antriebsmotor\/\",\"url\":\"https:\/\/www.leili-motor.net\/de\/luft-kuehlung-serie-antriebsmotor\/\",\"name\":\"Antriebsmotor der Luftk\u00fchlungsserie &#8211; Leili Motor\",\"isPartOf\":{\"@id\":\"https:\/\/www.leili-motor.net\/de\/#website\"},\"primaryImageOfPage\":{\"@id\":\"https:\/\/www.leili-motor.net\/de\/luft-kuehlung-serie-antriebsmotor\/#primaryimage\"},\"image\":{\"@id\":\"https:\/\/www.leili-motor.net\/de\/luft-kuehlung-serie-antriebsmotor\/#primaryimage\"},\"thumbnailUrl\":\"https:\/\/www.leili-motor.net\/wp-content\/uploads\/2026\/03\/Air-Cooling-Series-Drive-Motor.webp\",\"datePublished\":\"2026-03-24T09:10:49+00:00\",\"dateModified\":\"2026-04-14T04:02:40+00:00\",\"description\":\"Der Antriebsmotor der Air Cooling-Serie bietet Optionen f\u00fcr 60 V bis 144 V, eine Nennleistung von 4,0 bis 12,0 kW, ein maximales Drehmoment von 50 Nm, eine H\u00f6chstdrehzahl von 12.000 U\/min und ein \u00dcbersetzungsverh\u00e4ltnis von 3,227.\",\"breadcrumb\":{\"@id\":\"https:\/\/www.leili-motor.net\/de\/luft-kuehlung-serie-antriebsmotor\/#breadcrumb\"},\"inLanguage\":\"de\",\"potentialAction\":[{\"@type\":\"ReadAction\",\"target\":[\"https:\/\/www.leili-motor.net\/de\/luft-kuehlung-serie-antriebsmotor\/\"]}]},{\"@type\":\"ImageObject\",\"inLanguage\":\"de\",\"@id\":\"https:\/\/www.leili-motor.net\/de\/luft-kuehlung-serie-antriebsmotor\/#primaryimage\",\"url\":\"https:\/\/www.leili-motor.net\/wp-content\/uploads\/2026\/03\/Air-Cooling-Series-Drive-Motor.webp\",\"contentUrl\":\"https:\/\/www.leili-motor.net\/wp-content\/uploads\/2026\/03\/Air-Cooling-Series-Drive-Motor.webp\",\"width\":454,\"height\":310,\"caption\":\"Luft K\u00fchlung Serie Antriebsmotor\"},{\"@type\":\"BreadcrumbList\",\"@id\":\"https:\/\/www.leili-motor.net\/de\/luft-kuehlung-serie-antriebsmotor\/#breadcrumb\",\"itemListElement\":[{\"@type\":\"ListItem\",\"position\":1,\"name\":\"Home\",\"item\":\"https:\/\/www.leili-motor.net\/de\/\"},{\"@type\":\"ListItem\",\"position\":2,\"name\":\"Produkte\",\"item\":\"https:\/\/www.leili-motor.net\/de\/produkte.html\"},{\"@type\":\"ListItem\",\"position\":3,\"name\":\"Luft K\u00fchlung Serie Antriebsmotor\"}]},{\"@type\":\"WebSite\",\"@id\":\"https:\/\/www.leili-motor.net\/de\/#website\",\"url\":\"https:\/\/www.leili-motor.net\/de\/\",\"name\":\"Leili Motor\",\"description\":\"\",\"publisher\":{\"@id\":\"https:\/\/www.leili-motor.net\/de\/#organization\"},\"potentialAction\":[{\"@type\":\"SearchAction\",\"target\":{\"@type\":\"EntryPoint\",\"urlTemplate\":\"https:\/\/www.leili-motor.net\/de\/?s={search_term_string}\"},\"query-input\":{\"@type\":\"PropertyValueSpecification\",\"valueRequired\":true,\"valueName\":\"search_term_string\"}}],\"inLanguage\":\"de\"},{\"@type\":\"Organization\",\"@id\":\"https:\/\/www.leili-motor.net\/de\/#organization\",\"name\":\"Leili Motor\",\"url\":\"https:\/\/www.leili-motor.net\/de\/\",\"logo\":{\"@type\":\"ImageObject\",\"inLanguage\":\"de\",\"@id\":\"https:\/\/www.leili-motor.net\/de\/#\/schema\/logo\/image\/\",\"url\":\"https:\/\/www.leili-motor.net\/wp-content\/uploads\/2025\/03\/Leili-Motor.png\",\"contentUrl\":\"https:\/\/www.leili-motor.net\/wp-content\/uploads\/2025\/03\/Leili-Motor.png\",\"width\":600,\"height\":156,\"caption\":\"Leili Motor\"},\"image\":{\"@id\":\"https:\/\/www.leili-motor.net\/de\/#\/schema\/logo\/image\/\"}}]}<\/script>\n<!-- \/ Yoast SEO plugin. -->","yoast_head_json":{"title":"Antriebsmotor der Luftk\u00fchlungsserie &#8211; Leili Motor","description":"Der Antriebsmotor der Air Cooling-Serie bietet Optionen f\u00fcr 60 V bis 144 V, eine Nennleistung von 4,0 bis 12,0 kW, ein maximales Drehmoment von 50 Nm, eine H\u00f6chstdrehzahl von 12.000 U\/min und ein \u00dcbersetzungsverh\u00e4ltnis von 3,227.","robots":{"index":"index","follow":"follow","max-snippet":"max-snippet:-1","max-image-preview":"max-image-preview:large","max-video-preview":"max-video-preview:-1"},"canonical":"https:\/\/www.leili-motor.net\/de\/luft-kuehlung-serie-antriebsmotor\/","twitter_misc":{"Gesch\u00e4tzte Lesezeit":"1\u00a0Minute"},"schema":{"@context":"https:\/\/schema.org","@graph":[{"@type":"WebPage","@id":"https:\/\/www.leili-motor.net\/de\/luft-kuehlung-serie-antriebsmotor\/","url":"https:\/\/www.leili-motor.net\/de\/luft-kuehlung-serie-antriebsmotor\/","name":"Antriebsmotor der Luftk\u00fchlungsserie &#8211; Leili Motor","isPartOf":{"@id":"https:\/\/www.leili-motor.net\/de\/#website"},"primaryImageOfPage":{"@id":"https:\/\/www.leili-motor.net\/de\/luft-kuehlung-serie-antriebsmotor\/#primaryimage"},"image":{"@id":"https:\/\/www.leili-motor.net\/de\/luft-kuehlung-serie-antriebsmotor\/#primaryimage"},"thumbnailUrl":"https:\/\/www.leili-motor.net\/wp-content\/uploads\/2026\/03\/Air-Cooling-Series-Drive-Motor.webp","datePublished":"2026-03-24T09:10:49+00:00","dateModified":"2026-04-14T04:02:40+00:00","description":"Der Antriebsmotor der Air Cooling-Serie bietet Optionen f\u00fcr 60 V bis 144 V, eine Nennleistung von 4,0 bis 12,0 kW, ein maximales Drehmoment von 50 Nm, eine H\u00f6chstdrehzahl von 12.000 U\/min und ein \u00dcbersetzungsverh\u00e4ltnis von 3,227.","breadcrumb":{"@id":"https:\/\/www.leili-motor.net\/de\/luft-kuehlung-serie-antriebsmotor\/#breadcrumb"},"inLanguage":"de","potentialAction":[{"@type":"ReadAction","target":["https:\/\/www.leili-motor.net\/de\/luft-kuehlung-serie-antriebsmotor\/"]}]},{"@type":"ImageObject","inLanguage":"de","@id":"https:\/\/www.leili-motor.net\/de\/luft-kuehlung-serie-antriebsmotor\/#primaryimage","url":"https:\/\/www.leili-motor.net\/wp-content\/uploads\/2026\/03\/Air-Cooling-Series-Drive-Motor.webp","contentUrl":"https:\/\/www.leili-motor.net\/wp-content\/uploads\/2026\/03\/Air-Cooling-Series-Drive-Motor.webp","width":454,"height":310,"caption":"Luft K\u00fchlung Serie Antriebsmotor"},{"@type":"BreadcrumbList","@id":"https:\/\/www.leili-motor.net\/de\/luft-kuehlung-serie-antriebsmotor\/#breadcrumb","itemListElement":[{"@type":"ListItem","position":1,"name":"Home","item":"https:\/\/www.leili-motor.net\/de\/"},{"@type":"ListItem","position":2,"name":"Produkte","item":"https:\/\/www.leili-motor.net\/de\/produkte.html"},{"@type":"ListItem","position":3,"name":"Luft K\u00fchlung Serie Antriebsmotor"}]},{"@type":"WebSite","@id":"https:\/\/www.leili-motor.net\/de\/#website","url":"https:\/\/www.leili-motor.net\/de\/","name":"Leili Motor","description":"","publisher":{"@id":"https:\/\/www.leili-motor.net\/de\/#organization"},"potentialAction":[{"@type":"SearchAction","target":{"@type":"EntryPoint","urlTemplate":"https:\/\/www.leili-motor.net\/de\/?s={search_term_string}"},"query-input":{"@type":"PropertyValueSpecification","valueRequired":true,"valueName":"search_term_string"}}],"inLanguage":"de"},{"@type":"Organization","@id":"https:\/\/www.leili-motor.net\/de\/#organization","name":"Leili Motor","url":"https:\/\/www.leili-motor.net\/de\/","logo":{"@type":"ImageObject","inLanguage":"de","@id":"https:\/\/www.leili-motor.net\/de\/#\/schema\/logo\/image\/","url":"https:\/\/www.leili-motor.net\/wp-content\/uploads\/2025\/03\/Leili-Motor.png","contentUrl":"https:\/\/www.leili-motor.net\/wp-content\/uploads\/2025\/03\/Leili-Motor.png","width":600,"height":156,"caption":"Leili Motor"},"image":{"@id":"https:\/\/www.leili-motor.net\/de\/#\/schema\/logo\/image\/"}}]}},"_links":{"self":[{"href":"https:\/\/www.leili-motor.net\/de\/wp-json\/wp\/v2\/product\/14090","targetHints":{"allow":["GET"]}}],"collection":[{"href":"https:\/\/www.leili-motor.net\/de\/wp-json\/wp\/v2\/product"}],"about":[{"href":"https:\/\/www.leili-motor.net\/de\/wp-json\/wp\/v2\/types\/product"}],"replies":[{"embeddable":true,"href":"https:\/\/www.leili-motor.net\/de\/wp-json\/wp\/v2\/comments?post=14090"}],"wp:featuredmedia":[{"embeddable":true,"href":"https:\/\/www.leili-motor.net\/de\/wp-json\/wp\/v2\/media\/13944"}],"wp:attachment":[{"href":"https:\/\/www.leili-motor.net\/de\/wp-json\/wp\/v2\/media?parent=14090"}],"wp:term":[{"taxonomy":"product_brand","embeddable":true,"href":"https:\/\/www.leili-motor.net\/de\/wp-json\/wp\/v2\/product_brand?post=14090"},{"taxonomy":"product_cat","embeddable":true,"href":"https:\/\/www.leili-motor.net\/de\/wp-json\/wp\/v2\/product_cat?post=14090"},{"taxonomy":"product_tag","embeddable":true,"href":"https:\/\/www.leili-motor.net\/de\/wp-json\/wp\/v2\/product_tag?post=14090"}],"curies":[{"name":"wp","href":"https:\/\/api.w.org\/{rel}","templated":true}]}}