{"id":8056,"date":"2025-03-05T17:18:18","date_gmt":"2025-03-05T09:18:18","guid":{"rendered":"https:\/\/www.leili-motor.net\/20byj46-getriebe-schrittmotor\/"},"modified":"2025-03-05T17:18:18","modified_gmt":"2025-03-05T09:18:18","slug":"20byj46-getriebe-schrittmotor","status":"publish","type":"product","link":"https:\/\/www.leili-motor.net\/de\/20byj46-getriebe-schrittmotor.html","title":{"rendered":"20BYJ46 Getriebe-Schrittmotor"},"content":{"rendered":"<h2>Produktparameter<\/h2>\n<table>\n<tbody>\n<tr>\n<td>Modell<\/td>\n<td>Stromspannung<br \/>\n(V)<\/td>\n<td>Widerstand<br \/>\n(\u03a9)<\/td>\n<td>Frequenz<br \/>\n(PPS)<\/td>\n<td>Einzugsmoment<br \/>\n(mN\u00b7m)<\/td>\n<td>Drehmoment<br \/>\n(mN\u00b7m)<\/td>\n<td>Einzugsfrequenz<br \/>\n(PPS)<\/td>\n<td>Auszugsfrequenz<br \/>\n(PPS)<\/td>\n<td>Temperatur<br \/>\n(K)<\/td>\n<td>L\u00e4rm<br \/>\ndB(A)<\/td>\n<td>Schrittwinkel<br \/>\n(1-2-phasig)<\/td>\n<\/tr>\n<tr>\n<td rowspan=\"2\">20BYJ46<\/td>\n<td>5<\/td>\n<td>60<\/td>\n<td>100<\/td>\n<td>\u226529.4<\/td>\n<td>\u226529.4<\/td>\n<td>\u2265500<\/td>\n<td>\u2265900<\/td>\n<td>\u226460<\/td>\n<td>\u226440<\/td>\n<td rowspan=\"2\">7.5\u00b0\/85<\/td>\n<\/tr>\n<tr>\n<td>12<\/td>\n<td>250<\/td>\n<td>100<\/td>\n<td>\u226529.4<\/td>\n<td>\u226529.4<\/td>\n<td>\u2265550<\/td>\n<td>\u2265900<\/td>\n<td>\u226460<\/td>\n<td>\u226440<\/td>\n<\/tr>\n<\/tbody>\n<\/table>\n<h2>Mechanische Abmessungen: mm<\/h2>\n<p><img fetchpriority=\"high\" decoding=\"async\" class=\"size-full wp-image-585 aligncenter\" src=\"https:\/\/www.leili-motor.net\/wp-content\/uploads\/2025\/03\/Mechanical-Dimension-of-20BYJ46-Geared-Stepper-Motor.webp\" alt=\"Mechanische Abmessungen des 20BYJ46-Getriebeschrittmotors\" width=\"759\" height=\"562\" srcset=\"https:\/\/www.leili-motor.net\/wp-content\/uploads\/2025\/03\/Mechanical-Dimension-of-20BYJ46-Geared-Stepper-Motor.webp 759w, https:\/\/www.leili-motor.net\/wp-content\/uploads\/2025\/03\/Mechanical-Dimension-of-20BYJ46-Geared-Stepper-Motor-300x222.webp 300w, https:\/\/www.leili-motor.net\/wp-content\/uploads\/2025\/03\/Mechanical-Dimension-of-20BYJ46-Geared-Stepper-Motor-600x444.webp 600w\" sizes=\"(max-width: 759px) 100vw, 759px\" \/><\/p>\n","protected":false},"excerpt":{"rendered":"<h3>Produkteinf\u00fchrung<\/h3>\n<ul>\n<li>Modell: 20BYJ46<\/li>\n<li>Verf\u00fcgbar in 5 V- und 12 V-Optionen, mit einem Widerstand von bis zu 250 \u03a9 f\u00fcr stabile Leistung.<\/li>\n<li>Mit einem Schrittwinkel von 7,5\u00b0 und einem Anzugsdrehmoment von \u226529,4 mN.m gew\u00e4hrleistet es pr\u00e4zise Bewegung und zuverl\u00e4ssigen Betrieb.<\/li>\n<\/ul>\n<h3>Produktanwendung<\/h3>\n<ul>\n<li>Haushaltsger\u00e4te: Klimaanlagen, elektrische Ventilatoren<\/li>\n<\/ul>\n","protected":false},"featured_media":8057,"comment_status":"open","ping_status":"closed","template":"","meta":{"site-sidebar-layout":"default","site-content-layout":"","ast-site-content-layout":"default","site-content-style":"default","site-sidebar-style":"default","ast-global-header-display":"","ast-banner-title-visibility":"","ast-main-header-display":"","ast-hfb-above-header-display":"","ast-hfb-below-header-display":"","ast-hfb-mobile-header-display":"","site-post-title":"","ast-breadcrumbs-content":"","ast-featured-img":"","footer-sml-layout":"","theme-transparent-header-meta":"default","adv-header-id-meta":"","stick-header-meta":"","header-above-stick-meta":"","header-main-stick-meta":"","header-below-stick-meta":"","astra-migrate-meta-layouts":"default","ast-page-background-enabled":"default","ast-page-background-meta":{"desktop":{"background-color":"var(--ast-global-color-5)","background-image":"","background-repeat":"repeat","background-position":"center center","background-size":"auto","background-attachment":"scroll","background-type":"","background-media":"","overlay-type":"","overlay-color":"","overlay-opacity":"","overlay-gradient":""},"tablet":{"background-color":"","background-image":"","background-repeat":"repeat","background-position":"center center","background-size":"auto","background-attachment":"scroll","background-type":"","background-media":"","overlay-type":"","overlay-color":"","overlay-opacity":"","overlay-gradient":""},"mobile":{"background-color":"","background-image":"","background-repeat":"repeat","background-position":"center center","background-size":"auto","background-attachment":"scroll","background-type":"","background-media":"","overlay-type":"","overlay-color":"","overlay-opacity":"","overlay-gradient":""}},"ast-content-background-meta":{"desktop":{"background-color":"var(--ast-global-color-4)","background-image":"","background-repeat":"repeat","background-position":"center center","background-size":"auto","background-attachment":"scroll","background-type":"","background-media":"","overlay-type":"","overlay-color":"","overlay-opacity":"","overlay-gradient":""},"tablet":{"background-color":"var(--ast-global-color-4)","background-image":"","background-repeat":"repeat","background-position":"center center","background-size":"auto","background-attachment":"scroll","background-type":"","background-media":"","overlay-type":"","overlay-color":"","overlay-opacity":"","overlay-gradient":""},"mobile":{"background-color":"var(--ast-global-color-4)","background-image":"","background-repeat":"repeat","background-position":"center center","background-size":"auto","background-attachment":"scroll","background-type":"","background-media":"","overlay-type":"","overlay-color":"","overlay-opacity":"","overlay-gradient":""}}},"product_brand":[],"product_cat":[808,809],"product_tag":[822,823],"class_list":{"0":"post-8056","1":"product","2":"type-product","3":"status-publish","4":"has-post-thumbnail","6":"product_cat-schrittmotorkategorie","7":"product_cat-getriebe-schrittmotors","8":"product_tag-klimaanlage-spulsystem","9":"product_tag-sonstige-gerate-schrittmotor","10":"pa_application-haushaltsgerate","11":"pa_geared-resistance-0-100-de","12":"pa_geared-resistance-101-200-de","13":"pa_geared-resistance-201-300-de","14":"desktop-align-left","15":"tablet-align-left","16":"mobile-align-left","18":"first","19":"instock","20":"shipping-taxable","21":"product-type-simple"},"yoast_head":"<!-- This site is optimized with the Yoast SEO plugin v27.2 - https:\/\/yoast.com\/product\/yoast-seo-wordpress\/ -->\n<title>20BYJ46 Getriebe-Schrittmotor &#8211; Leili Motor<\/title>\n<meta name=\"description\" content=\"Der Getriebe-Schrittmotor 20BYJ46 (5 V\/12 V) bietet einen Schrittwinkel von 7,5\u00b0, ein stabiles Drehmoment (\u2265 29,4 mN.m) und eine hohe Ausziehfrequenz (\u2265 900 PPS).\" \/>\n<meta name=\"robots\" content=\"index, follow, max-snippet:-1, max-image-preview:large, max-video-preview:-1\" \/>\n<link rel=\"canonical\" href=\"https:\/\/www.leili-motor.net\/de\/20byj46-getriebe-schrittmotor.html\" \/>\n<script type=\"application\/ld+json\" class=\"yoast-schema-graph\">{\"@context\":\"https:\/\/schema.org\",\"@graph\":[{\"@type\":\"WebPage\",\"@id\":\"https:\/\/www.leili-motor.net\/de\/20byj46-getriebe-schrittmotor.html\",\"url\":\"https:\/\/www.leili-motor.net\/de\/20byj46-getriebe-schrittmotor.html\",\"name\":\"20BYJ46 Getriebe-Schrittmotor &#8211; Leili Motor\",\"isPartOf\":{\"@id\":\"https:\/\/www.leili-motor.net\/de\/#website\"},\"primaryImageOfPage\":{\"@id\":\"https:\/\/www.leili-motor.net\/de\/20byj46-getriebe-schrittmotor.html#primaryimage\"},\"image\":{\"@id\":\"https:\/\/www.leili-motor.net\/de\/20byj46-getriebe-schrittmotor.html#primaryimage\"},\"thumbnailUrl\":\"https:\/\/www.leili-motor.net\/wp-content\/uploads\/2025\/03\/20BYJ46-Geared-Stepper-Motor.webp\",\"datePublished\":\"2025-03-05T09:18:18+00:00\",\"description\":\"Der Getriebe-Schrittmotor 20BYJ46 (5 V\/12 V) bietet einen Schrittwinkel von 7,5\u00b0, ein stabiles Drehmoment (\u2265 29,4 mN.m) und eine hohe Ausziehfrequenz (\u2265 900 PPS).\",\"breadcrumb\":{\"@id\":\"https:\/\/www.leili-motor.net\/de\/20byj46-getriebe-schrittmotor.html#breadcrumb\"},\"inLanguage\":\"de\",\"potentialAction\":[{\"@type\":\"ReadAction\",\"target\":[\"https:\/\/www.leili-motor.net\/de\/20byj46-getriebe-schrittmotor.html\"]}]},{\"@type\":\"ImageObject\",\"inLanguage\":\"de\",\"@id\":\"https:\/\/www.leili-motor.net\/de\/20byj46-getriebe-schrittmotor.html#primaryimage\",\"url\":\"https:\/\/www.leili-motor.net\/wp-content\/uploads\/2025\/03\/20BYJ46-Geared-Stepper-Motor.webp\",\"contentUrl\":\"https:\/\/www.leili-motor.net\/wp-content\/uploads\/2025\/03\/20BYJ46-Geared-Stepper-Motor.webp\",\"width\":454,\"height\":310,\"caption\":\"20BYJ46 Getriebe-Schrittmotor\"},{\"@type\":\"BreadcrumbList\",\"@id\":\"https:\/\/www.leili-motor.net\/de\/20byj46-getriebe-schrittmotor.html#breadcrumb\",\"itemListElement\":[{\"@type\":\"ListItem\",\"position\":1,\"name\":\"Home\",\"item\":\"https:\/\/www.leili-motor.net\/de\/\"},{\"@type\":\"ListItem\",\"position\":2,\"name\":\"Produkte\",\"item\":\"https:\/\/www.leili-motor.net\/de\/produkte.html\"},{\"@type\":\"ListItem\",\"position\":3,\"name\":\"20BYJ46 Getriebe-Schrittmotor\"}]},{\"@type\":\"WebSite\",\"@id\":\"https:\/\/www.leili-motor.net\/de\/#website\",\"url\":\"https:\/\/www.leili-motor.net\/de\/\",\"name\":\"Leili Motor\",\"description\":\"\",\"publisher\":{\"@id\":\"https:\/\/www.leili-motor.net\/de\/#organization\"},\"potentialAction\":[{\"@type\":\"SearchAction\",\"target\":{\"@type\":\"EntryPoint\",\"urlTemplate\":\"https:\/\/www.leili-motor.net\/de\/?s={search_term_string}\"},\"query-input\":{\"@type\":\"PropertyValueSpecification\",\"valueRequired\":true,\"valueName\":\"search_term_string\"}}],\"inLanguage\":\"de\"},{\"@type\":\"Organization\",\"@id\":\"https:\/\/www.leili-motor.net\/de\/#organization\",\"name\":\"Leili Motor\",\"url\":\"https:\/\/www.leili-motor.net\/de\/\",\"logo\":{\"@type\":\"ImageObject\",\"inLanguage\":\"de\",\"@id\":\"https:\/\/www.leili-motor.net\/de\/#\/schema\/logo\/image\/\",\"url\":\"https:\/\/www.leili-motor.net\/wp-content\/uploads\/2025\/03\/Leili-Motor.png\",\"contentUrl\":\"https:\/\/www.leili-motor.net\/wp-content\/uploads\/2025\/03\/Leili-Motor.png\",\"width\":600,\"height\":156,\"caption\":\"Leili Motor\"},\"image\":{\"@id\":\"https:\/\/www.leili-motor.net\/de\/#\/schema\/logo\/image\/\"}}]}<\/script>\n<!-- \/ Yoast SEO plugin. -->","yoast_head_json":{"title":"20BYJ46 Getriebe-Schrittmotor &#8211; Leili Motor","description":"Der Getriebe-Schrittmotor 20BYJ46 (5 V\/12 V) bietet einen Schrittwinkel von 7,5\u00b0, ein stabiles Drehmoment (\u2265 29,4 mN.m) und eine hohe Ausziehfrequenz (\u2265 900 PPS).","robots":{"index":"index","follow":"follow","max-snippet":"max-snippet:-1","max-image-preview":"max-image-preview:large","max-video-preview":"max-video-preview:-1"},"canonical":"https:\/\/www.leili-motor.net\/de\/20byj46-getriebe-schrittmotor.html","schema":{"@context":"https:\/\/schema.org","@graph":[{"@type":"WebPage","@id":"https:\/\/www.leili-motor.net\/de\/20byj46-getriebe-schrittmotor.html","url":"https:\/\/www.leili-motor.net\/de\/20byj46-getriebe-schrittmotor.html","name":"20BYJ46 Getriebe-Schrittmotor &#8211; Leili Motor","isPartOf":{"@id":"https:\/\/www.leili-motor.net\/de\/#website"},"primaryImageOfPage":{"@id":"https:\/\/www.leili-motor.net\/de\/20byj46-getriebe-schrittmotor.html#primaryimage"},"image":{"@id":"https:\/\/www.leili-motor.net\/de\/20byj46-getriebe-schrittmotor.html#primaryimage"},"thumbnailUrl":"https:\/\/www.leili-motor.net\/wp-content\/uploads\/2025\/03\/20BYJ46-Geared-Stepper-Motor.webp","datePublished":"2025-03-05T09:18:18+00:00","description":"Der Getriebe-Schrittmotor 20BYJ46 (5 V\/12 V) bietet einen Schrittwinkel von 7,5\u00b0, ein stabiles Drehmoment (\u2265 29,4 mN.m) und eine hohe Ausziehfrequenz (\u2265 900 PPS).","breadcrumb":{"@id":"https:\/\/www.leili-motor.net\/de\/20byj46-getriebe-schrittmotor.html#breadcrumb"},"inLanguage":"de","potentialAction":[{"@type":"ReadAction","target":["https:\/\/www.leili-motor.net\/de\/20byj46-getriebe-schrittmotor.html"]}]},{"@type":"ImageObject","inLanguage":"de","@id":"https:\/\/www.leili-motor.net\/de\/20byj46-getriebe-schrittmotor.html#primaryimage","url":"https:\/\/www.leili-motor.net\/wp-content\/uploads\/2025\/03\/20BYJ46-Geared-Stepper-Motor.webp","contentUrl":"https:\/\/www.leili-motor.net\/wp-content\/uploads\/2025\/03\/20BYJ46-Geared-Stepper-Motor.webp","width":454,"height":310,"caption":"20BYJ46 Getriebe-Schrittmotor"},{"@type":"BreadcrumbList","@id":"https:\/\/www.leili-motor.net\/de\/20byj46-getriebe-schrittmotor.html#breadcrumb","itemListElement":[{"@type":"ListItem","position":1,"name":"Home","item":"https:\/\/www.leili-motor.net\/de\/"},{"@type":"ListItem","position":2,"name":"Produkte","item":"https:\/\/www.leili-motor.net\/de\/produkte.html"},{"@type":"ListItem","position":3,"name":"20BYJ46 Getriebe-Schrittmotor"}]},{"@type":"WebSite","@id":"https:\/\/www.leili-motor.net\/de\/#website","url":"https:\/\/www.leili-motor.net\/de\/","name":"Leili Motor","description":"","publisher":{"@id":"https:\/\/www.leili-motor.net\/de\/#organization"},"potentialAction":[{"@type":"SearchAction","target":{"@type":"EntryPoint","urlTemplate":"https:\/\/www.leili-motor.net\/de\/?s={search_term_string}"},"query-input":{"@type":"PropertyValueSpecification","valueRequired":true,"valueName":"search_term_string"}}],"inLanguage":"de"},{"@type":"Organization","@id":"https:\/\/www.leili-motor.net\/de\/#organization","name":"Leili Motor","url":"https:\/\/www.leili-motor.net\/de\/","logo":{"@type":"ImageObject","inLanguage":"de","@id":"https:\/\/www.leili-motor.net\/de\/#\/schema\/logo\/image\/","url":"https:\/\/www.leili-motor.net\/wp-content\/uploads\/2025\/03\/Leili-Motor.png","contentUrl":"https:\/\/www.leili-motor.net\/wp-content\/uploads\/2025\/03\/Leili-Motor.png","width":600,"height":156,"caption":"Leili Motor"},"image":{"@id":"https:\/\/www.leili-motor.net\/de\/#\/schema\/logo\/image\/"}}]}},"_links":{"self":[{"href":"https:\/\/www.leili-motor.net\/de\/wp-json\/wp\/v2\/product\/8056","targetHints":{"allow":["GET"]}}],"collection":[{"href":"https:\/\/www.leili-motor.net\/de\/wp-json\/wp\/v2\/product"}],"about":[{"href":"https:\/\/www.leili-motor.net\/de\/wp-json\/wp\/v2\/types\/product"}],"replies":[{"embeddable":true,"href":"https:\/\/www.leili-motor.net\/de\/wp-json\/wp\/v2\/comments?post=8056"}],"wp:featuredmedia":[{"embeddable":true,"href":"https:\/\/www.leili-motor.net\/de\/wp-json\/wp\/v2\/media\/8057"}],"wp:attachment":[{"href":"https:\/\/www.leili-motor.net\/de\/wp-json\/wp\/v2\/media?parent=8056"}],"wp:term":[{"taxonomy":"product_brand","embeddable":true,"href":"https:\/\/www.leili-motor.net\/de\/wp-json\/wp\/v2\/product_brand?post=8056"},{"taxonomy":"product_cat","embeddable":true,"href":"https:\/\/www.leili-motor.net\/de\/wp-json\/wp\/v2\/product_cat?post=8056"},{"taxonomy":"product_tag","embeddable":true,"href":"https:\/\/www.leili-motor.net\/de\/wp-json\/wp\/v2\/product_tag?post=8056"}],"curies":[{"name":"wp","href":"https:\/\/api.w.org\/{rel}","templated":true}]}}