{"id":8064,"date":"2025-03-05T15:50:31","date_gmt":"2025-03-05T07:50:31","guid":{"rendered":"https:\/\/www.leili-motor.net\/50byj46-getriebe-schrittmotor\/"},"modified":"2025-03-05T15:50:31","modified_gmt":"2025-03-05T07:50:31","slug":"50byj46-getriebe-schrittmotor","status":"publish","type":"product","link":"https:\/\/www.leili-motor.net\/de\/50byj46-getriebe-schrittmotor.html","title":{"rendered":"50BYJ46 Getriebe-Schrittmotor"},"content":{"rendered":"<h2>Produktparameter<\/h2>\n<table>\n<tbody>\n<tr>\n<td>Motortyp<\/td>\n<td>Spannung<\/td>\n<td>Widerstand<\/td>\n<td>Frequenz<\/td>\n<td>Einzugsdrehmoment<\/td>\n<td>Selbstpositionierendes Drehmoment<\/td>\n<td>Leerlauf-Anzugsfrequenz<\/td>\n<td>Leerlauf-Ausziehfrequenz<\/td>\n<td>Temperaturanstieg<\/td>\n<td>Ger\u00e4uschpegel<\/td>\n<td>Schrittwinkel<\/td>\n<td>Isolationsklasse<\/td>\n<\/tr>\n<tr>\n<td><\/td>\n<td>V<\/td>\n<td>(\u03a9)<\/td>\n<td>(PPS)<\/td>\n<td>(mN.m)<\/td>\n<td>(mN.m)<\/td>\n<td>(PPS)<\/td>\n<td>(PPS)<\/td>\n<td>K<\/td>\n<td>(A)<\/td>\n<td>(1-2 Phasen)<\/td>\n<td><\/td>\n<\/tr>\n<tr>\n<td rowspan=\"7\">50BYJ46<\/td>\n<td>12<\/td>\n<td>50<\/td>\n<td>200<\/td>\n<td>\u2265196<\/td>\n<td>\u2265260<\/td>\n<td>\u2265320<\/td>\n<td>\u2265350<\/td>\n<td>\u226460<\/td>\n<td>\u226440<\/td>\n<td>7.5\u00b0\/33.3<\/td>\n<td rowspan=\"7\">E<\/td>\n<\/tr>\n<tr>\n<td>12<\/td>\n<td>40<\/td>\n<td>250<\/td>\n<td>\u2265200<\/td>\n<td>\u2265260<\/td>\n<td>\u2265350<\/td>\n<td>\u2265450<\/td>\n<td>\u226460<\/td>\n<td>\u226440<\/td>\n<td>7.5\u00b0\/43<\/td>\n<\/tr>\n<tr>\n<td>12<\/td>\n<td>60<\/td>\n<td>100<\/td>\n<td>\u2265392<\/td>\n<td>\u2265343<\/td>\n<td>\u2265200<\/td>\n<td>\u2265200<\/td>\n<td>\u226460<\/td>\n<td>\u226440<\/td>\n<td>7.5\u00b0\/60<\/td>\n<\/tr>\n<tr>\n<td>12<\/td>\n<td>70<\/td>\n<td>100<\/td>\n<td>\u2265550<\/td>\n<td>\u2265600<\/td>\n<td>\u2265200<\/td>\n<td>\u2265200<\/td>\n<td>\u226460<\/td>\n<td>\u226440<\/td>\n<td>7.5\u00b0\/99<\/td>\n<\/tr>\n<tr>\n<td>24<\/td>\n<td>110<\/td>\n<td>250<\/td>\n<td>\u2265343<\/td>\n<td>\u2265260<\/td>\n<td>\u2265350<\/td>\n<td>\u2265450<\/td>\n<td>\u226460<\/td>\n<td>\u226440<\/td>\n<td>7.5\u00b0\/43<\/td>\n<\/tr>\n<tr>\n<td>24<\/td>\n<td>150<\/td>\n<td>250<\/td>\n<td>\u2265637<\/td>\n<td>\u2265600<\/td>\n<td>\u2265400<\/td>\n<td>\u2265400<\/td>\n<td>\u226460<\/td>\n<td>\u226440<\/td>\n<td>7.5\u00b0\/60<\/td>\n<\/tr>\n<tr>\n<td>24<\/td>\n<td>250<\/td>\n<td>100<\/td>\n<td>\u2265588<\/td>\n<td>\u2265588<\/td>\n<td>\u2265200<\/td>\n<td>\u2265200<\/td>\n<td>\u226460<\/td>\n<td>\u226440<\/td>\n<td>7.5\u00b0\/99<\/td>\n<\/tr>\n<\/tbody>\n<\/table>\n<h2>Mechanische Abmessungen: mm<\/h2>\n<p><img fetchpriority=\"high\" decoding=\"async\" class=\"size-full wp-image-526 aligncenter\" src=\"https:\/\/www.leili-motor.net\/wp-content\/uploads\/2025\/03\/Mechanical-Dimension-of-50BYJ46-Geared-Stepper-Motor.webp\" alt=\"Mechanische Abmessungen des 50BYJ46-Getriebeschrittmotors\" width=\"754\" height=\"435\" srcset=\"https:\/\/www.leili-motor.net\/wp-content\/uploads\/2025\/03\/Mechanical-Dimension-of-50BYJ46-Geared-Stepper-Motor.webp 754w, https:\/\/www.leili-motor.net\/wp-content\/uploads\/2025\/03\/Mechanical-Dimension-of-50BYJ46-Geared-Stepper-Motor-300x173.webp 300w, https:\/\/www.leili-motor.net\/wp-content\/uploads\/2025\/03\/Mechanical-Dimension-of-50BYJ46-Geared-Stepper-Motor-600x346.webp 600w\" sizes=\"(max-width: 754px) 100vw, 754px\" \/><\/p>\n","protected":false},"excerpt":{"rendered":"<h3>Produkteinf\u00fchrung<\/h3>\n<ul>\n<li>Modell: 50BYJ46<\/li>\n<li>12 V\/24 V gew\u00e4hrleisten pr\u00e4zise Steuerung, hohe Effizienz und zuverl\u00e4ssige Leistung.<\/li>\n<li>Liefert 100\u2013250 PPS und gew\u00e4hrleistet so eine pr\u00e4zise Bewegungssteuerung und zuverl\u00e4ssige Leistung.<\/li>\n<\/ul>\n<h3>Produktanwendung<\/h3>\n<ul>\n<li>Haushaltsger\u00e4te: Klimaanlage, Luftreiniger<\/li>\n<\/ul>\n<h3>Optionale Teile<\/h3>\n<p>Schaftl\u00e4nge, Rahmen<\/p>\n","protected":false},"featured_media":8065,"comment_status":"open","ping_status":"closed","template":"","meta":{"site-sidebar-layout":"default","site-content-layout":"","ast-site-content-layout":"default","site-content-style":"default","site-sidebar-style":"default","ast-global-header-display":"","ast-banner-title-visibility":"","ast-main-header-display":"","ast-hfb-above-header-display":"","ast-hfb-below-header-display":"","ast-hfb-mobile-header-display":"","site-post-title":"","ast-breadcrumbs-content":"","ast-featured-img":"","footer-sml-layout":"","theme-transparent-header-meta":"default","adv-header-id-meta":"","stick-header-meta":"","header-above-stick-meta":"","header-main-stick-meta":"","header-below-stick-meta":"","astra-migrate-meta-layouts":"default","ast-page-background-enabled":"default","ast-page-background-meta":{"desktop":{"background-color":"var(--ast-global-color-5)","background-image":"","background-repeat":"repeat","background-position":"center center","background-size":"auto","background-attachment":"scroll","background-type":"","background-media":"","overlay-type":"","overlay-color":"","overlay-opacity":"","overlay-gradient":""},"tablet":{"background-color":"","background-image":"","background-repeat":"repeat","background-position":"center center","background-size":"auto","background-attachment":"scroll","background-type":"","background-media":"","overlay-type":"","overlay-color":"","overlay-opacity":"","overlay-gradient":""},"mobile":{"background-color":"","background-image":"","background-repeat":"repeat","background-position":"center center","background-size":"auto","background-attachment":"scroll","background-type":"","background-media":"","overlay-type":"","overlay-color":"","overlay-opacity":"","overlay-gradient":""}},"ast-content-background-meta":{"desktop":{"background-color":"var(--ast-global-color-4)","background-image":"","background-repeat":"repeat","background-position":"center center","background-size":"auto","background-attachment":"scroll","background-type":"","background-media":"","overlay-type":"","overlay-color":"","overlay-opacity":"","overlay-gradient":""},"tablet":{"background-color":"var(--ast-global-color-4)","background-image":"","background-repeat":"repeat","background-position":"center center","background-size":"auto","background-attachment":"scroll","background-type":"","background-media":"","overlay-type":"","overlay-color":"","overlay-opacity":"","overlay-gradient":""},"mobile":{"background-color":"var(--ast-global-color-4)","background-image":"","background-repeat":"repeat","background-position":"center center","background-size":"auto","background-attachment":"scroll","background-type":"","background-media":"","overlay-type":"","overlay-color":"","overlay-opacity":"","overlay-gradient":""}}},"product_brand":[],"product_cat":[808,809],"product_tag":[823],"class_list":{"0":"post-8064","1":"product","2":"type-product","3":"status-publish","4":"has-post-thumbnail","6":"product_cat-schrittmotorkategorie","7":"product_cat-getriebe-schrittmotors","8":"product_tag-sonstige-gerate-schrittmotor","9":"pa_application-haushaltsgerate","10":"pa_geared-resistance-0-100-de","11":"pa_geared-resistance-101-200-de","12":"pa_geared-resistance-201-300-de","13":"desktop-align-left","14":"tablet-align-left","15":"mobile-align-left","17":"first","18":"instock","19":"shipping-taxable","20":"product-type-simple"},"yoast_head":"<!-- This site is optimized with the Yoast SEO plugin v27.2 - https:\/\/yoast.com\/product\/yoast-seo-wordpress\/ -->\n<title>50BYJ46 Getriebe-Schrittmotor &#8211; Leili Motor<\/title>\n<meta name=\"description\" content=\"Der Getriebe-Schrittmotor Leili 50BYJ46 (12\/24 V) verf\u00fcgt \u00fcber einen Widerstand von 40\u2013250 \u03a9 und gew\u00e4hrleistet so effiziente Leistung, pr\u00e4zise Steuerung und zuverl\u00e4ssige Drehmomentabgabe.\" \/>\n<meta name=\"robots\" content=\"index, follow, max-snippet:-1, max-image-preview:large, max-video-preview:-1\" \/>\n<link rel=\"canonical\" href=\"https:\/\/www.leili-motor.net\/de\/50byj46-getriebe-schrittmotor.html\" \/>\n<script type=\"application\/ld+json\" class=\"yoast-schema-graph\">{\"@context\":\"https:\/\/schema.org\",\"@graph\":[{\"@type\":\"WebPage\",\"@id\":\"https:\/\/www.leili-motor.net\/de\/50byj46-getriebe-schrittmotor.html\",\"url\":\"https:\/\/www.leili-motor.net\/de\/50byj46-getriebe-schrittmotor.html\",\"name\":\"50BYJ46 Getriebe-Schrittmotor &#8211; Leili Motor\",\"isPartOf\":{\"@id\":\"https:\/\/www.leili-motor.net\/de\/#website\"},\"primaryImageOfPage\":{\"@id\":\"https:\/\/www.leili-motor.net\/de\/50byj46-getriebe-schrittmotor.html#primaryimage\"},\"image\":{\"@id\":\"https:\/\/www.leili-motor.net\/de\/50byj46-getriebe-schrittmotor.html#primaryimage\"},\"thumbnailUrl\":\"https:\/\/www.leili-motor.net\/wp-content\/uploads\/2025\/03\/50BYJ46-Geared-Stepper-Motor.webp\",\"datePublished\":\"2025-03-05T07:50:31+00:00\",\"description\":\"Der Getriebe-Schrittmotor Leili 50BYJ46 (12\/24 V) verf\u00fcgt \u00fcber einen Widerstand von 40\u2013250 \u03a9 und gew\u00e4hrleistet so effiziente Leistung, pr\u00e4zise Steuerung und zuverl\u00e4ssige Drehmomentabgabe.\",\"breadcrumb\":{\"@id\":\"https:\/\/www.leili-motor.net\/de\/50byj46-getriebe-schrittmotor.html#breadcrumb\"},\"inLanguage\":\"de\",\"potentialAction\":[{\"@type\":\"ReadAction\",\"target\":[\"https:\/\/www.leili-motor.net\/de\/50byj46-getriebe-schrittmotor.html\"]}]},{\"@type\":\"ImageObject\",\"inLanguage\":\"de\",\"@id\":\"https:\/\/www.leili-motor.net\/de\/50byj46-getriebe-schrittmotor.html#primaryimage\",\"url\":\"https:\/\/www.leili-motor.net\/wp-content\/uploads\/2025\/03\/50BYJ46-Geared-Stepper-Motor.webp\",\"contentUrl\":\"https:\/\/www.leili-motor.net\/wp-content\/uploads\/2025\/03\/50BYJ46-Geared-Stepper-Motor.webp\",\"width\":454,\"height\":310,\"caption\":\"50BYJ46 Getriebe-Schrittmotor\"},{\"@type\":\"BreadcrumbList\",\"@id\":\"https:\/\/www.leili-motor.net\/de\/50byj46-getriebe-schrittmotor.html#breadcrumb\",\"itemListElement\":[{\"@type\":\"ListItem\",\"position\":1,\"name\":\"Home\",\"item\":\"https:\/\/www.leili-motor.net\/de\/\"},{\"@type\":\"ListItem\",\"position\":2,\"name\":\"Produkte\",\"item\":\"https:\/\/www.leili-motor.net\/de\/produkte.html\"},{\"@type\":\"ListItem\",\"position\":3,\"name\":\"50BYJ46 Getriebe-Schrittmotor\"}]},{\"@type\":\"WebSite\",\"@id\":\"https:\/\/www.leili-motor.net\/de\/#website\",\"url\":\"https:\/\/www.leili-motor.net\/de\/\",\"name\":\"Leili Motor\",\"description\":\"\",\"publisher\":{\"@id\":\"https:\/\/www.leili-motor.net\/de\/#organization\"},\"potentialAction\":[{\"@type\":\"SearchAction\",\"target\":{\"@type\":\"EntryPoint\",\"urlTemplate\":\"https:\/\/www.leili-motor.net\/de\/?s={search_term_string}\"},\"query-input\":{\"@type\":\"PropertyValueSpecification\",\"valueRequired\":true,\"valueName\":\"search_term_string\"}}],\"inLanguage\":\"de\"},{\"@type\":\"Organization\",\"@id\":\"https:\/\/www.leili-motor.net\/de\/#organization\",\"name\":\"Leili Motor\",\"url\":\"https:\/\/www.leili-motor.net\/de\/\",\"logo\":{\"@type\":\"ImageObject\",\"inLanguage\":\"de\",\"@id\":\"https:\/\/www.leili-motor.net\/de\/#\/schema\/logo\/image\/\",\"url\":\"https:\/\/www.leili-motor.net\/wp-content\/uploads\/2025\/03\/Leili-Motor.png\",\"contentUrl\":\"https:\/\/www.leili-motor.net\/wp-content\/uploads\/2025\/03\/Leili-Motor.png\",\"width\":600,\"height\":156,\"caption\":\"Leili Motor\"},\"image\":{\"@id\":\"https:\/\/www.leili-motor.net\/de\/#\/schema\/logo\/image\/\"}}]}<\/script>\n<!-- \/ Yoast SEO plugin. -->","yoast_head_json":{"title":"50BYJ46 Getriebe-Schrittmotor &#8211; Leili Motor","description":"Der Getriebe-Schrittmotor Leili 50BYJ46 (12\/24 V) verf\u00fcgt \u00fcber einen Widerstand von 40\u2013250 \u03a9 und gew\u00e4hrleistet so effiziente Leistung, pr\u00e4zise Steuerung und zuverl\u00e4ssige Drehmomentabgabe.","robots":{"index":"index","follow":"follow","max-snippet":"max-snippet:-1","max-image-preview":"max-image-preview:large","max-video-preview":"max-video-preview:-1"},"canonical":"https:\/\/www.leili-motor.net\/de\/50byj46-getriebe-schrittmotor.html","schema":{"@context":"https:\/\/schema.org","@graph":[{"@type":"WebPage","@id":"https:\/\/www.leili-motor.net\/de\/50byj46-getriebe-schrittmotor.html","url":"https:\/\/www.leili-motor.net\/de\/50byj46-getriebe-schrittmotor.html","name":"50BYJ46 Getriebe-Schrittmotor &#8211; Leili Motor","isPartOf":{"@id":"https:\/\/www.leili-motor.net\/de\/#website"},"primaryImageOfPage":{"@id":"https:\/\/www.leili-motor.net\/de\/50byj46-getriebe-schrittmotor.html#primaryimage"},"image":{"@id":"https:\/\/www.leili-motor.net\/de\/50byj46-getriebe-schrittmotor.html#primaryimage"},"thumbnailUrl":"https:\/\/www.leili-motor.net\/wp-content\/uploads\/2025\/03\/50BYJ46-Geared-Stepper-Motor.webp","datePublished":"2025-03-05T07:50:31+00:00","description":"Der Getriebe-Schrittmotor Leili 50BYJ46 (12\/24 V) verf\u00fcgt \u00fcber einen Widerstand von 40\u2013250 \u03a9 und gew\u00e4hrleistet so effiziente Leistung, pr\u00e4zise Steuerung und zuverl\u00e4ssige Drehmomentabgabe.","breadcrumb":{"@id":"https:\/\/www.leili-motor.net\/de\/50byj46-getriebe-schrittmotor.html#breadcrumb"},"inLanguage":"de","potentialAction":[{"@type":"ReadAction","target":["https:\/\/www.leili-motor.net\/de\/50byj46-getriebe-schrittmotor.html"]}]},{"@type":"ImageObject","inLanguage":"de","@id":"https:\/\/www.leili-motor.net\/de\/50byj46-getriebe-schrittmotor.html#primaryimage","url":"https:\/\/www.leili-motor.net\/wp-content\/uploads\/2025\/03\/50BYJ46-Geared-Stepper-Motor.webp","contentUrl":"https:\/\/www.leili-motor.net\/wp-content\/uploads\/2025\/03\/50BYJ46-Geared-Stepper-Motor.webp","width":454,"height":310,"caption":"50BYJ46 Getriebe-Schrittmotor"},{"@type":"BreadcrumbList","@id":"https:\/\/www.leili-motor.net\/de\/50byj46-getriebe-schrittmotor.html#breadcrumb","itemListElement":[{"@type":"ListItem","position":1,"name":"Home","item":"https:\/\/www.leili-motor.net\/de\/"},{"@type":"ListItem","position":2,"name":"Produkte","item":"https:\/\/www.leili-motor.net\/de\/produkte.html"},{"@type":"ListItem","position":3,"name":"50BYJ46 Getriebe-Schrittmotor"}]},{"@type":"WebSite","@id":"https:\/\/www.leili-motor.net\/de\/#website","url":"https:\/\/www.leili-motor.net\/de\/","name":"Leili Motor","description":"","publisher":{"@id":"https:\/\/www.leili-motor.net\/de\/#organization"},"potentialAction":[{"@type":"SearchAction","target":{"@type":"EntryPoint","urlTemplate":"https:\/\/www.leili-motor.net\/de\/?s={search_term_string}"},"query-input":{"@type":"PropertyValueSpecification","valueRequired":true,"valueName":"search_term_string"}}],"inLanguage":"de"},{"@type":"Organization","@id":"https:\/\/www.leili-motor.net\/de\/#organization","name":"Leili Motor","url":"https:\/\/www.leili-motor.net\/de\/","logo":{"@type":"ImageObject","inLanguage":"de","@id":"https:\/\/www.leili-motor.net\/de\/#\/schema\/logo\/image\/","url":"https:\/\/www.leili-motor.net\/wp-content\/uploads\/2025\/03\/Leili-Motor.png","contentUrl":"https:\/\/www.leili-motor.net\/wp-content\/uploads\/2025\/03\/Leili-Motor.png","width":600,"height":156,"caption":"Leili Motor"},"image":{"@id":"https:\/\/www.leili-motor.net\/de\/#\/schema\/logo\/image\/"}}]}},"_links":{"self":[{"href":"https:\/\/www.leili-motor.net\/de\/wp-json\/wp\/v2\/product\/8064","targetHints":{"allow":["GET"]}}],"collection":[{"href":"https:\/\/www.leili-motor.net\/de\/wp-json\/wp\/v2\/product"}],"about":[{"href":"https:\/\/www.leili-motor.net\/de\/wp-json\/wp\/v2\/types\/product"}],"replies":[{"embeddable":true,"href":"https:\/\/www.leili-motor.net\/de\/wp-json\/wp\/v2\/comments?post=8064"}],"wp:featuredmedia":[{"embeddable":true,"href":"https:\/\/www.leili-motor.net\/de\/wp-json\/wp\/v2\/media\/8065"}],"wp:attachment":[{"href":"https:\/\/www.leili-motor.net\/de\/wp-json\/wp\/v2\/media?parent=8064"}],"wp:term":[{"taxonomy":"product_brand","embeddable":true,"href":"https:\/\/www.leili-motor.net\/de\/wp-json\/wp\/v2\/product_brand?post=8064"},{"taxonomy":"product_cat","embeddable":true,"href":"https:\/\/www.leili-motor.net\/de\/wp-json\/wp\/v2\/product_cat?post=8064"},{"taxonomy":"product_tag","embeddable":true,"href":"https:\/\/www.leili-motor.net\/de\/wp-json\/wp\/v2\/product_tag?post=8064"}],"curies":[{"name":"wp","href":"https:\/\/api.w.org\/{rel}","templated":true}]}}