{"id":8112,"date":"2025-03-06T16:35:12","date_gmt":"2025-03-06T08:35:12","guid":{"rendered":"https:\/\/www.leili-motor.net\/42bygh-hybrid-schrittmotor\/"},"modified":"2025-03-06T16:35:12","modified_gmt":"2025-03-06T08:35:12","slug":"42bygh-hybrid-schrittmotor","status":"publish","type":"product","link":"https:\/\/www.leili-motor.net\/de\/42bygh-hybrid-schrittmotor.html","title":{"rendered":"42BYGH Hybrid-Schrittmotor"},"content":{"rendered":"<h2>Produktparameter<\/h2>\n<h3>Unipolarer Antrieb<\/h3>\n<table>\n<tbody>\n<tr>\n<td>Motormodell<\/td>\n<td>Schrittwinkel<\/td>\n<td>Phasenspannung<\/td>\n<td>Aktuell<\/td>\n<td>Widerstand<\/td>\n<td>Induktivit\u00e4t<\/td>\n<td>Haltedrehmoment<\/td>\n<td>Laufdrehmoment<\/td>\n<td>Starth\u00e4ufigkeit<\/td>\n<td>Trainingsh\u00e4ufigkeit<\/td>\n<td>Gewicht<\/td>\n<td>Gesamth\u00f6he<\/td>\n<\/tr>\n<tr>\n<td><\/td>\n<td>(\u00b0)<\/td>\n<td>(VDC)<\/td>\n<td>(A)<\/td>\n<td>(\u03a9)<\/td>\n<td>(mH)<\/td>\n<td>(mN.m)<\/td>\n<td>(mN.m)<\/td>\n<td>(PPS)<\/td>\n<td>(PPS)<\/td>\n<td>(Kg)<\/td>\n<td>\uff08mm\uff09<\/td>\n<\/tr>\n<tr>\n<td>42BYGH15-1<\/td>\n<td>1.8<\/td>\n<td>12.3<\/td>\n<td>0.28<\/td>\n<td>44<\/td>\n<td>21<\/td>\n<td>\u2265160<\/td>\n<td>\u2265120<\/td>\n<td>1700<\/td>\n<td>2700<\/td>\n<td>0.2<\/td>\n<td>34<\/td>\n<\/tr>\n<tr>\n<td>42BYGH22-1<\/td>\n<td>1.8<\/td>\n<td>3.6<\/td>\n<td>0.8<\/td>\n<td>4.5<\/td>\n<td>4<\/td>\n<td>\u2265235<\/td>\n<td>\u2265170<\/td>\n<td>1600<\/td>\n<td>3600<\/td>\n<td>0.3<\/td>\n<td>40<\/td>\n<\/tr>\n<tr>\n<td>42BYGH22-2<\/td>\n<td>1.8<\/td>\n<td>9.6<\/td>\n<td>0.53<\/td>\n<td>18<\/td>\n<td>15<\/td>\n<td>\u2265260<\/td>\n<td>\u2265130<\/td>\n<td>1600<\/td>\n<td>2500<\/td>\n<td>0.3<\/td>\n<td>40<\/td>\n<\/tr>\n<tr>\n<td>42BYGH30-15<\/td>\n<td>0.9<\/td>\n<td>2.2<\/td>\n<td>2<\/td>\n<td>1.1<\/td>\n<td>0.9<\/td>\n<td>\u2265313<\/td>\n<td>\u2265160<\/td>\n<td>2000<\/td>\n<td>3000<\/td>\n<td>0.42<\/td>\n<td>48<\/td>\n<\/tr>\n<\/tbody>\n<\/table>\n<h3>Bipolarer Antrieb<\/h3>\n<table>\n<tbody>\n<tr>\n<td>Motormodell<\/td>\n<td>Schrittwinkel<\/td>\n<td>Phasenspannung<\/td>\n<td>Aktuell<\/td>\n<td>Widerstand<\/td>\n<td>Induktivit\u00e4t<\/td>\n<td>Haltedrehmoment<\/td>\n<td>Laufdrehmoment<\/td>\n<td>Starth\u00e4ufigkeit<\/td>\n<td>Trainingsh\u00e4ufigkeit<\/td>\n<td>Gewicht<\/td>\n<td>Gesamth\u00f6he<\/td>\n<\/tr>\n<tr>\n<td><\/td>\n<td>(\u00b0)<\/td>\n<td>(VDC)<\/td>\n<td>(A)<\/td>\n<td>(\u03a9)<\/td>\n<td>(mH)<\/td>\n<td>(mN.m)<\/td>\n<td>(mN.m)<\/td>\n<td>(PPS)<\/td>\n<td>(PPS)<\/td>\n<td>(Kg)<\/td>\n<td>\uff08mm\uff09<\/td>\n<\/tr>\n<tr>\n<td>42BYGH15-3<\/td>\n<td>1.8<\/td>\n<td>12<\/td>\n<td>0.4<\/td>\n<td>30<\/td>\n<td>37<\/td>\n<td>\u2265255<\/td>\n<td>\u2265200<\/td>\n<td>2200<\/td>\n<td>3500<\/td>\n<td>0.2<\/td>\n<td>34<\/td>\n<\/tr>\n<tr>\n<td>42BYGH22-3<\/td>\n<td>1.8<\/td>\n<td>87<\/td>\n<td>0.87<\/td>\n<td>3.3<\/td>\n<td>5<\/td>\n<td>\u2265235<\/td>\n<td>\u2265190<\/td>\n<td>2500<\/td>\n<td>6000<\/td>\n<td>0.3<\/td>\n<td>40<\/td>\n<\/tr>\n<tr>\n<td>42BYGH9-1<\/td>\n<td>1.8<\/td>\n<td>3.2<\/td>\n<td>1.7<\/td>\n<td>3.1<\/td>\n<td>4.5<\/td>\n<td>\u2265310<\/td>\n<td>\u2265260<\/td>\n<td>1800<\/td>\n<td>400<\/td>\n<td>0.3<\/td>\n<td>27<\/td>\n<\/tr>\n<\/tbody>\n<\/table>\n<h2>Mechanische Abmessungen: mm<\/h2>\n<p><img fetchpriority=\"high\" decoding=\"async\" class=\"size-full wp-image-1091 aligncenter\" src=\"https:\/\/www.leili-motor.net\/wp-content\/uploads\/2025\/03\/Hybrid-Stepper-Motor-42BYGH-dimension.webp\" alt=\"Hybrid-Schrittmotor 42BYGH-Abmessung\" width=\"759\" height=\"562\" srcset=\"https:\/\/www.leili-motor.net\/wp-content\/uploads\/2025\/03\/Hybrid-Stepper-Motor-42BYGH-dimension.webp 759w, https:\/\/www.leili-motor.net\/wp-content\/uploads\/2025\/03\/Hybrid-Stepper-Motor-42BYGH-dimension-300x222.webp 300w, https:\/\/www.leili-motor.net\/wp-content\/uploads\/2025\/03\/Hybrid-Stepper-Motor-42BYGH-dimension-600x444.webp 600w\" sizes=\"(max-width: 759px) 100vw, 759px\" \/><\/p>\n","protected":false},"excerpt":{"rendered":"<h3>Produkteinf\u00fchrung<\/h3>\n<ul>\n<li>Modell:42BYGH<\/li>\n<li>Der Hybrid-Schrittmotor 42BYGH unterst\u00fctzt sowohl unipolare als auch bipolare Antriebe.<\/li>\n<li>bieten einen Schrittwinkel von 1,8\u00b0, einen Strom von 0,28\u20130,8 A und ein Drehmoment von \u2265160\u2013313 mN.m.<\/li>\n<\/ul>\n<h3>Anwendung<\/h3>\n<ul>\n<li>Branche: Monitore, OA-Finanzger\u00e4te, Waagen, B\u00fchnenbeleuchtung<\/li>\n<li>Sportgesundheit: Medizinische Ger\u00e4te<\/li>\n<\/ul>\n<h3>Optionale Teile<\/h3>\n<p>Planetengetriebe, Gewindespindel, Hohlwelle, Antrieb<\/p>\n","protected":false},"featured_media":8113,"comment_status":"open","ping_status":"closed","template":"","meta":{"site-sidebar-layout":"default","site-content-layout":"","ast-site-content-layout":"default","site-content-style":"default","site-sidebar-style":"default","ast-global-header-display":"","ast-banner-title-visibility":"","ast-main-header-display":"","ast-hfb-above-header-display":"","ast-hfb-below-header-display":"","ast-hfb-mobile-header-display":"","site-post-title":"","ast-breadcrumbs-content":"","ast-featured-img":"","footer-sml-layout":"","theme-transparent-header-meta":"default","adv-header-id-meta":"","stick-header-meta":"","header-above-stick-meta":"","header-main-stick-meta":"","header-below-stick-meta":"","astra-migrate-meta-layouts":"default","ast-page-background-enabled":"default","ast-page-background-meta":{"desktop":{"background-color":"var(--ast-global-color-5)","background-image":"","background-repeat":"repeat","background-position":"center center","background-size":"auto","background-attachment":"scroll","background-type":"","background-media":"","overlay-type":"","overlay-color":"","overlay-opacity":"","overlay-gradient":""},"tablet":{"background-color":"","background-image":"","background-repeat":"repeat","background-position":"center center","background-size":"auto","background-attachment":"scroll","background-type":"","background-media":"","overlay-type":"","overlay-color":"","overlay-opacity":"","overlay-gradient":""},"mobile":{"background-color":"","background-image":"","background-repeat":"repeat","background-position":"center center","background-size":"auto","background-attachment":"scroll","background-type":"","background-media":"","overlay-type":"","overlay-color":"","overlay-opacity":"","overlay-gradient":""}},"ast-content-background-meta":{"desktop":{"background-color":"var(--ast-global-color-4)","background-image":"","background-repeat":"repeat","background-position":"center center","background-size":"auto","background-attachment":"scroll","background-type":"","background-media":"","overlay-type":"","overlay-color":"","overlay-opacity":"","overlay-gradient":""},"tablet":{"background-color":"var(--ast-global-color-4)","background-image":"","background-repeat":"repeat","background-position":"center center","background-size":"auto","background-attachment":"scroll","background-type":"","background-media":"","overlay-type":"","overlay-color":"","overlay-opacity":"","overlay-gradient":""},"mobile":{"background-color":"var(--ast-global-color-4)","background-image":"","background-repeat":"repeat","background-position":"center center","background-size":"auto","background-attachment":"scroll","background-type":"","background-media":"","overlay-type":"","overlay-color":"","overlay-opacity":"","overlay-gradient":""}}},"product_brand":[],"product_cat":[808,850],"product_tag":[],"class_list":{"0":"post-8112","1":"product","2":"type-product","3":"status-publish","4":"has-post-thumbnail","6":"product_cat-schrittmotorkategorie","7":"product_cat-hybrid-schrittmotors","8":"pa_application-industrie","9":"desktop-align-left","10":"tablet-align-left","11":"mobile-align-left","13":"first","14":"instock","15":"shipping-taxable","16":"product-type-simple"},"yoast_head":"<!-- This site is optimized with the Yoast SEO plugin v27.2 - https:\/\/yoast.com\/product\/yoast-seo-wordpress\/ -->\n<title>42BYGH Hybrid-Schrittmotor &#8211; Leili Motor<\/title>\n<meta name=\"description\" content=\"Der Hybrid-Schrittmotor 42BYGH verf\u00fcgt \u00fcber unipolare und bipolare Antriebe und bietet Schrittwinkel von 0,9\u00b0 bis 1,8\u00b0, ein hohes Drehmoment und zuverl\u00e4ssige Leistung f\u00fcr pr\u00e4zise Bewegungen.\" \/>\n<meta name=\"robots\" content=\"index, follow, max-snippet:-1, max-image-preview:large, max-video-preview:-1\" \/>\n<link rel=\"canonical\" href=\"https:\/\/www.leili-motor.net\/de\/42bygh-hybrid-schrittmotor.html\" \/>\n<script type=\"application\/ld+json\" class=\"yoast-schema-graph\">{\"@context\":\"https:\/\/schema.org\",\"@graph\":[{\"@type\":\"WebPage\",\"@id\":\"https:\/\/www.leili-motor.net\/de\/42bygh-hybrid-schrittmotor.html\",\"url\":\"https:\/\/www.leili-motor.net\/de\/42bygh-hybrid-schrittmotor.html\",\"name\":\"42BYGH Hybrid-Schrittmotor &#8211; Leili Motor\",\"isPartOf\":{\"@id\":\"https:\/\/www.leili-motor.net\/de\/#website\"},\"primaryImageOfPage\":{\"@id\":\"https:\/\/www.leili-motor.net\/de\/42bygh-hybrid-schrittmotor.html#primaryimage\"},\"image\":{\"@id\":\"https:\/\/www.leili-motor.net\/de\/42bygh-hybrid-schrittmotor.html#primaryimage\"},\"thumbnailUrl\":\"https:\/\/www.leili-motor.net\/wp-content\/uploads\/2025\/03\/Hybrid-Stepper-Motor-42BYGH.webp\",\"datePublished\":\"2025-03-06T08:35:12+00:00\",\"description\":\"Der Hybrid-Schrittmotor 42BYGH verf\u00fcgt \u00fcber unipolare und bipolare Antriebe und bietet Schrittwinkel von 0,9\u00b0 bis 1,8\u00b0, ein hohes Drehmoment und zuverl\u00e4ssige Leistung f\u00fcr pr\u00e4zise Bewegungen.\",\"breadcrumb\":{\"@id\":\"https:\/\/www.leili-motor.net\/de\/42bygh-hybrid-schrittmotor.html#breadcrumb\"},\"inLanguage\":\"de\",\"potentialAction\":[{\"@type\":\"ReadAction\",\"target\":[\"https:\/\/www.leili-motor.net\/de\/42bygh-hybrid-schrittmotor.html\"]}]},{\"@type\":\"ImageObject\",\"inLanguage\":\"de\",\"@id\":\"https:\/\/www.leili-motor.net\/de\/42bygh-hybrid-schrittmotor.html#primaryimage\",\"url\":\"https:\/\/www.leili-motor.net\/wp-content\/uploads\/2025\/03\/Hybrid-Stepper-Motor-42BYGH.webp\",\"contentUrl\":\"https:\/\/www.leili-motor.net\/wp-content\/uploads\/2025\/03\/Hybrid-Stepper-Motor-42BYGH.webp\",\"width\":454,\"height\":310,\"caption\":\"Hybrid-Schrittmotor 42BYGH\"},{\"@type\":\"BreadcrumbList\",\"@id\":\"https:\/\/www.leili-motor.net\/de\/42bygh-hybrid-schrittmotor.html#breadcrumb\",\"itemListElement\":[{\"@type\":\"ListItem\",\"position\":1,\"name\":\"Home\",\"item\":\"https:\/\/www.leili-motor.net\/de\/\"},{\"@type\":\"ListItem\",\"position\":2,\"name\":\"Produkte\",\"item\":\"https:\/\/www.leili-motor.net\/de\/produkte.html\"},{\"@type\":\"ListItem\",\"position\":3,\"name\":\"42BYGH Hybrid-Schrittmotor\"}]},{\"@type\":\"WebSite\",\"@id\":\"https:\/\/www.leili-motor.net\/de\/#website\",\"url\":\"https:\/\/www.leili-motor.net\/de\/\",\"name\":\"Leili Motor\",\"description\":\"\",\"publisher\":{\"@id\":\"https:\/\/www.leili-motor.net\/de\/#organization\"},\"potentialAction\":[{\"@type\":\"SearchAction\",\"target\":{\"@type\":\"EntryPoint\",\"urlTemplate\":\"https:\/\/www.leili-motor.net\/de\/?s={search_term_string}\"},\"query-input\":{\"@type\":\"PropertyValueSpecification\",\"valueRequired\":true,\"valueName\":\"search_term_string\"}}],\"inLanguage\":\"de\"},{\"@type\":\"Organization\",\"@id\":\"https:\/\/www.leili-motor.net\/de\/#organization\",\"name\":\"Leili Motor\",\"url\":\"https:\/\/www.leili-motor.net\/de\/\",\"logo\":{\"@type\":\"ImageObject\",\"inLanguage\":\"de\",\"@id\":\"https:\/\/www.leili-motor.net\/de\/#\/schema\/logo\/image\/\",\"url\":\"https:\/\/www.leili-motor.net\/wp-content\/uploads\/2025\/03\/Leili-Motor.png\",\"contentUrl\":\"https:\/\/www.leili-motor.net\/wp-content\/uploads\/2025\/03\/Leili-Motor.png\",\"width\":600,\"height\":156,\"caption\":\"Leili Motor\"},\"image\":{\"@id\":\"https:\/\/www.leili-motor.net\/de\/#\/schema\/logo\/image\/\"}}]}<\/script>\n<!-- \/ Yoast SEO plugin. -->","yoast_head_json":{"title":"42BYGH Hybrid-Schrittmotor &#8211; Leili Motor","description":"Der Hybrid-Schrittmotor 42BYGH verf\u00fcgt \u00fcber unipolare und bipolare Antriebe und bietet Schrittwinkel von 0,9\u00b0 bis 1,8\u00b0, ein hohes Drehmoment und zuverl\u00e4ssige Leistung f\u00fcr pr\u00e4zise Bewegungen.","robots":{"index":"index","follow":"follow","max-snippet":"max-snippet:-1","max-image-preview":"max-image-preview:large","max-video-preview":"max-video-preview:-1"},"canonical":"https:\/\/www.leili-motor.net\/de\/42bygh-hybrid-schrittmotor.html","schema":{"@context":"https:\/\/schema.org","@graph":[{"@type":"WebPage","@id":"https:\/\/www.leili-motor.net\/de\/42bygh-hybrid-schrittmotor.html","url":"https:\/\/www.leili-motor.net\/de\/42bygh-hybrid-schrittmotor.html","name":"42BYGH Hybrid-Schrittmotor &#8211; Leili Motor","isPartOf":{"@id":"https:\/\/www.leili-motor.net\/de\/#website"},"primaryImageOfPage":{"@id":"https:\/\/www.leili-motor.net\/de\/42bygh-hybrid-schrittmotor.html#primaryimage"},"image":{"@id":"https:\/\/www.leili-motor.net\/de\/42bygh-hybrid-schrittmotor.html#primaryimage"},"thumbnailUrl":"https:\/\/www.leili-motor.net\/wp-content\/uploads\/2025\/03\/Hybrid-Stepper-Motor-42BYGH.webp","datePublished":"2025-03-06T08:35:12+00:00","description":"Der Hybrid-Schrittmotor 42BYGH verf\u00fcgt \u00fcber unipolare und bipolare Antriebe und bietet Schrittwinkel von 0,9\u00b0 bis 1,8\u00b0, ein hohes Drehmoment und zuverl\u00e4ssige Leistung f\u00fcr pr\u00e4zise Bewegungen.","breadcrumb":{"@id":"https:\/\/www.leili-motor.net\/de\/42bygh-hybrid-schrittmotor.html#breadcrumb"},"inLanguage":"de","potentialAction":[{"@type":"ReadAction","target":["https:\/\/www.leili-motor.net\/de\/42bygh-hybrid-schrittmotor.html"]}]},{"@type":"ImageObject","inLanguage":"de","@id":"https:\/\/www.leili-motor.net\/de\/42bygh-hybrid-schrittmotor.html#primaryimage","url":"https:\/\/www.leili-motor.net\/wp-content\/uploads\/2025\/03\/Hybrid-Stepper-Motor-42BYGH.webp","contentUrl":"https:\/\/www.leili-motor.net\/wp-content\/uploads\/2025\/03\/Hybrid-Stepper-Motor-42BYGH.webp","width":454,"height":310,"caption":"Hybrid-Schrittmotor 42BYGH"},{"@type":"BreadcrumbList","@id":"https:\/\/www.leili-motor.net\/de\/42bygh-hybrid-schrittmotor.html#breadcrumb","itemListElement":[{"@type":"ListItem","position":1,"name":"Home","item":"https:\/\/www.leili-motor.net\/de\/"},{"@type":"ListItem","position":2,"name":"Produkte","item":"https:\/\/www.leili-motor.net\/de\/produkte.html"},{"@type":"ListItem","position":3,"name":"42BYGH Hybrid-Schrittmotor"}]},{"@type":"WebSite","@id":"https:\/\/www.leili-motor.net\/de\/#website","url":"https:\/\/www.leili-motor.net\/de\/","name":"Leili Motor","description":"","publisher":{"@id":"https:\/\/www.leili-motor.net\/de\/#organization"},"potentialAction":[{"@type":"SearchAction","target":{"@type":"EntryPoint","urlTemplate":"https:\/\/www.leili-motor.net\/de\/?s={search_term_string}"},"query-input":{"@type":"PropertyValueSpecification","valueRequired":true,"valueName":"search_term_string"}}],"inLanguage":"de"},{"@type":"Organization","@id":"https:\/\/www.leili-motor.net\/de\/#organization","name":"Leili Motor","url":"https:\/\/www.leili-motor.net\/de\/","logo":{"@type":"ImageObject","inLanguage":"de","@id":"https:\/\/www.leili-motor.net\/de\/#\/schema\/logo\/image\/","url":"https:\/\/www.leili-motor.net\/wp-content\/uploads\/2025\/03\/Leili-Motor.png","contentUrl":"https:\/\/www.leili-motor.net\/wp-content\/uploads\/2025\/03\/Leili-Motor.png","width":600,"height":156,"caption":"Leili Motor"},"image":{"@id":"https:\/\/www.leili-motor.net\/de\/#\/schema\/logo\/image\/"}}]}},"_links":{"self":[{"href":"https:\/\/www.leili-motor.net\/de\/wp-json\/wp\/v2\/product\/8112","targetHints":{"allow":["GET"]}}],"collection":[{"href":"https:\/\/www.leili-motor.net\/de\/wp-json\/wp\/v2\/product"}],"about":[{"href":"https:\/\/www.leili-motor.net\/de\/wp-json\/wp\/v2\/types\/product"}],"replies":[{"embeddable":true,"href":"https:\/\/www.leili-motor.net\/de\/wp-json\/wp\/v2\/comments?post=8112"}],"wp:featuredmedia":[{"embeddable":true,"href":"https:\/\/www.leili-motor.net\/de\/wp-json\/wp\/v2\/media\/8113"}],"wp:attachment":[{"href":"https:\/\/www.leili-motor.net\/de\/wp-json\/wp\/v2\/media?parent=8112"}],"wp:term":[{"taxonomy":"product_brand","embeddable":true,"href":"https:\/\/www.leili-motor.net\/de\/wp-json\/wp\/v2\/product_brand?post=8112"},{"taxonomy":"product_cat","embeddable":true,"href":"https:\/\/www.leili-motor.net\/de\/wp-json\/wp\/v2\/product_cat?post=8112"},{"taxonomy":"product_tag","embeddable":true,"href":"https:\/\/www.leili-motor.net\/de\/wp-json\/wp\/v2\/product_tag?post=8112"}],"curies":[{"name":"wp","href":"https:\/\/api.w.org\/{rel}","templated":true}]}}