{"id":8134,"date":"2025-03-06T15:21:56","date_gmt":"2025-03-06T07:21:56","guid":{"rendered":"https:\/\/www.leili-motor.net\/85bygh-hybrid-schrittmotor\/"},"modified":"2025-03-06T15:21:56","modified_gmt":"2025-03-06T07:21:56","slug":"85bygh-hybrid-schrittmotor","status":"publish","type":"product","link":"https:\/\/www.leili-motor.net\/de\/85bygh-hybrid-schrittmotor.html","title":{"rendered":"85BYGH Hybrid-Schrittmotor"},"content":{"rendered":"<h2>Produktparameter<\/h2>\n<table>\n<tbody>\n<tr>\n<td>Motormodell<\/td>\n<td>K\u00f6rpergr\u00f6\u00dfe<\/td>\n<td rowspan=\"4\">Phase<\/td>\n<td>Schrittwinkel<\/td>\n<td>Phasenspannung<\/td>\n<td>Phasenstrom<\/td>\n<td>Phasenwiderstand<\/td>\n<td>Phaseninduktivit\u00e4t<\/td>\n<td>Haltedrehmoment<\/td>\n<td>Isolationswiderstand<\/td>\n<td>Isolationsdruckbest\u00e4ndigkeit<\/td>\n<td>Temperaturanstieg<\/td>\n<td>Isolationsniveau<\/td>\n<\/tr>\n<tr>\n<td><\/td>\n<td>(L)<\/td>\n<td>(Ganz)<\/td>\n<td>(VDC)<\/td>\n<td>(A)<\/td>\n<td>(20\u2103)<\/td>\n<td>(0.3V, 1kHz)<\/td>\n<td>(2-Phasenerregung)<\/td>\n<td>(DC500V)<\/td>\n<td>(AC600V<\/td>\n<td>(K)<\/td>\n<td><\/td>\n<\/tr>\n<tr>\n<td><\/td>\n<td><\/td>\n<td>(\u00b15%)<\/td>\n<td><\/td>\n<td><\/td>\n<td>(\u00b15%)<\/td>\n<td>(\u00b120%)<\/td>\n<td>(N\u00b7m)<\/td>\n<td>(M\u03a9)<\/td>\n<td>1s 3(mA)<\/td>\n<td><\/td>\n<td><\/td>\n<\/tr>\n<tr>\n<td><\/td>\n<td><\/td>\n<td>(\u00b0)<\/td>\n<td><\/td>\n<td><\/td>\n<td>(\u03a9)<\/td>\n<td>(mH)<\/td>\n<td><\/td>\n<td><\/td>\n<td><\/td>\n<td><\/td>\n<td><\/td>\n<\/tr>\n<tr>\n<td>85BYGH33-X<\/td>\n<td>68<\/td>\n<td>2<\/td>\n<td>1.8<\/td>\n<td>1.68<\/td>\n<td>4<\/td>\n<td>0.42<\/td>\n<td>3<\/td>\n<td>\u2265 3.5<\/td>\n<td>&gt;  100<\/td>\n<td>Kein Lichtbogendurchschlag<\/td>\n<td>\u2264 80<\/td>\n<td>B<\/td>\n<\/tr>\n<tr>\n<td>85BYGH43-X<\/td>\n<td>78<\/td>\n<td>2<\/td>\n<td>1.8<\/td>\n<td>2.7<\/td>\n<td>6<\/td>\n<td>0.45<\/td>\n<td>3.5<\/td>\n<td>\u2265 4.5<\/td>\n<td>&gt;  100<\/td>\n<td>Kein Lichtbogendurchschlag<\/td>\n<td>\u2264 80<\/td>\n<td>B<\/td>\n<\/tr>\n<tr>\n<td>85BYGH62-X<\/td>\n<td>98<\/td>\n<td>2<\/td>\n<td>1.8<\/td>\n<td>3<\/td>\n<td>6<\/td>\n<td>0.5<\/td>\n<td>5<\/td>\n<td>\u2265 8<\/td>\n<td>&gt;  100<\/td>\n<td>Kein Lichtbogendurchschlag<\/td>\n<td>\u2264 80<\/td>\n<td>B<\/td>\n<\/tr>\n<tr>\n<td>85BYGH83-X<\/td>\n<td>118<\/td>\n<td>2<\/td>\n<td>1.8<\/td>\n<td>3.3<\/td>\n<td>6<\/td>\n<td>0.55<\/td>\n<td>5.5<\/td>\n<td>\u2265 8.5<\/td>\n<td>&gt;  100<\/td>\n<td>Kein Lichtbogendurchschlag<\/td>\n<td>\u2264 80<\/td>\n<td>B<\/td>\n<\/tr>\n<tr>\n<td>85BYGH91-X<\/td>\n<td>126<\/td>\n<td>2<\/td>\n<td>1.8<\/td>\n<td>3.9<\/td>\n<td>6<\/td>\n<td>0.65<\/td>\n<td>6.5<\/td>\n<td>\u2265 10<\/td>\n<td>&gt;  100<\/td>\n<td>Kein Lichtbogendurchschlag<\/td>\n<td>\u2264 80<\/td>\n<td>B<\/td>\n<\/tr>\n<\/tbody>\n<\/table>\n<h2>Mechanische Abmessungen: mm<\/h2>\n<p><img fetchpriority=\"high\" decoding=\"async\" class=\"size-full wp-image-1029 aligncenter\" src=\"https:\/\/www.leili-motor.net\/wp-content\/uploads\/2025\/03\/Hybrid-Stepper-Motor-85BYGH-Dimension.webp\" alt=\"Hybrid-Schrittmotor 85BYGH Dimension\" width=\"759\" height=\"562\" srcset=\"https:\/\/www.leili-motor.net\/wp-content\/uploads\/2025\/03\/Hybrid-Stepper-Motor-85BYGH-Dimension.webp 759w, https:\/\/www.leili-motor.net\/wp-content\/uploads\/2025\/03\/Hybrid-Stepper-Motor-85BYGH-Dimension-300x222.webp 300w, https:\/\/www.leili-motor.net\/wp-content\/uploads\/2025\/03\/Hybrid-Stepper-Motor-85BYGH-Dimension-600x444.webp 600w\" sizes=\"(max-width: 759px) 100vw, 759px\" \/><\/p>\n","protected":false},"excerpt":{"rendered":"<h3>Produkteinf\u00fchrung<\/h3>\n<ul>\n<li>Modell: 85BYGH<\/li>\n<li>85BYGH-Motoren liefern ein Drehmoment von 3,5\u201310 Nm und einen Schrittwinkel von 1,8\u00b0 und gew\u00e4hrleisten so eine pr\u00e4zise Positionierung.<\/li>\n<li>Mit Isolationsklasse B und \u226480 K Temperaturanstieg bieten Motoren einen zuverl\u00e4ssigen und sicheren Betrieb.<\/li>\n<\/ul>\n<h3>Produktanwendung<\/h3>\n<ul>\n<li>Branche: Baumaschinen, Industriemaschinen<\/li>\n<\/ul>\n<h3>Optionale Teile<\/h3>\n<p>Planetengetriebe, Gewindespindel, Hohlwelle, Antrieb<\/p>\n","protected":false},"featured_media":8135,"comment_status":"open","ping_status":"closed","template":"","meta":{"site-sidebar-layout":"default","site-content-layout":"","ast-site-content-layout":"default","site-content-style":"default","site-sidebar-style":"default","ast-global-header-display":"","ast-banner-title-visibility":"","ast-main-header-display":"","ast-hfb-above-header-display":"","ast-hfb-below-header-display":"","ast-hfb-mobile-header-display":"","site-post-title":"","ast-breadcrumbs-content":"","ast-featured-img":"","footer-sml-layout":"","theme-transparent-header-meta":"default","adv-header-id-meta":"","stick-header-meta":"","header-above-stick-meta":"","header-main-stick-meta":"","header-below-stick-meta":"","astra-migrate-meta-layouts":"default","ast-page-background-enabled":"default","ast-page-background-meta":{"desktop":{"background-color":"var(--ast-global-color-5)","background-image":"","background-repeat":"repeat","background-position":"center center","background-size":"auto","background-attachment":"scroll","background-type":"","background-media":"","overlay-type":"","overlay-color":"","overlay-opacity":"","overlay-gradient":""},"tablet":{"background-color":"","background-image":"","background-repeat":"repeat","background-position":"center center","background-size":"auto","background-attachment":"scroll","background-type":"","background-media":"","overlay-type":"","overlay-color":"","overlay-opacity":"","overlay-gradient":""},"mobile":{"background-color":"","background-image":"","background-repeat":"repeat","background-position":"center center","background-size":"auto","background-attachment":"scroll","background-type":"","background-media":"","overlay-type":"","overlay-color":"","overlay-opacity":"","overlay-gradient":""}},"ast-content-background-meta":{"desktop":{"background-color":"var(--ast-global-color-4)","background-image":"","background-repeat":"repeat","background-position":"center center","background-size":"auto","background-attachment":"scroll","background-type":"","background-media":"","overlay-type":"","overlay-color":"","overlay-opacity":"","overlay-gradient":""},"tablet":{"background-color":"var(--ast-global-color-4)","background-image":"","background-repeat":"repeat","background-position":"center center","background-size":"auto","background-attachment":"scroll","background-type":"","background-media":"","overlay-type":"","overlay-color":"","overlay-opacity":"","overlay-gradient":""},"mobile":{"background-color":"var(--ast-global-color-4)","background-image":"","background-repeat":"repeat","background-position":"center center","background-size":"auto","background-attachment":"scroll","background-type":"","background-media":"","overlay-type":"","overlay-color":"","overlay-opacity":"","overlay-gradient":""}}},"product_brand":[],"product_cat":[808,850],"product_tag":[851,859],"class_list":{"0":"post-8134","1":"product","2":"type-product","3":"status-publish","4":"has-post-thumbnail","6":"product_cat-schrittmotorkategorie","7":"product_cat-hybrid-schrittmotors","8":"product_tag-industrielle-ausrustung-hybrid-schrittmotor","9":"product_tag-oa-finance-hybrid-schrittmotor","10":"pa_application-industrie","11":"desktop-align-left","12":"tablet-align-left","13":"mobile-align-left","15":"first","16":"instock","17":"shipping-taxable","18":"product-type-simple"},"yoast_head":"<!-- This site is optimized with the Yoast SEO plugin v27.2 - https:\/\/yoast.com\/product\/yoast-seo-wordpress\/ -->\n<title>85BYGH Hybrid-Schrittmotor &#8211; Leili Motor<\/title>\n<meta name=\"description\" content=\"Der Hybrid-Schrittmotor 85BYGH bietet einen Schrittwinkel von 1,8\u00b0, eine Geh\u00e4useh\u00f6he von 68\u2013126 mm und ein Haltedrehmoment von 3,5\u201310 N\u00b7m.\" \/>\n<meta name=\"robots\" content=\"index, follow, max-snippet:-1, max-image-preview:large, max-video-preview:-1\" \/>\n<link rel=\"canonical\" href=\"https:\/\/www.leili-motor.net\/de\/85bygh-hybrid-schrittmotor.html\" \/>\n<script type=\"application\/ld+json\" class=\"yoast-schema-graph\">{\"@context\":\"https:\/\/schema.org\",\"@graph\":[{\"@type\":\"WebPage\",\"@id\":\"https:\/\/www.leili-motor.net\/de\/85bygh-hybrid-schrittmotor.html\",\"url\":\"https:\/\/www.leili-motor.net\/de\/85bygh-hybrid-schrittmotor.html\",\"name\":\"85BYGH Hybrid-Schrittmotor &#8211; Leili Motor\",\"isPartOf\":{\"@id\":\"https:\/\/www.leili-motor.net\/de\/#website\"},\"primaryImageOfPage\":{\"@id\":\"https:\/\/www.leili-motor.net\/de\/85bygh-hybrid-schrittmotor.html#primaryimage\"},\"image\":{\"@id\":\"https:\/\/www.leili-motor.net\/de\/85bygh-hybrid-schrittmotor.html#primaryimage\"},\"thumbnailUrl\":\"https:\/\/www.leili-motor.net\/wp-content\/uploads\/2025\/03\/Hybrid-Stepper-Motor-85BYGH.webp\",\"datePublished\":\"2025-03-06T07:21:56+00:00\",\"description\":\"Der Hybrid-Schrittmotor 85BYGH bietet einen Schrittwinkel von 1,8\u00b0, eine Geh\u00e4useh\u00f6he von 68\u2013126 mm und ein Haltedrehmoment von 3,5\u201310 N\u00b7m.\",\"breadcrumb\":{\"@id\":\"https:\/\/www.leili-motor.net\/de\/85bygh-hybrid-schrittmotor.html#breadcrumb\"},\"inLanguage\":\"de\",\"potentialAction\":[{\"@type\":\"ReadAction\",\"target\":[\"https:\/\/www.leili-motor.net\/de\/85bygh-hybrid-schrittmotor.html\"]}]},{\"@type\":\"ImageObject\",\"inLanguage\":\"de\",\"@id\":\"https:\/\/www.leili-motor.net\/de\/85bygh-hybrid-schrittmotor.html#primaryimage\",\"url\":\"https:\/\/www.leili-motor.net\/wp-content\/uploads\/2025\/03\/Hybrid-Stepper-Motor-85BYGH.webp\",\"contentUrl\":\"https:\/\/www.leili-motor.net\/wp-content\/uploads\/2025\/03\/Hybrid-Stepper-Motor-85BYGH.webp\",\"width\":454,\"height\":310,\"caption\":\"Hybrid-Schrittmotor 85BYGH\"},{\"@type\":\"BreadcrumbList\",\"@id\":\"https:\/\/www.leili-motor.net\/de\/85bygh-hybrid-schrittmotor.html#breadcrumb\",\"itemListElement\":[{\"@type\":\"ListItem\",\"position\":1,\"name\":\"Home\",\"item\":\"https:\/\/www.leili-motor.net\/de\/\"},{\"@type\":\"ListItem\",\"position\":2,\"name\":\"Produkte\",\"item\":\"https:\/\/www.leili-motor.net\/de\/produkte.html\"},{\"@type\":\"ListItem\",\"position\":3,\"name\":\"85BYGH Hybrid-Schrittmotor\"}]},{\"@type\":\"WebSite\",\"@id\":\"https:\/\/www.leili-motor.net\/de\/#website\",\"url\":\"https:\/\/www.leili-motor.net\/de\/\",\"name\":\"Leili Motor\",\"description\":\"\",\"publisher\":{\"@id\":\"https:\/\/www.leili-motor.net\/de\/#organization\"},\"potentialAction\":[{\"@type\":\"SearchAction\",\"target\":{\"@type\":\"EntryPoint\",\"urlTemplate\":\"https:\/\/www.leili-motor.net\/de\/?s={search_term_string}\"},\"query-input\":{\"@type\":\"PropertyValueSpecification\",\"valueRequired\":true,\"valueName\":\"search_term_string\"}}],\"inLanguage\":\"de\"},{\"@type\":\"Organization\",\"@id\":\"https:\/\/www.leili-motor.net\/de\/#organization\",\"name\":\"Leili Motor\",\"url\":\"https:\/\/www.leili-motor.net\/de\/\",\"logo\":{\"@type\":\"ImageObject\",\"inLanguage\":\"de\",\"@id\":\"https:\/\/www.leili-motor.net\/de\/#\/schema\/logo\/image\/\",\"url\":\"https:\/\/www.leili-motor.net\/wp-content\/uploads\/2025\/03\/Leili-Motor.png\",\"contentUrl\":\"https:\/\/www.leili-motor.net\/wp-content\/uploads\/2025\/03\/Leili-Motor.png\",\"width\":600,\"height\":156,\"caption\":\"Leili Motor\"},\"image\":{\"@id\":\"https:\/\/www.leili-motor.net\/de\/#\/schema\/logo\/image\/\"}}]}<\/script>\n<!-- \/ Yoast SEO plugin. -->","yoast_head_json":{"title":"85BYGH Hybrid-Schrittmotor &#8211; Leili Motor","description":"Der Hybrid-Schrittmotor 85BYGH bietet einen Schrittwinkel von 1,8\u00b0, eine Geh\u00e4useh\u00f6he von 68\u2013126 mm und ein Haltedrehmoment von 3,5\u201310 N\u00b7m.","robots":{"index":"index","follow":"follow","max-snippet":"max-snippet:-1","max-image-preview":"max-image-preview:large","max-video-preview":"max-video-preview:-1"},"canonical":"https:\/\/www.leili-motor.net\/de\/85bygh-hybrid-schrittmotor.html","schema":{"@context":"https:\/\/schema.org","@graph":[{"@type":"WebPage","@id":"https:\/\/www.leili-motor.net\/de\/85bygh-hybrid-schrittmotor.html","url":"https:\/\/www.leili-motor.net\/de\/85bygh-hybrid-schrittmotor.html","name":"85BYGH Hybrid-Schrittmotor &#8211; Leili Motor","isPartOf":{"@id":"https:\/\/www.leili-motor.net\/de\/#website"},"primaryImageOfPage":{"@id":"https:\/\/www.leili-motor.net\/de\/85bygh-hybrid-schrittmotor.html#primaryimage"},"image":{"@id":"https:\/\/www.leili-motor.net\/de\/85bygh-hybrid-schrittmotor.html#primaryimage"},"thumbnailUrl":"https:\/\/www.leili-motor.net\/wp-content\/uploads\/2025\/03\/Hybrid-Stepper-Motor-85BYGH.webp","datePublished":"2025-03-06T07:21:56+00:00","description":"Der Hybrid-Schrittmotor 85BYGH bietet einen Schrittwinkel von 1,8\u00b0, eine Geh\u00e4useh\u00f6he von 68\u2013126 mm und ein Haltedrehmoment von 3,5\u201310 N\u00b7m.","breadcrumb":{"@id":"https:\/\/www.leili-motor.net\/de\/85bygh-hybrid-schrittmotor.html#breadcrumb"},"inLanguage":"de","potentialAction":[{"@type":"ReadAction","target":["https:\/\/www.leili-motor.net\/de\/85bygh-hybrid-schrittmotor.html"]}]},{"@type":"ImageObject","inLanguage":"de","@id":"https:\/\/www.leili-motor.net\/de\/85bygh-hybrid-schrittmotor.html#primaryimage","url":"https:\/\/www.leili-motor.net\/wp-content\/uploads\/2025\/03\/Hybrid-Stepper-Motor-85BYGH.webp","contentUrl":"https:\/\/www.leili-motor.net\/wp-content\/uploads\/2025\/03\/Hybrid-Stepper-Motor-85BYGH.webp","width":454,"height":310,"caption":"Hybrid-Schrittmotor 85BYGH"},{"@type":"BreadcrumbList","@id":"https:\/\/www.leili-motor.net\/de\/85bygh-hybrid-schrittmotor.html#breadcrumb","itemListElement":[{"@type":"ListItem","position":1,"name":"Home","item":"https:\/\/www.leili-motor.net\/de\/"},{"@type":"ListItem","position":2,"name":"Produkte","item":"https:\/\/www.leili-motor.net\/de\/produkte.html"},{"@type":"ListItem","position":3,"name":"85BYGH Hybrid-Schrittmotor"}]},{"@type":"WebSite","@id":"https:\/\/www.leili-motor.net\/de\/#website","url":"https:\/\/www.leili-motor.net\/de\/","name":"Leili Motor","description":"","publisher":{"@id":"https:\/\/www.leili-motor.net\/de\/#organization"},"potentialAction":[{"@type":"SearchAction","target":{"@type":"EntryPoint","urlTemplate":"https:\/\/www.leili-motor.net\/de\/?s={search_term_string}"},"query-input":{"@type":"PropertyValueSpecification","valueRequired":true,"valueName":"search_term_string"}}],"inLanguage":"de"},{"@type":"Organization","@id":"https:\/\/www.leili-motor.net\/de\/#organization","name":"Leili Motor","url":"https:\/\/www.leili-motor.net\/de\/","logo":{"@type":"ImageObject","inLanguage":"de","@id":"https:\/\/www.leili-motor.net\/de\/#\/schema\/logo\/image\/","url":"https:\/\/www.leili-motor.net\/wp-content\/uploads\/2025\/03\/Leili-Motor.png","contentUrl":"https:\/\/www.leili-motor.net\/wp-content\/uploads\/2025\/03\/Leili-Motor.png","width":600,"height":156,"caption":"Leili Motor"},"image":{"@id":"https:\/\/www.leili-motor.net\/de\/#\/schema\/logo\/image\/"}}]}},"_links":{"self":[{"href":"https:\/\/www.leili-motor.net\/de\/wp-json\/wp\/v2\/product\/8134","targetHints":{"allow":["GET"]}}],"collection":[{"href":"https:\/\/www.leili-motor.net\/de\/wp-json\/wp\/v2\/product"}],"about":[{"href":"https:\/\/www.leili-motor.net\/de\/wp-json\/wp\/v2\/types\/product"}],"replies":[{"embeddable":true,"href":"https:\/\/www.leili-motor.net\/de\/wp-json\/wp\/v2\/comments?post=8134"}],"wp:featuredmedia":[{"embeddable":true,"href":"https:\/\/www.leili-motor.net\/de\/wp-json\/wp\/v2\/media\/8135"}],"wp:attachment":[{"href":"https:\/\/www.leili-motor.net\/de\/wp-json\/wp\/v2\/media?parent=8134"}],"wp:term":[{"taxonomy":"product_brand","embeddable":true,"href":"https:\/\/www.leili-motor.net\/de\/wp-json\/wp\/v2\/product_brand?post=8134"},{"taxonomy":"product_cat","embeddable":true,"href":"https:\/\/www.leili-motor.net\/de\/wp-json\/wp\/v2\/product_cat?post=8134"},{"taxonomy":"product_tag","embeddable":true,"href":"https:\/\/www.leili-motor.net\/de\/wp-json\/wp\/v2\/product_tag?post=8134"}],"curies":[{"name":"wp","href":"https:\/\/api.w.org\/{rel}","templated":true}]}}