{"id":8187,"date":"2025-03-06T10:36:43","date_gmt":"2025-03-06T02:36:43","guid":{"rendered":"https:\/\/www.leili-motor.net\/hybrid-schrittmotor-der-serie-57\/"},"modified":"2025-03-06T10:36:43","modified_gmt":"2025-03-06T02:36:43","slug":"hybrid-schrittmotor-der-serie-57","status":"publish","type":"product","link":"https:\/\/www.leili-motor.net\/de\/hybrid-schrittmotor-der-serie-57.html","title":{"rendered":"Hybrid-Schrittmotor der Serie 57"},"content":{"rendered":"<h2>Produktparameter<\/h2>\n<table>\n<tbody>\n<tr>\n<td>Modell<\/td>\n<td>Aktuell<br \/>\n(RmsA\uff09<\/td>\n<td>Widerstand<br \/>\n(\u03a9)<\/td>\n<td>Induktivit\u00e4t<br \/>\n(mH)<\/td>\n<td>Haltemoment<br \/>\n(N\u00b7m)<\/td>\n<td>Rotortr\u00e4gheitsmoment<br \/>\n(g\u00b7cm\u00b2)<\/td>\n<td>Motorl\u00e4nge<br \/>\n(mm)<\/td>\n<td>Motorgewicht<br \/>\n\uff08g\uff09<\/td>\n<\/tr>\n<tr>\n<td>23H2042<\/td>\n<td>1<\/td>\n<td>4.2<\/td>\n<td>9<\/td>\n<td>0.6<\/td>\n<td>140<\/td>\n<td>42<\/td>\n<td>460<\/td>\n<\/tr>\n<tr>\n<td>23H2045<\/td>\n<td>1<\/td>\n<td>4.5<\/td>\n<td>12<\/td>\n<td>0.8<\/td>\n<td>180<\/td>\n<td>45<\/td>\n<td>520<\/td>\n<\/tr>\n<tr>\n<td>23H2051<\/td>\n<td>2<\/td>\n<td>1.5<\/td>\n<td>4.4<\/td>\n<td>1<\/td>\n<td>240<\/td>\n<td>51<\/td>\n<td>640<\/td>\n<\/tr>\n<tr>\n<td>23H2055<\/td>\n<td>2<\/td>\n<td>1.6<\/td>\n<td>5.2<\/td>\n<td>1.2<\/td>\n<td>280<\/td>\n<td>55<\/td>\n<td>720<\/td>\n<\/tr>\n<tr>\n<td>23H2065<\/td>\n<td>3<\/td>\n<td>0.9<\/td>\n<td>2.7<\/td>\n<td>1.6<\/td>\n<td>350<\/td>\n<td>65<\/td>\n<td>860<\/td>\n<\/tr>\n<tr>\n<td>23H2076<\/td>\n<td>4<\/td>\n<td>0.6<\/td>\n<td>2.4<\/td>\n<td>2<\/td>\n<td>480<\/td>\n<td>76<\/td>\n<td>1060<\/td>\n<\/tr>\n<tr>\n<td>23H2100<\/td>\n<td>5<\/td>\n<td>0.46<\/td>\n<td>2.3<\/td>\n<td>3<\/td>\n<td>720<\/td>\n<td>100<\/td>\n<td>1500<\/td>\n<\/tr>\n<\/tbody>\n<\/table>\n<h2>Mechanische Abmessungen: mm<\/h2>\n<p><img fetchpriority=\"high\" decoding=\"async\" class=\"size-full wp-image-719 aligncenter\" src=\"https:\/\/www.leili-motor.net\/wp-content\/uploads\/2025\/03\/Mechanical-Dimensions-of-57-Series-Hybrid-Stepping-Motors.webp\" alt=\"Mechanische Abmessungen der Hybrid-Schrittmotoren der Serie 57\" width=\"759\" height=\"447\" srcset=\"https:\/\/www.leili-motor.net\/wp-content\/uploads\/2025\/03\/Mechanical-Dimensions-of-57-Series-Hybrid-Stepping-Motors.webp 759w, https:\/\/www.leili-motor.net\/wp-content\/uploads\/2025\/03\/Mechanical-Dimensions-of-57-Series-Hybrid-Stepping-Motors-300x177.webp 300w, https:\/\/www.leili-motor.net\/wp-content\/uploads\/2025\/03\/Mechanical-Dimensions-of-57-Series-Hybrid-Stepping-Motors-600x353.webp 600w\" sizes=\"(max-width: 759px) 100vw, 759px\" \/><\/p>\n<p>&nbsp;<\/p>\n","protected":false},"excerpt":{"rendered":"<h3>Produkteinf\u00fchrung<\/h3>\n<ul>\n<li>Bietet ein Drehmoment von 0,6\u20133 Nm und gew\u00e4hrleistet so eine stabile und pr\u00e4zise Bewegungssteuerung.<\/li>\n<li>Kompaktes Design mit 42\u2013100 mm L\u00e4nge, unterst\u00fctzt 1\u20135 A Strom f\u00fcr Vielseitigkeit.<\/li>\n<\/ul>\n<h3>Produktanwendung<\/h3>\n<ul>\n<li>CCTV-Monitor<\/li>\n<li>Medizinisches Ger\u00e4t<\/li>\n<li>OA Finanzausstattung<\/li>\n<li>Industrielle Ausr\u00fcstung<\/li>\n<\/ul>\n","protected":false},"featured_media":8188,"comment_status":"open","ping_status":"closed","template":"","meta":{"site-sidebar-layout":"default","site-content-layout":"","ast-site-content-layout":"default","site-content-style":"default","site-sidebar-style":"default","ast-global-header-display":"","ast-banner-title-visibility":"","ast-main-header-display":"","ast-hfb-above-header-display":"","ast-hfb-below-header-display":"","ast-hfb-mobile-header-display":"","site-post-title":"","ast-breadcrumbs-content":"","ast-featured-img":"","footer-sml-layout":"","theme-transparent-header-meta":"default","adv-header-id-meta":"","stick-header-meta":"","header-above-stick-meta":"","header-main-stick-meta":"","header-below-stick-meta":"","astra-migrate-meta-layouts":"default","ast-page-background-enabled":"default","ast-page-background-meta":{"desktop":{"background-color":"var(--ast-global-color-5)","background-image":"","background-repeat":"repeat","background-position":"center center","background-size":"auto","background-attachment":"scroll","background-type":"","background-media":"","overlay-type":"","overlay-color":"","overlay-opacity":"","overlay-gradient":""},"tablet":{"background-color":"","background-image":"","background-repeat":"repeat","background-position":"center center","background-size":"auto","background-attachment":"scroll","background-type":"","background-media":"","overlay-type":"","overlay-color":"","overlay-opacity":"","overlay-gradient":""},"mobile":{"background-color":"","background-image":"","background-repeat":"repeat","background-position":"center center","background-size":"auto","background-attachment":"scroll","background-type":"","background-media":"","overlay-type":"","overlay-color":"","overlay-opacity":"","overlay-gradient":""}},"ast-content-background-meta":{"desktop":{"background-color":"var(--ast-global-color-4)","background-image":"","background-repeat":"repeat","background-position":"center center","background-size":"auto","background-attachment":"scroll","background-type":"","background-media":"","overlay-type":"","overlay-color":"","overlay-opacity":"","overlay-gradient":""},"tablet":{"background-color":"var(--ast-global-color-4)","background-image":"","background-repeat":"repeat","background-position":"center center","background-size":"auto","background-attachment":"scroll","background-type":"","background-media":"","overlay-type":"","overlay-color":"","overlay-opacity":"","overlay-gradient":""},"mobile":{"background-color":"var(--ast-global-color-4)","background-image":"","background-repeat":"repeat","background-position":"center center","background-size":"auto","background-attachment":"scroll","background-type":"","background-media":"","overlay-type":"","overlay-color":"","overlay-opacity":"","overlay-gradient":""}}},"product_brand":[],"product_cat":[808,850],"product_tag":[],"class_list":{"0":"post-8187","1":"product","2":"type-product","3":"status-publish","4":"has-post-thumbnail","6":"product_cat-schrittmotorkategorie","7":"product_cat-hybrid-schrittmotors","8":"desktop-align-left","9":"tablet-align-left","10":"mobile-align-left","12":"first","13":"instock","14":"shipping-taxable","15":"product-type-simple"},"yoast_head":"<!-- This site is optimized with the Yoast SEO plugin v27.2 - https:\/\/yoast.com\/product\/yoast-seo-wordpress\/ -->\n<title>Hybrid-Schrittmotor der Serie 57 &#8211; Leili Motor<\/title>\n<meta name=\"description\" content=\"Hybrid-Schrittmotoren der Serie 57 bieten ein Drehmoment von 0,6\u20133 Nm, eine geringe Induktivit\u00e4t und ein kompaktes Design und gew\u00e4hrleisten so eine pr\u00e4zise Bewegungssteuerung und Effizienz.\" \/>\n<meta name=\"robots\" content=\"index, follow, max-snippet:-1, max-image-preview:large, max-video-preview:-1\" \/>\n<link rel=\"canonical\" href=\"https:\/\/www.leili-motor.net\/de\/hybrid-schrittmotor-der-serie-57.html\" \/>\n<script type=\"application\/ld+json\" class=\"yoast-schema-graph\">{\"@context\":\"https:\/\/schema.org\",\"@graph\":[{\"@type\":\"WebPage\",\"@id\":\"https:\/\/www.leili-motor.net\/de\/hybrid-schrittmotor-der-serie-57.html\",\"url\":\"https:\/\/www.leili-motor.net\/de\/hybrid-schrittmotor-der-serie-57.html\",\"name\":\"Hybrid-Schrittmotor der Serie 57 &#8211; Leili Motor\",\"isPartOf\":{\"@id\":\"https:\/\/www.leili-motor.net\/de\/#website\"},\"primaryImageOfPage\":{\"@id\":\"https:\/\/www.leili-motor.net\/de\/hybrid-schrittmotor-der-serie-57.html#primaryimage\"},\"image\":{\"@id\":\"https:\/\/www.leili-motor.net\/de\/hybrid-schrittmotor-der-serie-57.html#primaryimage\"},\"thumbnailUrl\":\"https:\/\/www.leili-motor.net\/wp-content\/uploads\/2025\/03\/57-Series-Hybrid-Stepping-Motors.webp\",\"datePublished\":\"2025-03-06T02:36:43+00:00\",\"description\":\"Hybrid-Schrittmotoren der Serie 57 bieten ein Drehmoment von 0,6\u20133 Nm, eine geringe Induktivit\u00e4t und ein kompaktes Design und gew\u00e4hrleisten so eine pr\u00e4zise Bewegungssteuerung und Effizienz.\",\"breadcrumb\":{\"@id\":\"https:\/\/www.leili-motor.net\/de\/hybrid-schrittmotor-der-serie-57.html#breadcrumb\"},\"inLanguage\":\"de\",\"potentialAction\":[{\"@type\":\"ReadAction\",\"target\":[\"https:\/\/www.leili-motor.net\/de\/hybrid-schrittmotor-der-serie-57.html\"]}]},{\"@type\":\"ImageObject\",\"inLanguage\":\"de\",\"@id\":\"https:\/\/www.leili-motor.net\/de\/hybrid-schrittmotor-der-serie-57.html#primaryimage\",\"url\":\"https:\/\/www.leili-motor.net\/wp-content\/uploads\/2025\/03\/57-Series-Hybrid-Stepping-Motors.webp\",\"contentUrl\":\"https:\/\/www.leili-motor.net\/wp-content\/uploads\/2025\/03\/57-Series-Hybrid-Stepping-Motors.webp\",\"width\":454,\"height\":310,\"caption\":\"Hybrid-Schrittmotoren der Serie 57\"},{\"@type\":\"BreadcrumbList\",\"@id\":\"https:\/\/www.leili-motor.net\/de\/hybrid-schrittmotor-der-serie-57.html#breadcrumb\",\"itemListElement\":[{\"@type\":\"ListItem\",\"position\":1,\"name\":\"Home\",\"item\":\"https:\/\/www.leili-motor.net\/de\/\"},{\"@type\":\"ListItem\",\"position\":2,\"name\":\"Produkte\",\"item\":\"https:\/\/www.leili-motor.net\/de\/produkte.html\"},{\"@type\":\"ListItem\",\"position\":3,\"name\":\"Hybrid-Schrittmotor der Serie 57\"}]},{\"@type\":\"WebSite\",\"@id\":\"https:\/\/www.leili-motor.net\/de\/#website\",\"url\":\"https:\/\/www.leili-motor.net\/de\/\",\"name\":\"Leili Motor\",\"description\":\"\",\"publisher\":{\"@id\":\"https:\/\/www.leili-motor.net\/de\/#organization\"},\"potentialAction\":[{\"@type\":\"SearchAction\",\"target\":{\"@type\":\"EntryPoint\",\"urlTemplate\":\"https:\/\/www.leili-motor.net\/de\/?s={search_term_string}\"},\"query-input\":{\"@type\":\"PropertyValueSpecification\",\"valueRequired\":true,\"valueName\":\"search_term_string\"}}],\"inLanguage\":\"de\"},{\"@type\":\"Organization\",\"@id\":\"https:\/\/www.leili-motor.net\/de\/#organization\",\"name\":\"Leili Motor\",\"url\":\"https:\/\/www.leili-motor.net\/de\/\",\"logo\":{\"@type\":\"ImageObject\",\"inLanguage\":\"de\",\"@id\":\"https:\/\/www.leili-motor.net\/de\/#\/schema\/logo\/image\/\",\"url\":\"https:\/\/www.leili-motor.net\/wp-content\/uploads\/2025\/03\/Leili-Motor.png\",\"contentUrl\":\"https:\/\/www.leili-motor.net\/wp-content\/uploads\/2025\/03\/Leili-Motor.png\",\"width\":600,\"height\":156,\"caption\":\"Leili Motor\"},\"image\":{\"@id\":\"https:\/\/www.leili-motor.net\/de\/#\/schema\/logo\/image\/\"}}]}<\/script>\n<!-- \/ Yoast SEO plugin. -->","yoast_head_json":{"title":"Hybrid-Schrittmotor der Serie 57 &#8211; Leili Motor","description":"Hybrid-Schrittmotoren der Serie 57 bieten ein Drehmoment von 0,6\u20133 Nm, eine geringe Induktivit\u00e4t und ein kompaktes Design und gew\u00e4hrleisten so eine pr\u00e4zise Bewegungssteuerung und Effizienz.","robots":{"index":"index","follow":"follow","max-snippet":"max-snippet:-1","max-image-preview":"max-image-preview:large","max-video-preview":"max-video-preview:-1"},"canonical":"https:\/\/www.leili-motor.net\/de\/hybrid-schrittmotor-der-serie-57.html","schema":{"@context":"https:\/\/schema.org","@graph":[{"@type":"WebPage","@id":"https:\/\/www.leili-motor.net\/de\/hybrid-schrittmotor-der-serie-57.html","url":"https:\/\/www.leili-motor.net\/de\/hybrid-schrittmotor-der-serie-57.html","name":"Hybrid-Schrittmotor der Serie 57 &#8211; Leili Motor","isPartOf":{"@id":"https:\/\/www.leili-motor.net\/de\/#website"},"primaryImageOfPage":{"@id":"https:\/\/www.leili-motor.net\/de\/hybrid-schrittmotor-der-serie-57.html#primaryimage"},"image":{"@id":"https:\/\/www.leili-motor.net\/de\/hybrid-schrittmotor-der-serie-57.html#primaryimage"},"thumbnailUrl":"https:\/\/www.leili-motor.net\/wp-content\/uploads\/2025\/03\/57-Series-Hybrid-Stepping-Motors.webp","datePublished":"2025-03-06T02:36:43+00:00","description":"Hybrid-Schrittmotoren der Serie 57 bieten ein Drehmoment von 0,6\u20133 Nm, eine geringe Induktivit\u00e4t und ein kompaktes Design und gew\u00e4hrleisten so eine pr\u00e4zise Bewegungssteuerung und Effizienz.","breadcrumb":{"@id":"https:\/\/www.leili-motor.net\/de\/hybrid-schrittmotor-der-serie-57.html#breadcrumb"},"inLanguage":"de","potentialAction":[{"@type":"ReadAction","target":["https:\/\/www.leili-motor.net\/de\/hybrid-schrittmotor-der-serie-57.html"]}]},{"@type":"ImageObject","inLanguage":"de","@id":"https:\/\/www.leili-motor.net\/de\/hybrid-schrittmotor-der-serie-57.html#primaryimage","url":"https:\/\/www.leili-motor.net\/wp-content\/uploads\/2025\/03\/57-Series-Hybrid-Stepping-Motors.webp","contentUrl":"https:\/\/www.leili-motor.net\/wp-content\/uploads\/2025\/03\/57-Series-Hybrid-Stepping-Motors.webp","width":454,"height":310,"caption":"Hybrid-Schrittmotoren der Serie 57"},{"@type":"BreadcrumbList","@id":"https:\/\/www.leili-motor.net\/de\/hybrid-schrittmotor-der-serie-57.html#breadcrumb","itemListElement":[{"@type":"ListItem","position":1,"name":"Home","item":"https:\/\/www.leili-motor.net\/de\/"},{"@type":"ListItem","position":2,"name":"Produkte","item":"https:\/\/www.leili-motor.net\/de\/produkte.html"},{"@type":"ListItem","position":3,"name":"Hybrid-Schrittmotor der Serie 57"}]},{"@type":"WebSite","@id":"https:\/\/www.leili-motor.net\/de\/#website","url":"https:\/\/www.leili-motor.net\/de\/","name":"Leili Motor","description":"","publisher":{"@id":"https:\/\/www.leili-motor.net\/de\/#organization"},"potentialAction":[{"@type":"SearchAction","target":{"@type":"EntryPoint","urlTemplate":"https:\/\/www.leili-motor.net\/de\/?s={search_term_string}"},"query-input":{"@type":"PropertyValueSpecification","valueRequired":true,"valueName":"search_term_string"}}],"inLanguage":"de"},{"@type":"Organization","@id":"https:\/\/www.leili-motor.net\/de\/#organization","name":"Leili Motor","url":"https:\/\/www.leili-motor.net\/de\/","logo":{"@type":"ImageObject","inLanguage":"de","@id":"https:\/\/www.leili-motor.net\/de\/#\/schema\/logo\/image\/","url":"https:\/\/www.leili-motor.net\/wp-content\/uploads\/2025\/03\/Leili-Motor.png","contentUrl":"https:\/\/www.leili-motor.net\/wp-content\/uploads\/2025\/03\/Leili-Motor.png","width":600,"height":156,"caption":"Leili Motor"},"image":{"@id":"https:\/\/www.leili-motor.net\/de\/#\/schema\/logo\/image\/"}}]}},"_links":{"self":[{"href":"https:\/\/www.leili-motor.net\/de\/wp-json\/wp\/v2\/product\/8187","targetHints":{"allow":["GET"]}}],"collection":[{"href":"https:\/\/www.leili-motor.net\/de\/wp-json\/wp\/v2\/product"}],"about":[{"href":"https:\/\/www.leili-motor.net\/de\/wp-json\/wp\/v2\/types\/product"}],"replies":[{"embeddable":true,"href":"https:\/\/www.leili-motor.net\/de\/wp-json\/wp\/v2\/comments?post=8187"}],"wp:featuredmedia":[{"embeddable":true,"href":"https:\/\/www.leili-motor.net\/de\/wp-json\/wp\/v2\/media\/8188"}],"wp:attachment":[{"href":"https:\/\/www.leili-motor.net\/de\/wp-json\/wp\/v2\/media?parent=8187"}],"wp:term":[{"taxonomy":"product_brand","embeddable":true,"href":"https:\/\/www.leili-motor.net\/de\/wp-json\/wp\/v2\/product_brand?post=8187"},{"taxonomy":"product_cat","embeddable":true,"href":"https:\/\/www.leili-motor.net\/de\/wp-json\/wp\/v2\/product_cat?post=8187"},{"taxonomy":"product_tag","embeddable":true,"href":"https:\/\/www.leili-motor.net\/de\/wp-json\/wp\/v2\/product_tag?post=8187"}],"curies":[{"name":"wp","href":"https:\/\/api.w.org\/{rel}","templated":true}]}}