{"id":8205,"date":"2025-03-10T15:05:05","date_gmt":"2025-03-10T07:05:05","guid":{"rendered":"https:\/\/www.leili-motor.net\/15by45-311g-permanentmagnet-schrittmotor\/"},"modified":"2025-03-10T15:05:05","modified_gmt":"2025-03-10T07:05:05","slug":"15by45-311g-permanentmagnet-schrittmotor","status":"publish","type":"product","link":"https:\/\/www.leili-motor.net\/de\/15by45-311g-permanentmagnet-schrittmotor.html","title":{"rendered":"15BY45-311G Permanentmagnet Schrittmotor"},"content":{"rendered":"<h2>Produktparameter<\/h2>\n<table>\n<tbody>\n<tr>\n<td>Schrittwinkel<\/td>\n<td>Fahrmodus<\/td>\n<td>Anregungsmodus<\/td>\n<td>Spannung<br \/>\n(VDC\uff09<\/td>\n<td>Untersetzungsverh\u00e4ltnis<\/td>\n<td>Widerstand<br \/>\nSpule 7%\u03a9\/ Phase<br \/>\n(25\u2103)<\/td>\n<td>Einzugsfrequenz (Hz)<\/td>\n<td>Auszugsfrequenz (Hz)<\/td>\n<td>Auszugsdrehmoment (mN\u2022m)<br \/>\n500Hz<\/td>\n<td>\u2605 Durchschlagfestigkeit der Isolation AC (500V,<br \/>\n1mA, 1s)<\/td>\n<td>\u2605 Isolationswiderstand (DC500V)<br \/>\n(M\u03a9)<\/td>\n<td>L\u00e4rm dB(A)<br \/>\n500Hz<\/td>\n<\/tr>\n<tr>\n<td>9\u00b0 \/50<\/td>\n<td>bipolar<\/td>\n<td>1-2 Phasen<\/td>\n<td>12<\/td>\n<td>1:50<\/td>\n<td>120<\/td>\n<td>\u2265 700<\/td>\n<td>\u2265 1200<\/td>\n<td>\u2265 34.3<\/td>\n<td>Kein Ausfall oder Aufflackern<\/td>\n<td>\u2265 100<\/td>\n<td>Kein Ton beim Laufen<\/td>\n<\/tr>\n<\/tbody>\n<\/table>\n<h2>Mechanische Abmessungen: mm<\/h2>\n<p><img fetchpriority=\"high\" decoding=\"async\" class=\"size-full wp-image-1562 aligncenter\" src=\"https:\/\/www.leili-motor.net\/wp-content\/uploads\/2025\/03\/15BY45-311G-PM-Stepper-Motor-Dimensions.webp\" alt=\"Abmessungen des Permanentmagnet-Schrittmotors 15BY45-311G\" width=\"759\" height=\"424\" srcset=\"https:\/\/www.leili-motor.net\/wp-content\/uploads\/2025\/03\/15BY45-311G-PM-Stepper-Motor-Dimensions.webp 759w, https:\/\/www.leili-motor.net\/wp-content\/uploads\/2025\/03\/15BY45-311G-PM-Stepper-Motor-Dimensions-300x168.webp 300w, https:\/\/www.leili-motor.net\/wp-content\/uploads\/2025\/03\/15BY45-311G-PM-Stepper-Motor-Dimensions-600x335.webp 600w\" sizes=\"(max-width: 759px) 100vw, 759px\" \/><\/p>\n","protected":false},"excerpt":{"rendered":"<h3>Produkteinf\u00fchrung<\/h3>\n<ul>\n<li>Bietet einen 9\u00b0-Schrittwinkel und ein Untersetzungsverh\u00e4ltnis von 1:50 f\u00fcr pr\u00e4zise Steuerung.<\/li>\n<li>Beh\u00e4lt hohe Zuverl\u00e4ssigkeit mit AC 500 V-Isolierung und minimalem Rauschen bei 500 Hz-Betrieb bei.<\/li>\n<\/ul>\n<h3>Produktanwendung<\/h3>\n<ul>\n<li>Head-up-Display (HUD) im Auto<\/li>\n<\/ul>\n","protected":false},"featured_media":8206,"comment_status":"open","ping_status":"closed","template":"","meta":{"site-sidebar-layout":"default","site-content-layout":"","ast-site-content-layout":"default","site-content-style":"default","site-sidebar-style":"default","ast-global-header-display":"","ast-banner-title-visibility":"","ast-main-header-display":"","ast-hfb-above-header-display":"","ast-hfb-below-header-display":"","ast-hfb-mobile-header-display":"","site-post-title":"","ast-breadcrumbs-content":"","ast-featured-img":"","footer-sml-layout":"","theme-transparent-header-meta":"default","adv-header-id-meta":"","stick-header-meta":"","header-above-stick-meta":"","header-main-stick-meta":"","header-below-stick-meta":"","astra-migrate-meta-layouts":"default","ast-page-background-enabled":"default","ast-page-background-meta":{"desktop":{"background-color":"var(--ast-global-color-5)","background-image":"","background-repeat":"repeat","background-position":"center center","background-size":"auto","background-attachment":"scroll","background-type":"","background-media":"","overlay-type":"","overlay-color":"","overlay-opacity":"","overlay-gradient":""},"tablet":{"background-color":"","background-image":"","background-repeat":"repeat","background-position":"center center","background-size":"auto","background-attachment":"scroll","background-type":"","background-media":"","overlay-type":"","overlay-color":"","overlay-opacity":"","overlay-gradient":""},"mobile":{"background-color":"","background-image":"","background-repeat":"repeat","background-position":"center center","background-size":"auto","background-attachment":"scroll","background-type":"","background-media":"","overlay-type":"","overlay-color":"","overlay-opacity":"","overlay-gradient":""}},"ast-content-background-meta":{"desktop":{"background-color":"var(--ast-global-color-4)","background-image":"","background-repeat":"repeat","background-position":"center center","background-size":"auto","background-attachment":"scroll","background-type":"","background-media":"","overlay-type":"","overlay-color":"","overlay-opacity":"","overlay-gradient":""},"tablet":{"background-color":"var(--ast-global-color-4)","background-image":"","background-repeat":"repeat","background-position":"center center","background-size":"auto","background-attachment":"scroll","background-type":"","background-media":"","overlay-type":"","overlay-color":"","overlay-opacity":"","overlay-gradient":""},"mobile":{"background-color":"var(--ast-global-color-4)","background-image":"","background-repeat":"repeat","background-position":"center center","background-size":"auto","background-attachment":"scroll","background-type":"","background-media":"","overlay-type":"","overlay-color":"","overlay-opacity":"","overlay-gradient":""}}},"product_brand":[],"product_cat":[808,873],"product_tag":[],"class_list":{"0":"post-8205","1":"product","2":"type-product","3":"status-publish","4":"has-post-thumbnail","6":"product_cat-schrittmotorkategorie","7":"product_cat-pm-schrittmotors","8":"pa_application-autoteile","9":"desktop-align-left","10":"tablet-align-left","11":"mobile-align-left","13":"first","14":"instock","15":"shipping-taxable","16":"product-type-simple"},"yoast_head":"<!-- This site is optimized with the Yoast SEO plugin v27.2 - https:\/\/yoast.com\/product\/yoast-seo-wordpress\/ -->\n<title>15BY45-311G Permanentmagnet Schrittmotor Auto f\u00fcr Head-Up-Displays HUD &#8211; Leili Motor<\/title>\n<meta name=\"description\" content=\"Der Permanentmagnet-Schrittmotor 15BY45-311G verf\u00fcgt \u00fcber einen Schrittwinkel von 9\u00b0, 12 V DC, eine Untersetzung von 1:50 und ein Drehmoment von 34,3 mN\u00b7m und gew\u00e4hrleistet einen zuverl\u00e4ssigen bipolaren 1-2-Phasen-Betrieb.\" \/>\n<meta name=\"robots\" content=\"index, follow, max-snippet:-1, max-image-preview:large, max-video-preview:-1\" \/>\n<link rel=\"canonical\" href=\"https:\/\/www.leili-motor.net\/de\/15by45-311g-permanentmagnet-schrittmotor.html\" \/>\n<script type=\"application\/ld+json\" class=\"yoast-schema-graph\">{\"@context\":\"https:\/\/schema.org\",\"@graph\":[{\"@type\":\"WebPage\",\"@id\":\"https:\/\/www.leili-motor.net\/de\/15by45-311g-permanentmagnet-schrittmotor.html\",\"url\":\"https:\/\/www.leili-motor.net\/de\/15by45-311g-permanentmagnet-schrittmotor.html\",\"name\":\"15BY45-311G Permanentmagnet Schrittmotor Auto f\u00fcr Head-Up-Displays HUD &#8211; Leili Motor\",\"isPartOf\":{\"@id\":\"https:\/\/www.leili-motor.net\/de\/#website\"},\"primaryImageOfPage\":{\"@id\":\"https:\/\/www.leili-motor.net\/de\/15by45-311g-permanentmagnet-schrittmotor.html#primaryimage\"},\"image\":{\"@id\":\"https:\/\/www.leili-motor.net\/de\/15by45-311g-permanentmagnet-schrittmotor.html#primaryimage\"},\"thumbnailUrl\":\"https:\/\/www.leili-motor.net\/wp-content\/uploads\/2025\/03\/15BY45-311G-PM-Stepper-Motor.webp\",\"datePublished\":\"2025-03-10T07:05:05+00:00\",\"description\":\"Der Permanentmagnet-Schrittmotor 15BY45-311G verf\u00fcgt \u00fcber einen Schrittwinkel von 9\u00b0, 12 V DC, eine Untersetzung von 1:50 und ein Drehmoment von 34,3 mN\u00b7m und gew\u00e4hrleistet einen zuverl\u00e4ssigen bipolaren 1-2-Phasen-Betrieb.\",\"breadcrumb\":{\"@id\":\"https:\/\/www.leili-motor.net\/de\/15by45-311g-permanentmagnet-schrittmotor.html#breadcrumb\"},\"inLanguage\":\"de\",\"potentialAction\":[{\"@type\":\"ReadAction\",\"target\":[\"https:\/\/www.leili-motor.net\/de\/15by45-311g-permanentmagnet-schrittmotor.html\"]}]},{\"@type\":\"ImageObject\",\"inLanguage\":\"de\",\"@id\":\"https:\/\/www.leili-motor.net\/de\/15by45-311g-permanentmagnet-schrittmotor.html#primaryimage\",\"url\":\"https:\/\/www.leili-motor.net\/wp-content\/uploads\/2025\/03\/15BY45-311G-PM-Stepper-Motor.webp\",\"contentUrl\":\"https:\/\/www.leili-motor.net\/wp-content\/uploads\/2025\/03\/15BY45-311G-PM-Stepper-Motor.webp\",\"width\":454,\"height\":310,\"caption\":\"15BY45-311G PM-Schrittmotor\"},{\"@type\":\"BreadcrumbList\",\"@id\":\"https:\/\/www.leili-motor.net\/de\/15by45-311g-permanentmagnet-schrittmotor.html#breadcrumb\",\"itemListElement\":[{\"@type\":\"ListItem\",\"position\":1,\"name\":\"Home\",\"item\":\"https:\/\/www.leili-motor.net\/de\/\"},{\"@type\":\"ListItem\",\"position\":2,\"name\":\"Produkte\",\"item\":\"https:\/\/www.leili-motor.net\/de\/produkte.html\"},{\"@type\":\"ListItem\",\"position\":3,\"name\":\"15BY45-311G Permanentmagnet Schrittmotor\"}]},{\"@type\":\"WebSite\",\"@id\":\"https:\/\/www.leili-motor.net\/de\/#website\",\"url\":\"https:\/\/www.leili-motor.net\/de\/\",\"name\":\"Leili Motor\",\"description\":\"\",\"publisher\":{\"@id\":\"https:\/\/www.leili-motor.net\/de\/#organization\"},\"potentialAction\":[{\"@type\":\"SearchAction\",\"target\":{\"@type\":\"EntryPoint\",\"urlTemplate\":\"https:\/\/www.leili-motor.net\/de\/?s={search_term_string}\"},\"query-input\":{\"@type\":\"PropertyValueSpecification\",\"valueRequired\":true,\"valueName\":\"search_term_string\"}}],\"inLanguage\":\"de\"},{\"@type\":\"Organization\",\"@id\":\"https:\/\/www.leili-motor.net\/de\/#organization\",\"name\":\"Leili Motor\",\"url\":\"https:\/\/www.leili-motor.net\/de\/\",\"logo\":{\"@type\":\"ImageObject\",\"inLanguage\":\"de\",\"@id\":\"https:\/\/www.leili-motor.net\/de\/#\/schema\/logo\/image\/\",\"url\":\"https:\/\/www.leili-motor.net\/wp-content\/uploads\/2025\/03\/Leili-Motor.png\",\"contentUrl\":\"https:\/\/www.leili-motor.net\/wp-content\/uploads\/2025\/03\/Leili-Motor.png\",\"width\":600,\"height\":156,\"caption\":\"Leili Motor\"},\"image\":{\"@id\":\"https:\/\/www.leili-motor.net\/de\/#\/schema\/logo\/image\/\"}}]}<\/script>\n<!-- \/ Yoast SEO plugin. -->","yoast_head_json":{"title":"15BY45-311G Permanentmagnet Schrittmotor Auto f\u00fcr Head-Up-Displays HUD &#8211; Leili Motor","description":"Der Permanentmagnet-Schrittmotor 15BY45-311G verf\u00fcgt \u00fcber einen Schrittwinkel von 9\u00b0, 12 V DC, eine Untersetzung von 1:50 und ein Drehmoment von 34,3 mN\u00b7m und gew\u00e4hrleistet einen zuverl\u00e4ssigen bipolaren 1-2-Phasen-Betrieb.","robots":{"index":"index","follow":"follow","max-snippet":"max-snippet:-1","max-image-preview":"max-image-preview:large","max-video-preview":"max-video-preview:-1"},"canonical":"https:\/\/www.leili-motor.net\/de\/15by45-311g-permanentmagnet-schrittmotor.html","schema":{"@context":"https:\/\/schema.org","@graph":[{"@type":"WebPage","@id":"https:\/\/www.leili-motor.net\/de\/15by45-311g-permanentmagnet-schrittmotor.html","url":"https:\/\/www.leili-motor.net\/de\/15by45-311g-permanentmagnet-schrittmotor.html","name":"15BY45-311G Permanentmagnet Schrittmotor Auto f\u00fcr Head-Up-Displays HUD &#8211; Leili Motor","isPartOf":{"@id":"https:\/\/www.leili-motor.net\/de\/#website"},"primaryImageOfPage":{"@id":"https:\/\/www.leili-motor.net\/de\/15by45-311g-permanentmagnet-schrittmotor.html#primaryimage"},"image":{"@id":"https:\/\/www.leili-motor.net\/de\/15by45-311g-permanentmagnet-schrittmotor.html#primaryimage"},"thumbnailUrl":"https:\/\/www.leili-motor.net\/wp-content\/uploads\/2025\/03\/15BY45-311G-PM-Stepper-Motor.webp","datePublished":"2025-03-10T07:05:05+00:00","description":"Der Permanentmagnet-Schrittmotor 15BY45-311G verf\u00fcgt \u00fcber einen Schrittwinkel von 9\u00b0, 12 V DC, eine Untersetzung von 1:50 und ein Drehmoment von 34,3 mN\u00b7m und gew\u00e4hrleistet einen zuverl\u00e4ssigen bipolaren 1-2-Phasen-Betrieb.","breadcrumb":{"@id":"https:\/\/www.leili-motor.net\/de\/15by45-311g-permanentmagnet-schrittmotor.html#breadcrumb"},"inLanguage":"de","potentialAction":[{"@type":"ReadAction","target":["https:\/\/www.leili-motor.net\/de\/15by45-311g-permanentmagnet-schrittmotor.html"]}]},{"@type":"ImageObject","inLanguage":"de","@id":"https:\/\/www.leili-motor.net\/de\/15by45-311g-permanentmagnet-schrittmotor.html#primaryimage","url":"https:\/\/www.leili-motor.net\/wp-content\/uploads\/2025\/03\/15BY45-311G-PM-Stepper-Motor.webp","contentUrl":"https:\/\/www.leili-motor.net\/wp-content\/uploads\/2025\/03\/15BY45-311G-PM-Stepper-Motor.webp","width":454,"height":310,"caption":"15BY45-311G PM-Schrittmotor"},{"@type":"BreadcrumbList","@id":"https:\/\/www.leili-motor.net\/de\/15by45-311g-permanentmagnet-schrittmotor.html#breadcrumb","itemListElement":[{"@type":"ListItem","position":1,"name":"Home","item":"https:\/\/www.leili-motor.net\/de\/"},{"@type":"ListItem","position":2,"name":"Produkte","item":"https:\/\/www.leili-motor.net\/de\/produkte.html"},{"@type":"ListItem","position":3,"name":"15BY45-311G Permanentmagnet Schrittmotor"}]},{"@type":"WebSite","@id":"https:\/\/www.leili-motor.net\/de\/#website","url":"https:\/\/www.leili-motor.net\/de\/","name":"Leili Motor","description":"","publisher":{"@id":"https:\/\/www.leili-motor.net\/de\/#organization"},"potentialAction":[{"@type":"SearchAction","target":{"@type":"EntryPoint","urlTemplate":"https:\/\/www.leili-motor.net\/de\/?s={search_term_string}"},"query-input":{"@type":"PropertyValueSpecification","valueRequired":true,"valueName":"search_term_string"}}],"inLanguage":"de"},{"@type":"Organization","@id":"https:\/\/www.leili-motor.net\/de\/#organization","name":"Leili Motor","url":"https:\/\/www.leili-motor.net\/de\/","logo":{"@type":"ImageObject","inLanguage":"de","@id":"https:\/\/www.leili-motor.net\/de\/#\/schema\/logo\/image\/","url":"https:\/\/www.leili-motor.net\/wp-content\/uploads\/2025\/03\/Leili-Motor.png","contentUrl":"https:\/\/www.leili-motor.net\/wp-content\/uploads\/2025\/03\/Leili-Motor.png","width":600,"height":156,"caption":"Leili Motor"},"image":{"@id":"https:\/\/www.leili-motor.net\/de\/#\/schema\/logo\/image\/"}}]}},"_links":{"self":[{"href":"https:\/\/www.leili-motor.net\/de\/wp-json\/wp\/v2\/product\/8205","targetHints":{"allow":["GET"]}}],"collection":[{"href":"https:\/\/www.leili-motor.net\/de\/wp-json\/wp\/v2\/product"}],"about":[{"href":"https:\/\/www.leili-motor.net\/de\/wp-json\/wp\/v2\/types\/product"}],"replies":[{"embeddable":true,"href":"https:\/\/www.leili-motor.net\/de\/wp-json\/wp\/v2\/comments?post=8205"}],"wp:featuredmedia":[{"embeddable":true,"href":"https:\/\/www.leili-motor.net\/de\/wp-json\/wp\/v2\/media\/8206"}],"wp:attachment":[{"href":"https:\/\/www.leili-motor.net\/de\/wp-json\/wp\/v2\/media?parent=8205"}],"wp:term":[{"taxonomy":"product_brand","embeddable":true,"href":"https:\/\/www.leili-motor.net\/de\/wp-json\/wp\/v2\/product_brand?post=8205"},{"taxonomy":"product_cat","embeddable":true,"href":"https:\/\/www.leili-motor.net\/de\/wp-json\/wp\/v2\/product_cat?post=8205"},{"taxonomy":"product_tag","embeddable":true,"href":"https:\/\/www.leili-motor.net\/de\/wp-json\/wp\/v2\/product_tag?post=8205"}],"curies":[{"name":"wp","href":"https:\/\/api.w.org\/{rel}","templated":true}]}}