{"id":8223,"date":"2025-03-10T10:57:38","date_gmt":"2025-03-10T02:57:38","guid":{"rendered":"https:\/\/www.leili-motor.net\/08by25t-permanentmagnet-schrittmotor\/"},"modified":"2025-03-10T10:57:38","modified_gmt":"2025-03-10T02:57:38","slug":"08by25t-permanentmagnet-schrittmotor","status":"publish","type":"product","link":"https:\/\/www.leili-motor.net\/de\/08by25t-permanentmagnet-schrittmotor.html","title":{"rendered":"08BY25T Permanentmagnet-Schrittmotor"},"content":{"rendered":"<h2>Produktparameter<\/h2>\n<table>\n<tbody>\n<tr>\n<td>Modell<\/td>\n<td>Schritt<br \/>\nWinkel<\/td>\n<td>Stromspannung<br \/>\n(V)<\/td>\n<td>Widerstand<br \/>\n(\u03a9)<\/td>\n<td>Phase<\/td>\n<td>Antriebsmodus\n<\/td>\n<td>Max. Anfangsfrequenz<br \/>\n (pps) <\/td>\n<td>Max. Schwenkgeschwindigkeit<br \/>\n (pps) <\/td>\n<td>Haltemoment\n<\/td>\n<td>Hauptdurchmesser der Leitspindel<\/td>\n<td>Gewindespindelsteigung<\/td>\n<\/tr>\n<tr>\n<td>08BY25T-01<\/td>\n<td>18\u00b0<\/td>\n<td>5.0<\/td>\n<td>22<\/td>\n<td>2-2<\/td>\n<td>Bipolar<\/td>\n<td>800<\/td>\n<td>1200<\/td>\n<td>6.0<\/td>\n<td>\u00d81.7<\/td>\n<td>0.3<\/td>\n<\/tr>\n<tr>\n<td>08BY25T-02<\/td>\n<td>18\u00b0<\/td>\n<td>5.0<\/td>\n<td>35<\/td>\n<td>2-2<\/td>\n<td>Bipolar<\/td>\n<td>800<\/td>\n<td>1200<\/td>\n<td>6.0<\/td>\n<td>\u00d81.7<\/td>\n<td>0.3<\/td>\n<\/tr>\n<\/tbody>\n<\/table>\n<table>\n<tbody>\n<tr>\n<td>Modell<\/td>\n<td>Schritt<br \/>\nWinkel<\/td>\n<td>Stromspannung<br \/>\n(V)<\/td>\n<td>Widerstand<br \/>\n(\u03a9)<\/td>\n<td>Phase<\/td>\n<td>Antriebsmodus\n<\/td>\n<td>Max. Anfangsfrequenz<br \/>\n (pps) <\/td>\n<td>Max. Schwenkgeschwindigkeit<br \/>\n (pps) <\/td>\n<td>Haltemoment\n<\/td>\n<td>Ritzelmodul<\/td>\n<td>Ritzel-Teilkreisdurchmesser<\/td>\n<td>Ritzel Z<\/td>\n<\/tr>\n<tr>\n<td>08BY25-01<\/td>\n<td>18\u00b0<\/td>\n<td>3.3<\/td>\n<td>15<\/td>\n<td>2-2<\/td>\n<td>Bipolar<\/td>\n<td>1200<\/td>\n<td>2500<\/td>\n<td>6.0<\/td>\n<td>&#8211;<\/td>\n<td>&#8211;<\/td>\n<td>&#8211;<\/td>\n<\/tr>\n<tr>\n<td>08BY25-02<\/td>\n<td>18\u00b0<\/td>\n<td>4.8<\/td>\n<td>35<\/td>\n<td>2-2<\/td>\n<td>Bipolar<\/td>\n<td>800<\/td>\n<td>1000<\/td>\n<td>4.8<\/td>\n<td>0.25<\/td>\n<td>\u00d82.25<\/td>\n<td>9<\/td>\n<\/tr>\n<tr>\n<td>08BY25-03<\/td>\n<td>18\u00b0<\/td>\n<td>3<\/td>\n<td>21<\/td>\n<td>2-2<\/td>\n<td>Bipolar<\/td>\n<td>800<\/td>\n<td>1000<\/td>\n<td>6.0<\/td>\n<td>0.2<\/td>\n<td>\u00d82.4<\/td>\n<td>12<\/td>\n<\/tr>\n<\/tbody>\n<\/table>\n<h2>Mechanische Abmessungen: mm<\/h2>\n<p><img fetchpriority=\"high\" decoding=\"async\" class=\"size-full wp-image-1445 aligncenter\" src=\"https:\/\/www.leili-motor.net\/wp-content\/uploads\/2025\/03\/08BY25T-PM-Stepper-Motor-Dimensions.webp\" alt=\"Abmessungen des 08BY25T PM-Schrittmotors\" width=\"759\" height=\"476\" srcset=\"https:\/\/www.leili-motor.net\/wp-content\/uploads\/2025\/03\/08BY25T-PM-Stepper-Motor-Dimensions.webp 759w, https:\/\/www.leili-motor.net\/wp-content\/uploads\/2025\/03\/08BY25T-PM-Stepper-Motor-Dimensions-300x188.webp 300w, https:\/\/www.leili-motor.net\/wp-content\/uploads\/2025\/03\/08BY25T-PM-Stepper-Motor-Dimensions-600x376.webp 600w\" sizes=\"(max-width: 759px) 100vw, 759px\" \/><\/p>\n","protected":false},"excerpt":{"rendered":"<h3>Produkteinf\u00fchrung<\/h3>\n<ul>\n<li>Stepper Motor 08BY25T<\/li>\n<li>Bipolarmotor 08BY25T-01 mit 18\u00b0 Schrittwinkel, 15\u201335 \u03a9 Widerstand und 6,0 \u200b\u200b\u03a9 maximalem Haltemoment.<\/li>\n<li>Mit 3\u20135 V Spannung, 1,7\u20132,25 mm Leitspindel und maximaler Schwenkgeschwindigkeit von 2500 pps.<\/li>\n<\/ul>\n<h3>Produktanwendung<\/h3>\n<ul>\n<li>Digitalkamera, Sicherheits\u00fcberwachung<\/li>\n<\/ul>\n","protected":false},"featured_media":8224,"comment_status":"open","ping_status":"closed","template":"","meta":{"site-sidebar-layout":"default","site-content-layout":"","ast-site-content-layout":"default","site-content-style":"default","site-sidebar-style":"default","ast-global-header-display":"","ast-banner-title-visibility":"","ast-main-header-display":"","ast-hfb-above-header-display":"","ast-hfb-below-header-display":"","ast-hfb-mobile-header-display":"","site-post-title":"","ast-breadcrumbs-content":"","ast-featured-img":"","footer-sml-layout":"","theme-transparent-header-meta":"default","adv-header-id-meta":"","stick-header-meta":"","header-above-stick-meta":"","header-main-stick-meta":"","header-below-stick-meta":"","astra-migrate-meta-layouts":"default","ast-page-background-enabled":"default","ast-page-background-meta":{"desktop":{"background-color":"var(--ast-global-color-5)","background-image":"","background-repeat":"repeat","background-position":"center center","background-size":"auto","background-attachment":"scroll","background-type":"","background-media":"","overlay-type":"","overlay-color":"","overlay-opacity":"","overlay-gradient":""},"tablet":{"background-color":"","background-image":"","background-repeat":"repeat","background-position":"center center","background-size":"auto","background-attachment":"scroll","background-type":"","background-media":"","overlay-type":"","overlay-color":"","overlay-opacity":"","overlay-gradient":""},"mobile":{"background-color":"","background-image":"","background-repeat":"repeat","background-position":"center center","background-size":"auto","background-attachment":"scroll","background-type":"","background-media":"","overlay-type":"","overlay-color":"","overlay-opacity":"","overlay-gradient":""}},"ast-content-background-meta":{"desktop":{"background-color":"var(--ast-global-color-4)","background-image":"","background-repeat":"repeat","background-position":"center center","background-size":"auto","background-attachment":"scroll","background-type":"","background-media":"","overlay-type":"","overlay-color":"","overlay-opacity":"","overlay-gradient":""},"tablet":{"background-color":"var(--ast-global-color-4)","background-image":"","background-repeat":"repeat","background-position":"center center","background-size":"auto","background-attachment":"scroll","background-type":"","background-media":"","overlay-type":"","overlay-color":"","overlay-opacity":"","overlay-gradient":""},"mobile":{"background-color":"var(--ast-global-color-4)","background-image":"","background-repeat":"repeat","background-position":"center center","background-size":"auto","background-attachment":"scroll","background-type":"","background-media":"","overlay-type":"","overlay-color":"","overlay-opacity":"","overlay-gradient":""}}},"product_brand":[],"product_cat":[808,873],"product_tag":[836],"class_list":{"0":"post-8223","1":"product","2":"type-product","3":"status-publish","4":"has-post-thumbnail","6":"product_cat-schrittmotorkategorie","7":"product_cat-pm-schrittmotors","8":"product_tag-sicherheitsuberwachung-schrittmotor","9":"pa_application-industrie","10":"desktop-align-left","11":"tablet-align-left","12":"mobile-align-left","14":"first","15":"instock","16":"shipping-taxable","17":"product-type-simple"},"yoast_head":"<!-- This site is optimized with the Yoast SEO plugin v27.2 - https:\/\/yoast.com\/product\/yoast-seo-wordpress\/ -->\n<title>08BY25T Permanentmagnet-Schrittmotor &#8211; Leili Motor<\/title>\n<meta name=\"description\" content=\"Der 08BY25T Permanentmagnet-Schrittmotor verf\u00fcgt \u00fcber einen Schrittwinkel von 18\u00b0, eine Spannung von 3 V bis 5 V, ein Haltemoment von 4,8\u20136,0 V und eine Leitspindel (\u00d8 1,7\u2013\u00d8 2,25 mm) f\u00fcr pr\u00e4zise Positionierung.\" \/>\n<meta name=\"robots\" content=\"index, follow, max-snippet:-1, max-image-preview:large, max-video-preview:-1\" \/>\n<link rel=\"canonical\" href=\"https:\/\/www.leili-motor.net\/de\/08by25t-permanentmagnet-schrittmotor.html\" \/>\n<script type=\"application\/ld+json\" class=\"yoast-schema-graph\">{\"@context\":\"https:\/\/schema.org\",\"@graph\":[{\"@type\":\"WebPage\",\"@id\":\"https:\/\/www.leili-motor.net\/de\/08by25t-permanentmagnet-schrittmotor.html\",\"url\":\"https:\/\/www.leili-motor.net\/de\/08by25t-permanentmagnet-schrittmotor.html\",\"name\":\"08BY25T Permanentmagnet-Schrittmotor &#8211; Leili Motor\",\"isPartOf\":{\"@id\":\"https:\/\/www.leili-motor.net\/de\/#website\"},\"primaryImageOfPage\":{\"@id\":\"https:\/\/www.leili-motor.net\/de\/08by25t-permanentmagnet-schrittmotor.html#primaryimage\"},\"image\":{\"@id\":\"https:\/\/www.leili-motor.net\/de\/08by25t-permanentmagnet-schrittmotor.html#primaryimage\"},\"thumbnailUrl\":\"https:\/\/www.leili-motor.net\/wp-content\/uploads\/2025\/03\/08BY25T-PM-Stepper-Motor.webp\",\"datePublished\":\"2025-03-10T02:57:38+00:00\",\"description\":\"Der 08BY25T Permanentmagnet-Schrittmotor verf\u00fcgt \u00fcber einen Schrittwinkel von 18\u00b0, eine Spannung von 3 V bis 5 V, ein Haltemoment von 4,8\u20136,0 V und eine Leitspindel (\u00d8 1,7\u2013\u00d8 2,25 mm) f\u00fcr pr\u00e4zise Positionierung.\",\"breadcrumb\":{\"@id\":\"https:\/\/www.leili-motor.net\/de\/08by25t-permanentmagnet-schrittmotor.html#breadcrumb\"},\"inLanguage\":\"de\",\"potentialAction\":[{\"@type\":\"ReadAction\",\"target\":[\"https:\/\/www.leili-motor.net\/de\/08by25t-permanentmagnet-schrittmotor.html\"]}]},{\"@type\":\"ImageObject\",\"inLanguage\":\"de\",\"@id\":\"https:\/\/www.leili-motor.net\/de\/08by25t-permanentmagnet-schrittmotor.html#primaryimage\",\"url\":\"https:\/\/www.leili-motor.net\/wp-content\/uploads\/2025\/03\/08BY25T-PM-Stepper-Motor.webp\",\"contentUrl\":\"https:\/\/www.leili-motor.net\/wp-content\/uploads\/2025\/03\/08BY25T-PM-Stepper-Motor.webp\",\"width\":454,\"height\":310,\"caption\":\"08BY25T PM-Schrittmotor\"},{\"@type\":\"BreadcrumbList\",\"@id\":\"https:\/\/www.leili-motor.net\/de\/08by25t-permanentmagnet-schrittmotor.html#breadcrumb\",\"itemListElement\":[{\"@type\":\"ListItem\",\"position\":1,\"name\":\"Home\",\"item\":\"https:\/\/www.leili-motor.net\/de\/\"},{\"@type\":\"ListItem\",\"position\":2,\"name\":\"Produkte\",\"item\":\"https:\/\/www.leili-motor.net\/de\/produkte.html\"},{\"@type\":\"ListItem\",\"position\":3,\"name\":\"08BY25T Permanentmagnet-Schrittmotor\"}]},{\"@type\":\"WebSite\",\"@id\":\"https:\/\/www.leili-motor.net\/de\/#website\",\"url\":\"https:\/\/www.leili-motor.net\/de\/\",\"name\":\"Leili Motor\",\"description\":\"\",\"publisher\":{\"@id\":\"https:\/\/www.leili-motor.net\/de\/#organization\"},\"potentialAction\":[{\"@type\":\"SearchAction\",\"target\":{\"@type\":\"EntryPoint\",\"urlTemplate\":\"https:\/\/www.leili-motor.net\/de\/?s={search_term_string}\"},\"query-input\":{\"@type\":\"PropertyValueSpecification\",\"valueRequired\":true,\"valueName\":\"search_term_string\"}}],\"inLanguage\":\"de\"},{\"@type\":\"Organization\",\"@id\":\"https:\/\/www.leili-motor.net\/de\/#organization\",\"name\":\"Leili Motor\",\"url\":\"https:\/\/www.leili-motor.net\/de\/\",\"logo\":{\"@type\":\"ImageObject\",\"inLanguage\":\"de\",\"@id\":\"https:\/\/www.leili-motor.net\/de\/#\/schema\/logo\/image\/\",\"url\":\"https:\/\/www.leili-motor.net\/wp-content\/uploads\/2025\/03\/Leili-Motor.png\",\"contentUrl\":\"https:\/\/www.leili-motor.net\/wp-content\/uploads\/2025\/03\/Leili-Motor.png\",\"width\":600,\"height\":156,\"caption\":\"Leili Motor\"},\"image\":{\"@id\":\"https:\/\/www.leili-motor.net\/de\/#\/schema\/logo\/image\/\"}}]}<\/script>\n<!-- \/ Yoast SEO plugin. -->","yoast_head_json":{"title":"08BY25T Permanentmagnet-Schrittmotor &#8211; Leili Motor","description":"Der 08BY25T Permanentmagnet-Schrittmotor verf\u00fcgt \u00fcber einen Schrittwinkel von 18\u00b0, eine Spannung von 3 V bis 5 V, ein Haltemoment von 4,8\u20136,0 V und eine Leitspindel (\u00d8 1,7\u2013\u00d8 2,25 mm) f\u00fcr pr\u00e4zise Positionierung.","robots":{"index":"index","follow":"follow","max-snippet":"max-snippet:-1","max-image-preview":"max-image-preview:large","max-video-preview":"max-video-preview:-1"},"canonical":"https:\/\/www.leili-motor.net\/de\/08by25t-permanentmagnet-schrittmotor.html","schema":{"@context":"https:\/\/schema.org","@graph":[{"@type":"WebPage","@id":"https:\/\/www.leili-motor.net\/de\/08by25t-permanentmagnet-schrittmotor.html","url":"https:\/\/www.leili-motor.net\/de\/08by25t-permanentmagnet-schrittmotor.html","name":"08BY25T Permanentmagnet-Schrittmotor &#8211; Leili Motor","isPartOf":{"@id":"https:\/\/www.leili-motor.net\/de\/#website"},"primaryImageOfPage":{"@id":"https:\/\/www.leili-motor.net\/de\/08by25t-permanentmagnet-schrittmotor.html#primaryimage"},"image":{"@id":"https:\/\/www.leili-motor.net\/de\/08by25t-permanentmagnet-schrittmotor.html#primaryimage"},"thumbnailUrl":"https:\/\/www.leili-motor.net\/wp-content\/uploads\/2025\/03\/08BY25T-PM-Stepper-Motor.webp","datePublished":"2025-03-10T02:57:38+00:00","description":"Der 08BY25T Permanentmagnet-Schrittmotor verf\u00fcgt \u00fcber einen Schrittwinkel von 18\u00b0, eine Spannung von 3 V bis 5 V, ein Haltemoment von 4,8\u20136,0 V und eine Leitspindel (\u00d8 1,7\u2013\u00d8 2,25 mm) f\u00fcr pr\u00e4zise Positionierung.","breadcrumb":{"@id":"https:\/\/www.leili-motor.net\/de\/08by25t-permanentmagnet-schrittmotor.html#breadcrumb"},"inLanguage":"de","potentialAction":[{"@type":"ReadAction","target":["https:\/\/www.leili-motor.net\/de\/08by25t-permanentmagnet-schrittmotor.html"]}]},{"@type":"ImageObject","inLanguage":"de","@id":"https:\/\/www.leili-motor.net\/de\/08by25t-permanentmagnet-schrittmotor.html#primaryimage","url":"https:\/\/www.leili-motor.net\/wp-content\/uploads\/2025\/03\/08BY25T-PM-Stepper-Motor.webp","contentUrl":"https:\/\/www.leili-motor.net\/wp-content\/uploads\/2025\/03\/08BY25T-PM-Stepper-Motor.webp","width":454,"height":310,"caption":"08BY25T PM-Schrittmotor"},{"@type":"BreadcrumbList","@id":"https:\/\/www.leili-motor.net\/de\/08by25t-permanentmagnet-schrittmotor.html#breadcrumb","itemListElement":[{"@type":"ListItem","position":1,"name":"Home","item":"https:\/\/www.leili-motor.net\/de\/"},{"@type":"ListItem","position":2,"name":"Produkte","item":"https:\/\/www.leili-motor.net\/de\/produkte.html"},{"@type":"ListItem","position":3,"name":"08BY25T Permanentmagnet-Schrittmotor"}]},{"@type":"WebSite","@id":"https:\/\/www.leili-motor.net\/de\/#website","url":"https:\/\/www.leili-motor.net\/de\/","name":"Leili Motor","description":"","publisher":{"@id":"https:\/\/www.leili-motor.net\/de\/#organization"},"potentialAction":[{"@type":"SearchAction","target":{"@type":"EntryPoint","urlTemplate":"https:\/\/www.leili-motor.net\/de\/?s={search_term_string}"},"query-input":{"@type":"PropertyValueSpecification","valueRequired":true,"valueName":"search_term_string"}}],"inLanguage":"de"},{"@type":"Organization","@id":"https:\/\/www.leili-motor.net\/de\/#organization","name":"Leili Motor","url":"https:\/\/www.leili-motor.net\/de\/","logo":{"@type":"ImageObject","inLanguage":"de","@id":"https:\/\/www.leili-motor.net\/de\/#\/schema\/logo\/image\/","url":"https:\/\/www.leili-motor.net\/wp-content\/uploads\/2025\/03\/Leili-Motor.png","contentUrl":"https:\/\/www.leili-motor.net\/wp-content\/uploads\/2025\/03\/Leili-Motor.png","width":600,"height":156,"caption":"Leili Motor"},"image":{"@id":"https:\/\/www.leili-motor.net\/de\/#\/schema\/logo\/image\/"}}]}},"_links":{"self":[{"href":"https:\/\/www.leili-motor.net\/de\/wp-json\/wp\/v2\/product\/8223","targetHints":{"allow":["GET"]}}],"collection":[{"href":"https:\/\/www.leili-motor.net\/de\/wp-json\/wp\/v2\/product"}],"about":[{"href":"https:\/\/www.leili-motor.net\/de\/wp-json\/wp\/v2\/types\/product"}],"replies":[{"embeddable":true,"href":"https:\/\/www.leili-motor.net\/de\/wp-json\/wp\/v2\/comments?post=8223"}],"wp:featuredmedia":[{"embeddable":true,"href":"https:\/\/www.leili-motor.net\/de\/wp-json\/wp\/v2\/media\/8224"}],"wp:attachment":[{"href":"https:\/\/www.leili-motor.net\/de\/wp-json\/wp\/v2\/media?parent=8223"}],"wp:term":[{"taxonomy":"product_brand","embeddable":true,"href":"https:\/\/www.leili-motor.net\/de\/wp-json\/wp\/v2\/product_brand?post=8223"},{"taxonomy":"product_cat","embeddable":true,"href":"https:\/\/www.leili-motor.net\/de\/wp-json\/wp\/v2\/product_cat?post=8223"},{"taxonomy":"product_tag","embeddable":true,"href":"https:\/\/www.leili-motor.net\/de\/wp-json\/wp\/v2\/product_tag?post=8223"}],"curies":[{"name":"wp","href":"https:\/\/api.w.org\/{rel}","templated":true}]}}