{"id":8509,"date":"2025-03-12T17:12:31","date_gmt":"2025-03-12T09:12:31","guid":{"rendered":"https:\/\/www.leili-motor.net\/qe-drainagemotor\/"},"modified":"2025-03-12T17:12:31","modified_gmt":"2025-03-12T09:12:31","slug":"qe-drainagemotor","status":"publish","type":"product","link":"https:\/\/www.leili-motor.net\/de\/qe-drainagemotor.html","title":{"rendered":"QE Drainagemotor"},"content":{"rendered":"<h2>Produktparameter<\/h2>\n<table>\n<tbody>\n<tr>\n<td>Motortyp<\/td>\n<td>Stromspannung(V)<\/td>\n<td>Frequenz(Hz)<\/td>\n<td>Elektrischer Strom (mA)<\/td>\n<td>Leistung(W)<\/td>\n<td>Reise (mm)<\/td>\n<td>Startspannung (VAC)<\/td>\n<td>Ger\u00e4uschpegel(A)<\/td>\n<td>Montagema\u00df (mm)<\/td>\n<td>Zugkraft (N)<\/td>\n<td>Isolationsklasse<\/td>\n<\/tr>\n<tr>\n<td>QE 1<\/td>\n<td>127<\/td>\n<td>60<\/td>\n<td>\u226430<\/td>\n<td>\u22643<\/td>\n<td>\u00b124<\/td>\n<td>\u226485<\/td>\n<td>\u226454<\/td>\n<td>61\u00b10.2<\/td>\n<td>24.5<\/td>\n<td>E<\/td>\n<\/tr>\n<tr>\n<td>QE 2<\/td>\n<td>220\/240<\/td>\n<td>50\/60<\/td>\n<td>\u226430<\/td>\n<td>\u22644.5<\/td>\n<td>\u00b124<\/td>\n<td>\u2264176<\/td>\n<td>\u226455<\/td>\n<td>61\u00b10.2<\/td>\n<td>34.3<\/td>\n<td>E<\/td>\n<\/tr>\n<\/tbody>\n<\/table>\n<h2>Mechanische Abmessungen: mm<br \/>\n<img fetchpriority=\"high\" decoding=\"async\" class=\"size-full wp-image-2594 aligncenter\" src=\"https:\/\/www.leili-motor.net\/wp-content\/uploads\/2025\/03\/Mechanical-Dimension-for-QE-Drain-Motor.webp\" alt=\"Mechanische Abmessungen f\u00fcr den QE-Ablassmotor\" width=\"795\" height=\"569\" srcset=\"https:\/\/www.leili-motor.net\/wp-content\/uploads\/2025\/03\/Mechanical-Dimension-for-QE-Drain-Motor.webp 795w, https:\/\/www.leili-motor.net\/wp-content\/uploads\/2025\/03\/Mechanical-Dimension-for-QE-Drain-Motor-300x215.webp 300w, https:\/\/www.leili-motor.net\/wp-content\/uploads\/2025\/03\/Mechanical-Dimension-for-QE-Drain-Motor-768x550.webp 768w, https:\/\/www.leili-motor.net\/wp-content\/uploads\/2025\/03\/Mechanical-Dimension-for-QE-Drain-Motor-600x429.webp 600w\" sizes=\"(max-width: 795px) 100vw, 795px\" \/><\/h2>\n","protected":false},"excerpt":{"rendered":"<h3>Produkteinf\u00fchrung<\/h3>\n<ul>\n<li>QE 1-Ablassmotor: Arbeitet mit 127 V, 60 Hz, mit \u2264 30 mA Strom und \u2264 3 W Leistung und gew\u00e4hrleistet so eine geringe Ger\u00e4uschentwicklung.<\/li>\n<li>QE 2-Ablassmotor: Unterst\u00fctzt 220\/240 V, 50\/60 Hz, verbraucht \u2264 4,5 W Strom und bietet h\u00f6here Zugkraft bei minimaler Ger\u00e4uschentwicklung.<\/li>\n<li>Montage und Leistung: Beide Modelle verf\u00fcgen \u00fcber ein Montagema\u00df von 61 mm, Isolationsklasse E und einen pr\u00e4zisen Hub von \u00b124 mm.<\/li>\n<\/ul>\n<h3>Produktanwendung<\/h3>\n<ul>\n<li>Haushaltsger\u00e4te: Waschmaschine<\/li>\n<\/ul>\n","protected":false},"featured_media":8510,"comment_status":"open","ping_status":"closed","template":"","meta":{"site-sidebar-layout":"default","site-content-layout":"","ast-site-content-layout":"default","site-content-style":"default","site-sidebar-style":"default","ast-global-header-display":"","ast-banner-title-visibility":"","ast-main-header-display":"","ast-hfb-above-header-display":"","ast-hfb-below-header-display":"","ast-hfb-mobile-header-display":"","site-post-title":"","ast-breadcrumbs-content":"","ast-featured-img":"","footer-sml-layout":"","theme-transparent-header-meta":"default","adv-header-id-meta":"","stick-header-meta":"","header-above-stick-meta":"","header-main-stick-meta":"","header-below-stick-meta":"","astra-migrate-meta-layouts":"default","ast-page-background-enabled":"default","ast-page-background-meta":{"desktop":{"background-color":"var(--ast-global-color-5)","background-image":"","background-repeat":"repeat","background-position":"center center","background-size":"auto","background-attachment":"scroll","background-type":"","background-media":"","overlay-type":"","overlay-color":"","overlay-opacity":"","overlay-gradient":""},"tablet":{"background-color":"","background-image":"","background-repeat":"repeat","background-position":"center center","background-size":"auto","background-attachment":"scroll","background-type":"","background-media":"","overlay-type":"","overlay-color":"","overlay-opacity":"","overlay-gradient":""},"mobile":{"background-color":"","background-image":"","background-repeat":"repeat","background-position":"center center","background-size":"auto","background-attachment":"scroll","background-type":"","background-media":"","overlay-type":"","overlay-color":"","overlay-opacity":"","overlay-gradient":""}},"ast-content-background-meta":{"desktop":{"background-color":"var(--ast-global-color-4)","background-image":"","background-repeat":"repeat","background-position":"center center","background-size":"auto","background-attachment":"scroll","background-type":"","background-media":"","overlay-type":"","overlay-color":"","overlay-opacity":"","overlay-gradient":""},"tablet":{"background-color":"var(--ast-global-color-4)","background-image":"","background-repeat":"repeat","background-position":"center center","background-size":"auto","background-attachment":"scroll","background-type":"","background-media":"","overlay-type":"","overlay-color":"","overlay-opacity":"","overlay-gradient":""},"mobile":{"background-color":"var(--ast-global-color-4)","background-image":"","background-repeat":"repeat","background-position":"center center","background-size":"auto","background-attachment":"scroll","background-type":"","background-media":"","overlay-type":"","overlay-color":"","overlay-opacity":"","overlay-gradient":""}}},"product_brand":[],"product_cat":[934,935],"product_tag":[936],"class_list":{"0":"post-8509","1":"product","2":"type-product","3":"status-publish","4":"has-post-thumbnail","6":"product_cat-drainagemotorkategorie","7":"product_cat-ablassventil-antrieb","8":"product_tag-waschmaschine-abwassersystem","9":"pa_application-haushaltsgerate","10":"desktop-align-left","11":"tablet-align-left","12":"mobile-align-left","14":"first","15":"instock","16":"shipping-taxable","17":"product-type-simple"},"yoast_head":"<!-- This site is optimized with the Yoast SEO plugin v27.2 - https:\/\/yoast.com\/product\/yoast-seo-wordpress\/ -->\n<title>QE Drainagemotor &#8211; Leili Motor<\/title>\n<meta name=\"description\" content=\"Der QE-Ablaufmotor sorgt f\u00fcr einen effizienten Wasserabfluss bei Waschmaschinen und zeichnet sich durch geringen Stromverbrauch, minimale Ger\u00e4uschentwicklung und pr\u00e4zise Zugleistung aus.\" \/>\n<meta name=\"robots\" content=\"index, follow, max-snippet:-1, max-image-preview:large, max-video-preview:-1\" \/>\n<link rel=\"canonical\" href=\"https:\/\/www.leili-motor.net\/de\/qe-drainagemotor.html\" \/>\n<script type=\"application\/ld+json\" class=\"yoast-schema-graph\">{\"@context\":\"https:\/\/schema.org\",\"@graph\":[{\"@type\":\"WebPage\",\"@id\":\"https:\/\/www.leili-motor.net\/de\/qe-drainagemotor.html\",\"url\":\"https:\/\/www.leili-motor.net\/de\/qe-drainagemotor.html\",\"name\":\"QE Drainagemotor &#8211; Leili Motor\",\"isPartOf\":{\"@id\":\"https:\/\/www.leili-motor.net\/de\/#website\"},\"primaryImageOfPage\":{\"@id\":\"https:\/\/www.leili-motor.net\/de\/qe-drainagemotor.html#primaryimage\"},\"image\":{\"@id\":\"https:\/\/www.leili-motor.net\/de\/qe-drainagemotor.html#primaryimage\"},\"thumbnailUrl\":\"https:\/\/www.leili-motor.net\/wp-content\/uploads\/2025\/03\/QE-Drain-Motor.webp\",\"datePublished\":\"2025-03-12T09:12:31+00:00\",\"description\":\"Der QE-Ablaufmotor sorgt f\u00fcr einen effizienten Wasserabfluss bei Waschmaschinen und zeichnet sich durch geringen Stromverbrauch, minimale Ger\u00e4uschentwicklung und pr\u00e4zise Zugleistung aus.\",\"breadcrumb\":{\"@id\":\"https:\/\/www.leili-motor.net\/de\/qe-drainagemotor.html#breadcrumb\"},\"inLanguage\":\"de\",\"potentialAction\":[{\"@type\":\"ReadAction\",\"target\":[\"https:\/\/www.leili-motor.net\/de\/qe-drainagemotor.html\"]}]},{\"@type\":\"ImageObject\",\"inLanguage\":\"de\",\"@id\":\"https:\/\/www.leili-motor.net\/de\/qe-drainagemotor.html#primaryimage\",\"url\":\"https:\/\/www.leili-motor.net\/wp-content\/uploads\/2025\/03\/QE-Drain-Motor.webp\",\"contentUrl\":\"https:\/\/www.leili-motor.net\/wp-content\/uploads\/2025\/03\/QE-Drain-Motor.webp\",\"width\":454,\"height\":310,\"caption\":\"QE-Ablassmotor\"},{\"@type\":\"BreadcrumbList\",\"@id\":\"https:\/\/www.leili-motor.net\/de\/qe-drainagemotor.html#breadcrumb\",\"itemListElement\":[{\"@type\":\"ListItem\",\"position\":1,\"name\":\"Home\",\"item\":\"https:\/\/www.leili-motor.net\/de\/\"},{\"@type\":\"ListItem\",\"position\":2,\"name\":\"Produkte\",\"item\":\"https:\/\/www.leili-motor.net\/de\/produkte.html\"},{\"@type\":\"ListItem\",\"position\":3,\"name\":\"QE Drainagemotor\"}]},{\"@type\":\"WebSite\",\"@id\":\"https:\/\/www.leili-motor.net\/de\/#website\",\"url\":\"https:\/\/www.leili-motor.net\/de\/\",\"name\":\"Leili Motor\",\"description\":\"\",\"publisher\":{\"@id\":\"https:\/\/www.leili-motor.net\/de\/#organization\"},\"potentialAction\":[{\"@type\":\"SearchAction\",\"target\":{\"@type\":\"EntryPoint\",\"urlTemplate\":\"https:\/\/www.leili-motor.net\/de\/?s={search_term_string}\"},\"query-input\":{\"@type\":\"PropertyValueSpecification\",\"valueRequired\":true,\"valueName\":\"search_term_string\"}}],\"inLanguage\":\"de\"},{\"@type\":\"Organization\",\"@id\":\"https:\/\/www.leili-motor.net\/de\/#organization\",\"name\":\"Leili Motor\",\"url\":\"https:\/\/www.leili-motor.net\/de\/\",\"logo\":{\"@type\":\"ImageObject\",\"inLanguage\":\"de\",\"@id\":\"https:\/\/www.leili-motor.net\/de\/#\/schema\/logo\/image\/\",\"url\":\"https:\/\/www.leili-motor.net\/wp-content\/uploads\/2025\/03\/Leili-Motor.png\",\"contentUrl\":\"https:\/\/www.leili-motor.net\/wp-content\/uploads\/2025\/03\/Leili-Motor.png\",\"width\":600,\"height\":156,\"caption\":\"Leili Motor\"},\"image\":{\"@id\":\"https:\/\/www.leili-motor.net\/de\/#\/schema\/logo\/image\/\"}}]}<\/script>\n<!-- \/ Yoast SEO plugin. -->","yoast_head_json":{"title":"QE Drainagemotor &#8211; Leili Motor","description":"Der QE-Ablaufmotor sorgt f\u00fcr einen effizienten Wasserabfluss bei Waschmaschinen und zeichnet sich durch geringen Stromverbrauch, minimale Ger\u00e4uschentwicklung und pr\u00e4zise Zugleistung aus.","robots":{"index":"index","follow":"follow","max-snippet":"max-snippet:-1","max-image-preview":"max-image-preview:large","max-video-preview":"max-video-preview:-1"},"canonical":"https:\/\/www.leili-motor.net\/de\/qe-drainagemotor.html","schema":{"@context":"https:\/\/schema.org","@graph":[{"@type":"WebPage","@id":"https:\/\/www.leili-motor.net\/de\/qe-drainagemotor.html","url":"https:\/\/www.leili-motor.net\/de\/qe-drainagemotor.html","name":"QE Drainagemotor &#8211; Leili Motor","isPartOf":{"@id":"https:\/\/www.leili-motor.net\/de\/#website"},"primaryImageOfPage":{"@id":"https:\/\/www.leili-motor.net\/de\/qe-drainagemotor.html#primaryimage"},"image":{"@id":"https:\/\/www.leili-motor.net\/de\/qe-drainagemotor.html#primaryimage"},"thumbnailUrl":"https:\/\/www.leili-motor.net\/wp-content\/uploads\/2025\/03\/QE-Drain-Motor.webp","datePublished":"2025-03-12T09:12:31+00:00","description":"Der QE-Ablaufmotor sorgt f\u00fcr einen effizienten Wasserabfluss bei Waschmaschinen und zeichnet sich durch geringen Stromverbrauch, minimale Ger\u00e4uschentwicklung und pr\u00e4zise Zugleistung aus.","breadcrumb":{"@id":"https:\/\/www.leili-motor.net\/de\/qe-drainagemotor.html#breadcrumb"},"inLanguage":"de","potentialAction":[{"@type":"ReadAction","target":["https:\/\/www.leili-motor.net\/de\/qe-drainagemotor.html"]}]},{"@type":"ImageObject","inLanguage":"de","@id":"https:\/\/www.leili-motor.net\/de\/qe-drainagemotor.html#primaryimage","url":"https:\/\/www.leili-motor.net\/wp-content\/uploads\/2025\/03\/QE-Drain-Motor.webp","contentUrl":"https:\/\/www.leili-motor.net\/wp-content\/uploads\/2025\/03\/QE-Drain-Motor.webp","width":454,"height":310,"caption":"QE-Ablassmotor"},{"@type":"BreadcrumbList","@id":"https:\/\/www.leili-motor.net\/de\/qe-drainagemotor.html#breadcrumb","itemListElement":[{"@type":"ListItem","position":1,"name":"Home","item":"https:\/\/www.leili-motor.net\/de\/"},{"@type":"ListItem","position":2,"name":"Produkte","item":"https:\/\/www.leili-motor.net\/de\/produkte.html"},{"@type":"ListItem","position":3,"name":"QE Drainagemotor"}]},{"@type":"WebSite","@id":"https:\/\/www.leili-motor.net\/de\/#website","url":"https:\/\/www.leili-motor.net\/de\/","name":"Leili Motor","description":"","publisher":{"@id":"https:\/\/www.leili-motor.net\/de\/#organization"},"potentialAction":[{"@type":"SearchAction","target":{"@type":"EntryPoint","urlTemplate":"https:\/\/www.leili-motor.net\/de\/?s={search_term_string}"},"query-input":{"@type":"PropertyValueSpecification","valueRequired":true,"valueName":"search_term_string"}}],"inLanguage":"de"},{"@type":"Organization","@id":"https:\/\/www.leili-motor.net\/de\/#organization","name":"Leili Motor","url":"https:\/\/www.leili-motor.net\/de\/","logo":{"@type":"ImageObject","inLanguage":"de","@id":"https:\/\/www.leili-motor.net\/de\/#\/schema\/logo\/image\/","url":"https:\/\/www.leili-motor.net\/wp-content\/uploads\/2025\/03\/Leili-Motor.png","contentUrl":"https:\/\/www.leili-motor.net\/wp-content\/uploads\/2025\/03\/Leili-Motor.png","width":600,"height":156,"caption":"Leili Motor"},"image":{"@id":"https:\/\/www.leili-motor.net\/de\/#\/schema\/logo\/image\/"}}]}},"_links":{"self":[{"href":"https:\/\/www.leili-motor.net\/de\/wp-json\/wp\/v2\/product\/8509","targetHints":{"allow":["GET"]}}],"collection":[{"href":"https:\/\/www.leili-motor.net\/de\/wp-json\/wp\/v2\/product"}],"about":[{"href":"https:\/\/www.leili-motor.net\/de\/wp-json\/wp\/v2\/types\/product"}],"replies":[{"embeddable":true,"href":"https:\/\/www.leili-motor.net\/de\/wp-json\/wp\/v2\/comments?post=8509"}],"wp:featuredmedia":[{"embeddable":true,"href":"https:\/\/www.leili-motor.net\/de\/wp-json\/wp\/v2\/media\/8510"}],"wp:attachment":[{"href":"https:\/\/www.leili-motor.net\/de\/wp-json\/wp\/v2\/media?parent=8509"}],"wp:term":[{"taxonomy":"product_brand","embeddable":true,"href":"https:\/\/www.leili-motor.net\/de\/wp-json\/wp\/v2\/product_brand?post=8509"},{"taxonomy":"product_cat","embeddable":true,"href":"https:\/\/www.leili-motor.net\/de\/wp-json\/wp\/v2\/product_cat?post=8509"},{"taxonomy":"product_tag","embeddable":true,"href":"https:\/\/www.leili-motor.net\/de\/wp-json\/wp\/v2\/product_tag?post=8509"}],"curies":[{"name":"wp","href":"https:\/\/api.w.org\/{rel}","templated":true}]}}