{"id":8512,"date":"2025-03-12T17:22:56","date_gmt":"2025-03-12T09:22:56","guid":{"rendered":"https:\/\/www.leili-motor.net\/umschaltventilmotor\/"},"modified":"2025-03-12T17:22:56","modified_gmt":"2025-03-12T09:22:56","slug":"umschaltventilmotor","status":"publish","type":"product","link":"https:\/\/www.leili-motor.net\/de\/umschaltventilmotor.html","title":{"rendered":"Umschaltventilmotor"},"content":{"rendered":"<h2>Produktparameter<\/h2>\n<table>\n<tbody>\n<tr>\n<td>Molde<\/td>\n<td>Nennspannung(VAC)<\/td>\n<td>Nennfrequenz(Hz)<\/td>\n<td>Leistung(W)<\/td>\n<td>Aktuell(mA)<\/td>\n<td>Startspannung (V)<\/td>\n<td>Ger\u00e4uschpegel dB(A)<\/td>\n<td>Drehzahl(U\/min)<\/td>\n<td>Drehmoment (N.cm)<\/td>\n<td>Isolationsklasse<\/td>\n<\/tr>\n<tr>\n<td>FSQ1-X<\/td>\n<td>120<\/td>\n<td>60<\/td>\n<td>4<\/td>\n<td>40<\/td>\n<td>95<\/td>\n<td>\u2264 40<\/td>\n<td>4<\/td>\n<td>50<\/td>\n<td>E<\/td>\n<\/tr>\n<tr>\n<td>FSQ2-X<\/td>\n<td>220<\/td>\n<td>50<\/td>\n<td>4.5<\/td>\n<td>50<\/td>\n<td>187<\/td>\n<td>\u2264 40<\/td>\n<td>4<\/td>\n<td>50<\/td>\n<td>E<\/td>\n<\/tr>\n<\/tbody>\n<\/table>\n<h2>Mechanische Abmessungen: mm<br \/>\n<img fetchpriority=\"high\" decoding=\"async\" class=\"size-full wp-image-2606 aligncenter\" src=\"https:\/\/www.leili-motor.net\/wp-content\/uploads\/2025\/03\/Mechanical-Dimension-for-Diverter-Valve-Motor.webp\" alt=\"Mechanische Abmessungen f\u00fcr den Umschaltventilmotor\" width=\"759\" height=\"586\" srcset=\"https:\/\/www.leili-motor.net\/wp-content\/uploads\/2025\/03\/Mechanical-Dimension-for-Diverter-Valve-Motor.webp 759w, https:\/\/www.leili-motor.net\/wp-content\/uploads\/2025\/03\/Mechanical-Dimension-for-Diverter-Valve-Motor-300x232.webp 300w, https:\/\/www.leili-motor.net\/wp-content\/uploads\/2025\/03\/Mechanical-Dimension-for-Diverter-Valve-Motor-600x463.webp 600w\" sizes=\"(max-width: 759px) 100vw, 759px\" \/><\/h2>\n","protected":false},"excerpt":{"rendered":"<h3>Produkteinf\u00fchrung<\/h3>\n<ul>\n<li>Wasserflussverteilung: Steuert den Wasserfluss durch die Kammern der Sp\u00fclmaschine f\u00fcr eine effiziente Reinigung und optimale Sp\u00fclleistung.<\/li>\n<li>Leistung und Effizienz: Betrieb mit 120 V\/220 V, Verbrauch 4\u20134,5 W, mit geringer Ger\u00e4uschentwicklung und stabiler Rotation mit 4 U\/min.<\/li>\n<li>Zuverl\u00e4ssig und langlebig: Verf\u00fcgt \u00fcber ein Drehmoment von 50 N.cm, Isolationsklasse E und gew\u00e4hrleistet einen gleichm\u00e4\u00dfigen Betrieb der Sp\u00fclmaschine bei minimalem Energieverbrauch.<\/li>\n<\/ul>\n<h3>Produktanwendung<\/h3>\n<ul>\n<li>Haushaltsger\u00e4te: Waschmaschine<\/li>\n<\/ul>\n","protected":false},"featured_media":8513,"comment_status":"open","ping_status":"closed","template":"","meta":{"site-sidebar-layout":"default","site-content-layout":"","ast-site-content-layout":"default","site-content-style":"default","site-sidebar-style":"default","ast-global-header-display":"","ast-banner-title-visibility":"","ast-main-header-display":"","ast-hfb-above-header-display":"","ast-hfb-below-header-display":"","ast-hfb-mobile-header-display":"","site-post-title":"","ast-breadcrumbs-content":"","ast-featured-img":"","footer-sml-layout":"","theme-transparent-header-meta":"default","adv-header-id-meta":"","stick-header-meta":"","header-above-stick-meta":"","header-main-stick-meta":"","header-below-stick-meta":"","astra-migrate-meta-layouts":"default","ast-page-background-enabled":"default","ast-page-background-meta":{"desktop":{"background-color":"var(--ast-global-color-5)","background-image":"","background-repeat":"repeat","background-position":"center center","background-size":"auto","background-attachment":"scroll","background-type":"","background-media":"","overlay-type":"","overlay-color":"","overlay-opacity":"","overlay-gradient":""},"tablet":{"background-color":"","background-image":"","background-repeat":"repeat","background-position":"center center","background-size":"auto","background-attachment":"scroll","background-type":"","background-media":"","overlay-type":"","overlay-color":"","overlay-opacity":"","overlay-gradient":""},"mobile":{"background-color":"","background-image":"","background-repeat":"repeat","background-position":"center center","background-size":"auto","background-attachment":"scroll","background-type":"","background-media":"","overlay-type":"","overlay-color":"","overlay-opacity":"","overlay-gradient":""}},"ast-content-background-meta":{"desktop":{"background-color":"var(--ast-global-color-4)","background-image":"","background-repeat":"repeat","background-position":"center center","background-size":"auto","background-attachment":"scroll","background-type":"","background-media":"","overlay-type":"","overlay-color":"","overlay-opacity":"","overlay-gradient":""},"tablet":{"background-color":"var(--ast-global-color-4)","background-image":"","background-repeat":"repeat","background-position":"center center","background-size":"auto","background-attachment":"scroll","background-type":"","background-media":"","overlay-type":"","overlay-color":"","overlay-opacity":"","overlay-gradient":""},"mobile":{"background-color":"var(--ast-global-color-4)","background-image":"","background-repeat":"repeat","background-position":"center center","background-size":"auto","background-attachment":"scroll","background-type":"","background-media":"","overlay-type":"","overlay-color":"","overlay-opacity":"","overlay-gradient":""}}},"product_brand":[],"product_cat":[934,935],"product_tag":[939],"class_list":{"0":"post-8512","1":"product","2":"type-product","3":"status-publish","4":"has-post-thumbnail","6":"product_cat-drainagemotorkategorie","7":"product_cat-ablassventil-antrieb","8":"product_tag-geschirrspuler-spulsystem","9":"pa_application-haushaltsgerate","10":"desktop-align-left","11":"tablet-align-left","12":"mobile-align-left","14":"first","15":"instock","16":"shipping-taxable","17":"product-type-simple"},"yoast_head":"<!-- This site is optimized with the Yoast SEO plugin v27.2 - https:\/\/yoast.com\/product\/yoast-seo-wordpress\/ -->\n<title>Umschaltventilmotor &#8211; Leili Motor<\/title>\n<meta name=\"description\" content=\"Der Umschaltventilmotor arbeitet mit 120 V\/220 V, einer Leistung von 4\u20134,5 W, einer Geschwindigkeit von 4 U\/min und einem Drehmoment von 50 N.cm und gew\u00e4hrleistet so eine effiziente Wasserverteilung in der Sp\u00fclmaschine.\" \/>\n<meta name=\"robots\" content=\"index, follow, max-snippet:-1, max-image-preview:large, max-video-preview:-1\" \/>\n<link rel=\"canonical\" href=\"https:\/\/www.leili-motor.net\/de\/umschaltventilmotor.html\" \/>\n<script type=\"application\/ld+json\" class=\"yoast-schema-graph\">{\"@context\":\"https:\/\/schema.org\",\"@graph\":[{\"@type\":\"WebPage\",\"@id\":\"https:\/\/www.leili-motor.net\/de\/umschaltventilmotor.html\",\"url\":\"https:\/\/www.leili-motor.net\/de\/umschaltventilmotor.html\",\"name\":\"Umschaltventilmotor &#8211; Leili Motor\",\"isPartOf\":{\"@id\":\"https:\/\/www.leili-motor.net\/de\/#website\"},\"primaryImageOfPage\":{\"@id\":\"https:\/\/www.leili-motor.net\/de\/umschaltventilmotor.html#primaryimage\"},\"image\":{\"@id\":\"https:\/\/www.leili-motor.net\/de\/umschaltventilmotor.html#primaryimage\"},\"thumbnailUrl\":\"https:\/\/www.leili-motor.net\/wp-content\/uploads\/2025\/03\/Diverter-Valve-Motor.webp\",\"datePublished\":\"2025-03-12T09:22:56+00:00\",\"description\":\"Der Umschaltventilmotor arbeitet mit 120 V\/220 V, einer Leistung von 4\u20134,5 W, einer Geschwindigkeit von 4 U\/min und einem Drehmoment von 50 N.cm und gew\u00e4hrleistet so eine effiziente Wasserverteilung in der Sp\u00fclmaschine.\",\"breadcrumb\":{\"@id\":\"https:\/\/www.leili-motor.net\/de\/umschaltventilmotor.html#breadcrumb\"},\"inLanguage\":\"de\",\"potentialAction\":[{\"@type\":\"ReadAction\",\"target\":[\"https:\/\/www.leili-motor.net\/de\/umschaltventilmotor.html\"]}]},{\"@type\":\"ImageObject\",\"inLanguage\":\"de\",\"@id\":\"https:\/\/www.leili-motor.net\/de\/umschaltventilmotor.html#primaryimage\",\"url\":\"https:\/\/www.leili-motor.net\/wp-content\/uploads\/2025\/03\/Diverter-Valve-Motor.webp\",\"contentUrl\":\"https:\/\/www.leili-motor.net\/wp-content\/uploads\/2025\/03\/Diverter-Valve-Motor.webp\",\"width\":454,\"height\":310,\"caption\":\"Umschaltventilmotor\"},{\"@type\":\"BreadcrumbList\",\"@id\":\"https:\/\/www.leili-motor.net\/de\/umschaltventilmotor.html#breadcrumb\",\"itemListElement\":[{\"@type\":\"ListItem\",\"position\":1,\"name\":\"Home\",\"item\":\"https:\/\/www.leili-motor.net\/de\/\"},{\"@type\":\"ListItem\",\"position\":2,\"name\":\"Produkte\",\"item\":\"https:\/\/www.leili-motor.net\/de\/produkte.html\"},{\"@type\":\"ListItem\",\"position\":3,\"name\":\"Umschaltventilmotor\"}]},{\"@type\":\"WebSite\",\"@id\":\"https:\/\/www.leili-motor.net\/de\/#website\",\"url\":\"https:\/\/www.leili-motor.net\/de\/\",\"name\":\"Leili Motor\",\"description\":\"\",\"publisher\":{\"@id\":\"https:\/\/www.leili-motor.net\/de\/#organization\"},\"potentialAction\":[{\"@type\":\"SearchAction\",\"target\":{\"@type\":\"EntryPoint\",\"urlTemplate\":\"https:\/\/www.leili-motor.net\/de\/?s={search_term_string}\"},\"query-input\":{\"@type\":\"PropertyValueSpecification\",\"valueRequired\":true,\"valueName\":\"search_term_string\"}}],\"inLanguage\":\"de\"},{\"@type\":\"Organization\",\"@id\":\"https:\/\/www.leili-motor.net\/de\/#organization\",\"name\":\"Leili Motor\",\"url\":\"https:\/\/www.leili-motor.net\/de\/\",\"logo\":{\"@type\":\"ImageObject\",\"inLanguage\":\"de\",\"@id\":\"https:\/\/www.leili-motor.net\/de\/#\/schema\/logo\/image\/\",\"url\":\"https:\/\/www.leili-motor.net\/wp-content\/uploads\/2025\/03\/Leili-Motor.png\",\"contentUrl\":\"https:\/\/www.leili-motor.net\/wp-content\/uploads\/2025\/03\/Leili-Motor.png\",\"width\":600,\"height\":156,\"caption\":\"Leili Motor\"},\"image\":{\"@id\":\"https:\/\/www.leili-motor.net\/de\/#\/schema\/logo\/image\/\"}}]}<\/script>\n<!-- \/ Yoast SEO plugin. -->","yoast_head_json":{"title":"Umschaltventilmotor &#8211; Leili Motor","description":"Der Umschaltventilmotor arbeitet mit 120 V\/220 V, einer Leistung von 4\u20134,5 W, einer Geschwindigkeit von 4 U\/min und einem Drehmoment von 50 N.cm und gew\u00e4hrleistet so eine effiziente Wasserverteilung in der Sp\u00fclmaschine.","robots":{"index":"index","follow":"follow","max-snippet":"max-snippet:-1","max-image-preview":"max-image-preview:large","max-video-preview":"max-video-preview:-1"},"canonical":"https:\/\/www.leili-motor.net\/de\/umschaltventilmotor.html","schema":{"@context":"https:\/\/schema.org","@graph":[{"@type":"WebPage","@id":"https:\/\/www.leili-motor.net\/de\/umschaltventilmotor.html","url":"https:\/\/www.leili-motor.net\/de\/umschaltventilmotor.html","name":"Umschaltventilmotor &#8211; Leili Motor","isPartOf":{"@id":"https:\/\/www.leili-motor.net\/de\/#website"},"primaryImageOfPage":{"@id":"https:\/\/www.leili-motor.net\/de\/umschaltventilmotor.html#primaryimage"},"image":{"@id":"https:\/\/www.leili-motor.net\/de\/umschaltventilmotor.html#primaryimage"},"thumbnailUrl":"https:\/\/www.leili-motor.net\/wp-content\/uploads\/2025\/03\/Diverter-Valve-Motor.webp","datePublished":"2025-03-12T09:22:56+00:00","description":"Der Umschaltventilmotor arbeitet mit 120 V\/220 V, einer Leistung von 4\u20134,5 W, einer Geschwindigkeit von 4 U\/min und einem Drehmoment von 50 N.cm und gew\u00e4hrleistet so eine effiziente Wasserverteilung in der Sp\u00fclmaschine.","breadcrumb":{"@id":"https:\/\/www.leili-motor.net\/de\/umschaltventilmotor.html#breadcrumb"},"inLanguage":"de","potentialAction":[{"@type":"ReadAction","target":["https:\/\/www.leili-motor.net\/de\/umschaltventilmotor.html"]}]},{"@type":"ImageObject","inLanguage":"de","@id":"https:\/\/www.leili-motor.net\/de\/umschaltventilmotor.html#primaryimage","url":"https:\/\/www.leili-motor.net\/wp-content\/uploads\/2025\/03\/Diverter-Valve-Motor.webp","contentUrl":"https:\/\/www.leili-motor.net\/wp-content\/uploads\/2025\/03\/Diverter-Valve-Motor.webp","width":454,"height":310,"caption":"Umschaltventilmotor"},{"@type":"BreadcrumbList","@id":"https:\/\/www.leili-motor.net\/de\/umschaltventilmotor.html#breadcrumb","itemListElement":[{"@type":"ListItem","position":1,"name":"Home","item":"https:\/\/www.leili-motor.net\/de\/"},{"@type":"ListItem","position":2,"name":"Produkte","item":"https:\/\/www.leili-motor.net\/de\/produkte.html"},{"@type":"ListItem","position":3,"name":"Umschaltventilmotor"}]},{"@type":"WebSite","@id":"https:\/\/www.leili-motor.net\/de\/#website","url":"https:\/\/www.leili-motor.net\/de\/","name":"Leili Motor","description":"","publisher":{"@id":"https:\/\/www.leili-motor.net\/de\/#organization"},"potentialAction":[{"@type":"SearchAction","target":{"@type":"EntryPoint","urlTemplate":"https:\/\/www.leili-motor.net\/de\/?s={search_term_string}"},"query-input":{"@type":"PropertyValueSpecification","valueRequired":true,"valueName":"search_term_string"}}],"inLanguage":"de"},{"@type":"Organization","@id":"https:\/\/www.leili-motor.net\/de\/#organization","name":"Leili Motor","url":"https:\/\/www.leili-motor.net\/de\/","logo":{"@type":"ImageObject","inLanguage":"de","@id":"https:\/\/www.leili-motor.net\/de\/#\/schema\/logo\/image\/","url":"https:\/\/www.leili-motor.net\/wp-content\/uploads\/2025\/03\/Leili-Motor.png","contentUrl":"https:\/\/www.leili-motor.net\/wp-content\/uploads\/2025\/03\/Leili-Motor.png","width":600,"height":156,"caption":"Leili Motor"},"image":{"@id":"https:\/\/www.leili-motor.net\/de\/#\/schema\/logo\/image\/"}}]}},"_links":{"self":[{"href":"https:\/\/www.leili-motor.net\/de\/wp-json\/wp\/v2\/product\/8512","targetHints":{"allow":["GET"]}}],"collection":[{"href":"https:\/\/www.leili-motor.net\/de\/wp-json\/wp\/v2\/product"}],"about":[{"href":"https:\/\/www.leili-motor.net\/de\/wp-json\/wp\/v2\/types\/product"}],"replies":[{"embeddable":true,"href":"https:\/\/www.leili-motor.net\/de\/wp-json\/wp\/v2\/comments?post=8512"}],"wp:featuredmedia":[{"embeddable":true,"href":"https:\/\/www.leili-motor.net\/de\/wp-json\/wp\/v2\/media\/8513"}],"wp:attachment":[{"href":"https:\/\/www.leili-motor.net\/de\/wp-json\/wp\/v2\/media?parent=8512"}],"wp:term":[{"taxonomy":"product_brand","embeddable":true,"href":"https:\/\/www.leili-motor.net\/de\/wp-json\/wp\/v2\/product_brand?post=8512"},{"taxonomy":"product_cat","embeddable":true,"href":"https:\/\/www.leili-motor.net\/de\/wp-json\/wp\/v2\/product_cat?post=8512"},{"taxonomy":"product_tag","embeddable":true,"href":"https:\/\/www.leili-motor.net\/de\/wp-json\/wp\/v2\/product_tag?post=8512"}],"curies":[{"name":"wp","href":"https:\/\/api.w.org\/{rel}","templated":true}]}}