{"id":8515,"date":"2025-03-13T09:52:00","date_gmt":"2025-03-13T01:52:00","guid":{"rendered":"https:\/\/www.leili-motor.net\/gleichstrom-drainagemotor\/"},"modified":"2025-03-13T09:52:00","modified_gmt":"2025-03-13T01:52:00","slug":"gleichstrom-drainagemotor","status":"publish","type":"product","link":"https:\/\/www.leili-motor.net\/de\/gleichstrom-drainagemotor.html","title":{"rendered":"Gleichstrom Drainagemotor"},"content":{"rendered":"<h2>Produktparameter<\/h2>\n<table>\n<tbody>\n<tr>\n<td>Nennspannung (V)<\/td>\n<td>Anlaufspannung (V)<\/td>\n<td>Nennstrom (mA)<\/td>\n<td>Nennleistung (W)<\/td>\n<td>\u2605<br \/>\nIsolationswiderstand<\/td>\n<td>\u2605<br \/>\nIsolationsfestigkeit Spannung<\/td>\n<td>\u2605<br \/>\nLeckstrom<\/td>\n<td>Isolationsklasse<\/td>\n<td>Temperaturanstieg (K)<\/td>\n<td>Zugkraft<\/p>\n<p>Nennspannung Stunde<\/p>\n<p>(N)<\/td>\n<td>Traktionszeit (s)<\/td>\n<td>R\u00fcckstellkraft (N)<\/td>\n<td>Erholungszeit (s)<\/td>\n<td>Erhaltungsleistung (N)<\/td>\n<td>Rauschen (dB)<\/td>\n<\/tr>\n<tr>\n<td>DC12<\/td>\n<td>\u2264 10.2<\/td>\n<td>\u2264 0.5<\/td>\n<td>\u2264 6<\/td>\n<td>\u2265 100<\/td>\n<td>AC1500<br \/>\n1min,<br \/>\n0.5mA<\/td>\n<td>\u2264 0.25<\/td>\n<td>E<\/td>\n<td>\u2264 75<\/td>\n<td>\u2265 98<\/td>\n<td>\u2264 7<\/td>\n<td>\u2264 9.8<\/td>\n<td>\u2264 1<\/td>\n<td>\u2265 117.6<\/td>\n<td>\u2264 50<\/td>\n<\/tr>\n<\/tbody>\n<\/table>\n<h2>Mechanische Abmessungen: mm<\/h2>\n<p><img fetchpriority=\"high\" decoding=\"async\" class=\"size-full wp-image-2646 aligncenter\" src=\"https:\/\/www.leili-motor.net\/wp-content\/uploads\/2025\/03\/Mechanical-Dimension-for-DC-Drain-Motor.webp\" alt=\"Mechanische Abmessungen f\u00fcr DC-Ablaufmotor\" width=\"788\" height=\"348\" srcset=\"https:\/\/www.leili-motor.net\/wp-content\/uploads\/2025\/03\/Mechanical-Dimension-for-DC-Drain-Motor.webp 788w, https:\/\/www.leili-motor.net\/wp-content\/uploads\/2025\/03\/Mechanical-Dimension-for-DC-Drain-Motor-300x132.webp 300w, https:\/\/www.leili-motor.net\/wp-content\/uploads\/2025\/03\/Mechanical-Dimension-for-DC-Drain-Motor-768x339.webp 768w, https:\/\/www.leili-motor.net\/wp-content\/uploads\/2025\/03\/Mechanical-Dimension-for-DC-Drain-Motor-600x265.webp 600w\" sizes=\"(max-width: 788px) 100vw, 788px\" \/><\/p>\n","protected":false},"excerpt":{"rendered":"<h3>Produkteinf\u00fchrung<\/h3>\n<ul>\n<li>Zuverl\u00e4ssig und effizient: Erf\u00fcllt die Standards f\u00fcr AC-Entw\u00e4sserungsmotoren und gew\u00e4hrleistet gleichzeitig eine stabile Leistung unter DC-Eingangsanforderungen.<\/li>\n<li>Verbesserte Haltbarkeit: B\u00fcrsten-Gleichstrommotor + Turbo-Schneckengetriebe bieten h\u00f6here Zuverl\u00e4ssigkeit als Alternativen auf dem Markt.<\/li>\n<li>Optimierte Leistung: Niedrige Startspannung, hoher Isolationswiderstand und reduzierte Ger\u00e4uschentwicklung f\u00fcr lang anhaltenden Betrieb.<\/li>\n<\/ul>\n<h3>Produktanwendung<\/h3>\n<ul>\n<li>Haushaltsger\u00e4te: Waschmaschine<\/li>\n<\/ul>\n","protected":false},"featured_media":8516,"comment_status":"open","ping_status":"closed","template":"","meta":{"site-sidebar-layout":"default","site-content-layout":"","ast-site-content-layout":"default","site-content-style":"default","site-sidebar-style":"default","ast-global-header-display":"","ast-banner-title-visibility":"","ast-main-header-display":"","ast-hfb-above-header-display":"","ast-hfb-below-header-display":"","ast-hfb-mobile-header-display":"","site-post-title":"","ast-breadcrumbs-content":"","ast-featured-img":"","footer-sml-layout":"","theme-transparent-header-meta":"default","adv-header-id-meta":"","stick-header-meta":"","header-above-stick-meta":"","header-main-stick-meta":"","header-below-stick-meta":"","astra-migrate-meta-layouts":"default","ast-page-background-enabled":"default","ast-page-background-meta":{"desktop":{"background-color":"var(--ast-global-color-5)","background-image":"","background-repeat":"repeat","background-position":"center center","background-size":"auto","background-attachment":"scroll","background-type":"","background-media":"","overlay-type":"","overlay-color":"","overlay-opacity":"","overlay-gradient":""},"tablet":{"background-color":"","background-image":"","background-repeat":"repeat","background-position":"center center","background-size":"auto","background-attachment":"scroll","background-type":"","background-media":"","overlay-type":"","overlay-color":"","overlay-opacity":"","overlay-gradient":""},"mobile":{"background-color":"","background-image":"","background-repeat":"repeat","background-position":"center center","background-size":"auto","background-attachment":"scroll","background-type":"","background-media":"","overlay-type":"","overlay-color":"","overlay-opacity":"","overlay-gradient":""}},"ast-content-background-meta":{"desktop":{"background-color":"var(--ast-global-color-4)","background-image":"","background-repeat":"repeat","background-position":"center center","background-size":"auto","background-attachment":"scroll","background-type":"","background-media":"","overlay-type":"","overlay-color":"","overlay-opacity":"","overlay-gradient":""},"tablet":{"background-color":"var(--ast-global-color-4)","background-image":"","background-repeat":"repeat","background-position":"center center","background-size":"auto","background-attachment":"scroll","background-type":"","background-media":"","overlay-type":"","overlay-color":"","overlay-opacity":"","overlay-gradient":""},"mobile":{"background-color":"var(--ast-global-color-4)","background-image":"","background-repeat":"repeat","background-position":"center center","background-size":"auto","background-attachment":"scroll","background-type":"","background-media":"","overlay-type":"","overlay-color":"","overlay-opacity":"","overlay-gradient":""}}},"product_brand":[],"product_cat":[934,935],"product_tag":[936],"class_list":{"0":"post-8515","1":"product","2":"type-product","3":"status-publish","4":"has-post-thumbnail","6":"product_cat-drainagemotorkategorie","7":"product_cat-ablassventil-antrieb","8":"product_tag-waschmaschine-abwassersystem","9":"pa_application-haushaltsgerate","10":"desktop-align-left","11":"tablet-align-left","12":"mobile-align-left","14":"first","15":"instock","16":"shipping-taxable","17":"product-type-simple"},"yoast_head":"<!-- This site is optimized with the Yoast SEO plugin v27.2 - https:\/\/yoast.com\/product\/yoast-seo-wordpress\/ -->\n<title>Gleichstrom Drainagemotor &#8211; Leili Motor<\/title>\n<meta name=\"description\" content=\"Der DC-Ablaufmotor verf\u00fcgt \u00fcber einen B\u00fcrsten-Gleichstrommotor mit Turbo-Schneckengetriebe, der Langlebigkeit, niedrige Anlaufspannung, hohen Isolationswiderstand und leisen Betrieb f\u00fcr Waschmaschinen gew\u00e4hrleistet.\" \/>\n<meta name=\"robots\" content=\"index, follow, max-snippet:-1, max-image-preview:large, max-video-preview:-1\" \/>\n<link rel=\"canonical\" href=\"https:\/\/www.leili-motor.net\/de\/gleichstrom-drainagemotor.html\" \/>\n<script type=\"application\/ld+json\" class=\"yoast-schema-graph\">{\"@context\":\"https:\/\/schema.org\",\"@graph\":[{\"@type\":\"WebPage\",\"@id\":\"https:\/\/www.leili-motor.net\/de\/gleichstrom-drainagemotor.html\",\"url\":\"https:\/\/www.leili-motor.net\/de\/gleichstrom-drainagemotor.html\",\"name\":\"Gleichstrom Drainagemotor &#8211; Leili Motor\",\"isPartOf\":{\"@id\":\"https:\/\/www.leili-motor.net\/de\/#website\"},\"primaryImageOfPage\":{\"@id\":\"https:\/\/www.leili-motor.net\/de\/gleichstrom-drainagemotor.html#primaryimage\"},\"image\":{\"@id\":\"https:\/\/www.leili-motor.net\/de\/gleichstrom-drainagemotor.html#primaryimage\"},\"thumbnailUrl\":\"https:\/\/www.leili-motor.net\/wp-content\/uploads\/2025\/03\/DC-Drain-Motor.webp\",\"datePublished\":\"2025-03-13T01:52:00+00:00\",\"description\":\"Der DC-Ablaufmotor verf\u00fcgt \u00fcber einen B\u00fcrsten-Gleichstrommotor mit Turbo-Schneckengetriebe, der Langlebigkeit, niedrige Anlaufspannung, hohen Isolationswiderstand und leisen Betrieb f\u00fcr Waschmaschinen gew\u00e4hrleistet.\",\"breadcrumb\":{\"@id\":\"https:\/\/www.leili-motor.net\/de\/gleichstrom-drainagemotor.html#breadcrumb\"},\"inLanguage\":\"de\",\"potentialAction\":[{\"@type\":\"ReadAction\",\"target\":[\"https:\/\/www.leili-motor.net\/de\/gleichstrom-drainagemotor.html\"]}]},{\"@type\":\"ImageObject\",\"inLanguage\":\"de\",\"@id\":\"https:\/\/www.leili-motor.net\/de\/gleichstrom-drainagemotor.html#primaryimage\",\"url\":\"https:\/\/www.leili-motor.net\/wp-content\/uploads\/2025\/03\/DC-Drain-Motor.webp\",\"contentUrl\":\"https:\/\/www.leili-motor.net\/wp-content\/uploads\/2025\/03\/DC-Drain-Motor.webp\",\"width\":454,\"height\":310,\"caption\":\"Gleichstrom-Ablassmotor\"},{\"@type\":\"BreadcrumbList\",\"@id\":\"https:\/\/www.leili-motor.net\/de\/gleichstrom-drainagemotor.html#breadcrumb\",\"itemListElement\":[{\"@type\":\"ListItem\",\"position\":1,\"name\":\"Home\",\"item\":\"https:\/\/www.leili-motor.net\/de\/\"},{\"@type\":\"ListItem\",\"position\":2,\"name\":\"Produkte\",\"item\":\"https:\/\/www.leili-motor.net\/de\/produkte.html\"},{\"@type\":\"ListItem\",\"position\":3,\"name\":\"Gleichstrom Drainagemotor\"}]},{\"@type\":\"WebSite\",\"@id\":\"https:\/\/www.leili-motor.net\/de\/#website\",\"url\":\"https:\/\/www.leili-motor.net\/de\/\",\"name\":\"Leili Motor\",\"description\":\"\",\"publisher\":{\"@id\":\"https:\/\/www.leili-motor.net\/de\/#organization\"},\"potentialAction\":[{\"@type\":\"SearchAction\",\"target\":{\"@type\":\"EntryPoint\",\"urlTemplate\":\"https:\/\/www.leili-motor.net\/de\/?s={search_term_string}\"},\"query-input\":{\"@type\":\"PropertyValueSpecification\",\"valueRequired\":true,\"valueName\":\"search_term_string\"}}],\"inLanguage\":\"de\"},{\"@type\":\"Organization\",\"@id\":\"https:\/\/www.leili-motor.net\/de\/#organization\",\"name\":\"Leili Motor\",\"url\":\"https:\/\/www.leili-motor.net\/de\/\",\"logo\":{\"@type\":\"ImageObject\",\"inLanguage\":\"de\",\"@id\":\"https:\/\/www.leili-motor.net\/de\/#\/schema\/logo\/image\/\",\"url\":\"https:\/\/www.leili-motor.net\/wp-content\/uploads\/2025\/03\/Leili-Motor.png\",\"contentUrl\":\"https:\/\/www.leili-motor.net\/wp-content\/uploads\/2025\/03\/Leili-Motor.png\",\"width\":600,\"height\":156,\"caption\":\"Leili Motor\"},\"image\":{\"@id\":\"https:\/\/www.leili-motor.net\/de\/#\/schema\/logo\/image\/\"}}]}<\/script>\n<!-- \/ Yoast SEO plugin. -->","yoast_head_json":{"title":"Gleichstrom Drainagemotor &#8211; Leili Motor","description":"Der DC-Ablaufmotor verf\u00fcgt \u00fcber einen B\u00fcrsten-Gleichstrommotor mit Turbo-Schneckengetriebe, der Langlebigkeit, niedrige Anlaufspannung, hohen Isolationswiderstand und leisen Betrieb f\u00fcr Waschmaschinen gew\u00e4hrleistet.","robots":{"index":"index","follow":"follow","max-snippet":"max-snippet:-1","max-image-preview":"max-image-preview:large","max-video-preview":"max-video-preview:-1"},"canonical":"https:\/\/www.leili-motor.net\/de\/gleichstrom-drainagemotor.html","schema":{"@context":"https:\/\/schema.org","@graph":[{"@type":"WebPage","@id":"https:\/\/www.leili-motor.net\/de\/gleichstrom-drainagemotor.html","url":"https:\/\/www.leili-motor.net\/de\/gleichstrom-drainagemotor.html","name":"Gleichstrom Drainagemotor &#8211; Leili Motor","isPartOf":{"@id":"https:\/\/www.leili-motor.net\/de\/#website"},"primaryImageOfPage":{"@id":"https:\/\/www.leili-motor.net\/de\/gleichstrom-drainagemotor.html#primaryimage"},"image":{"@id":"https:\/\/www.leili-motor.net\/de\/gleichstrom-drainagemotor.html#primaryimage"},"thumbnailUrl":"https:\/\/www.leili-motor.net\/wp-content\/uploads\/2025\/03\/DC-Drain-Motor.webp","datePublished":"2025-03-13T01:52:00+00:00","description":"Der DC-Ablaufmotor verf\u00fcgt \u00fcber einen B\u00fcrsten-Gleichstrommotor mit Turbo-Schneckengetriebe, der Langlebigkeit, niedrige Anlaufspannung, hohen Isolationswiderstand und leisen Betrieb f\u00fcr Waschmaschinen gew\u00e4hrleistet.","breadcrumb":{"@id":"https:\/\/www.leili-motor.net\/de\/gleichstrom-drainagemotor.html#breadcrumb"},"inLanguage":"de","potentialAction":[{"@type":"ReadAction","target":["https:\/\/www.leili-motor.net\/de\/gleichstrom-drainagemotor.html"]}]},{"@type":"ImageObject","inLanguage":"de","@id":"https:\/\/www.leili-motor.net\/de\/gleichstrom-drainagemotor.html#primaryimage","url":"https:\/\/www.leili-motor.net\/wp-content\/uploads\/2025\/03\/DC-Drain-Motor.webp","contentUrl":"https:\/\/www.leili-motor.net\/wp-content\/uploads\/2025\/03\/DC-Drain-Motor.webp","width":454,"height":310,"caption":"Gleichstrom-Ablassmotor"},{"@type":"BreadcrumbList","@id":"https:\/\/www.leili-motor.net\/de\/gleichstrom-drainagemotor.html#breadcrumb","itemListElement":[{"@type":"ListItem","position":1,"name":"Home","item":"https:\/\/www.leili-motor.net\/de\/"},{"@type":"ListItem","position":2,"name":"Produkte","item":"https:\/\/www.leili-motor.net\/de\/produkte.html"},{"@type":"ListItem","position":3,"name":"Gleichstrom Drainagemotor"}]},{"@type":"WebSite","@id":"https:\/\/www.leili-motor.net\/de\/#website","url":"https:\/\/www.leili-motor.net\/de\/","name":"Leili Motor","description":"","publisher":{"@id":"https:\/\/www.leili-motor.net\/de\/#organization"},"potentialAction":[{"@type":"SearchAction","target":{"@type":"EntryPoint","urlTemplate":"https:\/\/www.leili-motor.net\/de\/?s={search_term_string}"},"query-input":{"@type":"PropertyValueSpecification","valueRequired":true,"valueName":"search_term_string"}}],"inLanguage":"de"},{"@type":"Organization","@id":"https:\/\/www.leili-motor.net\/de\/#organization","name":"Leili Motor","url":"https:\/\/www.leili-motor.net\/de\/","logo":{"@type":"ImageObject","inLanguage":"de","@id":"https:\/\/www.leili-motor.net\/de\/#\/schema\/logo\/image\/","url":"https:\/\/www.leili-motor.net\/wp-content\/uploads\/2025\/03\/Leili-Motor.png","contentUrl":"https:\/\/www.leili-motor.net\/wp-content\/uploads\/2025\/03\/Leili-Motor.png","width":600,"height":156,"caption":"Leili Motor"},"image":{"@id":"https:\/\/www.leili-motor.net\/de\/#\/schema\/logo\/image\/"}}]}},"_links":{"self":[{"href":"https:\/\/www.leili-motor.net\/de\/wp-json\/wp\/v2\/product\/8515","targetHints":{"allow":["GET"]}}],"collection":[{"href":"https:\/\/www.leili-motor.net\/de\/wp-json\/wp\/v2\/product"}],"about":[{"href":"https:\/\/www.leili-motor.net\/de\/wp-json\/wp\/v2\/types\/product"}],"replies":[{"embeddable":true,"href":"https:\/\/www.leili-motor.net\/de\/wp-json\/wp\/v2\/comments?post=8515"}],"wp:featuredmedia":[{"embeddable":true,"href":"https:\/\/www.leili-motor.net\/de\/wp-json\/wp\/v2\/media\/8516"}],"wp:attachment":[{"href":"https:\/\/www.leili-motor.net\/de\/wp-json\/wp\/v2\/media?parent=8515"}],"wp:term":[{"taxonomy":"product_brand","embeddable":true,"href":"https:\/\/www.leili-motor.net\/de\/wp-json\/wp\/v2\/product_brand?post=8515"},{"taxonomy":"product_cat","embeddable":true,"href":"https:\/\/www.leili-motor.net\/de\/wp-json\/wp\/v2\/product_cat?post=8515"},{"taxonomy":"product_tag","embeddable":true,"href":"https:\/\/www.leili-motor.net\/de\/wp-json\/wp\/v2\/product_tag?post=8515"}],"curies":[{"name":"wp","href":"https:\/\/api.w.org\/{rel}","templated":true}]}}