{"id":8543,"date":"2025-03-14T13:46:07","date_gmt":"2025-03-14T05:46:07","guid":{"rendered":"https:\/\/www.leili-motor.net\/buerstenloser-gleichstrommotor-mit-innenrotor-der-serie-42\/"},"modified":"2025-03-14T13:46:07","modified_gmt":"2025-03-14T05:46:07","slug":"buerstenloser-gleichstrommotor-mit-innenrotor-der-serie-42","status":"publish","type":"product","link":"https:\/\/www.leili-motor.net\/de\/buerstenloser-gleichstrommotor-mit-innenrotor-der-serie-42.html","title":{"rendered":"B\u00fcrstenloser Gleichstrommotor mit Innenrotor Der Serie 42"},"content":{"rendered":"<h2>Produktparameter<\/h2>\n<table>\n<tbody>\n<tr>\n<td>Modell<\/td>\n<td colspan=\"2\">Spannung (V)<\/td>\n<td colspan=\"2\">Leerlauf<\/td>\n<td colspan=\"4\">Nennlast<\/td>\n<td colspan=\"2\">Stall<\/td>\n<\/tr>\n<tr>\n<td><\/td>\n<td>Betriebsbereich<\/td>\n<td>Bewertet<\/td>\n<td>Geschwindigkeit (U\/min)<\/td>\n<td>Stromst\u00e4rke (A)<\/td>\n<td>Drehmoment (mN\u00b7m)<\/td>\n<td>Geschwindigkeit (U\/min)<\/td>\n<td>Stromst\u00e4rke (A)<\/td>\n<td>Leistung (W)<\/td>\n<td>Drehmoment (mN\u00b7m)<\/td>\n<td>Stromst\u00e4rke (A)<\/td>\n<\/tr>\n<tr>\n<td>4235\/1\/1<\/td>\n<td>8-26<\/td>\n<td>12<\/td>\n<td>2860<\/td>\n<td>0.21<\/td>\n<td>40.2<\/td>\n<td>2050<\/td>\n<td>1.16<\/td>\n<td>8.62<\/td>\n<td>141<\/td>\n<td>2.5<\/td>\n<\/tr>\n<tr>\n<td>4235\/2\/1<\/td>\n<td>8-26<\/td>\n<td>24<\/td>\n<td>6370<\/td>\n<td>0.3<\/td>\n<td>35<\/td>\n<td>5100<\/td>\n<td>1.17<\/td>\n<td>18.72<\/td>\n<td>175.8<\/td>\n<td>2.5<\/td>\n<\/tr>\n<tr>\n<td>4235\/3\/1<\/td>\n<td>8-26<\/td>\n<td>24<\/td>\n<td>5539<\/td>\n<td>0.25<\/td>\n<td>55<\/td>\n<td>4390<\/td>\n<td>1.41<\/td>\n<td>25.31<\/td>\n<td>264.3<\/td>\n<td>2.5<\/td>\n<\/tr>\n<tr>\n<td>4235\/4\/1<\/td>\n<td>8-26<\/td>\n<td>24<\/td>\n<td>8455<\/td>\n<td>0.33<\/td>\n<td>40<\/td>\n<td>7580<\/td>\n<td>1.64<\/td>\n<td>31.75<\/td>\n<td>386.8<\/td>\n<td>2.5<\/td>\n<\/tr>\n<\/tbody>\n<\/table>\n<h2>Mechanische Abmessungen: mm<\/h2>\n<table>\n<tbody>\n<tr>\n<td>PIN-Seriennummer<\/td>\n<td colspan=\"2\">Pin-Definition<\/td>\n<td>Charakterisierung<\/td>\n<\/tr>\n<tr>\n<td>1<\/td>\n<td>VCC<\/td>\n<td>Versorgungsspannung<\/td>\n<td>8-26V<\/td>\n<\/tr>\n<tr>\n<td rowspan=\"4\">2<\/td>\n<td rowspan=\"4\">FG<\/td>\n<td>VOH<\/td>\n<td>2.5-5.0V<\/td>\n<\/tr>\n<tr>\n<td>VOL<\/td>\n<td>0.5 Max<\/td>\n<\/tr>\n<tr>\n<td>FG CURRENT<\/td>\n<td>3mA<\/td>\n<\/tr>\n<tr>\n<td>FG-IMPULSANZAHL<\/td>\n<td>18 Impulse\/Umdrehung<\/td>\n<\/tr>\n<tr>\n<td rowspan=\"3\">3<\/td>\n<td rowspan=\"3\">CW\/CCW<\/td>\n<td>EINGANGSSPANNUNG<\/td>\n<td>0-5,0V<\/td>\n<\/tr>\n<tr>\n<td>VIH<\/td>\n<td>MIN 2,5V<\/td>\n<\/tr>\n<tr>\n<td>VIL<\/td>\n<td>MAX 0,6V<\/td>\n<\/tr>\n<tr>\n<td rowspan=\"4\">4<\/td>\n<td rowspan=\"4\">PWM<\/td>\n<td>EINGANGSSPANNUNG<\/td>\n<td>0-5,0V<\/td>\n<\/tr>\n<tr>\n<td>VIH<\/td>\n<td>MIN 2,5V<\/td>\n<\/tr>\n<tr>\n<td>VIL<\/td>\n<td>MAX 0,6V<\/td>\n<\/tr>\n<tr>\n<td>PWM-FREQUENZ<\/td>\n<td>50Hz,10kHz-20kHz<\/td>\n<\/tr>\n<tr>\n<td>5<\/td>\n<td>GND<\/td>\n<td>MASSE<\/td>\n<td>\u2014<\/td>\n<\/tr>\n<tr>\n<td rowspan=\"3\">6<\/td>\n<td rowspan=\"3\">BRA<\/td>\n<td>EINGANGSSPANNUNG<\/td>\n<td>0-5,0V<\/td>\n<\/tr>\n<tr>\n<td>VIH<\/td>\n<td>MIN 2,5V<\/td>\n<\/tr>\n<tr>\n<td>VIL<\/td>\n<td>MAX 0,6V<\/td>\n<\/tr>\n<\/tbody>\n<\/table>\n<p><img fetchpriority=\"high\" decoding=\"async\" class=\"size-full wp-image-3130 aligncenter\" src=\"https:\/\/www.leili-motor.net\/wp-content\/uploads\/2025\/03\/42-Series-Inner-Rotor-Brushless-DC-Motor-Dimensions.webp\" alt=\"Abmessungen des b\u00fcrstenlosen Gleichstrommotors mit Innenrotor der Serie 42\" width=\"689\" height=\"843\" srcset=\"https:\/\/www.leili-motor.net\/wp-content\/uploads\/2025\/03\/42-Series-Inner-Rotor-Brushless-DC-Motor-Dimensions.webp 689w, https:\/\/www.leili-motor.net\/wp-content\/uploads\/2025\/03\/42-Series-Inner-Rotor-Brushless-DC-Motor-Dimensions-245x300.webp 245w, https:\/\/www.leili-motor.net\/wp-content\/uploads\/2025\/03\/42-Series-Inner-Rotor-Brushless-DC-Motor-Dimensions-600x734.webp 600w\" sizes=\"(max-width: 689px) 100vw, 689px\" \/><\/p>\n","protected":false},"excerpt":{"rendered":"<h3>Produkteinf\u00fchrung<\/h3>\n<ul>\n<li>Bietet Vielseitigkeit f\u00fcr eine Vielzahl von Systemen und Anwendungen durch Betrieb im Spannungsbereich von 8 V bis 26 V.<\/li>\n<li>Liefert ein hohes Drehmoment von bis zu 386,8 mN\u00b7m mit effizienter Leistung unter verschiedenen Last- und Geschwindigkeitsbedingungen.<\/li>\n<li>Die verf\u00fcgbaren Modelle verf\u00fcgen \u00fcber Drehzahlen von 2050 U\/min bis 8455 U\/min und bieten so Anpassungsf\u00e4higkeit an unterschiedliche Leistungsanforderungen.<\/li>\n<\/ul>\n<h3>Produktanwendung<\/h3>\n<ul>\n<li>Elektrisches Ventil<\/li>\n<li>Luftpumpe<\/li>\n<li>Wasserpumpe<\/li>\n<li>Vakuumpumpe<\/li>\n<\/ul>\n","protected":false},"featured_media":8544,"comment_status":"open","ping_status":"closed","template":"","meta":{"site-sidebar-layout":"default","site-content-layout":"","ast-site-content-layout":"default","site-content-style":"default","site-sidebar-style":"default","ast-global-header-display":"","ast-banner-title-visibility":"","ast-main-header-display":"","ast-hfb-above-header-display":"","ast-hfb-below-header-display":"","ast-hfb-mobile-header-display":"","site-post-title":"","ast-breadcrumbs-content":"","ast-featured-img":"","footer-sml-layout":"","theme-transparent-header-meta":"default","adv-header-id-meta":"","stick-header-meta":"","header-above-stick-meta":"","header-main-stick-meta":"","header-below-stick-meta":"","astra-migrate-meta-layouts":"default","ast-page-background-enabled":"default","ast-page-background-meta":{"desktop":{"background-color":"var(--ast-global-color-5)","background-image":"","background-repeat":"repeat","background-position":"center center","background-size":"auto","background-attachment":"scroll","background-type":"","background-media":"","overlay-type":"","overlay-color":"","overlay-opacity":"","overlay-gradient":""},"tablet":{"background-color":"","background-image":"","background-repeat":"repeat","background-position":"center center","background-size":"auto","background-attachment":"scroll","background-type":"","background-media":"","overlay-type":"","overlay-color":"","overlay-opacity":"","overlay-gradient":""},"mobile":{"background-color":"","background-image":"","background-repeat":"repeat","background-position":"center center","background-size":"auto","background-attachment":"scroll","background-type":"","background-media":"","overlay-type":"","overlay-color":"","overlay-opacity":"","overlay-gradient":""}},"ast-content-background-meta":{"desktop":{"background-color":"var(--ast-global-color-4)","background-image":"","background-repeat":"repeat","background-position":"center center","background-size":"auto","background-attachment":"scroll","background-type":"","background-media":"","overlay-type":"","overlay-color":"","overlay-opacity":"","overlay-gradient":""},"tablet":{"background-color":"var(--ast-global-color-4)","background-image":"","background-repeat":"repeat","background-position":"center center","background-size":"auto","background-attachment":"scroll","background-type":"","background-media":"","overlay-type":"","overlay-color":"","overlay-opacity":"","overlay-gradient":""},"mobile":{"background-color":"var(--ast-global-color-4)","background-image":"","background-repeat":"repeat","background-position":"center center","background-size":"auto","background-attachment":"scroll","background-type":"","background-media":"","overlay-type":"","overlay-color":"","overlay-opacity":"","overlay-gradient":""}}},"product_brand":[],"product_cat":[941,955],"product_tag":[956],"class_list":{"0":"post-8543","1":"product","2":"type-product","3":"status-publish","4":"has-post-thumbnail","6":"product_cat-kategorie-burstenloser-gleichstrommotor","7":"product_cat-burstenloser-innenrotormotors","8":"product_tag-haushaltsgerate-sonstiges-burstenloser-gleichstrommotor","9":"pa_application-haushaltsgerate","10":"desktop-align-left","11":"tablet-align-left","12":"mobile-align-left","14":"first","15":"instock","16":"shipping-taxable","17":"product-type-simple"},"yoast_head":"<!-- This site is optimized with the Yoast SEO plugin v27.2 - https:\/\/yoast.com\/product\/yoast-seo-wordpress\/ -->\n<title>B\u00fcrstenloser Gleichstrommotor mit Innenrotor Der Serie 42 &#8211; Leili Motor<\/title>\n<meta name=\"description\" content=\"Unser b\u00fcrstenloser Gleichstrommotor mit Innenrotor der Serie 42 arbeitet mit 8 V bis 26 V, liefert ein Drehmoment von bis zu 386,8 mN\u00b7m und verschiedene Geschwindigkeiten.\" \/>\n<meta name=\"robots\" content=\"index, follow, max-snippet:-1, max-image-preview:large, max-video-preview:-1\" \/>\n<link rel=\"canonical\" href=\"https:\/\/www.leili-motor.net\/de\/buerstenloser-gleichstrommotor-mit-innenrotor-der-serie-42.html\" \/>\n<script type=\"application\/ld+json\" class=\"yoast-schema-graph\">{\"@context\":\"https:\/\/schema.org\",\"@graph\":[{\"@type\":\"WebPage\",\"@id\":\"https:\/\/www.leili-motor.net\/de\/buerstenloser-gleichstrommotor-mit-innenrotor-der-serie-42.html\",\"url\":\"https:\/\/www.leili-motor.net\/de\/buerstenloser-gleichstrommotor-mit-innenrotor-der-serie-42.html\",\"name\":\"B\u00fcrstenloser Gleichstrommotor mit Innenrotor Der Serie 42 &#8211; Leili Motor\",\"isPartOf\":{\"@id\":\"https:\/\/www.leili-motor.net\/de\/#website\"},\"primaryImageOfPage\":{\"@id\":\"https:\/\/www.leili-motor.net\/de\/buerstenloser-gleichstrommotor-mit-innenrotor-der-serie-42.html#primaryimage\"},\"image\":{\"@id\":\"https:\/\/www.leili-motor.net\/de\/buerstenloser-gleichstrommotor-mit-innenrotor-der-serie-42.html#primaryimage\"},\"thumbnailUrl\":\"https:\/\/www.leili-motor.net\/wp-content\/uploads\/2025\/03\/42-Series-Inner-Rotor-Brushless-DC-Motor.jpg\",\"datePublished\":\"2025-03-14T05:46:07+00:00\",\"description\":\"Unser b\u00fcrstenloser Gleichstrommotor mit Innenrotor der Serie 42 arbeitet mit 8 V bis 26 V, liefert ein Drehmoment von bis zu 386,8 mN\u00b7m und verschiedene Geschwindigkeiten.\",\"breadcrumb\":{\"@id\":\"https:\/\/www.leili-motor.net\/de\/buerstenloser-gleichstrommotor-mit-innenrotor-der-serie-42.html#breadcrumb\"},\"inLanguage\":\"de\",\"potentialAction\":[{\"@type\":\"ReadAction\",\"target\":[\"https:\/\/www.leili-motor.net\/de\/buerstenloser-gleichstrommotor-mit-innenrotor-der-serie-42.html\"]}]},{\"@type\":\"ImageObject\",\"inLanguage\":\"de\",\"@id\":\"https:\/\/www.leili-motor.net\/de\/buerstenloser-gleichstrommotor-mit-innenrotor-der-serie-42.html#primaryimage\",\"url\":\"https:\/\/www.leili-motor.net\/wp-content\/uploads\/2025\/03\/42-Series-Inner-Rotor-Brushless-DC-Motor.jpg\",\"contentUrl\":\"https:\/\/www.leili-motor.net\/wp-content\/uploads\/2025\/03\/42-Series-Inner-Rotor-Brushless-DC-Motor.jpg\",\"width\":454,\"height\":310,\"caption\":\"B\u00fcrstenloser Gleichstrommotor mit Innenrotor der Serie 42\"},{\"@type\":\"BreadcrumbList\",\"@id\":\"https:\/\/www.leili-motor.net\/de\/buerstenloser-gleichstrommotor-mit-innenrotor-der-serie-42.html#breadcrumb\",\"itemListElement\":[{\"@type\":\"ListItem\",\"position\":1,\"name\":\"Home\",\"item\":\"https:\/\/www.leili-motor.net\/de\/\"},{\"@type\":\"ListItem\",\"position\":2,\"name\":\"Produkte\",\"item\":\"https:\/\/www.leili-motor.net\/de\/produkte.html\"},{\"@type\":\"ListItem\",\"position\":3,\"name\":\"B\u00fcrstenloser Gleichstrommotor mit Innenrotor Der Serie 42\"}]},{\"@type\":\"WebSite\",\"@id\":\"https:\/\/www.leili-motor.net\/de\/#website\",\"url\":\"https:\/\/www.leili-motor.net\/de\/\",\"name\":\"Leili Motor\",\"description\":\"\",\"publisher\":{\"@id\":\"https:\/\/www.leili-motor.net\/de\/#organization\"},\"potentialAction\":[{\"@type\":\"SearchAction\",\"target\":{\"@type\":\"EntryPoint\",\"urlTemplate\":\"https:\/\/www.leili-motor.net\/de\/?s={search_term_string}\"},\"query-input\":{\"@type\":\"PropertyValueSpecification\",\"valueRequired\":true,\"valueName\":\"search_term_string\"}}],\"inLanguage\":\"de\"},{\"@type\":\"Organization\",\"@id\":\"https:\/\/www.leili-motor.net\/de\/#organization\",\"name\":\"Leili Motor\",\"url\":\"https:\/\/www.leili-motor.net\/de\/\",\"logo\":{\"@type\":\"ImageObject\",\"inLanguage\":\"de\",\"@id\":\"https:\/\/www.leili-motor.net\/de\/#\/schema\/logo\/image\/\",\"url\":\"https:\/\/www.leili-motor.net\/wp-content\/uploads\/2025\/03\/Leili-Motor.png\",\"contentUrl\":\"https:\/\/www.leili-motor.net\/wp-content\/uploads\/2025\/03\/Leili-Motor.png\",\"width\":600,\"height\":156,\"caption\":\"Leili Motor\"},\"image\":{\"@id\":\"https:\/\/www.leili-motor.net\/de\/#\/schema\/logo\/image\/\"}}]}<\/script>\n<!-- \/ Yoast SEO plugin. -->","yoast_head_json":{"title":"B\u00fcrstenloser Gleichstrommotor mit Innenrotor Der Serie 42 &#8211; Leili Motor","description":"Unser b\u00fcrstenloser Gleichstrommotor mit Innenrotor der Serie 42 arbeitet mit 8 V bis 26 V, liefert ein Drehmoment von bis zu 386,8 mN\u00b7m und verschiedene Geschwindigkeiten.","robots":{"index":"index","follow":"follow","max-snippet":"max-snippet:-1","max-image-preview":"max-image-preview:large","max-video-preview":"max-video-preview:-1"},"canonical":"https:\/\/www.leili-motor.net\/de\/buerstenloser-gleichstrommotor-mit-innenrotor-der-serie-42.html","schema":{"@context":"https:\/\/schema.org","@graph":[{"@type":"WebPage","@id":"https:\/\/www.leili-motor.net\/de\/buerstenloser-gleichstrommotor-mit-innenrotor-der-serie-42.html","url":"https:\/\/www.leili-motor.net\/de\/buerstenloser-gleichstrommotor-mit-innenrotor-der-serie-42.html","name":"B\u00fcrstenloser Gleichstrommotor mit Innenrotor Der Serie 42 &#8211; Leili Motor","isPartOf":{"@id":"https:\/\/www.leili-motor.net\/de\/#website"},"primaryImageOfPage":{"@id":"https:\/\/www.leili-motor.net\/de\/buerstenloser-gleichstrommotor-mit-innenrotor-der-serie-42.html#primaryimage"},"image":{"@id":"https:\/\/www.leili-motor.net\/de\/buerstenloser-gleichstrommotor-mit-innenrotor-der-serie-42.html#primaryimage"},"thumbnailUrl":"https:\/\/www.leili-motor.net\/wp-content\/uploads\/2025\/03\/42-Series-Inner-Rotor-Brushless-DC-Motor.jpg","datePublished":"2025-03-14T05:46:07+00:00","description":"Unser b\u00fcrstenloser Gleichstrommotor mit Innenrotor der Serie 42 arbeitet mit 8 V bis 26 V, liefert ein Drehmoment von bis zu 386,8 mN\u00b7m und verschiedene Geschwindigkeiten.","breadcrumb":{"@id":"https:\/\/www.leili-motor.net\/de\/buerstenloser-gleichstrommotor-mit-innenrotor-der-serie-42.html#breadcrumb"},"inLanguage":"de","potentialAction":[{"@type":"ReadAction","target":["https:\/\/www.leili-motor.net\/de\/buerstenloser-gleichstrommotor-mit-innenrotor-der-serie-42.html"]}]},{"@type":"ImageObject","inLanguage":"de","@id":"https:\/\/www.leili-motor.net\/de\/buerstenloser-gleichstrommotor-mit-innenrotor-der-serie-42.html#primaryimage","url":"https:\/\/www.leili-motor.net\/wp-content\/uploads\/2025\/03\/42-Series-Inner-Rotor-Brushless-DC-Motor.jpg","contentUrl":"https:\/\/www.leili-motor.net\/wp-content\/uploads\/2025\/03\/42-Series-Inner-Rotor-Brushless-DC-Motor.jpg","width":454,"height":310,"caption":"B\u00fcrstenloser Gleichstrommotor mit Innenrotor der Serie 42"},{"@type":"BreadcrumbList","@id":"https:\/\/www.leili-motor.net\/de\/buerstenloser-gleichstrommotor-mit-innenrotor-der-serie-42.html#breadcrumb","itemListElement":[{"@type":"ListItem","position":1,"name":"Home","item":"https:\/\/www.leili-motor.net\/de\/"},{"@type":"ListItem","position":2,"name":"Produkte","item":"https:\/\/www.leili-motor.net\/de\/produkte.html"},{"@type":"ListItem","position":3,"name":"B\u00fcrstenloser Gleichstrommotor mit Innenrotor Der Serie 42"}]},{"@type":"WebSite","@id":"https:\/\/www.leili-motor.net\/de\/#website","url":"https:\/\/www.leili-motor.net\/de\/","name":"Leili Motor","description":"","publisher":{"@id":"https:\/\/www.leili-motor.net\/de\/#organization"},"potentialAction":[{"@type":"SearchAction","target":{"@type":"EntryPoint","urlTemplate":"https:\/\/www.leili-motor.net\/de\/?s={search_term_string}"},"query-input":{"@type":"PropertyValueSpecification","valueRequired":true,"valueName":"search_term_string"}}],"inLanguage":"de"},{"@type":"Organization","@id":"https:\/\/www.leili-motor.net\/de\/#organization","name":"Leili Motor","url":"https:\/\/www.leili-motor.net\/de\/","logo":{"@type":"ImageObject","inLanguage":"de","@id":"https:\/\/www.leili-motor.net\/de\/#\/schema\/logo\/image\/","url":"https:\/\/www.leili-motor.net\/wp-content\/uploads\/2025\/03\/Leili-Motor.png","contentUrl":"https:\/\/www.leili-motor.net\/wp-content\/uploads\/2025\/03\/Leili-Motor.png","width":600,"height":156,"caption":"Leili Motor"},"image":{"@id":"https:\/\/www.leili-motor.net\/de\/#\/schema\/logo\/image\/"}}]}},"_links":{"self":[{"href":"https:\/\/www.leili-motor.net\/de\/wp-json\/wp\/v2\/product\/8543","targetHints":{"allow":["GET"]}}],"collection":[{"href":"https:\/\/www.leili-motor.net\/de\/wp-json\/wp\/v2\/product"}],"about":[{"href":"https:\/\/www.leili-motor.net\/de\/wp-json\/wp\/v2\/types\/product"}],"replies":[{"embeddable":true,"href":"https:\/\/www.leili-motor.net\/de\/wp-json\/wp\/v2\/comments?post=8543"}],"wp:featuredmedia":[{"embeddable":true,"href":"https:\/\/www.leili-motor.net\/de\/wp-json\/wp\/v2\/media\/8544"}],"wp:attachment":[{"href":"https:\/\/www.leili-motor.net\/de\/wp-json\/wp\/v2\/media?parent=8543"}],"wp:term":[{"taxonomy":"product_brand","embeddable":true,"href":"https:\/\/www.leili-motor.net\/de\/wp-json\/wp\/v2\/product_brand?post=8543"},{"taxonomy":"product_cat","embeddable":true,"href":"https:\/\/www.leili-motor.net\/de\/wp-json\/wp\/v2\/product_cat?post=8543"},{"taxonomy":"product_tag","embeddable":true,"href":"https:\/\/www.leili-motor.net\/de\/wp-json\/wp\/v2\/product_tag?post=8543"}],"curies":[{"name":"wp","href":"https:\/\/api.w.org\/{rel}","templated":true}]}}