{"id":8547,"date":"2025-03-14T14:02:56","date_gmt":"2025-03-14T06:02:56","guid":{"rendered":"https:\/\/www.leili-motor.net\/buerstenloser-gleichstrommotor-mit-innenrotor-der-serie-36\/"},"modified":"2025-03-14T14:02:56","modified_gmt":"2025-03-14T06:02:56","slug":"buerstenloser-gleichstrommotor-mit-innenrotor-der-serie-36","status":"publish","type":"product","link":"https:\/\/www.leili-motor.net\/de\/buerstenloser-gleichstrommotor-mit-innenrotor-der-serie-36.html","title":{"rendered":"B\u00fcrstenloser Gleichstrommotor mit Innenrotor Der Serie 36"},"content":{"rendered":"<h2>Produktparameter<\/h2>\n<table>\n<tbody>\n<tr>\n<td>Modell<\/td>\n<td colspan=\"2\">Spannung (V)<\/td>\n<td colspan=\"2\">Leerlauf<\/td>\n<td colspan=\"4\">Nennlast<\/td>\n<td colspan=\"2\">Stall<\/td>\n<\/tr>\n<tr>\n<td><\/td>\n<td>Betrieb<br \/>\nReichweite<\/td>\n<td>Bewertet<\/td>\n<td>Drehzahl<br \/>\n(U\/min)<\/td>\n<td>Stromst\u00e4rke<br \/>\n(A)<\/td>\n<td>Drehmoment<br \/>\n(mN\u00b7m)<\/td>\n<td>Drehzahl<br \/>\n(U\/min)<\/td>\n<td>Stromst\u00e4rke<br \/>\n(A)<\/td>\n<td>Leistung<br \/>\n(W)<\/td>\n<td>Drehmoment<br \/>\n(mN\u00b7m)<\/td>\n<td>Stromst\u00e4rke<br \/>\n(A)<\/td>\n<\/tr>\n<tr>\n<td>3630-1-1<\/td>\n<td>5.8-12<\/td>\n<td>6<\/td>\n<td>2940<\/td>\n<td>0.39<\/td>\n<td>10<\/td>\n<td>2270<\/td>\n<td>0.9<\/td>\n<td>2.38<\/td>\n<td>44.1<\/td>\n<td>2.5<\/td>\n<\/tr>\n<tr>\n<td>3630-2-1<\/td>\n<td>8-26<\/td>\n<td>12<\/td>\n<td>5200<\/td>\n<td>0.27<\/td>\n<td>14.7<\/td>\n<td>4260<\/td>\n<td>0.9<\/td>\n<td>6.56<\/td>\n<td>81.3<\/td>\n<td>2.5<\/td>\n<\/tr>\n<tr>\n<td>3630-3-1<\/td>\n<td>8-26<\/td>\n<td>24<\/td>\n<td>6970<\/td>\n<td>0.27<\/td>\n<td>19.6<\/td>\n<td>5640<\/td>\n<td>0.76<\/td>\n<td>11.58<\/td>\n<td>102.5<\/td>\n<td>2.5<\/td>\n<\/tr>\n<tr>\n<td>3630-4-1<\/td>\n<td>8-26<\/td>\n<td>24<\/td>\n<td>15755<\/td>\n<td>0.39<\/td>\n<td>20<\/td>\n<td>13100<\/td>\n<td>1.6<\/td>\n<td>27.67<\/td>\n<td>123.9<\/td>\n<td>3.5<\/td>\n<\/tr>\n<tr>\n<td>3640-1-1<\/td>\n<td>8-26<\/td>\n<td>12<\/td>\n<td>2360<\/td>\n<td>0.14<\/td>\n<td>25.5<\/td>\n<td>1830<\/td>\n<td>0.69<\/td>\n<td>4.9<\/td>\n<td>174.1<\/td>\n<td>2.5<\/td>\n<\/tr>\n<tr>\n<td>3640-2-1<\/td>\n<td>8-26<\/td>\n<td>12<\/td>\n<td>7930<\/td>\n<td>0.56<\/td>\n<td>19.6<\/td>\n<td>6800<\/td>\n<td>1.9<\/td>\n<td>14<\/td>\n<td>83.2<\/td>\n<td>3<\/td>\n<\/tr>\n<tr>\n<td>3640-3-1<\/td>\n<td>8-26<\/td>\n<td>24<\/td>\n<td>6140<\/td>\n<td>0.26<\/td>\n<td>23.5<\/td>\n<td>5190<\/td>\n<td>0.85<\/td>\n<td>12.8<\/td>\n<td>229<\/td>\n<td>2.5<\/td>\n<\/tr>\n<tr>\n<td>3640-4-1<\/td>\n<td>8-26<\/td>\n<td>24<\/td>\n<td>27680<\/td>\n<td>0.47<\/td>\n<td>19.6<\/td>\n<td>22190<\/td>\n<td>2.88<\/td>\n<td>45.6<\/td>\n<td>98.9<\/td>\n<td>5<\/td>\n<\/tr>\n<tr>\n<td>3640-5-1<\/td>\n<td>12-40<\/td>\n<td>36<\/td>\n<td>20680<\/td>\n<td>0.29<\/td>\n<td>18<\/td>\n<td>16730<\/td>\n<td>1.3<\/td>\n<td>31.5<\/td>\n<td>94<\/td>\n<td>2.5<\/td>\n<\/tr>\n<tr>\n<td>3650-1-1<\/td>\n<td>8-26<\/td>\n<td>12<\/td>\n<td>5300<\/td>\n<td>0.46<\/td>\n<td>23.5<\/td>\n<td>4600<\/td>\n<td>1.53<\/td>\n<td>11.35<\/td>\n<td>77.8<\/td>\n<td>2.5<\/td>\n<\/tr>\n<tr>\n<td>3650-2-1<\/td>\n<td>8-26<\/td>\n<td>24<\/td>\n<td>13800<\/td>\n<td>0.32<\/td>\n<td>30<\/td>\n<td>10500<\/td>\n<td>1.99<\/td>\n<td>35.7<\/td>\n<td>103.7<\/td>\n<td>3<\/td>\n<\/tr>\n<tr>\n<td>3650-3-1<\/td>\n<td>8-26<\/td>\n<td>24<\/td>\n<td>4330<\/td>\n<td>0.18<\/td>\n<td>45<\/td>\n<td>3710<\/td>\n<td>1<\/td>\n<td>17.5<\/td>\n<td>316.8<\/td>\n<td>2.5<\/td>\n<\/tr>\n<tr>\n<td>3650-4-1<\/td>\n<td>8-26<\/td>\n<td>24<\/td>\n<td>19400<\/td>\n<td>0.44<\/td>\n<td>18<\/td>\n<td>17300<\/td>\n<td>1.8<\/td>\n<td>32.6<\/td>\n<td>75.9<\/td>\n<td>3<\/td>\n<\/tr>\n<tr>\n<td>3650-5-1<\/td>\n<td>8-26<\/td>\n<td>24<\/td>\n<td>28520<\/td>\n<td>0.64<\/td>\n<td>32.4<\/td>\n<td>23170<\/td>\n<td>4.73<\/td>\n<td>78.56<\/td>\n<td>171.42<\/td>\n<td>6<\/td>\n<\/tr>\n<tr>\n<td>3657-1-1<\/td>\n<td>8-26<\/td>\n<td>12<\/td>\n<td>3100<\/td>\n<td>0.24<\/td>\n<td>40.2<\/td>\n<td>2560<\/td>\n<td>1.31<\/td>\n<td>10.78<\/td>\n<td>215.8<\/td>\n<td>2.5<\/td>\n<\/tr>\n<tr>\n<td>3657-2-1<\/td>\n<td>8-26<\/td>\n<td>24<\/td>\n<td>6830<\/td>\n<td>0.34<\/td>\n<td>40.2<\/td>\n<td>6135<\/td>\n<td>1.48<\/td>\n<td>25.8<\/td>\n<td>195<\/td>\n<td>2.5<\/td>\n<\/tr>\n<tr>\n<td>3657-3-1<\/td>\n<td>8-26<\/td>\n<td>24<\/td>\n<td>26700<\/td>\n<td>0.68<\/td>\n<td>29.4<\/td>\n<td>21130<\/td>\n<td>3.79<\/td>\n<td>65.1<\/td>\n<td>139.5<\/td>\n<td>5<\/td>\n<\/tr>\n<tr>\n<td>3657-4-1<\/td>\n<td>8-26<\/td>\n<td>24<\/td>\n<td>4740<\/td>\n<td>0.25<\/td>\n<td>98<\/td>\n<td>3486<\/td>\n<td>2.24<\/td>\n<td>35.78<\/td>\n<td>269.87<\/td>\n<td>5<\/td>\n<\/tr>\n<\/tbody>\n<\/table>\n<p>Ebenfalls verf\u00fcgbar in 24, 28 und 42 Au\u00dfendurchmessern.<\/p>\n<h2>Mechanische Abmessungen: mm<\/h2>\n<table>\n<tbody>\n<tr>\n<td>PIN-Seriennummer<\/td>\n<td colspan=\"2\">Pin-Definition<\/td>\n<td>Charakterisierung<\/td>\n<\/tr>\n<tr>\n<td>1<\/td>\n<td>VCC<\/td>\n<td>Versorgungsspannung<\/td>\n<td>8-26V<\/td>\n<\/tr>\n<tr>\n<td rowspan=\"4\">2<\/td>\n<td rowspan=\"4\">FG<\/td>\n<td>VOH<\/td>\n<td>2.5-5.0V<\/td>\n<\/tr>\n<tr>\n<td>VOL<\/td>\n<td>0.5 Max<\/td>\n<\/tr>\n<tr>\n<td>FG CURRENT<\/td>\n<td>3mA<\/td>\n<\/tr>\n<tr>\n<td>FG-IMPULSANZAHL<\/td>\n<td>18 Impulse\/Umdrehung<\/td>\n<\/tr>\n<tr>\n<td rowspan=\"3\">3<\/td>\n<td rowspan=\"3\">CW\/CCW<\/td>\n<td>EINGANGSSPANNUNG<\/td>\n<td>0-5,0V<\/td>\n<\/tr>\n<tr>\n<td>VIH<\/td>\n<td>MIN 2,5V<\/td>\n<\/tr>\n<tr>\n<td>VIL<\/td>\n<td>MAX 0,6V<\/td>\n<\/tr>\n<tr>\n<td rowspan=\"4\">4<\/td>\n<td rowspan=\"4\">PWM<\/td>\n<td>EINGANGSSPANNUNG<\/td>\n<td>0-5,0V<\/td>\n<\/tr>\n<tr>\n<td>VIH<\/td>\n<td>MIN 2,5V<\/td>\n<\/tr>\n<tr>\n<td>VIL<\/td>\n<td>MAX 0,6V<\/td>\n<\/tr>\n<tr>\n<td>PWM-FREQUENZ<\/td>\n<td>50Hz,10kHz-20kHz<\/td>\n<\/tr>\n<tr>\n<td>5<\/td>\n<td>GND<\/td>\n<td>MASSE<\/td>\n<td>\u2014<\/td>\n<\/tr>\n<tr>\n<td rowspan=\"3\">6<\/td>\n<td rowspan=\"3\">BRA<\/td>\n<td>EINGANGSSPANNUNG<\/td>\n<td>0-5,0V<\/td>\n<\/tr>\n<tr>\n<td>VIH<\/td>\n<td>MIN 2,5V<\/td>\n<\/tr>\n<tr>\n<td>VIL<\/td>\n<td>MAX 0,6V<\/td>\n<\/tr>\n<\/tbody>\n<\/table>\n<p>Oben sind nur die Grundtypen aufgef\u00fchrt. Die spezifischen Anforderungen k\u00f6nnen angepasst werden.<\/p>\n<p><img fetchpriority=\"high\" decoding=\"async\" class=\"size-full wp-image-3139 aligncenter\" src=\"https:\/\/www.leili-motor.net\/wp-content\/uploads\/2025\/03\/36-Series-Inner-Rotor-Brushless-DC-Motor-Dimensions.webp\" alt=\"Abmessungen des b\u00fcrstenlosen Gleichstrommotors mit Innenrotor der Serie 36\" width=\"746\" height=\"646\" srcset=\"https:\/\/www.leili-motor.net\/wp-content\/uploads\/2025\/03\/36-Series-Inner-Rotor-Brushless-DC-Motor-Dimensions.webp 746w, https:\/\/www.leili-motor.net\/wp-content\/uploads\/2025\/03\/36-Series-Inner-Rotor-Brushless-DC-Motor-Dimensions-300x260.webp 300w, https:\/\/www.leili-motor.net\/wp-content\/uploads\/2025\/03\/36-Series-Inner-Rotor-Brushless-DC-Motor-Dimensions-600x520.webp 600w\" sizes=\"(max-width: 746px) 100vw, 746px\" \/><\/p>\n","protected":false},"excerpt":{"rendered":"<h3>Produkteinf\u00fchrung<\/h3>\n<ul>\n<li>Motoren mit gro\u00dfem Spannungsbereich (5,8 V \u2013 40 V) liefern Geschwindigkeiten von bis zu 28.520 U\/min f\u00fcr Hochleistungsanwendungen.<\/li>\n<li>Drehmoment bis zu 316,8 mN\u00b7m, das eine starke Leistung bei effizientem Stromverbrauch unter Last gew\u00e4hrleistet.<\/li>\n<li>Optimiert f\u00fcr Langlebigkeit, mit niedrigem Blockierstrom (2,5\u20136 A) und hoher Leistungseffizienz von bis zu 78,56 W.<\/li>\n<\/ul>\n<h3>Produktanwendung<\/h3>\n<ul>\n<li>Automobilkomponenten: Pumpen<\/li>\n<li>Haushaltsger\u00e4te: Kaffeemaschinen, Milchteemaschinen, Ventilatoren, wei\u00dfe Ware und Kleinger\u00e4te<\/li>\n<li>Medizinische Ger\u00e4te: Medizinische Pumpen, chirurgische Instrumente, R\u00fchrer, Zentrifugen<\/li>\n<li>Elektrowerkzeuge: Elektroschrauber, Elektrobohrer, Gaskompressoren<\/li>\n<li>Kommerzielle Ger\u00e4te: Drucker, Fotokopierer, Projektoren, Geldautomaten, Verkaufsautomaten<\/li>\n<li>K\u00f6rperpflege: Lufttrockner, Elektrorasierer, Massageger\u00e4te.<\/li>\n<\/ul>\n","protected":false},"featured_media":8548,"comment_status":"open","ping_status":"closed","template":"","meta":{"site-sidebar-layout":"default","site-content-layout":"","ast-site-content-layout":"default","site-content-style":"default","site-sidebar-style":"default","ast-global-header-display":"","ast-banner-title-visibility":"","ast-main-header-display":"","ast-hfb-above-header-display":"","ast-hfb-below-header-display":"","ast-hfb-mobile-header-display":"","site-post-title":"","ast-breadcrumbs-content":"","ast-featured-img":"","footer-sml-layout":"","theme-transparent-header-meta":"default","adv-header-id-meta":"","stick-header-meta":"","header-above-stick-meta":"","header-main-stick-meta":"","header-below-stick-meta":"","astra-migrate-meta-layouts":"default","ast-page-background-enabled":"default","ast-page-background-meta":{"desktop":{"background-color":"var(--ast-global-color-5)","background-image":"","background-repeat":"repeat","background-position":"center center","background-size":"auto","background-attachment":"scroll","background-type":"","background-media":"","overlay-type":"","overlay-color":"","overlay-opacity":"","overlay-gradient":""},"tablet":{"background-color":"","background-image":"","background-repeat":"repeat","background-position":"center center","background-size":"auto","background-attachment":"scroll","background-type":"","background-media":"","overlay-type":"","overlay-color":"","overlay-opacity":"","overlay-gradient":""},"mobile":{"background-color":"","background-image":"","background-repeat":"repeat","background-position":"center center","background-size":"auto","background-attachment":"scroll","background-type":"","background-media":"","overlay-type":"","overlay-color":"","overlay-opacity":"","overlay-gradient":""}},"ast-content-background-meta":{"desktop":{"background-color":"var(--ast-global-color-4)","background-image":"","background-repeat":"repeat","background-position":"center center","background-size":"auto","background-attachment":"scroll","background-type":"","background-media":"","overlay-type":"","overlay-color":"","overlay-opacity":"","overlay-gradient":""},"tablet":{"background-color":"var(--ast-global-color-4)","background-image":"","background-repeat":"repeat","background-position":"center center","background-size":"auto","background-attachment":"scroll","background-type":"","background-media":"","overlay-type":"","overlay-color":"","overlay-opacity":"","overlay-gradient":""},"mobile":{"background-color":"var(--ast-global-color-4)","background-image":"","background-repeat":"repeat","background-position":"center center","background-size":"auto","background-attachment":"scroll","background-type":"","background-media":"","overlay-type":"","overlay-color":"","overlay-opacity":"","overlay-gradient":""}}},"product_brand":[],"product_cat":[941,955],"product_tag":[957],"class_list":{"0":"post-8547","1":"product","2":"type-product","3":"status-publish","4":"has-post-thumbnail","6":"product_cat-kategorie-burstenloser-gleichstrommotor","7":"product_cat-burstenloser-innenrotormotors","8":"product_tag-kehrroboter-wischfunktion-anwendung","9":"pa_application-haushaltsgerate","10":"pa_application-industrie","11":"desktop-align-left","12":"tablet-align-left","13":"mobile-align-left","15":"first","16":"instock","17":"shipping-taxable","18":"product-type-simple"},"yoast_head":"<!-- This site is optimized with the Yoast SEO plugin v27.2 - https:\/\/yoast.com\/product\/yoast-seo-wordpress\/ -->\n<title>B\u00fcrstenloser Gleichstrommotor mit Innenrotor Der Serie 36 &#8211; Leili Motor<\/title>\n<meta name=\"description\" content=\"Unser b\u00fcrstenloser Gleichstrommotor mit Innenrotor der Serie 36 bietet einen Betrieb mit 8\u201340 V, bis zu 28.520 U\/min, 98 mN\u00b7m Drehmoment und 78,56 W Leistung.\" \/>\n<meta name=\"robots\" content=\"index, follow, max-snippet:-1, max-image-preview:large, max-video-preview:-1\" \/>\n<link rel=\"canonical\" href=\"https:\/\/www.leili-motor.net\/de\/buerstenloser-gleichstrommotor-mit-innenrotor-der-serie-36.html\" \/>\n<meta name=\"twitter:label1\" content=\"Gesch\u00e4tzte Lesezeit\" \/>\n\t<meta name=\"twitter:data1\" content=\"1\u00a0Minute\" \/>\n<script type=\"application\/ld+json\" class=\"yoast-schema-graph\">{\"@context\":\"https:\/\/schema.org\",\"@graph\":[{\"@type\":\"WebPage\",\"@id\":\"https:\/\/www.leili-motor.net\/de\/buerstenloser-gleichstrommotor-mit-innenrotor-der-serie-36.html\",\"url\":\"https:\/\/www.leili-motor.net\/de\/buerstenloser-gleichstrommotor-mit-innenrotor-der-serie-36.html\",\"name\":\"B\u00fcrstenloser Gleichstrommotor mit Innenrotor Der Serie 36 &#8211; Leili Motor\",\"isPartOf\":{\"@id\":\"https:\/\/www.leili-motor.net\/de\/#website\"},\"primaryImageOfPage\":{\"@id\":\"https:\/\/www.leili-motor.net\/de\/buerstenloser-gleichstrommotor-mit-innenrotor-der-serie-36.html#primaryimage\"},\"image\":{\"@id\":\"https:\/\/www.leili-motor.net\/de\/buerstenloser-gleichstrommotor-mit-innenrotor-der-serie-36.html#primaryimage\"},\"thumbnailUrl\":\"https:\/\/www.leili-motor.net\/wp-content\/uploads\/2025\/03\/36-Series-Inner-Rotor-Brushless-DC-Motor.jpg\",\"datePublished\":\"2025-03-14T06:02:56+00:00\",\"description\":\"Unser b\u00fcrstenloser Gleichstrommotor mit Innenrotor der Serie 36 bietet einen Betrieb mit 8\u201340 V, bis zu 28.520 U\/min, 98 mN\u00b7m Drehmoment und 78,56 W Leistung.\",\"breadcrumb\":{\"@id\":\"https:\/\/www.leili-motor.net\/de\/buerstenloser-gleichstrommotor-mit-innenrotor-der-serie-36.html#breadcrumb\"},\"inLanguage\":\"de\",\"potentialAction\":[{\"@type\":\"ReadAction\",\"target\":[\"https:\/\/www.leili-motor.net\/de\/buerstenloser-gleichstrommotor-mit-innenrotor-der-serie-36.html\"]}]},{\"@type\":\"ImageObject\",\"inLanguage\":\"de\",\"@id\":\"https:\/\/www.leili-motor.net\/de\/buerstenloser-gleichstrommotor-mit-innenrotor-der-serie-36.html#primaryimage\",\"url\":\"https:\/\/www.leili-motor.net\/wp-content\/uploads\/2025\/03\/36-Series-Inner-Rotor-Brushless-DC-Motor.jpg\",\"contentUrl\":\"https:\/\/www.leili-motor.net\/wp-content\/uploads\/2025\/03\/36-Series-Inner-Rotor-Brushless-DC-Motor.jpg\",\"width\":454,\"height\":310,\"caption\":\"B\u00fcrstenloser Gleichstrommotor mit Innenrotor der Serie 36\"},{\"@type\":\"BreadcrumbList\",\"@id\":\"https:\/\/www.leili-motor.net\/de\/buerstenloser-gleichstrommotor-mit-innenrotor-der-serie-36.html#breadcrumb\",\"itemListElement\":[{\"@type\":\"ListItem\",\"position\":1,\"name\":\"Home\",\"item\":\"https:\/\/www.leili-motor.net\/de\/\"},{\"@type\":\"ListItem\",\"position\":2,\"name\":\"Produkte\",\"item\":\"https:\/\/www.leili-motor.net\/de\/produkte.html\"},{\"@type\":\"ListItem\",\"position\":3,\"name\":\"B\u00fcrstenloser Gleichstrommotor mit Innenrotor Der Serie 36\"}]},{\"@type\":\"WebSite\",\"@id\":\"https:\/\/www.leili-motor.net\/de\/#website\",\"url\":\"https:\/\/www.leili-motor.net\/de\/\",\"name\":\"Leili Motor\",\"description\":\"\",\"publisher\":{\"@id\":\"https:\/\/www.leili-motor.net\/de\/#organization\"},\"potentialAction\":[{\"@type\":\"SearchAction\",\"target\":{\"@type\":\"EntryPoint\",\"urlTemplate\":\"https:\/\/www.leili-motor.net\/de\/?s={search_term_string}\"},\"query-input\":{\"@type\":\"PropertyValueSpecification\",\"valueRequired\":true,\"valueName\":\"search_term_string\"}}],\"inLanguage\":\"de\"},{\"@type\":\"Organization\",\"@id\":\"https:\/\/www.leili-motor.net\/de\/#organization\",\"name\":\"Leili Motor\",\"url\":\"https:\/\/www.leili-motor.net\/de\/\",\"logo\":{\"@type\":\"ImageObject\",\"inLanguage\":\"de\",\"@id\":\"https:\/\/www.leili-motor.net\/de\/#\/schema\/logo\/image\/\",\"url\":\"https:\/\/www.leili-motor.net\/wp-content\/uploads\/2025\/03\/Leili-Motor.png\",\"contentUrl\":\"https:\/\/www.leili-motor.net\/wp-content\/uploads\/2025\/03\/Leili-Motor.png\",\"width\":600,\"height\":156,\"caption\":\"Leili Motor\"},\"image\":{\"@id\":\"https:\/\/www.leili-motor.net\/de\/#\/schema\/logo\/image\/\"}}]}<\/script>\n<!-- \/ Yoast SEO plugin. -->","yoast_head_json":{"title":"B\u00fcrstenloser Gleichstrommotor mit Innenrotor Der Serie 36 &#8211; Leili Motor","description":"Unser b\u00fcrstenloser Gleichstrommotor mit Innenrotor der Serie 36 bietet einen Betrieb mit 8\u201340 V, bis zu 28.520 U\/min, 98 mN\u00b7m Drehmoment und 78,56 W Leistung.","robots":{"index":"index","follow":"follow","max-snippet":"max-snippet:-1","max-image-preview":"max-image-preview:large","max-video-preview":"max-video-preview:-1"},"canonical":"https:\/\/www.leili-motor.net\/de\/buerstenloser-gleichstrommotor-mit-innenrotor-der-serie-36.html","twitter_misc":{"Gesch\u00e4tzte Lesezeit":"1\u00a0Minute"},"schema":{"@context":"https:\/\/schema.org","@graph":[{"@type":"WebPage","@id":"https:\/\/www.leili-motor.net\/de\/buerstenloser-gleichstrommotor-mit-innenrotor-der-serie-36.html","url":"https:\/\/www.leili-motor.net\/de\/buerstenloser-gleichstrommotor-mit-innenrotor-der-serie-36.html","name":"B\u00fcrstenloser Gleichstrommotor mit Innenrotor Der Serie 36 &#8211; Leili Motor","isPartOf":{"@id":"https:\/\/www.leili-motor.net\/de\/#website"},"primaryImageOfPage":{"@id":"https:\/\/www.leili-motor.net\/de\/buerstenloser-gleichstrommotor-mit-innenrotor-der-serie-36.html#primaryimage"},"image":{"@id":"https:\/\/www.leili-motor.net\/de\/buerstenloser-gleichstrommotor-mit-innenrotor-der-serie-36.html#primaryimage"},"thumbnailUrl":"https:\/\/www.leili-motor.net\/wp-content\/uploads\/2025\/03\/36-Series-Inner-Rotor-Brushless-DC-Motor.jpg","datePublished":"2025-03-14T06:02:56+00:00","description":"Unser b\u00fcrstenloser Gleichstrommotor mit Innenrotor der Serie 36 bietet einen Betrieb mit 8\u201340 V, bis zu 28.520 U\/min, 98 mN\u00b7m Drehmoment und 78,56 W Leistung.","breadcrumb":{"@id":"https:\/\/www.leili-motor.net\/de\/buerstenloser-gleichstrommotor-mit-innenrotor-der-serie-36.html#breadcrumb"},"inLanguage":"de","potentialAction":[{"@type":"ReadAction","target":["https:\/\/www.leili-motor.net\/de\/buerstenloser-gleichstrommotor-mit-innenrotor-der-serie-36.html"]}]},{"@type":"ImageObject","inLanguage":"de","@id":"https:\/\/www.leili-motor.net\/de\/buerstenloser-gleichstrommotor-mit-innenrotor-der-serie-36.html#primaryimage","url":"https:\/\/www.leili-motor.net\/wp-content\/uploads\/2025\/03\/36-Series-Inner-Rotor-Brushless-DC-Motor.jpg","contentUrl":"https:\/\/www.leili-motor.net\/wp-content\/uploads\/2025\/03\/36-Series-Inner-Rotor-Brushless-DC-Motor.jpg","width":454,"height":310,"caption":"B\u00fcrstenloser Gleichstrommotor mit Innenrotor der Serie 36"},{"@type":"BreadcrumbList","@id":"https:\/\/www.leili-motor.net\/de\/buerstenloser-gleichstrommotor-mit-innenrotor-der-serie-36.html#breadcrumb","itemListElement":[{"@type":"ListItem","position":1,"name":"Home","item":"https:\/\/www.leili-motor.net\/de\/"},{"@type":"ListItem","position":2,"name":"Produkte","item":"https:\/\/www.leili-motor.net\/de\/produkte.html"},{"@type":"ListItem","position":3,"name":"B\u00fcrstenloser Gleichstrommotor mit Innenrotor Der Serie 36"}]},{"@type":"WebSite","@id":"https:\/\/www.leili-motor.net\/de\/#website","url":"https:\/\/www.leili-motor.net\/de\/","name":"Leili Motor","description":"","publisher":{"@id":"https:\/\/www.leili-motor.net\/de\/#organization"},"potentialAction":[{"@type":"SearchAction","target":{"@type":"EntryPoint","urlTemplate":"https:\/\/www.leili-motor.net\/de\/?s={search_term_string}"},"query-input":{"@type":"PropertyValueSpecification","valueRequired":true,"valueName":"search_term_string"}}],"inLanguage":"de"},{"@type":"Organization","@id":"https:\/\/www.leili-motor.net\/de\/#organization","name":"Leili Motor","url":"https:\/\/www.leili-motor.net\/de\/","logo":{"@type":"ImageObject","inLanguage":"de","@id":"https:\/\/www.leili-motor.net\/de\/#\/schema\/logo\/image\/","url":"https:\/\/www.leili-motor.net\/wp-content\/uploads\/2025\/03\/Leili-Motor.png","contentUrl":"https:\/\/www.leili-motor.net\/wp-content\/uploads\/2025\/03\/Leili-Motor.png","width":600,"height":156,"caption":"Leili Motor"},"image":{"@id":"https:\/\/www.leili-motor.net\/de\/#\/schema\/logo\/image\/"}}]}},"_links":{"self":[{"href":"https:\/\/www.leili-motor.net\/de\/wp-json\/wp\/v2\/product\/8547","targetHints":{"allow":["GET"]}}],"collection":[{"href":"https:\/\/www.leili-motor.net\/de\/wp-json\/wp\/v2\/product"}],"about":[{"href":"https:\/\/www.leili-motor.net\/de\/wp-json\/wp\/v2\/types\/product"}],"replies":[{"embeddable":true,"href":"https:\/\/www.leili-motor.net\/de\/wp-json\/wp\/v2\/comments?post=8547"}],"wp:featuredmedia":[{"embeddable":true,"href":"https:\/\/www.leili-motor.net\/de\/wp-json\/wp\/v2\/media\/8548"}],"wp:attachment":[{"href":"https:\/\/www.leili-motor.net\/de\/wp-json\/wp\/v2\/media?parent=8547"}],"wp:term":[{"taxonomy":"product_brand","embeddable":true,"href":"https:\/\/www.leili-motor.net\/de\/wp-json\/wp\/v2\/product_brand?post=8547"},{"taxonomy":"product_cat","embeddable":true,"href":"https:\/\/www.leili-motor.net\/de\/wp-json\/wp\/v2\/product_cat?post=8547"},{"taxonomy":"product_tag","embeddable":true,"href":"https:\/\/www.leili-motor.net\/de\/wp-json\/wp\/v2\/product_tag?post=8547"}],"curies":[{"name":"wp","href":"https:\/\/api.w.org\/{rel}","templated":true}]}}