{"id":8563,"date":"2025-03-14T13:41:51","date_gmt":"2025-03-14T05:41:51","guid":{"rendered":"https:\/\/www.leili-motor.net\/60-mm-buerstenloser-gleichstrommotor-mit-innenrotor\/"},"modified":"2025-03-14T13:41:51","modified_gmt":"2025-03-14T05:41:51","slug":"60-mm-buerstenloser-gleichstrommotor-mit-innenrotor","status":"publish","type":"product","link":"https:\/\/www.leili-motor.net\/de\/60-mm-buerstenloser-gleichstrommotor-mit-innenrotor.html","title":{"rendered":"60 mm b\u00fcrstenloser Gleichstrommotor mit Innenrotor"},"content":{"rendered":"<h2>Produktparameter<\/h2>\n<table>\n<tbody>\n<tr>\n<td colspan=\"3\">M24 Rahmen<\/td>\n<td>M24L1<\/td>\n<td>M24L2<\/td>\n<td>M24L3<\/td>\n<\/tr>\n<tr>\n<td colspan=\"6\">Allgemein<\/td>\n<\/tr>\n<tr>\n<td colspan=\"3\">Isolationsklasse<\/td>\n<td colspan=\"3\">B<\/td>\n<\/tr>\n<tr>\n<td colspan=\"3\">Dienstart<\/td>\n<td colspan=\"3\">S1<\/td>\n<\/tr>\n<tr>\n<td colspan=\"3\">Feedback-Methode<\/td>\n<td colspan=\"3\">Hall-Sensor<\/td>\n<\/tr>\n<tr>\n<td colspan=\"3\">Kommutierungswinkel<\/td>\n<td colspan=\"3\">120\u00b0<\/td>\n<\/tr>\n<tr>\n<td colspan=\"3\">Durchschlagsfestigkeit<\/td>\n<td colspan=\"3\">500 VAC \/ 1 KHz \/ 1 mA \/ 1 s<\/td>\n<\/tr>\n<tr>\n<td colspan=\"3\">Isolationswiderstand<\/td>\n<td colspan=\"3\">100 MOhm \/ 500 VDC<\/td>\n<\/tr>\n<tr>\n<td colspan=\"6\">Leistung<\/td>\n<\/tr>\n<tr>\n<td>Nennspannung<\/td>\n<td>Un<\/td>\n<td>V<\/td>\n<td colspan=\"3\">48<\/td>\n<\/tr>\n<tr>\n<td>Nennleistung<\/td>\n<td>Pn<\/td>\n<td>W<\/td>\n<td>79<\/td>\n<td>157<\/td>\n<td>236<\/td>\n<\/tr>\n<tr>\n<td>Nenndrehmoment<\/td>\n<td>Tn<\/td>\n<td>N\u00b7m<\/td>\n<td>0.25<\/td>\n<td>0.5<\/td>\n<td>0.75<\/td>\n<\/tr>\n<tr>\n<td>Nenndrehzahl<\/td>\n<td>Nn<\/td>\n<td>RPM<\/td>\n<td colspan=\"3\">3000<\/td>\n<\/tr>\n<tr>\n<td>Nennstrom<\/td>\n<td>In<\/td>\n<td>A<\/td>\n<td>2.3<\/td>\n<td>4.7<\/td>\n<td>7<\/td>\n<\/tr>\n<tr>\n<td>Widerstand (Linie-Linie)<\/td>\n<td>Rn<\/td>\n<td>Ohm<\/td>\n<td>1.8<\/td>\n<td>0.9<\/td>\n<td>0.5<\/td>\n<\/tr>\n<tr>\n<td>Induktivit\u00e4t (Leitung-Leitung)<\/td>\n<td>L<\/td>\n<td>mH<\/td>\n<td>2.3<\/td>\n<td>1.1<\/td>\n<td>0.7<\/td>\n<\/tr>\n<tr>\n<td>Wicklungsanschluss<\/td>\n<td>&#8211;<\/td>\n<td>&#8211;<\/td>\n<td colspan=\"3\">Stern<\/td>\n<\/tr>\n<tr>\n<td>Polpaare<\/td>\n<td>&#8211;<\/td>\n<td>&#8211;<\/td>\n<td colspan=\"3\">4<\/td>\n<\/tr>\n<tr>\n<td>L\u00e4nge<\/td>\n<td>LT<\/td>\n<td>mm<\/td>\n<td>64<\/td>\n<td>85<\/td>\n<td>106<\/td>\n<\/tr>\n<tr>\n<td>Masse<\/td>\n<td>&#8211;<\/td>\n<td>Kg<\/td>\n<td>0.8<\/td>\n<td>1.2<\/td>\n<td>0.6<\/td>\n<\/tr>\n<tr>\n<td colspan=\"6\">Material<\/td>\n<\/tr>\n<tr>\n<td colspan=\"3\">Endabdeckung<\/td>\n<td colspan=\"3\">Aluminiumlegierung<\/td>\n<\/tr>\n<tr>\n<td colspan=\"3\">Lager<\/td>\n<td colspan=\"3\">Rillenkugellager<\/td>\n<\/tr>\n<tr>\n<td colspan=\"3\">Magnetisch<\/td>\n<td colspan=\"3\">Gesintertes NdFeB<\/td>\n<\/tr>\n<tr>\n<td colspan=\"3\">Welle<\/td>\n<td colspan=\"3\">Kohlenstoffstahl<\/td>\n<\/tr>\n<\/tbody>\n<\/table>\n<h2>Mechanische Abmessungen: mm<\/h2>\n<p><img fetchpriority=\"high\" decoding=\"async\" class=\"size-full wp-image-3118 aligncenter\" src=\"https:\/\/www.leili-motor.net\/wp-content\/uploads\/2025\/03\/60mm-Inner-Rotor-Brushless-DC-Motor-Dimensions.webp\" alt=\"Abmessungen des b\u00fcrstenlosen Gleichstrommotors mit 60 mm Innenrotor\" width=\"759\" height=\"512\" srcset=\"https:\/\/www.leili-motor.net\/wp-content\/uploads\/2025\/03\/60mm-Inner-Rotor-Brushless-DC-Motor-Dimensions.webp 759w, https:\/\/www.leili-motor.net\/wp-content\/uploads\/2025\/03\/60mm-Inner-Rotor-Brushless-DC-Motor-Dimensions-300x202.webp 300w, https:\/\/www.leili-motor.net\/wp-content\/uploads\/2025\/03\/60mm-Inner-Rotor-Brushless-DC-Motor-Dimensions-600x405.webp 600w\" sizes=\"(max-width: 759px) 100vw, 759px\" \/><\/p>\n","protected":false},"excerpt":{"rendered":"<h3>Produkteinf\u00fchrung<\/h3>\n<ul>\n<li>B\u00fcrstenloser Gleichstrommotor mit 60 mm Basis<\/li>\n<li>48-V-b\u00fcrstenloser Motor mit Hall-Sensor-Feedback, 4 Polpaaren und Sternwicklungsanschluss f\u00fcr Pr\u00e4zision.<\/li>\n<li>Liefert bis zu 0,75 Nm Drehmoment, mit NdFeB-Magneten, Abdeckung aus Aluminiumlegierung und Rillenkugellagern.<\/li>\n<\/ul>\n<h3>Produktanwendung<\/h3>\n<ul>\n<li>Industrielle Steuerung, medizinische Ger\u00e4te<\/li>\n<\/ul>\n","protected":false},"featured_media":8564,"comment_status":"open","ping_status":"closed","template":"","meta":{"site-sidebar-layout":"default","site-content-layout":"","ast-site-content-layout":"default","site-content-style":"default","site-sidebar-style":"default","ast-global-header-display":"","ast-banner-title-visibility":"","ast-main-header-display":"","ast-hfb-above-header-display":"","ast-hfb-below-header-display":"","ast-hfb-mobile-header-display":"","site-post-title":"","ast-breadcrumbs-content":"","ast-featured-img":"","footer-sml-layout":"","theme-transparent-header-meta":"default","adv-header-id-meta":"","stick-header-meta":"","header-above-stick-meta":"","header-main-stick-meta":"","header-below-stick-meta":"","astra-migrate-meta-layouts":"default","ast-page-background-enabled":"default","ast-page-background-meta":{"desktop":{"background-color":"var(--ast-global-color-5)","background-image":"","background-repeat":"repeat","background-position":"center center","background-size":"auto","background-attachment":"scroll","background-type":"","background-media":"","overlay-type":"","overlay-color":"","overlay-opacity":"","overlay-gradient":""},"tablet":{"background-color":"","background-image":"","background-repeat":"repeat","background-position":"center center","background-size":"auto","background-attachment":"scroll","background-type":"","background-media":"","overlay-type":"","overlay-color":"","overlay-opacity":"","overlay-gradient":""},"mobile":{"background-color":"","background-image":"","background-repeat":"repeat","background-position":"center center","background-size":"auto","background-attachment":"scroll","background-type":"","background-media":"","overlay-type":"","overlay-color":"","overlay-opacity":"","overlay-gradient":""}},"ast-content-background-meta":{"desktop":{"background-color":"var(--ast-global-color-4)","background-image":"","background-repeat":"repeat","background-position":"center center","background-size":"auto","background-attachment":"scroll","background-type":"","background-media":"","overlay-type":"","overlay-color":"","overlay-opacity":"","overlay-gradient":""},"tablet":{"background-color":"var(--ast-global-color-4)","background-image":"","background-repeat":"repeat","background-position":"center center","background-size":"auto","background-attachment":"scroll","background-type":"","background-media":"","overlay-type":"","overlay-color":"","overlay-opacity":"","overlay-gradient":""},"mobile":{"background-color":"var(--ast-global-color-4)","background-image":"","background-repeat":"repeat","background-position":"center center","background-size":"auto","background-attachment":"scroll","background-type":"","background-media":"","overlay-type":"","overlay-color":"","overlay-opacity":"","overlay-gradient":""}}},"product_brand":[],"product_cat":[941,955],"product_tag":[958,959],"class_list":{"0":"post-8563","1":"product","2":"type-product","3":"status-publish","4":"has-post-thumbnail","6":"product_cat-kategorie-burstenloser-gleichstrommotor","7":"product_cat-burstenloser-innenrotormotors","8":"product_tag-industrielle-ausrustung-burstenloser-gleichstrommotor","9":"product_tag-roboter-burstenloser-gleichstrommotor","10":"pa_application-industrie","11":"pa_application-sportgesundheit","12":"desktop-align-left","13":"tablet-align-left","14":"mobile-align-left","16":"first","17":"instock","18":"shipping-taxable","19":"product-type-simple"},"yoast_head":"<!-- This site is optimized with the Yoast SEO plugin v27.2 - https:\/\/yoast.com\/product\/yoast-seo-wordpress\/ -->\n<title>60 mm b\u00fcrstenloser Gleichstrommotor mit Innenrotor &#8211; Leili Motor<\/title>\n<meta name=\"description\" content=\"60-mm-BLDC-Motor mit Innenrotor, 48 VDC, 4 Polpaaren, liefert bis zu 0,75 Nm Drehmoment, 3000 U\/min Geschwindigkeit und NdFeB-Magnetsystem f\u00fcr mehr Effizienz.\" \/>\n<meta name=\"robots\" content=\"index, follow, max-snippet:-1, max-image-preview:large, max-video-preview:-1\" \/>\n<link rel=\"canonical\" href=\"https:\/\/www.leili-motor.net\/de\/60-mm-buerstenloser-gleichstrommotor-mit-innenrotor.html\" \/>\n<script type=\"application\/ld+json\" class=\"yoast-schema-graph\">{\"@context\":\"https:\/\/schema.org\",\"@graph\":[{\"@type\":\"WebPage\",\"@id\":\"https:\/\/www.leili-motor.net\/de\/60-mm-buerstenloser-gleichstrommotor-mit-innenrotor.html\",\"url\":\"https:\/\/www.leili-motor.net\/de\/60-mm-buerstenloser-gleichstrommotor-mit-innenrotor.html\",\"name\":\"60 mm b\u00fcrstenloser Gleichstrommotor mit Innenrotor &#8211; Leili Motor\",\"isPartOf\":{\"@id\":\"https:\/\/www.leili-motor.net\/de\/#website\"},\"primaryImageOfPage\":{\"@id\":\"https:\/\/www.leili-motor.net\/de\/60-mm-buerstenloser-gleichstrommotor-mit-innenrotor.html#primaryimage\"},\"image\":{\"@id\":\"https:\/\/www.leili-motor.net\/de\/60-mm-buerstenloser-gleichstrommotor-mit-innenrotor.html#primaryimage\"},\"thumbnailUrl\":\"https:\/\/www.leili-motor.net\/wp-content\/uploads\/2025\/03\/60mm-Inner-Rotor-Brushless-DC-Motor.webp\",\"datePublished\":\"2025-03-14T05:41:51+00:00\",\"description\":\"60-mm-BLDC-Motor mit Innenrotor, 48 VDC, 4 Polpaaren, liefert bis zu 0,75 Nm Drehmoment, 3000 U\/min Geschwindigkeit und NdFeB-Magnetsystem f\u00fcr mehr Effizienz.\",\"breadcrumb\":{\"@id\":\"https:\/\/www.leili-motor.net\/de\/60-mm-buerstenloser-gleichstrommotor-mit-innenrotor.html#breadcrumb\"},\"inLanguage\":\"de\",\"potentialAction\":[{\"@type\":\"ReadAction\",\"target\":[\"https:\/\/www.leili-motor.net\/de\/60-mm-buerstenloser-gleichstrommotor-mit-innenrotor.html\"]}]},{\"@type\":\"ImageObject\",\"inLanguage\":\"de\",\"@id\":\"https:\/\/www.leili-motor.net\/de\/60-mm-buerstenloser-gleichstrommotor-mit-innenrotor.html#primaryimage\",\"url\":\"https:\/\/www.leili-motor.net\/wp-content\/uploads\/2025\/03\/60mm-Inner-Rotor-Brushless-DC-Motor.webp\",\"contentUrl\":\"https:\/\/www.leili-motor.net\/wp-content\/uploads\/2025\/03\/60mm-Inner-Rotor-Brushless-DC-Motor.webp\",\"width\":454,\"height\":310,\"caption\":\"60 mm b\u00fcrstenloser Gleichstrommotor mit Innenrotor\"},{\"@type\":\"BreadcrumbList\",\"@id\":\"https:\/\/www.leili-motor.net\/de\/60-mm-buerstenloser-gleichstrommotor-mit-innenrotor.html#breadcrumb\",\"itemListElement\":[{\"@type\":\"ListItem\",\"position\":1,\"name\":\"Home\",\"item\":\"https:\/\/www.leili-motor.net\/de\/\"},{\"@type\":\"ListItem\",\"position\":2,\"name\":\"Produkte\",\"item\":\"https:\/\/www.leili-motor.net\/de\/produkte.html\"},{\"@type\":\"ListItem\",\"position\":3,\"name\":\"60 mm b\u00fcrstenloser Gleichstrommotor mit Innenrotor\"}]},{\"@type\":\"WebSite\",\"@id\":\"https:\/\/www.leili-motor.net\/de\/#website\",\"url\":\"https:\/\/www.leili-motor.net\/de\/\",\"name\":\"Leili Motor\",\"description\":\"\",\"publisher\":{\"@id\":\"https:\/\/www.leili-motor.net\/de\/#organization\"},\"potentialAction\":[{\"@type\":\"SearchAction\",\"target\":{\"@type\":\"EntryPoint\",\"urlTemplate\":\"https:\/\/www.leili-motor.net\/de\/?s={search_term_string}\"},\"query-input\":{\"@type\":\"PropertyValueSpecification\",\"valueRequired\":true,\"valueName\":\"search_term_string\"}}],\"inLanguage\":\"de\"},{\"@type\":\"Organization\",\"@id\":\"https:\/\/www.leili-motor.net\/de\/#organization\",\"name\":\"Leili Motor\",\"url\":\"https:\/\/www.leili-motor.net\/de\/\",\"logo\":{\"@type\":\"ImageObject\",\"inLanguage\":\"de\",\"@id\":\"https:\/\/www.leili-motor.net\/de\/#\/schema\/logo\/image\/\",\"url\":\"https:\/\/www.leili-motor.net\/wp-content\/uploads\/2025\/03\/Leili-Motor.png\",\"contentUrl\":\"https:\/\/www.leili-motor.net\/wp-content\/uploads\/2025\/03\/Leili-Motor.png\",\"width\":600,\"height\":156,\"caption\":\"Leili Motor\"},\"image\":{\"@id\":\"https:\/\/www.leili-motor.net\/de\/#\/schema\/logo\/image\/\"}}]}<\/script>\n<!-- \/ Yoast SEO plugin. -->","yoast_head_json":{"title":"60 mm b\u00fcrstenloser Gleichstrommotor mit Innenrotor &#8211; Leili Motor","description":"60-mm-BLDC-Motor mit Innenrotor, 48 VDC, 4 Polpaaren, liefert bis zu 0,75 Nm Drehmoment, 3000 U\/min Geschwindigkeit und NdFeB-Magnetsystem f\u00fcr mehr Effizienz.","robots":{"index":"index","follow":"follow","max-snippet":"max-snippet:-1","max-image-preview":"max-image-preview:large","max-video-preview":"max-video-preview:-1"},"canonical":"https:\/\/www.leili-motor.net\/de\/60-mm-buerstenloser-gleichstrommotor-mit-innenrotor.html","schema":{"@context":"https:\/\/schema.org","@graph":[{"@type":"WebPage","@id":"https:\/\/www.leili-motor.net\/de\/60-mm-buerstenloser-gleichstrommotor-mit-innenrotor.html","url":"https:\/\/www.leili-motor.net\/de\/60-mm-buerstenloser-gleichstrommotor-mit-innenrotor.html","name":"60 mm b\u00fcrstenloser Gleichstrommotor mit Innenrotor &#8211; Leili Motor","isPartOf":{"@id":"https:\/\/www.leili-motor.net\/de\/#website"},"primaryImageOfPage":{"@id":"https:\/\/www.leili-motor.net\/de\/60-mm-buerstenloser-gleichstrommotor-mit-innenrotor.html#primaryimage"},"image":{"@id":"https:\/\/www.leili-motor.net\/de\/60-mm-buerstenloser-gleichstrommotor-mit-innenrotor.html#primaryimage"},"thumbnailUrl":"https:\/\/www.leili-motor.net\/wp-content\/uploads\/2025\/03\/60mm-Inner-Rotor-Brushless-DC-Motor.webp","datePublished":"2025-03-14T05:41:51+00:00","description":"60-mm-BLDC-Motor mit Innenrotor, 48 VDC, 4 Polpaaren, liefert bis zu 0,75 Nm Drehmoment, 3000 U\/min Geschwindigkeit und NdFeB-Magnetsystem f\u00fcr mehr Effizienz.","breadcrumb":{"@id":"https:\/\/www.leili-motor.net\/de\/60-mm-buerstenloser-gleichstrommotor-mit-innenrotor.html#breadcrumb"},"inLanguage":"de","potentialAction":[{"@type":"ReadAction","target":["https:\/\/www.leili-motor.net\/de\/60-mm-buerstenloser-gleichstrommotor-mit-innenrotor.html"]}]},{"@type":"ImageObject","inLanguage":"de","@id":"https:\/\/www.leili-motor.net\/de\/60-mm-buerstenloser-gleichstrommotor-mit-innenrotor.html#primaryimage","url":"https:\/\/www.leili-motor.net\/wp-content\/uploads\/2025\/03\/60mm-Inner-Rotor-Brushless-DC-Motor.webp","contentUrl":"https:\/\/www.leili-motor.net\/wp-content\/uploads\/2025\/03\/60mm-Inner-Rotor-Brushless-DC-Motor.webp","width":454,"height":310,"caption":"60 mm b\u00fcrstenloser Gleichstrommotor mit Innenrotor"},{"@type":"BreadcrumbList","@id":"https:\/\/www.leili-motor.net\/de\/60-mm-buerstenloser-gleichstrommotor-mit-innenrotor.html#breadcrumb","itemListElement":[{"@type":"ListItem","position":1,"name":"Home","item":"https:\/\/www.leili-motor.net\/de\/"},{"@type":"ListItem","position":2,"name":"Produkte","item":"https:\/\/www.leili-motor.net\/de\/produkte.html"},{"@type":"ListItem","position":3,"name":"60 mm b\u00fcrstenloser Gleichstrommotor mit Innenrotor"}]},{"@type":"WebSite","@id":"https:\/\/www.leili-motor.net\/de\/#website","url":"https:\/\/www.leili-motor.net\/de\/","name":"Leili Motor","description":"","publisher":{"@id":"https:\/\/www.leili-motor.net\/de\/#organization"},"potentialAction":[{"@type":"SearchAction","target":{"@type":"EntryPoint","urlTemplate":"https:\/\/www.leili-motor.net\/de\/?s={search_term_string}"},"query-input":{"@type":"PropertyValueSpecification","valueRequired":true,"valueName":"search_term_string"}}],"inLanguage":"de"},{"@type":"Organization","@id":"https:\/\/www.leili-motor.net\/de\/#organization","name":"Leili Motor","url":"https:\/\/www.leili-motor.net\/de\/","logo":{"@type":"ImageObject","inLanguage":"de","@id":"https:\/\/www.leili-motor.net\/de\/#\/schema\/logo\/image\/","url":"https:\/\/www.leili-motor.net\/wp-content\/uploads\/2025\/03\/Leili-Motor.png","contentUrl":"https:\/\/www.leili-motor.net\/wp-content\/uploads\/2025\/03\/Leili-Motor.png","width":600,"height":156,"caption":"Leili Motor"},"image":{"@id":"https:\/\/www.leili-motor.net\/de\/#\/schema\/logo\/image\/"}}]}},"_links":{"self":[{"href":"https:\/\/www.leili-motor.net\/de\/wp-json\/wp\/v2\/product\/8563","targetHints":{"allow":["GET"]}}],"collection":[{"href":"https:\/\/www.leili-motor.net\/de\/wp-json\/wp\/v2\/product"}],"about":[{"href":"https:\/\/www.leili-motor.net\/de\/wp-json\/wp\/v2\/types\/product"}],"replies":[{"embeddable":true,"href":"https:\/\/www.leili-motor.net\/de\/wp-json\/wp\/v2\/comments?post=8563"}],"wp:featuredmedia":[{"embeddable":true,"href":"https:\/\/www.leili-motor.net\/de\/wp-json\/wp\/v2\/media\/8564"}],"wp:attachment":[{"href":"https:\/\/www.leili-motor.net\/de\/wp-json\/wp\/v2\/media?parent=8563"}],"wp:term":[{"taxonomy":"product_brand","embeddable":true,"href":"https:\/\/www.leili-motor.net\/de\/wp-json\/wp\/v2\/product_brand?post=8563"},{"taxonomy":"product_cat","embeddable":true,"href":"https:\/\/www.leili-motor.net\/de\/wp-json\/wp\/v2\/product_cat?post=8563"},{"taxonomy":"product_tag","embeddable":true,"href":"https:\/\/www.leili-motor.net\/de\/wp-json\/wp\/v2\/product_tag?post=8563"}],"curies":[{"name":"wp","href":"https:\/\/api.w.org\/{rel}","templated":true}]}}