{"id":8590,"date":"2025-03-17T10:17:24","date_gmt":"2025-03-17T02:17:24","guid":{"rendered":"https:\/\/www.leili-motor.net\/86-mm-buerstenloser-gleichstrommotor-mit-aussenrotor\/"},"modified":"2025-03-17T10:17:24","modified_gmt":"2025-03-17T02:17:24","slug":"86-mm-buerstenloser-gleichstrommotor-mit-aussenrotor","status":"publish","type":"product","link":"https:\/\/www.leili-motor.net\/de\/86-mm-buerstenloser-gleichstrommotor-mit-aussenrotor.html","title":{"rendered":"86 mm b\u00fcrstenloser Gleichstrommotor mit Au\u00dfenrotor"},"content":{"rendered":"<h2>Produkteinf\u00fchrung<\/h2>\n<table>\n<tbody>\n<tr>\n<td>Modell<\/td>\n<td><\/td>\n<td>86ZWS61X-1<\/td>\n<td>86ZWS81X-1<\/td>\n<td>86ZWS101X-1<\/td>\n<\/tr>\n<tr>\n<td colspan=\"5\">Parameter<\/td>\n<\/tr>\n<tr>\n<td>Nennspannung<\/td>\n<td>V<\/td>\n<td>48<\/td>\n<td>48<\/td>\n<td>48<\/td>\n<\/tr>\n<tr>\n<td>Nennleistung<\/td>\n<td>W<\/td>\n<td>157.1<\/td>\n<td>314.1<\/td>\n<td>471.2<\/td>\n<\/tr>\n<tr>\n<td>Nenndrehmoment<\/td>\n<td>N\u2022m<\/td>\n<td>0.5<\/td>\n<td>1<\/td>\n<td>1.5<\/td>\n<\/tr>\n<tr>\n<td>Nenndrehzahl<\/td>\n<td>RPM<\/td>\n<td>3000<\/td>\n<td>3000<\/td>\n<td>3000<\/td>\n<\/tr>\n<tr>\n<td>Nennstrom<\/td>\n<td>A<\/td>\n<td>4.7<\/td>\n<td>9.4<\/td>\n<td>14.1<\/td>\n<\/tr>\n<tr>\n<td>Leerlaufdrehzahl<\/td>\n<td>RPM<\/td>\n<td>3600<\/td>\n<td>3600<\/td>\n<td>3600<\/td>\n<\/tr>\n<tr>\n<td>Leerlaufstrom<\/td>\n<td>A<\/td>\n<td>0.35<\/td>\n<td>0.7<\/td>\n<td>1.05<\/td>\n<\/tr>\n<tr>\n<td>Effizienz<\/td>\n<td>%<\/td>\n<td>85<\/td>\n<td>85<\/td>\n<td>85<\/td>\n<\/tr>\n<tr>\n<td>L\u00e4rm (Umgebungsger\u00e4usch 20dB, Messabstand 1m)<\/td>\n<td>dB<\/td>\n<td>\uff1c50<\/td>\n<td>\uff1c50<\/td>\n<td>\uff1c50<\/td>\n<\/tr>\n<tr>\n<td colspan=\"5\">Hei\u00dfer Parameter<\/td>\n<\/tr>\n<tr>\n<td>Geh\u00e4use-Umwelt-Thermo<\/td>\n<td>K\/W<\/td>\n<td>0.61<\/td>\n<td>0.31<\/td>\n<td>0.2<\/td>\n<\/tr>\n<tr>\n<td>Thermische Zeitkonstante des Motors<\/td>\n<td>min<\/td>\n<td>5.3<\/td>\n<td>6.8<\/td>\n<td>8.2<\/td>\n<\/tr>\n<tr>\n<td>Umgebungstemperatur<\/td>\n<td>\u2103<\/td>\n<td>30<\/td>\n<td>30<\/td>\n<td>30<\/td>\n<\/tr>\n<tr>\n<td>Max. Wicklungstemperatur<\/td>\n<td>\u2103<\/td>\n<td>90<\/td>\n<td>90<\/td>\n<td>90<\/td>\n<\/tr>\n<tr>\n<td colspan=\"5\">Motorkonstantenkoeffizient<\/td>\n<\/tr>\n<tr>\n<td>Drehmomentkonstante<\/td>\n<td>N\u2022m\/A<\/td>\n<td>0.106<\/td>\n<td>0.106<\/td>\n<td>0.106<\/td>\n<\/tr>\n<tr>\n<td>Konstante der Gegenelektromotorischen Kraft G\u00fcltige Werte<\/td>\n<td>V\/Krpm<\/td>\n<td>11.1<\/td>\n<td>11.1<\/td>\n<td>11.1<\/td>\n<\/tr>\n<tr>\n<td colspan=\"5\">Berechneter Wert<\/td>\n<\/tr>\n<tr>\n<td>Spitzendrehmoment<\/td>\n<td>N\u2022m<\/td>\n<td>1.5<\/td>\n<td>3<\/td>\n<td>4.5<\/td>\n<\/tr>\n<tr>\n<td>Spitzenstrom<\/td>\n<td>A<\/td>\n<td>14.1<\/td>\n<td>28.2<\/td>\n<td>42.3<\/td>\n<\/tr>\n<tr>\n<td>Rotationstr\u00e4gheit<\/td>\n<td>Kg\u2022cm\u00b2<\/td>\n<td>1.4<\/td>\n<td>2.8<\/td>\n<td>4.2<\/td>\n<\/tr>\n<tr>\n<td colspan=\"5\">Material<\/td>\n<\/tr>\n<tr>\n<td colspan=\"2\">Endabdeckung<\/td>\n<td colspan=\"3\">Druckguss Al<\/td>\n<\/tr>\n<tr>\n<td colspan=\"2\">Lager<\/td>\n<td colspan=\"3\">Rillenkugellager<\/td>\n<\/tr>\n<tr>\n<td colspan=\"2\">Magnete<\/td>\n<td colspan=\"3\">Gebundenes Ndfeb<\/td>\n<\/tr>\n<tr>\n<td colspan=\"2\">Welle<\/td>\n<td colspan=\"3\">Kohlenstoffstahl<\/td>\n<\/tr>\n<\/tbody>\n<\/table>\n<h2>Mechanische Abmessungen: mm<\/h2>\n<p><img fetchpriority=\"high\" decoding=\"async\" class=\"size-full wp-image-3455 aligncenter\" src=\"https:\/\/www.leili-motor.net\/wp-content\/uploads\/2025\/03\/86mm-Outer-Rotor-Brushless-DC-Motor-Dimensions.webp\" alt=\"Abmessungen des b\u00fcrstenlosen Gleichstrommotors mit 86 mm Au\u00dfenrotor\" width=\"759\" height=\"447\" srcset=\"https:\/\/www.leili-motor.net\/wp-content\/uploads\/2025\/03\/86mm-Outer-Rotor-Brushless-DC-Motor-Dimensions.webp 759w, https:\/\/www.leili-motor.net\/wp-content\/uploads\/2025\/03\/86mm-Outer-Rotor-Brushless-DC-Motor-Dimensions-300x177.webp 300w, https:\/\/www.leili-motor.net\/wp-content\/uploads\/2025\/03\/86mm-Outer-Rotor-Brushless-DC-Motor-Dimensions-600x353.webp 600w\" sizes=\"(max-width: 759px) 100vw, 759px\" \/><\/p>\n<h3>Motordrehmomentkurve<\/h3>\n<p><img decoding=\"async\" class=\"size-full wp-image-3456 aligncenter\" src=\"https:\/\/www.leili-motor.net\/wp-content\/uploads\/2025\/03\/Motor-Torque-Curve-of-86-mm-BLDC-motor.webp\" alt=\"Motordrehmomentkurve eines 86-mm-BLDC-Motors\" width=\"759\" height=\"600\" srcset=\"https:\/\/www.leili-motor.net\/wp-content\/uploads\/2025\/03\/Motor-Torque-Curve-of-86-mm-BLDC-motor.webp 759w, https:\/\/www.leili-motor.net\/wp-content\/uploads\/2025\/03\/Motor-Torque-Curve-of-86-mm-BLDC-motor-300x237.webp 300w, https:\/\/www.leili-motor.net\/wp-content\/uploads\/2025\/03\/Motor-Torque-Curve-of-86-mm-BLDC-motor-600x474.webp 600w\" sizes=\"(max-width: 759px) 100vw, 759px\" \/><\/p>\n","protected":false},"excerpt":{"rendered":"<h3>Produkteinf\u00fchrung<\/h3>\n<ul>\n<li>Nennleistung von 157,1 W bis 471,2 W bei 85 % Effizienz.<\/li>\n<li>Spitzendrehmoment von 1,5 N\u2022m bis 4,5 N\u2022m f\u00fcr anspruchsvolle Anwendungen.<\/li>\n<li>Mit Endabdeckung aus Aluminiumdruckguss, Rillenkugellagern und gebundenen NDFEB-Magneten.<\/li>\n<\/ul>\n<h3>Produktanwendung<\/h3>\n<ul>\n<li>Medizinische Ger\u00e4te<\/li>\n<li>Industrielle Ausr\u00fcstung<\/li>\n<\/ul>\n","protected":false},"featured_media":8594,"comment_status":"open","ping_status":"closed","template":"","meta":{"site-sidebar-layout":"default","site-content-layout":"","ast-site-content-layout":"default","site-content-style":"default","site-sidebar-style":"default","ast-global-header-display":"","ast-banner-title-visibility":"","ast-main-header-display":"","ast-hfb-above-header-display":"","ast-hfb-below-header-display":"","ast-hfb-mobile-header-display":"","site-post-title":"","ast-breadcrumbs-content":"","ast-featured-img":"","footer-sml-layout":"","theme-transparent-header-meta":"default","adv-header-id-meta":"","stick-header-meta":"","header-above-stick-meta":"","header-main-stick-meta":"","header-below-stick-meta":"","astra-migrate-meta-layouts":"default","ast-page-background-enabled":"default","ast-page-background-meta":{"desktop":{"background-color":"var(--ast-global-color-5)","background-image":"","background-repeat":"repeat","background-position":"center center","background-size":"auto","background-attachment":"scroll","background-type":"","background-media":"","overlay-type":"","overlay-color":"","overlay-opacity":"","overlay-gradient":""},"tablet":{"background-color":"","background-image":"","background-repeat":"repeat","background-position":"center center","background-size":"auto","background-attachment":"scroll","background-type":"","background-media":"","overlay-type":"","overlay-color":"","overlay-opacity":"","overlay-gradient":""},"mobile":{"background-color":"","background-image":"","background-repeat":"repeat","background-position":"center center","background-size":"auto","background-attachment":"scroll","background-type":"","background-media":"","overlay-type":"","overlay-color":"","overlay-opacity":"","overlay-gradient":""}},"ast-content-background-meta":{"desktop":{"background-color":"var(--ast-global-color-4)","background-image":"","background-repeat":"repeat","background-position":"center center","background-size":"auto","background-attachment":"scroll","background-type":"","background-media":"","overlay-type":"","overlay-color":"","overlay-opacity":"","overlay-gradient":""},"tablet":{"background-color":"var(--ast-global-color-4)","background-image":"","background-repeat":"repeat","background-position":"center center","background-size":"auto","background-attachment":"scroll","background-type":"","background-media":"","overlay-type":"","overlay-color":"","overlay-opacity":"","overlay-gradient":""},"mobile":{"background-color":"var(--ast-global-color-4)","background-image":"","background-repeat":"repeat","background-position":"center center","background-size":"auto","background-attachment":"scroll","background-type":"","background-media":"","overlay-type":"","overlay-color":"","overlay-opacity":"","overlay-gradient":""}}},"product_brand":[],"product_cat":[941,960],"product_tag":[],"class_list":{"0":"post-8590","1":"product","2":"type-product","3":"status-publish","4":"has-post-thumbnail","6":"product_cat-kategorie-burstenloser-gleichstrommotor","7":"product_cat-burstenloser-ausenrotormotors","8":"desktop-align-left","9":"tablet-align-left","10":"mobile-align-left","12":"first","13":"instock","14":"shipping-taxable","15":"product-type-simple"},"yoast_head":"<!-- This site is optimized with the Yoast SEO plugin v27.2 - https:\/\/yoast.com\/product\/yoast-seo-wordpress\/ -->\n<title>86 mm b\u00fcrstenloser Gleichstrommotor mit Au\u00dfenrotor &#8211; Leili Motor<\/title>\n<meta name=\"description\" content=\"Der 86-mm-Outrunner-BLDC-Motor verf\u00fcgt \u00fcber einen Wirkungsgrad von 85 %, eine Leistung von 157,1 W bis 471,2 W, ein Drehmoment von 0,5 bis 1,5 N\u2022m und einen Ger\u00e4uschpegel von unter 50 dB.\" \/>\n<meta name=\"robots\" content=\"index, follow, max-snippet:-1, max-image-preview:large, max-video-preview:-1\" \/>\n<link rel=\"canonical\" href=\"https:\/\/www.leili-motor.net\/de\/86-mm-buerstenloser-gleichstrommotor-mit-aussenrotor.html\" \/>\n<script type=\"application\/ld+json\" class=\"yoast-schema-graph\">{\"@context\":\"https:\/\/schema.org\",\"@graph\":[{\"@type\":\"WebPage\",\"@id\":\"https:\/\/www.leili-motor.net\/de\/86-mm-buerstenloser-gleichstrommotor-mit-aussenrotor.html\",\"url\":\"https:\/\/www.leili-motor.net\/de\/86-mm-buerstenloser-gleichstrommotor-mit-aussenrotor.html\",\"name\":\"86 mm b\u00fcrstenloser Gleichstrommotor mit Au\u00dfenrotor &#8211; Leili Motor\",\"isPartOf\":{\"@id\":\"https:\/\/www.leili-motor.net\/de\/#website\"},\"primaryImageOfPage\":{\"@id\":\"https:\/\/www.leili-motor.net\/de\/86-mm-buerstenloser-gleichstrommotor-mit-aussenrotor.html#primaryimage\"},\"image\":{\"@id\":\"https:\/\/www.leili-motor.net\/de\/86-mm-buerstenloser-gleichstrommotor-mit-aussenrotor.html#primaryimage\"},\"thumbnailUrl\":\"https:\/\/www.leili-motor.net\/wp-content\/uploads\/2025\/03\/86mm-Outer-Rotor-Brushless-DC-Motor.webp\",\"datePublished\":\"2025-03-17T02:17:24+00:00\",\"description\":\"Der 86-mm-Outrunner-BLDC-Motor verf\u00fcgt \u00fcber einen Wirkungsgrad von 85 %, eine Leistung von 157,1 W bis 471,2 W, ein Drehmoment von 0,5 bis 1,5 N\u2022m und einen Ger\u00e4uschpegel von unter 50 dB.\",\"breadcrumb\":{\"@id\":\"https:\/\/www.leili-motor.net\/de\/86-mm-buerstenloser-gleichstrommotor-mit-aussenrotor.html#breadcrumb\"},\"inLanguage\":\"de\",\"potentialAction\":[{\"@type\":\"ReadAction\",\"target\":[\"https:\/\/www.leili-motor.net\/de\/86-mm-buerstenloser-gleichstrommotor-mit-aussenrotor.html\"]}]},{\"@type\":\"ImageObject\",\"inLanguage\":\"de\",\"@id\":\"https:\/\/www.leili-motor.net\/de\/86-mm-buerstenloser-gleichstrommotor-mit-aussenrotor.html#primaryimage\",\"url\":\"https:\/\/www.leili-motor.net\/wp-content\/uploads\/2025\/03\/86mm-Outer-Rotor-Brushless-DC-Motor.webp\",\"contentUrl\":\"https:\/\/www.leili-motor.net\/wp-content\/uploads\/2025\/03\/86mm-Outer-Rotor-Brushless-DC-Motor.webp\",\"width\":454,\"height\":310,\"caption\":\"86 mm b\u00fcrstenloser Gleichstrommotor mit Au\u00dfenrotor\"},{\"@type\":\"BreadcrumbList\",\"@id\":\"https:\/\/www.leili-motor.net\/de\/86-mm-buerstenloser-gleichstrommotor-mit-aussenrotor.html#breadcrumb\",\"itemListElement\":[{\"@type\":\"ListItem\",\"position\":1,\"name\":\"Home\",\"item\":\"https:\/\/www.leili-motor.net\/de\/\"},{\"@type\":\"ListItem\",\"position\":2,\"name\":\"Produkte\",\"item\":\"https:\/\/www.leili-motor.net\/de\/produkte.html\"},{\"@type\":\"ListItem\",\"position\":3,\"name\":\"86 mm b\u00fcrstenloser Gleichstrommotor mit Au\u00dfenrotor\"}]},{\"@type\":\"WebSite\",\"@id\":\"https:\/\/www.leili-motor.net\/de\/#website\",\"url\":\"https:\/\/www.leili-motor.net\/de\/\",\"name\":\"Leili Motor\",\"description\":\"\",\"publisher\":{\"@id\":\"https:\/\/www.leili-motor.net\/de\/#organization\"},\"potentialAction\":[{\"@type\":\"SearchAction\",\"target\":{\"@type\":\"EntryPoint\",\"urlTemplate\":\"https:\/\/www.leili-motor.net\/de\/?s={search_term_string}\"},\"query-input\":{\"@type\":\"PropertyValueSpecification\",\"valueRequired\":true,\"valueName\":\"search_term_string\"}}],\"inLanguage\":\"de\"},{\"@type\":\"Organization\",\"@id\":\"https:\/\/www.leili-motor.net\/de\/#organization\",\"name\":\"Leili Motor\",\"url\":\"https:\/\/www.leili-motor.net\/de\/\",\"logo\":{\"@type\":\"ImageObject\",\"inLanguage\":\"de\",\"@id\":\"https:\/\/www.leili-motor.net\/de\/#\/schema\/logo\/image\/\",\"url\":\"https:\/\/www.leili-motor.net\/wp-content\/uploads\/2025\/03\/Leili-Motor.png\",\"contentUrl\":\"https:\/\/www.leili-motor.net\/wp-content\/uploads\/2025\/03\/Leili-Motor.png\",\"width\":600,\"height\":156,\"caption\":\"Leili Motor\"},\"image\":{\"@id\":\"https:\/\/www.leili-motor.net\/de\/#\/schema\/logo\/image\/\"}}]}<\/script>\n<!-- \/ Yoast SEO plugin. -->","yoast_head_json":{"title":"86 mm b\u00fcrstenloser Gleichstrommotor mit Au\u00dfenrotor &#8211; Leili Motor","description":"Der 86-mm-Outrunner-BLDC-Motor verf\u00fcgt \u00fcber einen Wirkungsgrad von 85 %, eine Leistung von 157,1 W bis 471,2 W, ein Drehmoment von 0,5 bis 1,5 N\u2022m und einen Ger\u00e4uschpegel von unter 50 dB.","robots":{"index":"index","follow":"follow","max-snippet":"max-snippet:-1","max-image-preview":"max-image-preview:large","max-video-preview":"max-video-preview:-1"},"canonical":"https:\/\/www.leili-motor.net\/de\/86-mm-buerstenloser-gleichstrommotor-mit-aussenrotor.html","schema":{"@context":"https:\/\/schema.org","@graph":[{"@type":"WebPage","@id":"https:\/\/www.leili-motor.net\/de\/86-mm-buerstenloser-gleichstrommotor-mit-aussenrotor.html","url":"https:\/\/www.leili-motor.net\/de\/86-mm-buerstenloser-gleichstrommotor-mit-aussenrotor.html","name":"86 mm b\u00fcrstenloser Gleichstrommotor mit Au\u00dfenrotor &#8211; Leili Motor","isPartOf":{"@id":"https:\/\/www.leili-motor.net\/de\/#website"},"primaryImageOfPage":{"@id":"https:\/\/www.leili-motor.net\/de\/86-mm-buerstenloser-gleichstrommotor-mit-aussenrotor.html#primaryimage"},"image":{"@id":"https:\/\/www.leili-motor.net\/de\/86-mm-buerstenloser-gleichstrommotor-mit-aussenrotor.html#primaryimage"},"thumbnailUrl":"https:\/\/www.leili-motor.net\/wp-content\/uploads\/2025\/03\/86mm-Outer-Rotor-Brushless-DC-Motor.webp","datePublished":"2025-03-17T02:17:24+00:00","description":"Der 86-mm-Outrunner-BLDC-Motor verf\u00fcgt \u00fcber einen Wirkungsgrad von 85 %, eine Leistung von 157,1 W bis 471,2 W, ein Drehmoment von 0,5 bis 1,5 N\u2022m und einen Ger\u00e4uschpegel von unter 50 dB.","breadcrumb":{"@id":"https:\/\/www.leili-motor.net\/de\/86-mm-buerstenloser-gleichstrommotor-mit-aussenrotor.html#breadcrumb"},"inLanguage":"de","potentialAction":[{"@type":"ReadAction","target":["https:\/\/www.leili-motor.net\/de\/86-mm-buerstenloser-gleichstrommotor-mit-aussenrotor.html"]}]},{"@type":"ImageObject","inLanguage":"de","@id":"https:\/\/www.leili-motor.net\/de\/86-mm-buerstenloser-gleichstrommotor-mit-aussenrotor.html#primaryimage","url":"https:\/\/www.leili-motor.net\/wp-content\/uploads\/2025\/03\/86mm-Outer-Rotor-Brushless-DC-Motor.webp","contentUrl":"https:\/\/www.leili-motor.net\/wp-content\/uploads\/2025\/03\/86mm-Outer-Rotor-Brushless-DC-Motor.webp","width":454,"height":310,"caption":"86 mm b\u00fcrstenloser Gleichstrommotor mit Au\u00dfenrotor"},{"@type":"BreadcrumbList","@id":"https:\/\/www.leili-motor.net\/de\/86-mm-buerstenloser-gleichstrommotor-mit-aussenrotor.html#breadcrumb","itemListElement":[{"@type":"ListItem","position":1,"name":"Home","item":"https:\/\/www.leili-motor.net\/de\/"},{"@type":"ListItem","position":2,"name":"Produkte","item":"https:\/\/www.leili-motor.net\/de\/produkte.html"},{"@type":"ListItem","position":3,"name":"86 mm b\u00fcrstenloser Gleichstrommotor mit Au\u00dfenrotor"}]},{"@type":"WebSite","@id":"https:\/\/www.leili-motor.net\/de\/#website","url":"https:\/\/www.leili-motor.net\/de\/","name":"Leili Motor","description":"","publisher":{"@id":"https:\/\/www.leili-motor.net\/de\/#organization"},"potentialAction":[{"@type":"SearchAction","target":{"@type":"EntryPoint","urlTemplate":"https:\/\/www.leili-motor.net\/de\/?s={search_term_string}"},"query-input":{"@type":"PropertyValueSpecification","valueRequired":true,"valueName":"search_term_string"}}],"inLanguage":"de"},{"@type":"Organization","@id":"https:\/\/www.leili-motor.net\/de\/#organization","name":"Leili Motor","url":"https:\/\/www.leili-motor.net\/de\/","logo":{"@type":"ImageObject","inLanguage":"de","@id":"https:\/\/www.leili-motor.net\/de\/#\/schema\/logo\/image\/","url":"https:\/\/www.leili-motor.net\/wp-content\/uploads\/2025\/03\/Leili-Motor.png","contentUrl":"https:\/\/www.leili-motor.net\/wp-content\/uploads\/2025\/03\/Leili-Motor.png","width":600,"height":156,"caption":"Leili Motor"},"image":{"@id":"https:\/\/www.leili-motor.net\/de\/#\/schema\/logo\/image\/"}}]}},"_links":{"self":[{"href":"https:\/\/www.leili-motor.net\/de\/wp-json\/wp\/v2\/product\/8590","targetHints":{"allow":["GET"]}}],"collection":[{"href":"https:\/\/www.leili-motor.net\/de\/wp-json\/wp\/v2\/product"}],"about":[{"href":"https:\/\/www.leili-motor.net\/de\/wp-json\/wp\/v2\/types\/product"}],"replies":[{"embeddable":true,"href":"https:\/\/www.leili-motor.net\/de\/wp-json\/wp\/v2\/comments?post=8590"}],"wp:featuredmedia":[{"embeddable":true,"href":"https:\/\/www.leili-motor.net\/de\/wp-json\/wp\/v2\/media\/8594"}],"wp:attachment":[{"href":"https:\/\/www.leili-motor.net\/de\/wp-json\/wp\/v2\/media?parent=8590"}],"wp:term":[{"taxonomy":"product_brand","embeddable":true,"href":"https:\/\/www.leili-motor.net\/de\/wp-json\/wp\/v2\/product_brand?post=8590"},{"taxonomy":"product_cat","embeddable":true,"href":"https:\/\/www.leili-motor.net\/de\/wp-json\/wp\/v2\/product_cat?post=8590"},{"taxonomy":"product_tag","embeddable":true,"href":"https:\/\/www.leili-motor.net\/de\/wp-json\/wp\/v2\/product_tag?post=8590"}],"curies":[{"name":"wp","href":"https:\/\/api.w.org\/{rel}","templated":true}]}}