{"id":8637,"date":"2025-03-13T16:16:45","date_gmt":"2025-03-13T08:16:45","guid":{"rendered":"https:\/\/www.leili-motor.net\/68ws1-geschalteter-reluktanz-bldc-motor\/"},"modified":"2025-03-13T16:16:45","modified_gmt":"2025-03-13T08:16:45","slug":"68ws1-geschalteter-reluktanz-bldc-motor","status":"publish","type":"product","link":"https:\/\/www.leili-motor.net\/de\/68ws1-geschalteter-reluktanz-bldc-motor.html","title":{"rendered":"68WS1 Geschalteter Reluktanz-BLDC-Motor"},"content":{"rendered":"<h2>Produkteinf\u00fchrung<\/h2>\n<table>\n<tbody>\n<tr>\n<td>Modell<\/td>\n<td>Antriebsspannung (V)<\/td>\n<td>Stromst\u00e4rke (A)<\/td>\n<td>Leistung (W)<\/td>\n<td>Nenndrehzahl U\/min<\/td>\n<td>Ger\u00e4uschpegel dB(A)<\/td>\n<td>Maximales Luftvolumen (l\/min)<\/td>\n<td>Maximaler Luftdruck (kPa)<\/td>\n<td>Lebenszyklus<\/td>\n<\/tr>\n<tr>\n<td>68WS1-1<\/td>\n<td>220AC<\/td>\n<td>2.53<\/td>\n<td>540<\/td>\n<td>26000<\/td>\n<td>\u2264 85<\/td>\n<td>2600<\/td>\n<td>17<\/td>\n<td>6000<\/td>\n<\/tr>\n<tr>\n<td>68WS1-2<\/td>\n<td>220AC<\/td>\n<td>7.1<\/td>\n<td>1400<\/td>\n<td>35000<\/td>\n<td>\u2264 92<\/td>\n<td>3600<\/td>\n<td>30<\/td>\n<td>6000<\/td>\n<\/tr>\n<\/tbody>\n<\/table>\n<h2>Mechanische Abmessungen: mm<\/h2>\n<p><img fetchpriority=\"high\" decoding=\"async\" class=\"alignnone size-full wp-image-2830\" src=\"https:\/\/www.leili-motor.net\/wp-content\/uploads\/2025\/03\/68WS1-Switched-Reluctance-BLDC-Motor-Dimensions.webp\" alt=\"Abmessungen des geschalteten Reluktanz-BLDC-Motors 68WS1\" width=\"1211\" height=\"608\" srcset=\"https:\/\/www.leili-motor.net\/wp-content\/uploads\/2025\/03\/68WS1-Switched-Reluctance-BLDC-Motor-Dimensions.webp 1211w, https:\/\/www.leili-motor.net\/wp-content\/uploads\/2025\/03\/68WS1-Switched-Reluctance-BLDC-Motor-Dimensions-300x151.webp 300w, https:\/\/www.leili-motor.net\/wp-content\/uploads\/2025\/03\/68WS1-Switched-Reluctance-BLDC-Motor-Dimensions-1024x514.webp 1024w, https:\/\/www.leili-motor.net\/wp-content\/uploads\/2025\/03\/68WS1-Switched-Reluctance-BLDC-Motor-Dimensions-768x386.webp 768w, https:\/\/www.leili-motor.net\/wp-content\/uploads\/2025\/03\/68WS1-Switched-Reluctance-BLDC-Motor-Dimensions-600x301.webp 600w\" sizes=\"(max-width: 1211px) 100vw, 1211px\" \/><\/p>\n","protected":false},"excerpt":{"rendered":"<h3>Produkteinf\u00fchrung<\/h3>\n<ul>\n<li>Liefert bis zu 1400 W, 3600 l\/min Luftvolumen und 30 kPa Luftdruck.<\/li>\n<li>Unterst\u00fctzt einen Lebenszyklus von 6.000 Stunden und arbeitet mit einem Ger\u00e4uschpegel von \u226492 dB.<\/li>\n<li>Erreicht 35.000 U\/min f\u00fcr schnellen Betrieb und \u00fcberlegene Luftstromf\u00e4higkeiten.<\/li>\n<\/ul>\n<h3>Produktanwendung<\/h3>\n<ul>\n<li>H\u00e4ndetrockner<\/li>\n<\/ul>\n","protected":false},"featured_media":7938,"comment_status":"open","ping_status":"closed","template":"","meta":{"site-sidebar-layout":"default","site-content-layout":"","ast-site-content-layout":"default","site-content-style":"default","site-sidebar-style":"default","ast-global-header-display":"","ast-banner-title-visibility":"","ast-main-header-display":"","ast-hfb-above-header-display":"","ast-hfb-below-header-display":"","ast-hfb-mobile-header-display":"","site-post-title":"","ast-breadcrumbs-content":"","ast-featured-img":"","footer-sml-layout":"","theme-transparent-header-meta":"default","adv-header-id-meta":"","stick-header-meta":"","header-above-stick-meta":"","header-main-stick-meta":"","header-below-stick-meta":"","astra-migrate-meta-layouts":"default","ast-page-background-enabled":"default","ast-page-background-meta":{"desktop":{"background-color":"var(--ast-global-color-5)","background-image":"","background-repeat":"repeat","background-position":"center center","background-size":"auto","background-attachment":"scroll","background-type":"","background-media":"","overlay-type":"","overlay-color":"","overlay-opacity":"","overlay-gradient":""},"tablet":{"background-color":"","background-image":"","background-repeat":"repeat","background-position":"center center","background-size":"auto","background-attachment":"scroll","background-type":"","background-media":"","overlay-type":"","overlay-color":"","overlay-opacity":"","overlay-gradient":""},"mobile":{"background-color":"","background-image":"","background-repeat":"repeat","background-position":"center center","background-size":"auto","background-attachment":"scroll","background-type":"","background-media":"","overlay-type":"","overlay-color":"","overlay-opacity":"","overlay-gradient":""}},"ast-content-background-meta":{"desktop":{"background-color":"var(--ast-global-color-4)","background-image":"","background-repeat":"repeat","background-position":"center center","background-size":"auto","background-attachment":"scroll","background-type":"","background-media":"","overlay-type":"","overlay-color":"","overlay-opacity":"","overlay-gradient":""},"tablet":{"background-color":"var(--ast-global-color-4)","background-image":"","background-repeat":"repeat","background-position":"center center","background-size":"auto","background-attachment":"scroll","background-type":"","background-media":"","overlay-type":"","overlay-color":"","overlay-opacity":"","overlay-gradient":""},"mobile":{"background-color":"var(--ast-global-color-4)","background-image":"","background-repeat":"repeat","background-position":"center center","background-size":"auto","background-attachment":"scroll","background-type":"","background-media":"","overlay-type":"","overlay-color":"","overlay-opacity":"","overlay-gradient":""}}},"product_brand":[],"product_cat":[941,964],"product_tag":[962,956],"class_list":{"0":"post-8637","1":"product","2":"type-product","3":"status-publish","4":"has-post-thumbnail","6":"product_cat-kategorie-burstenloser-gleichstrommotor","7":"product_cat-geschalteter-reluktanzmotors","8":"product_tag-gartengerate-burstenloser-gleichstrommotor","9":"product_tag-haushaltsgerate-sonstiges-burstenloser-gleichstrommotor","10":"pa_application-haushaltsgerate","11":"pa_application-industrie","12":"desktop-align-left","13":"tablet-align-left","14":"mobile-align-left","16":"first","17":"instock","18":"shipping-taxable","19":"product-type-simple"},"yoast_head":"<!-- This site is optimized with the Yoast SEO plugin v27.2 - https:\/\/yoast.com\/product\/yoast-seo-wordpress\/ -->\n<title>68WS1 Geschalteter Reluktanz-BLDC-Motor &#8211; Leili Motor<\/title>\n<meta name=\"description\" content=\"Unser 68WS1 Switched Reluctance BLDC-Motor liefert bis zu 3600 l\/min Luftvolumen, 30 kPa Druck und eine Lebensdauer von 6000 Stunden.\" \/>\n<meta name=\"robots\" content=\"index, follow, max-snippet:-1, max-image-preview:large, max-video-preview:-1\" \/>\n<link rel=\"canonical\" href=\"https:\/\/www.leili-motor.net\/de\/68ws1-geschalteter-reluktanz-bldc-motor.html\" \/>\n<script type=\"application\/ld+json\" class=\"yoast-schema-graph\">{\"@context\":\"https:\/\/schema.org\",\"@graph\":[{\"@type\":\"WebPage\",\"@id\":\"https:\/\/www.leili-motor.net\/de\/68ws1-geschalteter-reluktanz-bldc-motor.html\",\"url\":\"https:\/\/www.leili-motor.net\/de\/68ws1-geschalteter-reluktanz-bldc-motor.html\",\"name\":\"68WS1 Geschalteter Reluktanz-BLDC-Motor &#8211; Leili Motor\",\"isPartOf\":{\"@id\":\"https:\/\/www.leili-motor.net\/de\/#website\"},\"primaryImageOfPage\":{\"@id\":\"https:\/\/www.leili-motor.net\/de\/68ws1-geschalteter-reluktanz-bldc-motor.html#primaryimage\"},\"image\":{\"@id\":\"https:\/\/www.leili-motor.net\/de\/68ws1-geschalteter-reluktanz-bldc-motor.html#primaryimage\"},\"thumbnailUrl\":\"https:\/\/www.leili-motor.net\/wp-content\/uploads\/2025\/03\/68WS1-Switched-Reluctance-BLDC-Motor.jpg\",\"datePublished\":\"2025-03-13T08:16:45+00:00\",\"description\":\"Unser 68WS1 Switched Reluctance BLDC-Motor liefert bis zu 3600 l\/min Luftvolumen, 30 kPa Druck und eine Lebensdauer von 6000 Stunden.\",\"breadcrumb\":{\"@id\":\"https:\/\/www.leili-motor.net\/de\/68ws1-geschalteter-reluktanz-bldc-motor.html#breadcrumb\"},\"inLanguage\":\"de\",\"potentialAction\":[{\"@type\":\"ReadAction\",\"target\":[\"https:\/\/www.leili-motor.net\/de\/68ws1-geschalteter-reluktanz-bldc-motor.html\"]}]},{\"@type\":\"ImageObject\",\"inLanguage\":\"de\",\"@id\":\"https:\/\/www.leili-motor.net\/de\/68ws1-geschalteter-reluktanz-bldc-motor.html#primaryimage\",\"url\":\"https:\/\/www.leili-motor.net\/wp-content\/uploads\/2025\/03\/68WS1-Switched-Reluctance-BLDC-Motor.jpg\",\"contentUrl\":\"https:\/\/www.leili-motor.net\/wp-content\/uploads\/2025\/03\/68WS1-Switched-Reluctance-BLDC-Motor.jpg\",\"width\":454,\"height\":310,\"caption\":\"68WS1 Geschalteter Reluktanz-BLDC-Motor\"},{\"@type\":\"BreadcrumbList\",\"@id\":\"https:\/\/www.leili-motor.net\/de\/68ws1-geschalteter-reluktanz-bldc-motor.html#breadcrumb\",\"itemListElement\":[{\"@type\":\"ListItem\",\"position\":1,\"name\":\"Home\",\"item\":\"https:\/\/www.leili-motor.net\/de\/\"},{\"@type\":\"ListItem\",\"position\":2,\"name\":\"Produkte\",\"item\":\"https:\/\/www.leili-motor.net\/de\/produkte.html\"},{\"@type\":\"ListItem\",\"position\":3,\"name\":\"68WS1 Geschalteter Reluktanz-BLDC-Motor\"}]},{\"@type\":\"WebSite\",\"@id\":\"https:\/\/www.leili-motor.net\/de\/#website\",\"url\":\"https:\/\/www.leili-motor.net\/de\/\",\"name\":\"Leili Motor\",\"description\":\"\",\"publisher\":{\"@id\":\"https:\/\/www.leili-motor.net\/de\/#organization\"},\"potentialAction\":[{\"@type\":\"SearchAction\",\"target\":{\"@type\":\"EntryPoint\",\"urlTemplate\":\"https:\/\/www.leili-motor.net\/de\/?s={search_term_string}\"},\"query-input\":{\"@type\":\"PropertyValueSpecification\",\"valueRequired\":true,\"valueName\":\"search_term_string\"}}],\"inLanguage\":\"de\"},{\"@type\":\"Organization\",\"@id\":\"https:\/\/www.leili-motor.net\/de\/#organization\",\"name\":\"Leili Motor\",\"url\":\"https:\/\/www.leili-motor.net\/de\/\",\"logo\":{\"@type\":\"ImageObject\",\"inLanguage\":\"de\",\"@id\":\"https:\/\/www.leili-motor.net\/de\/#\/schema\/logo\/image\/\",\"url\":\"https:\/\/www.leili-motor.net\/wp-content\/uploads\/2025\/03\/Leili-Motor.png\",\"contentUrl\":\"https:\/\/www.leili-motor.net\/wp-content\/uploads\/2025\/03\/Leili-Motor.png\",\"width\":600,\"height\":156,\"caption\":\"Leili Motor\"},\"image\":{\"@id\":\"https:\/\/www.leili-motor.net\/de\/#\/schema\/logo\/image\/\"}}]}<\/script>\n<!-- \/ Yoast SEO plugin. -->","yoast_head_json":{"title":"68WS1 Geschalteter Reluktanz-BLDC-Motor &#8211; Leili Motor","description":"Unser 68WS1 Switched Reluctance BLDC-Motor liefert bis zu 3600 l\/min Luftvolumen, 30 kPa Druck und eine Lebensdauer von 6000 Stunden.","robots":{"index":"index","follow":"follow","max-snippet":"max-snippet:-1","max-image-preview":"max-image-preview:large","max-video-preview":"max-video-preview:-1"},"canonical":"https:\/\/www.leili-motor.net\/de\/68ws1-geschalteter-reluktanz-bldc-motor.html","schema":{"@context":"https:\/\/schema.org","@graph":[{"@type":"WebPage","@id":"https:\/\/www.leili-motor.net\/de\/68ws1-geschalteter-reluktanz-bldc-motor.html","url":"https:\/\/www.leili-motor.net\/de\/68ws1-geschalteter-reluktanz-bldc-motor.html","name":"68WS1 Geschalteter Reluktanz-BLDC-Motor &#8211; Leili Motor","isPartOf":{"@id":"https:\/\/www.leili-motor.net\/de\/#website"},"primaryImageOfPage":{"@id":"https:\/\/www.leili-motor.net\/de\/68ws1-geschalteter-reluktanz-bldc-motor.html#primaryimage"},"image":{"@id":"https:\/\/www.leili-motor.net\/de\/68ws1-geschalteter-reluktanz-bldc-motor.html#primaryimage"},"thumbnailUrl":"https:\/\/www.leili-motor.net\/wp-content\/uploads\/2025\/03\/68WS1-Switched-Reluctance-BLDC-Motor.jpg","datePublished":"2025-03-13T08:16:45+00:00","description":"Unser 68WS1 Switched Reluctance BLDC-Motor liefert bis zu 3600 l\/min Luftvolumen, 30 kPa Druck und eine Lebensdauer von 6000 Stunden.","breadcrumb":{"@id":"https:\/\/www.leili-motor.net\/de\/68ws1-geschalteter-reluktanz-bldc-motor.html#breadcrumb"},"inLanguage":"de","potentialAction":[{"@type":"ReadAction","target":["https:\/\/www.leili-motor.net\/de\/68ws1-geschalteter-reluktanz-bldc-motor.html"]}]},{"@type":"ImageObject","inLanguage":"de","@id":"https:\/\/www.leili-motor.net\/de\/68ws1-geschalteter-reluktanz-bldc-motor.html#primaryimage","url":"https:\/\/www.leili-motor.net\/wp-content\/uploads\/2025\/03\/68WS1-Switched-Reluctance-BLDC-Motor.jpg","contentUrl":"https:\/\/www.leili-motor.net\/wp-content\/uploads\/2025\/03\/68WS1-Switched-Reluctance-BLDC-Motor.jpg","width":454,"height":310,"caption":"68WS1 Geschalteter Reluktanz-BLDC-Motor"},{"@type":"BreadcrumbList","@id":"https:\/\/www.leili-motor.net\/de\/68ws1-geschalteter-reluktanz-bldc-motor.html#breadcrumb","itemListElement":[{"@type":"ListItem","position":1,"name":"Home","item":"https:\/\/www.leili-motor.net\/de\/"},{"@type":"ListItem","position":2,"name":"Produkte","item":"https:\/\/www.leili-motor.net\/de\/produkte.html"},{"@type":"ListItem","position":3,"name":"68WS1 Geschalteter Reluktanz-BLDC-Motor"}]},{"@type":"WebSite","@id":"https:\/\/www.leili-motor.net\/de\/#website","url":"https:\/\/www.leili-motor.net\/de\/","name":"Leili Motor","description":"","publisher":{"@id":"https:\/\/www.leili-motor.net\/de\/#organization"},"potentialAction":[{"@type":"SearchAction","target":{"@type":"EntryPoint","urlTemplate":"https:\/\/www.leili-motor.net\/de\/?s={search_term_string}"},"query-input":{"@type":"PropertyValueSpecification","valueRequired":true,"valueName":"search_term_string"}}],"inLanguage":"de"},{"@type":"Organization","@id":"https:\/\/www.leili-motor.net\/de\/#organization","name":"Leili Motor","url":"https:\/\/www.leili-motor.net\/de\/","logo":{"@type":"ImageObject","inLanguage":"de","@id":"https:\/\/www.leili-motor.net\/de\/#\/schema\/logo\/image\/","url":"https:\/\/www.leili-motor.net\/wp-content\/uploads\/2025\/03\/Leili-Motor.png","contentUrl":"https:\/\/www.leili-motor.net\/wp-content\/uploads\/2025\/03\/Leili-Motor.png","width":600,"height":156,"caption":"Leili Motor"},"image":{"@id":"https:\/\/www.leili-motor.net\/de\/#\/schema\/logo\/image\/"}}]}},"_links":{"self":[{"href":"https:\/\/www.leili-motor.net\/de\/wp-json\/wp\/v2\/product\/8637","targetHints":{"allow":["GET"]}}],"collection":[{"href":"https:\/\/www.leili-motor.net\/de\/wp-json\/wp\/v2\/product"}],"about":[{"href":"https:\/\/www.leili-motor.net\/de\/wp-json\/wp\/v2\/types\/product"}],"replies":[{"embeddable":true,"href":"https:\/\/www.leili-motor.net\/de\/wp-json\/wp\/v2\/comments?post=8637"}],"wp:featuredmedia":[{"embeddable":true,"href":"https:\/\/www.leili-motor.net\/de\/wp-json\/wp\/v2\/media\/7938"}],"wp:attachment":[{"href":"https:\/\/www.leili-motor.net\/de\/wp-json\/wp\/v2\/media?parent=8637"}],"wp:term":[{"taxonomy":"product_brand","embeddable":true,"href":"https:\/\/www.leili-motor.net\/de\/wp-json\/wp\/v2\/product_brand?post=8637"},{"taxonomy":"product_cat","embeddable":true,"href":"https:\/\/www.leili-motor.net\/de\/wp-json\/wp\/v2\/product_cat?post=8637"},{"taxonomy":"product_tag","embeddable":true,"href":"https:\/\/www.leili-motor.net\/de\/wp-json\/wp\/v2\/product_tag?post=8637"}],"curies":[{"name":"wp","href":"https:\/\/api.w.org\/{rel}","templated":true}]}}