{"id":8642,"date":"2025-03-07T10:59:39","date_gmt":"2025-03-07T02:59:39","guid":{"rendered":"https:\/\/www.leili-motor.net\/32zyj1-1-seitenbuerstenmotor-fuer-kehrmaschinen\/"},"modified":"2025-03-07T10:59:39","modified_gmt":"2025-03-07T02:59:39","slug":"32zyj1-1-seitenbuerstenmotor-fuer-kehrmaschinen","status":"publish","type":"product","link":"https:\/\/www.leili-motor.net\/de\/32zyj1-1-seitenbuerstenmotor-fuer-kehrmaschinen.html","title":{"rendered":"32ZYJ1-1 Seitenb\u00fcrstenmotor f\u00fcr Kehrmaschinen"},"content":{"rendered":"<h2>Produktparameter<\/h2>\n<table>\n<tbody>\n<tr>\n<td>Spannung (DC.V)<\/td>\n<td>Untersetzungsverh\u00e4ltnis<\/td>\n<td>Leerlaufstrom (A)<\/td>\n<td>Leerlaufdrehzahl (U\/min)<\/td>\n<td>Anlaufstrom (A)<\/td>\n<td>Blockiermoment (mN\u00b7m)<\/td>\n<td>Durchschlagfestigkeit der Isolierung (AC500V, 2mA, 1S)<\/td>\n<td>Isolationswiderstand DC500 (M\u03a9)<\/td>\n<td>L\u00e4rm<br \/>\ndB(A)<\/td>\n<\/tr>\n<tr>\n<td>12<\/td>\n<td>1\/22.15<\/td>\n<td>\u22640.15<\/td>\n<td>320\u00b130<\/td>\n<td>\u22641.7<\/td>\n<td>\u2265245<\/td>\n<td>Keine Panne beim Flying Fox<\/td>\n<td>\u226510<\/td>\n<td>\u226450<\/td>\n<\/tr>\n<\/tbody>\n<\/table>\n<h2>Mechanische Abmessungen: mm<\/h2>\n<p><img fetchpriority=\"high\" decoding=\"async\" class=\"size-full wp-image-1201 aligncenter\" src=\"https:\/\/www.leili-motor.net\/wp-content\/uploads\/2025\/03\/Mechanical-Dimension-for-32ZYJ1-1-Sweeping-Machine-Side-Brush-Motor.webp\" alt=\"Mechanische Abmessungen f\u00fcr den Seitenb\u00fcrstenmotor der Kehrmaschine 32ZYJ1-1\" width=\"773\" height=\"297\" srcset=\"https:\/\/www.leili-motor.net\/wp-content\/uploads\/2025\/03\/Mechanical-Dimension-for-32ZYJ1-1-Sweeping-Machine-Side-Brush-Motor.webp 773w, https:\/\/www.leili-motor.net\/wp-content\/uploads\/2025\/03\/Mechanical-Dimension-for-32ZYJ1-1-Sweeping-Machine-Side-Brush-Motor-300x115.webp 300w, https:\/\/www.leili-motor.net\/wp-content\/uploads\/2025\/03\/Mechanical-Dimension-for-32ZYJ1-1-Sweeping-Machine-Side-Brush-Motor-768x295.webp 768w, https:\/\/www.leili-motor.net\/wp-content\/uploads\/2025\/03\/Mechanical-Dimension-for-32ZYJ1-1-Sweeping-Machine-Side-Brush-Motor-600x231.webp 600w\" sizes=\"(max-width: 773px) 100vw, 773px\" \/><\/p>\n","protected":false},"excerpt":{"rendered":"<h3>Produkteinf\u00fchrung<\/h3>\n<ul>\n<li>Leistung: 12 V DC, Untersetzungsverh\u00e4ltnis 1:22,15, Leerlaufdrehzahl 320 \u00b1 30 U\/min, sorgt f\u00fcr effizienten und reibungslosen Betrieb.<\/li>\n<li>Tragf\u00e4higkeit: Blockierdrehmoment \u2265245 mN\u00b7m, Blockierstrom \u22641,7 A, sorgt f\u00fcr stabile und zuverl\u00e4ssige Leistung.<\/li>\n<li>Ger\u00e4uschkontrolle: Betrieb bei \u226450 dB(A) und gew\u00e4hrleistet so einen leisen Betrieb bei der Seitenb\u00fcrstenanwendung von Kehrmaschinen.<\/li>\n<\/ul>\n<h3>Produktanwendung<\/h3>\n<ul>\n<li>Roboterstaubsauger<\/li>\n<\/ul>\n","protected":false},"featured_media":8643,"comment_status":"open","ping_status":"closed","template":"","meta":{"site-sidebar-layout":"default","site-content-layout":"","ast-site-content-layout":"default","site-content-style":"default","site-sidebar-style":"default","ast-global-header-display":"","ast-banner-title-visibility":"","ast-main-header-display":"","ast-hfb-above-header-display":"","ast-hfb-below-header-display":"","ast-hfb-mobile-header-display":"","site-post-title":"","ast-breadcrumbs-content":"","ast-featured-img":"","footer-sml-layout":"","theme-transparent-header-meta":"default","adv-header-id-meta":"","stick-header-meta":"","header-above-stick-meta":"","header-main-stick-meta":"","header-below-stick-meta":"","astra-migrate-meta-layouts":"default","ast-page-background-enabled":"default","ast-page-background-meta":{"desktop":{"background-color":"var(--ast-global-color-5)","background-image":"","background-repeat":"repeat","background-position":"center center","background-size":"auto","background-attachment":"scroll","background-type":"","background-media":"","overlay-type":"","overlay-color":"","overlay-opacity":"","overlay-gradient":""},"tablet":{"background-color":"","background-image":"","background-repeat":"repeat","background-position":"center center","background-size":"auto","background-attachment":"scroll","background-type":"","background-media":"","overlay-type":"","overlay-color":"","overlay-opacity":"","overlay-gradient":""},"mobile":{"background-color":"","background-image":"","background-repeat":"repeat","background-position":"center center","background-size":"auto","background-attachment":"scroll","background-type":"","background-media":"","overlay-type":"","overlay-color":"","overlay-opacity":"","overlay-gradient":""}},"ast-content-background-meta":{"desktop":{"background-color":"var(--ast-global-color-4)","background-image":"","background-repeat":"repeat","background-position":"center center","background-size":"auto","background-attachment":"scroll","background-type":"","background-media":"","overlay-type":"","overlay-color":"","overlay-opacity":"","overlay-gradient":""},"tablet":{"background-color":"var(--ast-global-color-4)","background-image":"","background-repeat":"repeat","background-position":"center center","background-size":"auto","background-attachment":"scroll","background-type":"","background-media":"","overlay-type":"","overlay-color":"","overlay-opacity":"","overlay-gradient":""},"mobile":{"background-color":"var(--ast-global-color-4)","background-image":"","background-repeat":"repeat","background-position":"center center","background-size":"auto","background-attachment":"scroll","background-type":"","background-media":"","overlay-type":"","overlay-color":"","overlay-opacity":"","overlay-gradient":""}}},"product_brand":[],"product_cat":[974,975],"product_tag":[957],"class_list":{"0":"post-8642","1":"product","2":"type-product","3":"status-publish","4":"has-post-thumbnail","6":"product_cat-kategorie-gleichstrom-burstenmotor","7":"product_cat-dc-burstengetriebemotors","8":"product_tag-kehrroboter-wischfunktion-anwendung","9":"pa_application-haushaltsgerate","10":"pa_dc-brush-no-load-current-0-0-1-de","11":"pa_dc-brush-no-load-current-0-1-0-2-de","12":"pa_dc-brush-no-load-speed-0-1000-de","13":"desktop-align-left","14":"tablet-align-left","15":"mobile-align-left","17":"first","18":"instock","19":"shipping-taxable","20":"product-type-simple"},"yoast_head":"<!-- This site is optimized with the Yoast SEO plugin v27.2 - https:\/\/yoast.com\/product\/yoast-seo-wordpress\/ -->\n<title>32ZYJ1-1 Seitenb\u00fcrstenmotor f\u00fcr Kehrmaschinen &#8211; Leili Motor<\/title>\n<meta name=\"description\" content=\"Der Seitenb\u00fcrstenmotor 32ZYJ1-1 der Kehrmaschine verf\u00fcgt \u00fcber 12 V Leistung, ein starkes Drehmoment und ist ger\u00e4uscharm, was eine effiziente Leistung f\u00fcr den Einsatz mit Roboterstaubsaugern gew\u00e4hrleistet.\" \/>\n<meta name=\"robots\" content=\"index, follow, max-snippet:-1, max-image-preview:large, max-video-preview:-1\" \/>\n<link rel=\"canonical\" href=\"https:\/\/www.leili-motor.net\/de\/32zyj1-1-seitenbuerstenmotor-fuer-kehrmaschinen.html\" \/>\n<script type=\"application\/ld+json\" class=\"yoast-schema-graph\">{\"@context\":\"https:\/\/schema.org\",\"@graph\":[{\"@type\":\"WebPage\",\"@id\":\"https:\/\/www.leili-motor.net\/de\/32zyj1-1-seitenbuerstenmotor-fuer-kehrmaschinen.html\",\"url\":\"https:\/\/www.leili-motor.net\/de\/32zyj1-1-seitenbuerstenmotor-fuer-kehrmaschinen.html\",\"name\":\"32ZYJ1-1 Seitenb\u00fcrstenmotor f\u00fcr Kehrmaschinen &#8211; Leili Motor\",\"isPartOf\":{\"@id\":\"https:\/\/www.leili-motor.net\/de\/#website\"},\"primaryImageOfPage\":{\"@id\":\"https:\/\/www.leili-motor.net\/de\/32zyj1-1-seitenbuerstenmotor-fuer-kehrmaschinen.html#primaryimage\"},\"image\":{\"@id\":\"https:\/\/www.leili-motor.net\/de\/32zyj1-1-seitenbuerstenmotor-fuer-kehrmaschinen.html#primaryimage\"},\"thumbnailUrl\":\"https:\/\/www.leili-motor.net\/wp-content\/uploads\/2025\/03\/32ZYJ1-1-Sweeping-Machine-Side-Brush-Motor.webp\",\"datePublished\":\"2025-03-07T02:59:39+00:00\",\"description\":\"Der Seitenb\u00fcrstenmotor 32ZYJ1-1 der Kehrmaschine verf\u00fcgt \u00fcber 12 V Leistung, ein starkes Drehmoment und ist ger\u00e4uscharm, was eine effiziente Leistung f\u00fcr den Einsatz mit Roboterstaubsaugern gew\u00e4hrleistet.\",\"breadcrumb\":{\"@id\":\"https:\/\/www.leili-motor.net\/de\/32zyj1-1-seitenbuerstenmotor-fuer-kehrmaschinen.html#breadcrumb\"},\"inLanguage\":\"de\",\"potentialAction\":[{\"@type\":\"ReadAction\",\"target\":[\"https:\/\/www.leili-motor.net\/de\/32zyj1-1-seitenbuerstenmotor-fuer-kehrmaschinen.html\"]}]},{\"@type\":\"ImageObject\",\"inLanguage\":\"de\",\"@id\":\"https:\/\/www.leili-motor.net\/de\/32zyj1-1-seitenbuerstenmotor-fuer-kehrmaschinen.html#primaryimage\",\"url\":\"https:\/\/www.leili-motor.net\/wp-content\/uploads\/2025\/03\/32ZYJ1-1-Sweeping-Machine-Side-Brush-Motor.webp\",\"contentUrl\":\"https:\/\/www.leili-motor.net\/wp-content\/uploads\/2025\/03\/32ZYJ1-1-Sweeping-Machine-Side-Brush-Motor.webp\",\"width\":454,\"height\":310,\"caption\":\"32ZYJ1-1 Seitenb\u00fcrstenmotor f\u00fcr Kehrmaschinen\"},{\"@type\":\"BreadcrumbList\",\"@id\":\"https:\/\/www.leili-motor.net\/de\/32zyj1-1-seitenbuerstenmotor-fuer-kehrmaschinen.html#breadcrumb\",\"itemListElement\":[{\"@type\":\"ListItem\",\"position\":1,\"name\":\"Home\",\"item\":\"https:\/\/www.leili-motor.net\/de\/\"},{\"@type\":\"ListItem\",\"position\":2,\"name\":\"Produkte\",\"item\":\"https:\/\/www.leili-motor.net\/de\/produkte.html\"},{\"@type\":\"ListItem\",\"position\":3,\"name\":\"32ZYJ1-1 Seitenb\u00fcrstenmotor f\u00fcr Kehrmaschinen\"}]},{\"@type\":\"WebSite\",\"@id\":\"https:\/\/www.leili-motor.net\/de\/#website\",\"url\":\"https:\/\/www.leili-motor.net\/de\/\",\"name\":\"Leili Motor\",\"description\":\"\",\"publisher\":{\"@id\":\"https:\/\/www.leili-motor.net\/de\/#organization\"},\"potentialAction\":[{\"@type\":\"SearchAction\",\"target\":{\"@type\":\"EntryPoint\",\"urlTemplate\":\"https:\/\/www.leili-motor.net\/de\/?s={search_term_string}\"},\"query-input\":{\"@type\":\"PropertyValueSpecification\",\"valueRequired\":true,\"valueName\":\"search_term_string\"}}],\"inLanguage\":\"de\"},{\"@type\":\"Organization\",\"@id\":\"https:\/\/www.leili-motor.net\/de\/#organization\",\"name\":\"Leili Motor\",\"url\":\"https:\/\/www.leili-motor.net\/de\/\",\"logo\":{\"@type\":\"ImageObject\",\"inLanguage\":\"de\",\"@id\":\"https:\/\/www.leili-motor.net\/de\/#\/schema\/logo\/image\/\",\"url\":\"https:\/\/www.leili-motor.net\/wp-content\/uploads\/2025\/03\/Leili-Motor.png\",\"contentUrl\":\"https:\/\/www.leili-motor.net\/wp-content\/uploads\/2025\/03\/Leili-Motor.png\",\"width\":600,\"height\":156,\"caption\":\"Leili Motor\"},\"image\":{\"@id\":\"https:\/\/www.leili-motor.net\/de\/#\/schema\/logo\/image\/\"}}]}<\/script>\n<!-- \/ Yoast SEO plugin. -->","yoast_head_json":{"title":"32ZYJ1-1 Seitenb\u00fcrstenmotor f\u00fcr Kehrmaschinen &#8211; Leili Motor","description":"Der Seitenb\u00fcrstenmotor 32ZYJ1-1 der Kehrmaschine verf\u00fcgt \u00fcber 12 V Leistung, ein starkes Drehmoment und ist ger\u00e4uscharm, was eine effiziente Leistung f\u00fcr den Einsatz mit Roboterstaubsaugern gew\u00e4hrleistet.","robots":{"index":"index","follow":"follow","max-snippet":"max-snippet:-1","max-image-preview":"max-image-preview:large","max-video-preview":"max-video-preview:-1"},"canonical":"https:\/\/www.leili-motor.net\/de\/32zyj1-1-seitenbuerstenmotor-fuer-kehrmaschinen.html","schema":{"@context":"https:\/\/schema.org","@graph":[{"@type":"WebPage","@id":"https:\/\/www.leili-motor.net\/de\/32zyj1-1-seitenbuerstenmotor-fuer-kehrmaschinen.html","url":"https:\/\/www.leili-motor.net\/de\/32zyj1-1-seitenbuerstenmotor-fuer-kehrmaschinen.html","name":"32ZYJ1-1 Seitenb\u00fcrstenmotor f\u00fcr Kehrmaschinen &#8211; Leili Motor","isPartOf":{"@id":"https:\/\/www.leili-motor.net\/de\/#website"},"primaryImageOfPage":{"@id":"https:\/\/www.leili-motor.net\/de\/32zyj1-1-seitenbuerstenmotor-fuer-kehrmaschinen.html#primaryimage"},"image":{"@id":"https:\/\/www.leili-motor.net\/de\/32zyj1-1-seitenbuerstenmotor-fuer-kehrmaschinen.html#primaryimage"},"thumbnailUrl":"https:\/\/www.leili-motor.net\/wp-content\/uploads\/2025\/03\/32ZYJ1-1-Sweeping-Machine-Side-Brush-Motor.webp","datePublished":"2025-03-07T02:59:39+00:00","description":"Der Seitenb\u00fcrstenmotor 32ZYJ1-1 der Kehrmaschine verf\u00fcgt \u00fcber 12 V Leistung, ein starkes Drehmoment und ist ger\u00e4uscharm, was eine effiziente Leistung f\u00fcr den Einsatz mit Roboterstaubsaugern gew\u00e4hrleistet.","breadcrumb":{"@id":"https:\/\/www.leili-motor.net\/de\/32zyj1-1-seitenbuerstenmotor-fuer-kehrmaschinen.html#breadcrumb"},"inLanguage":"de","potentialAction":[{"@type":"ReadAction","target":["https:\/\/www.leili-motor.net\/de\/32zyj1-1-seitenbuerstenmotor-fuer-kehrmaschinen.html"]}]},{"@type":"ImageObject","inLanguage":"de","@id":"https:\/\/www.leili-motor.net\/de\/32zyj1-1-seitenbuerstenmotor-fuer-kehrmaschinen.html#primaryimage","url":"https:\/\/www.leili-motor.net\/wp-content\/uploads\/2025\/03\/32ZYJ1-1-Sweeping-Machine-Side-Brush-Motor.webp","contentUrl":"https:\/\/www.leili-motor.net\/wp-content\/uploads\/2025\/03\/32ZYJ1-1-Sweeping-Machine-Side-Brush-Motor.webp","width":454,"height":310,"caption":"32ZYJ1-1 Seitenb\u00fcrstenmotor f\u00fcr Kehrmaschinen"},{"@type":"BreadcrumbList","@id":"https:\/\/www.leili-motor.net\/de\/32zyj1-1-seitenbuerstenmotor-fuer-kehrmaschinen.html#breadcrumb","itemListElement":[{"@type":"ListItem","position":1,"name":"Home","item":"https:\/\/www.leili-motor.net\/de\/"},{"@type":"ListItem","position":2,"name":"Produkte","item":"https:\/\/www.leili-motor.net\/de\/produkte.html"},{"@type":"ListItem","position":3,"name":"32ZYJ1-1 Seitenb\u00fcrstenmotor f\u00fcr Kehrmaschinen"}]},{"@type":"WebSite","@id":"https:\/\/www.leili-motor.net\/de\/#website","url":"https:\/\/www.leili-motor.net\/de\/","name":"Leili Motor","description":"","publisher":{"@id":"https:\/\/www.leili-motor.net\/de\/#organization"},"potentialAction":[{"@type":"SearchAction","target":{"@type":"EntryPoint","urlTemplate":"https:\/\/www.leili-motor.net\/de\/?s={search_term_string}"},"query-input":{"@type":"PropertyValueSpecification","valueRequired":true,"valueName":"search_term_string"}}],"inLanguage":"de"},{"@type":"Organization","@id":"https:\/\/www.leili-motor.net\/de\/#organization","name":"Leili Motor","url":"https:\/\/www.leili-motor.net\/de\/","logo":{"@type":"ImageObject","inLanguage":"de","@id":"https:\/\/www.leili-motor.net\/de\/#\/schema\/logo\/image\/","url":"https:\/\/www.leili-motor.net\/wp-content\/uploads\/2025\/03\/Leili-Motor.png","contentUrl":"https:\/\/www.leili-motor.net\/wp-content\/uploads\/2025\/03\/Leili-Motor.png","width":600,"height":156,"caption":"Leili Motor"},"image":{"@id":"https:\/\/www.leili-motor.net\/de\/#\/schema\/logo\/image\/"}}]}},"_links":{"self":[{"href":"https:\/\/www.leili-motor.net\/de\/wp-json\/wp\/v2\/product\/8642","targetHints":{"allow":["GET"]}}],"collection":[{"href":"https:\/\/www.leili-motor.net\/de\/wp-json\/wp\/v2\/product"}],"about":[{"href":"https:\/\/www.leili-motor.net\/de\/wp-json\/wp\/v2\/types\/product"}],"replies":[{"embeddable":true,"href":"https:\/\/www.leili-motor.net\/de\/wp-json\/wp\/v2\/comments?post=8642"}],"wp:featuredmedia":[{"embeddable":true,"href":"https:\/\/www.leili-motor.net\/de\/wp-json\/wp\/v2\/media\/8643"}],"wp:attachment":[{"href":"https:\/\/www.leili-motor.net\/de\/wp-json\/wp\/v2\/media?parent=8642"}],"wp:term":[{"taxonomy":"product_brand","embeddable":true,"href":"https:\/\/www.leili-motor.net\/de\/wp-json\/wp\/v2\/product_brand?post=8642"},{"taxonomy":"product_cat","embeddable":true,"href":"https:\/\/www.leili-motor.net\/de\/wp-json\/wp\/v2\/product_cat?post=8642"},{"taxonomy":"product_tag","embeddable":true,"href":"https:\/\/www.leili-motor.net\/de\/wp-json\/wp\/v2\/product_tag?post=8642"}],"curies":[{"name":"wp","href":"https:\/\/api.w.org\/{rel}","templated":true}]}}