{"id":8649,"date":"2025-03-17T13:49:48","date_gmt":"2025-03-17T05:49:48","guid":{"rendered":"https:\/\/www.leili-motor.net\/rahmengroesse-254-mm-schwingspulenmotor\/"},"modified":"2025-03-17T13:49:48","modified_gmt":"2025-03-17T05:49:48","slug":"rahmengroesse-254-mm-schwingspulenmotor","status":"publish","type":"product","link":"https:\/\/www.leili-motor.net\/de\/rahmengroesse-254-mm-schwingspulenmotor.html","title":{"rendered":"Rahmengr\u00f6\u00dfe 25,4 mm Schwingspulenmotor"},"content":{"rendered":"<h2>Produktparameter<\/h2>\n<table>\n<tbody>\n<tr>\n<td>Reise<br \/>\n(mm)<\/td>\n<td>Gegenelektromotorische Kraft-Konstante (V\/m\/s)<\/td>\n<td>Anhaltender Schub<br \/>\n(N)<\/td>\n<td>Dauerstrom<br \/>\nSpule<br \/>\n(@100\u2103)<\/td>\n<td>Spitzenschub (N)<\/td>\n<td>Kraftempfindlichkeit<br \/>\nN\/A(Mittelposition)<\/td>\n<td>Widerstand\/Phase<br \/>\n(\u03a9)<\/td>\n<td>Induktivit\u00e4t\/Phase<br \/>\n(mH)<\/td>\n<td>Spulenabstand<br \/>\n(mm)<\/td>\n<td>Maximale Spulentemperatur<br \/>\n(\u2103)<\/td>\n<td>Spulengewicht<br \/>\n(g)<\/td>\n<td>Rumpfgewicht<br \/>\n(g)<\/td>\n<\/tr>\n<tr>\n<td rowspan=\"2\">9.5<\/td>\n<td rowspan=\"2\">9<\/td>\n<td rowspan=\"2\">11<\/td>\n<td rowspan=\"2\">1.25<\/td>\n<td rowspan=\"2\">31<\/td>\n<td rowspan=\"2\">9<\/td>\n<td rowspan=\"2\">6.9<\/td>\n<td rowspan=\"2\">2<\/td>\n<td rowspan=\"2\">0.38<\/td>\n<td rowspan=\"2\">100<\/td>\n<td rowspan=\"2\">33<\/td>\n<td rowspan=\"2\">102<\/td>\n<\/tr>\n<\/tbody>\n<\/table>\n<h2>Mechanische Abmessungen: mm<\/h2>\n<p><img fetchpriority=\"high\" decoding=\"async\" class=\"size-full wp-image-3522 aligncenter\" src=\"https:\/\/www.leili-motor.net\/wp-content\/uploads\/2025\/03\/Frame-Size-25.4mm-Voice-Coil-Motor-Dimensions.webp\" alt=\"Rahmengr\u00f6\u00dfe 25,4 mm Schwingspule Motorabmessungen\" width=\"999\" height=\"423\" srcset=\"https:\/\/www.leili-motor.net\/wp-content\/uploads\/2025\/03\/Frame-Size-25.4mm-Voice-Coil-Motor-Dimensions.webp 999w, https:\/\/www.leili-motor.net\/wp-content\/uploads\/2025\/03\/Frame-Size-25.4mm-Voice-Coil-Motor-Dimensions-300x127.webp 300w, https:\/\/www.leili-motor.net\/wp-content\/uploads\/2025\/03\/Frame-Size-25.4mm-Voice-Coil-Motor-Dimensions-768x325.webp 768w, https:\/\/www.leili-motor.net\/wp-content\/uploads\/2025\/03\/Frame-Size-25.4mm-Voice-Coil-Motor-Dimensions-600x254.webp 600w\" sizes=\"(max-width: 999px) 100vw, 999px\" \/><\/p>\n","protected":false},"excerpt":{"rendered":"<h3>Produkteinf\u00fchrung<\/h3>\n<ul>\n<li>Dauerschub von 11 N mit einem Spitzenschub von bis zu 31 N.<\/li>\n<li>Gegenelektromotorische Kraftkonstante von 9 V\/m\/s bei einem Spulenwiderstand von 0,38 \u03a9.<\/li>\n<li>Maximale Spulentemperatur von 100 \u00b0C und Rumpfgewicht von 102 g f\u00fcr Langlebigkeit.<\/li>\n<\/ul>\n","protected":false},"featured_media":8650,"comment_status":"open","ping_status":"closed","template":"","meta":{"site-sidebar-layout":"default","site-content-layout":"","ast-site-content-layout":"default","site-content-style":"default","site-sidebar-style":"default","ast-global-header-display":"","ast-banner-title-visibility":"","ast-main-header-display":"","ast-hfb-above-header-display":"","ast-hfb-below-header-display":"","ast-hfb-mobile-header-display":"","site-post-title":"","ast-breadcrumbs-content":"","ast-featured-img":"","footer-sml-layout":"","theme-transparent-header-meta":"default","adv-header-id-meta":"","stick-header-meta":"","header-above-stick-meta":"","header-main-stick-meta":"","header-below-stick-meta":"","astra-migrate-meta-layouts":"default","ast-page-background-enabled":"default","ast-page-background-meta":{"desktop":{"background-color":"var(--ast-global-color-5)","background-image":"","background-repeat":"repeat","background-position":"center center","background-size":"auto","background-attachment":"scroll","background-type":"","background-media":"","overlay-type":"","overlay-color":"","overlay-opacity":"","overlay-gradient":""},"tablet":{"background-color":"","background-image":"","background-repeat":"repeat","background-position":"center center","background-size":"auto","background-attachment":"scroll","background-type":"","background-media":"","overlay-type":"","overlay-color":"","overlay-opacity":"","overlay-gradient":""},"mobile":{"background-color":"","background-image":"","background-repeat":"repeat","background-position":"center center","background-size":"auto","background-attachment":"scroll","background-type":"","background-media":"","overlay-type":"","overlay-color":"","overlay-opacity":"","overlay-gradient":""}},"ast-content-background-meta":{"desktop":{"background-color":"var(--ast-global-color-4)","background-image":"","background-repeat":"repeat","background-position":"center center","background-size":"auto","background-attachment":"scroll","background-type":"","background-media":"","overlay-type":"","overlay-color":"","overlay-opacity":"","overlay-gradient":""},"tablet":{"background-color":"var(--ast-global-color-4)","background-image":"","background-repeat":"repeat","background-position":"center center","background-size":"auto","background-attachment":"scroll","background-type":"","background-media":"","overlay-type":"","overlay-color":"","overlay-opacity":"","overlay-gradient":""},"mobile":{"background-color":"var(--ast-global-color-4)","background-image":"","background-repeat":"repeat","background-position":"center center","background-size":"auto","background-attachment":"scroll","background-type":"","background-media":"","overlay-type":"","overlay-color":"","overlay-opacity":"","overlay-gradient":""}}},"product_brand":[],"product_cat":[941,965],"product_tag":[966],"class_list":{"0":"post-8649","1":"product","2":"type-product","3":"status-publish","4":"has-post-thumbnail","6":"product_cat-kategorie-burstenloser-gleichstrommotor","7":"product_cat-schwingspulenmotors","8":"product_tag-medizinische-instrumente-schwingspulenmotor","9":"pa_application-sportgesundheit","10":"desktop-align-left","11":"tablet-align-left","12":"mobile-align-left","14":"first","15":"instock","16":"shipping-taxable","17":"product-type-simple"},"yoast_head":"<!-- This site is optimized with the Yoast SEO plugin v27.2 - https:\/\/yoast.com\/product\/yoast-seo-wordpress\/ -->\n<title>Rahmengr\u00f6\u00dfe 25,4 mm Schwingspulenmotor &#8211; Leili Motor<\/title>\n<meta name=\"description\" content=\"Der Schwingspulenmotor mit einer Rahmengr\u00f6\u00dfe von 25,4 mm bietet einen Federweg von 9,5 mm, einen Spitzenschub von 11 N, eine maximale Spulentemperatur von 100 \u00b0C und ein Rumpfgewicht von 33 g f\u00fcr effiziente Leistung\" \/>\n<meta name=\"robots\" content=\"index, follow, max-snippet:-1, max-image-preview:large, max-video-preview:-1\" \/>\n<link rel=\"canonical\" href=\"https:\/\/www.leili-motor.net\/de\/rahmengroesse-254-mm-schwingspulenmotor.html\" \/>\n<script type=\"application\/ld+json\" class=\"yoast-schema-graph\">{\"@context\":\"https:\/\/schema.org\",\"@graph\":[{\"@type\":\"WebPage\",\"@id\":\"https:\/\/www.leili-motor.net\/de\/rahmengroesse-254-mm-schwingspulenmotor.html\",\"url\":\"https:\/\/www.leili-motor.net\/de\/rahmengroesse-254-mm-schwingspulenmotor.html\",\"name\":\"Rahmengr\u00f6\u00dfe 25,4 mm Schwingspulenmotor &#8211; Leili Motor\",\"isPartOf\":{\"@id\":\"https:\/\/www.leili-motor.net\/de\/#website\"},\"primaryImageOfPage\":{\"@id\":\"https:\/\/www.leili-motor.net\/de\/rahmengroesse-254-mm-schwingspulenmotor.html#primaryimage\"},\"image\":{\"@id\":\"https:\/\/www.leili-motor.net\/de\/rahmengroesse-254-mm-schwingspulenmotor.html#primaryimage\"},\"thumbnailUrl\":\"https:\/\/www.leili-motor.net\/wp-content\/uploads\/2025\/03\/Frame-Size-25.4mm-Voice-Coil-Motor.webp\",\"datePublished\":\"2025-03-17T05:49:48+00:00\",\"description\":\"Der Schwingspulenmotor mit einer Rahmengr\u00f6\u00dfe von 25,4 mm bietet einen Federweg von 9,5 mm, einen Spitzenschub von 11 N, eine maximale Spulentemperatur von 100 \u00b0C und ein Rumpfgewicht von 33 g f\u00fcr effiziente Leistung\",\"breadcrumb\":{\"@id\":\"https:\/\/www.leili-motor.net\/de\/rahmengroesse-254-mm-schwingspulenmotor.html#breadcrumb\"},\"inLanguage\":\"de\",\"potentialAction\":[{\"@type\":\"ReadAction\",\"target\":[\"https:\/\/www.leili-motor.net\/de\/rahmengroesse-254-mm-schwingspulenmotor.html\"]}]},{\"@type\":\"ImageObject\",\"inLanguage\":\"de\",\"@id\":\"https:\/\/www.leili-motor.net\/de\/rahmengroesse-254-mm-schwingspulenmotor.html#primaryimage\",\"url\":\"https:\/\/www.leili-motor.net\/wp-content\/uploads\/2025\/03\/Frame-Size-25.4mm-Voice-Coil-Motor.webp\",\"contentUrl\":\"https:\/\/www.leili-motor.net\/wp-content\/uploads\/2025\/03\/Frame-Size-25.4mm-Voice-Coil-Motor.webp\",\"width\":454,\"height\":310,\"caption\":\"Rahmengr\u00f6\u00dfe 25,4 mm Schwingspulenmotor\"},{\"@type\":\"BreadcrumbList\",\"@id\":\"https:\/\/www.leili-motor.net\/de\/rahmengroesse-254-mm-schwingspulenmotor.html#breadcrumb\",\"itemListElement\":[{\"@type\":\"ListItem\",\"position\":1,\"name\":\"Home\",\"item\":\"https:\/\/www.leili-motor.net\/de\/\"},{\"@type\":\"ListItem\",\"position\":2,\"name\":\"Produkte\",\"item\":\"https:\/\/www.leili-motor.net\/de\/produkte.html\"},{\"@type\":\"ListItem\",\"position\":3,\"name\":\"Rahmengr\u00f6\u00dfe 25,4 mm Schwingspulenmotor\"}]},{\"@type\":\"WebSite\",\"@id\":\"https:\/\/www.leili-motor.net\/de\/#website\",\"url\":\"https:\/\/www.leili-motor.net\/de\/\",\"name\":\"Leili Motor\",\"description\":\"\",\"publisher\":{\"@id\":\"https:\/\/www.leili-motor.net\/de\/#organization\"},\"potentialAction\":[{\"@type\":\"SearchAction\",\"target\":{\"@type\":\"EntryPoint\",\"urlTemplate\":\"https:\/\/www.leili-motor.net\/de\/?s={search_term_string}\"},\"query-input\":{\"@type\":\"PropertyValueSpecification\",\"valueRequired\":true,\"valueName\":\"search_term_string\"}}],\"inLanguage\":\"de\"},{\"@type\":\"Organization\",\"@id\":\"https:\/\/www.leili-motor.net\/de\/#organization\",\"name\":\"Leili Motor\",\"url\":\"https:\/\/www.leili-motor.net\/de\/\",\"logo\":{\"@type\":\"ImageObject\",\"inLanguage\":\"de\",\"@id\":\"https:\/\/www.leili-motor.net\/de\/#\/schema\/logo\/image\/\",\"url\":\"https:\/\/www.leili-motor.net\/wp-content\/uploads\/2025\/03\/Leili-Motor.png\",\"contentUrl\":\"https:\/\/www.leili-motor.net\/wp-content\/uploads\/2025\/03\/Leili-Motor.png\",\"width\":600,\"height\":156,\"caption\":\"Leili Motor\"},\"image\":{\"@id\":\"https:\/\/www.leili-motor.net\/de\/#\/schema\/logo\/image\/\"}}]}<\/script>\n<!-- \/ Yoast SEO plugin. -->","yoast_head_json":{"title":"Rahmengr\u00f6\u00dfe 25,4 mm Schwingspulenmotor &#8211; Leili Motor","description":"Der Schwingspulenmotor mit einer Rahmengr\u00f6\u00dfe von 25,4 mm bietet einen Federweg von 9,5 mm, einen Spitzenschub von 11 N, eine maximale Spulentemperatur von 100 \u00b0C und ein Rumpfgewicht von 33 g f\u00fcr effiziente Leistung","robots":{"index":"index","follow":"follow","max-snippet":"max-snippet:-1","max-image-preview":"max-image-preview:large","max-video-preview":"max-video-preview:-1"},"canonical":"https:\/\/www.leili-motor.net\/de\/rahmengroesse-254-mm-schwingspulenmotor.html","schema":{"@context":"https:\/\/schema.org","@graph":[{"@type":"WebPage","@id":"https:\/\/www.leili-motor.net\/de\/rahmengroesse-254-mm-schwingspulenmotor.html","url":"https:\/\/www.leili-motor.net\/de\/rahmengroesse-254-mm-schwingspulenmotor.html","name":"Rahmengr\u00f6\u00dfe 25,4 mm Schwingspulenmotor &#8211; Leili Motor","isPartOf":{"@id":"https:\/\/www.leili-motor.net\/de\/#website"},"primaryImageOfPage":{"@id":"https:\/\/www.leili-motor.net\/de\/rahmengroesse-254-mm-schwingspulenmotor.html#primaryimage"},"image":{"@id":"https:\/\/www.leili-motor.net\/de\/rahmengroesse-254-mm-schwingspulenmotor.html#primaryimage"},"thumbnailUrl":"https:\/\/www.leili-motor.net\/wp-content\/uploads\/2025\/03\/Frame-Size-25.4mm-Voice-Coil-Motor.webp","datePublished":"2025-03-17T05:49:48+00:00","description":"Der Schwingspulenmotor mit einer Rahmengr\u00f6\u00dfe von 25,4 mm bietet einen Federweg von 9,5 mm, einen Spitzenschub von 11 N, eine maximale Spulentemperatur von 100 \u00b0C und ein Rumpfgewicht von 33 g f\u00fcr effiziente Leistung","breadcrumb":{"@id":"https:\/\/www.leili-motor.net\/de\/rahmengroesse-254-mm-schwingspulenmotor.html#breadcrumb"},"inLanguage":"de","potentialAction":[{"@type":"ReadAction","target":["https:\/\/www.leili-motor.net\/de\/rahmengroesse-254-mm-schwingspulenmotor.html"]}]},{"@type":"ImageObject","inLanguage":"de","@id":"https:\/\/www.leili-motor.net\/de\/rahmengroesse-254-mm-schwingspulenmotor.html#primaryimage","url":"https:\/\/www.leili-motor.net\/wp-content\/uploads\/2025\/03\/Frame-Size-25.4mm-Voice-Coil-Motor.webp","contentUrl":"https:\/\/www.leili-motor.net\/wp-content\/uploads\/2025\/03\/Frame-Size-25.4mm-Voice-Coil-Motor.webp","width":454,"height":310,"caption":"Rahmengr\u00f6\u00dfe 25,4 mm Schwingspulenmotor"},{"@type":"BreadcrumbList","@id":"https:\/\/www.leili-motor.net\/de\/rahmengroesse-254-mm-schwingspulenmotor.html#breadcrumb","itemListElement":[{"@type":"ListItem","position":1,"name":"Home","item":"https:\/\/www.leili-motor.net\/de\/"},{"@type":"ListItem","position":2,"name":"Produkte","item":"https:\/\/www.leili-motor.net\/de\/produkte.html"},{"@type":"ListItem","position":3,"name":"Rahmengr\u00f6\u00dfe 25,4 mm Schwingspulenmotor"}]},{"@type":"WebSite","@id":"https:\/\/www.leili-motor.net\/de\/#website","url":"https:\/\/www.leili-motor.net\/de\/","name":"Leili Motor","description":"","publisher":{"@id":"https:\/\/www.leili-motor.net\/de\/#organization"},"potentialAction":[{"@type":"SearchAction","target":{"@type":"EntryPoint","urlTemplate":"https:\/\/www.leili-motor.net\/de\/?s={search_term_string}"},"query-input":{"@type":"PropertyValueSpecification","valueRequired":true,"valueName":"search_term_string"}}],"inLanguage":"de"},{"@type":"Organization","@id":"https:\/\/www.leili-motor.net\/de\/#organization","name":"Leili Motor","url":"https:\/\/www.leili-motor.net\/de\/","logo":{"@type":"ImageObject","inLanguage":"de","@id":"https:\/\/www.leili-motor.net\/de\/#\/schema\/logo\/image\/","url":"https:\/\/www.leili-motor.net\/wp-content\/uploads\/2025\/03\/Leili-Motor.png","contentUrl":"https:\/\/www.leili-motor.net\/wp-content\/uploads\/2025\/03\/Leili-Motor.png","width":600,"height":156,"caption":"Leili Motor"},"image":{"@id":"https:\/\/www.leili-motor.net\/de\/#\/schema\/logo\/image\/"}}]}},"_links":{"self":[{"href":"https:\/\/www.leili-motor.net\/de\/wp-json\/wp\/v2\/product\/8649","targetHints":{"allow":["GET"]}}],"collection":[{"href":"https:\/\/www.leili-motor.net\/de\/wp-json\/wp\/v2\/product"}],"about":[{"href":"https:\/\/www.leili-motor.net\/de\/wp-json\/wp\/v2\/types\/product"}],"replies":[{"embeddable":true,"href":"https:\/\/www.leili-motor.net\/de\/wp-json\/wp\/v2\/comments?post=8649"}],"wp:featuredmedia":[{"embeddable":true,"href":"https:\/\/www.leili-motor.net\/de\/wp-json\/wp\/v2\/media\/8650"}],"wp:attachment":[{"href":"https:\/\/www.leili-motor.net\/de\/wp-json\/wp\/v2\/media?parent=8649"}],"wp:term":[{"taxonomy":"product_brand","embeddable":true,"href":"https:\/\/www.leili-motor.net\/de\/wp-json\/wp\/v2\/product_brand?post=8649"},{"taxonomy":"product_cat","embeddable":true,"href":"https:\/\/www.leili-motor.net\/de\/wp-json\/wp\/v2\/product_cat?post=8649"},{"taxonomy":"product_tag","embeddable":true,"href":"https:\/\/www.leili-motor.net\/de\/wp-json\/wp\/v2\/product_tag?post=8649"}],"curies":[{"name":"wp","href":"https:\/\/api.w.org\/{rel}","templated":true}]}}