{"id":8695,"date":"2025-03-06T10:25:32","date_gmt":"2025-03-06T02:25:32","guid":{"rendered":"https:\/\/www.leili-motor.net\/rs-775sh-mikro-gleichstrom-buerstenmotor\/"},"modified":"2025-03-06T10:25:32","modified_gmt":"2025-03-06T02:25:32","slug":"rs-775sh-mikro-gleichstrom-buerstenmotor","status":"publish","type":"product","link":"https:\/\/www.leili-motor.net\/de\/rs-775sh-mikro-gleichstrom-buerstenmotor.html","title":{"rendered":"RS-775SH Mikro Gleichstrom B\u00fcrstenmotor"},"content":{"rendered":"<h2>Produktparameter<\/h2>\n<table>\n<tbody>\n<tr>\n<td colspan=\"2\">Motortyp<\/td>\n<td colspan=\"2\">Stromspannung<\/td>\n<td colspan=\"2\"> Entladen<\/td>\n<td colspan=\"5\"> Mit maximaler Effizienz<\/td>\n<td colspan=\"3\"> Blockierter Rotor<\/td>\n<\/tr>\n<tr>\n<td colspan=\"2\"><\/td>\n<td>Arbeitsbereich (V)<\/td>\n<td>Bewertet<\/p>\n<p>(V)<\/td>\n<td>Drehzahl<br \/>\n(U\/min)<\/td>\n<td>Elektrischer Strom (A)<\/td>\n<td>Drehzahl<br \/>\n(U\/min)<\/td>\n<td>Elektrischer Strom (A)<\/td>\n<td>Drehmoment (mN\u00b7m)<\/td>\n<td>Drehmoment (g\u00b7cm)<\/td>\n<td>Abgabeleistung (W)<\/td>\n<td>Drehmoment (mN\u00b7m)<\/td>\n<td>Drehmoment (g\u00b7cm)<\/td>\n<td>Elektrischer Strom<\/p>\n<p>(A)<\/td>\n<\/tr>\n<tr>\n<td>RS-775SH<\/td>\n<td>3159<\/td>\n<td>6-25<\/td>\n<td>12<\/td>\n<td>3300<\/td>\n<td>0.315<\/td>\n<td>2713<\/td>\n<td>1.40<\/td>\n<td>38.60<\/td>\n<td>393.9<\/td>\n<td>11<\/td>\n<td>208.24<\/td>\n<td>2124.9<\/td>\n<td>6.10<\/td>\n<\/tr>\n<tr>\n<td>RS-775SH<\/td>\n<td>2783<\/td>\n<td>6-30<\/td>\n<td>24<\/td>\n<td>4300<\/td>\n<td>0.20<\/td>\n<td>3550<\/td>\n<td>0.93<\/td>\n<td>49.00<\/td>\n<td>500<\/td>\n<td>18.217<\/td>\n<td>281.1<\/td>\n<td>2868.367<\/td>\n<td>4.48<\/td>\n<\/tr>\n<\/tbody>\n<\/table>\n<h2>Mechanische Abmessungen: mm<\/h2>\n<p><img fetchpriority=\"high\" decoding=\"async\" class=\"size-full wp-image-701 aligncenter\" src=\"https:\/\/www.leili-motor.net\/wp-content\/uploads\/2025\/03\/Mechanical-dimension-for-RS-775SH-Micro-DC-Brush-Motor.webp\" alt=\"Mechanische Abmessungen f\u00fcr den Mikro-DC-B\u00fcrstenmotor RS-775SH\" width=\"795\" height=\"244\" srcset=\"https:\/\/www.leili-motor.net\/wp-content\/uploads\/2025\/03\/Mechanical-dimension-for-RS-775SH-Micro-DC-Brush-Motor.webp 795w, https:\/\/www.leili-motor.net\/wp-content\/uploads\/2025\/03\/Mechanical-dimension-for-RS-775SH-Micro-DC-Brush-Motor-300x92.webp 300w, https:\/\/www.leili-motor.net\/wp-content\/uploads\/2025\/03\/Mechanical-dimension-for-RS-775SH-Micro-DC-Brush-Motor-768x236.webp 768w, https:\/\/www.leili-motor.net\/wp-content\/uploads\/2025\/03\/Mechanical-dimension-for-RS-775SH-Micro-DC-Brush-Motor-600x184.webp 600w\" sizes=\"(max-width: 795px) 100vw, 795px\" \/><\/p>\n<h2>Leistungskurven<\/h2>\n<p><img decoding=\"async\" class=\"size-full wp-image-702 aligncenter\" src=\"https:\/\/www.leili-motor.net\/wp-content\/uploads\/2025\/03\/Performance-Curves-for-RS-775SH-Micro-DC-Brush-Motor.webp\" alt=\"Leistungskurven f\u00fcr den RS-775SH Micro DC-B\u00fcrstenmotor\" width=\"759\" height=\"275\" srcset=\"https:\/\/www.leili-motor.net\/wp-content\/uploads\/2025\/03\/Performance-Curves-for-RS-775SH-Micro-DC-Brush-Motor.webp 759w, https:\/\/www.leili-motor.net\/wp-content\/uploads\/2025\/03\/Performance-Curves-for-RS-775SH-Micro-DC-Brush-Motor-300x109.webp 300w, https:\/\/www.leili-motor.net\/wp-content\/uploads\/2025\/03\/Performance-Curves-for-RS-775SH-Micro-DC-Brush-Motor-600x217.webp 600w\" sizes=\"(max-width: 759px) 100vw, 759px\" \/><\/p>\n","protected":false},"excerpt":{"rendered":"<h3>Produkteinf\u00fchrung<\/h3>\n<ul>\n<li>RS-775SH 3159: Betrieb bei 6\u201325 V, 3300 U\/min ohne Last, 2713 U\/min bei maximaler Effizienz, 38,6 mN\u00b7m Drehmoment.<\/li>\n<li>RS-775SH 2783: L\u00e4uft mit 6\u201330 V, 4300 U\/min ohne Last, 3550 U\/min bei maximaler Effizienz, 49 mN\u00b7m Drehmoment.<\/li>\n<li>Vielseitige Leistung: Hocheffizienter Mikro-Gleichstrom-B\u00fcrstenmotor, ideal f\u00fcr verschiedene Anwendungen, die eine stabile Leistung erfordern.<\/li>\n<\/ul>\n<h3>Produktanwendung<\/h3>\n<ul>\n<li>Ger\u00e4t: Wasserreiniger<\/li>\n<\/ul>\n","protected":false},"featured_media":8269,"comment_status":"open","ping_status":"closed","template":"","meta":{"site-sidebar-layout":"default","site-content-layout":"","ast-site-content-layout":"default","site-content-style":"default","site-sidebar-style":"default","ast-global-header-display":"","ast-banner-title-visibility":"","ast-main-header-display":"","ast-hfb-above-header-display":"","ast-hfb-below-header-display":"","ast-hfb-mobile-header-display":"","site-post-title":"","ast-breadcrumbs-content":"","ast-featured-img":"","footer-sml-layout":"","theme-transparent-header-meta":"default","adv-header-id-meta":"","stick-header-meta":"","header-above-stick-meta":"","header-main-stick-meta":"","header-below-stick-meta":"","astra-migrate-meta-layouts":"default","ast-page-background-enabled":"default","ast-page-background-meta":{"desktop":{"background-color":"var(--ast-global-color-5)","background-image":"","background-repeat":"repeat","background-position":"center center","background-size":"auto","background-attachment":"scroll","background-type":"","background-media":"","overlay-type":"","overlay-color":"","overlay-opacity":"","overlay-gradient":""},"tablet":{"background-color":"","background-image":"","background-repeat":"repeat","background-position":"center center","background-size":"auto","background-attachment":"scroll","background-type":"","background-media":"","overlay-type":"","overlay-color":"","overlay-opacity":"","overlay-gradient":""},"mobile":{"background-color":"","background-image":"","background-repeat":"repeat","background-position":"center center","background-size":"auto","background-attachment":"scroll","background-type":"","background-media":"","overlay-type":"","overlay-color":"","overlay-opacity":"","overlay-gradient":""}},"ast-content-background-meta":{"desktop":{"background-color":"var(--ast-global-color-4)","background-image":"","background-repeat":"repeat","background-position":"center center","background-size":"auto","background-attachment":"scroll","background-type":"","background-media":"","overlay-type":"","overlay-color":"","overlay-opacity":"","overlay-gradient":""},"tablet":{"background-color":"var(--ast-global-color-4)","background-image":"","background-repeat":"repeat","background-position":"center center","background-size":"auto","background-attachment":"scroll","background-type":"","background-media":"","overlay-type":"","overlay-color":"","overlay-opacity":"","overlay-gradient":""},"mobile":{"background-color":"var(--ast-global-color-4)","background-image":"","background-repeat":"repeat","background-position":"center center","background-size":"auto","background-attachment":"scroll","background-type":"","background-media":"","overlay-type":"","overlay-color":"","overlay-opacity":"","overlay-gradient":""}}},"product_brand":[],"product_cat":[974,988],"product_tag":[976],"class_list":{"0":"post-8695","1":"product","2":"type-product","3":"status-publish","4":"has-post-thumbnail","6":"product_cat-kategorie-gleichstrom-burstenmotor","7":"product_cat-mikro-gleichstrom-burstenmotors","8":"product_tag-sonstige-haushaltsgerate-dc-burstenmotor","9":"pa_application-haushaltsgerate","10":"pa_dc-brush-no-load-current-mehr-als-03","11":"pa_dc-brush-no-load-speed-3000-10000-de","12":"desktop-align-left","13":"tablet-align-left","14":"mobile-align-left","16":"first","17":"instock","18":"shipping-taxable","19":"product-type-simple"},"yoast_head":"<!-- This site is optimized with the Yoast SEO plugin v27.2 - https:\/\/yoast.com\/product\/yoast-seo-wordpress\/ -->\n<title>RS-775SH Mikro Gleichstrom B\u00fcrstenmotor &#8211; Leili Motor<\/title>\n<meta name=\"description\" content=\"Der Mikro-Gleichstromb\u00fcrstenmotor RS-775SH, einschlie\u00dflich der Typen 3159 und 2783, arbeitet mit 6\u201330 V und bietet einen hohen Wirkungsgrad, wodurch eine stabile Leistung f\u00fcr Wasserreiniger und andere Anwendungen gew\u00e4hrleistet wird.\" \/>\n<meta name=\"robots\" content=\"index, follow, max-snippet:-1, max-image-preview:large, max-video-preview:-1\" \/>\n<link rel=\"canonical\" href=\"https:\/\/www.leili-motor.net\/de\/rs-775sh-mikro-gleichstrom-buerstenmotor.html\" \/>\n<script type=\"application\/ld+json\" class=\"yoast-schema-graph\">{\"@context\":\"https:\/\/schema.org\",\"@graph\":[{\"@type\":\"WebPage\",\"@id\":\"https:\/\/www.leili-motor.net\/de\/rs-775sh-mikro-gleichstrom-buerstenmotor.html\",\"url\":\"https:\/\/www.leili-motor.net\/de\/rs-775sh-mikro-gleichstrom-buerstenmotor.html\",\"name\":\"RS-775SH Mikro Gleichstrom B\u00fcrstenmotor &#8211; Leili Motor\",\"isPartOf\":{\"@id\":\"https:\/\/www.leili-motor.net\/de\/#website\"},\"primaryImageOfPage\":{\"@id\":\"https:\/\/www.leili-motor.net\/de\/rs-775sh-mikro-gleichstrom-buerstenmotor.html#primaryimage\"},\"image\":{\"@id\":\"https:\/\/www.leili-motor.net\/de\/rs-775sh-mikro-gleichstrom-buerstenmotor.html#primaryimage\"},\"thumbnailUrl\":\"https:\/\/www.leili-motor.net\/wp-content\/uploads\/2025\/03\/RS-775SH-Micro-DC-Brush-Motor.webp\",\"datePublished\":\"2025-03-06T02:25:32+00:00\",\"description\":\"Der Mikro-Gleichstromb\u00fcrstenmotor RS-775SH, einschlie\u00dflich der Typen 3159 und 2783, arbeitet mit 6\u201330 V und bietet einen hohen Wirkungsgrad, wodurch eine stabile Leistung f\u00fcr Wasserreiniger und andere Anwendungen gew\u00e4hrleistet wird.\",\"breadcrumb\":{\"@id\":\"https:\/\/www.leili-motor.net\/de\/rs-775sh-mikro-gleichstrom-buerstenmotor.html#breadcrumb\"},\"inLanguage\":\"de\",\"potentialAction\":[{\"@type\":\"ReadAction\",\"target\":[\"https:\/\/www.leili-motor.net\/de\/rs-775sh-mikro-gleichstrom-buerstenmotor.html\"]}]},{\"@type\":\"ImageObject\",\"inLanguage\":\"de\",\"@id\":\"https:\/\/www.leili-motor.net\/de\/rs-775sh-mikro-gleichstrom-buerstenmotor.html#primaryimage\",\"url\":\"https:\/\/www.leili-motor.net\/wp-content\/uploads\/2025\/03\/RS-775SH-Micro-DC-Brush-Motor.webp\",\"contentUrl\":\"https:\/\/www.leili-motor.net\/wp-content\/uploads\/2025\/03\/RS-775SH-Micro-DC-Brush-Motor.webp\",\"width\":454,\"height\":310,\"caption\":\"RS-775SH Mikro-DC-B\u00fcrstenmotor\"},{\"@type\":\"BreadcrumbList\",\"@id\":\"https:\/\/www.leili-motor.net\/de\/rs-775sh-mikro-gleichstrom-buerstenmotor.html#breadcrumb\",\"itemListElement\":[{\"@type\":\"ListItem\",\"position\":1,\"name\":\"Home\",\"item\":\"https:\/\/www.leili-motor.net\/de\/\"},{\"@type\":\"ListItem\",\"position\":2,\"name\":\"Produkte\",\"item\":\"https:\/\/www.leili-motor.net\/de\/produkte.html\"},{\"@type\":\"ListItem\",\"position\":3,\"name\":\"RS-775SH Mikro Gleichstrom B\u00fcrstenmotor\"}]},{\"@type\":\"WebSite\",\"@id\":\"https:\/\/www.leili-motor.net\/de\/#website\",\"url\":\"https:\/\/www.leili-motor.net\/de\/\",\"name\":\"Leili Motor\",\"description\":\"\",\"publisher\":{\"@id\":\"https:\/\/www.leili-motor.net\/de\/#organization\"},\"potentialAction\":[{\"@type\":\"SearchAction\",\"target\":{\"@type\":\"EntryPoint\",\"urlTemplate\":\"https:\/\/www.leili-motor.net\/de\/?s={search_term_string}\"},\"query-input\":{\"@type\":\"PropertyValueSpecification\",\"valueRequired\":true,\"valueName\":\"search_term_string\"}}],\"inLanguage\":\"de\"},{\"@type\":\"Organization\",\"@id\":\"https:\/\/www.leili-motor.net\/de\/#organization\",\"name\":\"Leili Motor\",\"url\":\"https:\/\/www.leili-motor.net\/de\/\",\"logo\":{\"@type\":\"ImageObject\",\"inLanguage\":\"de\",\"@id\":\"https:\/\/www.leili-motor.net\/de\/#\/schema\/logo\/image\/\",\"url\":\"https:\/\/www.leili-motor.net\/wp-content\/uploads\/2025\/03\/Leili-Motor.png\",\"contentUrl\":\"https:\/\/www.leili-motor.net\/wp-content\/uploads\/2025\/03\/Leili-Motor.png\",\"width\":600,\"height\":156,\"caption\":\"Leili Motor\"},\"image\":{\"@id\":\"https:\/\/www.leili-motor.net\/de\/#\/schema\/logo\/image\/\"}}]}<\/script>\n<!-- \/ Yoast SEO plugin. -->","yoast_head_json":{"title":"RS-775SH Mikro Gleichstrom B\u00fcrstenmotor &#8211; Leili Motor","description":"Der Mikro-Gleichstromb\u00fcrstenmotor RS-775SH, einschlie\u00dflich der Typen 3159 und 2783, arbeitet mit 6\u201330 V und bietet einen hohen Wirkungsgrad, wodurch eine stabile Leistung f\u00fcr Wasserreiniger und andere Anwendungen gew\u00e4hrleistet wird.","robots":{"index":"index","follow":"follow","max-snippet":"max-snippet:-1","max-image-preview":"max-image-preview:large","max-video-preview":"max-video-preview:-1"},"canonical":"https:\/\/www.leili-motor.net\/de\/rs-775sh-mikro-gleichstrom-buerstenmotor.html","schema":{"@context":"https:\/\/schema.org","@graph":[{"@type":"WebPage","@id":"https:\/\/www.leili-motor.net\/de\/rs-775sh-mikro-gleichstrom-buerstenmotor.html","url":"https:\/\/www.leili-motor.net\/de\/rs-775sh-mikro-gleichstrom-buerstenmotor.html","name":"RS-775SH Mikro Gleichstrom B\u00fcrstenmotor &#8211; Leili Motor","isPartOf":{"@id":"https:\/\/www.leili-motor.net\/de\/#website"},"primaryImageOfPage":{"@id":"https:\/\/www.leili-motor.net\/de\/rs-775sh-mikro-gleichstrom-buerstenmotor.html#primaryimage"},"image":{"@id":"https:\/\/www.leili-motor.net\/de\/rs-775sh-mikro-gleichstrom-buerstenmotor.html#primaryimage"},"thumbnailUrl":"https:\/\/www.leili-motor.net\/wp-content\/uploads\/2025\/03\/RS-775SH-Micro-DC-Brush-Motor.webp","datePublished":"2025-03-06T02:25:32+00:00","description":"Der Mikro-Gleichstromb\u00fcrstenmotor RS-775SH, einschlie\u00dflich der Typen 3159 und 2783, arbeitet mit 6\u201330 V und bietet einen hohen Wirkungsgrad, wodurch eine stabile Leistung f\u00fcr Wasserreiniger und andere Anwendungen gew\u00e4hrleistet wird.","breadcrumb":{"@id":"https:\/\/www.leili-motor.net\/de\/rs-775sh-mikro-gleichstrom-buerstenmotor.html#breadcrumb"},"inLanguage":"de","potentialAction":[{"@type":"ReadAction","target":["https:\/\/www.leili-motor.net\/de\/rs-775sh-mikro-gleichstrom-buerstenmotor.html"]}]},{"@type":"ImageObject","inLanguage":"de","@id":"https:\/\/www.leili-motor.net\/de\/rs-775sh-mikro-gleichstrom-buerstenmotor.html#primaryimage","url":"https:\/\/www.leili-motor.net\/wp-content\/uploads\/2025\/03\/RS-775SH-Micro-DC-Brush-Motor.webp","contentUrl":"https:\/\/www.leili-motor.net\/wp-content\/uploads\/2025\/03\/RS-775SH-Micro-DC-Brush-Motor.webp","width":454,"height":310,"caption":"RS-775SH Mikro-DC-B\u00fcrstenmotor"},{"@type":"BreadcrumbList","@id":"https:\/\/www.leili-motor.net\/de\/rs-775sh-mikro-gleichstrom-buerstenmotor.html#breadcrumb","itemListElement":[{"@type":"ListItem","position":1,"name":"Home","item":"https:\/\/www.leili-motor.net\/de\/"},{"@type":"ListItem","position":2,"name":"Produkte","item":"https:\/\/www.leili-motor.net\/de\/produkte.html"},{"@type":"ListItem","position":3,"name":"RS-775SH Mikro Gleichstrom B\u00fcrstenmotor"}]},{"@type":"WebSite","@id":"https:\/\/www.leili-motor.net\/de\/#website","url":"https:\/\/www.leili-motor.net\/de\/","name":"Leili Motor","description":"","publisher":{"@id":"https:\/\/www.leili-motor.net\/de\/#organization"},"potentialAction":[{"@type":"SearchAction","target":{"@type":"EntryPoint","urlTemplate":"https:\/\/www.leili-motor.net\/de\/?s={search_term_string}"},"query-input":{"@type":"PropertyValueSpecification","valueRequired":true,"valueName":"search_term_string"}}],"inLanguage":"de"},{"@type":"Organization","@id":"https:\/\/www.leili-motor.net\/de\/#organization","name":"Leili Motor","url":"https:\/\/www.leili-motor.net\/de\/","logo":{"@type":"ImageObject","inLanguage":"de","@id":"https:\/\/www.leili-motor.net\/de\/#\/schema\/logo\/image\/","url":"https:\/\/www.leili-motor.net\/wp-content\/uploads\/2025\/03\/Leili-Motor.png","contentUrl":"https:\/\/www.leili-motor.net\/wp-content\/uploads\/2025\/03\/Leili-Motor.png","width":600,"height":156,"caption":"Leili Motor"},"image":{"@id":"https:\/\/www.leili-motor.net\/de\/#\/schema\/logo\/image\/"}}]}},"_links":{"self":[{"href":"https:\/\/www.leili-motor.net\/de\/wp-json\/wp\/v2\/product\/8695","targetHints":{"allow":["GET"]}}],"collection":[{"href":"https:\/\/www.leili-motor.net\/de\/wp-json\/wp\/v2\/product"}],"about":[{"href":"https:\/\/www.leili-motor.net\/de\/wp-json\/wp\/v2\/types\/product"}],"replies":[{"embeddable":true,"href":"https:\/\/www.leili-motor.net\/de\/wp-json\/wp\/v2\/comments?post=8695"}],"wp:featuredmedia":[{"embeddable":true,"href":"https:\/\/www.leili-motor.net\/de\/wp-json\/wp\/v2\/media\/8269"}],"wp:attachment":[{"href":"https:\/\/www.leili-motor.net\/de\/wp-json\/wp\/v2\/media?parent=8695"}],"wp:term":[{"taxonomy":"product_brand","embeddable":true,"href":"https:\/\/www.leili-motor.net\/de\/wp-json\/wp\/v2\/product_brand?post=8695"},{"taxonomy":"product_cat","embeddable":true,"href":"https:\/\/www.leili-motor.net\/de\/wp-json\/wp\/v2\/product_cat?post=8695"},{"taxonomy":"product_tag","embeddable":true,"href":"https:\/\/www.leili-motor.net\/de\/wp-json\/wp\/v2\/product_tag?post=8695"}],"curies":[{"name":"wp","href":"https:\/\/api.w.org\/{rel}","templated":true}]}}