{"id":8696,"date":"2025-03-06T11:57:13","date_gmt":"2025-03-06T03:57:13","guid":{"rendered":"https:\/\/www.leili-motor.net\/fs-5710sh-mikro-gleichstrom-buerstenmotor\/"},"modified":"2025-03-06T11:57:13","modified_gmt":"2025-03-06T03:57:13","slug":"fs-5710sh-mikro-gleichstrom-buerstenmotor","status":"publish","type":"product","link":"https:\/\/www.leili-motor.net\/de\/fs-5710sh-mikro-gleichstrom-buerstenmotor.html","title":{"rendered":"FS-5710SH Mikro Gleichstrom B\u00fcrstenmotor"},"content":{"rendered":"<h2>Produktparameter<\/h2>\n<table>\n<tbody>\n<tr>\n<td>Model<\/td>\n<p>l<\/p>\n<td colspan=\"2\">Vol<\/td>\n<td colspan=\"2\">Leerlauf<\/td>\n<td colspan=\"5\">Max<\/td>\n<td colspan=\"3\">Stall<\/td>\n<\/tr>\n<tr>\n<td><\/td>\n<td>Arbeitsbereich<br \/>\n(V)<\/td>\n<td>Bewertet<br \/>\n(V)<\/td>\n<td>Drehzahl<br \/>\n(U\/min)<\/td>\n<td>Stromst\u00e4rke<br \/>\n(A)<\/td>\n<td>Drehzahl<br \/>\n(U\/min)<\/td>\n<td>Stromst\u00e4rke<br \/>\n(A)<\/td>\n<td>Drehmoment<br \/>\n(mN\u00b7m)<\/td>\n<td>Drehmoment<br \/>\n(g.cm)<\/td>\n<td>Leistung<br \/>\n(W)<\/td>\n<td>Drehmoment<br \/>\n(mN\u00b7m)<\/td>\n<td>Drehmoment<br \/>\n(g.cm)<\/td>\n<td>Stromst\u00e4rke<br \/>\n(A)<\/td>\n<\/tr>\n<tr>\n<td>FS-5710SH<\/td>\n<td>8-16.5<\/td>\n<td>12<\/td>\n<td>4500<\/td>\n<td>2<\/td>\n<td>3800<\/td>\n<td>2.5<\/td>\n<td>50<\/td>\n<td>510<\/td>\n<td>19<\/td>\n<td>234<\/td>\n<td>2387.8<\/td>\n<td>10.5<\/td>\n<\/tr>\n<\/tbody>\n<\/table>\n<h2>Mechanische Abmessungen: mm<\/h2>\n<p><img fetchpriority=\"high\" decoding=\"async\" class=\"size-full wp-image-843 aligncenter\" src=\"https:\/\/www.leili-motor.net\/wp-content\/uploads\/2025\/03\/Mechanical-Dimension-for-FS-5710SH-Micro-DC-Brush-Motor.webp\" alt=\"Mechanische Abmessungen f\u00fcr den Mikro-DC-B\u00fcrstenmotor FS-5710SH\" width=\"795\" height=\"300\" srcset=\"https:\/\/www.leili-motor.net\/wp-content\/uploads\/2025\/03\/Mechanical-Dimension-for-FS-5710SH-Micro-DC-Brush-Motor.webp 795w, https:\/\/www.leili-motor.net\/wp-content\/uploads\/2025\/03\/Mechanical-Dimension-for-FS-5710SH-Micro-DC-Brush-Motor-300x113.webp 300w, https:\/\/www.leili-motor.net\/wp-content\/uploads\/2025\/03\/Mechanical-Dimension-for-FS-5710SH-Micro-DC-Brush-Motor-768x290.webp 768w, https:\/\/www.leili-motor.net\/wp-content\/uploads\/2025\/03\/Mechanical-Dimension-for-FS-5710SH-Micro-DC-Brush-Motor-600x226.webp 600w\" sizes=\"(max-width: 795px) 100vw, 795px\" \/><\/p>\n<h2>Leistungskurven<\/h2>\n<p><img decoding=\"async\" class=\"size-full wp-image-844 aligncenter\" src=\"https:\/\/www.leili-motor.net\/wp-content\/uploads\/2025\/03\/Performance-Curves-for-FS-5710SH-Micro-DC-Brush-Motor.webp\" alt=\"Leistungskurven f\u00fcr den Mikro-DC-B\u00fcrstenmotor FS-5710SH\" width=\"759\" height=\"255\" srcset=\"https:\/\/www.leili-motor.net\/wp-content\/uploads\/2025\/03\/Performance-Curves-for-FS-5710SH-Micro-DC-Brush-Motor.webp 759w, https:\/\/www.leili-motor.net\/wp-content\/uploads\/2025\/03\/Performance-Curves-for-FS-5710SH-Micro-DC-Brush-Motor-300x101.webp 300w, https:\/\/www.leili-motor.net\/wp-content\/uploads\/2025\/03\/Performance-Curves-for-FS-5710SH-Micro-DC-Brush-Motor-600x202.webp 600w\" sizes=\"(max-width: 759px) 100vw, 759px\" \/><\/p>\n","protected":false},"excerpt":{"rendered":"<h3>Produkteinf\u00fchrung<\/h3>\n<ul>\n<li>Modell: FS-5710SH<\/li>\n<li>Gro\u00dfer Spannungsbereich: Betrieb zwischen 8 V und 16,5 V, mit einer Nennspannung von 12 V f\u00fcr vielseitige Anwendungen.<\/li>\n<li>Hohe Leistung: Liefert 4500 U\/min im Leerlauf, maximal 3800 U\/min mit 50 mN\u00b7m Drehmoment.<\/li>\n<li>Leistungsstark und effizient: Erzeugt 19 W Ausgangsleistung mit einem Blockierdrehmoment von 234 mN\u00b7m f\u00fcr anspruchsvolle Aufgaben.<\/li>\n<\/ul>\n<h3>Produktanwendung<\/h3>\n<ul>\n<li>Automobil: Automobil-Drosselklappe<\/li>\n<\/ul>\n","protected":false},"featured_media":8366,"comment_status":"open","ping_status":"closed","template":"","meta":{"site-sidebar-layout":"default","site-content-layout":"","ast-site-content-layout":"default","site-content-style":"default","site-sidebar-style":"default","ast-global-header-display":"","ast-banner-title-visibility":"","ast-main-header-display":"","ast-hfb-above-header-display":"","ast-hfb-below-header-display":"","ast-hfb-mobile-header-display":"","site-post-title":"","ast-breadcrumbs-content":"","ast-featured-img":"","footer-sml-layout":"","theme-transparent-header-meta":"default","adv-header-id-meta":"","stick-header-meta":"","header-above-stick-meta":"","header-main-stick-meta":"","header-below-stick-meta":"","astra-migrate-meta-layouts":"default","ast-page-background-enabled":"default","ast-page-background-meta":{"desktop":{"background-color":"var(--ast-global-color-5)","background-image":"","background-repeat":"repeat","background-position":"center center","background-size":"auto","background-attachment":"scroll","background-type":"","background-media":"","overlay-type":"","overlay-color":"","overlay-opacity":"","overlay-gradient":""},"tablet":{"background-color":"","background-image":"","background-repeat":"repeat","background-position":"center center","background-size":"auto","background-attachment":"scroll","background-type":"","background-media":"","overlay-type":"","overlay-color":"","overlay-opacity":"","overlay-gradient":""},"mobile":{"background-color":"","background-image":"","background-repeat":"repeat","background-position":"center center","background-size":"auto","background-attachment":"scroll","background-type":"","background-media":"","overlay-type":"","overlay-color":"","overlay-opacity":"","overlay-gradient":""}},"ast-content-background-meta":{"desktop":{"background-color":"var(--ast-global-color-4)","background-image":"","background-repeat":"repeat","background-position":"center center","background-size":"auto","background-attachment":"scroll","background-type":"","background-media":"","overlay-type":"","overlay-color":"","overlay-opacity":"","overlay-gradient":""},"tablet":{"background-color":"var(--ast-global-color-4)","background-image":"","background-repeat":"repeat","background-position":"center center","background-size":"auto","background-attachment":"scroll","background-type":"","background-media":"","overlay-type":"","overlay-color":"","overlay-opacity":"","overlay-gradient":""},"mobile":{"background-color":"var(--ast-global-color-4)","background-image":"","background-repeat":"repeat","background-position":"center center","background-size":"auto","background-attachment":"scroll","background-type":"","background-media":"","overlay-type":"","overlay-color":"","overlay-opacity":"","overlay-gradient":""}}},"product_brand":[],"product_cat":[974,988],"product_tag":[990],"class_list":{"0":"post-8696","1":"product","2":"type-product","3":"status-publish","4":"has-post-thumbnail","6":"product_cat-kategorie-gleichstrom-burstenmotor","7":"product_cat-mikro-gleichstrom-burstenmotors","8":"product_tag-einlass-und-auslass-drosselklappe","9":"pa_application-industrie","10":"pa_dc-brush-no-load-current-mehr-als-03","11":"pa_dc-brush-no-load-speed-3000-10000-de","12":"desktop-align-left","13":"tablet-align-left","14":"mobile-align-left","16":"first","17":"instock","18":"shipping-taxable","19":"product-type-simple"},"yoast_head":"<!-- This site is optimized with the Yoast SEO plugin v27.2 - https:\/\/yoast.com\/product\/yoast-seo-wordpress\/ -->\n<title>FS-5710SH Mikro Gleichstrom B\u00fcrstenmotor &#8211; Leili Motor<\/title>\n<meta name=\"description\" content=\"Der Mikro-Gleichstrom-B\u00fcrstenmotor RFS-5710SH bietet einen weiten Spannungsbereich, hohe Geschwindigkeit und ein starkes Drehmoment und gew\u00e4hrleistet so eine effiziente Leistung f\u00fcr Drosselklappenanwendungen in Kraftfahrzeugen.\" \/>\n<meta name=\"robots\" content=\"index, follow, max-snippet:-1, max-image-preview:large, max-video-preview:-1\" \/>\n<link rel=\"canonical\" href=\"https:\/\/www.leili-motor.net\/de\/fs-5710sh-mikro-gleichstrom-buerstenmotor.html\" \/>\n<script type=\"application\/ld+json\" class=\"yoast-schema-graph\">{\"@context\":\"https:\/\/schema.org\",\"@graph\":[{\"@type\":\"WebPage\",\"@id\":\"https:\/\/www.leili-motor.net\/de\/fs-5710sh-mikro-gleichstrom-buerstenmotor.html\",\"url\":\"https:\/\/www.leili-motor.net\/de\/fs-5710sh-mikro-gleichstrom-buerstenmotor.html\",\"name\":\"FS-5710SH Mikro Gleichstrom B\u00fcrstenmotor &#8211; Leili Motor\",\"isPartOf\":{\"@id\":\"https:\/\/www.leili-motor.net\/de\/#website\"},\"primaryImageOfPage\":{\"@id\":\"https:\/\/www.leili-motor.net\/de\/fs-5710sh-mikro-gleichstrom-buerstenmotor.html#primaryimage\"},\"image\":{\"@id\":\"https:\/\/www.leili-motor.net\/de\/fs-5710sh-mikro-gleichstrom-buerstenmotor.html#primaryimage\"},\"thumbnailUrl\":\"https:\/\/www.leili-motor.net\/wp-content\/uploads\/2025\/03\/FS-5710SH-Micro-DC-Brush-Motor.webp\",\"datePublished\":\"2025-03-06T03:57:13+00:00\",\"description\":\"Der Mikro-Gleichstrom-B\u00fcrstenmotor RFS-5710SH bietet einen weiten Spannungsbereich, hohe Geschwindigkeit und ein starkes Drehmoment und gew\u00e4hrleistet so eine effiziente Leistung f\u00fcr Drosselklappenanwendungen in Kraftfahrzeugen.\",\"breadcrumb\":{\"@id\":\"https:\/\/www.leili-motor.net\/de\/fs-5710sh-mikro-gleichstrom-buerstenmotor.html#breadcrumb\"},\"inLanguage\":\"de\",\"potentialAction\":[{\"@type\":\"ReadAction\",\"target\":[\"https:\/\/www.leili-motor.net\/de\/fs-5710sh-mikro-gleichstrom-buerstenmotor.html\"]}]},{\"@type\":\"ImageObject\",\"inLanguage\":\"de\",\"@id\":\"https:\/\/www.leili-motor.net\/de\/fs-5710sh-mikro-gleichstrom-buerstenmotor.html#primaryimage\",\"url\":\"https:\/\/www.leili-motor.net\/wp-content\/uploads\/2025\/03\/FS-5710SH-Micro-DC-Brush-Motor.webp\",\"contentUrl\":\"https:\/\/www.leili-motor.net\/wp-content\/uploads\/2025\/03\/FS-5710SH-Micro-DC-Brush-Motor.webp\",\"width\":454,\"height\":310,\"caption\":\"FS-5710SH Mikro-DC-B\u00fcrstenmotor\"},{\"@type\":\"BreadcrumbList\",\"@id\":\"https:\/\/www.leili-motor.net\/de\/fs-5710sh-mikro-gleichstrom-buerstenmotor.html#breadcrumb\",\"itemListElement\":[{\"@type\":\"ListItem\",\"position\":1,\"name\":\"Home\",\"item\":\"https:\/\/www.leili-motor.net\/de\/\"},{\"@type\":\"ListItem\",\"position\":2,\"name\":\"Produkte\",\"item\":\"https:\/\/www.leili-motor.net\/de\/produkte.html\"},{\"@type\":\"ListItem\",\"position\":3,\"name\":\"FS-5710SH Mikro Gleichstrom B\u00fcrstenmotor\"}]},{\"@type\":\"WebSite\",\"@id\":\"https:\/\/www.leili-motor.net\/de\/#website\",\"url\":\"https:\/\/www.leili-motor.net\/de\/\",\"name\":\"Leili Motor\",\"description\":\"\",\"publisher\":{\"@id\":\"https:\/\/www.leili-motor.net\/de\/#organization\"},\"potentialAction\":[{\"@type\":\"SearchAction\",\"target\":{\"@type\":\"EntryPoint\",\"urlTemplate\":\"https:\/\/www.leili-motor.net\/de\/?s={search_term_string}\"},\"query-input\":{\"@type\":\"PropertyValueSpecification\",\"valueRequired\":true,\"valueName\":\"search_term_string\"}}],\"inLanguage\":\"de\"},{\"@type\":\"Organization\",\"@id\":\"https:\/\/www.leili-motor.net\/de\/#organization\",\"name\":\"Leili Motor\",\"url\":\"https:\/\/www.leili-motor.net\/de\/\",\"logo\":{\"@type\":\"ImageObject\",\"inLanguage\":\"de\",\"@id\":\"https:\/\/www.leili-motor.net\/de\/#\/schema\/logo\/image\/\",\"url\":\"https:\/\/www.leili-motor.net\/wp-content\/uploads\/2025\/03\/Leili-Motor.png\",\"contentUrl\":\"https:\/\/www.leili-motor.net\/wp-content\/uploads\/2025\/03\/Leili-Motor.png\",\"width\":600,\"height\":156,\"caption\":\"Leili Motor\"},\"image\":{\"@id\":\"https:\/\/www.leili-motor.net\/de\/#\/schema\/logo\/image\/\"}}]}<\/script>\n<!-- \/ Yoast SEO plugin. -->","yoast_head_json":{"title":"FS-5710SH Mikro Gleichstrom B\u00fcrstenmotor &#8211; Leili Motor","description":"Der Mikro-Gleichstrom-B\u00fcrstenmotor RFS-5710SH bietet einen weiten Spannungsbereich, hohe Geschwindigkeit und ein starkes Drehmoment und gew\u00e4hrleistet so eine effiziente Leistung f\u00fcr Drosselklappenanwendungen in Kraftfahrzeugen.","robots":{"index":"index","follow":"follow","max-snippet":"max-snippet:-1","max-image-preview":"max-image-preview:large","max-video-preview":"max-video-preview:-1"},"canonical":"https:\/\/www.leili-motor.net\/de\/fs-5710sh-mikro-gleichstrom-buerstenmotor.html","schema":{"@context":"https:\/\/schema.org","@graph":[{"@type":"WebPage","@id":"https:\/\/www.leili-motor.net\/de\/fs-5710sh-mikro-gleichstrom-buerstenmotor.html","url":"https:\/\/www.leili-motor.net\/de\/fs-5710sh-mikro-gleichstrom-buerstenmotor.html","name":"FS-5710SH Mikro Gleichstrom B\u00fcrstenmotor &#8211; Leili Motor","isPartOf":{"@id":"https:\/\/www.leili-motor.net\/de\/#website"},"primaryImageOfPage":{"@id":"https:\/\/www.leili-motor.net\/de\/fs-5710sh-mikro-gleichstrom-buerstenmotor.html#primaryimage"},"image":{"@id":"https:\/\/www.leili-motor.net\/de\/fs-5710sh-mikro-gleichstrom-buerstenmotor.html#primaryimage"},"thumbnailUrl":"https:\/\/www.leili-motor.net\/wp-content\/uploads\/2025\/03\/FS-5710SH-Micro-DC-Brush-Motor.webp","datePublished":"2025-03-06T03:57:13+00:00","description":"Der Mikro-Gleichstrom-B\u00fcrstenmotor RFS-5710SH bietet einen weiten Spannungsbereich, hohe Geschwindigkeit und ein starkes Drehmoment und gew\u00e4hrleistet so eine effiziente Leistung f\u00fcr Drosselklappenanwendungen in Kraftfahrzeugen.","breadcrumb":{"@id":"https:\/\/www.leili-motor.net\/de\/fs-5710sh-mikro-gleichstrom-buerstenmotor.html#breadcrumb"},"inLanguage":"de","potentialAction":[{"@type":"ReadAction","target":["https:\/\/www.leili-motor.net\/de\/fs-5710sh-mikro-gleichstrom-buerstenmotor.html"]}]},{"@type":"ImageObject","inLanguage":"de","@id":"https:\/\/www.leili-motor.net\/de\/fs-5710sh-mikro-gleichstrom-buerstenmotor.html#primaryimage","url":"https:\/\/www.leili-motor.net\/wp-content\/uploads\/2025\/03\/FS-5710SH-Micro-DC-Brush-Motor.webp","contentUrl":"https:\/\/www.leili-motor.net\/wp-content\/uploads\/2025\/03\/FS-5710SH-Micro-DC-Brush-Motor.webp","width":454,"height":310,"caption":"FS-5710SH Mikro-DC-B\u00fcrstenmotor"},{"@type":"BreadcrumbList","@id":"https:\/\/www.leili-motor.net\/de\/fs-5710sh-mikro-gleichstrom-buerstenmotor.html#breadcrumb","itemListElement":[{"@type":"ListItem","position":1,"name":"Home","item":"https:\/\/www.leili-motor.net\/de\/"},{"@type":"ListItem","position":2,"name":"Produkte","item":"https:\/\/www.leili-motor.net\/de\/produkte.html"},{"@type":"ListItem","position":3,"name":"FS-5710SH Mikro Gleichstrom B\u00fcrstenmotor"}]},{"@type":"WebSite","@id":"https:\/\/www.leili-motor.net\/de\/#website","url":"https:\/\/www.leili-motor.net\/de\/","name":"Leili Motor","description":"","publisher":{"@id":"https:\/\/www.leili-motor.net\/de\/#organization"},"potentialAction":[{"@type":"SearchAction","target":{"@type":"EntryPoint","urlTemplate":"https:\/\/www.leili-motor.net\/de\/?s={search_term_string}"},"query-input":{"@type":"PropertyValueSpecification","valueRequired":true,"valueName":"search_term_string"}}],"inLanguage":"de"},{"@type":"Organization","@id":"https:\/\/www.leili-motor.net\/de\/#organization","name":"Leili Motor","url":"https:\/\/www.leili-motor.net\/de\/","logo":{"@type":"ImageObject","inLanguage":"de","@id":"https:\/\/www.leili-motor.net\/de\/#\/schema\/logo\/image\/","url":"https:\/\/www.leili-motor.net\/wp-content\/uploads\/2025\/03\/Leili-Motor.png","contentUrl":"https:\/\/www.leili-motor.net\/wp-content\/uploads\/2025\/03\/Leili-Motor.png","width":600,"height":156,"caption":"Leili Motor"},"image":{"@id":"https:\/\/www.leili-motor.net\/de\/#\/schema\/logo\/image\/"}}]}},"_links":{"self":[{"href":"https:\/\/www.leili-motor.net\/de\/wp-json\/wp\/v2\/product\/8696","targetHints":{"allow":["GET"]}}],"collection":[{"href":"https:\/\/www.leili-motor.net\/de\/wp-json\/wp\/v2\/product"}],"about":[{"href":"https:\/\/www.leili-motor.net\/de\/wp-json\/wp\/v2\/types\/product"}],"replies":[{"embeddable":true,"href":"https:\/\/www.leili-motor.net\/de\/wp-json\/wp\/v2\/comments?post=8696"}],"wp:featuredmedia":[{"embeddable":true,"href":"https:\/\/www.leili-motor.net\/de\/wp-json\/wp\/v2\/media\/8366"}],"wp:attachment":[{"href":"https:\/\/www.leili-motor.net\/de\/wp-json\/wp\/v2\/media?parent=8696"}],"wp:term":[{"taxonomy":"product_brand","embeddable":true,"href":"https:\/\/www.leili-motor.net\/de\/wp-json\/wp\/v2\/product_brand?post=8696"},{"taxonomy":"product_cat","embeddable":true,"href":"https:\/\/www.leili-motor.net\/de\/wp-json\/wp\/v2\/product_cat?post=8696"},{"taxonomy":"product_tag","embeddable":true,"href":"https:\/\/www.leili-motor.net\/de\/wp-json\/wp\/v2\/product_tag?post=8696"}],"curies":[{"name":"wp","href":"https:\/\/api.w.org\/{rel}","templated":true}]}}