{"id":8699,"date":"2025-03-06T11:16:34","date_gmt":"2025-03-06T03:16:34","guid":{"rendered":"https:\/\/www.leili-motor.net\/rs-555sh-mikro-gleichstrom-buerstenmotor\/"},"modified":"2025-03-06T11:16:34","modified_gmt":"2025-03-06T03:16:34","slug":"rs-555sh-mikro-gleichstrom-buerstenmotor","status":"publish","type":"product","link":"https:\/\/www.leili-motor.net\/de\/rs-555sh-mikro-gleichstrom-buerstenmotor.html","title":{"rendered":"RS-555SH Mikro Gleichstrom B\u00fcrstenmotor"},"content":{"rendered":"<h2>Produktparameter<\/h2>\n<table>\n<tbody>\n<tr>\n<td colspan=\"2\">Motortyp<\/td>\n<td colspan=\"2\">Stromspannung<\/td>\n<td colspan=\"2\">Entladen<\/td>\n<td colspan=\"5\">Mit maximaler Effizienz<\/td>\n<td colspan=\"3\">Stall<\/td>\n<\/tr>\n<tr>\n<td colspan=\"2\"><\/td>\n<td>Arbeitsbereich (V)<\/td>\n<td>Nennspannung (V)<\/td>\n<td>Drehzahl<br \/>\n(U\/min)<\/td>\n<td>Elektrischer Strom (A)<\/td>\n<td>Drehzahl<br \/>\n(U\/min)<\/td>\n<td>Elektrischer Strom (A)<\/td>\n<td>Drehmoment (mN\u00b7m)<\/td>\n<td>Drehmoment (g\u00b7cm)<\/td>\n<td>Abgabeleistung (W)<\/td>\n<td>Drehmoment (mN\u00b7m)<\/td>\n<td>Drehmoment (g\u00b7cm)<\/td>\n<td>Elektrischer Strom (A)<\/td>\n<\/tr>\n<tr>\n<td>RS-555SH<\/td>\n<td>15260<\/td>\n<td>12-28<\/td>\n<td>24<\/td>\n<td>1850<\/td>\n<td>0.026<\/td>\n<td>1560<\/td>\n<td>0.15<\/td>\n<td>14.7<\/td>\n<td>150<\/td>\n<td>2.4<\/td>\n<td>84.529<\/td>\n<td>862.54<\/td>\n<td>0.72<\/td>\n<\/tr>\n<tr>\n<td>RS-555SH<\/td>\n<td>3256<\/td>\n<td>12-28<\/td>\n<td>12<\/td>\n<td>5000<\/td>\n<td>0.26<\/td>\n<td>4309<\/td>\n<td>0.15<\/td>\n<td>1.12<\/td>\n<td>207.7143<\/td>\n<td>9.185<\/td>\n<td>147.3<\/td>\n<td>1503.061<\/td>\n<td>7.00<\/td>\n<\/tr>\n<\/tbody>\n<\/table>\n<h2>Mechanische Abmessungen: mm<\/h2>\n<p><img fetchpriority=\"high\" decoding=\"async\" class=\"size-full wp-image-776 aligncenter\" src=\"https:\/\/www.leili-motor.net\/wp-content\/uploads\/2025\/03\/Mechanical-Dimension-for-RS-555SH-Micro-DC-Brush-Motor.webp\" alt=\"Mechanische Abmessungen f\u00fcr den Mikro-DC-B\u00fcrstenmotor RS-555SH\" width=\"795\" height=\"252\" srcset=\"https:\/\/www.leili-motor.net\/wp-content\/uploads\/2025\/03\/Mechanical-Dimension-for-RS-555SH-Micro-DC-Brush-Motor.webp 795w, https:\/\/www.leili-motor.net\/wp-content\/uploads\/2025\/03\/Mechanical-Dimension-for-RS-555SH-Micro-DC-Brush-Motor-300x95.webp 300w, https:\/\/www.leili-motor.net\/wp-content\/uploads\/2025\/03\/Mechanical-Dimension-for-RS-555SH-Micro-DC-Brush-Motor-768x243.webp 768w, https:\/\/www.leili-motor.net\/wp-content\/uploads\/2025\/03\/Mechanical-Dimension-for-RS-555SH-Micro-DC-Brush-Motor-600x190.webp 600w\" sizes=\"(max-width: 795px) 100vw, 795px\" \/><\/p>\n<h2>Leistungskurven<\/h2>\n<p><img decoding=\"async\" class=\"size-full wp-image-777 aligncenter\" src=\"https:\/\/www.leili-motor.net\/wp-content\/uploads\/2025\/03\/Performance-Curves-for-RS-555SH-Micro-DC-Brush-Motor.webp\" alt=\"Leistungskurven f\u00fcr den RS-555SH Micro DC-B\u00fcrstenmotor\" width=\"759\" height=\"234\" srcset=\"https:\/\/www.leili-motor.net\/wp-content\/uploads\/2025\/03\/Performance-Curves-for-RS-555SH-Micro-DC-Brush-Motor.webp 759w, https:\/\/www.leili-motor.net\/wp-content\/uploads\/2025\/03\/Performance-Curves-for-RS-555SH-Micro-DC-Brush-Motor-300x92.webp 300w, https:\/\/www.leili-motor.net\/wp-content\/uploads\/2025\/03\/Performance-Curves-for-RS-555SH-Micro-DC-Brush-Motor-600x185.webp 600w\" sizes=\"(max-width: 759px) 100vw, 759px\" \/><\/p>\n","protected":false},"excerpt":{"rendered":"<h3>Produkteinf\u00fchrung<\/h3>\n<ul>\n<li>RS-555SH 15260: Betrieb mit 12\u201328 V, 1850 U\/min ohne Last, 1560 U\/min bei maximaler Effizienz, 14,7 mN\u00b7m Drehmoment.<\/li>\n<li>RS-555SH 3256: L\u00e4uft mit 12\u201328 V, 5000 U\/min ohne Last, 4309 U\/min bei maximaler Effizienz, 1,12 mN\u00b7m Drehmoment.<\/li>\n<li>Zuverl\u00e4ssige Leistung: Ein hocheffizienter Mikro-Gleichstrom-B\u00fcrstenmotor eignet sich f\u00fcr Anwendungen, die einen stabilen und pr\u00e4zisen Betrieb erfordern.<\/li>\n<\/ul>\n<h3>Produktanwendung<\/h3>\n<ul>\n<li>Haushaltsger\u00e4te: Wasserreiniger<\/li>\n<li>Sport Gesundheit: Spielkonsolen<\/li>\n<li>Autoteile: Sicherheitsgurt, elektronisches Parken<\/li>\n<\/ul>\n","protected":false},"featured_media":8332,"comment_status":"open","ping_status":"closed","template":"","meta":{"site-sidebar-layout":"default","site-content-layout":"","ast-site-content-layout":"default","site-content-style":"default","site-sidebar-style":"default","ast-global-header-display":"","ast-banner-title-visibility":"","ast-main-header-display":"","ast-hfb-above-header-display":"","ast-hfb-below-header-display":"","ast-hfb-mobile-header-display":"","site-post-title":"","ast-breadcrumbs-content":"","ast-featured-img":"","footer-sml-layout":"","theme-transparent-header-meta":"default","adv-header-id-meta":"","stick-header-meta":"","header-above-stick-meta":"","header-main-stick-meta":"","header-below-stick-meta":"","astra-migrate-meta-layouts":"default","ast-page-background-enabled":"default","ast-page-background-meta":{"desktop":{"background-color":"var(--ast-global-color-5)","background-image":"","background-repeat":"repeat","background-position":"center center","background-size":"auto","background-attachment":"scroll","background-type":"","background-media":"","overlay-type":"","overlay-color":"","overlay-opacity":"","overlay-gradient":""},"tablet":{"background-color":"","background-image":"","background-repeat":"repeat","background-position":"center center","background-size":"auto","background-attachment":"scroll","background-type":"","background-media":"","overlay-type":"","overlay-color":"","overlay-opacity":"","overlay-gradient":""},"mobile":{"background-color":"","background-image":"","background-repeat":"repeat","background-position":"center center","background-size":"auto","background-attachment":"scroll","background-type":"","background-media":"","overlay-type":"","overlay-color":"","overlay-opacity":"","overlay-gradient":""}},"ast-content-background-meta":{"desktop":{"background-color":"var(--ast-global-color-4)","background-image":"","background-repeat":"repeat","background-position":"center center","background-size":"auto","background-attachment":"scroll","background-type":"","background-media":"","overlay-type":"","overlay-color":"","overlay-opacity":"","overlay-gradient":""},"tablet":{"background-color":"var(--ast-global-color-4)","background-image":"","background-repeat":"repeat","background-position":"center center","background-size":"auto","background-attachment":"scroll","background-type":"","background-media":"","overlay-type":"","overlay-color":"","overlay-opacity":"","overlay-gradient":""},"mobile":{"background-color":"var(--ast-global-color-4)","background-image":"","background-repeat":"repeat","background-position":"center center","background-size":"auto","background-attachment":"scroll","background-type":"","background-media":"","overlay-type":"","overlay-color":"","overlay-opacity":"","overlay-gradient":""}}},"product_brand":[],"product_cat":[974,988],"product_tag":[984,991],"class_list":{"0":"post-8699","1":"product","2":"type-product","3":"status-publish","4":"has-post-thumbnail","6":"product_cat-kategorie-gleichstrom-burstenmotor","7":"product_cat-mikro-gleichstrom-burstenmotors","8":"product_tag-sicherheitssystem-elektronisches-parken","9":"product_tag-sicherheitssystem-sicherheitsgurt","10":"pa_application-autoteile","11":"pa_dc-brush-no-load-current-0-0-1-de","12":"pa_dc-brush-no-load-current-0-1-0-2-de","13":"pa_dc-brush-no-load-current-0-2-0-3-de","14":"pa_dc-brush-no-load-speed-1000-3000-de","15":"pa_dc-brush-no-load-speed-3000-10000-de","16":"desktop-align-left","17":"tablet-align-left","18":"mobile-align-left","20":"first","21":"instock","22":"shipping-taxable","23":"product-type-simple"},"yoast_head":"<!-- This site is optimized with the Yoast SEO plugin v27.2 - https:\/\/yoast.com\/product\/yoast-seo-wordpress\/ -->\n<title>RS-555SH Mikro Gleichstrom B\u00fcrstenmotor &#8211; Leili Motor<\/title>\n<meta name=\"description\" content=\"Der Mikro-Gleichstrom-B\u00fcrstenmotor RS-555SH umfasst 15260 f\u00fcr stabiles Drehmoment und 3256 f\u00fcr Hochgeschwindigkeitsanwendungen und gew\u00e4hrleistet so eine zuverl\u00e4ssige Leistung in Wasserreinigern, Spielkonsolen, Sicherheitsgurten und elektronischen Parksystemen.\" \/>\n<meta name=\"robots\" content=\"index, follow, max-snippet:-1, max-image-preview:large, max-video-preview:-1\" \/>\n<link rel=\"canonical\" href=\"https:\/\/www.leili-motor.net\/de\/rs-555sh-mikro-gleichstrom-buerstenmotor.html\" \/>\n<script type=\"application\/ld+json\" class=\"yoast-schema-graph\">{\"@context\":\"https:\/\/schema.org\",\"@graph\":[{\"@type\":\"WebPage\",\"@id\":\"https:\/\/www.leili-motor.net\/de\/rs-555sh-mikro-gleichstrom-buerstenmotor.html\",\"url\":\"https:\/\/www.leili-motor.net\/de\/rs-555sh-mikro-gleichstrom-buerstenmotor.html\",\"name\":\"RS-555SH Mikro Gleichstrom B\u00fcrstenmotor &#8211; Leili Motor\",\"isPartOf\":{\"@id\":\"https:\/\/www.leili-motor.net\/de\/#website\"},\"primaryImageOfPage\":{\"@id\":\"https:\/\/www.leili-motor.net\/de\/rs-555sh-mikro-gleichstrom-buerstenmotor.html#primaryimage\"},\"image\":{\"@id\":\"https:\/\/www.leili-motor.net\/de\/rs-555sh-mikro-gleichstrom-buerstenmotor.html#primaryimage\"},\"thumbnailUrl\":\"https:\/\/www.leili-motor.net\/wp-content\/uploads\/2025\/03\/RS-555SH-Micro-DC-Brush-Motor.webp\",\"datePublished\":\"2025-03-06T03:16:34+00:00\",\"description\":\"Der Mikro-Gleichstrom-B\u00fcrstenmotor RS-555SH umfasst 15260 f\u00fcr stabiles Drehmoment und 3256 f\u00fcr Hochgeschwindigkeitsanwendungen und gew\u00e4hrleistet so eine zuverl\u00e4ssige Leistung in Wasserreinigern, Spielkonsolen, Sicherheitsgurten und elektronischen Parksystemen.\",\"breadcrumb\":{\"@id\":\"https:\/\/www.leili-motor.net\/de\/rs-555sh-mikro-gleichstrom-buerstenmotor.html#breadcrumb\"},\"inLanguage\":\"de\",\"potentialAction\":[{\"@type\":\"ReadAction\",\"target\":[\"https:\/\/www.leili-motor.net\/de\/rs-555sh-mikro-gleichstrom-buerstenmotor.html\"]}]},{\"@type\":\"ImageObject\",\"inLanguage\":\"de\",\"@id\":\"https:\/\/www.leili-motor.net\/de\/rs-555sh-mikro-gleichstrom-buerstenmotor.html#primaryimage\",\"url\":\"https:\/\/www.leili-motor.net\/wp-content\/uploads\/2025\/03\/RS-555SH-Micro-DC-Brush-Motor.webp\",\"contentUrl\":\"https:\/\/www.leili-motor.net\/wp-content\/uploads\/2025\/03\/RS-555SH-Micro-DC-Brush-Motor.webp\",\"width\":454,\"height\":310,\"caption\":\"RS-555SH Mikro-DC-B\u00fcrstenmotor\"},{\"@type\":\"BreadcrumbList\",\"@id\":\"https:\/\/www.leili-motor.net\/de\/rs-555sh-mikro-gleichstrom-buerstenmotor.html#breadcrumb\",\"itemListElement\":[{\"@type\":\"ListItem\",\"position\":1,\"name\":\"Home\",\"item\":\"https:\/\/www.leili-motor.net\/de\/\"},{\"@type\":\"ListItem\",\"position\":2,\"name\":\"Produkte\",\"item\":\"https:\/\/www.leili-motor.net\/de\/produkte.html\"},{\"@type\":\"ListItem\",\"position\":3,\"name\":\"RS-555SH Mikro Gleichstrom B\u00fcrstenmotor\"}]},{\"@type\":\"WebSite\",\"@id\":\"https:\/\/www.leili-motor.net\/de\/#website\",\"url\":\"https:\/\/www.leili-motor.net\/de\/\",\"name\":\"Leili Motor\",\"description\":\"\",\"publisher\":{\"@id\":\"https:\/\/www.leili-motor.net\/de\/#organization\"},\"potentialAction\":[{\"@type\":\"SearchAction\",\"target\":{\"@type\":\"EntryPoint\",\"urlTemplate\":\"https:\/\/www.leili-motor.net\/de\/?s={search_term_string}\"},\"query-input\":{\"@type\":\"PropertyValueSpecification\",\"valueRequired\":true,\"valueName\":\"search_term_string\"}}],\"inLanguage\":\"de\"},{\"@type\":\"Organization\",\"@id\":\"https:\/\/www.leili-motor.net\/de\/#organization\",\"name\":\"Leili Motor\",\"url\":\"https:\/\/www.leili-motor.net\/de\/\",\"logo\":{\"@type\":\"ImageObject\",\"inLanguage\":\"de\",\"@id\":\"https:\/\/www.leili-motor.net\/de\/#\/schema\/logo\/image\/\",\"url\":\"https:\/\/www.leili-motor.net\/wp-content\/uploads\/2025\/03\/Leili-Motor.png\",\"contentUrl\":\"https:\/\/www.leili-motor.net\/wp-content\/uploads\/2025\/03\/Leili-Motor.png\",\"width\":600,\"height\":156,\"caption\":\"Leili Motor\"},\"image\":{\"@id\":\"https:\/\/www.leili-motor.net\/de\/#\/schema\/logo\/image\/\"}}]}<\/script>\n<!-- \/ Yoast SEO plugin. -->","yoast_head_json":{"title":"RS-555SH Mikro Gleichstrom B\u00fcrstenmotor &#8211; Leili Motor","description":"Der Mikro-Gleichstrom-B\u00fcrstenmotor RS-555SH umfasst 15260 f\u00fcr stabiles Drehmoment und 3256 f\u00fcr Hochgeschwindigkeitsanwendungen und gew\u00e4hrleistet so eine zuverl\u00e4ssige Leistung in Wasserreinigern, Spielkonsolen, Sicherheitsgurten und elektronischen Parksystemen.","robots":{"index":"index","follow":"follow","max-snippet":"max-snippet:-1","max-image-preview":"max-image-preview:large","max-video-preview":"max-video-preview:-1"},"canonical":"https:\/\/www.leili-motor.net\/de\/rs-555sh-mikro-gleichstrom-buerstenmotor.html","schema":{"@context":"https:\/\/schema.org","@graph":[{"@type":"WebPage","@id":"https:\/\/www.leili-motor.net\/de\/rs-555sh-mikro-gleichstrom-buerstenmotor.html","url":"https:\/\/www.leili-motor.net\/de\/rs-555sh-mikro-gleichstrom-buerstenmotor.html","name":"RS-555SH Mikro Gleichstrom B\u00fcrstenmotor &#8211; Leili Motor","isPartOf":{"@id":"https:\/\/www.leili-motor.net\/de\/#website"},"primaryImageOfPage":{"@id":"https:\/\/www.leili-motor.net\/de\/rs-555sh-mikro-gleichstrom-buerstenmotor.html#primaryimage"},"image":{"@id":"https:\/\/www.leili-motor.net\/de\/rs-555sh-mikro-gleichstrom-buerstenmotor.html#primaryimage"},"thumbnailUrl":"https:\/\/www.leili-motor.net\/wp-content\/uploads\/2025\/03\/RS-555SH-Micro-DC-Brush-Motor.webp","datePublished":"2025-03-06T03:16:34+00:00","description":"Der Mikro-Gleichstrom-B\u00fcrstenmotor RS-555SH umfasst 15260 f\u00fcr stabiles Drehmoment und 3256 f\u00fcr Hochgeschwindigkeitsanwendungen und gew\u00e4hrleistet so eine zuverl\u00e4ssige Leistung in Wasserreinigern, Spielkonsolen, Sicherheitsgurten und elektronischen Parksystemen.","breadcrumb":{"@id":"https:\/\/www.leili-motor.net\/de\/rs-555sh-mikro-gleichstrom-buerstenmotor.html#breadcrumb"},"inLanguage":"de","potentialAction":[{"@type":"ReadAction","target":["https:\/\/www.leili-motor.net\/de\/rs-555sh-mikro-gleichstrom-buerstenmotor.html"]}]},{"@type":"ImageObject","inLanguage":"de","@id":"https:\/\/www.leili-motor.net\/de\/rs-555sh-mikro-gleichstrom-buerstenmotor.html#primaryimage","url":"https:\/\/www.leili-motor.net\/wp-content\/uploads\/2025\/03\/RS-555SH-Micro-DC-Brush-Motor.webp","contentUrl":"https:\/\/www.leili-motor.net\/wp-content\/uploads\/2025\/03\/RS-555SH-Micro-DC-Brush-Motor.webp","width":454,"height":310,"caption":"RS-555SH Mikro-DC-B\u00fcrstenmotor"},{"@type":"BreadcrumbList","@id":"https:\/\/www.leili-motor.net\/de\/rs-555sh-mikro-gleichstrom-buerstenmotor.html#breadcrumb","itemListElement":[{"@type":"ListItem","position":1,"name":"Home","item":"https:\/\/www.leili-motor.net\/de\/"},{"@type":"ListItem","position":2,"name":"Produkte","item":"https:\/\/www.leili-motor.net\/de\/produkte.html"},{"@type":"ListItem","position":3,"name":"RS-555SH Mikro Gleichstrom B\u00fcrstenmotor"}]},{"@type":"WebSite","@id":"https:\/\/www.leili-motor.net\/de\/#website","url":"https:\/\/www.leili-motor.net\/de\/","name":"Leili Motor","description":"","publisher":{"@id":"https:\/\/www.leili-motor.net\/de\/#organization"},"potentialAction":[{"@type":"SearchAction","target":{"@type":"EntryPoint","urlTemplate":"https:\/\/www.leili-motor.net\/de\/?s={search_term_string}"},"query-input":{"@type":"PropertyValueSpecification","valueRequired":true,"valueName":"search_term_string"}}],"inLanguage":"de"},{"@type":"Organization","@id":"https:\/\/www.leili-motor.net\/de\/#organization","name":"Leili Motor","url":"https:\/\/www.leili-motor.net\/de\/","logo":{"@type":"ImageObject","inLanguage":"de","@id":"https:\/\/www.leili-motor.net\/de\/#\/schema\/logo\/image\/","url":"https:\/\/www.leili-motor.net\/wp-content\/uploads\/2025\/03\/Leili-Motor.png","contentUrl":"https:\/\/www.leili-motor.net\/wp-content\/uploads\/2025\/03\/Leili-Motor.png","width":600,"height":156,"caption":"Leili Motor"},"image":{"@id":"https:\/\/www.leili-motor.net\/de\/#\/schema\/logo\/image\/"}}]}},"_links":{"self":[{"href":"https:\/\/www.leili-motor.net\/de\/wp-json\/wp\/v2\/product\/8699","targetHints":{"allow":["GET"]}}],"collection":[{"href":"https:\/\/www.leili-motor.net\/de\/wp-json\/wp\/v2\/product"}],"about":[{"href":"https:\/\/www.leili-motor.net\/de\/wp-json\/wp\/v2\/types\/product"}],"replies":[{"embeddable":true,"href":"https:\/\/www.leili-motor.net\/de\/wp-json\/wp\/v2\/comments?post=8699"}],"wp:featuredmedia":[{"embeddable":true,"href":"https:\/\/www.leili-motor.net\/de\/wp-json\/wp\/v2\/media\/8332"}],"wp:attachment":[{"href":"https:\/\/www.leili-motor.net\/de\/wp-json\/wp\/v2\/media?parent=8699"}],"wp:term":[{"taxonomy":"product_brand","embeddable":true,"href":"https:\/\/www.leili-motor.net\/de\/wp-json\/wp\/v2\/product_brand?post=8699"},{"taxonomy":"product_cat","embeddable":true,"href":"https:\/\/www.leili-motor.net\/de\/wp-json\/wp\/v2\/product_cat?post=8699"},{"taxonomy":"product_tag","embeddable":true,"href":"https:\/\/www.leili-motor.net\/de\/wp-json\/wp\/v2\/product_tag?post=8699"}],"curies":[{"name":"wp","href":"https:\/\/api.w.org\/{rel}","templated":true}]}}