{"id":8706,"date":"2025-03-05T16:15:22","date_gmt":"2025-03-05T08:15:22","guid":{"rendered":"https:\/\/www.leili-motor.net\/fs-5412sa-mikro-gleichstrom-buerstenmotor\/"},"modified":"2025-03-05T16:15:22","modified_gmt":"2025-03-05T08:15:22","slug":"fs-5412sa-mikro-gleichstrom-buerstenmotor","status":"publish","type":"product","link":"https:\/\/www.leili-motor.net\/de\/fs-5412sa-mikro-gleichstrom-buerstenmotor.html","title":{"rendered":"FS-5412SA Mikro Gleichstrom B\u00fcrstenmotor"},"content":{"rendered":"<h2>Produktparameter<\/h2>\n<table>\n<tbody>\n<tr>\n<td rowspan=\"2\">Modell<\/td>\n<td rowspan=\"2\">Nennspannung<br \/>\n(VAC)<\/td>\n<td rowspan=\"2\">Eingangsstrom<br \/>\n(mA)<\/td>\n<td rowspan=\"2\">Leerlaufdrehzahl<br \/>\n (U\/min)<\/td>\n<td rowspan=\"2\">Eingangsleistung<br \/>\n(W)<\/td>\n<td colspan=\"2\">  Last<br \/>\n55mN\u00b7m<\/td>\n<\/tr>\n<tr>\n<td>Stromst\u00e4rke(A)<\/td>\n<td>Last-Drehzahl(U\/min)<\/td>\n<\/tr>\n<tr>\n<td>FS-5412SA-3<\/td>\n<td>120<\/td>\n<td>\u22640.5<\/td>\n<td>11200\u00b110%<\/td>\n<td>\u22646.6<\/td>\n<td>\u22640.9A<\/td>\n<td>4500\u00b110%<\/td>\n<\/tr>\n<\/tbody>\n<\/table>\n<h2>Mechanische Abmessungen: mm<\/h2>\n<p><img fetchpriority=\"high\" decoding=\"async\" class=\"size-full wp-image-523 aligncenter\" src=\"https:\/\/www.leili-motor.net\/wp-content\/uploads\/2025\/03\/Mechanical-Dimension-for-FS-5412SA-Micro-DC-Brush-Motor.png\" alt=\"Mechanische Abmessungen f\u00fcr den Mikro-DC-B\u00fcrstenmotor FS-5412SA\" width=\"759\" height=\"447\" srcset=\"https:\/\/www.leili-motor.net\/wp-content\/uploads\/2025\/03\/Mechanical-Dimension-for-FS-5412SA-Micro-DC-Brush-Motor.png 759w, https:\/\/www.leili-motor.net\/wp-content\/uploads\/2025\/03\/Mechanical-Dimension-for-FS-5412SA-Micro-DC-Brush-Motor-300x177.png 300w, https:\/\/www.leili-motor.net\/wp-content\/uploads\/2025\/03\/Mechanical-Dimension-for-FS-5412SA-Micro-DC-Brush-Motor-600x353.png 600w\" sizes=\"(max-width: 759px) 100vw, 759px\" \/><\/p>\n","protected":false},"excerpt":{"rendered":"<h3>Produkteinf\u00fchrung<\/h3>\n<ul>\n<li>Effiziente Leistung: Betrieb bei 120 V mit \u22640,5 A Eingangsspannung, was eine zuverl\u00e4ssige und stabile Energieeffizienz gew\u00e4hrleistet.<\/li>\n<li>Hochgeschwindigkeitsbetrieb: Perfekt f\u00fcr pr\u00e4zisionsgesteuerte Anwendungen, mit einer Leerlaufdrehzahl von 11200 \u00b1 10 %.<\/li>\n<li>Niedriger Stromverbrauch: Verbraucht \u22646,6 W und ist somit eine energieeffiziente Wahl f\u00fcr verschiedene kompakte Ger\u00e4te.<\/li>\n<\/ul>\n<h3>Produktanwendung<\/h3>\n<ul>\n<li>K\u00fchlschrank<\/li>\n<\/ul>\n","protected":false},"featured_media":8196,"comment_status":"open","ping_status":"closed","template":"","meta":{"site-sidebar-layout":"default","site-content-layout":"","ast-site-content-layout":"default","site-content-style":"default","site-sidebar-style":"default","ast-global-header-display":"","ast-banner-title-visibility":"","ast-main-header-display":"","ast-hfb-above-header-display":"","ast-hfb-below-header-display":"","ast-hfb-mobile-header-display":"","site-post-title":"","ast-breadcrumbs-content":"","ast-featured-img":"","footer-sml-layout":"","theme-transparent-header-meta":"default","adv-header-id-meta":"","stick-header-meta":"","header-above-stick-meta":"","header-main-stick-meta":"","header-below-stick-meta":"","astra-migrate-meta-layouts":"default","ast-page-background-enabled":"default","ast-page-background-meta":{"desktop":{"background-color":"var(--ast-global-color-5)","background-image":"","background-repeat":"repeat","background-position":"center center","background-size":"auto","background-attachment":"scroll","background-type":"","background-media":"","overlay-type":"","overlay-color":"","overlay-opacity":"","overlay-gradient":""},"tablet":{"background-color":"","background-image":"","background-repeat":"repeat","background-position":"center center","background-size":"auto","background-attachment":"scroll","background-type":"","background-media":"","overlay-type":"","overlay-color":"","overlay-opacity":"","overlay-gradient":""},"mobile":{"background-color":"","background-image":"","background-repeat":"repeat","background-position":"center center","background-size":"auto","background-attachment":"scroll","background-type":"","background-media":"","overlay-type":"","overlay-color":"","overlay-opacity":"","overlay-gradient":""}},"ast-content-background-meta":{"desktop":{"background-color":"var(--ast-global-color-4)","background-image":"","background-repeat":"repeat","background-position":"center center","background-size":"auto","background-attachment":"scroll","background-type":"","background-media":"","overlay-type":"","overlay-color":"","overlay-opacity":"","overlay-gradient":""},"tablet":{"background-color":"var(--ast-global-color-4)","background-image":"","background-repeat":"repeat","background-position":"center center","background-size":"auto","background-attachment":"scroll","background-type":"","background-media":"","overlay-type":"","overlay-color":"","overlay-opacity":"","overlay-gradient":""},"mobile":{"background-color":"var(--ast-global-color-4)","background-image":"","background-repeat":"repeat","background-position":"center center","background-size":"auto","background-attachment":"scroll","background-type":"","background-media":"","overlay-type":"","overlay-color":"","overlay-opacity":"","overlay-gradient":""}}},"product_brand":[],"product_cat":[974,988],"product_tag":[],"class_list":{"0":"post-8706","1":"product","2":"type-product","3":"status-publish","4":"has-post-thumbnail","6":"product_cat-kategorie-gleichstrom-burstenmotor","7":"product_cat-mikro-gleichstrom-burstenmotors","8":"desktop-align-left","9":"tablet-align-left","10":"mobile-align-left","12":"first","13":"instock","14":"shipping-taxable","15":"product-type-simple"},"yoast_head":"<!-- This site is optimized with the Yoast SEO plugin v27.2 - https:\/\/yoast.com\/product\/yoast-seo-wordpress\/ -->\n<title>FS-5412SA Mikro Gleichstrom B\u00fcrstenmotor &#8211; Leili Motor<\/title>\n<meta name=\"description\" content=\"Der Mikro-Gleichstrom-B\u00fcrstenmotor FS-5412SA arbeitet mit 120 V und gew\u00e4hrleistet eine effiziente Leistung mit \u2264 0,5 A Eingangsleistung, 11200 \u00b1 10 % Leerlaufdrehzahl und \u2264 6,6 W Stromverbrauch, ideal f\u00fcr K\u00fchlschr\u00e4nke.\" \/>\n<meta name=\"robots\" content=\"index, follow, max-snippet:-1, max-image-preview:large, max-video-preview:-1\" \/>\n<link rel=\"canonical\" href=\"https:\/\/www.leili-motor.net\/de\/fs-5412sa-mikro-gleichstrom-buerstenmotor.html\" \/>\n<script type=\"application\/ld+json\" class=\"yoast-schema-graph\">{\"@context\":\"https:\/\/schema.org\",\"@graph\":[{\"@type\":\"WebPage\",\"@id\":\"https:\/\/www.leili-motor.net\/de\/fs-5412sa-mikro-gleichstrom-buerstenmotor.html\",\"url\":\"https:\/\/www.leili-motor.net\/de\/fs-5412sa-mikro-gleichstrom-buerstenmotor.html\",\"name\":\"FS-5412SA Mikro Gleichstrom B\u00fcrstenmotor &#8211; Leili Motor\",\"isPartOf\":{\"@id\":\"https:\/\/www.leili-motor.net\/de\/#website\"},\"primaryImageOfPage\":{\"@id\":\"https:\/\/www.leili-motor.net\/de\/fs-5412sa-mikro-gleichstrom-buerstenmotor.html#primaryimage\"},\"image\":{\"@id\":\"https:\/\/www.leili-motor.net\/de\/fs-5412sa-mikro-gleichstrom-buerstenmotor.html#primaryimage\"},\"thumbnailUrl\":\"https:\/\/www.leili-motor.net\/wp-content\/uploads\/2025\/03\/FS-5412SA-Micro-DC-Brush-Motor.png\",\"datePublished\":\"2025-03-05T08:15:22+00:00\",\"description\":\"Der Mikro-Gleichstrom-B\u00fcrstenmotor FS-5412SA arbeitet mit 120 V und gew\u00e4hrleistet eine effiziente Leistung mit \u2264 0,5 A Eingangsleistung, 11200 \u00b1 10 % Leerlaufdrehzahl und \u2264 6,6 W Stromverbrauch, ideal f\u00fcr K\u00fchlschr\u00e4nke.\",\"breadcrumb\":{\"@id\":\"https:\/\/www.leili-motor.net\/de\/fs-5412sa-mikro-gleichstrom-buerstenmotor.html#breadcrumb\"},\"inLanguage\":\"de\",\"potentialAction\":[{\"@type\":\"ReadAction\",\"target\":[\"https:\/\/www.leili-motor.net\/de\/fs-5412sa-mikro-gleichstrom-buerstenmotor.html\"]}]},{\"@type\":\"ImageObject\",\"inLanguage\":\"de\",\"@id\":\"https:\/\/www.leili-motor.net\/de\/fs-5412sa-mikro-gleichstrom-buerstenmotor.html#primaryimage\",\"url\":\"https:\/\/www.leili-motor.net\/wp-content\/uploads\/2025\/03\/FS-5412SA-Micro-DC-Brush-Motor.png\",\"contentUrl\":\"https:\/\/www.leili-motor.net\/wp-content\/uploads\/2025\/03\/FS-5412SA-Micro-DC-Brush-Motor.png\",\"width\":454,\"height\":310,\"caption\":\"FS-5412SA Mikro-DC-B\u00fcrstenmotor\"},{\"@type\":\"BreadcrumbList\",\"@id\":\"https:\/\/www.leili-motor.net\/de\/fs-5412sa-mikro-gleichstrom-buerstenmotor.html#breadcrumb\",\"itemListElement\":[{\"@type\":\"ListItem\",\"position\":1,\"name\":\"Home\",\"item\":\"https:\/\/www.leili-motor.net\/de\/\"},{\"@type\":\"ListItem\",\"position\":2,\"name\":\"Produkte\",\"item\":\"https:\/\/www.leili-motor.net\/de\/produkte.html\"},{\"@type\":\"ListItem\",\"position\":3,\"name\":\"FS-5412SA Mikro Gleichstrom B\u00fcrstenmotor\"}]},{\"@type\":\"WebSite\",\"@id\":\"https:\/\/www.leili-motor.net\/de\/#website\",\"url\":\"https:\/\/www.leili-motor.net\/de\/\",\"name\":\"Leili Motor\",\"description\":\"\",\"publisher\":{\"@id\":\"https:\/\/www.leili-motor.net\/de\/#organization\"},\"potentialAction\":[{\"@type\":\"SearchAction\",\"target\":{\"@type\":\"EntryPoint\",\"urlTemplate\":\"https:\/\/www.leili-motor.net\/de\/?s={search_term_string}\"},\"query-input\":{\"@type\":\"PropertyValueSpecification\",\"valueRequired\":true,\"valueName\":\"search_term_string\"}}],\"inLanguage\":\"de\"},{\"@type\":\"Organization\",\"@id\":\"https:\/\/www.leili-motor.net\/de\/#organization\",\"name\":\"Leili Motor\",\"url\":\"https:\/\/www.leili-motor.net\/de\/\",\"logo\":{\"@type\":\"ImageObject\",\"inLanguage\":\"de\",\"@id\":\"https:\/\/www.leili-motor.net\/de\/#\/schema\/logo\/image\/\",\"url\":\"https:\/\/www.leili-motor.net\/wp-content\/uploads\/2025\/03\/Leili-Motor.png\",\"contentUrl\":\"https:\/\/www.leili-motor.net\/wp-content\/uploads\/2025\/03\/Leili-Motor.png\",\"width\":600,\"height\":156,\"caption\":\"Leili Motor\"},\"image\":{\"@id\":\"https:\/\/www.leili-motor.net\/de\/#\/schema\/logo\/image\/\"}}]}<\/script>\n<!-- \/ Yoast SEO plugin. -->","yoast_head_json":{"title":"FS-5412SA Mikro Gleichstrom B\u00fcrstenmotor &#8211; Leili Motor","description":"Der Mikro-Gleichstrom-B\u00fcrstenmotor FS-5412SA arbeitet mit 120 V und gew\u00e4hrleistet eine effiziente Leistung mit \u2264 0,5 A Eingangsleistung, 11200 \u00b1 10 % Leerlaufdrehzahl und \u2264 6,6 W Stromverbrauch, ideal f\u00fcr K\u00fchlschr\u00e4nke.","robots":{"index":"index","follow":"follow","max-snippet":"max-snippet:-1","max-image-preview":"max-image-preview:large","max-video-preview":"max-video-preview:-1"},"canonical":"https:\/\/www.leili-motor.net\/de\/fs-5412sa-mikro-gleichstrom-buerstenmotor.html","schema":{"@context":"https:\/\/schema.org","@graph":[{"@type":"WebPage","@id":"https:\/\/www.leili-motor.net\/de\/fs-5412sa-mikro-gleichstrom-buerstenmotor.html","url":"https:\/\/www.leili-motor.net\/de\/fs-5412sa-mikro-gleichstrom-buerstenmotor.html","name":"FS-5412SA Mikro Gleichstrom B\u00fcrstenmotor &#8211; Leili Motor","isPartOf":{"@id":"https:\/\/www.leili-motor.net\/de\/#website"},"primaryImageOfPage":{"@id":"https:\/\/www.leili-motor.net\/de\/fs-5412sa-mikro-gleichstrom-buerstenmotor.html#primaryimage"},"image":{"@id":"https:\/\/www.leili-motor.net\/de\/fs-5412sa-mikro-gleichstrom-buerstenmotor.html#primaryimage"},"thumbnailUrl":"https:\/\/www.leili-motor.net\/wp-content\/uploads\/2025\/03\/FS-5412SA-Micro-DC-Brush-Motor.png","datePublished":"2025-03-05T08:15:22+00:00","description":"Der Mikro-Gleichstrom-B\u00fcrstenmotor FS-5412SA arbeitet mit 120 V und gew\u00e4hrleistet eine effiziente Leistung mit \u2264 0,5 A Eingangsleistung, 11200 \u00b1 10 % Leerlaufdrehzahl und \u2264 6,6 W Stromverbrauch, ideal f\u00fcr K\u00fchlschr\u00e4nke.","breadcrumb":{"@id":"https:\/\/www.leili-motor.net\/de\/fs-5412sa-mikro-gleichstrom-buerstenmotor.html#breadcrumb"},"inLanguage":"de","potentialAction":[{"@type":"ReadAction","target":["https:\/\/www.leili-motor.net\/de\/fs-5412sa-mikro-gleichstrom-buerstenmotor.html"]}]},{"@type":"ImageObject","inLanguage":"de","@id":"https:\/\/www.leili-motor.net\/de\/fs-5412sa-mikro-gleichstrom-buerstenmotor.html#primaryimage","url":"https:\/\/www.leili-motor.net\/wp-content\/uploads\/2025\/03\/FS-5412SA-Micro-DC-Brush-Motor.png","contentUrl":"https:\/\/www.leili-motor.net\/wp-content\/uploads\/2025\/03\/FS-5412SA-Micro-DC-Brush-Motor.png","width":454,"height":310,"caption":"FS-5412SA Mikro-DC-B\u00fcrstenmotor"},{"@type":"BreadcrumbList","@id":"https:\/\/www.leili-motor.net\/de\/fs-5412sa-mikro-gleichstrom-buerstenmotor.html#breadcrumb","itemListElement":[{"@type":"ListItem","position":1,"name":"Home","item":"https:\/\/www.leili-motor.net\/de\/"},{"@type":"ListItem","position":2,"name":"Produkte","item":"https:\/\/www.leili-motor.net\/de\/produkte.html"},{"@type":"ListItem","position":3,"name":"FS-5412SA Mikro Gleichstrom B\u00fcrstenmotor"}]},{"@type":"WebSite","@id":"https:\/\/www.leili-motor.net\/de\/#website","url":"https:\/\/www.leili-motor.net\/de\/","name":"Leili Motor","description":"","publisher":{"@id":"https:\/\/www.leili-motor.net\/de\/#organization"},"potentialAction":[{"@type":"SearchAction","target":{"@type":"EntryPoint","urlTemplate":"https:\/\/www.leili-motor.net\/de\/?s={search_term_string}"},"query-input":{"@type":"PropertyValueSpecification","valueRequired":true,"valueName":"search_term_string"}}],"inLanguage":"de"},{"@type":"Organization","@id":"https:\/\/www.leili-motor.net\/de\/#organization","name":"Leili Motor","url":"https:\/\/www.leili-motor.net\/de\/","logo":{"@type":"ImageObject","inLanguage":"de","@id":"https:\/\/www.leili-motor.net\/de\/#\/schema\/logo\/image\/","url":"https:\/\/www.leili-motor.net\/wp-content\/uploads\/2025\/03\/Leili-Motor.png","contentUrl":"https:\/\/www.leili-motor.net\/wp-content\/uploads\/2025\/03\/Leili-Motor.png","width":600,"height":156,"caption":"Leili Motor"},"image":{"@id":"https:\/\/www.leili-motor.net\/de\/#\/schema\/logo\/image\/"}}]}},"_links":{"self":[{"href":"https:\/\/www.leili-motor.net\/de\/wp-json\/wp\/v2\/product\/8706","targetHints":{"allow":["GET"]}}],"collection":[{"href":"https:\/\/www.leili-motor.net\/de\/wp-json\/wp\/v2\/product"}],"about":[{"href":"https:\/\/www.leili-motor.net\/de\/wp-json\/wp\/v2\/types\/product"}],"replies":[{"embeddable":true,"href":"https:\/\/www.leili-motor.net\/de\/wp-json\/wp\/v2\/comments?post=8706"}],"wp:featuredmedia":[{"embeddable":true,"href":"https:\/\/www.leili-motor.net\/de\/wp-json\/wp\/v2\/media\/8196"}],"wp:attachment":[{"href":"https:\/\/www.leili-motor.net\/de\/wp-json\/wp\/v2\/media?parent=8706"}],"wp:term":[{"taxonomy":"product_brand","embeddable":true,"href":"https:\/\/www.leili-motor.net\/de\/wp-json\/wp\/v2\/product_brand?post=8706"},{"taxonomy":"product_cat","embeddable":true,"href":"https:\/\/www.leili-motor.net\/de\/wp-json\/wp\/v2\/product_cat?post=8706"},{"taxonomy":"product_tag","embeddable":true,"href":"https:\/\/www.leili-motor.net\/de\/wp-json\/wp\/v2\/product_tag?post=8706"}],"curies":[{"name":"wp","href":"https:\/\/api.w.org\/{rel}","templated":true}]}}