{"id":8709,"date":"2025-03-05T14:41:21","date_gmt":"2025-03-05T06:41:21","guid":{"rendered":"https:\/\/www.leili-motor.net\/80zy-gleichstrommotor-mit-permanentmagnet-und-buersten\/"},"modified":"2025-03-05T14:41:21","modified_gmt":"2025-03-05T06:41:21","slug":"80zy-gleichstrommotor-mit-permanentmagnet-und-buersten","status":"publish","type":"product","link":"https:\/\/www.leili-motor.net\/de\/80zy-gleichstrommotor-mit-permanentmagnet-und-buersten.html","title":{"rendered":"80ZY Gleichstrommotor mit Permanentmagnet und B\u00fcrsten"},"content":{"rendered":"<h2>Produktparameter<\/h2>\n<table>\n<tbody>\n<tr>\n<td>Modell<\/td>\n<td>Stromspannung(V)<\/td>\n<td>Kv (V\/KRPM)<\/td>\n<td>Leerlaufstrom<\/td>\n<td>Nennleistung<br \/>\nLeistung<br \/>\n(W)<\/td>\n<td>Stromst\u00e4rke(A)<\/td>\n<td>Bemessungs<br \/>\ndrehmoment<br \/>\n (N\u00b7m)<\/td>\n<td>Effizienz<\/td>\n<td>Isolierung<br \/>\nKlasse<\/td>\n<td>Motor<br \/>\ngewicht<br \/>\n (kg)<\/td>\n<\/tr>\n<tr>\n<td>80ZY-1<\/td>\n<td>24<\/td>\n<td>8.5<\/td>\n<td>\u2264 1.5<\/td>\n<td>110<\/td>\n<td>6.3<\/td>\n<td>0.4<\/td>\n<td>72%<\/td>\n<td>B<\/td>\n<td>2.5<\/td>\n<\/tr>\n<\/tbody>\n<\/table>\n<h2>Mechanische Abmessungen: mm<\/h2>\n<p><img fetchpriority=\"high\" decoding=\"async\" class=\"aligncenter wp-image-442 size-full\" src=\"https:\/\/www.leili-motor.net\/wp-content\/uploads\/2025\/03\/Mechanical-Dimension-for-80ZY-DC-Brush-Motor.png\" alt=\"Mechanische Abmessungen f\u00fcr den 80ZY-Gleichstromb\u00fcrstenmotor\" width=\"759\" height=\"437\" srcset=\"https:\/\/www.leili-motor.net\/wp-content\/uploads\/2025\/03\/Mechanical-Dimension-for-80ZY-DC-Brush-Motor.png 759w, https:\/\/www.leili-motor.net\/wp-content\/uploads\/2025\/03\/Mechanical-Dimension-for-80ZY-DC-Brush-Motor-300x173.png 300w, https:\/\/www.leili-motor.net\/wp-content\/uploads\/2025\/03\/Mechanical-Dimension-for-80ZY-DC-Brush-Motor-600x345.png 600w\" sizes=\"(max-width: 759px) 100vw, 759px\" \/><\/p>\n","protected":false},"excerpt":{"rendered":"<h3>Produkteinf\u00fchrung<\/h3>\n<ul>\n<li>Modell: 80ZY<\/li>\n<li>Effiziente Leistung: Liefert 110 W Leistung mit 72 % Effizienz f\u00fcr zuverl\u00e4ssigen Betrieb.<\/li>\n<li>Stabiles Drehmoment: Bietet ein Nenndrehmoment von 0,4 Nm mit einem konstanten Strom von 6,3 A f\u00fcr eine konstante Leistung.<\/li>\n<li>Optimiertes Design: Bietet 24 V Spannung, 8,5 KV und \u2264 1,5 A Leerlaufstrom f\u00fcr energiesparende Leistung.<\/li>\n<\/ul>\n<h3>Produktanwendung<\/h3>\n<ul>\n<li>Nutzfahrzeug: LKW-Hebeb\u00fchne<\/li>\n<\/ul>\n","protected":false},"featured_media":8161,"comment_status":"open","ping_status":"closed","template":"","meta":{"site-sidebar-layout":"default","site-content-layout":"","ast-site-content-layout":"default","site-content-style":"default","site-sidebar-style":"default","ast-global-header-display":"","ast-banner-title-visibility":"","ast-main-header-display":"","ast-hfb-above-header-display":"","ast-hfb-below-header-display":"","ast-hfb-mobile-header-display":"","site-post-title":"","ast-breadcrumbs-content":"","ast-featured-img":"","footer-sml-layout":"","theme-transparent-header-meta":"default","adv-header-id-meta":"","stick-header-meta":"","header-above-stick-meta":"","header-main-stick-meta":"","header-below-stick-meta":"","astra-migrate-meta-layouts":"default","ast-page-background-enabled":"default","ast-page-background-meta":{"desktop":{"background-color":"var(--ast-global-color-5)","background-image":"","background-repeat":"repeat","background-position":"center center","background-size":"auto","background-attachment":"scroll","background-type":"","background-media":"","overlay-type":"","overlay-color":"","overlay-opacity":"","overlay-gradient":""},"tablet":{"background-color":"","background-image":"","background-repeat":"repeat","background-position":"center center","background-size":"auto","background-attachment":"scroll","background-type":"","background-media":"","overlay-type":"","overlay-color":"","overlay-opacity":"","overlay-gradient":""},"mobile":{"background-color":"","background-image":"","background-repeat":"repeat","background-position":"center center","background-size":"auto","background-attachment":"scroll","background-type":"","background-media":"","overlay-type":"","overlay-color":"","overlay-opacity":"","overlay-gradient":""}},"ast-content-background-meta":{"desktop":{"background-color":"var(--ast-global-color-4)","background-image":"","background-repeat":"repeat","background-position":"center center","background-size":"auto","background-attachment":"scroll","background-type":"","background-media":"","overlay-type":"","overlay-color":"","overlay-opacity":"","overlay-gradient":""},"tablet":{"background-color":"var(--ast-global-color-4)","background-image":"","background-repeat":"repeat","background-position":"center center","background-size":"auto","background-attachment":"scroll","background-type":"","background-media":"","overlay-type":"","overlay-color":"","overlay-opacity":"","overlay-gradient":""},"mobile":{"background-color":"var(--ast-global-color-4)","background-image":"","background-repeat":"repeat","background-position":"center center","background-size":"auto","background-attachment":"scroll","background-type":"","background-media":"","overlay-type":"","overlay-color":"","overlay-opacity":"","overlay-gradient":""}}},"product_brand":[],"product_cat":[974,993],"product_tag":[994],"class_list":{"0":"post-8709","1":"product","2":"type-product","3":"status-publish","4":"has-post-thumbnail","6":"product_cat-kategorie-gleichstrom-burstenmotor","7":"product_cat-gleichstrommotors-mit-permanentmagnet","8":"product_tag-sportgerate-laufband","9":"pa_application-industrie","10":"pa_application-sportgesundheit","11":"pa_dc-brush-no-load-current-mehr-als-03","12":"pa_dc-brush-no-load-speed-0-1000-de","13":"pa_dc-brush-no-load-speed-1000-3000-de","14":"pa_dc-brush-no-load-speed-3000-10000-de","15":"pa_dc-brush-no-load-speed-mehr-als-10-000","16":"desktop-align-left","17":"tablet-align-left","18":"mobile-align-left","20":"first","21":"instock","22":"shipping-taxable","23":"product-type-simple"},"yoast_head":"<!-- This site is optimized with the Yoast SEO plugin v27.2 - https:\/\/yoast.com\/product\/yoast-seo-wordpress\/ -->\n<title>80ZY Gleichstrommotor mit Permanentmagnet und B\u00fcrsten &#8211; Leili Motor<\/title>\n<meta name=\"description\" content=\"Der 80ZY-Gleichstromb\u00fcrstenmotor liefert 110 W Leistung mit 72 % Effizienz und gew\u00e4hrleistet ein stabiles Drehmoment von 0,4 Nm und einen 24-V-Betrieb, ideal f\u00fcr LKW-Hebeb\u00fchnen-Anwendungen.\" \/>\n<meta name=\"robots\" content=\"index, follow, max-snippet:-1, max-image-preview:large, max-video-preview:-1\" \/>\n<link rel=\"canonical\" href=\"https:\/\/www.leili-motor.net\/de\/80zy-gleichstrommotor-mit-permanentmagnet-und-buersten.html\" \/>\n<script type=\"application\/ld+json\" class=\"yoast-schema-graph\">{\"@context\":\"https:\/\/schema.org\",\"@graph\":[{\"@type\":\"WebPage\",\"@id\":\"https:\/\/www.leili-motor.net\/de\/80zy-gleichstrommotor-mit-permanentmagnet-und-buersten.html\",\"url\":\"https:\/\/www.leili-motor.net\/de\/80zy-gleichstrommotor-mit-permanentmagnet-und-buersten.html\",\"name\":\"80ZY Gleichstrommotor mit Permanentmagnet und B\u00fcrsten &#8211; Leili Motor\",\"isPartOf\":{\"@id\":\"https:\/\/www.leili-motor.net\/de\/#website\"},\"primaryImageOfPage\":{\"@id\":\"https:\/\/www.leili-motor.net\/de\/80zy-gleichstrommotor-mit-permanentmagnet-und-buersten.html#primaryimage\"},\"image\":{\"@id\":\"https:\/\/www.leili-motor.net\/de\/80zy-gleichstrommotor-mit-permanentmagnet-und-buersten.html#primaryimage\"},\"thumbnailUrl\":\"https:\/\/www.leili-motor.net\/wp-content\/uploads\/2025\/03\/80ZY-DC-Brush-Motor.png\",\"datePublished\":\"2025-03-05T06:41:21+00:00\",\"description\":\"Der 80ZY-Gleichstromb\u00fcrstenmotor liefert 110 W Leistung mit 72 % Effizienz und gew\u00e4hrleistet ein stabiles Drehmoment von 0,4 Nm und einen 24-V-Betrieb, ideal f\u00fcr LKW-Hebeb\u00fchnen-Anwendungen.\",\"breadcrumb\":{\"@id\":\"https:\/\/www.leili-motor.net\/de\/80zy-gleichstrommotor-mit-permanentmagnet-und-buersten.html#breadcrumb\"},\"inLanguage\":\"de\",\"potentialAction\":[{\"@type\":\"ReadAction\",\"target\":[\"https:\/\/www.leili-motor.net\/de\/80zy-gleichstrommotor-mit-permanentmagnet-und-buersten.html\"]}]},{\"@type\":\"ImageObject\",\"inLanguage\":\"de\",\"@id\":\"https:\/\/www.leili-motor.net\/de\/80zy-gleichstrommotor-mit-permanentmagnet-und-buersten.html#primaryimage\",\"url\":\"https:\/\/www.leili-motor.net\/wp-content\/uploads\/2025\/03\/80ZY-DC-Brush-Motor.png\",\"contentUrl\":\"https:\/\/www.leili-motor.net\/wp-content\/uploads\/2025\/03\/80ZY-DC-Brush-Motor.png\",\"width\":454,\"height\":310,\"caption\":\"80ZY DC-B\u00fcrstenmotor\"},{\"@type\":\"BreadcrumbList\",\"@id\":\"https:\/\/www.leili-motor.net\/de\/80zy-gleichstrommotor-mit-permanentmagnet-und-buersten.html#breadcrumb\",\"itemListElement\":[{\"@type\":\"ListItem\",\"position\":1,\"name\":\"Home\",\"item\":\"https:\/\/www.leili-motor.net\/de\/\"},{\"@type\":\"ListItem\",\"position\":2,\"name\":\"Produkte\",\"item\":\"https:\/\/www.leili-motor.net\/de\/produkte.html\"},{\"@type\":\"ListItem\",\"position\":3,\"name\":\"80ZY Gleichstrommotor mit Permanentmagnet und B\u00fcrsten\"}]},{\"@type\":\"WebSite\",\"@id\":\"https:\/\/www.leili-motor.net\/de\/#website\",\"url\":\"https:\/\/www.leili-motor.net\/de\/\",\"name\":\"Leili Motor\",\"description\":\"\",\"publisher\":{\"@id\":\"https:\/\/www.leili-motor.net\/de\/#organization\"},\"potentialAction\":[{\"@type\":\"SearchAction\",\"target\":{\"@type\":\"EntryPoint\",\"urlTemplate\":\"https:\/\/www.leili-motor.net\/de\/?s={search_term_string}\"},\"query-input\":{\"@type\":\"PropertyValueSpecification\",\"valueRequired\":true,\"valueName\":\"search_term_string\"}}],\"inLanguage\":\"de\"},{\"@type\":\"Organization\",\"@id\":\"https:\/\/www.leili-motor.net\/de\/#organization\",\"name\":\"Leili Motor\",\"url\":\"https:\/\/www.leili-motor.net\/de\/\",\"logo\":{\"@type\":\"ImageObject\",\"inLanguage\":\"de\",\"@id\":\"https:\/\/www.leili-motor.net\/de\/#\/schema\/logo\/image\/\",\"url\":\"https:\/\/www.leili-motor.net\/wp-content\/uploads\/2025\/03\/Leili-Motor.png\",\"contentUrl\":\"https:\/\/www.leili-motor.net\/wp-content\/uploads\/2025\/03\/Leili-Motor.png\",\"width\":600,\"height\":156,\"caption\":\"Leili Motor\"},\"image\":{\"@id\":\"https:\/\/www.leili-motor.net\/de\/#\/schema\/logo\/image\/\"}}]}<\/script>\n<!-- \/ Yoast SEO plugin. -->","yoast_head_json":{"title":"80ZY Gleichstrommotor mit Permanentmagnet und B\u00fcrsten &#8211; Leili Motor","description":"Der 80ZY-Gleichstromb\u00fcrstenmotor liefert 110 W Leistung mit 72 % Effizienz und gew\u00e4hrleistet ein stabiles Drehmoment von 0,4 Nm und einen 24-V-Betrieb, ideal f\u00fcr LKW-Hebeb\u00fchnen-Anwendungen.","robots":{"index":"index","follow":"follow","max-snippet":"max-snippet:-1","max-image-preview":"max-image-preview:large","max-video-preview":"max-video-preview:-1"},"canonical":"https:\/\/www.leili-motor.net\/de\/80zy-gleichstrommotor-mit-permanentmagnet-und-buersten.html","schema":{"@context":"https:\/\/schema.org","@graph":[{"@type":"WebPage","@id":"https:\/\/www.leili-motor.net\/de\/80zy-gleichstrommotor-mit-permanentmagnet-und-buersten.html","url":"https:\/\/www.leili-motor.net\/de\/80zy-gleichstrommotor-mit-permanentmagnet-und-buersten.html","name":"80ZY Gleichstrommotor mit Permanentmagnet und B\u00fcrsten &#8211; Leili Motor","isPartOf":{"@id":"https:\/\/www.leili-motor.net\/de\/#website"},"primaryImageOfPage":{"@id":"https:\/\/www.leili-motor.net\/de\/80zy-gleichstrommotor-mit-permanentmagnet-und-buersten.html#primaryimage"},"image":{"@id":"https:\/\/www.leili-motor.net\/de\/80zy-gleichstrommotor-mit-permanentmagnet-und-buersten.html#primaryimage"},"thumbnailUrl":"https:\/\/www.leili-motor.net\/wp-content\/uploads\/2025\/03\/80ZY-DC-Brush-Motor.png","datePublished":"2025-03-05T06:41:21+00:00","description":"Der 80ZY-Gleichstromb\u00fcrstenmotor liefert 110 W Leistung mit 72 % Effizienz und gew\u00e4hrleistet ein stabiles Drehmoment von 0,4 Nm und einen 24-V-Betrieb, ideal f\u00fcr LKW-Hebeb\u00fchnen-Anwendungen.","breadcrumb":{"@id":"https:\/\/www.leili-motor.net\/de\/80zy-gleichstrommotor-mit-permanentmagnet-und-buersten.html#breadcrumb"},"inLanguage":"de","potentialAction":[{"@type":"ReadAction","target":["https:\/\/www.leili-motor.net\/de\/80zy-gleichstrommotor-mit-permanentmagnet-und-buersten.html"]}]},{"@type":"ImageObject","inLanguage":"de","@id":"https:\/\/www.leili-motor.net\/de\/80zy-gleichstrommotor-mit-permanentmagnet-und-buersten.html#primaryimage","url":"https:\/\/www.leili-motor.net\/wp-content\/uploads\/2025\/03\/80ZY-DC-Brush-Motor.png","contentUrl":"https:\/\/www.leili-motor.net\/wp-content\/uploads\/2025\/03\/80ZY-DC-Brush-Motor.png","width":454,"height":310,"caption":"80ZY DC-B\u00fcrstenmotor"},{"@type":"BreadcrumbList","@id":"https:\/\/www.leili-motor.net\/de\/80zy-gleichstrommotor-mit-permanentmagnet-und-buersten.html#breadcrumb","itemListElement":[{"@type":"ListItem","position":1,"name":"Home","item":"https:\/\/www.leili-motor.net\/de\/"},{"@type":"ListItem","position":2,"name":"Produkte","item":"https:\/\/www.leili-motor.net\/de\/produkte.html"},{"@type":"ListItem","position":3,"name":"80ZY Gleichstrommotor mit Permanentmagnet und B\u00fcrsten"}]},{"@type":"WebSite","@id":"https:\/\/www.leili-motor.net\/de\/#website","url":"https:\/\/www.leili-motor.net\/de\/","name":"Leili Motor","description":"","publisher":{"@id":"https:\/\/www.leili-motor.net\/de\/#organization"},"potentialAction":[{"@type":"SearchAction","target":{"@type":"EntryPoint","urlTemplate":"https:\/\/www.leili-motor.net\/de\/?s={search_term_string}"},"query-input":{"@type":"PropertyValueSpecification","valueRequired":true,"valueName":"search_term_string"}}],"inLanguage":"de"},{"@type":"Organization","@id":"https:\/\/www.leili-motor.net\/de\/#organization","name":"Leili Motor","url":"https:\/\/www.leili-motor.net\/de\/","logo":{"@type":"ImageObject","inLanguage":"de","@id":"https:\/\/www.leili-motor.net\/de\/#\/schema\/logo\/image\/","url":"https:\/\/www.leili-motor.net\/wp-content\/uploads\/2025\/03\/Leili-Motor.png","contentUrl":"https:\/\/www.leili-motor.net\/wp-content\/uploads\/2025\/03\/Leili-Motor.png","width":600,"height":156,"caption":"Leili Motor"},"image":{"@id":"https:\/\/www.leili-motor.net\/de\/#\/schema\/logo\/image\/"}}]}},"_links":{"self":[{"href":"https:\/\/www.leili-motor.net\/de\/wp-json\/wp\/v2\/product\/8709","targetHints":{"allow":["GET"]}}],"collection":[{"href":"https:\/\/www.leili-motor.net\/de\/wp-json\/wp\/v2\/product"}],"about":[{"href":"https:\/\/www.leili-motor.net\/de\/wp-json\/wp\/v2\/types\/product"}],"replies":[{"embeddable":true,"href":"https:\/\/www.leili-motor.net\/de\/wp-json\/wp\/v2\/comments?post=8709"}],"wp:featuredmedia":[{"embeddable":true,"href":"https:\/\/www.leili-motor.net\/de\/wp-json\/wp\/v2\/media\/8161"}],"wp:attachment":[{"href":"https:\/\/www.leili-motor.net\/de\/wp-json\/wp\/v2\/media?parent=8709"}],"wp:term":[{"taxonomy":"product_brand","embeddable":true,"href":"https:\/\/www.leili-motor.net\/de\/wp-json\/wp\/v2\/product_brand?post=8709"},{"taxonomy":"product_cat","embeddable":true,"href":"https:\/\/www.leili-motor.net\/de\/wp-json\/wp\/v2\/product_cat?post=8709"},{"taxonomy":"product_tag","embeddable":true,"href":"https:\/\/www.leili-motor.net\/de\/wp-json\/wp\/v2\/product_tag?post=8709"}],"curies":[{"name":"wp","href":"https:\/\/api.w.org\/{rel}","templated":true}]}}