{"id":8712,"date":"2025-03-05T14:23:27","date_gmt":"2025-03-05T06:23:27","guid":{"rendered":"https:\/\/www.leili-motor.net\/90zy-gleichstrommotor-mit-permanentmagnet-und-buersten\/"},"modified":"2025-03-05T14:23:27","modified_gmt":"2025-03-05T06:23:27","slug":"90zy-gleichstrommotor-mit-permanentmagnet-und-buersten","status":"publish","type":"product","link":"https:\/\/www.leili-motor.net\/de\/90zy-gleichstrommotor-mit-permanentmagnet-und-buersten.html","title":{"rendered":"90ZY Gleichstrommotor mit Permanentmagnet und B\u00fcrsten"},"content":{"rendered":"<h2>Produktparameter<\/h2>\n<table>\n<tbody>\n<tr>\n<td>Modell<\/td>\n<td>Stromspannung<\/p>\n<p>(V)<\/p>\n<p>&nbsp;<\/td>\n<td>Kv<br \/>\n(V)<\/td>\n<td>Leerlaufstrom<br \/>\n(A)<\/td>\n<td>Nennausgangsleistung<br \/>\n(W)<\/td>\n<td>Stromst\u00e4rke<br \/>\n(A)<\/td>\n<td>Nenndrehmoment<br \/>\n(N\u00b7m)<\/td>\n<td>Effizienz<\/td>\n<td>Isolationsklasse<\/td>\n<td>Motorgewicht (kg)<\/td>\n<\/tr>\n<tr>\n<td>90ZY<\/td>\n<td>24<\/td>\n<td>3600<\/td>\n<td>1.0<\/td>\n<td>250<\/td>\n<td>15<\/td>\n<td>0.75<\/td>\n<td>76%<\/td>\n<td>B<\/td>\n<td>3.5<\/td>\n<\/tr>\n<\/tbody>\n<\/table>\n<h2>Mechanische Abmessungen: mm<\/h2>\n<p><img fetchpriority=\"high\" decoding=\"async\" class=\"wp-image-389 size-full aligncenter\" src=\"https:\/\/www.leili-motor.net\/wp-content\/uploads\/2025\/03\/Mechanical-Dimension-for-90ZY-Treadmill-Motor.png\" alt=\"Mechanische Abmessungen f\u00fcr den Laufbandmotor 90ZY\" width=\"795\" height=\"350\" srcset=\"https:\/\/www.leili-motor.net\/wp-content\/uploads\/2025\/03\/Mechanical-Dimension-for-90ZY-Treadmill-Motor.png 795w, https:\/\/www.leili-motor.net\/wp-content\/uploads\/2025\/03\/Mechanical-Dimension-for-90ZY-Treadmill-Motor-300x132.png 300w, https:\/\/www.leili-motor.net\/wp-content\/uploads\/2025\/03\/Mechanical-Dimension-for-90ZY-Treadmill-Motor-768x338.png 768w, https:\/\/www.leili-motor.net\/wp-content\/uploads\/2025\/03\/Mechanical-Dimension-for-90ZY-Treadmill-Motor-600x264.png 600w\" sizes=\"(max-width: 795px) 100vw, 795px\" \/><\/p>\n","protected":false},"excerpt":{"rendered":"<h3>Produkteinf\u00fchrung<\/h3>\n<ul>\n<li>Modell: 90ZY<\/li>\n<li>Elektrische Leistung: Betrieb mit 24 V und einem KV-Wert von 3600, was einen stabilen und effizienten Betrieb gew\u00e4hrleistet.<\/li>\n<li>Leistung und Stromst\u00e4rke: Liefert 250 W Ausgangsleistung mit 15 A Stromst\u00e4rke und sorgt so f\u00fcr zuverl\u00e4ssige Leistung bei Laufbandanwendungen.<\/li>\n<li>Effizienz und Drehmoment: Erreicht 76 % Effizienz mit einem Nenndrehmoment von 0,75 Nm f\u00fcr eine gleichm\u00e4\u00dfige und kraftvolle Bewegung.<\/li>\n<\/ul>\n<h3>Produktanwendung<\/h3>\n<ul>\n<li>Industrie: Industrielle Steuerungen<\/li>\n<\/ul>\n","protected":false},"featured_media":8103,"comment_status":"open","ping_status":"closed","template":"","meta":{"site-sidebar-layout":"default","site-content-layout":"","ast-site-content-layout":"default","site-content-style":"default","site-sidebar-style":"default","ast-global-header-display":"","ast-banner-title-visibility":"","ast-main-header-display":"","ast-hfb-above-header-display":"","ast-hfb-below-header-display":"","ast-hfb-mobile-header-display":"","site-post-title":"","ast-breadcrumbs-content":"","ast-featured-img":"","footer-sml-layout":"","theme-transparent-header-meta":"default","adv-header-id-meta":"","stick-header-meta":"","header-above-stick-meta":"","header-main-stick-meta":"","header-below-stick-meta":"","astra-migrate-meta-layouts":"default","ast-page-background-enabled":"default","ast-page-background-meta":{"desktop":{"background-color":"var(--ast-global-color-5)","background-image":"","background-repeat":"repeat","background-position":"center center","background-size":"auto","background-attachment":"scroll","background-type":"","background-media":"","overlay-type":"","overlay-color":"","overlay-opacity":"","overlay-gradient":""},"tablet":{"background-color":"","background-image":"","background-repeat":"repeat","background-position":"center center","background-size":"auto","background-attachment":"scroll","background-type":"","background-media":"","overlay-type":"","overlay-color":"","overlay-opacity":"","overlay-gradient":""},"mobile":{"background-color":"","background-image":"","background-repeat":"repeat","background-position":"center center","background-size":"auto","background-attachment":"scroll","background-type":"","background-media":"","overlay-type":"","overlay-color":"","overlay-opacity":"","overlay-gradient":""}},"ast-content-background-meta":{"desktop":{"background-color":"var(--ast-global-color-4)","background-image":"","background-repeat":"repeat","background-position":"center center","background-size":"auto","background-attachment":"scroll","background-type":"","background-media":"","overlay-type":"","overlay-color":"","overlay-opacity":"","overlay-gradient":""},"tablet":{"background-color":"var(--ast-global-color-4)","background-image":"","background-repeat":"repeat","background-position":"center center","background-size":"auto","background-attachment":"scroll","background-type":"","background-media":"","overlay-type":"","overlay-color":"","overlay-opacity":"","overlay-gradient":""},"mobile":{"background-color":"var(--ast-global-color-4)","background-image":"","background-repeat":"repeat","background-position":"center center","background-size":"auto","background-attachment":"scroll","background-type":"","background-media":"","overlay-type":"","overlay-color":"","overlay-opacity":"","overlay-gradient":""}}},"product_brand":[],"product_cat":[974,993],"product_tag":[992,994],"class_list":{"0":"post-8712","1":"product","2":"type-product","3":"status-publish","4":"has-post-thumbnail","6":"product_cat-kategorie-gleichstrom-burstenmotor","7":"product_cat-gleichstrommotors-mit-permanentmagnet","8":"product_tag-industrielle-ausrustung-dc-burstenmotor","9":"product_tag-sportgerate-laufband","10":"pa_application-industrie","11":"pa_application-sportgesundheit","12":"pa_dc-brush-no-load-current-0-0-1-de","13":"pa_dc-brush-no-load-current-0-1-0-2-de","14":"pa_dc-brush-no-load-current-0-2-0-3-de","15":"pa_dc-brush-no-load-current-mehr-als-03","16":"pa_dc-brush-no-load-speed-0-1000-de","17":"pa_dc-brush-no-load-speed-1000-3000-de","18":"pa_dc-brush-no-load-speed-3000-10000-de","19":"pa_dc-brush-no-load-speed-mehr-als-10-000","20":"desktop-align-left","21":"tablet-align-left","22":"mobile-align-left","24":"first","25":"instock","26":"shipping-taxable","27":"product-type-simple"},"yoast_head":"<!-- This site is optimized with the Yoast SEO plugin v27.2 - https:\/\/yoast.com\/product\/yoast-seo-wordpress\/ -->\n<title>90ZY Gleichstrommotor mit Permanentmagnet und B\u00fcrsten &#8211; Leili Motor<\/title>\n<meta name=\"description\" content=\"Der Laufbandmotor 90ZY arbeitet mit 24 V, 250 W Leistung, 15 A Strom, 76 % Effizienz und 0,75 Nm Drehmoment und gew\u00e4hrleistet so eine zuverl\u00e4ssige industrielle Steuerungsleistung.\" \/>\n<meta name=\"robots\" content=\"index, follow, max-snippet:-1, max-image-preview:large, max-video-preview:-1\" \/>\n<link rel=\"canonical\" href=\"https:\/\/www.leili-motor.net\/de\/90zy-gleichstrommotor-mit-permanentmagnet-und-buersten.html\" \/>\n<script type=\"application\/ld+json\" class=\"yoast-schema-graph\">{\"@context\":\"https:\/\/schema.org\",\"@graph\":[{\"@type\":\"WebPage\",\"@id\":\"https:\/\/www.leili-motor.net\/de\/90zy-gleichstrommotor-mit-permanentmagnet-und-buersten.html\",\"url\":\"https:\/\/www.leili-motor.net\/de\/90zy-gleichstrommotor-mit-permanentmagnet-und-buersten.html\",\"name\":\"90ZY Gleichstrommotor mit Permanentmagnet und B\u00fcrsten &#8211; Leili Motor\",\"isPartOf\":{\"@id\":\"https:\/\/www.leili-motor.net\/de\/#website\"},\"primaryImageOfPage\":{\"@id\":\"https:\/\/www.leili-motor.net\/de\/90zy-gleichstrommotor-mit-permanentmagnet-und-buersten.html#primaryimage\"},\"image\":{\"@id\":\"https:\/\/www.leili-motor.net\/de\/90zy-gleichstrommotor-mit-permanentmagnet-und-buersten.html#primaryimage\"},\"thumbnailUrl\":\"https:\/\/www.leili-motor.net\/wp-content\/uploads\/2025\/03\/90ZY-Treadmill-Motor.png\",\"datePublished\":\"2025-03-05T06:23:27+00:00\",\"description\":\"Der Laufbandmotor 90ZY arbeitet mit 24 V, 250 W Leistung, 15 A Strom, 76 % Effizienz und 0,75 Nm Drehmoment und gew\u00e4hrleistet so eine zuverl\u00e4ssige industrielle Steuerungsleistung.\",\"breadcrumb\":{\"@id\":\"https:\/\/www.leili-motor.net\/de\/90zy-gleichstrommotor-mit-permanentmagnet-und-buersten.html#breadcrumb\"},\"inLanguage\":\"de\",\"potentialAction\":[{\"@type\":\"ReadAction\",\"target\":[\"https:\/\/www.leili-motor.net\/de\/90zy-gleichstrommotor-mit-permanentmagnet-und-buersten.html\"]}]},{\"@type\":\"ImageObject\",\"inLanguage\":\"de\",\"@id\":\"https:\/\/www.leili-motor.net\/de\/90zy-gleichstrommotor-mit-permanentmagnet-und-buersten.html#primaryimage\",\"url\":\"https:\/\/www.leili-motor.net\/wp-content\/uploads\/2025\/03\/90ZY-Treadmill-Motor.png\",\"contentUrl\":\"https:\/\/www.leili-motor.net\/wp-content\/uploads\/2025\/03\/90ZY-Treadmill-Motor.png\",\"width\":454,\"height\":310,\"caption\":\"90ZY Laufbandmotor\"},{\"@type\":\"BreadcrumbList\",\"@id\":\"https:\/\/www.leili-motor.net\/de\/90zy-gleichstrommotor-mit-permanentmagnet-und-buersten.html#breadcrumb\",\"itemListElement\":[{\"@type\":\"ListItem\",\"position\":1,\"name\":\"Home\",\"item\":\"https:\/\/www.leili-motor.net\/de\/\"},{\"@type\":\"ListItem\",\"position\":2,\"name\":\"Produkte\",\"item\":\"https:\/\/www.leili-motor.net\/de\/produkte.html\"},{\"@type\":\"ListItem\",\"position\":3,\"name\":\"90ZY Gleichstrommotor mit Permanentmagnet und B\u00fcrsten\"}]},{\"@type\":\"WebSite\",\"@id\":\"https:\/\/www.leili-motor.net\/de\/#website\",\"url\":\"https:\/\/www.leili-motor.net\/de\/\",\"name\":\"Leili Motor\",\"description\":\"\",\"publisher\":{\"@id\":\"https:\/\/www.leili-motor.net\/de\/#organization\"},\"potentialAction\":[{\"@type\":\"SearchAction\",\"target\":{\"@type\":\"EntryPoint\",\"urlTemplate\":\"https:\/\/www.leili-motor.net\/de\/?s={search_term_string}\"},\"query-input\":{\"@type\":\"PropertyValueSpecification\",\"valueRequired\":true,\"valueName\":\"search_term_string\"}}],\"inLanguage\":\"de\"},{\"@type\":\"Organization\",\"@id\":\"https:\/\/www.leili-motor.net\/de\/#organization\",\"name\":\"Leili Motor\",\"url\":\"https:\/\/www.leili-motor.net\/de\/\",\"logo\":{\"@type\":\"ImageObject\",\"inLanguage\":\"de\",\"@id\":\"https:\/\/www.leili-motor.net\/de\/#\/schema\/logo\/image\/\",\"url\":\"https:\/\/www.leili-motor.net\/wp-content\/uploads\/2025\/03\/Leili-Motor.png\",\"contentUrl\":\"https:\/\/www.leili-motor.net\/wp-content\/uploads\/2025\/03\/Leili-Motor.png\",\"width\":600,\"height\":156,\"caption\":\"Leili Motor\"},\"image\":{\"@id\":\"https:\/\/www.leili-motor.net\/de\/#\/schema\/logo\/image\/\"}}]}<\/script>\n<!-- \/ Yoast SEO plugin. -->","yoast_head_json":{"title":"90ZY Gleichstrommotor mit Permanentmagnet und B\u00fcrsten &#8211; Leili Motor","description":"Der Laufbandmotor 90ZY arbeitet mit 24 V, 250 W Leistung, 15 A Strom, 76 % Effizienz und 0,75 Nm Drehmoment und gew\u00e4hrleistet so eine zuverl\u00e4ssige industrielle Steuerungsleistung.","robots":{"index":"index","follow":"follow","max-snippet":"max-snippet:-1","max-image-preview":"max-image-preview:large","max-video-preview":"max-video-preview:-1"},"canonical":"https:\/\/www.leili-motor.net\/de\/90zy-gleichstrommotor-mit-permanentmagnet-und-buersten.html","schema":{"@context":"https:\/\/schema.org","@graph":[{"@type":"WebPage","@id":"https:\/\/www.leili-motor.net\/de\/90zy-gleichstrommotor-mit-permanentmagnet-und-buersten.html","url":"https:\/\/www.leili-motor.net\/de\/90zy-gleichstrommotor-mit-permanentmagnet-und-buersten.html","name":"90ZY Gleichstrommotor mit Permanentmagnet und B\u00fcrsten &#8211; Leili Motor","isPartOf":{"@id":"https:\/\/www.leili-motor.net\/de\/#website"},"primaryImageOfPage":{"@id":"https:\/\/www.leili-motor.net\/de\/90zy-gleichstrommotor-mit-permanentmagnet-und-buersten.html#primaryimage"},"image":{"@id":"https:\/\/www.leili-motor.net\/de\/90zy-gleichstrommotor-mit-permanentmagnet-und-buersten.html#primaryimage"},"thumbnailUrl":"https:\/\/www.leili-motor.net\/wp-content\/uploads\/2025\/03\/90ZY-Treadmill-Motor.png","datePublished":"2025-03-05T06:23:27+00:00","description":"Der Laufbandmotor 90ZY arbeitet mit 24 V, 250 W Leistung, 15 A Strom, 76 % Effizienz und 0,75 Nm Drehmoment und gew\u00e4hrleistet so eine zuverl\u00e4ssige industrielle Steuerungsleistung.","breadcrumb":{"@id":"https:\/\/www.leili-motor.net\/de\/90zy-gleichstrommotor-mit-permanentmagnet-und-buersten.html#breadcrumb"},"inLanguage":"de","potentialAction":[{"@type":"ReadAction","target":["https:\/\/www.leili-motor.net\/de\/90zy-gleichstrommotor-mit-permanentmagnet-und-buersten.html"]}]},{"@type":"ImageObject","inLanguage":"de","@id":"https:\/\/www.leili-motor.net\/de\/90zy-gleichstrommotor-mit-permanentmagnet-und-buersten.html#primaryimage","url":"https:\/\/www.leili-motor.net\/wp-content\/uploads\/2025\/03\/90ZY-Treadmill-Motor.png","contentUrl":"https:\/\/www.leili-motor.net\/wp-content\/uploads\/2025\/03\/90ZY-Treadmill-Motor.png","width":454,"height":310,"caption":"90ZY Laufbandmotor"},{"@type":"BreadcrumbList","@id":"https:\/\/www.leili-motor.net\/de\/90zy-gleichstrommotor-mit-permanentmagnet-und-buersten.html#breadcrumb","itemListElement":[{"@type":"ListItem","position":1,"name":"Home","item":"https:\/\/www.leili-motor.net\/de\/"},{"@type":"ListItem","position":2,"name":"Produkte","item":"https:\/\/www.leili-motor.net\/de\/produkte.html"},{"@type":"ListItem","position":3,"name":"90ZY Gleichstrommotor mit Permanentmagnet und B\u00fcrsten"}]},{"@type":"WebSite","@id":"https:\/\/www.leili-motor.net\/de\/#website","url":"https:\/\/www.leili-motor.net\/de\/","name":"Leili Motor","description":"","publisher":{"@id":"https:\/\/www.leili-motor.net\/de\/#organization"},"potentialAction":[{"@type":"SearchAction","target":{"@type":"EntryPoint","urlTemplate":"https:\/\/www.leili-motor.net\/de\/?s={search_term_string}"},"query-input":{"@type":"PropertyValueSpecification","valueRequired":true,"valueName":"search_term_string"}}],"inLanguage":"de"},{"@type":"Organization","@id":"https:\/\/www.leili-motor.net\/de\/#organization","name":"Leili Motor","url":"https:\/\/www.leili-motor.net\/de\/","logo":{"@type":"ImageObject","inLanguage":"de","@id":"https:\/\/www.leili-motor.net\/de\/#\/schema\/logo\/image\/","url":"https:\/\/www.leili-motor.net\/wp-content\/uploads\/2025\/03\/Leili-Motor.png","contentUrl":"https:\/\/www.leili-motor.net\/wp-content\/uploads\/2025\/03\/Leili-Motor.png","width":600,"height":156,"caption":"Leili Motor"},"image":{"@id":"https:\/\/www.leili-motor.net\/de\/#\/schema\/logo\/image\/"}}]}},"_links":{"self":[{"href":"https:\/\/www.leili-motor.net\/de\/wp-json\/wp\/v2\/product\/8712","targetHints":{"allow":["GET"]}}],"collection":[{"href":"https:\/\/www.leili-motor.net\/de\/wp-json\/wp\/v2\/product"}],"about":[{"href":"https:\/\/www.leili-motor.net\/de\/wp-json\/wp\/v2\/types\/product"}],"replies":[{"embeddable":true,"href":"https:\/\/www.leili-motor.net\/de\/wp-json\/wp\/v2\/comments?post=8712"}],"wp:featuredmedia":[{"embeddable":true,"href":"https:\/\/www.leili-motor.net\/de\/wp-json\/wp\/v2\/media\/8103"}],"wp:attachment":[{"href":"https:\/\/www.leili-motor.net\/de\/wp-json\/wp\/v2\/media?parent=8712"}],"wp:term":[{"taxonomy":"product_brand","embeddable":true,"href":"https:\/\/www.leili-motor.net\/de\/wp-json\/wp\/v2\/product_brand?post=8712"},{"taxonomy":"product_cat","embeddable":true,"href":"https:\/\/www.leili-motor.net\/de\/wp-json\/wp\/v2\/product_cat?post=8712"},{"taxonomy":"product_tag","embeddable":true,"href":"https:\/\/www.leili-motor.net\/de\/wp-json\/wp\/v2\/product_tag?post=8712"}],"curies":[{"name":"wp","href":"https:\/\/api.w.org\/{rel}","templated":true}]}}