{"id":8713,"date":"2025-03-05T10:51:56","date_gmt":"2025-03-05T02:51:56","guid":{"rendered":"https:\/\/www.leili-motor.net\/78zy-gleichstrommotor-mit-permanentmagnet-und-buersten\/"},"modified":"2025-03-05T10:51:56","modified_gmt":"2025-03-05T02:51:56","slug":"78zy-gleichstrommotor-mit-permanentmagnet-und-buersten","status":"publish","type":"product","link":"https:\/\/www.leili-motor.net\/de\/78zy-gleichstrommotor-mit-permanentmagnet-und-buersten.html","title":{"rendered":"78ZY Gleichstrommotor mit Permanentmagnet und B\u00fcrsten"},"content":{"rendered":"<h2>Produktparameter<\/h2>\n<table>\n<tbody>\n<tr>\n<td width=\"71\">Modell<\/td>\n<td width=\"71\">Leerlaufdrehzahl<br \/>\n(U\/min)<\/td>\n<td width=\"71\">Eingangsstrom<br \/>\n(mA)<\/td>\n<td width=\"71\">Ladegeschwindigkeit<br \/>\n(U\/min)<\/td>\n<td width=\"71\">Stromst\u00e4rke<br \/>\n(A)<\/td>\n<td width=\"71\">Lastdrehmoment<\/td>\n<td width=\"71\">Stillstandsstrom\n<\/td>\n<td width=\"71\">Stillstandsdrehmoment<br \/>\n(mN\u00b7m)<\/td>\n<\/tr>\n<tr>\n<td width=\"71\">78ZY1-2<\/td>\n<td width=\"71\">4800\u00b1480r\/min<\/td>\n<td width=\"71\">\uff1c4A<\/td>\n<td width=\"71\">3900\u00b1390r\/min<\/td>\n<td width=\"71\">\uff1c22A<\/td>\n<td width=\"71\">0.784N.m<\/td>\n<td width=\"71\">\uff1c120A<\/td>\n<td width=\"71\">\uff1e3N.m<\/td>\n<\/tr>\n<\/tbody>\n<\/table>\n<h2>Mechanische Abmessungen: mm<\/h2>\n<p><img fetchpriority=\"high\" decoding=\"async\" class=\"wp-image-337 size-full aligncenter\" src=\"https:\/\/www.leili-motor.net\/wp-content\/uploads\/2025\/03\/Mechanical-Dimensions-for-78ZY-PM-DC-Motor.png\" alt=\"Mechanische Abmessungen f\u00fcr den 78ZY PM-Gleichstrommotor\" width=\"759\" height=\"447\" srcset=\"https:\/\/www.leili-motor.net\/wp-content\/uploads\/2025\/03\/Mechanical-Dimensions-for-78ZY-PM-DC-Motor.png 759w, https:\/\/www.leili-motor.net\/wp-content\/uploads\/2025\/03\/Mechanical-Dimensions-for-78ZY-PM-DC-Motor-300x177.png 300w, https:\/\/www.leili-motor.net\/wp-content\/uploads\/2025\/03\/Mechanical-Dimensions-for-78ZY-PM-DC-Motor-600x353.png 600w\" sizes=\"(max-width: 759px) 100vw, 759px\" \/><\/p>\n","protected":false},"excerpt":{"rendered":"<h3>Leerlaufdrehzahl<\/h3>\n<p>4800 \u00b1 480 U\/min mit einem Eingangsstrom unter 4 A, wodurch Energieeffizienz und stabile Leistung gew\u00e4hrleistet werden.<\/p>\n<h3>Ladegeschwindigkeit<\/h3>\n<p>3900 \u00b1 390 U\/min unter Arbeitsbedingungen, was einen zuverl\u00e4ssigen Betrieb und eine konstante Leistungsabgabe f\u00fcr verschiedene Anwendungen gew\u00e4hrleistet.<\/p>\n<h3>Produktanwendung<\/h3>\n<p>Automobil<\/p>\n","protected":false},"featured_media":8044,"comment_status":"open","ping_status":"closed","template":"","meta":{"site-sidebar-layout":"default","site-content-layout":"","ast-site-content-layout":"default","site-content-style":"default","site-sidebar-style":"default","ast-global-header-display":"","ast-banner-title-visibility":"","ast-main-header-display":"","ast-hfb-above-header-display":"","ast-hfb-below-header-display":"","ast-hfb-mobile-header-display":"","site-post-title":"","ast-breadcrumbs-content":"","ast-featured-img":"","footer-sml-layout":"","theme-transparent-header-meta":"default","adv-header-id-meta":"","stick-header-meta":"","header-above-stick-meta":"","header-main-stick-meta":"","header-below-stick-meta":"","astra-migrate-meta-layouts":"default","ast-page-background-enabled":"default","ast-page-background-meta":{"desktop":{"background-color":"var(--ast-global-color-5)","background-image":"","background-repeat":"repeat","background-position":"center center","background-size":"auto","background-attachment":"scroll","background-type":"","background-media":"","overlay-type":"","overlay-color":"","overlay-opacity":"","overlay-gradient":""},"tablet":{"background-color":"","background-image":"","background-repeat":"repeat","background-position":"center center","background-size":"auto","background-attachment":"scroll","background-type":"","background-media":"","overlay-type":"","overlay-color":"","overlay-opacity":"","overlay-gradient":""},"mobile":{"background-color":"","background-image":"","background-repeat":"repeat","background-position":"center center","background-size":"auto","background-attachment":"scroll","background-type":"","background-media":"","overlay-type":"","overlay-color":"","overlay-opacity":"","overlay-gradient":""}},"ast-content-background-meta":{"desktop":{"background-color":"var(--ast-global-color-4)","background-image":"","background-repeat":"repeat","background-position":"center center","background-size":"auto","background-attachment":"scroll","background-type":"","background-media":"","overlay-type":"","overlay-color":"","overlay-opacity":"","overlay-gradient":""},"tablet":{"background-color":"var(--ast-global-color-4)","background-image":"","background-repeat":"repeat","background-position":"center center","background-size":"auto","background-attachment":"scroll","background-type":"","background-media":"","overlay-type":"","overlay-color":"","overlay-opacity":"","overlay-gradient":""},"mobile":{"background-color":"var(--ast-global-color-4)","background-image":"","background-repeat":"repeat","background-position":"center center","background-size":"auto","background-attachment":"scroll","background-type":"","background-media":"","overlay-type":"","overlay-color":"","overlay-opacity":"","overlay-gradient":""}}},"product_brand":[],"product_cat":[974,993],"product_tag":[],"class_list":{"0":"post-8713","1":"product","2":"type-product","3":"status-publish","4":"has-post-thumbnail","6":"product_cat-kategorie-gleichstrom-burstenmotor","7":"product_cat-gleichstrommotors-mit-permanentmagnet","8":"desktop-align-left","9":"tablet-align-left","10":"mobile-align-left","12":"first","13":"instock","14":"shipping-taxable","15":"product-type-simple"},"yoast_head":"<!-- This site is optimized with the Yoast SEO plugin v27.2 - https:\/\/yoast.com\/product\/yoast-seo-wordpress\/ -->\n<title>78ZY Gleichstrommotor mit Permanentmagnet und B\u00fcrsten &#8211; Leili Motor<\/title>\n<meta name=\"description\" content=\"Der 78ZY PMDC-Motor liefert unter Last 3900\u00b1390 U\/min, arbeitet mit einem Eingangsstrom von unter 4 A und eignet sich dank anpassbarem Design und anpassbarer Produktion f\u00fcr Automobilanwendungen.\" \/>\n<meta name=\"robots\" content=\"index, follow, max-snippet:-1, max-image-preview:large, max-video-preview:-1\" \/>\n<link rel=\"canonical\" href=\"https:\/\/www.leili-motor.net\/de\/78zy-gleichstrommotor-mit-permanentmagnet-und-buersten.html\" \/>\n<script type=\"application\/ld+json\" class=\"yoast-schema-graph\">{\"@context\":\"https:\/\/schema.org\",\"@graph\":[{\"@type\":\"WebPage\",\"@id\":\"https:\/\/www.leili-motor.net\/de\/78zy-gleichstrommotor-mit-permanentmagnet-und-buersten.html\",\"url\":\"https:\/\/www.leili-motor.net\/de\/78zy-gleichstrommotor-mit-permanentmagnet-und-buersten.html\",\"name\":\"78ZY Gleichstrommotor mit Permanentmagnet und B\u00fcrsten &#8211; Leili Motor\",\"isPartOf\":{\"@id\":\"https:\/\/www.leili-motor.net\/de\/#website\"},\"primaryImageOfPage\":{\"@id\":\"https:\/\/www.leili-motor.net\/de\/78zy-gleichstrommotor-mit-permanentmagnet-und-buersten.html#primaryimage\"},\"image\":{\"@id\":\"https:\/\/www.leili-motor.net\/de\/78zy-gleichstrommotor-mit-permanentmagnet-und-buersten.html#primaryimage\"},\"thumbnailUrl\":\"https:\/\/www.leili-motor.net\/wp-content\/uploads\/2025\/03\/78ZY-Permanent-Magnet-DC-Motor.png\",\"datePublished\":\"2025-03-05T02:51:56+00:00\",\"description\":\"Der 78ZY PMDC-Motor liefert unter Last 3900\u00b1390 U\/min, arbeitet mit einem Eingangsstrom von unter 4 A und eignet sich dank anpassbarem Design und anpassbarer Produktion f\u00fcr Automobilanwendungen.\",\"breadcrumb\":{\"@id\":\"https:\/\/www.leili-motor.net\/de\/78zy-gleichstrommotor-mit-permanentmagnet-und-buersten.html#breadcrumb\"},\"inLanguage\":\"de\",\"potentialAction\":[{\"@type\":\"ReadAction\",\"target\":[\"https:\/\/www.leili-motor.net\/de\/78zy-gleichstrommotor-mit-permanentmagnet-und-buersten.html\"]}]},{\"@type\":\"ImageObject\",\"inLanguage\":\"de\",\"@id\":\"https:\/\/www.leili-motor.net\/de\/78zy-gleichstrommotor-mit-permanentmagnet-und-buersten.html#primaryimage\",\"url\":\"https:\/\/www.leili-motor.net\/wp-content\/uploads\/2025\/03\/78ZY-Permanent-Magnet-DC-Motor.png\",\"contentUrl\":\"https:\/\/www.leili-motor.net\/wp-content\/uploads\/2025\/03\/78ZY-Permanent-Magnet-DC-Motor.png\",\"width\":454,\"height\":310,\"caption\":\"78ZY Permanentmagnet-Gleichstrommotor\"},{\"@type\":\"BreadcrumbList\",\"@id\":\"https:\/\/www.leili-motor.net\/de\/78zy-gleichstrommotor-mit-permanentmagnet-und-buersten.html#breadcrumb\",\"itemListElement\":[{\"@type\":\"ListItem\",\"position\":1,\"name\":\"Home\",\"item\":\"https:\/\/www.leili-motor.net\/de\/\"},{\"@type\":\"ListItem\",\"position\":2,\"name\":\"Produkte\",\"item\":\"https:\/\/www.leili-motor.net\/de\/produkte.html\"},{\"@type\":\"ListItem\",\"position\":3,\"name\":\"78ZY Gleichstrommotor mit Permanentmagnet und B\u00fcrsten\"}]},{\"@type\":\"WebSite\",\"@id\":\"https:\/\/www.leili-motor.net\/de\/#website\",\"url\":\"https:\/\/www.leili-motor.net\/de\/\",\"name\":\"Leili Motor\",\"description\":\"\",\"publisher\":{\"@id\":\"https:\/\/www.leili-motor.net\/de\/#organization\"},\"potentialAction\":[{\"@type\":\"SearchAction\",\"target\":{\"@type\":\"EntryPoint\",\"urlTemplate\":\"https:\/\/www.leili-motor.net\/de\/?s={search_term_string}\"},\"query-input\":{\"@type\":\"PropertyValueSpecification\",\"valueRequired\":true,\"valueName\":\"search_term_string\"}}],\"inLanguage\":\"de\"},{\"@type\":\"Organization\",\"@id\":\"https:\/\/www.leili-motor.net\/de\/#organization\",\"name\":\"Leili Motor\",\"url\":\"https:\/\/www.leili-motor.net\/de\/\",\"logo\":{\"@type\":\"ImageObject\",\"inLanguage\":\"de\",\"@id\":\"https:\/\/www.leili-motor.net\/de\/#\/schema\/logo\/image\/\",\"url\":\"https:\/\/www.leili-motor.net\/wp-content\/uploads\/2025\/03\/Leili-Motor.png\",\"contentUrl\":\"https:\/\/www.leili-motor.net\/wp-content\/uploads\/2025\/03\/Leili-Motor.png\",\"width\":600,\"height\":156,\"caption\":\"Leili Motor\"},\"image\":{\"@id\":\"https:\/\/www.leili-motor.net\/de\/#\/schema\/logo\/image\/\"}}]}<\/script>\n<!-- \/ Yoast SEO plugin. -->","yoast_head_json":{"title":"78ZY Gleichstrommotor mit Permanentmagnet und B\u00fcrsten &#8211; Leili Motor","description":"Der 78ZY PMDC-Motor liefert unter Last 3900\u00b1390 U\/min, arbeitet mit einem Eingangsstrom von unter 4 A und eignet sich dank anpassbarem Design und anpassbarer Produktion f\u00fcr Automobilanwendungen.","robots":{"index":"index","follow":"follow","max-snippet":"max-snippet:-1","max-image-preview":"max-image-preview:large","max-video-preview":"max-video-preview:-1"},"canonical":"https:\/\/www.leili-motor.net\/de\/78zy-gleichstrommotor-mit-permanentmagnet-und-buersten.html","schema":{"@context":"https:\/\/schema.org","@graph":[{"@type":"WebPage","@id":"https:\/\/www.leili-motor.net\/de\/78zy-gleichstrommotor-mit-permanentmagnet-und-buersten.html","url":"https:\/\/www.leili-motor.net\/de\/78zy-gleichstrommotor-mit-permanentmagnet-und-buersten.html","name":"78ZY Gleichstrommotor mit Permanentmagnet und B\u00fcrsten &#8211; Leili Motor","isPartOf":{"@id":"https:\/\/www.leili-motor.net\/de\/#website"},"primaryImageOfPage":{"@id":"https:\/\/www.leili-motor.net\/de\/78zy-gleichstrommotor-mit-permanentmagnet-und-buersten.html#primaryimage"},"image":{"@id":"https:\/\/www.leili-motor.net\/de\/78zy-gleichstrommotor-mit-permanentmagnet-und-buersten.html#primaryimage"},"thumbnailUrl":"https:\/\/www.leili-motor.net\/wp-content\/uploads\/2025\/03\/78ZY-Permanent-Magnet-DC-Motor.png","datePublished":"2025-03-05T02:51:56+00:00","description":"Der 78ZY PMDC-Motor liefert unter Last 3900\u00b1390 U\/min, arbeitet mit einem Eingangsstrom von unter 4 A und eignet sich dank anpassbarem Design und anpassbarer Produktion f\u00fcr Automobilanwendungen.","breadcrumb":{"@id":"https:\/\/www.leili-motor.net\/de\/78zy-gleichstrommotor-mit-permanentmagnet-und-buersten.html#breadcrumb"},"inLanguage":"de","potentialAction":[{"@type":"ReadAction","target":["https:\/\/www.leili-motor.net\/de\/78zy-gleichstrommotor-mit-permanentmagnet-und-buersten.html"]}]},{"@type":"ImageObject","inLanguage":"de","@id":"https:\/\/www.leili-motor.net\/de\/78zy-gleichstrommotor-mit-permanentmagnet-und-buersten.html#primaryimage","url":"https:\/\/www.leili-motor.net\/wp-content\/uploads\/2025\/03\/78ZY-Permanent-Magnet-DC-Motor.png","contentUrl":"https:\/\/www.leili-motor.net\/wp-content\/uploads\/2025\/03\/78ZY-Permanent-Magnet-DC-Motor.png","width":454,"height":310,"caption":"78ZY Permanentmagnet-Gleichstrommotor"},{"@type":"BreadcrumbList","@id":"https:\/\/www.leili-motor.net\/de\/78zy-gleichstrommotor-mit-permanentmagnet-und-buersten.html#breadcrumb","itemListElement":[{"@type":"ListItem","position":1,"name":"Home","item":"https:\/\/www.leili-motor.net\/de\/"},{"@type":"ListItem","position":2,"name":"Produkte","item":"https:\/\/www.leili-motor.net\/de\/produkte.html"},{"@type":"ListItem","position":3,"name":"78ZY Gleichstrommotor mit Permanentmagnet und B\u00fcrsten"}]},{"@type":"WebSite","@id":"https:\/\/www.leili-motor.net\/de\/#website","url":"https:\/\/www.leili-motor.net\/de\/","name":"Leili Motor","description":"","publisher":{"@id":"https:\/\/www.leili-motor.net\/de\/#organization"},"potentialAction":[{"@type":"SearchAction","target":{"@type":"EntryPoint","urlTemplate":"https:\/\/www.leili-motor.net\/de\/?s={search_term_string}"},"query-input":{"@type":"PropertyValueSpecification","valueRequired":true,"valueName":"search_term_string"}}],"inLanguage":"de"},{"@type":"Organization","@id":"https:\/\/www.leili-motor.net\/de\/#organization","name":"Leili Motor","url":"https:\/\/www.leili-motor.net\/de\/","logo":{"@type":"ImageObject","inLanguage":"de","@id":"https:\/\/www.leili-motor.net\/de\/#\/schema\/logo\/image\/","url":"https:\/\/www.leili-motor.net\/wp-content\/uploads\/2025\/03\/Leili-Motor.png","contentUrl":"https:\/\/www.leili-motor.net\/wp-content\/uploads\/2025\/03\/Leili-Motor.png","width":600,"height":156,"caption":"Leili Motor"},"image":{"@id":"https:\/\/www.leili-motor.net\/de\/#\/schema\/logo\/image\/"}}]}},"_links":{"self":[{"href":"https:\/\/www.leili-motor.net\/de\/wp-json\/wp\/v2\/product\/8713","targetHints":{"allow":["GET"]}}],"collection":[{"href":"https:\/\/www.leili-motor.net\/de\/wp-json\/wp\/v2\/product"}],"about":[{"href":"https:\/\/www.leili-motor.net\/de\/wp-json\/wp\/v2\/types\/product"}],"replies":[{"embeddable":true,"href":"https:\/\/www.leili-motor.net\/de\/wp-json\/wp\/v2\/comments?post=8713"}],"wp:featuredmedia":[{"embeddable":true,"href":"https:\/\/www.leili-motor.net\/de\/wp-json\/wp\/v2\/media\/8044"}],"wp:attachment":[{"href":"https:\/\/www.leili-motor.net\/de\/wp-json\/wp\/v2\/media?parent=8713"}],"wp:term":[{"taxonomy":"product_brand","embeddable":true,"href":"https:\/\/www.leili-motor.net\/de\/wp-json\/wp\/v2\/product_brand?post=8713"},{"taxonomy":"product_cat","embeddable":true,"href":"https:\/\/www.leili-motor.net\/de\/wp-json\/wp\/v2\/product_cat?post=8713"},{"taxonomy":"product_tag","embeddable":true,"href":"https:\/\/www.leili-motor.net\/de\/wp-json\/wp\/v2\/product_tag?post=8713"}],"curies":[{"name":"wp","href":"https:\/\/api.w.org\/{rel}","templated":true}]}}