{"id":8744,"date":"2025-03-12T10:35:28","date_gmt":"2025-03-12T02:35:28","guid":{"rendered":"https:\/\/www.leili-motor.net\/blp400h-elektrische-wasserpumpe\/"},"modified":"2025-03-12T10:35:28","modified_gmt":"2025-03-12T02:35:28","slug":"blp400h-elektrische-wasserpumpe","status":"publish","type":"product","link":"https:\/\/www.leili-motor.net\/de\/blp400h-elektrische-wasserpumpe.html","title":{"rendered":"BLP400H Elektrische Wasserpumpe"},"content":{"rendered":"<h2>Produktparameter<\/h2>\n<table>\n<tbody>\n<tr>\n<td>Modell<\/td>\n<td>Arbeiten<br \/>\nMittel<\/td>\n<td>Umgebungstemperatur\n<\/td>\n<td>Mediumtemperatur\n<\/td>\n<td>Bewertet<br \/>\nStromspannung<\/td>\n<td>Gewicht<\/td>\n<td>Lebensdauer<\/td>\n<td>Schutz<br \/>\nLevel<\/td>\n<td>Schutzfunktion\n<\/td>\n<td>Spezielle<br \/>\nFunktionen<\/td>\n<td>Nennleistung<\/p>\n<p> (W)<\/td>\n<td>Bemessungs<br \/>\nparameter<\/td>\n<\/tr>\n<tr>\n<td>BLP400H<\/td>\n<td>Frostschutz<\/td>\n<td>-40\u2103\uff5e+85\u2103<\/td>\n<td>-40\u2103\uff5e+85\u2103<\/td>\n<td>DC24V<\/td>\n<td>2.3kg<\/td>\n<td>\u226520000h<\/td>\n<td>IP68<\/td>\n<td>\u00dcber-\/Unterspannung,<br \/>\nRotorblockierung,<br \/>\nFalschanschluss,<br \/>\n\u00dcberstrom,<br \/>\nLeerlauf<\/td>\n<td>Fehlermeldungs<br \/>\nfunktion, PWM<br \/>\n-Drehzahlregelungs<br \/>\nfunktion<\/td>\n<td>400W<\/td>\n<td>Q=3000L\/h,<br \/>\nH=20m<\/td>\n<\/tr>\n<\/tbody>\n<\/table>\n<h2>Mechanische Abmessungen: mm<\/h2>\n<p><img fetchpriority=\"high\" decoding=\"async\" class=\"size-full wp-image-2095 aligncenter\" src=\"https:\/\/www.leili-motor.net\/wp-content\/uploads\/2025\/03\/Mechanical-Dimension-for-BLP400H-Electronic-Water-Pump.webp\" alt=\"Mechanische Abmessungen f\u00fcr die elektronische Wasserpumpe BLP400H\" width=\"759\" height=\"447\" srcset=\"https:\/\/www.leili-motor.net\/wp-content\/uploads\/2025\/03\/Mechanical-Dimension-for-BLP400H-Electronic-Water-Pump.webp 759w, https:\/\/www.leili-motor.net\/wp-content\/uploads\/2025\/03\/Mechanical-Dimension-for-BLP400H-Electronic-Water-Pump-300x177.webp 300w, https:\/\/www.leili-motor.net\/wp-content\/uploads\/2025\/03\/Mechanical-Dimension-for-BLP400H-Electronic-Water-Pump-600x353.webp 600w\" sizes=\"(max-width: 759px) 100vw, 759px\" \/><\/p>\n<p>&nbsp;<\/p>\n","protected":false},"excerpt":{"rendered":"<h3>Produkteinf\u00fchrung<\/h3>\n<ul>\n<li>Hochleistungseffizienz: 400 W Leistung, 3000 l\/h Durchflussrate, 20 m F\u00f6rderh\u00f6he und PWM-Geschwindigkeitsregelung.<\/li>\n<li>Zuverl\u00e4ssig und langlebig: Betrieb bei -40 \u00b0C bis +85 \u00b0C, 24 V DC, \u2265 20.000 Stunden Lebensdauer und IP68-Schutz.<\/li>\n<li>Erweiterte Sicherheitsfunktionen: Ausgestattet mit Fehlerr\u00fcckmeldung, \u00dcberstrom-, Unterspannungs-, blockiertem Rotor- und Verpolungsschutzon.<\/li>\n<\/ul>\n<h3>Produktanwendung<\/h3>\n<ul>\n<li>Energiespeicherung<\/li>\n<li>Rechenzentrum<\/li>\n<\/ul>\n","protected":false},"featured_media":8746,"comment_status":"open","ping_status":"closed","template":"","meta":{"site-sidebar-layout":"default","site-content-layout":"","ast-site-content-layout":"default","site-content-style":"default","site-sidebar-style":"default","ast-global-header-display":"","ast-banner-title-visibility":"","ast-main-header-display":"","ast-hfb-above-header-display":"","ast-hfb-below-header-display":"","ast-hfb-mobile-header-display":"","site-post-title":"","ast-breadcrumbs-content":"","ast-featured-img":"","footer-sml-layout":"","theme-transparent-header-meta":"default","adv-header-id-meta":"","stick-header-meta":"","header-above-stick-meta":"","header-main-stick-meta":"","header-below-stick-meta":"","astra-migrate-meta-layouts":"default","ast-page-background-enabled":"default","ast-page-background-meta":{"desktop":{"background-color":"var(--ast-global-color-5)","background-image":"","background-repeat":"repeat","background-position":"center center","background-size":"auto","background-attachment":"scroll","background-type":"","background-media":"","overlay-type":"","overlay-color":"","overlay-opacity":"","overlay-gradient":""},"tablet":{"background-color":"","background-image":"","background-repeat":"repeat","background-position":"center center","background-size":"auto","background-attachment":"scroll","background-type":"","background-media":"","overlay-type":"","overlay-color":"","overlay-opacity":"","overlay-gradient":""},"mobile":{"background-color":"","background-image":"","background-repeat":"repeat","background-position":"center center","background-size":"auto","background-attachment":"scroll","background-type":"","background-media":"","overlay-type":"","overlay-color":"","overlay-opacity":"","overlay-gradient":""}},"ast-content-background-meta":{"desktop":{"background-color":"var(--ast-global-color-4)","background-image":"","background-repeat":"repeat","background-position":"center center","background-size":"auto","background-attachment":"scroll","background-type":"","background-media":"","overlay-type":"","overlay-color":"","overlay-opacity":"","overlay-gradient":""},"tablet":{"background-color":"var(--ast-global-color-4)","background-image":"","background-repeat":"repeat","background-position":"center center","background-size":"auto","background-attachment":"scroll","background-type":"","background-media":"","overlay-type":"","overlay-color":"","overlay-opacity":"","overlay-gradient":""},"mobile":{"background-color":"var(--ast-global-color-4)","background-image":"","background-repeat":"repeat","background-position":"center center","background-size":"auto","background-attachment":"scroll","background-type":"","background-media":"","overlay-type":"","overlay-color":"","overlay-opacity":"","overlay-gradient":""}}},"product_brand":[],"product_cat":[999,1000],"product_tag":[1002],"class_list":{"0":"post-8744","1":"product","2":"type-product","3":"status-publish","4":"has-post-thumbnail","6":"product_cat-ventilpumpenkategorie","7":"product_cat-elektrische-wasserpumpes","8":"product_tag-energiespeicher-energiespeichersystem","9":"desktop-align-left","10":"tablet-align-left","11":"mobile-align-left","13":"first","14":"instock","15":"shipping-taxable","16":"product-type-simple"},"yoast_head":"<!-- This site is optimized with the Yoast SEO plugin v27.2 - https:\/\/yoast.com\/product\/yoast-seo-wordpress\/ -->\n<title>BLP400H Elektrische Wasserpumpe &#8211; Leili Motor<\/title>\n<meta name=\"description\" content=\"Die elektronische Wasserpumpe BLP400H liefert 400 W Leistung, 3000 l\/h Durchfluss und IP68-Schutz und gew\u00e4hrleistet so eine effiziente K\u00fchlung f\u00fcr Energiespeicher und Rechenzentren.\" \/>\n<meta name=\"robots\" content=\"index, follow, max-snippet:-1, max-image-preview:large, max-video-preview:-1\" \/>\n<link rel=\"canonical\" href=\"https:\/\/www.leili-motor.net\/de\/blp400h-elektrische-wasserpumpe.html\" \/>\n<script type=\"application\/ld+json\" class=\"yoast-schema-graph\">{\"@context\":\"https:\/\/schema.org\",\"@graph\":[{\"@type\":\"WebPage\",\"@id\":\"https:\/\/www.leili-motor.net\/de\/blp400h-elektrische-wasserpumpe.html\",\"url\":\"https:\/\/www.leili-motor.net\/de\/blp400h-elektrische-wasserpumpe.html\",\"name\":\"BLP400H Elektrische Wasserpumpe &#8211; Leili Motor\",\"isPartOf\":{\"@id\":\"https:\/\/www.leili-motor.net\/de\/#website\"},\"primaryImageOfPage\":{\"@id\":\"https:\/\/www.leili-motor.net\/de\/blp400h-elektrische-wasserpumpe.html#primaryimage\"},\"image\":{\"@id\":\"https:\/\/www.leili-motor.net\/de\/blp400h-elektrische-wasserpumpe.html#primaryimage\"},\"thumbnailUrl\":\"https:\/\/www.leili-motor.net\/wp-content\/uploads\/2025\/03\/BLP400H-Electronic-Water-Pump.webp\",\"datePublished\":\"2025-03-12T02:35:28+00:00\",\"description\":\"Die elektronische Wasserpumpe BLP400H liefert 400 W Leistung, 3000 l\/h Durchfluss und IP68-Schutz und gew\u00e4hrleistet so eine effiziente K\u00fchlung f\u00fcr Energiespeicher und Rechenzentren.\",\"breadcrumb\":{\"@id\":\"https:\/\/www.leili-motor.net\/de\/blp400h-elektrische-wasserpumpe.html#breadcrumb\"},\"inLanguage\":\"de\",\"potentialAction\":[{\"@type\":\"ReadAction\",\"target\":[\"https:\/\/www.leili-motor.net\/de\/blp400h-elektrische-wasserpumpe.html\"]}]},{\"@type\":\"ImageObject\",\"inLanguage\":\"de\",\"@id\":\"https:\/\/www.leili-motor.net\/de\/blp400h-elektrische-wasserpumpe.html#primaryimage\",\"url\":\"https:\/\/www.leili-motor.net\/wp-content\/uploads\/2025\/03\/BLP400H-Electronic-Water-Pump.webp\",\"contentUrl\":\"https:\/\/www.leili-motor.net\/wp-content\/uploads\/2025\/03\/BLP400H-Electronic-Water-Pump.webp\",\"width\":454,\"height\":310,\"caption\":\"BLP400H Elektronische Wasserpumpe\"},{\"@type\":\"BreadcrumbList\",\"@id\":\"https:\/\/www.leili-motor.net\/de\/blp400h-elektrische-wasserpumpe.html#breadcrumb\",\"itemListElement\":[{\"@type\":\"ListItem\",\"position\":1,\"name\":\"Home\",\"item\":\"https:\/\/www.leili-motor.net\/de\/\"},{\"@type\":\"ListItem\",\"position\":2,\"name\":\"Produkte\",\"item\":\"https:\/\/www.leili-motor.net\/de\/produkte.html\"},{\"@type\":\"ListItem\",\"position\":3,\"name\":\"BLP400H Elektrische Wasserpumpe\"}]},{\"@type\":\"WebSite\",\"@id\":\"https:\/\/www.leili-motor.net\/de\/#website\",\"url\":\"https:\/\/www.leili-motor.net\/de\/\",\"name\":\"Leili Motor\",\"description\":\"\",\"publisher\":{\"@id\":\"https:\/\/www.leili-motor.net\/de\/#organization\"},\"potentialAction\":[{\"@type\":\"SearchAction\",\"target\":{\"@type\":\"EntryPoint\",\"urlTemplate\":\"https:\/\/www.leili-motor.net\/de\/?s={search_term_string}\"},\"query-input\":{\"@type\":\"PropertyValueSpecification\",\"valueRequired\":true,\"valueName\":\"search_term_string\"}}],\"inLanguage\":\"de\"},{\"@type\":\"Organization\",\"@id\":\"https:\/\/www.leili-motor.net\/de\/#organization\",\"name\":\"Leili Motor\",\"url\":\"https:\/\/www.leili-motor.net\/de\/\",\"logo\":{\"@type\":\"ImageObject\",\"inLanguage\":\"de\",\"@id\":\"https:\/\/www.leili-motor.net\/de\/#\/schema\/logo\/image\/\",\"url\":\"https:\/\/www.leili-motor.net\/wp-content\/uploads\/2025\/03\/Leili-Motor.png\",\"contentUrl\":\"https:\/\/www.leili-motor.net\/wp-content\/uploads\/2025\/03\/Leili-Motor.png\",\"width\":600,\"height\":156,\"caption\":\"Leili Motor\"},\"image\":{\"@id\":\"https:\/\/www.leili-motor.net\/de\/#\/schema\/logo\/image\/\"}}]}<\/script>\n<!-- \/ Yoast SEO plugin. -->","yoast_head_json":{"title":"BLP400H Elektrische Wasserpumpe &#8211; Leili Motor","description":"Die elektronische Wasserpumpe BLP400H liefert 400 W Leistung, 3000 l\/h Durchfluss und IP68-Schutz und gew\u00e4hrleistet so eine effiziente K\u00fchlung f\u00fcr Energiespeicher und Rechenzentren.","robots":{"index":"index","follow":"follow","max-snippet":"max-snippet:-1","max-image-preview":"max-image-preview:large","max-video-preview":"max-video-preview:-1"},"canonical":"https:\/\/www.leili-motor.net\/de\/blp400h-elektrische-wasserpumpe.html","schema":{"@context":"https:\/\/schema.org","@graph":[{"@type":"WebPage","@id":"https:\/\/www.leili-motor.net\/de\/blp400h-elektrische-wasserpumpe.html","url":"https:\/\/www.leili-motor.net\/de\/blp400h-elektrische-wasserpumpe.html","name":"BLP400H Elektrische Wasserpumpe &#8211; Leili Motor","isPartOf":{"@id":"https:\/\/www.leili-motor.net\/de\/#website"},"primaryImageOfPage":{"@id":"https:\/\/www.leili-motor.net\/de\/blp400h-elektrische-wasserpumpe.html#primaryimage"},"image":{"@id":"https:\/\/www.leili-motor.net\/de\/blp400h-elektrische-wasserpumpe.html#primaryimage"},"thumbnailUrl":"https:\/\/www.leili-motor.net\/wp-content\/uploads\/2025\/03\/BLP400H-Electronic-Water-Pump.webp","datePublished":"2025-03-12T02:35:28+00:00","description":"Die elektronische Wasserpumpe BLP400H liefert 400 W Leistung, 3000 l\/h Durchfluss und IP68-Schutz und gew\u00e4hrleistet so eine effiziente K\u00fchlung f\u00fcr Energiespeicher und Rechenzentren.","breadcrumb":{"@id":"https:\/\/www.leili-motor.net\/de\/blp400h-elektrische-wasserpumpe.html#breadcrumb"},"inLanguage":"de","potentialAction":[{"@type":"ReadAction","target":["https:\/\/www.leili-motor.net\/de\/blp400h-elektrische-wasserpumpe.html"]}]},{"@type":"ImageObject","inLanguage":"de","@id":"https:\/\/www.leili-motor.net\/de\/blp400h-elektrische-wasserpumpe.html#primaryimage","url":"https:\/\/www.leili-motor.net\/wp-content\/uploads\/2025\/03\/BLP400H-Electronic-Water-Pump.webp","contentUrl":"https:\/\/www.leili-motor.net\/wp-content\/uploads\/2025\/03\/BLP400H-Electronic-Water-Pump.webp","width":454,"height":310,"caption":"BLP400H Elektronische Wasserpumpe"},{"@type":"BreadcrumbList","@id":"https:\/\/www.leili-motor.net\/de\/blp400h-elektrische-wasserpumpe.html#breadcrumb","itemListElement":[{"@type":"ListItem","position":1,"name":"Home","item":"https:\/\/www.leili-motor.net\/de\/"},{"@type":"ListItem","position":2,"name":"Produkte","item":"https:\/\/www.leili-motor.net\/de\/produkte.html"},{"@type":"ListItem","position":3,"name":"BLP400H Elektrische Wasserpumpe"}]},{"@type":"WebSite","@id":"https:\/\/www.leili-motor.net\/de\/#website","url":"https:\/\/www.leili-motor.net\/de\/","name":"Leili Motor","description":"","publisher":{"@id":"https:\/\/www.leili-motor.net\/de\/#organization"},"potentialAction":[{"@type":"SearchAction","target":{"@type":"EntryPoint","urlTemplate":"https:\/\/www.leili-motor.net\/de\/?s={search_term_string}"},"query-input":{"@type":"PropertyValueSpecification","valueRequired":true,"valueName":"search_term_string"}}],"inLanguage":"de"},{"@type":"Organization","@id":"https:\/\/www.leili-motor.net\/de\/#organization","name":"Leili Motor","url":"https:\/\/www.leili-motor.net\/de\/","logo":{"@type":"ImageObject","inLanguage":"de","@id":"https:\/\/www.leili-motor.net\/de\/#\/schema\/logo\/image\/","url":"https:\/\/www.leili-motor.net\/wp-content\/uploads\/2025\/03\/Leili-Motor.png","contentUrl":"https:\/\/www.leili-motor.net\/wp-content\/uploads\/2025\/03\/Leili-Motor.png","width":600,"height":156,"caption":"Leili Motor"},"image":{"@id":"https:\/\/www.leili-motor.net\/de\/#\/schema\/logo\/image\/"}}]}},"_links":{"self":[{"href":"https:\/\/www.leili-motor.net\/de\/wp-json\/wp\/v2\/product\/8744","targetHints":{"allow":["GET"]}}],"collection":[{"href":"https:\/\/www.leili-motor.net\/de\/wp-json\/wp\/v2\/product"}],"about":[{"href":"https:\/\/www.leili-motor.net\/de\/wp-json\/wp\/v2\/types\/product"}],"replies":[{"embeddable":true,"href":"https:\/\/www.leili-motor.net\/de\/wp-json\/wp\/v2\/comments?post=8744"}],"wp:featuredmedia":[{"embeddable":true,"href":"https:\/\/www.leili-motor.net\/de\/wp-json\/wp\/v2\/media\/8746"}],"wp:attachment":[{"href":"https:\/\/www.leili-motor.net\/de\/wp-json\/wp\/v2\/media?parent=8744"}],"wp:term":[{"taxonomy":"product_brand","embeddable":true,"href":"https:\/\/www.leili-motor.net\/de\/wp-json\/wp\/v2\/product_brand?post=8744"},{"taxonomy":"product_cat","embeddable":true,"href":"https:\/\/www.leili-motor.net\/de\/wp-json\/wp\/v2\/product_cat?post=8744"},{"taxonomy":"product_tag","embeddable":true,"href":"https:\/\/www.leili-motor.net\/de\/wp-json\/wp\/v2\/product_tag?post=8744"}],"curies":[{"name":"wp","href":"https:\/\/api.w.org\/{rel}","templated":true}]}}