{"id":8745,"date":"2025-03-11T17:28:40","date_gmt":"2025-03-11T09:28:40","guid":{"rendered":"https:\/\/www.leili-motor.net\/dp400w-50w-membranpumpe\/"},"modified":"2025-03-11T17:28:40","modified_gmt":"2025-03-11T09:28:40","slug":"dp400w-50w-membranpumpe","status":"publish","type":"product","link":"https:\/\/www.leili-motor.net\/de\/dp400w-50w-membranpumpe.html","title":{"rendered":"DP400W\/50W Membranpumpe"},"content":{"rendered":"<h2>Produktparameter<\/h2>\n<table>\n<tbody>\n<tr>\n<td>Modell<\/td>\n<td>L(mm)<\/td>\n<td>Stromspannung<br \/>\n(VDC)<\/td>\n<td>PSI<\/td>\n<td>PSI<br \/>\n(Max)<\/td>\n<td>Stromst\u00e4rke<br \/>\n(A)<\/td>\n<td>(LPH)<\/td>\n<td>(Max)(\u00b0C)<\/td>\n<td>PSI<\/td>\n<td>Stillstandsstrom<\/td>\n<\/tr>\n<tr>\n<td>DP400W-x<\/td>\n<td>215<\/td>\n<td>24<\/td>\n<td>30<\/td>\n<td>70<\/td>\n<td>\u2264 2.5<\/td>\n<td>\u2265 150<\/td>\n<td>55<\/td>\n<td>140\u00b110<\/td>\n<td>\u2264 3.5A<\/td>\n<\/tr>\n<tr>\n<td>DP400W-y<\/td>\n<td>215<\/td>\n<td>36<\/td>\n<td>30<\/td>\n<td>70<\/td>\n<td>\u2264 1.5<\/td>\n<td>\u2265 160<\/td>\n<td>55<\/td>\n<td>140\u00b110<\/td>\n<td>\u2264 2.5A<\/td>\n<\/tr>\n<tr>\n<td>DP50W-x<\/td>\n<td>195<\/td>\n<td>24<\/td>\n<td>30<\/td>\n<td>70<\/td>\n<td>\u2264 0.9<\/td>\n<td>\u2265 35<\/td>\n<td>55<\/td>\n<td>120\u00b110<\/td>\n<td>\u2264 1.3A<\/td>\n<\/tr>\n<tr>\n<td>DP50W-y<\/td>\n<td>195<\/td>\n<td>36<\/td>\n<td>30<\/td>\n<td>70<\/td>\n<td>\u2264 0.6<\/td>\n<td>\u2265 37<\/td>\n<td>55<\/td>\n<td>120\u00b110<\/td>\n<td>\u2264 1.0A<\/td>\n<\/tr>\n<\/tbody>\n<\/table>\n<h2>Mechanische Abmessungen: mm<\/h2>\n<p><img fetchpriority=\"high\" decoding=\"async\" class=\"size-full wp-image-1971 aligncenter\" src=\"https:\/\/www.leili-motor.net\/wp-content\/uploads\/2025\/03\/Mechanical-Dimension-for-DP400W-Diaphragm-Pump.webp\" alt=\"Mechanische Abmessungen f\u00fcr die Membranpumpe DP400W\" width=\"759\" height=\"453\" srcset=\"https:\/\/www.leili-motor.net\/wp-content\/uploads\/2025\/03\/Mechanical-Dimension-for-DP400W-Diaphragm-Pump.webp 759w, https:\/\/www.leili-motor.net\/wp-content\/uploads\/2025\/03\/Mechanical-Dimension-for-DP400W-Diaphragm-Pump-300x179.webp 300w, https:\/\/www.leili-motor.net\/wp-content\/uploads\/2025\/03\/Mechanical-Dimension-for-DP400W-Diaphragm-Pump-600x358.webp 600w\" sizes=\"(max-width: 759px) 100vw, 759px\" \/><\/p>\n","protected":false},"excerpt":{"rendered":"<h3>Produkteinf\u00fchrung<\/h3>\n<ul>\n<li>Hochdruckleistung: Liefert bis zu 70 PSI und gew\u00e4hrleistet so eine effiziente Fl\u00fcssigkeits\u00fcbertragung und einen starken Betrieb.<\/li>\n<li>Energieeffizientes Design: L\u00e4uft mit 24 VDC oder 36 VDC, mit einem maximalen Blockierstrom von 3,5 A.<\/li>\n<li>Vielseitige Durchflussraten: Bietet \u2265150\u2013160 LPH (DP400W) und \u226535\u201337 LPH (DP50W) f\u00fcr verschiedene Anwendungen.<\/li>\n<\/ul>\n<h3>Produktanwendung<\/h3>\n<ul>\n<li>Haushaltsger\u00e4te: Druckerh\u00f6hungspumpe f\u00fcr Wasserreiniger<\/li>\n<\/ul>\n","protected":false},"featured_media":8749,"comment_status":"open","ping_status":"closed","template":"","meta":{"site-sidebar-layout":"default","site-content-layout":"","ast-site-content-layout":"default","site-content-style":"default","site-sidebar-style":"default","ast-global-header-display":"","ast-banner-title-visibility":"","ast-main-header-display":"","ast-hfb-above-header-display":"","ast-hfb-below-header-display":"","ast-hfb-mobile-header-display":"","site-post-title":"","ast-breadcrumbs-content":"","ast-featured-img":"","footer-sml-layout":"","theme-transparent-header-meta":"default","adv-header-id-meta":"","stick-header-meta":"","header-above-stick-meta":"","header-main-stick-meta":"","header-below-stick-meta":"","astra-migrate-meta-layouts":"default","ast-page-background-enabled":"default","ast-page-background-meta":{"desktop":{"background-color":"var(--ast-global-color-5)","background-image":"","background-repeat":"repeat","background-position":"center center","background-size":"auto","background-attachment":"scroll","background-type":"","background-media":"","overlay-type":"","overlay-color":"","overlay-opacity":"","overlay-gradient":""},"tablet":{"background-color":"","background-image":"","background-repeat":"repeat","background-position":"center center","background-size":"auto","background-attachment":"scroll","background-type":"","background-media":"","overlay-type":"","overlay-color":"","overlay-opacity":"","overlay-gradient":""},"mobile":{"background-color":"","background-image":"","background-repeat":"repeat","background-position":"center center","background-size":"auto","background-attachment":"scroll","background-type":"","background-media":"","overlay-type":"","overlay-color":"","overlay-opacity":"","overlay-gradient":""}},"ast-content-background-meta":{"desktop":{"background-color":"var(--ast-global-color-4)","background-image":"","background-repeat":"repeat","background-position":"center center","background-size":"auto","background-attachment":"scroll","background-type":"","background-media":"","overlay-type":"","overlay-color":"","overlay-opacity":"","overlay-gradient":""},"tablet":{"background-color":"var(--ast-global-color-4)","background-image":"","background-repeat":"repeat","background-position":"center center","background-size":"auto","background-attachment":"scroll","background-type":"","background-media":"","overlay-type":"","overlay-color":"","overlay-opacity":"","overlay-gradient":""},"mobile":{"background-color":"var(--ast-global-color-4)","background-image":"","background-repeat":"repeat","background-position":"center center","background-size":"auto","background-attachment":"scroll","background-type":"","background-media":"","overlay-type":"","overlay-color":"","overlay-opacity":"","overlay-gradient":""}}},"product_brand":[],"product_cat":[999,1013],"product_tag":[1014],"class_list":{"0":"post-8745","1":"product","2":"type-product","3":"status-publish","4":"has-post-thumbnail","6":"product_cat-ventilpumpenkategorie","7":"product_cat-membranpumpes","8":"product_tag-gerate-sonstige-pumpe","9":"pa_application-haushaltsgerate","10":"desktop-align-left","11":"tablet-align-left","12":"mobile-align-left","14":"first","15":"instock","16":"shipping-taxable","17":"product-type-simple"},"yoast_head":"<!-- This site is optimized with the Yoast SEO plugin v27.2 - https:\/\/yoast.com\/product\/yoast-seo-wordpress\/ -->\n<title>Membranpumpenhersteller, Membranpumpe f\u00fcr Haushaltsger\u00e4te DP400W\/50W &#8211; Leili Motor<\/title>\n<meta name=\"description\" content=\"Unsere Membranpumpe DP400W\/50W liefert bis zu 70 PSI, 150\u2013160 LPH (DP400W), 35\u201337 LPH (DP50W), arbeitet mit 24 VDC\/36 VDC und gew\u00e4hrleistet so eine effiziente Wasserreinigungsleistung.\" \/>\n<meta name=\"robots\" content=\"index, follow, max-snippet:-1, max-image-preview:large, max-video-preview:-1\" \/>\n<link rel=\"canonical\" href=\"https:\/\/www.leili-motor.net\/de\/dp400w-50w-membranpumpe.html\" \/>\n<script type=\"application\/ld+json\" class=\"yoast-schema-graph\">{\"@context\":\"https:\/\/schema.org\",\"@graph\":[{\"@type\":\"WebPage\",\"@id\":\"https:\/\/www.leili-motor.net\/de\/dp400w-50w-membranpumpe.html\",\"url\":\"https:\/\/www.leili-motor.net\/de\/dp400w-50w-membranpumpe.html\",\"name\":\"Membranpumpenhersteller, Membranpumpe f\u00fcr Haushaltsger\u00e4te DP400W\/50W &#8211; Leili Motor\",\"isPartOf\":{\"@id\":\"https:\/\/www.leili-motor.net\/de\/#website\"},\"primaryImageOfPage\":{\"@id\":\"https:\/\/www.leili-motor.net\/de\/dp400w-50w-membranpumpe.html#primaryimage\"},\"image\":{\"@id\":\"https:\/\/www.leili-motor.net\/de\/dp400w-50w-membranpumpe.html#primaryimage\"},\"thumbnailUrl\":\"https:\/\/www.leili-motor.net\/wp-content\/uploads\/2025\/03\/DP400W-Diaphragm-Pump.webp\",\"datePublished\":\"2025-03-11T09:28:40+00:00\",\"description\":\"Unsere Membranpumpe DP400W\/50W liefert bis zu 70 PSI, 150\u2013160 LPH (DP400W), 35\u201337 LPH (DP50W), arbeitet mit 24 VDC\/36 VDC und gew\u00e4hrleistet so eine effiziente Wasserreinigungsleistung.\",\"breadcrumb\":{\"@id\":\"https:\/\/www.leili-motor.net\/de\/dp400w-50w-membranpumpe.html#breadcrumb\"},\"inLanguage\":\"de\",\"potentialAction\":[{\"@type\":\"ReadAction\",\"target\":[\"https:\/\/www.leili-motor.net\/de\/dp400w-50w-membranpumpe.html\"]}]},{\"@type\":\"ImageObject\",\"inLanguage\":\"de\",\"@id\":\"https:\/\/www.leili-motor.net\/de\/dp400w-50w-membranpumpe.html#primaryimage\",\"url\":\"https:\/\/www.leili-motor.net\/wp-content\/uploads\/2025\/03\/DP400W-Diaphragm-Pump.webp\",\"contentUrl\":\"https:\/\/www.leili-motor.net\/wp-content\/uploads\/2025\/03\/DP400W-Diaphragm-Pump.webp\",\"width\":454,\"height\":310,\"caption\":\"DP400W Membranpumpe\"},{\"@type\":\"BreadcrumbList\",\"@id\":\"https:\/\/www.leili-motor.net\/de\/dp400w-50w-membranpumpe.html#breadcrumb\",\"itemListElement\":[{\"@type\":\"ListItem\",\"position\":1,\"name\":\"Home\",\"item\":\"https:\/\/www.leili-motor.net\/de\/\"},{\"@type\":\"ListItem\",\"position\":2,\"name\":\"Produkte\",\"item\":\"https:\/\/www.leili-motor.net\/de\/produkte.html\"},{\"@type\":\"ListItem\",\"position\":3,\"name\":\"DP400W\/50W Membranpumpe\"}]},{\"@type\":\"WebSite\",\"@id\":\"https:\/\/www.leili-motor.net\/de\/#website\",\"url\":\"https:\/\/www.leili-motor.net\/de\/\",\"name\":\"Leili Motor\",\"description\":\"\",\"publisher\":{\"@id\":\"https:\/\/www.leili-motor.net\/de\/#organization\"},\"potentialAction\":[{\"@type\":\"SearchAction\",\"target\":{\"@type\":\"EntryPoint\",\"urlTemplate\":\"https:\/\/www.leili-motor.net\/de\/?s={search_term_string}\"},\"query-input\":{\"@type\":\"PropertyValueSpecification\",\"valueRequired\":true,\"valueName\":\"search_term_string\"}}],\"inLanguage\":\"de\"},{\"@type\":\"Organization\",\"@id\":\"https:\/\/www.leili-motor.net\/de\/#organization\",\"name\":\"Leili Motor\",\"url\":\"https:\/\/www.leili-motor.net\/de\/\",\"logo\":{\"@type\":\"ImageObject\",\"inLanguage\":\"de\",\"@id\":\"https:\/\/www.leili-motor.net\/de\/#\/schema\/logo\/image\/\",\"url\":\"https:\/\/www.leili-motor.net\/wp-content\/uploads\/2025\/03\/Leili-Motor.png\",\"contentUrl\":\"https:\/\/www.leili-motor.net\/wp-content\/uploads\/2025\/03\/Leili-Motor.png\",\"width\":600,\"height\":156,\"caption\":\"Leili Motor\"},\"image\":{\"@id\":\"https:\/\/www.leili-motor.net\/de\/#\/schema\/logo\/image\/\"}}]}<\/script>\n<!-- \/ Yoast SEO plugin. -->","yoast_head_json":{"title":"Membranpumpenhersteller, Membranpumpe f\u00fcr Haushaltsger\u00e4te DP400W\/50W &#8211; Leili Motor","description":"Unsere Membranpumpe DP400W\/50W liefert bis zu 70 PSI, 150\u2013160 LPH (DP400W), 35\u201337 LPH (DP50W), arbeitet mit 24 VDC\/36 VDC und gew\u00e4hrleistet so eine effiziente Wasserreinigungsleistung.","robots":{"index":"index","follow":"follow","max-snippet":"max-snippet:-1","max-image-preview":"max-image-preview:large","max-video-preview":"max-video-preview:-1"},"canonical":"https:\/\/www.leili-motor.net\/de\/dp400w-50w-membranpumpe.html","schema":{"@context":"https:\/\/schema.org","@graph":[{"@type":"WebPage","@id":"https:\/\/www.leili-motor.net\/de\/dp400w-50w-membranpumpe.html","url":"https:\/\/www.leili-motor.net\/de\/dp400w-50w-membranpumpe.html","name":"Membranpumpenhersteller, Membranpumpe f\u00fcr Haushaltsger\u00e4te DP400W\/50W &#8211; Leili Motor","isPartOf":{"@id":"https:\/\/www.leili-motor.net\/de\/#website"},"primaryImageOfPage":{"@id":"https:\/\/www.leili-motor.net\/de\/dp400w-50w-membranpumpe.html#primaryimage"},"image":{"@id":"https:\/\/www.leili-motor.net\/de\/dp400w-50w-membranpumpe.html#primaryimage"},"thumbnailUrl":"https:\/\/www.leili-motor.net\/wp-content\/uploads\/2025\/03\/DP400W-Diaphragm-Pump.webp","datePublished":"2025-03-11T09:28:40+00:00","description":"Unsere Membranpumpe DP400W\/50W liefert bis zu 70 PSI, 150\u2013160 LPH (DP400W), 35\u201337 LPH (DP50W), arbeitet mit 24 VDC\/36 VDC und gew\u00e4hrleistet so eine effiziente Wasserreinigungsleistung.","breadcrumb":{"@id":"https:\/\/www.leili-motor.net\/de\/dp400w-50w-membranpumpe.html#breadcrumb"},"inLanguage":"de","potentialAction":[{"@type":"ReadAction","target":["https:\/\/www.leili-motor.net\/de\/dp400w-50w-membranpumpe.html"]}]},{"@type":"ImageObject","inLanguage":"de","@id":"https:\/\/www.leili-motor.net\/de\/dp400w-50w-membranpumpe.html#primaryimage","url":"https:\/\/www.leili-motor.net\/wp-content\/uploads\/2025\/03\/DP400W-Diaphragm-Pump.webp","contentUrl":"https:\/\/www.leili-motor.net\/wp-content\/uploads\/2025\/03\/DP400W-Diaphragm-Pump.webp","width":454,"height":310,"caption":"DP400W Membranpumpe"},{"@type":"BreadcrumbList","@id":"https:\/\/www.leili-motor.net\/de\/dp400w-50w-membranpumpe.html#breadcrumb","itemListElement":[{"@type":"ListItem","position":1,"name":"Home","item":"https:\/\/www.leili-motor.net\/de\/"},{"@type":"ListItem","position":2,"name":"Produkte","item":"https:\/\/www.leili-motor.net\/de\/produkte.html"},{"@type":"ListItem","position":3,"name":"DP400W\/50W Membranpumpe"}]},{"@type":"WebSite","@id":"https:\/\/www.leili-motor.net\/de\/#website","url":"https:\/\/www.leili-motor.net\/de\/","name":"Leili Motor","description":"","publisher":{"@id":"https:\/\/www.leili-motor.net\/de\/#organization"},"potentialAction":[{"@type":"SearchAction","target":{"@type":"EntryPoint","urlTemplate":"https:\/\/www.leili-motor.net\/de\/?s={search_term_string}"},"query-input":{"@type":"PropertyValueSpecification","valueRequired":true,"valueName":"search_term_string"}}],"inLanguage":"de"},{"@type":"Organization","@id":"https:\/\/www.leili-motor.net\/de\/#organization","name":"Leili Motor","url":"https:\/\/www.leili-motor.net\/de\/","logo":{"@type":"ImageObject","inLanguage":"de","@id":"https:\/\/www.leili-motor.net\/de\/#\/schema\/logo\/image\/","url":"https:\/\/www.leili-motor.net\/wp-content\/uploads\/2025\/03\/Leili-Motor.png","contentUrl":"https:\/\/www.leili-motor.net\/wp-content\/uploads\/2025\/03\/Leili-Motor.png","width":600,"height":156,"caption":"Leili Motor"},"image":{"@id":"https:\/\/www.leili-motor.net\/de\/#\/schema\/logo\/image\/"}}]}},"_links":{"self":[{"href":"https:\/\/www.leili-motor.net\/de\/wp-json\/wp\/v2\/product\/8745","targetHints":{"allow":["GET"]}}],"collection":[{"href":"https:\/\/www.leili-motor.net\/de\/wp-json\/wp\/v2\/product"}],"about":[{"href":"https:\/\/www.leili-motor.net\/de\/wp-json\/wp\/v2\/types\/product"}],"replies":[{"embeddable":true,"href":"https:\/\/www.leili-motor.net\/de\/wp-json\/wp\/v2\/comments?post=8745"}],"wp:featuredmedia":[{"embeddable":true,"href":"https:\/\/www.leili-motor.net\/de\/wp-json\/wp\/v2\/media\/8749"}],"wp:attachment":[{"href":"https:\/\/www.leili-motor.net\/de\/wp-json\/wp\/v2\/media?parent=8745"}],"wp:term":[{"taxonomy":"product_brand","embeddable":true,"href":"https:\/\/www.leili-motor.net\/de\/wp-json\/wp\/v2\/product_brand?post=8745"},{"taxonomy":"product_cat","embeddable":true,"href":"https:\/\/www.leili-motor.net\/de\/wp-json\/wp\/v2\/product_cat?post=8745"},{"taxonomy":"product_tag","embeddable":true,"href":"https:\/\/www.leili-motor.net\/de\/wp-json\/wp\/v2\/product_tag?post=8745"}],"curies":[{"name":"wp","href":"https:\/\/api.w.org\/{rel}","templated":true}]}}