{"id":8760,"date":"2025-03-12T11:37:17","date_gmt":"2025-03-12T03:37:17","guid":{"rendered":"https:\/\/www.leili-motor.net\/buerstenloser-motor-fuer-elektrische-wasserpumpe\/"},"modified":"2025-03-12T11:37:17","modified_gmt":"2025-03-12T03:37:17","slug":"buerstenloser-motor-fuer-elektrische-wasserpumpe","status":"publish","type":"product","link":"https:\/\/www.leili-motor.net\/de\/buerstenloser-motor-fuer-elektrische-wasserpumpe.html","title":{"rendered":"B\u00fcrstenloser Motor f\u00fcr elektrische Wasserpumpe"},"content":{"rendered":"<h2>Produktparameter<\/h2>\n<table>\n<tbody>\n<tr>\n<td>Motortyp<\/td>\n<td>Nennspannung (VDC)<\/td>\n<td>Leistung<br \/>\n(W)<\/td>\n<td>Stromst\u00e4rke (A)<\/td>\n<td>Betriebsspannungsbereich (V)<\/td>\n<td>Maximale Drehzahl<br \/>\n(U\/min)<\/td>\n<td>F\u00f6rderh\u00f6he (m)<\/td>\n<td>Durchflussrate (l\/min)<\/td>\n<td>Schutzklasse<\/td>\n<td>L\u00e4nge<br \/>\n(mm)<\/td>\n<td>Breite<br \/>\n(mm)<\/td>\n<td>Spule<\/td>\n<td>Magnet (mA)<\/td>\n<\/tr>\n<tr>\n<td>BLP43-x<\/td>\n<td>24<\/td>\n<td>200<\/td>\n<td>8.5<\/td>\n<td>18-32<\/td>\n<td>5700<\/td>\n<td>\u2265 10m<\/td>\n<td>max: 100<\/td>\n<td>IP67<\/td>\n<td>114<\/td>\n<td>\u00d889<\/td>\n<td>Cu<\/td>\n<td>Neodym-Eisen-Bor<\/td>\n<\/tr>\n<tr>\n<td>BLP43-y<\/td>\n<td>24<\/td>\n<td>100<\/td>\n<td>4.2<\/td>\n<td>18-32<\/td>\n<td>5700<\/td>\n<td>\u2265 10m<\/td>\n<td>max: 60<\/td>\n<td>IP67<\/td>\n<td>104<\/td>\n<td>\u00d889<\/td>\n<td>Cu<\/td>\n<td>Neodym-Eisen-Bor<\/td>\n<\/tr>\n<tr>\n<td>BLP43-z<\/td>\n<td>24<\/td>\n<td>60<\/td>\n<td>2.5<\/td>\n<td>18-32<\/td>\n<td>5000<\/td>\n<td>\u2265 8m<\/td>\n<td>max: 30<\/td>\n<td>IP67<\/td>\n<td>102<\/td>\n<td>\u00d871<\/td>\n<td>Cu<\/td>\n<td>Neodym-Eisen-Bor<\/td>\n<\/tr>\n<\/tbody>\n<\/table>\n<h2>Mechanische Abmessungen: mm<\/h2>\n<p><img fetchpriority=\"high\" decoding=\"async\" class=\"size-full wp-image-2149 aligncenter\" src=\"https:\/\/www.leili-motor.net\/wp-content\/uploads\/2025\/03\/Mechanical-Dimension-for-Automobile-Electronic-Water-Pump-Brushless-Motor.webp\" alt=\"Mechanische Abmessungen f\u00fcr den b\u00fcrstenlosen Motor einer elektronischen Wasserpumpe f\u00fcr Kraftfahrzeuge\" width=\"759\" height=\"485\" srcset=\"https:\/\/www.leili-motor.net\/wp-content\/uploads\/2025\/03\/Mechanical-Dimension-for-Automobile-Electronic-Water-Pump-Brushless-Motor.webp 759w, https:\/\/www.leili-motor.net\/wp-content\/uploads\/2025\/03\/Mechanical-Dimension-for-Automobile-Electronic-Water-Pump-Brushless-Motor-300x192.webp 300w, https:\/\/www.leili-motor.net\/wp-content\/uploads\/2025\/03\/Mechanical-Dimension-for-Automobile-Electronic-Water-Pump-Brushless-Motor-600x383.webp 600w\" sizes=\"(max-width: 759px) 100vw, 759px\" \/><\/p>\n","protected":false},"excerpt":{"rendered":"<h3>Produkteinf\u00fchrung<\/h3>\n<ul>\n<li>Hochleistungs-B\u00fcrstenloser Motor: Nennleistung 24 VDC, bis zu 200 W, max. 5700 U\/min, gew\u00e4hrleistet effizienten und stabilen Betrieb.<\/li>\n<li>Zuverl\u00e4ssiges Wasserpumpen: F\u00f6rdert \u226510 m, max. 100 LPM Durchflussrate, ideal f\u00fcr K\u00fchlsysteme in Kraftfahrzeugen.<\/li>\n<li>Robustes und wasserdichtes Design: IP67-Schutz, Cu-Spule, Neodym-Magnet, kompakte Gr\u00f6\u00dfe f\u00fcr einfache Installation.<\/li>\n<\/ul>\n<h3>Produktanwendung<\/h3>\n<ul>\n<li>Auto<\/li>\n<\/ul>\n","protected":false},"featured_media":8762,"comment_status":"open","ping_status":"closed","template":"","meta":{"site-sidebar-layout":"default","site-content-layout":"","ast-site-content-layout":"default","site-content-style":"default","site-sidebar-style":"default","ast-global-header-display":"","ast-banner-title-visibility":"","ast-main-header-display":"","ast-hfb-above-header-display":"","ast-hfb-below-header-display":"","ast-hfb-mobile-header-display":"","site-post-title":"","ast-breadcrumbs-content":"","ast-featured-img":"","footer-sml-layout":"","theme-transparent-header-meta":"default","adv-header-id-meta":"","stick-header-meta":"","header-above-stick-meta":"","header-main-stick-meta":"","header-below-stick-meta":"","astra-migrate-meta-layouts":"default","ast-page-background-enabled":"default","ast-page-background-meta":{"desktop":{"background-color":"var(--ast-global-color-5)","background-image":"","background-repeat":"repeat","background-position":"center center","background-size":"auto","background-attachment":"scroll","background-type":"","background-media":"","overlay-type":"","overlay-color":"","overlay-opacity":"","overlay-gradient":""},"tablet":{"background-color":"","background-image":"","background-repeat":"repeat","background-position":"center center","background-size":"auto","background-attachment":"scroll","background-type":"","background-media":"","overlay-type":"","overlay-color":"","overlay-opacity":"","overlay-gradient":""},"mobile":{"background-color":"","background-image":"","background-repeat":"repeat","background-position":"center center","background-size":"auto","background-attachment":"scroll","background-type":"","background-media":"","overlay-type":"","overlay-color":"","overlay-opacity":"","overlay-gradient":""}},"ast-content-background-meta":{"desktop":{"background-color":"var(--ast-global-color-4)","background-image":"","background-repeat":"repeat","background-position":"center center","background-size":"auto","background-attachment":"scroll","background-type":"","background-media":"","overlay-type":"","overlay-color":"","overlay-opacity":"","overlay-gradient":""},"tablet":{"background-color":"var(--ast-global-color-4)","background-image":"","background-repeat":"repeat","background-position":"center center","background-size":"auto","background-attachment":"scroll","background-type":"","background-media":"","overlay-type":"","overlay-color":"","overlay-opacity":"","overlay-gradient":""},"mobile":{"background-color":"var(--ast-global-color-4)","background-image":"","background-repeat":"repeat","background-position":"center center","background-size":"auto","background-attachment":"scroll","background-type":"","background-media":"","overlay-type":"","overlay-color":"","overlay-opacity":"","overlay-gradient":""}}},"product_brand":[],"product_cat":[999,1000],"product_tag":[],"class_list":{"0":"post-8760","1":"product","2":"type-product","3":"status-publish","4":"has-post-thumbnail","6":"product_cat-ventilpumpenkategorie","7":"product_cat-elektrische-wasserpumpes","8":"desktop-align-left","9":"tablet-align-left","10":"mobile-align-left","12":"first","13":"instock","14":"shipping-taxable","15":"product-type-simple"},"yoast_head":"<!-- This site is optimized with the Yoast SEO plugin v27.2 - https:\/\/yoast.com\/product\/yoast-seo-wordpress\/ -->\n<title>B\u00fcrstenloser Motor f\u00fcr elektrische Wasserpumpe &#8211; Leili Motor<\/title>\n<meta name=\"description\" content=\"Hochleistungsf\u00e4higer b\u00fcrstenloser 24-VDC-Motor mit bis zu 200 W Leistung, 5700 U\/min und IP67-Schutz, der eine effiziente, stabile Fahrzeugk\u00fchlung und Wasserzirkulation gew\u00e4hrleistet.\" \/>\n<meta name=\"robots\" content=\"index, follow, max-snippet:-1, max-image-preview:large, max-video-preview:-1\" \/>\n<link rel=\"canonical\" href=\"https:\/\/www.leili-motor.net\/de\/buerstenloser-motor-fuer-elektrische-wasserpumpe.html\" \/>\n<script type=\"application\/ld+json\" class=\"yoast-schema-graph\">{\"@context\":\"https:\/\/schema.org\",\"@graph\":[{\"@type\":\"WebPage\",\"@id\":\"https:\/\/www.leili-motor.net\/de\/buerstenloser-motor-fuer-elektrische-wasserpumpe.html\",\"url\":\"https:\/\/www.leili-motor.net\/de\/buerstenloser-motor-fuer-elektrische-wasserpumpe.html\",\"name\":\"B\u00fcrstenloser Motor f\u00fcr elektrische Wasserpumpe &#8211; Leili Motor\",\"isPartOf\":{\"@id\":\"https:\/\/www.leili-motor.net\/de\/#website\"},\"primaryImageOfPage\":{\"@id\":\"https:\/\/www.leili-motor.net\/de\/buerstenloser-motor-fuer-elektrische-wasserpumpe.html#primaryimage\"},\"image\":{\"@id\":\"https:\/\/www.leili-motor.net\/de\/buerstenloser-motor-fuer-elektrische-wasserpumpe.html#primaryimage\"},\"thumbnailUrl\":\"https:\/\/www.leili-motor.net\/wp-content\/uploads\/2025\/03\/Automobile-Electronic-Water-Pump-Brushless-Motor.webp\",\"datePublished\":\"2025-03-12T03:37:17+00:00\",\"description\":\"Hochleistungsf\u00e4higer b\u00fcrstenloser 24-VDC-Motor mit bis zu 200 W Leistung, 5700 U\/min und IP67-Schutz, der eine effiziente, stabile Fahrzeugk\u00fchlung und Wasserzirkulation gew\u00e4hrleistet.\",\"breadcrumb\":{\"@id\":\"https:\/\/www.leili-motor.net\/de\/buerstenloser-motor-fuer-elektrische-wasserpumpe.html#breadcrumb\"},\"inLanguage\":\"de\",\"potentialAction\":[{\"@type\":\"ReadAction\",\"target\":[\"https:\/\/www.leili-motor.net\/de\/buerstenloser-motor-fuer-elektrische-wasserpumpe.html\"]}]},{\"@type\":\"ImageObject\",\"inLanguage\":\"de\",\"@id\":\"https:\/\/www.leili-motor.net\/de\/buerstenloser-motor-fuer-elektrische-wasserpumpe.html#primaryimage\",\"url\":\"https:\/\/www.leili-motor.net\/wp-content\/uploads\/2025\/03\/Automobile-Electronic-Water-Pump-Brushless-Motor.webp\",\"contentUrl\":\"https:\/\/www.leili-motor.net\/wp-content\/uploads\/2025\/03\/Automobile-Electronic-Water-Pump-Brushless-Motor.webp\",\"width\":454,\"height\":310,\"caption\":\"B\u00fcrstenloser Motor f\u00fcr elektronische Wasserpumpen\"},{\"@type\":\"BreadcrumbList\",\"@id\":\"https:\/\/www.leili-motor.net\/de\/buerstenloser-motor-fuer-elektrische-wasserpumpe.html#breadcrumb\",\"itemListElement\":[{\"@type\":\"ListItem\",\"position\":1,\"name\":\"Home\",\"item\":\"https:\/\/www.leili-motor.net\/de\/\"},{\"@type\":\"ListItem\",\"position\":2,\"name\":\"Produkte\",\"item\":\"https:\/\/www.leili-motor.net\/de\/produkte.html\"},{\"@type\":\"ListItem\",\"position\":3,\"name\":\"B\u00fcrstenloser Motor f\u00fcr elektrische Wasserpumpe\"}]},{\"@type\":\"WebSite\",\"@id\":\"https:\/\/www.leili-motor.net\/de\/#website\",\"url\":\"https:\/\/www.leili-motor.net\/de\/\",\"name\":\"Leili Motor\",\"description\":\"\",\"publisher\":{\"@id\":\"https:\/\/www.leili-motor.net\/de\/#organization\"},\"potentialAction\":[{\"@type\":\"SearchAction\",\"target\":{\"@type\":\"EntryPoint\",\"urlTemplate\":\"https:\/\/www.leili-motor.net\/de\/?s={search_term_string}\"},\"query-input\":{\"@type\":\"PropertyValueSpecification\",\"valueRequired\":true,\"valueName\":\"search_term_string\"}}],\"inLanguage\":\"de\"},{\"@type\":\"Organization\",\"@id\":\"https:\/\/www.leili-motor.net\/de\/#organization\",\"name\":\"Leili Motor\",\"url\":\"https:\/\/www.leili-motor.net\/de\/\",\"logo\":{\"@type\":\"ImageObject\",\"inLanguage\":\"de\",\"@id\":\"https:\/\/www.leili-motor.net\/de\/#\/schema\/logo\/image\/\",\"url\":\"https:\/\/www.leili-motor.net\/wp-content\/uploads\/2025\/03\/Leili-Motor.png\",\"contentUrl\":\"https:\/\/www.leili-motor.net\/wp-content\/uploads\/2025\/03\/Leili-Motor.png\",\"width\":600,\"height\":156,\"caption\":\"Leili Motor\"},\"image\":{\"@id\":\"https:\/\/www.leili-motor.net\/de\/#\/schema\/logo\/image\/\"}}]}<\/script>\n<!-- \/ Yoast SEO plugin. -->","yoast_head_json":{"title":"B\u00fcrstenloser Motor f\u00fcr elektrische Wasserpumpe &#8211; Leili Motor","description":"Hochleistungsf\u00e4higer b\u00fcrstenloser 24-VDC-Motor mit bis zu 200 W Leistung, 5700 U\/min und IP67-Schutz, der eine effiziente, stabile Fahrzeugk\u00fchlung und Wasserzirkulation gew\u00e4hrleistet.","robots":{"index":"index","follow":"follow","max-snippet":"max-snippet:-1","max-image-preview":"max-image-preview:large","max-video-preview":"max-video-preview:-1"},"canonical":"https:\/\/www.leili-motor.net\/de\/buerstenloser-motor-fuer-elektrische-wasserpumpe.html","schema":{"@context":"https:\/\/schema.org","@graph":[{"@type":"WebPage","@id":"https:\/\/www.leili-motor.net\/de\/buerstenloser-motor-fuer-elektrische-wasserpumpe.html","url":"https:\/\/www.leili-motor.net\/de\/buerstenloser-motor-fuer-elektrische-wasserpumpe.html","name":"B\u00fcrstenloser Motor f\u00fcr elektrische Wasserpumpe &#8211; Leili Motor","isPartOf":{"@id":"https:\/\/www.leili-motor.net\/de\/#website"},"primaryImageOfPage":{"@id":"https:\/\/www.leili-motor.net\/de\/buerstenloser-motor-fuer-elektrische-wasserpumpe.html#primaryimage"},"image":{"@id":"https:\/\/www.leili-motor.net\/de\/buerstenloser-motor-fuer-elektrische-wasserpumpe.html#primaryimage"},"thumbnailUrl":"https:\/\/www.leili-motor.net\/wp-content\/uploads\/2025\/03\/Automobile-Electronic-Water-Pump-Brushless-Motor.webp","datePublished":"2025-03-12T03:37:17+00:00","description":"Hochleistungsf\u00e4higer b\u00fcrstenloser 24-VDC-Motor mit bis zu 200 W Leistung, 5700 U\/min und IP67-Schutz, der eine effiziente, stabile Fahrzeugk\u00fchlung und Wasserzirkulation gew\u00e4hrleistet.","breadcrumb":{"@id":"https:\/\/www.leili-motor.net\/de\/buerstenloser-motor-fuer-elektrische-wasserpumpe.html#breadcrumb"},"inLanguage":"de","potentialAction":[{"@type":"ReadAction","target":["https:\/\/www.leili-motor.net\/de\/buerstenloser-motor-fuer-elektrische-wasserpumpe.html"]}]},{"@type":"ImageObject","inLanguage":"de","@id":"https:\/\/www.leili-motor.net\/de\/buerstenloser-motor-fuer-elektrische-wasserpumpe.html#primaryimage","url":"https:\/\/www.leili-motor.net\/wp-content\/uploads\/2025\/03\/Automobile-Electronic-Water-Pump-Brushless-Motor.webp","contentUrl":"https:\/\/www.leili-motor.net\/wp-content\/uploads\/2025\/03\/Automobile-Electronic-Water-Pump-Brushless-Motor.webp","width":454,"height":310,"caption":"B\u00fcrstenloser Motor f\u00fcr elektronische Wasserpumpen"},{"@type":"BreadcrumbList","@id":"https:\/\/www.leili-motor.net\/de\/buerstenloser-motor-fuer-elektrische-wasserpumpe.html#breadcrumb","itemListElement":[{"@type":"ListItem","position":1,"name":"Home","item":"https:\/\/www.leili-motor.net\/de\/"},{"@type":"ListItem","position":2,"name":"Produkte","item":"https:\/\/www.leili-motor.net\/de\/produkte.html"},{"@type":"ListItem","position":3,"name":"B\u00fcrstenloser Motor f\u00fcr elektrische Wasserpumpe"}]},{"@type":"WebSite","@id":"https:\/\/www.leili-motor.net\/de\/#website","url":"https:\/\/www.leili-motor.net\/de\/","name":"Leili Motor","description":"","publisher":{"@id":"https:\/\/www.leili-motor.net\/de\/#organization"},"potentialAction":[{"@type":"SearchAction","target":{"@type":"EntryPoint","urlTemplate":"https:\/\/www.leili-motor.net\/de\/?s={search_term_string}"},"query-input":{"@type":"PropertyValueSpecification","valueRequired":true,"valueName":"search_term_string"}}],"inLanguage":"de"},{"@type":"Organization","@id":"https:\/\/www.leili-motor.net\/de\/#organization","name":"Leili Motor","url":"https:\/\/www.leili-motor.net\/de\/","logo":{"@type":"ImageObject","inLanguage":"de","@id":"https:\/\/www.leili-motor.net\/de\/#\/schema\/logo\/image\/","url":"https:\/\/www.leili-motor.net\/wp-content\/uploads\/2025\/03\/Leili-Motor.png","contentUrl":"https:\/\/www.leili-motor.net\/wp-content\/uploads\/2025\/03\/Leili-Motor.png","width":600,"height":156,"caption":"Leili Motor"},"image":{"@id":"https:\/\/www.leili-motor.net\/de\/#\/schema\/logo\/image\/"}}]}},"_links":{"self":[{"href":"https:\/\/www.leili-motor.net\/de\/wp-json\/wp\/v2\/product\/8760","targetHints":{"allow":["GET"]}}],"collection":[{"href":"https:\/\/www.leili-motor.net\/de\/wp-json\/wp\/v2\/product"}],"about":[{"href":"https:\/\/www.leili-motor.net\/de\/wp-json\/wp\/v2\/types\/product"}],"replies":[{"embeddable":true,"href":"https:\/\/www.leili-motor.net\/de\/wp-json\/wp\/v2\/comments?post=8760"}],"wp:featuredmedia":[{"embeddable":true,"href":"https:\/\/www.leili-motor.net\/de\/wp-json\/wp\/v2\/media\/8762"}],"wp:attachment":[{"href":"https:\/\/www.leili-motor.net\/de\/wp-json\/wp\/v2\/media?parent=8760"}],"wp:term":[{"taxonomy":"product_brand","embeddable":true,"href":"https:\/\/www.leili-motor.net\/de\/wp-json\/wp\/v2\/product_brand?post=8760"},{"taxonomy":"product_cat","embeddable":true,"href":"https:\/\/www.leili-motor.net\/de\/wp-json\/wp\/v2\/product_cat?post=8760"},{"taxonomy":"product_tag","embeddable":true,"href":"https:\/\/www.leili-motor.net\/de\/wp-json\/wp\/v2\/product_tag?post=8760"}],"curies":[{"name":"wp","href":"https:\/\/api.w.org\/{rel}","templated":true}]}}