{"id":8782,"date":"2025-03-11T16:44:18","date_gmt":"2025-03-11T08:44:18","guid":{"rendered":"https:\/\/www.leili-motor.net\/blp12-steuerbare-ac-pumpe\/"},"modified":"2025-03-11T16:44:18","modified_gmt":"2025-03-11T08:44:18","slug":"blp12-steuerbare-ac-pumpe","status":"publish","type":"product","link":"https:\/\/www.leili-motor.net\/de\/blp12-steuerbare-ac-pumpe.html","title":{"rendered":"BLP12 Steuerbare AC-Pumpe"},"content":{"rendered":"<h2>Produktparameter<\/h2>\n<table>\n<tbody>\n<tr>\n<td>Modell<\/td>\n<td>Draht<\/td>\n<td>Stator (mm)<\/td>\n<td>Nennspannung<\/p>\n<p>(V)<\/td>\n<td>Nennleistung<\/p>\n<p> (W)<\/td>\n<td>Leistung<br \/>\n(W)<\/td>\n<td>Stromst\u00e4rke<br \/>\n(A)<\/td>\n<td>Anlaufspannung<\/p>\n<p> (V)<\/td>\n<td>Drehzahl<\/p>\n<p> (U\/min)<\/td>\n<td>Isolierung<br \/>\nKlasse<\/td>\n<\/tr>\n<tr>\n<td>BLP12-x<\/td>\n<td>Cu<\/td>\n<td>40<\/td>\n<td>AC220~240<\/td>\n<td>50<\/td>\n<td>65<\/td>\n<td>0.6<\/td>\n<td>AC187<\/td>\n<td>3000<\/td>\n<td>F<\/td>\n<\/tr>\n<\/tbody>\n<\/table>\n<h2>Mechanische Abmessungen: mm<\/h2>\n<p><img loading=\"lazy\" decoding=\"async\" loading=\"lazy\" class=\"size-full wp-image-1948 aligncenter\" src=\"https:\/\/www.leili-motor.net\/wp-content\/uploads\/2025\/03\/Mechanical-Dimension-for-BLP12-Controllable-AC-Pump.webp\" alt=\"Mechanische Abmessungen f\u00fcr die steuerbare AC-Pumpe BLP12\" width=\"759\" height=\"702\" srcset=\"https:\/\/www.leili-motor.net\/wp-content\/uploads\/2025\/03\/Mechanical-Dimension-for-BLP12-Controllable-AC-Pump.webp 759w, https:\/\/www.leili-motor.net\/wp-content\/uploads\/2025\/03\/Mechanical-Dimension-for-BLP12-Controllable-AC-Pump-300x277.webp 300w, https:\/\/www.leili-motor.net\/wp-content\/uploads\/2025\/03\/Mechanical-Dimension-for-BLP12-Controllable-AC-Pump-600x555.webp 600w\" sizes=\"auto, (max-width: 759px) 100vw, 759px\" \/><\/p>\n","protected":false},"excerpt":{"rendered":"<h3>Produkteinf\u00fchrung<\/h3>\n<ul>\n<li>Konstante Leistung: L\u00e4uft mit 3000 U\/min und sorgt so f\u00fcr eine gleichm\u00e4\u00dfige und effiziente Wasserzirkulation.<\/li>\n<li>Langlebiger Kupferstator: Ausgestattet mit einem 40-mm-Stator, AC220\u2013240 V Spannung und Isolierung der Klasse F f\u00fcr eine lange Lebensdauer.<\/li>\n<li>Energieeffizientes Design: L\u00e4uft mit 50\u201365 W Leistung, 0,6 A Strom und AC187 V Startspannung f\u00fcr optimale Effizienz.<\/li>\n<\/ul>\n<h3>Produktanwendung<\/h3>\n<ul>\n<li>Ger\u00e4t: Geschirrsp\u00fcler<\/li>\n<\/ul>\n","protected":false},"featured_media":8786,"comment_status":"open","ping_status":"closed","template":"","meta":{"site-sidebar-layout":"default","site-content-layout":"","ast-site-content-layout":"default","site-content-style":"default","site-sidebar-style":"default","ast-global-header-display":"","ast-banner-title-visibility":"","ast-main-header-display":"","ast-hfb-above-header-display":"","ast-hfb-below-header-display":"","ast-hfb-mobile-header-display":"","site-post-title":"","ast-breadcrumbs-content":"","ast-featured-img":"","footer-sml-layout":"","theme-transparent-header-meta":"default","adv-header-id-meta":"","stick-header-meta":"","header-above-stick-meta":"","header-main-stick-meta":"","header-below-stick-meta":"","astra-migrate-meta-layouts":"default","ast-page-background-enabled":"default","ast-page-background-meta":{"desktop":{"background-color":"var(--ast-global-color-5)","background-image":"","background-repeat":"repeat","background-position":"center center","background-size":"auto","background-attachment":"scroll","background-type":"","background-media":"","overlay-type":"","overlay-color":"","overlay-opacity":"","overlay-gradient":""},"tablet":{"background-color":"","background-image":"","background-repeat":"repeat","background-position":"center center","background-size":"auto","background-attachment":"scroll","background-type":"","background-media":"","overlay-type":"","overlay-color":"","overlay-opacity":"","overlay-gradient":""},"mobile":{"background-color":"","background-image":"","background-repeat":"repeat","background-position":"center center","background-size":"auto","background-attachment":"scroll","background-type":"","background-media":"","overlay-type":"","overlay-color":"","overlay-opacity":"","overlay-gradient":""}},"ast-content-background-meta":{"desktop":{"background-color":"var(--ast-global-color-4)","background-image":"","background-repeat":"repeat","background-position":"center center","background-size":"auto","background-attachment":"scroll","background-type":"","background-media":"","overlay-type":"","overlay-color":"","overlay-opacity":"","overlay-gradient":""},"tablet":{"background-color":"var(--ast-global-color-4)","background-image":"","background-repeat":"repeat","background-position":"center center","background-size":"auto","background-attachment":"scroll","background-type":"","background-media":"","overlay-type":"","overlay-color":"","overlay-opacity":"","overlay-gradient":""},"mobile":{"background-color":"var(--ast-global-color-4)","background-image":"","background-repeat":"repeat","background-position":"center center","background-size":"auto","background-attachment":"scroll","background-type":"","background-media":"","overlay-type":"","overlay-color":"","overlay-opacity":"","overlay-gradient":""}}},"product_brand":[],"product_cat":[999,1018],"product_tag":[939],"class_list":{"0":"post-8782","1":"product","2":"type-product","3":"status-publish","4":"has-post-thumbnail","6":"product_cat-ventilpumpenkategorie","7":"product_cat-umwalzpumpes","8":"product_tag-geschirrspuler-spulsystem","9":"pa_application-haushaltsgerate","10":"desktop-align-left","11":"tablet-align-left","12":"mobile-align-left","14":"first","15":"instock","16":"shipping-taxable","17":"product-type-simple"},"yoast_head":"<!-- This site is optimized with the Yoast SEO plugin v27.2 - https:\/\/yoast.com\/product\/yoast-seo-wordpress\/ -->\n<title>BLP12 Steuerbare AC-Pumpe, Umw\u00e4lzpumpen &#8211; Leili Motor<\/title>\n<meta name=\"description\" content=\"Unsere steuerbare Wechselstrompumpe BLP12 sorgt f\u00fcr eine gleichm\u00e4\u00dfige Zirkulation, einen langlebigen Kupferstator und einen energieeffizienten Betrieb und optimiert die Leistung der Sp\u00fclmaschine durch einen zuverl\u00e4ssigen und effizienten Wasserfluss.\" \/>\n<meta name=\"robots\" content=\"index, follow, max-snippet:-1, max-image-preview:large, max-video-preview:-1\" \/>\n<link rel=\"canonical\" href=\"https:\/\/www.leili-motor.net\/de\/blp12-steuerbare-ac-pumpe.html\" \/>\n<script type=\"application\/ld+json\" class=\"yoast-schema-graph\">{\"@context\":\"https:\/\/schema.org\",\"@graph\":[{\"@type\":\"WebPage\",\"@id\":\"https:\/\/www.leili-motor.net\/de\/blp12-steuerbare-ac-pumpe.html\",\"url\":\"https:\/\/www.leili-motor.net\/de\/blp12-steuerbare-ac-pumpe.html\",\"name\":\"BLP12 Steuerbare AC-Pumpe, Umw\u00e4lzpumpen &#8211; Leili Motor\",\"isPartOf\":{\"@id\":\"https:\/\/www.leili-motor.net\/de\/#website\"},\"primaryImageOfPage\":{\"@id\":\"https:\/\/www.leili-motor.net\/de\/blp12-steuerbare-ac-pumpe.html#primaryimage\"},\"image\":{\"@id\":\"https:\/\/www.leili-motor.net\/de\/blp12-steuerbare-ac-pumpe.html#primaryimage\"},\"thumbnailUrl\":\"https:\/\/www.leili-motor.net\/wp-content\/uploads\/2025\/03\/BLP12-Controllable-AC-Pump.webp\",\"datePublished\":\"2025-03-11T08:44:18+00:00\",\"description\":\"Unsere steuerbare Wechselstrompumpe BLP12 sorgt f\u00fcr eine gleichm\u00e4\u00dfige Zirkulation, einen langlebigen Kupferstator und einen energieeffizienten Betrieb und optimiert die Leistung der Sp\u00fclmaschine durch einen zuverl\u00e4ssigen und effizienten Wasserfluss.\",\"breadcrumb\":{\"@id\":\"https:\/\/www.leili-motor.net\/de\/blp12-steuerbare-ac-pumpe.html#breadcrumb\"},\"inLanguage\":\"de\",\"potentialAction\":[{\"@type\":\"ReadAction\",\"target\":[\"https:\/\/www.leili-motor.net\/de\/blp12-steuerbare-ac-pumpe.html\"]}]},{\"@type\":\"ImageObject\",\"inLanguage\":\"de\",\"@id\":\"https:\/\/www.leili-motor.net\/de\/blp12-steuerbare-ac-pumpe.html#primaryimage\",\"url\":\"https:\/\/www.leili-motor.net\/wp-content\/uploads\/2025\/03\/BLP12-Controllable-AC-Pump.webp\",\"contentUrl\":\"https:\/\/www.leili-motor.net\/wp-content\/uploads\/2025\/03\/BLP12-Controllable-AC-Pump.webp\",\"width\":454,\"height\":310,\"caption\":\"BLP12 Steuerbare AC-Pumpe\"},{\"@type\":\"BreadcrumbList\",\"@id\":\"https:\/\/www.leili-motor.net\/de\/blp12-steuerbare-ac-pumpe.html#breadcrumb\",\"itemListElement\":[{\"@type\":\"ListItem\",\"position\":1,\"name\":\"Home\",\"item\":\"https:\/\/www.leili-motor.net\/de\/\"},{\"@type\":\"ListItem\",\"position\":2,\"name\":\"Produkte\",\"item\":\"https:\/\/www.leili-motor.net\/de\/produkte.html\"},{\"@type\":\"ListItem\",\"position\":3,\"name\":\"BLP12 Steuerbare AC-Pumpe\"}]},{\"@type\":\"WebSite\",\"@id\":\"https:\/\/www.leili-motor.net\/de\/#website\",\"url\":\"https:\/\/www.leili-motor.net\/de\/\",\"name\":\"Leili Motor\",\"description\":\"\",\"publisher\":{\"@id\":\"https:\/\/www.leili-motor.net\/de\/#organization\"},\"potentialAction\":[{\"@type\":\"SearchAction\",\"target\":{\"@type\":\"EntryPoint\",\"urlTemplate\":\"https:\/\/www.leili-motor.net\/de\/?s={search_term_string}\"},\"query-input\":{\"@type\":\"PropertyValueSpecification\",\"valueRequired\":true,\"valueName\":\"search_term_string\"}}],\"inLanguage\":\"de\"},{\"@type\":\"Organization\",\"@id\":\"https:\/\/www.leili-motor.net\/de\/#organization\",\"name\":\"Leili Motor\",\"url\":\"https:\/\/www.leili-motor.net\/de\/\",\"logo\":{\"@type\":\"ImageObject\",\"inLanguage\":\"de\",\"@id\":\"https:\/\/www.leili-motor.net\/de\/#\/schema\/logo\/image\/\",\"url\":\"https:\/\/www.leili-motor.net\/wp-content\/uploads\/2025\/03\/Leili-Motor.png\",\"contentUrl\":\"https:\/\/www.leili-motor.net\/wp-content\/uploads\/2025\/03\/Leili-Motor.png\",\"width\":600,\"height\":156,\"caption\":\"Leili Motor\"},\"image\":{\"@id\":\"https:\/\/www.leili-motor.net\/de\/#\/schema\/logo\/image\/\"}}]}<\/script>\n<!-- \/ Yoast SEO plugin. -->","yoast_head_json":{"title":"BLP12 Steuerbare AC-Pumpe, Umw\u00e4lzpumpen &#8211; Leili Motor","description":"Unsere steuerbare Wechselstrompumpe BLP12 sorgt f\u00fcr eine gleichm\u00e4\u00dfige Zirkulation, einen langlebigen Kupferstator und einen energieeffizienten Betrieb und optimiert die Leistung der Sp\u00fclmaschine durch einen zuverl\u00e4ssigen und effizienten Wasserfluss.","robots":{"index":"index","follow":"follow","max-snippet":"max-snippet:-1","max-image-preview":"max-image-preview:large","max-video-preview":"max-video-preview:-1"},"canonical":"https:\/\/www.leili-motor.net\/de\/blp12-steuerbare-ac-pumpe.html","schema":{"@context":"https:\/\/schema.org","@graph":[{"@type":"WebPage","@id":"https:\/\/www.leili-motor.net\/de\/blp12-steuerbare-ac-pumpe.html","url":"https:\/\/www.leili-motor.net\/de\/blp12-steuerbare-ac-pumpe.html","name":"BLP12 Steuerbare AC-Pumpe, Umw\u00e4lzpumpen &#8211; Leili Motor","isPartOf":{"@id":"https:\/\/www.leili-motor.net\/de\/#website"},"primaryImageOfPage":{"@id":"https:\/\/www.leili-motor.net\/de\/blp12-steuerbare-ac-pumpe.html#primaryimage"},"image":{"@id":"https:\/\/www.leili-motor.net\/de\/blp12-steuerbare-ac-pumpe.html#primaryimage"},"thumbnailUrl":"https:\/\/www.leili-motor.net\/wp-content\/uploads\/2025\/03\/BLP12-Controllable-AC-Pump.webp","datePublished":"2025-03-11T08:44:18+00:00","description":"Unsere steuerbare Wechselstrompumpe BLP12 sorgt f\u00fcr eine gleichm\u00e4\u00dfige Zirkulation, einen langlebigen Kupferstator und einen energieeffizienten Betrieb und optimiert die Leistung der Sp\u00fclmaschine durch einen zuverl\u00e4ssigen und effizienten Wasserfluss.","breadcrumb":{"@id":"https:\/\/www.leili-motor.net\/de\/blp12-steuerbare-ac-pumpe.html#breadcrumb"},"inLanguage":"de","potentialAction":[{"@type":"ReadAction","target":["https:\/\/www.leili-motor.net\/de\/blp12-steuerbare-ac-pumpe.html"]}]},{"@type":"ImageObject","inLanguage":"de","@id":"https:\/\/www.leili-motor.net\/de\/blp12-steuerbare-ac-pumpe.html#primaryimage","url":"https:\/\/www.leili-motor.net\/wp-content\/uploads\/2025\/03\/BLP12-Controllable-AC-Pump.webp","contentUrl":"https:\/\/www.leili-motor.net\/wp-content\/uploads\/2025\/03\/BLP12-Controllable-AC-Pump.webp","width":454,"height":310,"caption":"BLP12 Steuerbare AC-Pumpe"},{"@type":"BreadcrumbList","@id":"https:\/\/www.leili-motor.net\/de\/blp12-steuerbare-ac-pumpe.html#breadcrumb","itemListElement":[{"@type":"ListItem","position":1,"name":"Home","item":"https:\/\/www.leili-motor.net\/de\/"},{"@type":"ListItem","position":2,"name":"Produkte","item":"https:\/\/www.leili-motor.net\/de\/produkte.html"},{"@type":"ListItem","position":3,"name":"BLP12 Steuerbare AC-Pumpe"}]},{"@type":"WebSite","@id":"https:\/\/www.leili-motor.net\/de\/#website","url":"https:\/\/www.leili-motor.net\/de\/","name":"Leili Motor","description":"","publisher":{"@id":"https:\/\/www.leili-motor.net\/de\/#organization"},"potentialAction":[{"@type":"SearchAction","target":{"@type":"EntryPoint","urlTemplate":"https:\/\/www.leili-motor.net\/de\/?s={search_term_string}"},"query-input":{"@type":"PropertyValueSpecification","valueRequired":true,"valueName":"search_term_string"}}],"inLanguage":"de"},{"@type":"Organization","@id":"https:\/\/www.leili-motor.net\/de\/#organization","name":"Leili Motor","url":"https:\/\/www.leili-motor.net\/de\/","logo":{"@type":"ImageObject","inLanguage":"de","@id":"https:\/\/www.leili-motor.net\/de\/#\/schema\/logo\/image\/","url":"https:\/\/www.leili-motor.net\/wp-content\/uploads\/2025\/03\/Leili-Motor.png","contentUrl":"https:\/\/www.leili-motor.net\/wp-content\/uploads\/2025\/03\/Leili-Motor.png","width":600,"height":156,"caption":"Leili Motor"},"image":{"@id":"https:\/\/www.leili-motor.net\/de\/#\/schema\/logo\/image\/"}}]}},"_links":{"self":[{"href":"https:\/\/www.leili-motor.net\/de\/wp-json\/wp\/v2\/product\/8782","targetHints":{"allow":["GET"]}}],"collection":[{"href":"https:\/\/www.leili-motor.net\/de\/wp-json\/wp\/v2\/product"}],"about":[{"href":"https:\/\/www.leili-motor.net\/de\/wp-json\/wp\/v2\/types\/product"}],"replies":[{"embeddable":true,"href":"https:\/\/www.leili-motor.net\/de\/wp-json\/wp\/v2\/comments?post=8782"}],"wp:featuredmedia":[{"embeddable":true,"href":"https:\/\/www.leili-motor.net\/de\/wp-json\/wp\/v2\/media\/8786"}],"wp:attachment":[{"href":"https:\/\/www.leili-motor.net\/de\/wp-json\/wp\/v2\/media?parent=8782"}],"wp:term":[{"taxonomy":"product_brand","embeddable":true,"href":"https:\/\/www.leili-motor.net\/de\/wp-json\/wp\/v2\/product_brand?post=8782"},{"taxonomy":"product_cat","embeddable":true,"href":"https:\/\/www.leili-motor.net\/de\/wp-json\/wp\/v2\/product_cat?post=8782"},{"taxonomy":"product_tag","embeddable":true,"href":"https:\/\/www.leili-motor.net\/de\/wp-json\/wp\/v2\/product_tag?post=8782"}],"curies":[{"name":"wp","href":"https:\/\/api.w.org\/{rel}","templated":true}]}}