{"id":8798,"date":"2025-03-11T16:24:07","date_gmt":"2025-03-11T08:24:07","guid":{"rendered":"https:\/\/www.leili-motor.net\/buerstenlose-umwaelzpumpe-fuer-spuelmaschine\/"},"modified":"2025-03-11T16:24:07","modified_gmt":"2025-03-11T08:24:07","slug":"buerstenlose-umwaelzpumpe-fuer-spuelmaschine","status":"publish","type":"product","link":"https:\/\/www.leili-motor.net\/de\/buerstenlose-umwaelzpumpe-fuer-spuelmaschine.html","title":{"rendered":"B\u00fcrstenlose Umw\u00e4lzpumpe f\u00fcr Sp\u00fclmaschine"},"content":{"rendered":"<h2>Produktparameter<\/h2>\n<table>\n<tbody>\n<tr>\n<td>Modell<\/td>\n<td>Draht<\/td>\n<td>Stator (mm)<\/td>\n<td>Nennspannung<\/p>\n<p>(V)<\/td>\n<td>Leistung<br \/>\n(W)<\/td>\n<td>Stromst\u00e4rke<br \/>\n(A)<\/td>\n<td>Aufzug<br \/>\n(M)<\/td>\n<td>Durchflussrate<br \/>\n(LPM)<\/td>\n<td>Drehzahl<\/p>\n<p> (U\/min)<\/td>\n<td>Isolierung<br \/>\nKlasse<\/td>\n<\/tr>\n<tr>\n<td>BLP44-x<\/td>\n<td>Cu<\/td>\n<td>20<\/td>\n<td>DC310<\/td>\n<td>60<\/td>\n<td>0.5<\/td>\n<td>1<\/td>\n<td>50<\/td>\n<td>3000<\/td>\n<td>F<\/td>\n<\/tr>\n<tr>\n<td>BLP44-y<\/td>\n<td>Cu<\/td>\n<td>30<\/td>\n<td>DC310<\/td>\n<td>120<\/td>\n<td>1<\/td>\n<td>1<\/td>\n<td>70<\/td>\n<td>3000<\/td>\n<td>F<\/td>\n<\/tr>\n<\/tbody>\n<\/table>\n<h2>Mechanische Abmessungen: mm<\/h2>\n<p><img fetchpriority=\"high\" decoding=\"async\" class=\"size-full wp-image-1942 aligncenter\" src=\"https:\/\/www.leili-motor.net\/wp-content\/uploads\/2025\/03\/Brushless-Circulating-Pump-for-Dishwashers-Mechanical-Dimension.webp\" alt=\"B\u00fcrstenlose Umw\u00e4lzpumpe f\u00fcr Geschirrsp\u00fcler Mechanische Abmessungen\" width=\"759\" height=\"437\" srcset=\"https:\/\/www.leili-motor.net\/wp-content\/uploads\/2025\/03\/Brushless-Circulating-Pump-for-Dishwashers-Mechanical-Dimension.webp 759w, https:\/\/www.leili-motor.net\/wp-content\/uploads\/2025\/03\/Brushless-Circulating-Pump-for-Dishwashers-Mechanical-Dimension-300x173.webp 300w, https:\/\/www.leili-motor.net\/wp-content\/uploads\/2025\/03\/Brushless-Circulating-Pump-for-Dishwashers-Mechanical-Dimension-600x345.webp 600w\" sizes=\"(max-width: 759px) 100vw, 759px\" \/><\/p>\n","protected":false},"excerpt":{"rendered":"<h3>Produkteinf\u00fchrung<\/h3>\n<ul>\n<li>Effiziente Leistung: Bietet 1 Meter Hubh\u00f6he, 50\u201370 LPM Durchflussrate und 3000 U\/min f\u00fcr optimale Zirkulation.<\/li>\n<li>Langlebiges Statordesign: Verf\u00fcgt \u00fcber einen 20-mm- oder 30-mm-Kupferstator mit DC310V-Betrieb f\u00fcr zuverl\u00e4ssige Leistung.<\/li>\n<li>Energiesparender Betrieb: L\u00e4uft mit 60\u2013120 W Leistung, 0,5\u20131 A Strom und Isolierung der Klasse F f\u00fcr mehr Effizienz.<\/li>\n<\/ul>\n<h3>Produktanwendung<\/h3>\n<ul>\n<li>Ger\u00e4t: Geschirrsp\u00fcler<\/li>\n<\/ul>\n","protected":false},"featured_media":8801,"comment_status":"open","ping_status":"closed","template":"","meta":{"site-sidebar-layout":"default","site-content-layout":"","ast-site-content-layout":"default","site-content-style":"default","site-sidebar-style":"default","ast-global-header-display":"","ast-banner-title-visibility":"","ast-main-header-display":"","ast-hfb-above-header-display":"","ast-hfb-below-header-display":"","ast-hfb-mobile-header-display":"","site-post-title":"","ast-breadcrumbs-content":"","ast-featured-img":"","footer-sml-layout":"","theme-transparent-header-meta":"default","adv-header-id-meta":"","stick-header-meta":"","header-above-stick-meta":"","header-main-stick-meta":"","header-below-stick-meta":"","astra-migrate-meta-layouts":"default","ast-page-background-enabled":"default","ast-page-background-meta":{"desktop":{"background-color":"var(--ast-global-color-5)","background-image":"","background-repeat":"repeat","background-position":"center center","background-size":"auto","background-attachment":"scroll","background-type":"","background-media":"","overlay-type":"","overlay-color":"","overlay-opacity":"","overlay-gradient":""},"tablet":{"background-color":"","background-image":"","background-repeat":"repeat","background-position":"center center","background-size":"auto","background-attachment":"scroll","background-type":"","background-media":"","overlay-type":"","overlay-color":"","overlay-opacity":"","overlay-gradient":""},"mobile":{"background-color":"","background-image":"","background-repeat":"repeat","background-position":"center center","background-size":"auto","background-attachment":"scroll","background-type":"","background-media":"","overlay-type":"","overlay-color":"","overlay-opacity":"","overlay-gradient":""}},"ast-content-background-meta":{"desktop":{"background-color":"var(--ast-global-color-4)","background-image":"","background-repeat":"repeat","background-position":"center center","background-size":"auto","background-attachment":"scroll","background-type":"","background-media":"","overlay-type":"","overlay-color":"","overlay-opacity":"","overlay-gradient":""},"tablet":{"background-color":"var(--ast-global-color-4)","background-image":"","background-repeat":"repeat","background-position":"center center","background-size":"auto","background-attachment":"scroll","background-type":"","background-media":"","overlay-type":"","overlay-color":"","overlay-opacity":"","overlay-gradient":""},"mobile":{"background-color":"var(--ast-global-color-4)","background-image":"","background-repeat":"repeat","background-position":"center center","background-size":"auto","background-attachment":"scroll","background-type":"","background-media":"","overlay-type":"","overlay-color":"","overlay-opacity":"","overlay-gradient":""}}},"product_brand":[],"product_cat":[999,1018],"product_tag":[939],"class_list":{"0":"post-8798","1":"product","2":"type-product","3":"status-publish","4":"has-post-thumbnail","6":"product_cat-ventilpumpenkategorie","7":"product_cat-umwalzpumpes","8":"product_tag-geschirrspuler-spulsystem","9":"pa_application-haushaltsgerate","10":"desktop-align-left","11":"tablet-align-left","12":"mobile-align-left","14":"first","15":"instock","16":"shipping-taxable","17":"product-type-simple"},"yoast_head":"<!-- This site is optimized with the Yoast SEO plugin v27.2 - https:\/\/yoast.com\/product\/yoast-seo-wordpress\/ -->\n<title>B\u00fcrstenlose Umw\u00e4lzpumpe f\u00fcr Sp\u00fclmaschine, Umw\u00e4lzpumpen &#8211; Leili Motor<\/title>\n<meta name=\"description\" content=\"Unsere b\u00fcrstenlose Umw\u00e4lzpumpe f\u00fcr Geschirrsp\u00fcler sorgt f\u00fcr eine effiziente Zirkulation, einen langlebigen Kupferstator, einen energiesparenden Betrieb und eine zuverl\u00e4ssige Leistung f\u00fcr eine optimale Funktionalit\u00e4t des Geschirrsp\u00fclers.\" \/>\n<meta name=\"robots\" content=\"index, follow, max-snippet:-1, max-image-preview:large, max-video-preview:-1\" \/>\n<link rel=\"canonical\" href=\"https:\/\/www.leili-motor.net\/de\/buerstenlose-umwaelzpumpe-fuer-spuelmaschine.html\" \/>\n<script type=\"application\/ld+json\" class=\"yoast-schema-graph\">{\"@context\":\"https:\/\/schema.org\",\"@graph\":[{\"@type\":\"WebPage\",\"@id\":\"https:\/\/www.leili-motor.net\/de\/buerstenlose-umwaelzpumpe-fuer-spuelmaschine.html\",\"url\":\"https:\/\/www.leili-motor.net\/de\/buerstenlose-umwaelzpumpe-fuer-spuelmaschine.html\",\"name\":\"B\u00fcrstenlose Umw\u00e4lzpumpe f\u00fcr Sp\u00fclmaschine, Umw\u00e4lzpumpen &#8211; Leili Motor\",\"isPartOf\":{\"@id\":\"https:\/\/www.leili-motor.net\/de\/#website\"},\"primaryImageOfPage\":{\"@id\":\"https:\/\/www.leili-motor.net\/de\/buerstenlose-umwaelzpumpe-fuer-spuelmaschine.html#primaryimage\"},\"image\":{\"@id\":\"https:\/\/www.leili-motor.net\/de\/buerstenlose-umwaelzpumpe-fuer-spuelmaschine.html#primaryimage\"},\"thumbnailUrl\":\"https:\/\/www.leili-motor.net\/wp-content\/uploads\/2025\/03\/Brushless-Circulating-Pump-for-Dishwashers.webp\",\"datePublished\":\"2025-03-11T08:24:07+00:00\",\"description\":\"Unsere b\u00fcrstenlose Umw\u00e4lzpumpe f\u00fcr Geschirrsp\u00fcler sorgt f\u00fcr eine effiziente Zirkulation, einen langlebigen Kupferstator, einen energiesparenden Betrieb und eine zuverl\u00e4ssige Leistung f\u00fcr eine optimale Funktionalit\u00e4t des Geschirrsp\u00fclers.\",\"breadcrumb\":{\"@id\":\"https:\/\/www.leili-motor.net\/de\/buerstenlose-umwaelzpumpe-fuer-spuelmaschine.html#breadcrumb\"},\"inLanguage\":\"de\",\"potentialAction\":[{\"@type\":\"ReadAction\",\"target\":[\"https:\/\/www.leili-motor.net\/de\/buerstenlose-umwaelzpumpe-fuer-spuelmaschine.html\"]}]},{\"@type\":\"ImageObject\",\"inLanguage\":\"de\",\"@id\":\"https:\/\/www.leili-motor.net\/de\/buerstenlose-umwaelzpumpe-fuer-spuelmaschine.html#primaryimage\",\"url\":\"https:\/\/www.leili-motor.net\/wp-content\/uploads\/2025\/03\/Brushless-Circulating-Pump-for-Dishwashers.webp\",\"contentUrl\":\"https:\/\/www.leili-motor.net\/wp-content\/uploads\/2025\/03\/Brushless-Circulating-Pump-for-Dishwashers.webp\",\"width\":454,\"height\":310,\"caption\":\"B\u00fcrstenlose Umw\u00e4lzpumpe f\u00fcr Geschirrsp\u00fcler\"},{\"@type\":\"BreadcrumbList\",\"@id\":\"https:\/\/www.leili-motor.net\/de\/buerstenlose-umwaelzpumpe-fuer-spuelmaschine.html#breadcrumb\",\"itemListElement\":[{\"@type\":\"ListItem\",\"position\":1,\"name\":\"Home\",\"item\":\"https:\/\/www.leili-motor.net\/de\/\"},{\"@type\":\"ListItem\",\"position\":2,\"name\":\"Produkte\",\"item\":\"https:\/\/www.leili-motor.net\/de\/produkte.html\"},{\"@type\":\"ListItem\",\"position\":3,\"name\":\"B\u00fcrstenlose Umw\u00e4lzpumpe f\u00fcr Sp\u00fclmaschine\"}]},{\"@type\":\"WebSite\",\"@id\":\"https:\/\/www.leili-motor.net\/de\/#website\",\"url\":\"https:\/\/www.leili-motor.net\/de\/\",\"name\":\"Leili Motor\",\"description\":\"\",\"publisher\":{\"@id\":\"https:\/\/www.leili-motor.net\/de\/#organization\"},\"potentialAction\":[{\"@type\":\"SearchAction\",\"target\":{\"@type\":\"EntryPoint\",\"urlTemplate\":\"https:\/\/www.leili-motor.net\/de\/?s={search_term_string}\"},\"query-input\":{\"@type\":\"PropertyValueSpecification\",\"valueRequired\":true,\"valueName\":\"search_term_string\"}}],\"inLanguage\":\"de\"},{\"@type\":\"Organization\",\"@id\":\"https:\/\/www.leili-motor.net\/de\/#organization\",\"name\":\"Leili Motor\",\"url\":\"https:\/\/www.leili-motor.net\/de\/\",\"logo\":{\"@type\":\"ImageObject\",\"inLanguage\":\"de\",\"@id\":\"https:\/\/www.leili-motor.net\/de\/#\/schema\/logo\/image\/\",\"url\":\"https:\/\/www.leili-motor.net\/wp-content\/uploads\/2025\/03\/Leili-Motor.png\",\"contentUrl\":\"https:\/\/www.leili-motor.net\/wp-content\/uploads\/2025\/03\/Leili-Motor.png\",\"width\":600,\"height\":156,\"caption\":\"Leili Motor\"},\"image\":{\"@id\":\"https:\/\/www.leili-motor.net\/de\/#\/schema\/logo\/image\/\"}}]}<\/script>\n<!-- \/ Yoast SEO plugin. -->","yoast_head_json":{"title":"B\u00fcrstenlose Umw\u00e4lzpumpe f\u00fcr Sp\u00fclmaschine, Umw\u00e4lzpumpen &#8211; Leili Motor","description":"Unsere b\u00fcrstenlose Umw\u00e4lzpumpe f\u00fcr Geschirrsp\u00fcler sorgt f\u00fcr eine effiziente Zirkulation, einen langlebigen Kupferstator, einen energiesparenden Betrieb und eine zuverl\u00e4ssige Leistung f\u00fcr eine optimale Funktionalit\u00e4t des Geschirrsp\u00fclers.","robots":{"index":"index","follow":"follow","max-snippet":"max-snippet:-1","max-image-preview":"max-image-preview:large","max-video-preview":"max-video-preview:-1"},"canonical":"https:\/\/www.leili-motor.net\/de\/buerstenlose-umwaelzpumpe-fuer-spuelmaschine.html","schema":{"@context":"https:\/\/schema.org","@graph":[{"@type":"WebPage","@id":"https:\/\/www.leili-motor.net\/de\/buerstenlose-umwaelzpumpe-fuer-spuelmaschine.html","url":"https:\/\/www.leili-motor.net\/de\/buerstenlose-umwaelzpumpe-fuer-spuelmaschine.html","name":"B\u00fcrstenlose Umw\u00e4lzpumpe f\u00fcr Sp\u00fclmaschine, Umw\u00e4lzpumpen &#8211; Leili Motor","isPartOf":{"@id":"https:\/\/www.leili-motor.net\/de\/#website"},"primaryImageOfPage":{"@id":"https:\/\/www.leili-motor.net\/de\/buerstenlose-umwaelzpumpe-fuer-spuelmaschine.html#primaryimage"},"image":{"@id":"https:\/\/www.leili-motor.net\/de\/buerstenlose-umwaelzpumpe-fuer-spuelmaschine.html#primaryimage"},"thumbnailUrl":"https:\/\/www.leili-motor.net\/wp-content\/uploads\/2025\/03\/Brushless-Circulating-Pump-for-Dishwashers.webp","datePublished":"2025-03-11T08:24:07+00:00","description":"Unsere b\u00fcrstenlose Umw\u00e4lzpumpe f\u00fcr Geschirrsp\u00fcler sorgt f\u00fcr eine effiziente Zirkulation, einen langlebigen Kupferstator, einen energiesparenden Betrieb und eine zuverl\u00e4ssige Leistung f\u00fcr eine optimale Funktionalit\u00e4t des Geschirrsp\u00fclers.","breadcrumb":{"@id":"https:\/\/www.leili-motor.net\/de\/buerstenlose-umwaelzpumpe-fuer-spuelmaschine.html#breadcrumb"},"inLanguage":"de","potentialAction":[{"@type":"ReadAction","target":["https:\/\/www.leili-motor.net\/de\/buerstenlose-umwaelzpumpe-fuer-spuelmaschine.html"]}]},{"@type":"ImageObject","inLanguage":"de","@id":"https:\/\/www.leili-motor.net\/de\/buerstenlose-umwaelzpumpe-fuer-spuelmaschine.html#primaryimage","url":"https:\/\/www.leili-motor.net\/wp-content\/uploads\/2025\/03\/Brushless-Circulating-Pump-for-Dishwashers.webp","contentUrl":"https:\/\/www.leili-motor.net\/wp-content\/uploads\/2025\/03\/Brushless-Circulating-Pump-for-Dishwashers.webp","width":454,"height":310,"caption":"B\u00fcrstenlose Umw\u00e4lzpumpe f\u00fcr Geschirrsp\u00fcler"},{"@type":"BreadcrumbList","@id":"https:\/\/www.leili-motor.net\/de\/buerstenlose-umwaelzpumpe-fuer-spuelmaschine.html#breadcrumb","itemListElement":[{"@type":"ListItem","position":1,"name":"Home","item":"https:\/\/www.leili-motor.net\/de\/"},{"@type":"ListItem","position":2,"name":"Produkte","item":"https:\/\/www.leili-motor.net\/de\/produkte.html"},{"@type":"ListItem","position":3,"name":"B\u00fcrstenlose Umw\u00e4lzpumpe f\u00fcr Sp\u00fclmaschine"}]},{"@type":"WebSite","@id":"https:\/\/www.leili-motor.net\/de\/#website","url":"https:\/\/www.leili-motor.net\/de\/","name":"Leili Motor","description":"","publisher":{"@id":"https:\/\/www.leili-motor.net\/de\/#organization"},"potentialAction":[{"@type":"SearchAction","target":{"@type":"EntryPoint","urlTemplate":"https:\/\/www.leili-motor.net\/de\/?s={search_term_string}"},"query-input":{"@type":"PropertyValueSpecification","valueRequired":true,"valueName":"search_term_string"}}],"inLanguage":"de"},{"@type":"Organization","@id":"https:\/\/www.leili-motor.net\/de\/#organization","name":"Leili Motor","url":"https:\/\/www.leili-motor.net\/de\/","logo":{"@type":"ImageObject","inLanguage":"de","@id":"https:\/\/www.leili-motor.net\/de\/#\/schema\/logo\/image\/","url":"https:\/\/www.leili-motor.net\/wp-content\/uploads\/2025\/03\/Leili-Motor.png","contentUrl":"https:\/\/www.leili-motor.net\/wp-content\/uploads\/2025\/03\/Leili-Motor.png","width":600,"height":156,"caption":"Leili Motor"},"image":{"@id":"https:\/\/www.leili-motor.net\/de\/#\/schema\/logo\/image\/"}}]}},"_links":{"self":[{"href":"https:\/\/www.leili-motor.net\/de\/wp-json\/wp\/v2\/product\/8798","targetHints":{"allow":["GET"]}}],"collection":[{"href":"https:\/\/www.leili-motor.net\/de\/wp-json\/wp\/v2\/product"}],"about":[{"href":"https:\/\/www.leili-motor.net\/de\/wp-json\/wp\/v2\/types\/product"}],"replies":[{"embeddable":true,"href":"https:\/\/www.leili-motor.net\/de\/wp-json\/wp\/v2\/comments?post=8798"}],"wp:featuredmedia":[{"embeddable":true,"href":"https:\/\/www.leili-motor.net\/de\/wp-json\/wp\/v2\/media\/8801"}],"wp:attachment":[{"href":"https:\/\/www.leili-motor.net\/de\/wp-json\/wp\/v2\/media?parent=8798"}],"wp:term":[{"taxonomy":"product_brand","embeddable":true,"href":"https:\/\/www.leili-motor.net\/de\/wp-json\/wp\/v2\/product_brand?post=8798"},{"taxonomy":"product_cat","embeddable":true,"href":"https:\/\/www.leili-motor.net\/de\/wp-json\/wp\/v2\/product_cat?post=8798"},{"taxonomy":"product_tag","embeddable":true,"href":"https:\/\/www.leili-motor.net\/de\/wp-json\/wp\/v2\/product_tag?post=8798"}],"curies":[{"name":"wp","href":"https:\/\/api.w.org\/{rel}","templated":true}]}}