{"id":8811,"date":"2025-03-11T15:21:51","date_gmt":"2025-03-11T07:21:51","guid":{"rendered":"https:\/\/www.leili-motor.net\/buerstenloser-pumpenmotor-fuer-schwimmbaeder\/"},"modified":"2025-03-11T15:21:51","modified_gmt":"2025-03-11T07:21:51","slug":"buerstenloser-pumpenmotor-fuer-schwimmbaeder","status":"publish","type":"product","link":"https:\/\/www.leili-motor.net\/de\/buerstenloser-pumpenmotor-fuer-schwimmbaeder.html","title":{"rendered":"B\u00fcrstenloser Pumpenmotor f\u00fcr Schwimmb\u00e4der"},"content":{"rendered":"<h2>Produktparameter<\/h2>\n<table>\n<tbody>\n<tr>\n<td>Motortyp<\/td>\n<td>Nennspannung (V)<\/td>\n<td>Nennfrequenz (Hz)<\/td>\n<td>Leistung (W)<\/td>\n<td>Stromst\u00e4rke (A)<\/td>\n<td>Anlaufspannung (V)<\/td>\n<td>Ausgangsdrehmoment (N\u00b7m)<\/td>\n<td>Getriebe\u00fcbersetzung<\/td>\n<td>Rotationsgeschwindigkeit (U\/min)<\/td>\n<td>Isolationsklasse<\/td>\n<td>Motoreffizienz<\/td>\n<td>Systemeffizienz<\/td>\n<td>PFC<\/td>\n<\/tr>\n<tr>\n<td>BLP61-x<\/td>\n<td>kann<br \/>\nsowohl mit<br \/>\n115 VAC als auch<br \/>\n230 VAC betrieben werden<\/td>\n<td>60\/50<\/td>\n<td>1120<\/td>\n<td>14.5\/7.5<\/td>\n<td>103\/215<\/td>\n<td>2.6<\/td>\n<td>Drehzahl<br \/>\nvariabel<\/td>\n<td>1500~3450<\/td>\n<td>F<\/td>\n<td>&gt;90%<\/td>\n<td>&gt;85%<\/td>\n<td>PFC kann hinzugef\u00fcgt werden<\/td>\n<\/tr>\n<\/tbody>\n<\/table>\n<h2>Mechanische Abmessungen: mm<\/h2>\n<p><img fetchpriority=\"high\" decoding=\"async\" class=\"size-full wp-image-1920 aligncenter\" src=\"https:\/\/www.leili-motor.net\/wp-content\/uploads\/2025\/03\/Mechanical-Dimension-for-Brushless-Pump-Motor-for-Swimming-Pool.webp\" alt=\"Mechanische Abmessungen f\u00fcr b\u00fcrstenlosen Pumpenmotor f\u00fcr Schwimmb\u00e4der\" width=\"759\" height=\"702\" srcset=\"https:\/\/www.leili-motor.net\/wp-content\/uploads\/2025\/03\/Mechanical-Dimension-for-Brushless-Pump-Motor-for-Swimming-Pool.webp 759w, https:\/\/www.leili-motor.net\/wp-content\/uploads\/2025\/03\/Mechanical-Dimension-for-Brushless-Pump-Motor-for-Swimming-Pool-300x277.webp 300w, https:\/\/www.leili-motor.net\/wp-content\/uploads\/2025\/03\/Mechanical-Dimension-for-Brushless-Pump-Motor-for-Swimming-Pool-600x555.webp 600w\" sizes=\"(max-width: 759px) 100vw, 759px\" \/><\/p>\n","protected":false},"excerpt":{"rendered":"<h3>Produkteinf\u00fchrung<\/h3>\n<ul>\n<li>Motorspezifikationen: Betrieb mit 115 V\/230 V, 50\/60 Hz, Isolierungsklasse F, mit drehzahlvariabler Steuerung f\u00fcr mehr Effizienz.<\/li>\n<li>Leistungsmerkmale: Liefert 1120 W Leistung, 2,6 Nm Drehmoment, 1500\u20133450 U\/min und sorgt f\u00fcr eine optimale Wasserzirkulation.<\/li>\n<li>Elektrische Eigenschaften: 14,5\/7,5A Strom, 103\/215V Startspannung, &gt;90 % Motoreffizienz, &gt;85 % Systemeffizienz, unterst\u00fctzt PFC.<\/li>\n<\/ul>\n<h3>Produktanwendung<\/h3>\n<ul>\n<li>Schwimmbad<\/li>\n<\/ul>\n","protected":false},"featured_media":8812,"comment_status":"open","ping_status":"closed","template":"","meta":{"site-sidebar-layout":"default","site-content-layout":"","ast-site-content-layout":"default","site-content-style":"default","site-sidebar-style":"default","ast-global-header-display":"","ast-banner-title-visibility":"","ast-main-header-display":"","ast-hfb-above-header-display":"","ast-hfb-below-header-display":"","ast-hfb-mobile-header-display":"","site-post-title":"","ast-breadcrumbs-content":"","ast-featured-img":"","footer-sml-layout":"","theme-transparent-header-meta":"default","adv-header-id-meta":"","stick-header-meta":"","header-above-stick-meta":"","header-main-stick-meta":"","header-below-stick-meta":"","astra-migrate-meta-layouts":"default","ast-page-background-enabled":"default","ast-page-background-meta":{"desktop":{"background-color":"var(--ast-global-color-5)","background-image":"","background-repeat":"repeat","background-position":"center center","background-size":"auto","background-attachment":"scroll","background-type":"","background-media":"","overlay-type":"","overlay-color":"","overlay-opacity":"","overlay-gradient":""},"tablet":{"background-color":"","background-image":"","background-repeat":"repeat","background-position":"center center","background-size":"auto","background-attachment":"scroll","background-type":"","background-media":"","overlay-type":"","overlay-color":"","overlay-opacity":"","overlay-gradient":""},"mobile":{"background-color":"","background-image":"","background-repeat":"repeat","background-position":"center center","background-size":"auto","background-attachment":"scroll","background-type":"","background-media":"","overlay-type":"","overlay-color":"","overlay-opacity":"","overlay-gradient":""}},"ast-content-background-meta":{"desktop":{"background-color":"var(--ast-global-color-4)","background-image":"","background-repeat":"repeat","background-position":"center center","background-size":"auto","background-attachment":"scroll","background-type":"","background-media":"","overlay-type":"","overlay-color":"","overlay-opacity":"","overlay-gradient":""},"tablet":{"background-color":"var(--ast-global-color-4)","background-image":"","background-repeat":"repeat","background-position":"center center","background-size":"auto","background-attachment":"scroll","background-type":"","background-media":"","overlay-type":"","overlay-color":"","overlay-opacity":"","overlay-gradient":""},"mobile":{"background-color":"var(--ast-global-color-4)","background-image":"","background-repeat":"repeat","background-position":"center center","background-size":"auto","background-attachment":"scroll","background-type":"","background-media":"","overlay-type":"","overlay-color":"","overlay-opacity":"","overlay-gradient":""}}},"product_brand":[],"product_cat":[999,1022],"product_tag":[],"class_list":{"0":"post-8811","1":"product","2":"type-product","3":"status-publish","4":"has-post-thumbnail","6":"product_cat-ventilpumpenkategorie","7":"product_cat-ablaufpumpes","8":"desktop-align-left","9":"tablet-align-left","10":"mobile-align-left","12":"first","13":"instock","14":"shipping-taxable","15":"product-type-simple"},"yoast_head":"<!-- This site is optimized with the Yoast SEO plugin v27.2 - https:\/\/yoast.com\/product\/yoast-seo-wordpress\/ -->\n<title>B\u00fcrstenloser Pumpenmotor f\u00fcr Schwimmb\u00e4der &#8211; Leili Motor<\/title>\n<meta name=\"description\" content=\"Unser b\u00fcrstenloser Pumpenmotor f\u00fcr Schwimmb\u00e4der bietet hohe Effizienz, variable Drehzahlregelung, zuverl\u00e4ssige Leistung und optimale Wasserzirkulation und gew\u00e4hrleistet so einen energiesparenden Betrieb bei Schwimmbadanwendungen.\" \/>\n<meta name=\"robots\" content=\"index, follow, max-snippet:-1, max-image-preview:large, max-video-preview:-1\" \/>\n<link rel=\"canonical\" href=\"https:\/\/www.leili-motor.net\/de\/buerstenloser-pumpenmotor-fuer-schwimmbaeder.html\" \/>\n<script type=\"application\/ld+json\" class=\"yoast-schema-graph\">{\"@context\":\"https:\/\/schema.org\",\"@graph\":[{\"@type\":\"WebPage\",\"@id\":\"https:\/\/www.leili-motor.net\/de\/buerstenloser-pumpenmotor-fuer-schwimmbaeder.html\",\"url\":\"https:\/\/www.leili-motor.net\/de\/buerstenloser-pumpenmotor-fuer-schwimmbaeder.html\",\"name\":\"B\u00fcrstenloser Pumpenmotor f\u00fcr Schwimmb\u00e4der &#8211; Leili Motor\",\"isPartOf\":{\"@id\":\"https:\/\/www.leili-motor.net\/de\/#website\"},\"primaryImageOfPage\":{\"@id\":\"https:\/\/www.leili-motor.net\/de\/buerstenloser-pumpenmotor-fuer-schwimmbaeder.html#primaryimage\"},\"image\":{\"@id\":\"https:\/\/www.leili-motor.net\/de\/buerstenloser-pumpenmotor-fuer-schwimmbaeder.html#primaryimage\"},\"thumbnailUrl\":\"https:\/\/www.leili-motor.net\/wp-content\/uploads\/2025\/03\/Brushless-Pump-Motor-for-Swimming-Pool.webp\",\"datePublished\":\"2025-03-11T07:21:51+00:00\",\"description\":\"Unser b\u00fcrstenloser Pumpenmotor f\u00fcr Schwimmb\u00e4der bietet hohe Effizienz, variable Drehzahlregelung, zuverl\u00e4ssige Leistung und optimale Wasserzirkulation und gew\u00e4hrleistet so einen energiesparenden Betrieb bei Schwimmbadanwendungen.\",\"breadcrumb\":{\"@id\":\"https:\/\/www.leili-motor.net\/de\/buerstenloser-pumpenmotor-fuer-schwimmbaeder.html#breadcrumb\"},\"inLanguage\":\"de\",\"potentialAction\":[{\"@type\":\"ReadAction\",\"target\":[\"https:\/\/www.leili-motor.net\/de\/buerstenloser-pumpenmotor-fuer-schwimmbaeder.html\"]}]},{\"@type\":\"ImageObject\",\"inLanguage\":\"de\",\"@id\":\"https:\/\/www.leili-motor.net\/de\/buerstenloser-pumpenmotor-fuer-schwimmbaeder.html#primaryimage\",\"url\":\"https:\/\/www.leili-motor.net\/wp-content\/uploads\/2025\/03\/Brushless-Pump-Motor-for-Swimming-Pool.webp\",\"contentUrl\":\"https:\/\/www.leili-motor.net\/wp-content\/uploads\/2025\/03\/Brushless-Pump-Motor-for-Swimming-Pool.webp\",\"width\":454,\"height\":310,\"caption\":\"B\u00fcrstenloser Pumpenmotor f\u00fcr Schwimmb\u00e4der\"},{\"@type\":\"BreadcrumbList\",\"@id\":\"https:\/\/www.leili-motor.net\/de\/buerstenloser-pumpenmotor-fuer-schwimmbaeder.html#breadcrumb\",\"itemListElement\":[{\"@type\":\"ListItem\",\"position\":1,\"name\":\"Home\",\"item\":\"https:\/\/www.leili-motor.net\/de\/\"},{\"@type\":\"ListItem\",\"position\":2,\"name\":\"Produkte\",\"item\":\"https:\/\/www.leili-motor.net\/de\/produkte.html\"},{\"@type\":\"ListItem\",\"position\":3,\"name\":\"B\u00fcrstenloser Pumpenmotor f\u00fcr Schwimmb\u00e4der\"}]},{\"@type\":\"WebSite\",\"@id\":\"https:\/\/www.leili-motor.net\/de\/#website\",\"url\":\"https:\/\/www.leili-motor.net\/de\/\",\"name\":\"Leili Motor\",\"description\":\"\",\"publisher\":{\"@id\":\"https:\/\/www.leili-motor.net\/de\/#organization\"},\"potentialAction\":[{\"@type\":\"SearchAction\",\"target\":{\"@type\":\"EntryPoint\",\"urlTemplate\":\"https:\/\/www.leili-motor.net\/de\/?s={search_term_string}\"},\"query-input\":{\"@type\":\"PropertyValueSpecification\",\"valueRequired\":true,\"valueName\":\"search_term_string\"}}],\"inLanguage\":\"de\"},{\"@type\":\"Organization\",\"@id\":\"https:\/\/www.leili-motor.net\/de\/#organization\",\"name\":\"Leili Motor\",\"url\":\"https:\/\/www.leili-motor.net\/de\/\",\"logo\":{\"@type\":\"ImageObject\",\"inLanguage\":\"de\",\"@id\":\"https:\/\/www.leili-motor.net\/de\/#\/schema\/logo\/image\/\",\"url\":\"https:\/\/www.leili-motor.net\/wp-content\/uploads\/2025\/03\/Leili-Motor.png\",\"contentUrl\":\"https:\/\/www.leili-motor.net\/wp-content\/uploads\/2025\/03\/Leili-Motor.png\",\"width\":600,\"height\":156,\"caption\":\"Leili Motor\"},\"image\":{\"@id\":\"https:\/\/www.leili-motor.net\/de\/#\/schema\/logo\/image\/\"}}]}<\/script>\n<!-- \/ Yoast SEO plugin. -->","yoast_head_json":{"title":"B\u00fcrstenloser Pumpenmotor f\u00fcr Schwimmb\u00e4der &#8211; Leili Motor","description":"Unser b\u00fcrstenloser Pumpenmotor f\u00fcr Schwimmb\u00e4der bietet hohe Effizienz, variable Drehzahlregelung, zuverl\u00e4ssige Leistung und optimale Wasserzirkulation und gew\u00e4hrleistet so einen energiesparenden Betrieb bei Schwimmbadanwendungen.","robots":{"index":"index","follow":"follow","max-snippet":"max-snippet:-1","max-image-preview":"max-image-preview:large","max-video-preview":"max-video-preview:-1"},"canonical":"https:\/\/www.leili-motor.net\/de\/buerstenloser-pumpenmotor-fuer-schwimmbaeder.html","schema":{"@context":"https:\/\/schema.org","@graph":[{"@type":"WebPage","@id":"https:\/\/www.leili-motor.net\/de\/buerstenloser-pumpenmotor-fuer-schwimmbaeder.html","url":"https:\/\/www.leili-motor.net\/de\/buerstenloser-pumpenmotor-fuer-schwimmbaeder.html","name":"B\u00fcrstenloser Pumpenmotor f\u00fcr Schwimmb\u00e4der &#8211; Leili Motor","isPartOf":{"@id":"https:\/\/www.leili-motor.net\/de\/#website"},"primaryImageOfPage":{"@id":"https:\/\/www.leili-motor.net\/de\/buerstenloser-pumpenmotor-fuer-schwimmbaeder.html#primaryimage"},"image":{"@id":"https:\/\/www.leili-motor.net\/de\/buerstenloser-pumpenmotor-fuer-schwimmbaeder.html#primaryimage"},"thumbnailUrl":"https:\/\/www.leili-motor.net\/wp-content\/uploads\/2025\/03\/Brushless-Pump-Motor-for-Swimming-Pool.webp","datePublished":"2025-03-11T07:21:51+00:00","description":"Unser b\u00fcrstenloser Pumpenmotor f\u00fcr Schwimmb\u00e4der bietet hohe Effizienz, variable Drehzahlregelung, zuverl\u00e4ssige Leistung und optimale Wasserzirkulation und gew\u00e4hrleistet so einen energiesparenden Betrieb bei Schwimmbadanwendungen.","breadcrumb":{"@id":"https:\/\/www.leili-motor.net\/de\/buerstenloser-pumpenmotor-fuer-schwimmbaeder.html#breadcrumb"},"inLanguage":"de","potentialAction":[{"@type":"ReadAction","target":["https:\/\/www.leili-motor.net\/de\/buerstenloser-pumpenmotor-fuer-schwimmbaeder.html"]}]},{"@type":"ImageObject","inLanguage":"de","@id":"https:\/\/www.leili-motor.net\/de\/buerstenloser-pumpenmotor-fuer-schwimmbaeder.html#primaryimage","url":"https:\/\/www.leili-motor.net\/wp-content\/uploads\/2025\/03\/Brushless-Pump-Motor-for-Swimming-Pool.webp","contentUrl":"https:\/\/www.leili-motor.net\/wp-content\/uploads\/2025\/03\/Brushless-Pump-Motor-for-Swimming-Pool.webp","width":454,"height":310,"caption":"B\u00fcrstenloser Pumpenmotor f\u00fcr Schwimmb\u00e4der"},{"@type":"BreadcrumbList","@id":"https:\/\/www.leili-motor.net\/de\/buerstenloser-pumpenmotor-fuer-schwimmbaeder.html#breadcrumb","itemListElement":[{"@type":"ListItem","position":1,"name":"Home","item":"https:\/\/www.leili-motor.net\/de\/"},{"@type":"ListItem","position":2,"name":"Produkte","item":"https:\/\/www.leili-motor.net\/de\/produkte.html"},{"@type":"ListItem","position":3,"name":"B\u00fcrstenloser Pumpenmotor f\u00fcr Schwimmb\u00e4der"}]},{"@type":"WebSite","@id":"https:\/\/www.leili-motor.net\/de\/#website","url":"https:\/\/www.leili-motor.net\/de\/","name":"Leili Motor","description":"","publisher":{"@id":"https:\/\/www.leili-motor.net\/de\/#organization"},"potentialAction":[{"@type":"SearchAction","target":{"@type":"EntryPoint","urlTemplate":"https:\/\/www.leili-motor.net\/de\/?s={search_term_string}"},"query-input":{"@type":"PropertyValueSpecification","valueRequired":true,"valueName":"search_term_string"}}],"inLanguage":"de"},{"@type":"Organization","@id":"https:\/\/www.leili-motor.net\/de\/#organization","name":"Leili Motor","url":"https:\/\/www.leili-motor.net\/de\/","logo":{"@type":"ImageObject","inLanguage":"de","@id":"https:\/\/www.leili-motor.net\/de\/#\/schema\/logo\/image\/","url":"https:\/\/www.leili-motor.net\/wp-content\/uploads\/2025\/03\/Leili-Motor.png","contentUrl":"https:\/\/www.leili-motor.net\/wp-content\/uploads\/2025\/03\/Leili-Motor.png","width":600,"height":156,"caption":"Leili Motor"},"image":{"@id":"https:\/\/www.leili-motor.net\/de\/#\/schema\/logo\/image\/"}}]}},"_links":{"self":[{"href":"https:\/\/www.leili-motor.net\/de\/wp-json\/wp\/v2\/product\/8811","targetHints":{"allow":["GET"]}}],"collection":[{"href":"https:\/\/www.leili-motor.net\/de\/wp-json\/wp\/v2\/product"}],"about":[{"href":"https:\/\/www.leili-motor.net\/de\/wp-json\/wp\/v2\/types\/product"}],"replies":[{"embeddable":true,"href":"https:\/\/www.leili-motor.net\/de\/wp-json\/wp\/v2\/comments?post=8811"}],"wp:featuredmedia":[{"embeddable":true,"href":"https:\/\/www.leili-motor.net\/de\/wp-json\/wp\/v2\/media\/8812"}],"wp:attachment":[{"href":"https:\/\/www.leili-motor.net\/de\/wp-json\/wp\/v2\/media?parent=8811"}],"wp:term":[{"taxonomy":"product_brand","embeddable":true,"href":"https:\/\/www.leili-motor.net\/de\/wp-json\/wp\/v2\/product_brand?post=8811"},{"taxonomy":"product_cat","embeddable":true,"href":"https:\/\/www.leili-motor.net\/de\/wp-json\/wp\/v2\/product_cat?post=8811"},{"taxonomy":"product_tag","embeddable":true,"href":"https:\/\/www.leili-motor.net\/de\/wp-json\/wp\/v2\/product_tag?post=8811"}],"curies":[{"name":"wp","href":"https:\/\/api.w.org\/{rel}","templated":true}]}}