{"id":8823,"date":"2025-03-11T15:09:43","date_gmt":"2025-03-11T07:09:43","guid":{"rendered":"https:\/\/www.leili-motor.net\/buerstenloser-abflusspumpenmotor\/"},"modified":"2025-03-11T15:09:43","modified_gmt":"2025-03-11T07:09:43","slug":"buerstenloser-abflusspumpenmotor","status":"publish","type":"product","link":"https:\/\/www.leili-motor.net\/de\/buerstenloser-abflusspumpenmotor.html","title":{"rendered":"B\u00fcrstenloser Abflusspumpenmotor"},"content":{"rendered":"<h2>Produktparameter<\/h2>\n<table>\n<tbody>\n<tr>\n<td>Modell<\/td>\n<td>Draht<\/td>\n<td>Stator (mm)<\/td>\n<td>Nennspannung<\/p>\n<p>(V)<\/td>\n<td>Nennleistung<\/p>\n<p> (W)<\/td>\n<td>Leistung<br \/>\n(W)<\/td>\n<td>Stromst\u00e4rke<br \/>\n(A)<\/td>\n<td>Aufzug<br \/>\n(M)<\/td>\n<td>Durchflussrate<br \/>\n(LPM)<\/td>\n<td>L\u00e4rmdB(A)<\/td>\n<td>Drehzahl<\/p>\n<p> (U\/min)<\/td>\n<td>Isolierung<br \/>\nKlasse<\/td>\n<\/tr>\n<tr>\n<td>BLP24-x<\/td>\n<td>Cu<\/td>\n<td>14<\/td>\n<td>DC110-140<\/td>\n<td>50<\/td>\n<td>\u2264 35<\/td>\n<td>\u2264 0.35<\/td>\n<td>0.9<\/td>\n<td>\u2265 12<\/td>\n<td>\u2264 45<\/td>\n<td>2700<\/td>\n<td>F<\/td>\n<\/tr>\n<tr>\n<td>BLP24-y<\/td>\n<td>Cu<\/td>\n<td>20<\/td>\n<td>DC310<\/td>\n<td>50<\/td>\n<td>\u2264 35<\/td>\n<td>\u2264 0.35<\/td>\n<td>0.9<\/td>\n<td>\u2265 15<\/td>\n<td>\u2264 45<\/td>\n<td>3000<\/td>\n<td>F<\/td>\n<\/tr>\n<\/tbody>\n<\/table>\n<h2>Mechanische Abmessungen: mm<\/h2>\n<p><img fetchpriority=\"high\" decoding=\"async\" class=\"size-full wp-image-1915 aligncenter\" src=\"https:\/\/www.leili-motor.net\/wp-content\/uploads\/2025\/03\/Mechanical-Dimension-for-Brushless-Drainage-Pump-Motor.webp\" alt=\"Mechanische Abmessungen f\u00fcr b\u00fcrstenlosen Entw\u00e4sserungspumpenmotor\" width=\"759\" height=\"437\" srcset=\"https:\/\/www.leili-motor.net\/wp-content\/uploads\/2025\/03\/Mechanical-Dimension-for-Brushless-Drainage-Pump-Motor.webp 759w, https:\/\/www.leili-motor.net\/wp-content\/uploads\/2025\/03\/Mechanical-Dimension-for-Brushless-Drainage-Pump-Motor-300x173.webp 300w, https:\/\/www.leili-motor.net\/wp-content\/uploads\/2025\/03\/Mechanical-Dimension-for-Brushless-Drainage-Pump-Motor-600x345.webp 600w\" sizes=\"(max-width: 759px) 100vw, 759px\" \/><\/p>\n","protected":false},"excerpt":{"rendered":"<h3>Produkteinf\u00fchrung<\/h3>\n<ul>\n<li>Motorspezifikationen: Kupferdraht, 14\u201320 mm Stator, DC110\u2013310 V Spannung, Isolierung der Klasse F, langlebiges b\u00fcrstenloses Design.<\/li>\n<li>Leistungsmerkmale: Durchflussrate \u226512\u201315 l\/min, 0,9 m Hub, \u226435 W Leistung, 2700\u20133000 U\/min, sorgt f\u00fcr effiziente Wasserableitung.<\/li>\n<li>Elektrische Eigenschaften: \u22640,35 A Strom, geringes Rauschen \u226445 dB(A), stabiler Betrieb, energieeffiziente Leistung.<\/li>\n<\/ul>\n<h3>Produktanwendung<\/h3>\n<ul>\n<li>Haushaltsger\u00e4te: Geschirrsp\u00fcler, Waschmaschine<\/li>\n<\/ul>\n","protected":false},"featured_media":8824,"comment_status":"open","ping_status":"closed","template":"","meta":{"site-sidebar-layout":"default","site-content-layout":"","ast-site-content-layout":"default","site-content-style":"default","site-sidebar-style":"default","ast-global-header-display":"","ast-banner-title-visibility":"","ast-main-header-display":"","ast-hfb-above-header-display":"","ast-hfb-below-header-display":"","ast-hfb-mobile-header-display":"","site-post-title":"","ast-breadcrumbs-content":"","ast-featured-img":"","footer-sml-layout":"","theme-transparent-header-meta":"default","adv-header-id-meta":"","stick-header-meta":"","header-above-stick-meta":"","header-main-stick-meta":"","header-below-stick-meta":"","astra-migrate-meta-layouts":"default","ast-page-background-enabled":"default","ast-page-background-meta":{"desktop":{"background-color":"var(--ast-global-color-5)","background-image":"","background-repeat":"repeat","background-position":"center center","background-size":"auto","background-attachment":"scroll","background-type":"","background-media":"","overlay-type":"","overlay-color":"","overlay-opacity":"","overlay-gradient":""},"tablet":{"background-color":"","background-image":"","background-repeat":"repeat","background-position":"center center","background-size":"auto","background-attachment":"scroll","background-type":"","background-media":"","overlay-type":"","overlay-color":"","overlay-opacity":"","overlay-gradient":""},"mobile":{"background-color":"","background-image":"","background-repeat":"repeat","background-position":"center center","background-size":"auto","background-attachment":"scroll","background-type":"","background-media":"","overlay-type":"","overlay-color":"","overlay-opacity":"","overlay-gradient":""}},"ast-content-background-meta":{"desktop":{"background-color":"var(--ast-global-color-4)","background-image":"","background-repeat":"repeat","background-position":"center center","background-size":"auto","background-attachment":"scroll","background-type":"","background-media":"","overlay-type":"","overlay-color":"","overlay-opacity":"","overlay-gradient":""},"tablet":{"background-color":"var(--ast-global-color-4)","background-image":"","background-repeat":"repeat","background-position":"center center","background-size":"auto","background-attachment":"scroll","background-type":"","background-media":"","overlay-type":"","overlay-color":"","overlay-opacity":"","overlay-gradient":""},"mobile":{"background-color":"var(--ast-global-color-4)","background-image":"","background-repeat":"repeat","background-position":"center center","background-size":"auto","background-attachment":"scroll","background-type":"","background-media":"","overlay-type":"","overlay-color":"","overlay-opacity":"","overlay-gradient":""}}},"product_brand":[],"product_cat":[999,1022],"product_tag":[1023,936],"class_list":{"0":"post-8823","1":"product","2":"type-product","3":"status-publish","4":"has-post-thumbnail","6":"product_cat-ventilpumpenkategorie","7":"product_cat-ablaufpumpes","8":"product_tag-geschirrspuler-abflusssystem","9":"product_tag-waschmaschine-abwassersystem","10":"pa_application-haushaltsgerate","11":"desktop-align-left","12":"tablet-align-left","13":"mobile-align-left","15":"first","16":"instock","17":"shipping-taxable","18":"product-type-simple"},"yoast_head":"<!-- This site is optimized with the Yoast SEO plugin v27.2 - https:\/\/yoast.com\/product\/yoast-seo-wordpress\/ -->\n<title>B\u00fcrstenloser Abflusspumpenmotor &#8211; Leili Motor<\/title>\n<meta name=\"description\" content=\"Unser b\u00fcrstenloser Ablaufpumpenmotor sorgt f\u00fcr einen effizienten, ger\u00e4uscharmen Betrieb mit stabiler Leistung, ideal f\u00fcr Geschirrsp\u00fcler und Waschmaschinen und bietet einen zuverl\u00e4ssigen und energiesparenden Wasserablauf.\" \/>\n<meta name=\"robots\" content=\"index, follow, max-snippet:-1, max-image-preview:large, max-video-preview:-1\" \/>\n<link rel=\"canonical\" href=\"https:\/\/www.leili-motor.net\/de\/buerstenloser-abflusspumpenmotor.html\" \/>\n<script type=\"application\/ld+json\" class=\"yoast-schema-graph\">{\"@context\":\"https:\/\/schema.org\",\"@graph\":[{\"@type\":\"WebPage\",\"@id\":\"https:\/\/www.leili-motor.net\/de\/buerstenloser-abflusspumpenmotor.html\",\"url\":\"https:\/\/www.leili-motor.net\/de\/buerstenloser-abflusspumpenmotor.html\",\"name\":\"B\u00fcrstenloser Abflusspumpenmotor &#8211; Leili Motor\",\"isPartOf\":{\"@id\":\"https:\/\/www.leili-motor.net\/de\/#website\"},\"primaryImageOfPage\":{\"@id\":\"https:\/\/www.leili-motor.net\/de\/buerstenloser-abflusspumpenmotor.html#primaryimage\"},\"image\":{\"@id\":\"https:\/\/www.leili-motor.net\/de\/buerstenloser-abflusspumpenmotor.html#primaryimage\"},\"thumbnailUrl\":\"https:\/\/www.leili-motor.net\/wp-content\/uploads\/2025\/03\/Brushless-Drainage-Pump-Motor.webp\",\"datePublished\":\"2025-03-11T07:09:43+00:00\",\"description\":\"Unser b\u00fcrstenloser Ablaufpumpenmotor sorgt f\u00fcr einen effizienten, ger\u00e4uscharmen Betrieb mit stabiler Leistung, ideal f\u00fcr Geschirrsp\u00fcler und Waschmaschinen und bietet einen zuverl\u00e4ssigen und energiesparenden Wasserablauf.\",\"breadcrumb\":{\"@id\":\"https:\/\/www.leili-motor.net\/de\/buerstenloser-abflusspumpenmotor.html#breadcrumb\"},\"inLanguage\":\"de\",\"potentialAction\":[{\"@type\":\"ReadAction\",\"target\":[\"https:\/\/www.leili-motor.net\/de\/buerstenloser-abflusspumpenmotor.html\"]}]},{\"@type\":\"ImageObject\",\"inLanguage\":\"de\",\"@id\":\"https:\/\/www.leili-motor.net\/de\/buerstenloser-abflusspumpenmotor.html#primaryimage\",\"url\":\"https:\/\/www.leili-motor.net\/wp-content\/uploads\/2025\/03\/Brushless-Drainage-Pump-Motor.webp\",\"contentUrl\":\"https:\/\/www.leili-motor.net\/wp-content\/uploads\/2025\/03\/Brushless-Drainage-Pump-Motor.webp\",\"width\":454,\"height\":310,\"caption\":\"B\u00fcrstenloser Entw\u00e4sserungspumpenmotor\"},{\"@type\":\"BreadcrumbList\",\"@id\":\"https:\/\/www.leili-motor.net\/de\/buerstenloser-abflusspumpenmotor.html#breadcrumb\",\"itemListElement\":[{\"@type\":\"ListItem\",\"position\":1,\"name\":\"Home\",\"item\":\"https:\/\/www.leili-motor.net\/de\/\"},{\"@type\":\"ListItem\",\"position\":2,\"name\":\"Produkte\",\"item\":\"https:\/\/www.leili-motor.net\/de\/produkte.html\"},{\"@type\":\"ListItem\",\"position\":3,\"name\":\"B\u00fcrstenloser Abflusspumpenmotor\"}]},{\"@type\":\"WebSite\",\"@id\":\"https:\/\/www.leili-motor.net\/de\/#website\",\"url\":\"https:\/\/www.leili-motor.net\/de\/\",\"name\":\"Leili Motor\",\"description\":\"\",\"publisher\":{\"@id\":\"https:\/\/www.leili-motor.net\/de\/#organization\"},\"potentialAction\":[{\"@type\":\"SearchAction\",\"target\":{\"@type\":\"EntryPoint\",\"urlTemplate\":\"https:\/\/www.leili-motor.net\/de\/?s={search_term_string}\"},\"query-input\":{\"@type\":\"PropertyValueSpecification\",\"valueRequired\":true,\"valueName\":\"search_term_string\"}}],\"inLanguage\":\"de\"},{\"@type\":\"Organization\",\"@id\":\"https:\/\/www.leili-motor.net\/de\/#organization\",\"name\":\"Leili Motor\",\"url\":\"https:\/\/www.leili-motor.net\/de\/\",\"logo\":{\"@type\":\"ImageObject\",\"inLanguage\":\"de\",\"@id\":\"https:\/\/www.leili-motor.net\/de\/#\/schema\/logo\/image\/\",\"url\":\"https:\/\/www.leili-motor.net\/wp-content\/uploads\/2025\/03\/Leili-Motor.png\",\"contentUrl\":\"https:\/\/www.leili-motor.net\/wp-content\/uploads\/2025\/03\/Leili-Motor.png\",\"width\":600,\"height\":156,\"caption\":\"Leili Motor\"},\"image\":{\"@id\":\"https:\/\/www.leili-motor.net\/de\/#\/schema\/logo\/image\/\"}}]}<\/script>\n<!-- \/ Yoast SEO plugin. -->","yoast_head_json":{"title":"B\u00fcrstenloser Abflusspumpenmotor &#8211; Leili Motor","description":"Unser b\u00fcrstenloser Ablaufpumpenmotor sorgt f\u00fcr einen effizienten, ger\u00e4uscharmen Betrieb mit stabiler Leistung, ideal f\u00fcr Geschirrsp\u00fcler und Waschmaschinen und bietet einen zuverl\u00e4ssigen und energiesparenden Wasserablauf.","robots":{"index":"index","follow":"follow","max-snippet":"max-snippet:-1","max-image-preview":"max-image-preview:large","max-video-preview":"max-video-preview:-1"},"canonical":"https:\/\/www.leili-motor.net\/de\/buerstenloser-abflusspumpenmotor.html","schema":{"@context":"https:\/\/schema.org","@graph":[{"@type":"WebPage","@id":"https:\/\/www.leili-motor.net\/de\/buerstenloser-abflusspumpenmotor.html","url":"https:\/\/www.leili-motor.net\/de\/buerstenloser-abflusspumpenmotor.html","name":"B\u00fcrstenloser Abflusspumpenmotor &#8211; Leili Motor","isPartOf":{"@id":"https:\/\/www.leili-motor.net\/de\/#website"},"primaryImageOfPage":{"@id":"https:\/\/www.leili-motor.net\/de\/buerstenloser-abflusspumpenmotor.html#primaryimage"},"image":{"@id":"https:\/\/www.leili-motor.net\/de\/buerstenloser-abflusspumpenmotor.html#primaryimage"},"thumbnailUrl":"https:\/\/www.leili-motor.net\/wp-content\/uploads\/2025\/03\/Brushless-Drainage-Pump-Motor.webp","datePublished":"2025-03-11T07:09:43+00:00","description":"Unser b\u00fcrstenloser Ablaufpumpenmotor sorgt f\u00fcr einen effizienten, ger\u00e4uscharmen Betrieb mit stabiler Leistung, ideal f\u00fcr Geschirrsp\u00fcler und Waschmaschinen und bietet einen zuverl\u00e4ssigen und energiesparenden Wasserablauf.","breadcrumb":{"@id":"https:\/\/www.leili-motor.net\/de\/buerstenloser-abflusspumpenmotor.html#breadcrumb"},"inLanguage":"de","potentialAction":[{"@type":"ReadAction","target":["https:\/\/www.leili-motor.net\/de\/buerstenloser-abflusspumpenmotor.html"]}]},{"@type":"ImageObject","inLanguage":"de","@id":"https:\/\/www.leili-motor.net\/de\/buerstenloser-abflusspumpenmotor.html#primaryimage","url":"https:\/\/www.leili-motor.net\/wp-content\/uploads\/2025\/03\/Brushless-Drainage-Pump-Motor.webp","contentUrl":"https:\/\/www.leili-motor.net\/wp-content\/uploads\/2025\/03\/Brushless-Drainage-Pump-Motor.webp","width":454,"height":310,"caption":"B\u00fcrstenloser Entw\u00e4sserungspumpenmotor"},{"@type":"BreadcrumbList","@id":"https:\/\/www.leili-motor.net\/de\/buerstenloser-abflusspumpenmotor.html#breadcrumb","itemListElement":[{"@type":"ListItem","position":1,"name":"Home","item":"https:\/\/www.leili-motor.net\/de\/"},{"@type":"ListItem","position":2,"name":"Produkte","item":"https:\/\/www.leili-motor.net\/de\/produkte.html"},{"@type":"ListItem","position":3,"name":"B\u00fcrstenloser Abflusspumpenmotor"}]},{"@type":"WebSite","@id":"https:\/\/www.leili-motor.net\/de\/#website","url":"https:\/\/www.leili-motor.net\/de\/","name":"Leili Motor","description":"","publisher":{"@id":"https:\/\/www.leili-motor.net\/de\/#organization"},"potentialAction":[{"@type":"SearchAction","target":{"@type":"EntryPoint","urlTemplate":"https:\/\/www.leili-motor.net\/de\/?s={search_term_string}"},"query-input":{"@type":"PropertyValueSpecification","valueRequired":true,"valueName":"search_term_string"}}],"inLanguage":"de"},{"@type":"Organization","@id":"https:\/\/www.leili-motor.net\/de\/#organization","name":"Leili Motor","url":"https:\/\/www.leili-motor.net\/de\/","logo":{"@type":"ImageObject","inLanguage":"de","@id":"https:\/\/www.leili-motor.net\/de\/#\/schema\/logo\/image\/","url":"https:\/\/www.leili-motor.net\/wp-content\/uploads\/2025\/03\/Leili-Motor.png","contentUrl":"https:\/\/www.leili-motor.net\/wp-content\/uploads\/2025\/03\/Leili-Motor.png","width":600,"height":156,"caption":"Leili Motor"},"image":{"@id":"https:\/\/www.leili-motor.net\/de\/#\/schema\/logo\/image\/"}}]}},"_links":{"self":[{"href":"https:\/\/www.leili-motor.net\/de\/wp-json\/wp\/v2\/product\/8823","targetHints":{"allow":["GET"]}}],"collection":[{"href":"https:\/\/www.leili-motor.net\/de\/wp-json\/wp\/v2\/product"}],"about":[{"href":"https:\/\/www.leili-motor.net\/de\/wp-json\/wp\/v2\/types\/product"}],"replies":[{"embeddable":true,"href":"https:\/\/www.leili-motor.net\/de\/wp-json\/wp\/v2\/comments?post=8823"}],"wp:featuredmedia":[{"embeddable":true,"href":"https:\/\/www.leili-motor.net\/de\/wp-json\/wp\/v2\/media\/8824"}],"wp:attachment":[{"href":"https:\/\/www.leili-motor.net\/de\/wp-json\/wp\/v2\/media?parent=8823"}],"wp:term":[{"taxonomy":"product_brand","embeddable":true,"href":"https:\/\/www.leili-motor.net\/de\/wp-json\/wp\/v2\/product_brand?post=8823"},{"taxonomy":"product_cat","embeddable":true,"href":"https:\/\/www.leili-motor.net\/de\/wp-json\/wp\/v2\/product_cat?post=8823"},{"taxonomy":"product_tag","embeddable":true,"href":"https:\/\/www.leili-motor.net\/de\/wp-json\/wp\/v2\/product_tag?post=8823"}],"curies":[{"name":"wp","href":"https:\/\/api.w.org\/{rel}","templated":true}]}}