{"id":8840,"date":"2025-03-13T17:58:29","date_gmt":"2025-03-13T09:58:29","guid":{"rendered":"https:\/\/www.leili-motor.net\/zxyb-flacheisen-linearmotor-mit-kern\/"},"modified":"2025-03-13T17:58:29","modified_gmt":"2025-03-13T09:58:29","slug":"zxyb-flacheisen-linearmotor-mit-kern","status":"publish","type":"product","link":"https:\/\/www.leili-motor.net\/de\/zxyb-flacheisen-linearmotor-mit-kern.html","title":{"rendered":"ZXYB Flacheisen-Linearmotor mit Kern"},"content":{"rendered":"<h2>Produktparameter<\/h2>\n<table>\n<tbody>\n<tr>\n<td>Modell<\/td>\n<td>ZXYB60-01<\/td>\n<td>ZXYB60-02<\/td>\n<td>ZXYB80-01<\/td>\n<td>ZXYB80-02<\/td>\n<\/tr>\n<tr>\n<td>Spitzenschub (N)<\/td>\n<td>285<\/td>\n<td>524<\/td>\n<td>880<\/td>\n<td>1250<\/td>\n<\/tr>\n<tr>\n<td>Dauerschub (N)<\/td>\n<td>70<\/td>\n<td>131<\/td>\n<td>200<\/td>\n<td>365<\/td>\n<\/tr>\n<tr>\n<td>Motorkonstante (N\/ \u221a W)<\/td>\n<td>13.8<\/td>\n<td>17.4<\/td>\n<td>28.4<\/td>\n<td>40.6<\/td>\n<\/tr>\n<tr>\n<td>Spitzenstrom (A)<\/td>\n<td>9.5<\/td>\n<td>9.7<\/td>\n<td>10.1<\/td>\n<td>6.2<\/td>\n<\/tr>\n<tr>\n<td>Dauerstrom (A)<\/td>\n<td>2.7<\/td>\n<td>2.4<\/td>\n<td>2.2<\/td>\n<td>1.8<\/td>\n<\/tr>\n<tr>\n<td>Schubkonstante (N\/A)<\/td>\n<td>31.1<\/td>\n<td>54.1<\/td>\n<td>94.9<\/td>\n<td>207.8<\/td>\n<\/tr>\n<tr>\n<td>Zur\u00fcck Elektromotorische Kraft (V\/(m\/s)<\/td>\n<td>18<\/td>\n<td>31.2<\/td>\n<td>55.1<\/td>\n<td>120<\/td>\n<\/tr>\n<tr>\n<td>Widerstand (\u03a9) bei 25 \u00b0C (Ohm)<\/td>\n<td>3.4<\/td>\n<td>5.2<\/td>\n<td>7.5<\/td>\n<td>17.5<\/td>\n<\/tr>\n<tr>\n<td>Induktivit\u00e4t (mH)<\/td>\n<td>16.7<\/td>\n<td>34.5<\/td>\n<td>38<\/td>\n<td>160<\/td>\n<\/tr>\n<tr>\n<td>Elektrische Zeitkonstante (ms)<\/td>\n<td>4.9<\/td>\n<td>4.7<\/td>\n<td>5.1<\/td>\n<td>9.5<\/td>\n<\/tr>\n<tr>\n<td>Wicklungstemperatur (\u00b0 C)<\/td>\n<td>130<\/td>\n<td>130<\/td>\n<td>130<\/td>\n<td>130<\/td>\n<\/tr>\n<tr>\n<td>Gewicht des Mover (Spule) (kg)<\/td>\n<td>0.72<\/td>\n<td>1.3<\/td>\n<td>1.9<\/td>\n<td>4.3<\/td>\n<\/tr>\n<tr>\n<td>Schienengewicht (Magnetschiene) (kg\/m)<\/td>\n<td>3.6<\/td>\n<td>3.6<\/td>\n<td>6.4<\/td>\n<td>6.4<\/td>\n<\/tr>\n<tr>\n<td>Elektromagnetische Absaugung (N)<\/td>\n<td>630<\/td>\n<td>1050<\/td>\n<td>1800<\/td>\n<td>2600<\/td>\n<\/tr>\n<tr>\n<td>Einbauabstand (mm)<\/td>\n<td>0.85<\/td>\n<td>0.85<\/td>\n<td>0.9<\/td>\n<td>0.9<\/td>\n<\/tr>\n<tr>\n<td>Polare Distanz (mm)<\/td>\n<td>32<\/td>\n<td>32<\/td>\n<td>32<\/td>\n<td>32<\/td>\n<\/tr>\n<tr>\n<td>Stator-Standardl\u00e4nge (mm)<\/td>\n<td>128<\/td>\n<td>256<\/td>\n<td>128<\/td>\n<td>256<\/td>\n<\/tr>\n<tr>\n<td>Stator-Standardl\u00e4nge (mm)<\/td>\n<td>1060<\/td>\n<td>1060<\/td>\n<td>1280<\/td>\n<td>1280<\/td>\n<\/tr>\n<\/tbody>\n<\/table>\n<h2>Mechanische Abmessungen: mm<\/h2>\n<p><img fetchpriority=\"high\" decoding=\"async\" class=\"size-full wp-image-2893 aligncenter\" src=\"https:\/\/www.leili-motor.net\/wp-content\/uploads\/2025\/03\/Mechanical-Dimensions-for-Flat-iron-Linear-Motor-With-Core-ZXYB.webp\" alt=\"Mechanische Abmessungen f\u00fcr Flacheisen-Linearmotor mit Kern ZXYB\" width=\"759\" height=\"459\" srcset=\"https:\/\/www.leili-motor.net\/wp-content\/uploads\/2025\/03\/Mechanical-Dimensions-for-Flat-iron-Linear-Motor-With-Core-ZXYB.webp 759w, https:\/\/www.leili-motor.net\/wp-content\/uploads\/2025\/03\/Mechanical-Dimensions-for-Flat-iron-Linear-Motor-With-Core-ZXYB-300x181.webp 300w, https:\/\/www.leili-motor.net\/wp-content\/uploads\/2025\/03\/Mechanical-Dimensions-for-Flat-iron-Linear-Motor-With-Core-ZXYB-600x363.webp 600w\" sizes=\"(max-width: 759px) 100vw, 759px\" \/><\/p>\n","protected":false},"excerpt":{"rendered":"<h3>Produkteinf\u00fchrung<\/h3>\n<ul>\n<li>Flacheisen-Linearmotor mit Kern ZXYB<\/li>\n<li>Modell: ZXYB60-01, ZXYB60-02, ZXYB80-01, ZXYB80-02<\/li>\n<li>Polabstand: 32 mm, Optimierung des Abstands zwischen den Polen f\u00fcr einen effizienten Betrieb.<\/li>\n<li>Wicklungstemperatur: 130 \u00b0C, was auf eine hohe thermische Toleranz f\u00fcr eine l\u00e4ngere Lebensdauer des Motors hinweist.<\/li>\n<\/ul>\n<h3>Produktanwendung<\/h3>\n<ul>\n<li>Sportgesundheit: Medizinische Ger\u00e4te<\/li>\n<\/ul>\n","protected":false},"featured_media":8841,"comment_status":"open","ping_status":"closed","template":"","meta":{"site-sidebar-layout":"default","site-content-layout":"","ast-site-content-layout":"default","site-content-style":"default","site-sidebar-style":"default","ast-global-header-display":"","ast-banner-title-visibility":"","ast-main-header-display":"","ast-hfb-above-header-display":"","ast-hfb-below-header-display":"","ast-hfb-mobile-header-display":"","site-post-title":"","ast-breadcrumbs-content":"","ast-featured-img":"","footer-sml-layout":"","theme-transparent-header-meta":"default","adv-header-id-meta":"","stick-header-meta":"","header-above-stick-meta":"","header-main-stick-meta":"","header-below-stick-meta":"","astra-migrate-meta-layouts":"default","ast-page-background-enabled":"default","ast-page-background-meta":{"desktop":{"background-color":"var(--ast-global-color-5)","background-image":"","background-repeat":"repeat","background-position":"center center","background-size":"auto","background-attachment":"scroll","background-type":"","background-media":"","overlay-type":"","overlay-color":"","overlay-opacity":"","overlay-gradient":""},"tablet":{"background-color":"","background-image":"","background-repeat":"repeat","background-position":"center center","background-size":"auto","background-attachment":"scroll","background-type":"","background-media":"","overlay-type":"","overlay-color":"","overlay-opacity":"","overlay-gradient":""},"mobile":{"background-color":"","background-image":"","background-repeat":"repeat","background-position":"center center","background-size":"auto","background-attachment":"scroll","background-type":"","background-media":"","overlay-type":"","overlay-color":"","overlay-opacity":"","overlay-gradient":""}},"ast-content-background-meta":{"desktop":{"background-color":"var(--ast-global-color-4)","background-image":"","background-repeat":"repeat","background-position":"center center","background-size":"auto","background-attachment":"scroll","background-type":"","background-media":"","overlay-type":"","overlay-color":"","overlay-opacity":"","overlay-gradient":""},"tablet":{"background-color":"var(--ast-global-color-4)","background-image":"","background-repeat":"repeat","background-position":"center center","background-size":"auto","background-attachment":"scroll","background-type":"","background-media":"","overlay-type":"","overlay-color":"","overlay-opacity":"","overlay-gradient":""},"mobile":{"background-color":"var(--ast-global-color-4)","background-image":"","background-repeat":"repeat","background-position":"center center","background-size":"auto","background-attachment":"scroll","background-type":"","background-media":"","overlay-type":"","overlay-color":"","overlay-opacity":"","overlay-gradient":""}}},"product_brand":[],"product_cat":[1027,1028],"product_tag":[],"class_list":{"0":"post-8840","1":"product","2":"type-product","3":"status-publish","4":"has-post-thumbnail","6":"product_cat-komponenten","7":"product_cat-sport-und-fitnesskomponenten","8":"pa_application-sportgesundheit","9":"desktop-align-left","10":"tablet-align-left","11":"mobile-align-left","13":"first","14":"instock","15":"shipping-taxable","16":"product-type-simple"},"yoast_head":"<!-- This site is optimized with the Yoast SEO plugin v27.2 - https:\/\/yoast.com\/product\/yoast-seo-wordpress\/ -->\n<title>ZXYB Flacheisen-Linearmotor mit Kern &#8211; Leili Motor<\/title>\n<meta name=\"description\" content=\"Der Flacheisen-Linearmotor mit Kern-ZXYB-Stator hat eine Standardl\u00e4nge von 128 mm und bietet damit die erforderliche L\u00e4nge f\u00fcr eine ordnungsgem\u00e4\u00dfe Installation. F\u00fcr bestimmte Konfigurationen ist eine L\u00e4nge von 256 mm optional erh\u00e4ltlich.\" \/>\n<meta name=\"robots\" content=\"index, follow, max-snippet:-1, max-image-preview:large, max-video-preview:-1\" \/>\n<link rel=\"canonical\" href=\"https:\/\/www.leili-motor.net\/de\/zxyb-flacheisen-linearmotor-mit-kern.html\" \/>\n<script type=\"application\/ld+json\" class=\"yoast-schema-graph\">{\"@context\":\"https:\/\/schema.org\",\"@graph\":[{\"@type\":\"WebPage\",\"@id\":\"https:\/\/www.leili-motor.net\/de\/zxyb-flacheisen-linearmotor-mit-kern.html\",\"url\":\"https:\/\/www.leili-motor.net\/de\/zxyb-flacheisen-linearmotor-mit-kern.html\",\"name\":\"ZXYB Flacheisen-Linearmotor mit Kern &#8211; Leili Motor\",\"isPartOf\":{\"@id\":\"https:\/\/www.leili-motor.net\/de\/#website\"},\"primaryImageOfPage\":{\"@id\":\"https:\/\/www.leili-motor.net\/de\/zxyb-flacheisen-linearmotor-mit-kern.html#primaryimage\"},\"image\":{\"@id\":\"https:\/\/www.leili-motor.net\/de\/zxyb-flacheisen-linearmotor-mit-kern.html#primaryimage\"},\"thumbnailUrl\":\"https:\/\/www.leili-motor.net\/wp-content\/uploads\/2025\/03\/Flat-iron-Linear-Motor-With-Core-ZXYB.webp\",\"datePublished\":\"2025-03-13T09:58:29+00:00\",\"description\":\"Der Flacheisen-Linearmotor mit Kern-ZXYB-Stator hat eine Standardl\u00e4nge von 128 mm und bietet damit die erforderliche L\u00e4nge f\u00fcr eine ordnungsgem\u00e4\u00dfe Installation. F\u00fcr bestimmte Konfigurationen ist eine L\u00e4nge von 256 mm optional erh\u00e4ltlich.\",\"breadcrumb\":{\"@id\":\"https:\/\/www.leili-motor.net\/de\/zxyb-flacheisen-linearmotor-mit-kern.html#breadcrumb\"},\"inLanguage\":\"de\",\"potentialAction\":[{\"@type\":\"ReadAction\",\"target\":[\"https:\/\/www.leili-motor.net\/de\/zxyb-flacheisen-linearmotor-mit-kern.html\"]}]},{\"@type\":\"ImageObject\",\"inLanguage\":\"de\",\"@id\":\"https:\/\/www.leili-motor.net\/de\/zxyb-flacheisen-linearmotor-mit-kern.html#primaryimage\",\"url\":\"https:\/\/www.leili-motor.net\/wp-content\/uploads\/2025\/03\/Flat-iron-Linear-Motor-With-Core-ZXYB.webp\",\"contentUrl\":\"https:\/\/www.leili-motor.net\/wp-content\/uploads\/2025\/03\/Flat-iron-Linear-Motor-With-Core-ZXYB.webp\",\"width\":454,\"height\":310,\"caption\":\"Flacheisen-Linearmotor mit Kern ZXYB\"},{\"@type\":\"BreadcrumbList\",\"@id\":\"https:\/\/www.leili-motor.net\/de\/zxyb-flacheisen-linearmotor-mit-kern.html#breadcrumb\",\"itemListElement\":[{\"@type\":\"ListItem\",\"position\":1,\"name\":\"Home\",\"item\":\"https:\/\/www.leili-motor.net\/de\/\"},{\"@type\":\"ListItem\",\"position\":2,\"name\":\"Produkte\",\"item\":\"https:\/\/www.leili-motor.net\/de\/produkte.html\"},{\"@type\":\"ListItem\",\"position\":3,\"name\":\"ZXYB Flacheisen-Linearmotor mit Kern\"}]},{\"@type\":\"WebSite\",\"@id\":\"https:\/\/www.leili-motor.net\/de\/#website\",\"url\":\"https:\/\/www.leili-motor.net\/de\/\",\"name\":\"Leili Motor\",\"description\":\"\",\"publisher\":{\"@id\":\"https:\/\/www.leili-motor.net\/de\/#organization\"},\"potentialAction\":[{\"@type\":\"SearchAction\",\"target\":{\"@type\":\"EntryPoint\",\"urlTemplate\":\"https:\/\/www.leili-motor.net\/de\/?s={search_term_string}\"},\"query-input\":{\"@type\":\"PropertyValueSpecification\",\"valueRequired\":true,\"valueName\":\"search_term_string\"}}],\"inLanguage\":\"de\"},{\"@type\":\"Organization\",\"@id\":\"https:\/\/www.leili-motor.net\/de\/#organization\",\"name\":\"Leili Motor\",\"url\":\"https:\/\/www.leili-motor.net\/de\/\",\"logo\":{\"@type\":\"ImageObject\",\"inLanguage\":\"de\",\"@id\":\"https:\/\/www.leili-motor.net\/de\/#\/schema\/logo\/image\/\",\"url\":\"https:\/\/www.leili-motor.net\/wp-content\/uploads\/2025\/03\/Leili-Motor.png\",\"contentUrl\":\"https:\/\/www.leili-motor.net\/wp-content\/uploads\/2025\/03\/Leili-Motor.png\",\"width\":600,\"height\":156,\"caption\":\"Leili Motor\"},\"image\":{\"@id\":\"https:\/\/www.leili-motor.net\/de\/#\/schema\/logo\/image\/\"}}]}<\/script>\n<!-- \/ Yoast SEO plugin. -->","yoast_head_json":{"title":"ZXYB Flacheisen-Linearmotor mit Kern &#8211; Leili Motor","description":"Der Flacheisen-Linearmotor mit Kern-ZXYB-Stator hat eine Standardl\u00e4nge von 128 mm und bietet damit die erforderliche L\u00e4nge f\u00fcr eine ordnungsgem\u00e4\u00dfe Installation. F\u00fcr bestimmte Konfigurationen ist eine L\u00e4nge von 256 mm optional erh\u00e4ltlich.","robots":{"index":"index","follow":"follow","max-snippet":"max-snippet:-1","max-image-preview":"max-image-preview:large","max-video-preview":"max-video-preview:-1"},"canonical":"https:\/\/www.leili-motor.net\/de\/zxyb-flacheisen-linearmotor-mit-kern.html","schema":{"@context":"https:\/\/schema.org","@graph":[{"@type":"WebPage","@id":"https:\/\/www.leili-motor.net\/de\/zxyb-flacheisen-linearmotor-mit-kern.html","url":"https:\/\/www.leili-motor.net\/de\/zxyb-flacheisen-linearmotor-mit-kern.html","name":"ZXYB Flacheisen-Linearmotor mit Kern &#8211; Leili Motor","isPartOf":{"@id":"https:\/\/www.leili-motor.net\/de\/#website"},"primaryImageOfPage":{"@id":"https:\/\/www.leili-motor.net\/de\/zxyb-flacheisen-linearmotor-mit-kern.html#primaryimage"},"image":{"@id":"https:\/\/www.leili-motor.net\/de\/zxyb-flacheisen-linearmotor-mit-kern.html#primaryimage"},"thumbnailUrl":"https:\/\/www.leili-motor.net\/wp-content\/uploads\/2025\/03\/Flat-iron-Linear-Motor-With-Core-ZXYB.webp","datePublished":"2025-03-13T09:58:29+00:00","description":"Der Flacheisen-Linearmotor mit Kern-ZXYB-Stator hat eine Standardl\u00e4nge von 128 mm und bietet damit die erforderliche L\u00e4nge f\u00fcr eine ordnungsgem\u00e4\u00dfe Installation. F\u00fcr bestimmte Konfigurationen ist eine L\u00e4nge von 256 mm optional erh\u00e4ltlich.","breadcrumb":{"@id":"https:\/\/www.leili-motor.net\/de\/zxyb-flacheisen-linearmotor-mit-kern.html#breadcrumb"},"inLanguage":"de","potentialAction":[{"@type":"ReadAction","target":["https:\/\/www.leili-motor.net\/de\/zxyb-flacheisen-linearmotor-mit-kern.html"]}]},{"@type":"ImageObject","inLanguage":"de","@id":"https:\/\/www.leili-motor.net\/de\/zxyb-flacheisen-linearmotor-mit-kern.html#primaryimage","url":"https:\/\/www.leili-motor.net\/wp-content\/uploads\/2025\/03\/Flat-iron-Linear-Motor-With-Core-ZXYB.webp","contentUrl":"https:\/\/www.leili-motor.net\/wp-content\/uploads\/2025\/03\/Flat-iron-Linear-Motor-With-Core-ZXYB.webp","width":454,"height":310,"caption":"Flacheisen-Linearmotor mit Kern ZXYB"},{"@type":"BreadcrumbList","@id":"https:\/\/www.leili-motor.net\/de\/zxyb-flacheisen-linearmotor-mit-kern.html#breadcrumb","itemListElement":[{"@type":"ListItem","position":1,"name":"Home","item":"https:\/\/www.leili-motor.net\/de\/"},{"@type":"ListItem","position":2,"name":"Produkte","item":"https:\/\/www.leili-motor.net\/de\/produkte.html"},{"@type":"ListItem","position":3,"name":"ZXYB Flacheisen-Linearmotor mit Kern"}]},{"@type":"WebSite","@id":"https:\/\/www.leili-motor.net\/de\/#website","url":"https:\/\/www.leili-motor.net\/de\/","name":"Leili Motor","description":"","publisher":{"@id":"https:\/\/www.leili-motor.net\/de\/#organization"},"potentialAction":[{"@type":"SearchAction","target":{"@type":"EntryPoint","urlTemplate":"https:\/\/www.leili-motor.net\/de\/?s={search_term_string}"},"query-input":{"@type":"PropertyValueSpecification","valueRequired":true,"valueName":"search_term_string"}}],"inLanguage":"de"},{"@type":"Organization","@id":"https:\/\/www.leili-motor.net\/de\/#organization","name":"Leili Motor","url":"https:\/\/www.leili-motor.net\/de\/","logo":{"@type":"ImageObject","inLanguage":"de","@id":"https:\/\/www.leili-motor.net\/de\/#\/schema\/logo\/image\/","url":"https:\/\/www.leili-motor.net\/wp-content\/uploads\/2025\/03\/Leili-Motor.png","contentUrl":"https:\/\/www.leili-motor.net\/wp-content\/uploads\/2025\/03\/Leili-Motor.png","width":600,"height":156,"caption":"Leili Motor"},"image":{"@id":"https:\/\/www.leili-motor.net\/de\/#\/schema\/logo\/image\/"}}]}},"_links":{"self":[{"href":"https:\/\/www.leili-motor.net\/de\/wp-json\/wp\/v2\/product\/8840","targetHints":{"allow":["GET"]}}],"collection":[{"href":"https:\/\/www.leili-motor.net\/de\/wp-json\/wp\/v2\/product"}],"about":[{"href":"https:\/\/www.leili-motor.net\/de\/wp-json\/wp\/v2\/types\/product"}],"replies":[{"embeddable":true,"href":"https:\/\/www.leili-motor.net\/de\/wp-json\/wp\/v2\/comments?post=8840"}],"wp:featuredmedia":[{"embeddable":true,"href":"https:\/\/www.leili-motor.net\/de\/wp-json\/wp\/v2\/media\/8841"}],"wp:attachment":[{"href":"https:\/\/www.leili-motor.net\/de\/wp-json\/wp\/v2\/media?parent=8840"}],"wp:term":[{"taxonomy":"product_brand","embeddable":true,"href":"https:\/\/www.leili-motor.net\/de\/wp-json\/wp\/v2\/product_brand?post=8840"},{"taxonomy":"product_cat","embeddable":true,"href":"https:\/\/www.leili-motor.net\/de\/wp-json\/wp\/v2\/product_cat?post=8840"},{"taxonomy":"product_tag","embeddable":true,"href":"https:\/\/www.leili-motor.net\/de\/wp-json\/wp\/v2\/product_tag?post=8840"}],"curies":[{"name":"wp","href":"https:\/\/api.w.org\/{rel}","templated":true}]}}