{"id":8854,"date":"2025-03-13T17:29:35","date_gmt":"2025-03-13T09:29:35","guid":{"rendered":"https:\/\/www.leili-motor.net\/buerstenloser-gleichstrom-laufbandmotor\/"},"modified":"2025-03-13T17:29:35","modified_gmt":"2025-03-13T09:29:35","slug":"buerstenloser-gleichstrom-laufbandmotor","status":"publish","type":"product","link":"https:\/\/www.leili-motor.net\/de\/buerstenloser-gleichstrom-laufbandmotor.html","title":{"rendered":"B\u00fcrstenloser Gleichstrom-Laufbandmotor"},"content":{"rendered":"<h2>Produktparameter<\/h2>\n<table>\n<tbody>\n<tr>\n<td>Motortyp<\/td>\n<td>BLDC<\/td>\n<\/tr>\n<tr>\n<td>Nennleistung (kW)<\/td>\n<td>3<\/td>\n<\/tr>\n<tr>\n<td>Nennspannung (V)<\/td>\n<td>130<\/td>\n<\/tr>\n<tr>\n<td>Nenndrehzahl (U\/min)<\/td>\n<td>3800<\/td>\n<\/tr>\n<tr>\n<td>Nenndrehmoment (N\u00b7m)<\/td>\n<td>6.4<\/td>\n<\/tr>\n<tr>\n<td>Nennstrom (A)<\/td>\n<td>25<\/td>\n<\/tr>\n<tr>\n<td>Rotortr\u00e4gheit (kgcm\u00b2)<\/td>\n<td>4.13\u00d710-4<\/td>\n<\/tr>\n<tr>\n<td>Wicklungswiderstand (zwischen den Leitungen) (m\u03a9)<\/td>\n<td>94<\/td>\n<\/tr>\n<tr>\n<td>Wicklung (zwischen den Leitungen) Induktivit\u00e4t (Mh)<\/td>\n<td>0.83<\/td>\n<\/tr>\n<tr>\n<td>Gegenelektromotorische Kraft<\/td>\n<td>19.6<\/td>\n<\/tr>\n<tr>\n<td>Anzahl der Pole<\/td>\n<td>10<\/td>\n<\/tr>\n<tr>\n<td>Gewicht (kg)<\/td>\n<td>6.2<\/td>\n<\/tr>\n<tr>\n<td>Motorisolationspegel<\/td>\n<td>F<\/td>\n<\/tr>\n<tr>\n<td>Schutzklasse<\/td>\n<td>IP54<\/td>\n<\/tr>\n<tr>\n<td rowspan=\"3\">Nutzungsumgebung<\/td>\n<td>Umgebungstemperatur: -20 \u00b0C \uff5e +50 \u00b0C<\/td>\n<\/tr>\n<tr>\n<td>Umgebungsfeuchtigkeit: \uff1c 90\uff05<\/td>\n<\/tr>\n<tr>\n<td>(Keine Frostbedingungen)<\/td>\n<\/tr>\n<tr>\n<td>Name<\/td>\n<td>B\u00fcrstenloser Gleichstrommotor-Controller f\u00fcr Laufb\u00e4nder<\/td>\n<\/tr>\n<tr>\n<td>Verwendung<\/td>\n<td>B\u00fcrstenloser Gleichstrommotor mit einer Steuerleistung von 3\u20135 kW unter pulsierender Belastung<\/td>\n<\/tr>\n<tr>\n<td>Eingangsleistung<\/td>\n<td>AC110V\u00b120% 50\/60Hz<\/td>\n<\/tr>\n<tr>\n<td>Angepasste Motorspezifikationen<\/td>\n<td>4,25 PS BLDC-Motor<\/td>\n<\/tr>\n<tr>\n<td>Eingangsstrom<\/td>\n<td>20 A (Effektivwert)<\/td>\n<\/tr>\n<tr>\n<td>Ausgangsleistung<\/td>\n<td>3000 W<\/td>\n<\/tr>\n<tr>\n<td>Auffahrt<\/td>\n<td>180-Grad-Sinuswellenantrieb, Vektor-Frequenzregelung<\/td>\n<\/tr>\n<tr>\n<td>Pr\u00e4zise Geschwindigkeitsregelung<\/td>\n<td>10 bis 20 U\/min<\/td>\n<\/tr>\n<tr>\n<td>Elektronische Bremse<\/td>\n<td>Ja, Schnellbremstechnologie mit negativem Drehmoment<\/td>\n<\/tr>\n<tr>\n<td>Schaltungsschutz<\/td>\n<td>Automatischer Schutz vor \u00dcberspannung, \u00dcberstrom und \u00dcbertemperatur, Hardware-Logikverriegelung<\/td>\n<\/tr>\n<tr>\n<td>Softwareebene<\/td>\n<td>B<\/td>\n<\/tr>\n<tr>\n<td>Leistungsaufnahme<\/td>\n<td>Leistungsaufnahme im Standby-Modus&lt;5W<\/td>\n<\/tr>\n<tr>\n<td>Sicherheitszertifikat<\/td>\n<td>EN60335, EN60730<\/td>\n<\/tr>\n<tr>\n<td rowspan=\"9\">Elektromagnetische Vertr\u00e4glichkeit<\/td>\n<td>GB 4343.1-2003<\/td>\n<\/tr>\n<tr>\n<td>GB 17625.1-2003<\/td>\n<\/tr>\n<tr>\n<td>GB 17625.2-2003<\/td>\n<\/tr>\n<tr>\n<td>GB\/T 17625.2-2006<\/td>\n<\/tr>\n<tr>\n<td>GB\/T 17625.3-2006<\/td>\n<\/tr>\n<tr>\n<td>GB\/T 17625.4-2008<\/td>\n<\/tr>\n<tr>\n<td>GB\/T 17625.5-2008<\/td>\n<\/tr>\n<tr>\n<td>GB\/T 17625.11-2008<\/td>\n<\/tr>\n<tr>\n<td>GB\/T 17625.28-2008<\/td>\n<\/tr>\n<\/tbody>\n<\/table>\n<h2>Technische Eigenschaften und Vorteile<\/h2>\n<p>1. Extrem hoher Drehmomentstart. H\u00e4lt einem maximalen Gewicht von 150 kg stand. Stellen Sie sich auf ein Laufband und starten Sie sanft.<br \/>\n2. Super sanfte Geschwindigkeitsregelung. Auch bei pulsierender Belastung l\u00e4sst sich die Motordrehzahl gleichm\u00e4\u00dfig regeln, wodurch das Laufband ruhig l\u00e4uft und der Komfort erh\u00f6ht wird.<br \/>\n3. Umfassende Schutzfunktionen. Durch die einzigartige Steuerungstechnologie ger\u00e4t der Motor nicht aus dem Tritt, die Drehzahl wird jedoch nicht \u00fcberschritten, um maximale Sicherheit zu gew\u00e4hrleisten.    <\/p>\n","protected":false},"excerpt":{"rendered":"<h3>Produkteinf\u00fchrung<\/h3>\n<ul>\n<li>B\u00fcrstenloser Gleichstrom-Laufbandmotor<\/li>\n<li>Nennspannung: 130 V, kompatibel mit typischen Laufband-Stromversorgungen.<\/li>\n<li>Nenndrehzahl: 3800 U\/min, bietet eine hohe Rotationsgeschwindigkeit f\u00fcr eine effiziente Motorleistung.<\/li>\n<li>Nenndrehmoment: 6,4 N\u00b7m, liefert das erforderliche Drehmoment zum Antrieb des Laufbandes.<\/li>\n<\/ul>\n<h3>Produktanwendung<\/h3>\n<ul>\n<li>Sportgesundheit: Laufband<\/li>\n<\/ul>\n","protected":false},"featured_media":8855,"comment_status":"open","ping_status":"closed","template":"","meta":{"site-sidebar-layout":"default","site-content-layout":"","ast-site-content-layout":"default","site-content-style":"default","site-sidebar-style":"default","ast-global-header-display":"","ast-banner-title-visibility":"","ast-main-header-display":"","ast-hfb-above-header-display":"","ast-hfb-below-header-display":"","ast-hfb-mobile-header-display":"","site-post-title":"","ast-breadcrumbs-content":"","ast-featured-img":"","footer-sml-layout":"","theme-transparent-header-meta":"default","adv-header-id-meta":"","stick-header-meta":"","header-above-stick-meta":"","header-main-stick-meta":"","header-below-stick-meta":"","astra-migrate-meta-layouts":"default","ast-page-background-enabled":"default","ast-page-background-meta":{"desktop":{"background-color":"var(--ast-global-color-5)","background-image":"","background-repeat":"repeat","background-position":"center center","background-size":"auto","background-attachment":"scroll","background-type":"","background-media":"","overlay-type":"","overlay-color":"","overlay-opacity":"","overlay-gradient":""},"tablet":{"background-color":"","background-image":"","background-repeat":"repeat","background-position":"center center","background-size":"auto","background-attachment":"scroll","background-type":"","background-media":"","overlay-type":"","overlay-color":"","overlay-opacity":"","overlay-gradient":""},"mobile":{"background-color":"","background-image":"","background-repeat":"repeat","background-position":"center center","background-size":"auto","background-attachment":"scroll","background-type":"","background-media":"","overlay-type":"","overlay-color":"","overlay-opacity":"","overlay-gradient":""}},"ast-content-background-meta":{"desktop":{"background-color":"var(--ast-global-color-4)","background-image":"","background-repeat":"repeat","background-position":"center center","background-size":"auto","background-attachment":"scroll","background-type":"","background-media":"","overlay-type":"","overlay-color":"","overlay-opacity":"","overlay-gradient":""},"tablet":{"background-color":"var(--ast-global-color-4)","background-image":"","background-repeat":"repeat","background-position":"center center","background-size":"auto","background-attachment":"scroll","background-type":"","background-media":"","overlay-type":"","overlay-color":"","overlay-opacity":"","overlay-gradient":""},"mobile":{"background-color":"var(--ast-global-color-4)","background-image":"","background-repeat":"repeat","background-position":"center center","background-size":"auto","background-attachment":"scroll","background-type":"","background-media":"","overlay-type":"","overlay-color":"","overlay-opacity":"","overlay-gradient":""}}},"product_brand":[],"product_cat":[1027,1028],"product_tag":[1030],"class_list":{"0":"post-8854","1":"product","2":"type-product","3":"status-publish","4":"has-post-thumbnail","6":"product_cat-komponenten","7":"product_cat-sport-und-fitnesskomponenten","8":"product_tag-sportgerate-losung","9":"pa_application-sportgesundheit","10":"desktop-align-left","11":"tablet-align-left","12":"mobile-align-left","14":"first","15":"instock","16":"shipping-taxable","17":"product-type-simple"},"yoast_head":"<!-- This site is optimized with the Yoast SEO plugin v27.2 - https:\/\/yoast.com\/product\/yoast-seo-wordpress\/ -->\n<title>B\u00fcrstenloser Gleichstrom-Laufbandmotor &#8211; Leili Motor<\/title>\n<meta name=\"description\" content=\"Die b\u00fcrstenlose Gleichstrom-Laufbandmotorbaugruppe verf\u00fcgt \u00fcber eine Wicklungsinduktivit\u00e4t von 0,83 mH, wodurch eine effiziente Energie\u00fcbertragung w\u00e4hrend des Betriebs gew\u00e4hrleistet wird.\" \/>\n<meta name=\"robots\" content=\"index, follow, max-snippet:-1, max-image-preview:large, max-video-preview:-1\" \/>\n<link rel=\"canonical\" href=\"https:\/\/www.leili-motor.net\/de\/buerstenloser-gleichstrom-laufbandmotor.html\" \/>\n<meta name=\"twitter:label1\" content=\"Gesch\u00e4tzte Lesezeit\" \/>\n\t<meta name=\"twitter:data1\" content=\"1\u00a0Minute\" \/>\n<script type=\"application\/ld+json\" class=\"yoast-schema-graph\">{\"@context\":\"https:\/\/schema.org\",\"@graph\":[{\"@type\":\"WebPage\",\"@id\":\"https:\/\/www.leili-motor.net\/de\/buerstenloser-gleichstrom-laufbandmotor.html\",\"url\":\"https:\/\/www.leili-motor.net\/de\/buerstenloser-gleichstrom-laufbandmotor.html\",\"name\":\"B\u00fcrstenloser Gleichstrom-Laufbandmotor &#8211; Leili Motor\",\"isPartOf\":{\"@id\":\"https:\/\/www.leili-motor.net\/de\/#website\"},\"primaryImageOfPage\":{\"@id\":\"https:\/\/www.leili-motor.net\/de\/buerstenloser-gleichstrom-laufbandmotor.html#primaryimage\"},\"image\":{\"@id\":\"https:\/\/www.leili-motor.net\/de\/buerstenloser-gleichstrom-laufbandmotor.html#primaryimage\"},\"thumbnailUrl\":\"https:\/\/www.leili-motor.net\/wp-content\/uploads\/2025\/03\/DC-Brushless-Treadmill-Motor-Assembly.webp\",\"datePublished\":\"2025-03-13T09:29:35+00:00\",\"description\":\"Die b\u00fcrstenlose Gleichstrom-Laufbandmotorbaugruppe verf\u00fcgt \u00fcber eine Wicklungsinduktivit\u00e4t von 0,83 mH, wodurch eine effiziente Energie\u00fcbertragung w\u00e4hrend des Betriebs gew\u00e4hrleistet wird.\",\"breadcrumb\":{\"@id\":\"https:\/\/www.leili-motor.net\/de\/buerstenloser-gleichstrom-laufbandmotor.html#breadcrumb\"},\"inLanguage\":\"de\",\"potentialAction\":[{\"@type\":\"ReadAction\",\"target\":[\"https:\/\/www.leili-motor.net\/de\/buerstenloser-gleichstrom-laufbandmotor.html\"]}]},{\"@type\":\"ImageObject\",\"inLanguage\":\"de\",\"@id\":\"https:\/\/www.leili-motor.net\/de\/buerstenloser-gleichstrom-laufbandmotor.html#primaryimage\",\"url\":\"https:\/\/www.leili-motor.net\/wp-content\/uploads\/2025\/03\/DC-Brushless-Treadmill-Motor-Assembly.webp\",\"contentUrl\":\"https:\/\/www.leili-motor.net\/wp-content\/uploads\/2025\/03\/DC-Brushless-Treadmill-Motor-Assembly.webp\",\"width\":454,\"height\":310,\"caption\":\"B\u00fcrstenloser Gleichstrom-Laufbandmotor\"},{\"@type\":\"BreadcrumbList\",\"@id\":\"https:\/\/www.leili-motor.net\/de\/buerstenloser-gleichstrom-laufbandmotor.html#breadcrumb\",\"itemListElement\":[{\"@type\":\"ListItem\",\"position\":1,\"name\":\"Home\",\"item\":\"https:\/\/www.leili-motor.net\/de\/\"},{\"@type\":\"ListItem\",\"position\":2,\"name\":\"Produkte\",\"item\":\"https:\/\/www.leili-motor.net\/de\/produkte.html\"},{\"@type\":\"ListItem\",\"position\":3,\"name\":\"B\u00fcrstenloser Gleichstrom-Laufbandmotor\"}]},{\"@type\":\"WebSite\",\"@id\":\"https:\/\/www.leili-motor.net\/de\/#website\",\"url\":\"https:\/\/www.leili-motor.net\/de\/\",\"name\":\"Leili Motor\",\"description\":\"\",\"publisher\":{\"@id\":\"https:\/\/www.leili-motor.net\/de\/#organization\"},\"potentialAction\":[{\"@type\":\"SearchAction\",\"target\":{\"@type\":\"EntryPoint\",\"urlTemplate\":\"https:\/\/www.leili-motor.net\/de\/?s={search_term_string}\"},\"query-input\":{\"@type\":\"PropertyValueSpecification\",\"valueRequired\":true,\"valueName\":\"search_term_string\"}}],\"inLanguage\":\"de\"},{\"@type\":\"Organization\",\"@id\":\"https:\/\/www.leili-motor.net\/de\/#organization\",\"name\":\"Leili Motor\",\"url\":\"https:\/\/www.leili-motor.net\/de\/\",\"logo\":{\"@type\":\"ImageObject\",\"inLanguage\":\"de\",\"@id\":\"https:\/\/www.leili-motor.net\/de\/#\/schema\/logo\/image\/\",\"url\":\"https:\/\/www.leili-motor.net\/wp-content\/uploads\/2025\/03\/Leili-Motor.png\",\"contentUrl\":\"https:\/\/www.leili-motor.net\/wp-content\/uploads\/2025\/03\/Leili-Motor.png\",\"width\":600,\"height\":156,\"caption\":\"Leili Motor\"},\"image\":{\"@id\":\"https:\/\/www.leili-motor.net\/de\/#\/schema\/logo\/image\/\"}}]}<\/script>\n<!-- \/ Yoast SEO plugin. -->","yoast_head_json":{"title":"B\u00fcrstenloser Gleichstrom-Laufbandmotor &#8211; Leili Motor","description":"Die b\u00fcrstenlose Gleichstrom-Laufbandmotorbaugruppe verf\u00fcgt \u00fcber eine Wicklungsinduktivit\u00e4t von 0,83 mH, wodurch eine effiziente Energie\u00fcbertragung w\u00e4hrend des Betriebs gew\u00e4hrleistet wird.","robots":{"index":"index","follow":"follow","max-snippet":"max-snippet:-1","max-image-preview":"max-image-preview:large","max-video-preview":"max-video-preview:-1"},"canonical":"https:\/\/www.leili-motor.net\/de\/buerstenloser-gleichstrom-laufbandmotor.html","twitter_misc":{"Gesch\u00e4tzte Lesezeit":"1\u00a0Minute"},"schema":{"@context":"https:\/\/schema.org","@graph":[{"@type":"WebPage","@id":"https:\/\/www.leili-motor.net\/de\/buerstenloser-gleichstrom-laufbandmotor.html","url":"https:\/\/www.leili-motor.net\/de\/buerstenloser-gleichstrom-laufbandmotor.html","name":"B\u00fcrstenloser Gleichstrom-Laufbandmotor &#8211; Leili Motor","isPartOf":{"@id":"https:\/\/www.leili-motor.net\/de\/#website"},"primaryImageOfPage":{"@id":"https:\/\/www.leili-motor.net\/de\/buerstenloser-gleichstrom-laufbandmotor.html#primaryimage"},"image":{"@id":"https:\/\/www.leili-motor.net\/de\/buerstenloser-gleichstrom-laufbandmotor.html#primaryimage"},"thumbnailUrl":"https:\/\/www.leili-motor.net\/wp-content\/uploads\/2025\/03\/DC-Brushless-Treadmill-Motor-Assembly.webp","datePublished":"2025-03-13T09:29:35+00:00","description":"Die b\u00fcrstenlose Gleichstrom-Laufbandmotorbaugruppe verf\u00fcgt \u00fcber eine Wicklungsinduktivit\u00e4t von 0,83 mH, wodurch eine effiziente Energie\u00fcbertragung w\u00e4hrend des Betriebs gew\u00e4hrleistet wird.","breadcrumb":{"@id":"https:\/\/www.leili-motor.net\/de\/buerstenloser-gleichstrom-laufbandmotor.html#breadcrumb"},"inLanguage":"de","potentialAction":[{"@type":"ReadAction","target":["https:\/\/www.leili-motor.net\/de\/buerstenloser-gleichstrom-laufbandmotor.html"]}]},{"@type":"ImageObject","inLanguage":"de","@id":"https:\/\/www.leili-motor.net\/de\/buerstenloser-gleichstrom-laufbandmotor.html#primaryimage","url":"https:\/\/www.leili-motor.net\/wp-content\/uploads\/2025\/03\/DC-Brushless-Treadmill-Motor-Assembly.webp","contentUrl":"https:\/\/www.leili-motor.net\/wp-content\/uploads\/2025\/03\/DC-Brushless-Treadmill-Motor-Assembly.webp","width":454,"height":310,"caption":"B\u00fcrstenloser Gleichstrom-Laufbandmotor"},{"@type":"BreadcrumbList","@id":"https:\/\/www.leili-motor.net\/de\/buerstenloser-gleichstrom-laufbandmotor.html#breadcrumb","itemListElement":[{"@type":"ListItem","position":1,"name":"Home","item":"https:\/\/www.leili-motor.net\/de\/"},{"@type":"ListItem","position":2,"name":"Produkte","item":"https:\/\/www.leili-motor.net\/de\/produkte.html"},{"@type":"ListItem","position":3,"name":"B\u00fcrstenloser Gleichstrom-Laufbandmotor"}]},{"@type":"WebSite","@id":"https:\/\/www.leili-motor.net\/de\/#website","url":"https:\/\/www.leili-motor.net\/de\/","name":"Leili Motor","description":"","publisher":{"@id":"https:\/\/www.leili-motor.net\/de\/#organization"},"potentialAction":[{"@type":"SearchAction","target":{"@type":"EntryPoint","urlTemplate":"https:\/\/www.leili-motor.net\/de\/?s={search_term_string}"},"query-input":{"@type":"PropertyValueSpecification","valueRequired":true,"valueName":"search_term_string"}}],"inLanguage":"de"},{"@type":"Organization","@id":"https:\/\/www.leili-motor.net\/de\/#organization","name":"Leili Motor","url":"https:\/\/www.leili-motor.net\/de\/","logo":{"@type":"ImageObject","inLanguage":"de","@id":"https:\/\/www.leili-motor.net\/de\/#\/schema\/logo\/image\/","url":"https:\/\/www.leili-motor.net\/wp-content\/uploads\/2025\/03\/Leili-Motor.png","contentUrl":"https:\/\/www.leili-motor.net\/wp-content\/uploads\/2025\/03\/Leili-Motor.png","width":600,"height":156,"caption":"Leili Motor"},"image":{"@id":"https:\/\/www.leili-motor.net\/de\/#\/schema\/logo\/image\/"}}]}},"_links":{"self":[{"href":"https:\/\/www.leili-motor.net\/de\/wp-json\/wp\/v2\/product\/8854","targetHints":{"allow":["GET"]}}],"collection":[{"href":"https:\/\/www.leili-motor.net\/de\/wp-json\/wp\/v2\/product"}],"about":[{"href":"https:\/\/www.leili-motor.net\/de\/wp-json\/wp\/v2\/types\/product"}],"replies":[{"embeddable":true,"href":"https:\/\/www.leili-motor.net\/de\/wp-json\/wp\/v2\/comments?post=8854"}],"wp:featuredmedia":[{"embeddable":true,"href":"https:\/\/www.leili-motor.net\/de\/wp-json\/wp\/v2\/media\/8855"}],"wp:attachment":[{"href":"https:\/\/www.leili-motor.net\/de\/wp-json\/wp\/v2\/media?parent=8854"}],"wp:term":[{"taxonomy":"product_brand","embeddable":true,"href":"https:\/\/www.leili-motor.net\/de\/wp-json\/wp\/v2\/product_brand?post=8854"},{"taxonomy":"product_cat","embeddable":true,"href":"https:\/\/www.leili-motor.net\/de\/wp-json\/wp\/v2\/product_cat?post=8854"},{"taxonomy":"product_tag","embeddable":true,"href":"https:\/\/www.leili-motor.net\/de\/wp-json\/wp\/v2\/product_tag?post=8854"}],"curies":[{"name":"wp","href":"https:\/\/api.w.org\/{rel}","templated":true}]}}