{"id":8862,"date":"2025-03-13T15:50:00","date_gmt":"2025-03-13T07:50:00","guid":{"rendered":"https:\/\/www.leili-motor.net\/bsjj1-1-smart-furniture-solution-linearantriebsmotor\/"},"modified":"2025-03-13T15:50:00","modified_gmt":"2025-03-13T07:50:00","slug":"bsjj1-1-smart-furniture-solution-linearantriebsmotor","status":"publish","type":"product","link":"https:\/\/www.leili-motor.net\/de\/bsjj1-1-smart-furniture-solution-linearantriebsmotor.html","title":{"rendered":"BSJJ1-1 Smart Furniture Solution Linearantriebsmotor"},"content":{"rendered":"<h2>Produktparameter<\/h2>\n<table style=\"border-collapse: collapse; width: 750.77pt;\" border=\"0\" width=\"1001\" cellspacing=\"0\" cellpadding=\"0\">\n<tbody>\n<tr style=\"height: 13.50pt;\">\n<td style=\"height: 13.50pt; width: 54.00pt;\" width=\"72\" height=\"18\">Motormodell<\/td>\n<td style=\"width: 135.75pt;\" width=\"181\">Thrust<br \/>\n(N)<\/td>\n<td style=\"width: 149.25pt;\" width=\"199\">Lastgeschwindigkeit<br \/>\n(mm\/s)<\/td>\n<td style=\"width: 174.00pt;\" width=\"232\">Stromst\u00e4rke<br \/>\n(A)<\/td>\n<td style=\"width: 75.75pt;\" width=\"101\">Stromspannung<br \/>\n(V)<\/td>\n<td style=\"width: 54.00pt;\" width=\"72\">Hub<br \/>\n(mm)<\/td>\n<td style=\"width: 54.00pt;\" width=\"72\">Hub<br \/>\n(mm)<\/td>\n<td style=\"width: 54.00pt;\" width=\"72\">Schutzklasse<\/td>\n<\/tr>\n<tr style=\"height: 13.50pt;\">\n<td style=\"height: 13.50pt;\" height=\"18\">BSJJ1-1<\/td>\n<td align=\"right\">130<\/td>\n<td>5-50<\/td>\n<td align=\"right\">0.84<\/td>\n<td align=\"right\">24<\/td>\n<td align=\"right\">90<\/td>\n<td align=\"right\">65<\/td>\n<td>IP42<\/td>\n<\/tr>\n<\/tbody>\n<\/table>\n<h2>Mechanische Abmessungen: mm<\/h2>\n<p><img loading=\"lazy\" decoding=\"async\" loading=\"lazy\" class=\"size-full wp-image-2804 aligncenter\" src=\"https:\/\/www.leili-motor.net\/wp-content\/uploads\/2025\/03\/Mechanical-Dimensions-of-BSJJ1-1-Smart-Furniture-Solution-Linear-Actuator-Motor.webp\" alt=\"Mechanische Abmessungen des Linearantriebsmotors BSJJ1-1 Smart Furniture Solution\" width=\"759\" height=\"459\" srcset=\"https:\/\/www.leili-motor.net\/wp-content\/uploads\/2025\/03\/Mechanical-Dimensions-of-BSJJ1-1-Smart-Furniture-Solution-Linear-Actuator-Motor.webp 759w, https:\/\/www.leili-motor.net\/wp-content\/uploads\/2025\/03\/Mechanical-Dimensions-of-BSJJ1-1-Smart-Furniture-Solution-Linear-Actuator-Motor-300x181.webp 300w, https:\/\/www.leili-motor.net\/wp-content\/uploads\/2025\/03\/Mechanical-Dimensions-of-BSJJ1-1-Smart-Furniture-Solution-Linear-Actuator-Motor-600x363.webp 600w\" sizes=\"auto, (max-width: 759px) 100vw, 759px\" \/><\/p>\n","protected":false},"excerpt":{"rendered":"<h3>Produkteinf\u00fchrung<\/h3>\n<ul>\n<li>Linearantriebsmotor BSJJ1-1 f\u00fcr intelligente M\u00f6bell\u00f6sungen<\/li>\n<li>Ladegeschwindigkeit: 5\u201350 mm\/s, wodurch eine einstellbare Geschwindigkeit f\u00fcr unterschiedliche Ladebedingungen gew\u00e4hrleistet wird.<\/li>\n<li>Stromst\u00e4rke: 0,84 A, wodurch eine effiziente Stromnutzung w\u00e4hrend des Betriebs gew\u00e4hrleistet wird.<\/li>\n<li>Spannung: Betrieb mit 24 V, geeignet f\u00fcr Niederspannungs-Bordnetze.<\/li>\n<\/ul>\n<h3>Produktanwendung<\/h3>\n<ul>\n<li>Smart Home: Schrank<\/li>\n<\/ul>\n","protected":false},"featured_media":8863,"comment_status":"open","ping_status":"closed","template":"","meta":{"site-sidebar-layout":"default","site-content-layout":"","ast-site-content-layout":"default","site-content-style":"default","site-sidebar-style":"default","ast-global-header-display":"","ast-banner-title-visibility":"","ast-main-header-display":"","ast-hfb-above-header-display":"","ast-hfb-below-header-display":"","ast-hfb-mobile-header-display":"","site-post-title":"","ast-breadcrumbs-content":"","ast-featured-img":"","footer-sml-layout":"","theme-transparent-header-meta":"default","adv-header-id-meta":"","stick-header-meta":"","header-above-stick-meta":"","header-main-stick-meta":"","header-below-stick-meta":"","astra-migrate-meta-layouts":"default","ast-page-background-enabled":"default","ast-page-background-meta":{"desktop":{"background-color":"var(--ast-global-color-5)","background-image":"","background-repeat":"repeat","background-position":"center center","background-size":"auto","background-attachment":"scroll","background-type":"","background-media":"","overlay-type":"","overlay-color":"","overlay-opacity":"","overlay-gradient":""},"tablet":{"background-color":"","background-image":"","background-repeat":"repeat","background-position":"center center","background-size":"auto","background-attachment":"scroll","background-type":"","background-media":"","overlay-type":"","overlay-color":"","overlay-opacity":"","overlay-gradient":""},"mobile":{"background-color":"","background-image":"","background-repeat":"repeat","background-position":"center center","background-size":"auto","background-attachment":"scroll","background-type":"","background-media":"","overlay-type":"","overlay-color":"","overlay-opacity":"","overlay-gradient":""}},"ast-content-background-meta":{"desktop":{"background-color":"var(--ast-global-color-4)","background-image":"","background-repeat":"repeat","background-position":"center center","background-size":"auto","background-attachment":"scroll","background-type":"","background-media":"","overlay-type":"","overlay-color":"","overlay-opacity":"","overlay-gradient":""},"tablet":{"background-color":"var(--ast-global-color-4)","background-image":"","background-repeat":"repeat","background-position":"center center","background-size":"auto","background-attachment":"scroll","background-type":"","background-media":"","overlay-type":"","overlay-color":"","overlay-opacity":"","overlay-gradient":""},"mobile":{"background-color":"var(--ast-global-color-4)","background-image":"","background-repeat":"repeat","background-position":"center center","background-size":"auto","background-attachment":"scroll","background-type":"","background-media":"","overlay-type":"","overlay-color":"","overlay-opacity":"","overlay-gradient":""}}},"product_brand":[],"product_cat":[1027,1028],"product_tag":[1031,1032],"class_list":{"0":"post-8862","1":"product","2":"type-product","3":"status-publish","4":"has-post-thumbnail","6":"product_cat-komponenten","7":"product_cat-sport-und-fitnesskomponenten","8":"product_tag-medizinische-instrumente-schubstangenmotor","9":"product_tag-smart-home-schubstangenmotor","10":"pa_application-sportgesundheit","11":"desktop-align-left","12":"tablet-align-left","13":"mobile-align-left","15":"first","16":"instock","17":"shipping-taxable","18":"product-type-simple"},"yoast_head":"<!-- This site is optimized with the Yoast SEO plugin v27.2 - https:\/\/yoast.com\/product\/yoast-seo-wordpress\/ -->\n<title>BSJJ1-1 Smart Furniture Solution Linearantriebsmotor &#8211; Leili Motor<\/title>\n<meta name=\"description\" content=\"Der Linearantriebsmotor BSJJ1-1 der Smart Furniture Solution ist f\u00fcr intelligente M\u00f6belanwendungen konzipiert und bietet pr\u00e4zise lineare Bewegung und starke Kraft f\u00fcr eine effiziente Bet\u00e4tigung.\" \/>\n<meta name=\"robots\" content=\"index, follow, max-snippet:-1, max-image-preview:large, max-video-preview:-1\" \/>\n<link rel=\"canonical\" href=\"https:\/\/www.leili-motor.net\/de\/bsjj1-1-smart-furniture-solution-linearantriebsmotor.html\" \/>\n<script type=\"application\/ld+json\" class=\"yoast-schema-graph\">{\"@context\":\"https:\/\/schema.org\",\"@graph\":[{\"@type\":\"WebPage\",\"@id\":\"https:\/\/www.leili-motor.net\/de\/bsjj1-1-smart-furniture-solution-linearantriebsmotor.html\",\"url\":\"https:\/\/www.leili-motor.net\/de\/bsjj1-1-smart-furniture-solution-linearantriebsmotor.html\",\"name\":\"BSJJ1-1 Smart Furniture Solution Linearantriebsmotor &#8211; Leili Motor\",\"isPartOf\":{\"@id\":\"https:\/\/www.leili-motor.net\/de\/#website\"},\"primaryImageOfPage\":{\"@id\":\"https:\/\/www.leili-motor.net\/de\/bsjj1-1-smart-furniture-solution-linearantriebsmotor.html#primaryimage\"},\"image\":{\"@id\":\"https:\/\/www.leili-motor.net\/de\/bsjj1-1-smart-furniture-solution-linearantriebsmotor.html#primaryimage\"},\"thumbnailUrl\":\"https:\/\/www.leili-motor.net\/wp-content\/uploads\/2025\/03\/BSJJ1-1-Smart-Furniture-Solution-Linear-Actuator-Motor.webp\",\"datePublished\":\"2025-03-13T07:50:00+00:00\",\"description\":\"Der Linearantriebsmotor BSJJ1-1 der Smart Furniture Solution ist f\u00fcr intelligente M\u00f6belanwendungen konzipiert und bietet pr\u00e4zise lineare Bewegung und starke Kraft f\u00fcr eine effiziente Bet\u00e4tigung.\",\"breadcrumb\":{\"@id\":\"https:\/\/www.leili-motor.net\/de\/bsjj1-1-smart-furniture-solution-linearantriebsmotor.html#breadcrumb\"},\"inLanguage\":\"de\",\"potentialAction\":[{\"@type\":\"ReadAction\",\"target\":[\"https:\/\/www.leili-motor.net\/de\/bsjj1-1-smart-furniture-solution-linearantriebsmotor.html\"]}]},{\"@type\":\"ImageObject\",\"inLanguage\":\"de\",\"@id\":\"https:\/\/www.leili-motor.net\/de\/bsjj1-1-smart-furniture-solution-linearantriebsmotor.html#primaryimage\",\"url\":\"https:\/\/www.leili-motor.net\/wp-content\/uploads\/2025\/03\/BSJJ1-1-Smart-Furniture-Solution-Linear-Actuator-Motor.webp\",\"contentUrl\":\"https:\/\/www.leili-motor.net\/wp-content\/uploads\/2025\/03\/BSJJ1-1-Smart-Furniture-Solution-Linear-Actuator-Motor.webp\",\"width\":454,\"height\":310,\"caption\":\"BSJJ1-1 Smart Furniture Solution Linearantriebsmotor\"},{\"@type\":\"BreadcrumbList\",\"@id\":\"https:\/\/www.leili-motor.net\/de\/bsjj1-1-smart-furniture-solution-linearantriebsmotor.html#breadcrumb\",\"itemListElement\":[{\"@type\":\"ListItem\",\"position\":1,\"name\":\"Home\",\"item\":\"https:\/\/www.leili-motor.net\/de\/\"},{\"@type\":\"ListItem\",\"position\":2,\"name\":\"Produkte\",\"item\":\"https:\/\/www.leili-motor.net\/de\/produkte.html\"},{\"@type\":\"ListItem\",\"position\":3,\"name\":\"BSJJ1-1 Smart Furniture Solution Linearantriebsmotor\"}]},{\"@type\":\"WebSite\",\"@id\":\"https:\/\/www.leili-motor.net\/de\/#website\",\"url\":\"https:\/\/www.leili-motor.net\/de\/\",\"name\":\"Leili Motor\",\"description\":\"\",\"publisher\":{\"@id\":\"https:\/\/www.leili-motor.net\/de\/#organization\"},\"potentialAction\":[{\"@type\":\"SearchAction\",\"target\":{\"@type\":\"EntryPoint\",\"urlTemplate\":\"https:\/\/www.leili-motor.net\/de\/?s={search_term_string}\"},\"query-input\":{\"@type\":\"PropertyValueSpecification\",\"valueRequired\":true,\"valueName\":\"search_term_string\"}}],\"inLanguage\":\"de\"},{\"@type\":\"Organization\",\"@id\":\"https:\/\/www.leili-motor.net\/de\/#organization\",\"name\":\"Leili Motor\",\"url\":\"https:\/\/www.leili-motor.net\/de\/\",\"logo\":{\"@type\":\"ImageObject\",\"inLanguage\":\"de\",\"@id\":\"https:\/\/www.leili-motor.net\/de\/#\/schema\/logo\/image\/\",\"url\":\"https:\/\/www.leili-motor.net\/wp-content\/uploads\/2025\/03\/Leili-Motor.png\",\"contentUrl\":\"https:\/\/www.leili-motor.net\/wp-content\/uploads\/2025\/03\/Leili-Motor.png\",\"width\":600,\"height\":156,\"caption\":\"Leili Motor\"},\"image\":{\"@id\":\"https:\/\/www.leili-motor.net\/de\/#\/schema\/logo\/image\/\"}}]}<\/script>\n<!-- \/ Yoast SEO plugin. -->","yoast_head_json":{"title":"BSJJ1-1 Smart Furniture Solution Linearantriebsmotor &#8211; Leili Motor","description":"Der Linearantriebsmotor BSJJ1-1 der Smart Furniture Solution ist f\u00fcr intelligente M\u00f6belanwendungen konzipiert und bietet pr\u00e4zise lineare Bewegung und starke Kraft f\u00fcr eine effiziente Bet\u00e4tigung.","robots":{"index":"index","follow":"follow","max-snippet":"max-snippet:-1","max-image-preview":"max-image-preview:large","max-video-preview":"max-video-preview:-1"},"canonical":"https:\/\/www.leili-motor.net\/de\/bsjj1-1-smart-furniture-solution-linearantriebsmotor.html","schema":{"@context":"https:\/\/schema.org","@graph":[{"@type":"WebPage","@id":"https:\/\/www.leili-motor.net\/de\/bsjj1-1-smart-furniture-solution-linearantriebsmotor.html","url":"https:\/\/www.leili-motor.net\/de\/bsjj1-1-smart-furniture-solution-linearantriebsmotor.html","name":"BSJJ1-1 Smart Furniture Solution Linearantriebsmotor &#8211; Leili Motor","isPartOf":{"@id":"https:\/\/www.leili-motor.net\/de\/#website"},"primaryImageOfPage":{"@id":"https:\/\/www.leili-motor.net\/de\/bsjj1-1-smart-furniture-solution-linearantriebsmotor.html#primaryimage"},"image":{"@id":"https:\/\/www.leili-motor.net\/de\/bsjj1-1-smart-furniture-solution-linearantriebsmotor.html#primaryimage"},"thumbnailUrl":"https:\/\/www.leili-motor.net\/wp-content\/uploads\/2025\/03\/BSJJ1-1-Smart-Furniture-Solution-Linear-Actuator-Motor.webp","datePublished":"2025-03-13T07:50:00+00:00","description":"Der Linearantriebsmotor BSJJ1-1 der Smart Furniture Solution ist f\u00fcr intelligente M\u00f6belanwendungen konzipiert und bietet pr\u00e4zise lineare Bewegung und starke Kraft f\u00fcr eine effiziente Bet\u00e4tigung.","breadcrumb":{"@id":"https:\/\/www.leili-motor.net\/de\/bsjj1-1-smart-furniture-solution-linearantriebsmotor.html#breadcrumb"},"inLanguage":"de","potentialAction":[{"@type":"ReadAction","target":["https:\/\/www.leili-motor.net\/de\/bsjj1-1-smart-furniture-solution-linearantriebsmotor.html"]}]},{"@type":"ImageObject","inLanguage":"de","@id":"https:\/\/www.leili-motor.net\/de\/bsjj1-1-smart-furniture-solution-linearantriebsmotor.html#primaryimage","url":"https:\/\/www.leili-motor.net\/wp-content\/uploads\/2025\/03\/BSJJ1-1-Smart-Furniture-Solution-Linear-Actuator-Motor.webp","contentUrl":"https:\/\/www.leili-motor.net\/wp-content\/uploads\/2025\/03\/BSJJ1-1-Smart-Furniture-Solution-Linear-Actuator-Motor.webp","width":454,"height":310,"caption":"BSJJ1-1 Smart Furniture Solution Linearantriebsmotor"},{"@type":"BreadcrumbList","@id":"https:\/\/www.leili-motor.net\/de\/bsjj1-1-smart-furniture-solution-linearantriebsmotor.html#breadcrumb","itemListElement":[{"@type":"ListItem","position":1,"name":"Home","item":"https:\/\/www.leili-motor.net\/de\/"},{"@type":"ListItem","position":2,"name":"Produkte","item":"https:\/\/www.leili-motor.net\/de\/produkte.html"},{"@type":"ListItem","position":3,"name":"BSJJ1-1 Smart Furniture Solution Linearantriebsmotor"}]},{"@type":"WebSite","@id":"https:\/\/www.leili-motor.net\/de\/#website","url":"https:\/\/www.leili-motor.net\/de\/","name":"Leili Motor","description":"","publisher":{"@id":"https:\/\/www.leili-motor.net\/de\/#organization"},"potentialAction":[{"@type":"SearchAction","target":{"@type":"EntryPoint","urlTemplate":"https:\/\/www.leili-motor.net\/de\/?s={search_term_string}"},"query-input":{"@type":"PropertyValueSpecification","valueRequired":true,"valueName":"search_term_string"}}],"inLanguage":"de"},{"@type":"Organization","@id":"https:\/\/www.leili-motor.net\/de\/#organization","name":"Leili Motor","url":"https:\/\/www.leili-motor.net\/de\/","logo":{"@type":"ImageObject","inLanguage":"de","@id":"https:\/\/www.leili-motor.net\/de\/#\/schema\/logo\/image\/","url":"https:\/\/www.leili-motor.net\/wp-content\/uploads\/2025\/03\/Leili-Motor.png","contentUrl":"https:\/\/www.leili-motor.net\/wp-content\/uploads\/2025\/03\/Leili-Motor.png","width":600,"height":156,"caption":"Leili Motor"},"image":{"@id":"https:\/\/www.leili-motor.net\/de\/#\/schema\/logo\/image\/"}}]}},"_links":{"self":[{"href":"https:\/\/www.leili-motor.net\/de\/wp-json\/wp\/v2\/product\/8862","targetHints":{"allow":["GET"]}}],"collection":[{"href":"https:\/\/www.leili-motor.net\/de\/wp-json\/wp\/v2\/product"}],"about":[{"href":"https:\/\/www.leili-motor.net\/de\/wp-json\/wp\/v2\/types\/product"}],"replies":[{"embeddable":true,"href":"https:\/\/www.leili-motor.net\/de\/wp-json\/wp\/v2\/comments?post=8862"}],"wp:featuredmedia":[{"embeddable":true,"href":"https:\/\/www.leili-motor.net\/de\/wp-json\/wp\/v2\/media\/8863"}],"wp:attachment":[{"href":"https:\/\/www.leili-motor.net\/de\/wp-json\/wp\/v2\/media?parent=8862"}],"wp:term":[{"taxonomy":"product_brand","embeddable":true,"href":"https:\/\/www.leili-motor.net\/de\/wp-json\/wp\/v2\/product_brand?post=8862"},{"taxonomy":"product_cat","embeddable":true,"href":"https:\/\/www.leili-motor.net\/de\/wp-json\/wp\/v2\/product_cat?post=8862"},{"taxonomy":"product_tag","embeddable":true,"href":"https:\/\/www.leili-motor.net\/de\/wp-json\/wp\/v2\/product_tag?post=8862"}],"curies":[{"name":"wp","href":"https:\/\/api.w.org\/{rel}","templated":true}]}}