{"id":8899,"date":"2025-03-13T09:29:12","date_gmt":"2025-03-13T01:29:12","guid":{"rendered":"https:\/\/www.leili-motor.net\/hud-25by412-auto-head-up-displays\/"},"modified":"2025-03-13T09:29:12","modified_gmt":"2025-03-13T01:29:12","slug":"hud-25by412-auto-head-up-displays","status":"publish","type":"product","link":"https:\/\/www.leili-motor.net\/de\/hud-25by412-auto-head-up-displays.html","title":{"rendered":"HUD 25BY412 Auto-Head-Up-Displays"},"content":{"rendered":"<h2>Produktparameter<\/h2>\n<table>\n<tbody>\n<tr>\n<td>Spannung V\u00b110%<br \/>\nGleichstrom<\/td>\n<td>Bet\u00e4tigen<br \/>\n Weg<\/td>\n<td>Anregungsmodus<\/td>\n<td>Elektrischer Strom mA<\/td>\n<td>Schrittwinkel<\/td>\n<td>Resistance (25\u2103 )<br \/>\n \u03a9 \u571f 10%<\/td>\n<td>Induktivit\u00e4t (1 kHz, 1 Vrms)<br \/>\n mH(REF)\u00b120 %<\/td>\n<td>Nennschub \u25b2 (360 Hz)<br \/>\nN<\/td>\n<td>Nenngeschwindigkeit mm\u00b110%<\/td>\n<td>Inkrement pro Schritt mm\u00b110 %<\/td>\n<td>\u25b2Maximaler Hub<br \/>\nmm<\/td>\n<td>\u2605 Dielectric Strength of Insulation AC 500V,<br \/>\n1min 5mA<\/td>\n<td>\u2605 Isolationswiderstand DC500V<br \/>\n(M\u03a9)<\/td>\n<td>\u25b2<br \/>\nL\u00e4rm<br \/>\n360 Hz<br \/>\nPitch-Motor<br \/>\n(20 cm)<br \/>\ndB(A)<\/td>\n<\/tr>\n<tr>\n<td>12<\/td>\n<td>Bipolar<\/td>\n<td>45690<\/td>\n<td>232<\/td>\n<td>7.5\u00b0<\/td>\n<td>20<\/td>\n<td>15<\/td>\n<td>\u2265 20<\/td>\n<td>3.6<\/td>\n<td>0.01<\/td>\n<td>\u2265 20<\/td>\n<td>Kein Ausfall oder Aufflackern<\/td>\n<td>\u2265 100<\/td>\n<td>\u2264 30<br \/>\n( Undeutlicher Ton)<\/td>\n<\/tr>\n<\/tbody>\n<\/table>\n<h2>Mechanische Abmessungen: mm<\/h2>\n<p><img loading=\"lazy\" decoding=\"async\" loading=\"lazy\" class=\"size-full wp-image-2640 aligncenter\" src=\"https:\/\/www.leili-motor.net\/wp-content\/uploads\/2025\/03\/Mechanical-Dimensions-for-HUD-25BY412-Car-Head-up-Displays.webp\" alt=\"Mechanische Abmessungen f\u00fcr HUD 25BY412 Auto-Head-up-Displays\" width=\"759\" height=\"418\" srcset=\"https:\/\/www.leili-motor.net\/wp-content\/uploads\/2025\/03\/Mechanical-Dimensions-for-HUD-25BY412-Car-Head-up-Displays.webp 759w, https:\/\/www.leili-motor.net\/wp-content\/uploads\/2025\/03\/Mechanical-Dimensions-for-HUD-25BY412-Car-Head-up-Displays-300x165.webp 300w, https:\/\/www.leili-motor.net\/wp-content\/uploads\/2025\/03\/Mechanical-Dimensions-for-HUD-25BY412-Car-Head-up-Displays-600x330.webp 600w\" sizes=\"auto, (max-width: 759px) 100vw, 759px\" \/><\/p>\n","protected":false},"excerpt":{"rendered":"<h3>Produkteinf\u00fchrung<\/h3>\n<ul>\n<li>Geeignet f\u00fcr Auto-Head-Up-Displays<\/li>\n<li>Schrittwinkel: 7,5\u00b0, erm\u00f6glicht pr\u00e4zise inkrementelle Bewegung f\u00fcr eine genaue HUD-Positionierung.<\/li>\n<li>Nennschub (360 Hz): \u2265 20 N, bietet starke Kraft f\u00fcr stabile Leistung.<\/li>\n<li>Nenngeschwindigkeit: 3,6 mm \u00b110 %, sorgt f\u00fcr gleichm\u00e4\u00dfige und konstante Geschwindigkeit.<\/li>\n<\/ul>\n<h3>Produktanwendung<\/h3>\n<ul>\n<li>Auto-Head-Up-Displays (HUD)<\/li>\n<\/ul>\n<p>&nbsp;<\/p>\n","protected":false},"featured_media":8900,"comment_status":"open","ping_status":"closed","template":"","meta":{"site-sidebar-layout":"default","site-content-layout":"","ast-site-content-layout":"default","site-content-style":"default","site-sidebar-style":"default","ast-global-header-display":"","ast-banner-title-visibility":"","ast-main-header-display":"","ast-hfb-above-header-display":"","ast-hfb-below-header-display":"","ast-hfb-mobile-header-display":"","site-post-title":"","ast-breadcrumbs-content":"","ast-featured-img":"","footer-sml-layout":"","theme-transparent-header-meta":"default","adv-header-id-meta":"","stick-header-meta":"","header-above-stick-meta":"","header-main-stick-meta":"","header-below-stick-meta":"","astra-migrate-meta-layouts":"default","ast-page-background-enabled":"default","ast-page-background-meta":{"desktop":{"background-color":"var(--ast-global-color-5)","background-image":"","background-repeat":"repeat","background-position":"center center","background-size":"auto","background-attachment":"scroll","background-type":"","background-media":"","overlay-type":"","overlay-color":"","overlay-opacity":"","overlay-gradient":""},"tablet":{"background-color":"","background-image":"","background-repeat":"repeat","background-position":"center center","background-size":"auto","background-attachment":"scroll","background-type":"","background-media":"","overlay-type":"","overlay-color":"","overlay-opacity":"","overlay-gradient":""},"mobile":{"background-color":"","background-image":"","background-repeat":"repeat","background-position":"center center","background-size":"auto","background-attachment":"scroll","background-type":"","background-media":"","overlay-type":"","overlay-color":"","overlay-opacity":"","overlay-gradient":""}},"ast-content-background-meta":{"desktop":{"background-color":"var(--ast-global-color-4)","background-image":"","background-repeat":"repeat","background-position":"center center","background-size":"auto","background-attachment":"scroll","background-type":"","background-media":"","overlay-type":"","overlay-color":"","overlay-opacity":"","overlay-gradient":""},"tablet":{"background-color":"var(--ast-global-color-4)","background-image":"","background-repeat":"repeat","background-position":"center center","background-size":"auto","background-attachment":"scroll","background-type":"","background-media":"","overlay-type":"","overlay-color":"","overlay-opacity":"","overlay-gradient":""},"mobile":{"background-color":"var(--ast-global-color-4)","background-image":"","background-repeat":"repeat","background-position":"center center","background-size":"auto","background-attachment":"scroll","background-type":"","background-media":"","overlay-type":"","overlay-color":"","overlay-opacity":"","overlay-gradient":""}}},"product_brand":[],"product_cat":[1027,1037],"product_tag":[815],"class_list":{"0":"post-8899","1":"product","2":"type-product","3":"status-publish","4":"has-post-thumbnail","6":"product_cat-komponenten","7":"product_cat-autokomponenten","8":"product_tag-intelligentes-fahren-head-up-display","9":"pa_application-autoteile","10":"desktop-align-left","11":"tablet-align-left","12":"mobile-align-left","14":"first","15":"instock","16":"shipping-taxable","17":"product-type-simple"},"yoast_head":"<!-- This site is optimized with the Yoast SEO plugin v27.2 - https:\/\/yoast.com\/product\/yoast-seo-wordpress\/ -->\n<title>HUD 25BY412 Auto-Head-Up-Displays &#8211; Leili Motor<\/title>\n<meta name=\"description\" content=\"Unser HUD 25by412-Head-Up-Display f\u00fcr Autos arbeitet mit 12 V \u00b110 % Gleichstrom und gew\u00e4hrleistet so eine stabile Leistung bei Automobilanwendungen.\" \/>\n<meta name=\"robots\" content=\"index, follow, max-snippet:-1, max-image-preview:large, max-video-preview:-1\" \/>\n<link rel=\"canonical\" href=\"https:\/\/www.leili-motor.net\/de\/hud-25by412-auto-head-up-displays.html\" \/>\n<script type=\"application\/ld+json\" class=\"yoast-schema-graph\">{\"@context\":\"https:\/\/schema.org\",\"@graph\":[{\"@type\":\"WebPage\",\"@id\":\"https:\/\/www.leili-motor.net\/de\/hud-25by412-auto-head-up-displays.html\",\"url\":\"https:\/\/www.leili-motor.net\/de\/hud-25by412-auto-head-up-displays.html\",\"name\":\"HUD 25BY412 Auto-Head-Up-Displays &#8211; Leili Motor\",\"isPartOf\":{\"@id\":\"https:\/\/www.leili-motor.net\/de\/#website\"},\"primaryImageOfPage\":{\"@id\":\"https:\/\/www.leili-motor.net\/de\/hud-25by412-auto-head-up-displays.html#primaryimage\"},\"image\":{\"@id\":\"https:\/\/www.leili-motor.net\/de\/hud-25by412-auto-head-up-displays.html#primaryimage\"},\"thumbnailUrl\":\"https:\/\/www.leili-motor.net\/wp-content\/uploads\/2025\/03\/HUD-25BY412-Car-Head-up-Displays.webp\",\"datePublished\":\"2025-03-13T01:29:12+00:00\",\"description\":\"Unser HUD 25by412-Head-Up-Display f\u00fcr Autos arbeitet mit 12 V \u00b110 % Gleichstrom und gew\u00e4hrleistet so eine stabile Leistung bei Automobilanwendungen.\",\"breadcrumb\":{\"@id\":\"https:\/\/www.leili-motor.net\/de\/hud-25by412-auto-head-up-displays.html#breadcrumb\"},\"inLanguage\":\"de\",\"potentialAction\":[{\"@type\":\"ReadAction\",\"target\":[\"https:\/\/www.leili-motor.net\/de\/hud-25by412-auto-head-up-displays.html\"]}]},{\"@type\":\"ImageObject\",\"inLanguage\":\"de\",\"@id\":\"https:\/\/www.leili-motor.net\/de\/hud-25by412-auto-head-up-displays.html#primaryimage\",\"url\":\"https:\/\/www.leili-motor.net\/wp-content\/uploads\/2025\/03\/HUD-25BY412-Car-Head-up-Displays.webp\",\"contentUrl\":\"https:\/\/www.leili-motor.net\/wp-content\/uploads\/2025\/03\/HUD-25BY412-Car-Head-up-Displays.webp\",\"width\":454,\"height\":310,\"caption\":\"HUD 25BY412 Auto-Head-Up-Displays\"},{\"@type\":\"BreadcrumbList\",\"@id\":\"https:\/\/www.leili-motor.net\/de\/hud-25by412-auto-head-up-displays.html#breadcrumb\",\"itemListElement\":[{\"@type\":\"ListItem\",\"position\":1,\"name\":\"Home\",\"item\":\"https:\/\/www.leili-motor.net\/de\/\"},{\"@type\":\"ListItem\",\"position\":2,\"name\":\"Produkte\",\"item\":\"https:\/\/www.leili-motor.net\/de\/produkte.html\"},{\"@type\":\"ListItem\",\"position\":3,\"name\":\"HUD 25BY412 Auto-Head-Up-Displays\"}]},{\"@type\":\"WebSite\",\"@id\":\"https:\/\/www.leili-motor.net\/de\/#website\",\"url\":\"https:\/\/www.leili-motor.net\/de\/\",\"name\":\"Leili Motor\",\"description\":\"\",\"publisher\":{\"@id\":\"https:\/\/www.leili-motor.net\/de\/#organization\"},\"potentialAction\":[{\"@type\":\"SearchAction\",\"target\":{\"@type\":\"EntryPoint\",\"urlTemplate\":\"https:\/\/www.leili-motor.net\/de\/?s={search_term_string}\"},\"query-input\":{\"@type\":\"PropertyValueSpecification\",\"valueRequired\":true,\"valueName\":\"search_term_string\"}}],\"inLanguage\":\"de\"},{\"@type\":\"Organization\",\"@id\":\"https:\/\/www.leili-motor.net\/de\/#organization\",\"name\":\"Leili Motor\",\"url\":\"https:\/\/www.leili-motor.net\/de\/\",\"logo\":{\"@type\":\"ImageObject\",\"inLanguage\":\"de\",\"@id\":\"https:\/\/www.leili-motor.net\/de\/#\/schema\/logo\/image\/\",\"url\":\"https:\/\/www.leili-motor.net\/wp-content\/uploads\/2025\/03\/Leili-Motor.png\",\"contentUrl\":\"https:\/\/www.leili-motor.net\/wp-content\/uploads\/2025\/03\/Leili-Motor.png\",\"width\":600,\"height\":156,\"caption\":\"Leili Motor\"},\"image\":{\"@id\":\"https:\/\/www.leili-motor.net\/de\/#\/schema\/logo\/image\/\"}}]}<\/script>\n<!-- \/ Yoast SEO plugin. -->","yoast_head_json":{"title":"HUD 25BY412 Auto-Head-Up-Displays &#8211; Leili Motor","description":"Unser HUD 25by412-Head-Up-Display f\u00fcr Autos arbeitet mit 12 V \u00b110 % Gleichstrom und gew\u00e4hrleistet so eine stabile Leistung bei Automobilanwendungen.","robots":{"index":"index","follow":"follow","max-snippet":"max-snippet:-1","max-image-preview":"max-image-preview:large","max-video-preview":"max-video-preview:-1"},"canonical":"https:\/\/www.leili-motor.net\/de\/hud-25by412-auto-head-up-displays.html","schema":{"@context":"https:\/\/schema.org","@graph":[{"@type":"WebPage","@id":"https:\/\/www.leili-motor.net\/de\/hud-25by412-auto-head-up-displays.html","url":"https:\/\/www.leili-motor.net\/de\/hud-25by412-auto-head-up-displays.html","name":"HUD 25BY412 Auto-Head-Up-Displays &#8211; Leili Motor","isPartOf":{"@id":"https:\/\/www.leili-motor.net\/de\/#website"},"primaryImageOfPage":{"@id":"https:\/\/www.leili-motor.net\/de\/hud-25by412-auto-head-up-displays.html#primaryimage"},"image":{"@id":"https:\/\/www.leili-motor.net\/de\/hud-25by412-auto-head-up-displays.html#primaryimage"},"thumbnailUrl":"https:\/\/www.leili-motor.net\/wp-content\/uploads\/2025\/03\/HUD-25BY412-Car-Head-up-Displays.webp","datePublished":"2025-03-13T01:29:12+00:00","description":"Unser HUD 25by412-Head-Up-Display f\u00fcr Autos arbeitet mit 12 V \u00b110 % Gleichstrom und gew\u00e4hrleistet so eine stabile Leistung bei Automobilanwendungen.","breadcrumb":{"@id":"https:\/\/www.leili-motor.net\/de\/hud-25by412-auto-head-up-displays.html#breadcrumb"},"inLanguage":"de","potentialAction":[{"@type":"ReadAction","target":["https:\/\/www.leili-motor.net\/de\/hud-25by412-auto-head-up-displays.html"]}]},{"@type":"ImageObject","inLanguage":"de","@id":"https:\/\/www.leili-motor.net\/de\/hud-25by412-auto-head-up-displays.html#primaryimage","url":"https:\/\/www.leili-motor.net\/wp-content\/uploads\/2025\/03\/HUD-25BY412-Car-Head-up-Displays.webp","contentUrl":"https:\/\/www.leili-motor.net\/wp-content\/uploads\/2025\/03\/HUD-25BY412-Car-Head-up-Displays.webp","width":454,"height":310,"caption":"HUD 25BY412 Auto-Head-Up-Displays"},{"@type":"BreadcrumbList","@id":"https:\/\/www.leili-motor.net\/de\/hud-25by412-auto-head-up-displays.html#breadcrumb","itemListElement":[{"@type":"ListItem","position":1,"name":"Home","item":"https:\/\/www.leili-motor.net\/de\/"},{"@type":"ListItem","position":2,"name":"Produkte","item":"https:\/\/www.leili-motor.net\/de\/produkte.html"},{"@type":"ListItem","position":3,"name":"HUD 25BY412 Auto-Head-Up-Displays"}]},{"@type":"WebSite","@id":"https:\/\/www.leili-motor.net\/de\/#website","url":"https:\/\/www.leili-motor.net\/de\/","name":"Leili Motor","description":"","publisher":{"@id":"https:\/\/www.leili-motor.net\/de\/#organization"},"potentialAction":[{"@type":"SearchAction","target":{"@type":"EntryPoint","urlTemplate":"https:\/\/www.leili-motor.net\/de\/?s={search_term_string}"},"query-input":{"@type":"PropertyValueSpecification","valueRequired":true,"valueName":"search_term_string"}}],"inLanguage":"de"},{"@type":"Organization","@id":"https:\/\/www.leili-motor.net\/de\/#organization","name":"Leili Motor","url":"https:\/\/www.leili-motor.net\/de\/","logo":{"@type":"ImageObject","inLanguage":"de","@id":"https:\/\/www.leili-motor.net\/de\/#\/schema\/logo\/image\/","url":"https:\/\/www.leili-motor.net\/wp-content\/uploads\/2025\/03\/Leili-Motor.png","contentUrl":"https:\/\/www.leili-motor.net\/wp-content\/uploads\/2025\/03\/Leili-Motor.png","width":600,"height":156,"caption":"Leili Motor"},"image":{"@id":"https:\/\/www.leili-motor.net\/de\/#\/schema\/logo\/image\/"}}]}},"_links":{"self":[{"href":"https:\/\/www.leili-motor.net\/de\/wp-json\/wp\/v2\/product\/8899","targetHints":{"allow":["GET"]}}],"collection":[{"href":"https:\/\/www.leili-motor.net\/de\/wp-json\/wp\/v2\/product"}],"about":[{"href":"https:\/\/www.leili-motor.net\/de\/wp-json\/wp\/v2\/types\/product"}],"replies":[{"embeddable":true,"href":"https:\/\/www.leili-motor.net\/de\/wp-json\/wp\/v2\/comments?post=8899"}],"wp:featuredmedia":[{"embeddable":true,"href":"https:\/\/www.leili-motor.net\/de\/wp-json\/wp\/v2\/media\/8900"}],"wp:attachment":[{"href":"https:\/\/www.leili-motor.net\/de\/wp-json\/wp\/v2\/media?parent=8899"}],"wp:term":[{"taxonomy":"product_brand","embeddable":true,"href":"https:\/\/www.leili-motor.net\/de\/wp-json\/wp\/v2\/product_brand?post=8899"},{"taxonomy":"product_cat","embeddable":true,"href":"https:\/\/www.leili-motor.net\/de\/wp-json\/wp\/v2\/product_cat?post=8899"},{"taxonomy":"product_tag","embeddable":true,"href":"https:\/\/www.leili-motor.net\/de\/wp-json\/wp\/v2\/product_tag?post=8899"}],"curies":[{"name":"wp","href":"https:\/\/api.w.org\/{rel}","templated":true}]}}