{"id":8905,"date":"2025-03-11T14:04:56","date_gmt":"2025-03-11T06:04:56","guid":{"rendered":"https:\/\/www.leili-motor.net\/radkappenbaugruppe-fuer-automobile\/"},"modified":"2025-03-11T14:04:56","modified_gmt":"2025-03-11T06:04:56","slug":"radkappenbaugruppe-fuer-automobile","status":"publish","type":"product","link":"https:\/\/www.leili-motor.net\/de\/radkappenbaugruppe-fuer-automobile.html","title":{"rendered":"Radkappenbaugruppe f\u00fcr Automobile"},"content":{"rendered":"<h2>Produktparameter<\/h2>\n<table>\n<tbody>\n<tr>\n<td rowspan=\"2\">Modell<\/td>\n<td>Nenndrehmoment<\/td>\n<\/tr>\n<tr>\n<td>(N\u00b7m)<\/td>\n<\/tr>\n<tr>\n<td>LGG1-1<\/td>\n<td>27.1~40.6<\/td>\n<\/tr>\n<tr>\n<td>LGG1-2<\/td>\n<td>20.3~30.1<\/td>\n<\/tr>\n<tr>\n<td>LGG1-3<\/td>\n<td>20.3~30.1<\/td>\n<\/tr>\n<tr>\n<td>LGG1-4<\/td>\n<td>27.1~40.6<\/td>\n<\/tr>\n<tr>\n<td>LGG1-6<\/td>\n<td>27.1~40.6<\/td>\n<\/tr>\n<tr>\n<td>LGG2-1<\/td>\n<td>\/<\/td>\n<\/tr>\n<\/tbody>\n<\/table>\n<table>\n<tbody>\n<tr>\n<td rowspan=\"2\">Modell<\/td>\n<td colspan=\"3\">Einbauma\u00df (mm)<\/td>\n<\/tr>\n<tr>\n<td>L1<\/td>\n<td>L2\/mm<\/td>\n<td>L3\/mm<\/td>\n<\/tr>\n<tr>\n<td>LGG1-1<\/td>\n<td>4-12UN-2A<\/td>\n<td>14.5\u00b10.2<\/td>\n<td>SW63.5\uff08+0.2,0\uff09<\/td>\n<\/tr>\n<tr>\n<td>LGG1-2<\/td>\n<td>33\/4-8UN-2A<\/td>\n<td>15.9\u00b10.2<\/td>\n<td><\/td>\n<\/tr>\n<tr>\n<td>LGG1-3<\/td>\n<td>31\/2-12UN-2A<\/td>\n<td>14.5\u00b10.2<\/td>\n<td><\/td>\n<\/tr>\n<tr>\n<td>LGG1-4<\/td>\n<td>27\/8-12UN-2A<\/td>\n<td>11.9\u00b10.2<\/td>\n<td><\/td>\n<\/tr>\n<tr>\n<td>LGG1-6<\/td>\n<td>4-12UN-2A<\/td>\n<td>14.5\u00b10.2<\/td>\n<td><\/td>\n<\/tr>\n<\/tbody>\n<\/table>\n<table>\n<tbody>\n<tr>\n<td rowspan=\"2\">Modell<\/td>\n<td colspan=\"3\">Einbauma\u00df (mm)<\/td>\n<\/tr>\n<tr>\n<td>D1\/mm<\/td>\n<td>D2\/mm<\/td>\n<td>L1\/mm<\/td>\n<\/tr>\n<tr>\n<td>LGG2-1<\/td>\n<td>\u00d8109.22\u00b10.12<\/td>\n<td>\u00d87.14\u00b10.1<\/td>\n<td>6\u00b10.1<\/td>\n<\/tr>\n<\/tbody>\n<\/table>\n<h2>Mechanische Abmessungen: mm<\/h2>\n<p><img fetchpriority=\"high\" decoding=\"async\" class=\"size-full wp-image-1899 aligncenter\" src=\"https:\/\/www.leili-motor.net\/wp-content\/uploads\/2025\/03\/Mechanical-Dimensions-for-Automobile-Hub-Cap-Assembly.webp\" alt=\"Mechanische Abmessungen f\u00fcr die Radkappenmontage von Automobilen\" width=\"759\" height=\"600\" srcset=\"https:\/\/www.leili-motor.net\/wp-content\/uploads\/2025\/03\/Mechanical-Dimensions-for-Automobile-Hub-Cap-Assembly.webp 759w, https:\/\/www.leili-motor.net\/wp-content\/uploads\/2025\/03\/Mechanical-Dimensions-for-Automobile-Hub-Cap-Assembly-300x237.webp 300w, https:\/\/www.leili-motor.net\/wp-content\/uploads\/2025\/03\/Mechanical-Dimensions-for-Automobile-Hub-Cap-Assembly-600x474.webp 600w\" sizes=\"(max-width: 759px) 100vw, 759px\" \/><\/p>\n","protected":false},"excerpt":{"rendered":"<h3>Produkteinf\u00fchrung<\/h3>\n<ul>\n<li>Modell: LGG1-1, LGG1-2, LGG1-3, LGG1-4, LGG1-6, LGG2-1<\/li>\n<li>Nenndrehmoment: 20,3\u201340,6 N\u00b7m<\/li>\n<\/ul>\n<h3>Produktanwendung<\/h3>\n<ul>\n<li>Radkappenbaugruppe f\u00fcr Automobile<\/li>\n<\/ul>\n","protected":false},"featured_media":8906,"comment_status":"open","ping_status":"closed","template":"","meta":{"site-sidebar-layout":"default","site-content-layout":"","ast-site-content-layout":"default","site-content-style":"default","site-sidebar-style":"default","ast-global-header-display":"","ast-banner-title-visibility":"","ast-main-header-display":"","ast-hfb-above-header-display":"","ast-hfb-below-header-display":"","ast-hfb-mobile-header-display":"","site-post-title":"","ast-breadcrumbs-content":"","ast-featured-img":"","footer-sml-layout":"","theme-transparent-header-meta":"default","adv-header-id-meta":"","stick-header-meta":"","header-above-stick-meta":"","header-main-stick-meta":"","header-below-stick-meta":"","astra-migrate-meta-layouts":"default","ast-page-background-enabled":"default","ast-page-background-meta":{"desktop":{"background-color":"var(--ast-global-color-5)","background-image":"","background-repeat":"repeat","background-position":"center center","background-size":"auto","background-attachment":"scroll","background-type":"","background-media":"","overlay-type":"","overlay-color":"","overlay-opacity":"","overlay-gradient":""},"tablet":{"background-color":"","background-image":"","background-repeat":"repeat","background-position":"center center","background-size":"auto","background-attachment":"scroll","background-type":"","background-media":"","overlay-type":"","overlay-color":"","overlay-opacity":"","overlay-gradient":""},"mobile":{"background-color":"","background-image":"","background-repeat":"repeat","background-position":"center center","background-size":"auto","background-attachment":"scroll","background-type":"","background-media":"","overlay-type":"","overlay-color":"","overlay-opacity":"","overlay-gradient":""}},"ast-content-background-meta":{"desktop":{"background-color":"var(--ast-global-color-4)","background-image":"","background-repeat":"repeat","background-position":"center center","background-size":"auto","background-attachment":"scroll","background-type":"","background-media":"","overlay-type":"","overlay-color":"","overlay-opacity":"","overlay-gradient":""},"tablet":{"background-color":"var(--ast-global-color-4)","background-image":"","background-repeat":"repeat","background-position":"center center","background-size":"auto","background-attachment":"scroll","background-type":"","background-media":"","overlay-type":"","overlay-color":"","overlay-opacity":"","overlay-gradient":""},"mobile":{"background-color":"var(--ast-global-color-4)","background-image":"","background-repeat":"repeat","background-position":"center center","background-size":"auto","background-attachment":"scroll","background-type":"","background-media":"","overlay-type":"","overlay-color":"","overlay-opacity":"","overlay-gradient":""}}},"product_brand":[],"product_cat":[1027,1037],"product_tag":[],"class_list":{"0":"post-8905","1":"product","2":"type-product","3":"status-publish","4":"has-post-thumbnail","6":"product_cat-komponenten","7":"product_cat-autokomponenten","8":"desktop-align-left","9":"tablet-align-left","10":"mobile-align-left","12":"first","13":"instock","14":"shipping-taxable","15":"product-type-simple"},"yoast_head":"<!-- This site is optimized with the Yoast SEO plugin v27.2 - https:\/\/yoast.com\/product\/yoast-seo-wordpress\/ -->\n<title>Radkappenbaugruppe f\u00fcr Automobile &#8211; Leili Motor<\/title>\n<meta name=\"description\" content=\"Die Radkappenbaugruppe f\u00fcr Automobile bietet einen Drehmomentbereich von 27,1 bis 40,6 Nm und gew\u00e4hrleistet so eine konstante Leistung f\u00fcr Automobilanwendungen.\" \/>\n<meta name=\"robots\" content=\"index, follow, max-snippet:-1, max-image-preview:large, max-video-preview:-1\" \/>\n<link rel=\"canonical\" href=\"https:\/\/www.leili-motor.net\/de\/radkappenbaugruppe-fuer-automobile.html\" \/>\n<script type=\"application\/ld+json\" class=\"yoast-schema-graph\">{\"@context\":\"https:\/\/schema.org\",\"@graph\":[{\"@type\":\"WebPage\",\"@id\":\"https:\/\/www.leili-motor.net\/de\/radkappenbaugruppe-fuer-automobile.html\",\"url\":\"https:\/\/www.leili-motor.net\/de\/radkappenbaugruppe-fuer-automobile.html\",\"name\":\"Radkappenbaugruppe f\u00fcr Automobile &#8211; Leili Motor\",\"isPartOf\":{\"@id\":\"https:\/\/www.leili-motor.net\/de\/#website\"},\"primaryImageOfPage\":{\"@id\":\"https:\/\/www.leili-motor.net\/de\/radkappenbaugruppe-fuer-automobile.html#primaryimage\"},\"image\":{\"@id\":\"https:\/\/www.leili-motor.net\/de\/radkappenbaugruppe-fuer-automobile.html#primaryimage\"},\"thumbnailUrl\":\"https:\/\/www.leili-motor.net\/wp-content\/uploads\/2025\/03\/Automobile-Hub-Cap-Assembly.webp\",\"datePublished\":\"2025-03-11T06:04:56+00:00\",\"description\":\"Die Radkappenbaugruppe f\u00fcr Automobile bietet einen Drehmomentbereich von 27,1 bis 40,6 Nm und gew\u00e4hrleistet so eine konstante Leistung f\u00fcr Automobilanwendungen.\",\"breadcrumb\":{\"@id\":\"https:\/\/www.leili-motor.net\/de\/radkappenbaugruppe-fuer-automobile.html#breadcrumb\"},\"inLanguage\":\"de\",\"potentialAction\":[{\"@type\":\"ReadAction\",\"target\":[\"https:\/\/www.leili-motor.net\/de\/radkappenbaugruppe-fuer-automobile.html\"]}]},{\"@type\":\"ImageObject\",\"inLanguage\":\"de\",\"@id\":\"https:\/\/www.leili-motor.net\/de\/radkappenbaugruppe-fuer-automobile.html#primaryimage\",\"url\":\"https:\/\/www.leili-motor.net\/wp-content\/uploads\/2025\/03\/Automobile-Hub-Cap-Assembly.webp\",\"contentUrl\":\"https:\/\/www.leili-motor.net\/wp-content\/uploads\/2025\/03\/Automobile-Hub-Cap-Assembly.webp\",\"width\":454,\"height\":310,\"caption\":\"Radkappenbaugruppe f\u00fcr Automobile\"},{\"@type\":\"BreadcrumbList\",\"@id\":\"https:\/\/www.leili-motor.net\/de\/radkappenbaugruppe-fuer-automobile.html#breadcrumb\",\"itemListElement\":[{\"@type\":\"ListItem\",\"position\":1,\"name\":\"Home\",\"item\":\"https:\/\/www.leili-motor.net\/de\/\"},{\"@type\":\"ListItem\",\"position\":2,\"name\":\"Produkte\",\"item\":\"https:\/\/www.leili-motor.net\/de\/produkte.html\"},{\"@type\":\"ListItem\",\"position\":3,\"name\":\"Radkappenbaugruppe f\u00fcr Automobile\"}]},{\"@type\":\"WebSite\",\"@id\":\"https:\/\/www.leili-motor.net\/de\/#website\",\"url\":\"https:\/\/www.leili-motor.net\/de\/\",\"name\":\"Leili Motor\",\"description\":\"\",\"publisher\":{\"@id\":\"https:\/\/www.leili-motor.net\/de\/#organization\"},\"potentialAction\":[{\"@type\":\"SearchAction\",\"target\":{\"@type\":\"EntryPoint\",\"urlTemplate\":\"https:\/\/www.leili-motor.net\/de\/?s={search_term_string}\"},\"query-input\":{\"@type\":\"PropertyValueSpecification\",\"valueRequired\":true,\"valueName\":\"search_term_string\"}}],\"inLanguage\":\"de\"},{\"@type\":\"Organization\",\"@id\":\"https:\/\/www.leili-motor.net\/de\/#organization\",\"name\":\"Leili Motor\",\"url\":\"https:\/\/www.leili-motor.net\/de\/\",\"logo\":{\"@type\":\"ImageObject\",\"inLanguage\":\"de\",\"@id\":\"https:\/\/www.leili-motor.net\/de\/#\/schema\/logo\/image\/\",\"url\":\"https:\/\/www.leili-motor.net\/wp-content\/uploads\/2025\/03\/Leili-Motor.png\",\"contentUrl\":\"https:\/\/www.leili-motor.net\/wp-content\/uploads\/2025\/03\/Leili-Motor.png\",\"width\":600,\"height\":156,\"caption\":\"Leili Motor\"},\"image\":{\"@id\":\"https:\/\/www.leili-motor.net\/de\/#\/schema\/logo\/image\/\"}}]}<\/script>\n<!-- \/ Yoast SEO plugin. -->","yoast_head_json":{"title":"Radkappenbaugruppe f\u00fcr Automobile &#8211; Leili Motor","description":"Die Radkappenbaugruppe f\u00fcr Automobile bietet einen Drehmomentbereich von 27,1 bis 40,6 Nm und gew\u00e4hrleistet so eine konstante Leistung f\u00fcr Automobilanwendungen.","robots":{"index":"index","follow":"follow","max-snippet":"max-snippet:-1","max-image-preview":"max-image-preview:large","max-video-preview":"max-video-preview:-1"},"canonical":"https:\/\/www.leili-motor.net\/de\/radkappenbaugruppe-fuer-automobile.html","schema":{"@context":"https:\/\/schema.org","@graph":[{"@type":"WebPage","@id":"https:\/\/www.leili-motor.net\/de\/radkappenbaugruppe-fuer-automobile.html","url":"https:\/\/www.leili-motor.net\/de\/radkappenbaugruppe-fuer-automobile.html","name":"Radkappenbaugruppe f\u00fcr Automobile &#8211; Leili Motor","isPartOf":{"@id":"https:\/\/www.leili-motor.net\/de\/#website"},"primaryImageOfPage":{"@id":"https:\/\/www.leili-motor.net\/de\/radkappenbaugruppe-fuer-automobile.html#primaryimage"},"image":{"@id":"https:\/\/www.leili-motor.net\/de\/radkappenbaugruppe-fuer-automobile.html#primaryimage"},"thumbnailUrl":"https:\/\/www.leili-motor.net\/wp-content\/uploads\/2025\/03\/Automobile-Hub-Cap-Assembly.webp","datePublished":"2025-03-11T06:04:56+00:00","description":"Die Radkappenbaugruppe f\u00fcr Automobile bietet einen Drehmomentbereich von 27,1 bis 40,6 Nm und gew\u00e4hrleistet so eine konstante Leistung f\u00fcr Automobilanwendungen.","breadcrumb":{"@id":"https:\/\/www.leili-motor.net\/de\/radkappenbaugruppe-fuer-automobile.html#breadcrumb"},"inLanguage":"de","potentialAction":[{"@type":"ReadAction","target":["https:\/\/www.leili-motor.net\/de\/radkappenbaugruppe-fuer-automobile.html"]}]},{"@type":"ImageObject","inLanguage":"de","@id":"https:\/\/www.leili-motor.net\/de\/radkappenbaugruppe-fuer-automobile.html#primaryimage","url":"https:\/\/www.leili-motor.net\/wp-content\/uploads\/2025\/03\/Automobile-Hub-Cap-Assembly.webp","contentUrl":"https:\/\/www.leili-motor.net\/wp-content\/uploads\/2025\/03\/Automobile-Hub-Cap-Assembly.webp","width":454,"height":310,"caption":"Radkappenbaugruppe f\u00fcr Automobile"},{"@type":"BreadcrumbList","@id":"https:\/\/www.leili-motor.net\/de\/radkappenbaugruppe-fuer-automobile.html#breadcrumb","itemListElement":[{"@type":"ListItem","position":1,"name":"Home","item":"https:\/\/www.leili-motor.net\/de\/"},{"@type":"ListItem","position":2,"name":"Produkte","item":"https:\/\/www.leili-motor.net\/de\/produkte.html"},{"@type":"ListItem","position":3,"name":"Radkappenbaugruppe f\u00fcr Automobile"}]},{"@type":"WebSite","@id":"https:\/\/www.leili-motor.net\/de\/#website","url":"https:\/\/www.leili-motor.net\/de\/","name":"Leili Motor","description":"","publisher":{"@id":"https:\/\/www.leili-motor.net\/de\/#organization"},"potentialAction":[{"@type":"SearchAction","target":{"@type":"EntryPoint","urlTemplate":"https:\/\/www.leili-motor.net\/de\/?s={search_term_string}"},"query-input":{"@type":"PropertyValueSpecification","valueRequired":true,"valueName":"search_term_string"}}],"inLanguage":"de"},{"@type":"Organization","@id":"https:\/\/www.leili-motor.net\/de\/#organization","name":"Leili Motor","url":"https:\/\/www.leili-motor.net\/de\/","logo":{"@type":"ImageObject","inLanguage":"de","@id":"https:\/\/www.leili-motor.net\/de\/#\/schema\/logo\/image\/","url":"https:\/\/www.leili-motor.net\/wp-content\/uploads\/2025\/03\/Leili-Motor.png","contentUrl":"https:\/\/www.leili-motor.net\/wp-content\/uploads\/2025\/03\/Leili-Motor.png","width":600,"height":156,"caption":"Leili Motor"},"image":{"@id":"https:\/\/www.leili-motor.net\/de\/#\/schema\/logo\/image\/"}}]}},"_links":{"self":[{"href":"https:\/\/www.leili-motor.net\/de\/wp-json\/wp\/v2\/product\/8905","targetHints":{"allow":["GET"]}}],"collection":[{"href":"https:\/\/www.leili-motor.net\/de\/wp-json\/wp\/v2\/product"}],"about":[{"href":"https:\/\/www.leili-motor.net\/de\/wp-json\/wp\/v2\/types\/product"}],"replies":[{"embeddable":true,"href":"https:\/\/www.leili-motor.net\/de\/wp-json\/wp\/v2\/comments?post=8905"}],"wp:featuredmedia":[{"embeddable":true,"href":"https:\/\/www.leili-motor.net\/de\/wp-json\/wp\/v2\/media\/8906"}],"wp:attachment":[{"href":"https:\/\/www.leili-motor.net\/de\/wp-json\/wp\/v2\/media?parent=8905"}],"wp:term":[{"taxonomy":"product_brand","embeddable":true,"href":"https:\/\/www.leili-motor.net\/de\/wp-json\/wp\/v2\/product_brand?post=8905"},{"taxonomy":"product_cat","embeddable":true,"href":"https:\/\/www.leili-motor.net\/de\/wp-json\/wp\/v2\/product_cat?post=8905"},{"taxonomy":"product_tag","embeddable":true,"href":"https:\/\/www.leili-motor.net\/de\/wp-json\/wp\/v2\/product_tag?post=8905"}],"curies":[{"name":"wp","href":"https:\/\/api.w.org\/{rel}","templated":true}]}}