{"id":8927,"date":"2025-03-10T17:47:12","date_gmt":"2025-03-10T09:47:12","guid":{"rendered":"https:\/\/www.leili-motor.net\/bdfj1-5-praezises-temperaturregelgeraet\/"},"modified":"2025-03-10T17:47:12","modified_gmt":"2025-03-10T09:47:12","slug":"bdfj1-5-praezises-temperaturregelgeraet","status":"publish","type":"product","link":"https:\/\/www.leili-motor.net\/de\/bdfj1-5-praezises-temperaturregelgeraet.html","title":{"rendered":"BDFJ1-5 Pr\u00e4zises Temperaturregelger\u00e4t"},"content":{"rendered":"<h2>Produktparameter<\/h2>\n<table style=\"border-collapse: collapse; width: 702.02pt;\" border=\"0\" width=\"936\" cellspacing=\"0\" cellpadding=\"0\">\n<tbody>\n<tr style=\"height: 13.50pt;\">\n<td style=\"height: 13.50pt; width: 54.00pt;\" width=\"72\" height=\"18\">Stromspannung<br \/>\n(VDC)<\/td>\n<td style=\"width: 54.00pt;\" width=\"72\">Widerstand (25\u00b0C)<br \/>\n Q\/Phase<\/td>\n<td style=\"width: 54.00pt;\" width=\"72\">Schrittwinkel<\/td>\n<td style=\"width: 54.00pt;\" width=\"72\">Motoruntersetzungsverh\u00e4ltnis<\/td>\n<td style=\"width: 54.00pt;\" width=\"72\">Getriebeuntersetzung<\/td>\n<td style=\"width: 54.00pt;\" width=\"72\">Anzugsdrehmoment 300pps<br \/>\n(mN-m)<\/td>\n<td style=\"width: 54.00pt;\" width=\"72\">Anlaufspannung<br \/>\n(300pps)<\/td>\n<td style=\"width: 54.00pt;\" width=\"72\">Anlaufdrehmoment (mN\u00b7m)<\/td>\n<td style=\"width: 54.00pt;\" width=\"72\">Leerlauf-Anzugsfrequenz<br \/>\n(pps)<\/td>\n<td style=\"width: 54.00pt;\" width=\"72\">Leerlauf-Abrei\u00dffrequenz (pps)<\/td>\n<td style=\"width: 54.00pt;\" width=\"72\">Isolationswiderstand (DC500V)<br \/>\n(M\u03a9)<\/td>\n<td style=\"width: 54.00pt;\" width=\"72\">Temperaturanstieg<br \/>\n(K)<\/td>\n<td style=\"width: 54.00pt;\" width=\"72\">Ger\u00e4usch B(A)<\/td>\n<\/tr>\n<tr style=\"height: 13.50pt;\">\n<td style=\"height: 13.50pt;\" align=\"right\" height=\"18\">12<\/td>\n<td>200\u00b170%<\/td>\n<td>7.5\u00b0\/283<\/td>\n<td>1\/85.25<\/td>\n<td>1\/3.32<\/td>\n<td>\u226568.8<\/td>\n<td>10VDC<\/td>\n<td>\u226529.4<\/td>\n<td>\u2265400<\/td>\n<td>\u2265500<\/td>\n<td>\u2605\u2265100<\/td>\n<td>\u2264 60<\/td>\n<td>\u226445<\/td>\n<\/tr>\n<\/tbody>\n<\/table>\n<h2>Mechanische Abmessungen: mm<\/h2>\n<p><img fetchpriority=\"high\" decoding=\"async\" class=\"size-full wp-image-1792 aligncenter\" src=\"https:\/\/www.leili-motor.net\/wp-content\/uploads\/2025\/03\/Mechanical-Dimensions-for-BDFJ1-5-Precise-Temperature-Control-Device.webp\" alt=\"Mechanische Abmessungen f\u00fcr das BDFJ1-5-Pr\u00e4zisionstemperaturregelger\u00e4t\" width=\"1231\" height=\"777\" srcset=\"https:\/\/www.leili-motor.net\/wp-content\/uploads\/2025\/03\/Mechanical-Dimensions-for-BDFJ1-5-Precise-Temperature-Control-Device.webp 1231w, https:\/\/www.leili-motor.net\/wp-content\/uploads\/2025\/03\/Mechanical-Dimensions-for-BDFJ1-5-Precise-Temperature-Control-Device-300x189.webp 300w, https:\/\/www.leili-motor.net\/wp-content\/uploads\/2025\/03\/Mechanical-Dimensions-for-BDFJ1-5-Precise-Temperature-Control-Device-1024x646.webp 1024w, https:\/\/www.leili-motor.net\/wp-content\/uploads\/2025\/03\/Mechanical-Dimensions-for-BDFJ1-5-Precise-Temperature-Control-Device-768x485.webp 768w, https:\/\/www.leili-motor.net\/wp-content\/uploads\/2025\/03\/Mechanical-Dimensions-for-BDFJ1-5-Precise-Temperature-Control-Device-600x379.webp 600w\" sizes=\"(max-width: 1231px) 100vw, 1231px\" \/><\/p>\n<p>&nbsp;<\/p>\n","protected":false},"excerpt":{"rendered":"<h3>Produkteinf\u00fchrung<\/h3>\n<ul>\n<li>Geeignet f\u00fcr K\u00fchlschrank-Umw\u00e4lzsystem<\/li>\n<li>Motoruntersetzungsverh\u00e4ltnis: Verf\u00fcgt \u00fcber ein Untersetzungsverh\u00e4ltnis von 1\/85,25, wodurch das Motordrehmoment und die Geschwindigkeitseffizienz optimiert werden.<\/li>\n<li>Getriebeuntersetzungsverh\u00e4ltnis: Das Getriebeuntersetzungsverh\u00e4ltnis von 1\/3,32 verbessert die Drehmomentabgabe und minimiert gleichzeitig die Geschwindigkeit.<\/li>\n<li>Anzugsdrehmoment (300 pps): Erreicht ein Anzugsdrehmoment von \u2265 68,8 mN\u00b7m bei 300 Impulsen pro Sekunde f\u00fcr Stabilit\u00e4t.<\/li>\n<\/ul>\n<h3>Produktanwendung<\/h3>\n<ul>\n<li>Haushaltsger\u00e4te: K\u00fchlschrank<\/li>\n<\/ul>\n","protected":false},"featured_media":8928,"comment_status":"open","ping_status":"closed","template":"","meta":{"site-sidebar-layout":"default","site-content-layout":"","ast-site-content-layout":"default","site-content-style":"default","site-sidebar-style":"default","ast-global-header-display":"","ast-banner-title-visibility":"","ast-main-header-display":"","ast-hfb-above-header-display":"","ast-hfb-below-header-display":"","ast-hfb-mobile-header-display":"","site-post-title":"","ast-breadcrumbs-content":"","ast-featured-img":"","footer-sml-layout":"","theme-transparent-header-meta":"default","adv-header-id-meta":"","stick-header-meta":"","header-above-stick-meta":"","header-main-stick-meta":"","header-below-stick-meta":"","astra-migrate-meta-layouts":"default","ast-page-background-enabled":"default","ast-page-background-meta":{"desktop":{"background-color":"var(--ast-global-color-5)","background-image":"","background-repeat":"repeat","background-position":"center center","background-size":"auto","background-attachment":"scroll","background-type":"","background-media":"","overlay-type":"","overlay-color":"","overlay-opacity":"","overlay-gradient":""},"tablet":{"background-color":"","background-image":"","background-repeat":"repeat","background-position":"center center","background-size":"auto","background-attachment":"scroll","background-type":"","background-media":"","overlay-type":"","overlay-color":"","overlay-opacity":"","overlay-gradient":""},"mobile":{"background-color":"","background-image":"","background-repeat":"repeat","background-position":"center center","background-size":"auto","background-attachment":"scroll","background-type":"","background-media":"","overlay-type":"","overlay-color":"","overlay-opacity":"","overlay-gradient":""}},"ast-content-background-meta":{"desktop":{"background-color":"var(--ast-global-color-4)","background-image":"","background-repeat":"repeat","background-position":"center center","background-size":"auto","background-attachment":"scroll","background-type":"","background-media":"","overlay-type":"","overlay-color":"","overlay-opacity":"","overlay-gradient":""},"tablet":{"background-color":"var(--ast-global-color-4)","background-image":"","background-repeat":"repeat","background-position":"center center","background-size":"auto","background-attachment":"scroll","background-type":"","background-media":"","overlay-type":"","overlay-color":"","overlay-opacity":"","overlay-gradient":""},"mobile":{"background-color":"var(--ast-global-color-4)","background-image":"","background-repeat":"repeat","background-position":"center center","background-size":"auto","background-attachment":"scroll","background-type":"","background-media":"","overlay-type":"","overlay-color":"","overlay-opacity":"","overlay-gradient":""}}},"product_brand":[],"product_cat":[1027,1040],"product_tag":[833],"class_list":{"0":"post-8927","1":"product","2":"type-product","3":"status-publish","4":"has-post-thumbnail","6":"product_cat-komponenten","7":"product_cat-geratekomponenten","8":"product_tag-kuhlschrank-kreislaufsystem","9":"pa_application-haushaltsgerate","10":"desktop-align-left","11":"tablet-align-left","12":"mobile-align-left","14":"first","15":"instock","16":"shipping-taxable","17":"product-type-simple"},"yoast_head":"<!-- This site is optimized with the Yoast SEO plugin v27.2 - https:\/\/yoast.com\/product\/yoast-seo-wordpress\/ -->\n<title>BDFJ1-5 Pr\u00e4zises Temperaturregelger\u00e4t &#8211; Leili Motor<\/title>\n<meta name=\"description\" content=\"Das BDFJ1-5-Ger\u00e4t zur pr\u00e4zisen Temperaturregelung wird mit 12 VDC betrieben und liefert effiziente Leistung f\u00fcr eine stabile Leistung unter unterschiedlichen Bedingungen.\" \/>\n<meta name=\"robots\" content=\"index, follow, max-snippet:-1, max-image-preview:large, max-video-preview:-1\" \/>\n<link rel=\"canonical\" href=\"https:\/\/www.leili-motor.net\/de\/bdfj1-5-praezises-temperaturregelgeraet.html\" \/>\n<script type=\"application\/ld+json\" class=\"yoast-schema-graph\">{\"@context\":\"https:\/\/schema.org\",\"@graph\":[{\"@type\":\"WebPage\",\"@id\":\"https:\/\/www.leili-motor.net\/de\/bdfj1-5-praezises-temperaturregelgeraet.html\",\"url\":\"https:\/\/www.leili-motor.net\/de\/bdfj1-5-praezises-temperaturregelgeraet.html\",\"name\":\"BDFJ1-5 Pr\u00e4zises Temperaturregelger\u00e4t &#8211; Leili Motor\",\"isPartOf\":{\"@id\":\"https:\/\/www.leili-motor.net\/de\/#website\"},\"primaryImageOfPage\":{\"@id\":\"https:\/\/www.leili-motor.net\/de\/bdfj1-5-praezises-temperaturregelgeraet.html#primaryimage\"},\"image\":{\"@id\":\"https:\/\/www.leili-motor.net\/de\/bdfj1-5-praezises-temperaturregelgeraet.html#primaryimage\"},\"thumbnailUrl\":\"https:\/\/www.leili-motor.net\/wp-content\/uploads\/2025\/03\/BDFJ1-5-Precise-Temperature-Control-Device.webp\",\"datePublished\":\"2025-03-10T09:47:12+00:00\",\"description\":\"Das BDFJ1-5-Ger\u00e4t zur pr\u00e4zisen Temperaturregelung wird mit 12 VDC betrieben und liefert effiziente Leistung f\u00fcr eine stabile Leistung unter unterschiedlichen Bedingungen.\",\"breadcrumb\":{\"@id\":\"https:\/\/www.leili-motor.net\/de\/bdfj1-5-praezises-temperaturregelgeraet.html#breadcrumb\"},\"inLanguage\":\"de\",\"potentialAction\":[{\"@type\":\"ReadAction\",\"target\":[\"https:\/\/www.leili-motor.net\/de\/bdfj1-5-praezises-temperaturregelgeraet.html\"]}]},{\"@type\":\"ImageObject\",\"inLanguage\":\"de\",\"@id\":\"https:\/\/www.leili-motor.net\/de\/bdfj1-5-praezises-temperaturregelgeraet.html#primaryimage\",\"url\":\"https:\/\/www.leili-motor.net\/wp-content\/uploads\/2025\/03\/BDFJ1-5-Precise-Temperature-Control-Device.webp\",\"contentUrl\":\"https:\/\/www.leili-motor.net\/wp-content\/uploads\/2025\/03\/BDFJ1-5-Precise-Temperature-Control-Device.webp\",\"width\":454,\"height\":310,\"caption\":\"BDFJ1-5 Pr\u00e4zises Temperaturregelger\u00e4t\"},{\"@type\":\"BreadcrumbList\",\"@id\":\"https:\/\/www.leili-motor.net\/de\/bdfj1-5-praezises-temperaturregelgeraet.html#breadcrumb\",\"itemListElement\":[{\"@type\":\"ListItem\",\"position\":1,\"name\":\"Home\",\"item\":\"https:\/\/www.leili-motor.net\/de\/\"},{\"@type\":\"ListItem\",\"position\":2,\"name\":\"Produkte\",\"item\":\"https:\/\/www.leili-motor.net\/de\/produkte.html\"},{\"@type\":\"ListItem\",\"position\":3,\"name\":\"BDFJ1-5 Pr\u00e4zises Temperaturregelger\u00e4t\"}]},{\"@type\":\"WebSite\",\"@id\":\"https:\/\/www.leili-motor.net\/de\/#website\",\"url\":\"https:\/\/www.leili-motor.net\/de\/\",\"name\":\"Leili Motor\",\"description\":\"\",\"publisher\":{\"@id\":\"https:\/\/www.leili-motor.net\/de\/#organization\"},\"potentialAction\":[{\"@type\":\"SearchAction\",\"target\":{\"@type\":\"EntryPoint\",\"urlTemplate\":\"https:\/\/www.leili-motor.net\/de\/?s={search_term_string}\"},\"query-input\":{\"@type\":\"PropertyValueSpecification\",\"valueRequired\":true,\"valueName\":\"search_term_string\"}}],\"inLanguage\":\"de\"},{\"@type\":\"Organization\",\"@id\":\"https:\/\/www.leili-motor.net\/de\/#organization\",\"name\":\"Leili Motor\",\"url\":\"https:\/\/www.leili-motor.net\/de\/\",\"logo\":{\"@type\":\"ImageObject\",\"inLanguage\":\"de\",\"@id\":\"https:\/\/www.leili-motor.net\/de\/#\/schema\/logo\/image\/\",\"url\":\"https:\/\/www.leili-motor.net\/wp-content\/uploads\/2025\/03\/Leili-Motor.png\",\"contentUrl\":\"https:\/\/www.leili-motor.net\/wp-content\/uploads\/2025\/03\/Leili-Motor.png\",\"width\":600,\"height\":156,\"caption\":\"Leili Motor\"},\"image\":{\"@id\":\"https:\/\/www.leili-motor.net\/de\/#\/schema\/logo\/image\/\"}}]}<\/script>\n<!-- \/ Yoast SEO plugin. -->","yoast_head_json":{"title":"BDFJ1-5 Pr\u00e4zises Temperaturregelger\u00e4t &#8211; Leili Motor","description":"Das BDFJ1-5-Ger\u00e4t zur pr\u00e4zisen Temperaturregelung wird mit 12 VDC betrieben und liefert effiziente Leistung f\u00fcr eine stabile Leistung unter unterschiedlichen Bedingungen.","robots":{"index":"index","follow":"follow","max-snippet":"max-snippet:-1","max-image-preview":"max-image-preview:large","max-video-preview":"max-video-preview:-1"},"canonical":"https:\/\/www.leili-motor.net\/de\/bdfj1-5-praezises-temperaturregelgeraet.html","schema":{"@context":"https:\/\/schema.org","@graph":[{"@type":"WebPage","@id":"https:\/\/www.leili-motor.net\/de\/bdfj1-5-praezises-temperaturregelgeraet.html","url":"https:\/\/www.leili-motor.net\/de\/bdfj1-5-praezises-temperaturregelgeraet.html","name":"BDFJ1-5 Pr\u00e4zises Temperaturregelger\u00e4t &#8211; Leili Motor","isPartOf":{"@id":"https:\/\/www.leili-motor.net\/de\/#website"},"primaryImageOfPage":{"@id":"https:\/\/www.leili-motor.net\/de\/bdfj1-5-praezises-temperaturregelgeraet.html#primaryimage"},"image":{"@id":"https:\/\/www.leili-motor.net\/de\/bdfj1-5-praezises-temperaturregelgeraet.html#primaryimage"},"thumbnailUrl":"https:\/\/www.leili-motor.net\/wp-content\/uploads\/2025\/03\/BDFJ1-5-Precise-Temperature-Control-Device.webp","datePublished":"2025-03-10T09:47:12+00:00","description":"Das BDFJ1-5-Ger\u00e4t zur pr\u00e4zisen Temperaturregelung wird mit 12 VDC betrieben und liefert effiziente Leistung f\u00fcr eine stabile Leistung unter unterschiedlichen Bedingungen.","breadcrumb":{"@id":"https:\/\/www.leili-motor.net\/de\/bdfj1-5-praezises-temperaturregelgeraet.html#breadcrumb"},"inLanguage":"de","potentialAction":[{"@type":"ReadAction","target":["https:\/\/www.leili-motor.net\/de\/bdfj1-5-praezises-temperaturregelgeraet.html"]}]},{"@type":"ImageObject","inLanguage":"de","@id":"https:\/\/www.leili-motor.net\/de\/bdfj1-5-praezises-temperaturregelgeraet.html#primaryimage","url":"https:\/\/www.leili-motor.net\/wp-content\/uploads\/2025\/03\/BDFJ1-5-Precise-Temperature-Control-Device.webp","contentUrl":"https:\/\/www.leili-motor.net\/wp-content\/uploads\/2025\/03\/BDFJ1-5-Precise-Temperature-Control-Device.webp","width":454,"height":310,"caption":"BDFJ1-5 Pr\u00e4zises Temperaturregelger\u00e4t"},{"@type":"BreadcrumbList","@id":"https:\/\/www.leili-motor.net\/de\/bdfj1-5-praezises-temperaturregelgeraet.html#breadcrumb","itemListElement":[{"@type":"ListItem","position":1,"name":"Home","item":"https:\/\/www.leili-motor.net\/de\/"},{"@type":"ListItem","position":2,"name":"Produkte","item":"https:\/\/www.leili-motor.net\/de\/produkte.html"},{"@type":"ListItem","position":3,"name":"BDFJ1-5 Pr\u00e4zises Temperaturregelger\u00e4t"}]},{"@type":"WebSite","@id":"https:\/\/www.leili-motor.net\/de\/#website","url":"https:\/\/www.leili-motor.net\/de\/","name":"Leili Motor","description":"","publisher":{"@id":"https:\/\/www.leili-motor.net\/de\/#organization"},"potentialAction":[{"@type":"SearchAction","target":{"@type":"EntryPoint","urlTemplate":"https:\/\/www.leili-motor.net\/de\/?s={search_term_string}"},"query-input":{"@type":"PropertyValueSpecification","valueRequired":true,"valueName":"search_term_string"}}],"inLanguage":"de"},{"@type":"Organization","@id":"https:\/\/www.leili-motor.net\/de\/#organization","name":"Leili Motor","url":"https:\/\/www.leili-motor.net\/de\/","logo":{"@type":"ImageObject","inLanguage":"de","@id":"https:\/\/www.leili-motor.net\/de\/#\/schema\/logo\/image\/","url":"https:\/\/www.leili-motor.net\/wp-content\/uploads\/2025\/03\/Leili-Motor.png","contentUrl":"https:\/\/www.leili-motor.net\/wp-content\/uploads\/2025\/03\/Leili-Motor.png","width":600,"height":156,"caption":"Leili Motor"},"image":{"@id":"https:\/\/www.leili-motor.net\/de\/#\/schema\/logo\/image\/"}}]}},"_links":{"self":[{"href":"https:\/\/www.leili-motor.net\/de\/wp-json\/wp\/v2\/product\/8927","targetHints":{"allow":["GET"]}}],"collection":[{"href":"https:\/\/www.leili-motor.net\/de\/wp-json\/wp\/v2\/product"}],"about":[{"href":"https:\/\/www.leili-motor.net\/de\/wp-json\/wp\/v2\/types\/product"}],"replies":[{"embeddable":true,"href":"https:\/\/www.leili-motor.net\/de\/wp-json\/wp\/v2\/comments?post=8927"}],"wp:featuredmedia":[{"embeddable":true,"href":"https:\/\/www.leili-motor.net\/de\/wp-json\/wp\/v2\/media\/8928"}],"wp:attachment":[{"href":"https:\/\/www.leili-motor.net\/de\/wp-json\/wp\/v2\/media?parent=8927"}],"wp:term":[{"taxonomy":"product_brand","embeddable":true,"href":"https:\/\/www.leili-motor.net\/de\/wp-json\/wp\/v2\/product_brand?post=8927"},{"taxonomy":"product_cat","embeddable":true,"href":"https:\/\/www.leili-motor.net\/de\/wp-json\/wp\/v2\/product_cat?post=8927"},{"taxonomy":"product_tag","embeddable":true,"href":"https:\/\/www.leili-motor.net\/de\/wp-json\/wp\/v2\/product_tag?post=8927"}],"curies":[{"name":"wp","href":"https:\/\/api.w.org\/{rel}","templated":true}]}}