{"id":8987,"date":"2025-03-07T16:02:13","date_gmt":"2025-03-07T08:02:13","guid":{"rendered":"https:\/\/www.leili-motor.net\/42by412m-clamshell-mechanismus\/"},"modified":"2025-03-07T16:02:13","modified_gmt":"2025-03-07T08:02:13","slug":"42by412m-clamshell-mechanismus","status":"publish","type":"product","link":"https:\/\/www.leili-motor.net\/de\/42by412m-clamshell-mechanismus.html","title":{"rendered":"42BY412M Clamshell-Mechanismus"},"content":{"rendered":"<h2>Produktparameter<\/h2>\n<table>\n<tbody>\n<tr>\n<td>Modell<\/td>\n<td>Schrittwinkel<\/td>\n<td>Antriebsmethode<\/td>\n<td>Antriebsschaltung<\/td>\n<td>Antriebsspannung<\/td>\n<td>Aktuell<\/td>\n<td>Spulenwiderstand<\/td>\n<td>Isolationswiderstand<\/td>\n<td>Isolations- und Spannungsfestigkeit<\/td>\n<td>Sonneneinstrahlungsniveau<\/td>\n<\/tr>\n<tr>\n<td>42BY412M<\/td>\n<td>7,5\u00b0\/Schritt<\/td>\n<td>2-2PHASE<\/td>\n<td>BIPOLAR<\/td>\n<td>24[\u03a9]<\/td>\n<td><\/td>\n<td>6[\u03a9]<\/td>\n<td>100 M[\u03a9]MIN<\/td>\n<td>Wechselstrom 500[V]1[min]<\/td>\n<td>KLASSE E<\/td>\n<\/tr>\n<\/tbody>\n<\/table>\n<h2>Mechanische Abmessungen: mm<\/h2>\n<p><img fetchpriority=\"high\" decoding=\"async\" class=\"size-full wp-image-1278 aligncenter\" src=\"https:\/\/www.leili-motor.net\/wp-content\/uploads\/2025\/03\/Mechanical-Dimensions-for-42BY412M-Clamshell-Mechanism.webp\" alt=\"Mechanische Abmessungen f\u00fcr 42BY412M Clamshell-Mechanismus\" width=\"900\" height=\"525\" srcset=\"https:\/\/www.leili-motor.net\/wp-content\/uploads\/2025\/03\/Mechanical-Dimensions-for-42BY412M-Clamshell-Mechanism.webp 900w, https:\/\/www.leili-motor.net\/wp-content\/uploads\/2025\/03\/Mechanical-Dimensions-for-42BY412M-Clamshell-Mechanism-300x175.webp 300w, https:\/\/www.leili-motor.net\/wp-content\/uploads\/2025\/03\/Mechanical-Dimensions-for-42BY412M-Clamshell-Mechanism-768x448.webp 768w, https:\/\/www.leili-motor.net\/wp-content\/uploads\/2025\/03\/Mechanical-Dimensions-for-42BY412M-Clamshell-Mechanism-600x350.webp 600w\" sizes=\"(max-width: 900px) 100vw, 900px\" \/><\/p>\n<h2> Leistungskurven<\/h2>\n<p><img decoding=\"async\" class=\"size-full wp-image-1298 aligncenter\" src=\"https:\/\/www.leili-motor.net\/wp-content\/uploads\/2025\/03\/Performance-Curves-For-42BY412M-Clamshell-Mechanism.webp\" alt=\"Leistungskurven f\u00fcr den Clamshell-Mechanismus 42BY412M\" width=\"900\" height=\"457\" srcset=\"https:\/\/www.leili-motor.net\/wp-content\/uploads\/2025\/03\/Performance-Curves-For-42BY412M-Clamshell-Mechanism.webp 900w, https:\/\/www.leili-motor.net\/wp-content\/uploads\/2025\/03\/Performance-Curves-For-42BY412M-Clamshell-Mechanism-300x152.webp 300w, https:\/\/www.leili-motor.net\/wp-content\/uploads\/2025\/03\/Performance-Curves-For-42BY412M-Clamshell-Mechanism-768x390.webp 768w, https:\/\/www.leili-motor.net\/wp-content\/uploads\/2025\/03\/Performance-Curves-For-42BY412M-Clamshell-Mechanism-600x305.webp 600w\" sizes=\"(max-width: 900px) 100vw, 900px\" \/><\/p>\n<p>&nbsp;<\/p>\n","protected":false},"excerpt":{"rendered":"<h3>Produkteinf\u00fchrung<\/h3>\n<ul>\n<li>Der Clamshell-Mechanismus wird haupts\u00e4chlich f\u00fcr intelligente Toilettendeckel verwendet<\/li>\n<li>Pr\u00e4ziser Schrittwinkel: 7,5\u00b0 pro Schritt, bietet genaue Bewegungskontrolle f\u00fcr verbesserte Leistung.<\/li>\n<li>Zuverl\u00e4ssiges Antriebssystem: Bipolarer 2-2-Phasenantrieb gew\u00e4hrleistet stabilen, gleichm\u00e4\u00dfigen Betrieb.<\/li>\n<li>Hohe Isolierung: Isolationsklasse E mit 500 V Wechselstromwiderstand sorgt f\u00fcr Sicherheit und lange Haltbarkeit.<\/li>\n<\/ul>\n<h3>Produktanwendung<\/h3>\n<p>Haushaltsger\u00e4te: Intelligente Sanit\u00e4rkeramik<\/p>\n","protected":false},"featured_media":8988,"comment_status":"open","ping_status":"closed","template":"","meta":{"site-sidebar-layout":"default","site-content-layout":"","ast-site-content-layout":"default","site-content-style":"default","site-sidebar-style":"default","ast-global-header-display":"","ast-banner-title-visibility":"","ast-main-header-display":"","ast-hfb-above-header-display":"","ast-hfb-below-header-display":"","ast-hfb-mobile-header-display":"","site-post-title":"","ast-breadcrumbs-content":"","ast-featured-img":"","footer-sml-layout":"","theme-transparent-header-meta":"default","adv-header-id-meta":"","stick-header-meta":"","header-above-stick-meta":"","header-main-stick-meta":"","header-below-stick-meta":"","astra-migrate-meta-layouts":"default","ast-page-background-enabled":"default","ast-page-background-meta":{"desktop":{"background-color":"var(--ast-global-color-5)","background-image":"","background-repeat":"repeat","background-position":"center center","background-size":"auto","background-attachment":"scroll","background-type":"","background-media":"","overlay-type":"","overlay-color":"","overlay-opacity":"","overlay-gradient":""},"tablet":{"background-color":"","background-image":"","background-repeat":"repeat","background-position":"center center","background-size":"auto","background-attachment":"scroll","background-type":"","background-media":"","overlay-type":"","overlay-color":"","overlay-opacity":"","overlay-gradient":""},"mobile":{"background-color":"","background-image":"","background-repeat":"repeat","background-position":"center center","background-size":"auto","background-attachment":"scroll","background-type":"","background-media":"","overlay-type":"","overlay-color":"","overlay-opacity":"","overlay-gradient":""}},"ast-content-background-meta":{"desktop":{"background-color":"var(--ast-global-color-4)","background-image":"","background-repeat":"repeat","background-position":"center center","background-size":"auto","background-attachment":"scroll","background-type":"","background-media":"","overlay-type":"","overlay-color":"","overlay-opacity":"","overlay-gradient":""},"tablet":{"background-color":"var(--ast-global-color-4)","background-image":"","background-repeat":"repeat","background-position":"center center","background-size":"auto","background-attachment":"scroll","background-type":"","background-media":"","overlay-type":"","overlay-color":"","overlay-opacity":"","overlay-gradient":""},"mobile":{"background-color":"var(--ast-global-color-4)","background-image":"","background-repeat":"repeat","background-position":"center center","background-size":"auto","background-attachment":"scroll","background-type":"","background-media":"","overlay-type":"","overlay-color":"","overlay-opacity":"","overlay-gradient":""}}},"product_brand":[],"product_cat":[1027,1040],"product_tag":[1044],"class_list":{"0":"post-8987","1":"product","2":"type-product","3":"status-publish","4":"has-post-thumbnail","6":"product_cat-komponenten","7":"product_cat-geratekomponenten","8":"product_tag-intelligente-sanitarkeramik-clamshell-system","9":"pa_application-haushaltsgerate","10":"desktop-align-left","11":"tablet-align-left","12":"mobile-align-left","14":"first","15":"instock","16":"shipping-taxable","17":"product-type-simple"},"yoast_head":"<!-- This site is optimized with the Yoast SEO plugin v27.2 - https:\/\/yoast.com\/product\/yoast-seo-wordpress\/ -->\n<title>42BY412M Clamshell-Mechanismus &#8211; Leili Motor<\/title>\n<meta name=\"description\" content=\"Unser f\u00fcr intelligente Toilettendeckel entwickelter Clamshell-Mechanismus 42BY412M bietet pr\u00e4zise Bewegung, zuverl\u00e4ssigen bipolaren Antrieb und langlebige Isolierung der Klasse E.\" \/>\n<meta name=\"robots\" content=\"index, follow, max-snippet:-1, max-image-preview:large, max-video-preview:-1\" \/>\n<link rel=\"canonical\" href=\"https:\/\/www.leili-motor.net\/de\/42by412m-clamshell-mechanismus.html\" \/>\n<script type=\"application\/ld+json\" class=\"yoast-schema-graph\">{\"@context\":\"https:\/\/schema.org\",\"@graph\":[{\"@type\":\"WebPage\",\"@id\":\"https:\/\/www.leili-motor.net\/de\/42by412m-clamshell-mechanismus.html\",\"url\":\"https:\/\/www.leili-motor.net\/de\/42by412m-clamshell-mechanismus.html\",\"name\":\"42BY412M Clamshell-Mechanismus &#8211; Leili Motor\",\"isPartOf\":{\"@id\":\"https:\/\/www.leili-motor.net\/de\/#website\"},\"primaryImageOfPage\":{\"@id\":\"https:\/\/www.leili-motor.net\/de\/42by412m-clamshell-mechanismus.html#primaryimage\"},\"image\":{\"@id\":\"https:\/\/www.leili-motor.net\/de\/42by412m-clamshell-mechanismus.html#primaryimage\"},\"thumbnailUrl\":\"https:\/\/www.leili-motor.net\/wp-content\/uploads\/2025\/03\/42BY412M-Clamshell-Mechanism.webp\",\"datePublished\":\"2025-03-07T08:02:13+00:00\",\"description\":\"Unser f\u00fcr intelligente Toilettendeckel entwickelter Clamshell-Mechanismus 42BY412M bietet pr\u00e4zise Bewegung, zuverl\u00e4ssigen bipolaren Antrieb und langlebige Isolierung der Klasse E.\",\"breadcrumb\":{\"@id\":\"https:\/\/www.leili-motor.net\/de\/42by412m-clamshell-mechanismus.html#breadcrumb\"},\"inLanguage\":\"de\",\"potentialAction\":[{\"@type\":\"ReadAction\",\"target\":[\"https:\/\/www.leili-motor.net\/de\/42by412m-clamshell-mechanismus.html\"]}]},{\"@type\":\"ImageObject\",\"inLanguage\":\"de\",\"@id\":\"https:\/\/www.leili-motor.net\/de\/42by412m-clamshell-mechanismus.html#primaryimage\",\"url\":\"https:\/\/www.leili-motor.net\/wp-content\/uploads\/2025\/03\/42BY412M-Clamshell-Mechanism.webp\",\"contentUrl\":\"https:\/\/www.leili-motor.net\/wp-content\/uploads\/2025\/03\/42BY412M-Clamshell-Mechanism.webp\",\"width\":454,\"height\":310,\"caption\":\"42BY412M Clamshell-Mechanismus\"},{\"@type\":\"BreadcrumbList\",\"@id\":\"https:\/\/www.leili-motor.net\/de\/42by412m-clamshell-mechanismus.html#breadcrumb\",\"itemListElement\":[{\"@type\":\"ListItem\",\"position\":1,\"name\":\"Home\",\"item\":\"https:\/\/www.leili-motor.net\/de\/\"},{\"@type\":\"ListItem\",\"position\":2,\"name\":\"Produkte\",\"item\":\"https:\/\/www.leili-motor.net\/de\/produkte.html\"},{\"@type\":\"ListItem\",\"position\":3,\"name\":\"42BY412M Clamshell-Mechanismus\"}]},{\"@type\":\"WebSite\",\"@id\":\"https:\/\/www.leili-motor.net\/de\/#website\",\"url\":\"https:\/\/www.leili-motor.net\/de\/\",\"name\":\"Leili Motor\",\"description\":\"\",\"publisher\":{\"@id\":\"https:\/\/www.leili-motor.net\/de\/#organization\"},\"potentialAction\":[{\"@type\":\"SearchAction\",\"target\":{\"@type\":\"EntryPoint\",\"urlTemplate\":\"https:\/\/www.leili-motor.net\/de\/?s={search_term_string}\"},\"query-input\":{\"@type\":\"PropertyValueSpecification\",\"valueRequired\":true,\"valueName\":\"search_term_string\"}}],\"inLanguage\":\"de\"},{\"@type\":\"Organization\",\"@id\":\"https:\/\/www.leili-motor.net\/de\/#organization\",\"name\":\"Leili Motor\",\"url\":\"https:\/\/www.leili-motor.net\/de\/\",\"logo\":{\"@type\":\"ImageObject\",\"inLanguage\":\"de\",\"@id\":\"https:\/\/www.leili-motor.net\/de\/#\/schema\/logo\/image\/\",\"url\":\"https:\/\/www.leili-motor.net\/wp-content\/uploads\/2025\/03\/Leili-Motor.png\",\"contentUrl\":\"https:\/\/www.leili-motor.net\/wp-content\/uploads\/2025\/03\/Leili-Motor.png\",\"width\":600,\"height\":156,\"caption\":\"Leili Motor\"},\"image\":{\"@id\":\"https:\/\/www.leili-motor.net\/de\/#\/schema\/logo\/image\/\"}}]}<\/script>\n<!-- \/ Yoast SEO plugin. -->","yoast_head_json":{"title":"42BY412M Clamshell-Mechanismus &#8211; Leili Motor","description":"Unser f\u00fcr intelligente Toilettendeckel entwickelter Clamshell-Mechanismus 42BY412M bietet pr\u00e4zise Bewegung, zuverl\u00e4ssigen bipolaren Antrieb und langlebige Isolierung der Klasse E.","robots":{"index":"index","follow":"follow","max-snippet":"max-snippet:-1","max-image-preview":"max-image-preview:large","max-video-preview":"max-video-preview:-1"},"canonical":"https:\/\/www.leili-motor.net\/de\/42by412m-clamshell-mechanismus.html","schema":{"@context":"https:\/\/schema.org","@graph":[{"@type":"WebPage","@id":"https:\/\/www.leili-motor.net\/de\/42by412m-clamshell-mechanismus.html","url":"https:\/\/www.leili-motor.net\/de\/42by412m-clamshell-mechanismus.html","name":"42BY412M Clamshell-Mechanismus &#8211; Leili Motor","isPartOf":{"@id":"https:\/\/www.leili-motor.net\/de\/#website"},"primaryImageOfPage":{"@id":"https:\/\/www.leili-motor.net\/de\/42by412m-clamshell-mechanismus.html#primaryimage"},"image":{"@id":"https:\/\/www.leili-motor.net\/de\/42by412m-clamshell-mechanismus.html#primaryimage"},"thumbnailUrl":"https:\/\/www.leili-motor.net\/wp-content\/uploads\/2025\/03\/42BY412M-Clamshell-Mechanism.webp","datePublished":"2025-03-07T08:02:13+00:00","description":"Unser f\u00fcr intelligente Toilettendeckel entwickelter Clamshell-Mechanismus 42BY412M bietet pr\u00e4zise Bewegung, zuverl\u00e4ssigen bipolaren Antrieb und langlebige Isolierung der Klasse E.","breadcrumb":{"@id":"https:\/\/www.leili-motor.net\/de\/42by412m-clamshell-mechanismus.html#breadcrumb"},"inLanguage":"de","potentialAction":[{"@type":"ReadAction","target":["https:\/\/www.leili-motor.net\/de\/42by412m-clamshell-mechanismus.html"]}]},{"@type":"ImageObject","inLanguage":"de","@id":"https:\/\/www.leili-motor.net\/de\/42by412m-clamshell-mechanismus.html#primaryimage","url":"https:\/\/www.leili-motor.net\/wp-content\/uploads\/2025\/03\/42BY412M-Clamshell-Mechanism.webp","contentUrl":"https:\/\/www.leili-motor.net\/wp-content\/uploads\/2025\/03\/42BY412M-Clamshell-Mechanism.webp","width":454,"height":310,"caption":"42BY412M Clamshell-Mechanismus"},{"@type":"BreadcrumbList","@id":"https:\/\/www.leili-motor.net\/de\/42by412m-clamshell-mechanismus.html#breadcrumb","itemListElement":[{"@type":"ListItem","position":1,"name":"Home","item":"https:\/\/www.leili-motor.net\/de\/"},{"@type":"ListItem","position":2,"name":"Produkte","item":"https:\/\/www.leili-motor.net\/de\/produkte.html"},{"@type":"ListItem","position":3,"name":"42BY412M Clamshell-Mechanismus"}]},{"@type":"WebSite","@id":"https:\/\/www.leili-motor.net\/de\/#website","url":"https:\/\/www.leili-motor.net\/de\/","name":"Leili Motor","description":"","publisher":{"@id":"https:\/\/www.leili-motor.net\/de\/#organization"},"potentialAction":[{"@type":"SearchAction","target":{"@type":"EntryPoint","urlTemplate":"https:\/\/www.leili-motor.net\/de\/?s={search_term_string}"},"query-input":{"@type":"PropertyValueSpecification","valueRequired":true,"valueName":"search_term_string"}}],"inLanguage":"de"},{"@type":"Organization","@id":"https:\/\/www.leili-motor.net\/de\/#organization","name":"Leili Motor","url":"https:\/\/www.leili-motor.net\/de\/","logo":{"@type":"ImageObject","inLanguage":"de","@id":"https:\/\/www.leili-motor.net\/de\/#\/schema\/logo\/image\/","url":"https:\/\/www.leili-motor.net\/wp-content\/uploads\/2025\/03\/Leili-Motor.png","contentUrl":"https:\/\/www.leili-motor.net\/wp-content\/uploads\/2025\/03\/Leili-Motor.png","width":600,"height":156,"caption":"Leili Motor"},"image":{"@id":"https:\/\/www.leili-motor.net\/de\/#\/schema\/logo\/image\/"}}]}},"_links":{"self":[{"href":"https:\/\/www.leili-motor.net\/de\/wp-json\/wp\/v2\/product\/8987","targetHints":{"allow":["GET"]}}],"collection":[{"href":"https:\/\/www.leili-motor.net\/de\/wp-json\/wp\/v2\/product"}],"about":[{"href":"https:\/\/www.leili-motor.net\/de\/wp-json\/wp\/v2\/types\/product"}],"replies":[{"embeddable":true,"href":"https:\/\/www.leili-motor.net\/de\/wp-json\/wp\/v2\/comments?post=8987"}],"wp:featuredmedia":[{"embeddable":true,"href":"https:\/\/www.leili-motor.net\/de\/wp-json\/wp\/v2\/media\/8988"}],"wp:attachment":[{"href":"https:\/\/www.leili-motor.net\/de\/wp-json\/wp\/v2\/media?parent=8987"}],"wp:term":[{"taxonomy":"product_brand","embeddable":true,"href":"https:\/\/www.leili-motor.net\/de\/wp-json\/wp\/v2\/product_brand?post=8987"},{"taxonomy":"product_cat","embeddable":true,"href":"https:\/\/www.leili-motor.net\/de\/wp-json\/wp\/v2\/product_cat?post=8987"},{"taxonomy":"product_tag","embeddable":true,"href":"https:\/\/www.leili-motor.net\/de\/wp-json\/wp\/v2\/product_tag?post=8987"}],"curies":[{"name":"wp","href":"https:\/\/api.w.org\/{rel}","templated":true}]}}