{"id":11560,"date":"2025-05-30T15:25:33","date_gmt":"2025-05-30T07:25:33","guid":{"rendered":"https:\/\/www.leili-motor.net\/ventilador-centrifugo-de-curvatura-inversa-%cf%86280-ec\/"},"modified":"2025-05-30T15:25:33","modified_gmt":"2025-05-30T07:25:33","slug":"ventilador-centrifugo-de-curvatura-inversa-%cf%86280-ec","status":"publish","type":"product","link":"https:\/\/www.leili-motor.net\/es\/ventilador-centrifugo-de-curvatura-inversa-%CF%86280-ec.html","title":{"rendered":"Ventilador centr\u00edfugo de curvatura inversa \u03a6280 EC"},"content":{"rendered":"<h2>Par\u00e1metros de rendimiento<\/h2>\n<table>\n<tbody>\n<tr>\n<td>Tipo<\/td>\n<td>Calificado<br \/>\nVoltaje<br \/>\n(VAC)<\/td>\n<td>Frecuencia<br \/>\n (Hz)<\/td>\n<td>Velocidad<br \/>\n(r\/min)<\/td>\n<td>Potencia<br \/>\nm\u00e1xima<br \/>\nde entrada (W)<\/td>\n<td>Nivel<br \/>\nde presi\u00f3n<br \/>\nsonora<br \/>\n(@1m) (dB(A))<\/td>\n<td>Temperatura<br \/>\nambiente (\u2103)<\/td>\n<td>M\u00e9todo<br \/>\nde cableado<\/td>\n<\/tr>\n<tr>\n<td>BF280A-WE102C-2A19-02<\/td>\n<td>230<\/td>\n<td>50\/60<\/td>\n<td>2600<\/td>\n<td>490<\/td>\n<td>79<\/td>\n<td>-25\uff5e+60<\/td>\n<td>W1<\/td>\n<\/tr>\n<\/tbody>\n<\/table>\n<h2>Dimensiones <span style=\"font-size: 1.7em; font-weight: bold;\">mec\u00e1nicas: mm<\/span><\/h2>\n<h2 style=\"font-style: normal;\"><img fetchpriority=\"high\" decoding=\"async\" class=\"size-full wp-image-10173 aligncenter\" style=\"font-size: 1.7em;\" src=\"https:\/\/www.leili-motor.net\/wp-content\/uploads\/2025\/05\/%CE%A6280-EC-Backward-curved-Centrifugal-Fan-1.png\" alt=\"Ventilador centr\u00edfugo de curvatura inversa \u03a6280 EC\" width=\"800\" height=\"361\"><\/h2>\n<h2>Curva de rendimiento del ventilador<\/h2>\n<p><img decoding=\"async\" class=\"size-full wp-image-10176 aligncenter\" src=\"https:\/\/www.leili-motor.net\/wp-content\/uploads\/2025\/05\/%CE%A6280-EC-Backward-curved-Centrifugal-Fan-Curve.png\" alt=\"Curva del ventilador centr\u00edfugo de curvatura inversa \u03a6280 EC\" width=\"838\" height=\"289\"><\/p>\n","protected":false},"excerpt":{"rendered":"<h3>Introducci\u00f3n del producto<\/h3>\n<ul>\n<li>Motor EC, 230 V, 50\/60 Hz, 2600 RPM, protecci\u00f3n IP54, arranque suave, protecci\u00f3n t\u00e9rmica.<\/li>\n<li>490 W de potencia, ruido de 79 dB(A), -25 ~ +60 \u00b0C, rodamientos de bolas, protecci\u00f3n contra fallos de corriente y fase.<\/li>\n<li>Impulsor de PP, aislamiento clase B, certificado CCC y CE, admite control de entrada 0-10 VCC\/PWM.<\/li>\n<\/ul>\n","protected":false},"featured_media":10182,"comment_status":"closed","ping_status":"closed","template":"","meta":{"site-sidebar-layout":"default","site-content-layout":"","ast-site-content-layout":"default","site-content-style":"default","site-sidebar-style":"default","ast-global-header-display":"","ast-banner-title-visibility":"","ast-main-header-display":"","ast-hfb-above-header-display":"","ast-hfb-below-header-display":"","ast-hfb-mobile-header-display":"","site-post-title":"","ast-breadcrumbs-content":"","ast-featured-img":"","footer-sml-layout":"","theme-transparent-header-meta":"default","adv-header-id-meta":"","stick-header-meta":"","header-above-stick-meta":"","header-main-stick-meta":"","header-below-stick-meta":"","astra-migrate-meta-layouts":"default","ast-page-background-enabled":"default","ast-page-background-meta":{"desktop":{"background-color":"var(--ast-global-color-5)","background-image":"","background-repeat":"repeat","background-position":"center center","background-size":"auto","background-attachment":"scroll","background-type":"","background-media":"","overlay-type":"","overlay-color":"","overlay-opacity":"","overlay-gradient":""},"tablet":{"background-color":"","background-image":"","background-repeat":"repeat","background-position":"center center","background-size":"auto","background-attachment":"scroll","background-type":"","background-media":"","overlay-type":"","overlay-color":"","overlay-opacity":"","overlay-gradient":""},"mobile":{"background-color":"","background-image":"","background-repeat":"repeat","background-position":"center center","background-size":"auto","background-attachment":"scroll","background-type":"","background-media":"","overlay-type":"","overlay-color":"","overlay-opacity":"","overlay-gradient":""}},"ast-content-background-meta":{"desktop":{"background-color":"var(--ast-global-color-4)","background-image":"","background-repeat":"repeat","background-position":"center center","background-size":"auto","background-attachment":"scroll","background-type":"","background-media":"","overlay-type":"","overlay-color":"","overlay-opacity":"","overlay-gradient":""},"tablet":{"background-color":"var(--ast-global-color-4)","background-image":"","background-repeat":"repeat","background-position":"center center","background-size":"auto","background-attachment":"scroll","background-type":"","background-media":"","overlay-type":"","overlay-color":"","overlay-opacity":"","overlay-gradient":""},"mobile":{"background-color":"var(--ast-global-color-4)","background-image":"","background-repeat":"repeat","background-position":"center center","background-size":"auto","background-attachment":"scroll","background-type":"","background-media":"","overlay-type":"","overlay-color":"","overlay-opacity":"","overlay-gradient":""}}},"product_brand":[],"product_cat":[1071,1075],"product_tag":[],"class_list":{"0":"post-11560","1":"product","2":"type-product","3":"status-publish","4":"has-post-thumbnail","6":"product_cat-motor-de-alta-eficiencia","7":"product_cat-ventilador-centrifugo-ec","8":"desktop-align-left","9":"tablet-align-left","10":"mobile-align-left","12":"first","13":"instock","14":"shipping-taxable","15":"product-type-simple"},"yoast_head":"<!-- This site is optimized with the Yoast SEO plugin v27.2 - https:\/\/yoast.com\/product\/yoast-seo-wordpress\/ -->\n<title>Ventilador centr\u00edfugo de curvatura inversa \u03a6280 EC &#8211; Leili Motor<\/title>\n<meta name=\"description\" content=\"Ventilador centr\u00edfugo de curvatura inversa \u03a6280 EC con protecci\u00f3n IP54, control 0-10 V\/PWM, aislamiento Clase B y alta eficiencia de 490 W.\" \/>\n<meta name=\"robots\" content=\"index, follow, max-snippet:-1, max-image-preview:large, max-video-preview:-1\" \/>\n<link rel=\"canonical\" href=\"https:\/\/www.leili-motor.net\/es\/ventilador-centrifugo-de-curvatura-inversa-%CF%86280-ec.html\" \/>\n<script type=\"application\/ld+json\" class=\"yoast-schema-graph\">{\"@context\":\"https:\/\/schema.org\",\"@graph\":[{\"@type\":\"WebPage\",\"@id\":\"https:\/\/www.leili-motor.net\/es\/ventilador-centrifugo-de-curvatura-inversa-%CF%86280-ec.html\",\"url\":\"https:\/\/www.leili-motor.net\/es\/ventilador-centrifugo-de-curvatura-inversa-%CF%86280-ec.html\",\"name\":\"Ventilador centr\u00edfugo de curvatura inversa \u03a6280 EC &#8211; Leili Motor\",\"isPartOf\":{\"@id\":\"https:\/\/www.leili-motor.net\/es\/#website\"},\"primaryImageOfPage\":{\"@id\":\"https:\/\/www.leili-motor.net\/es\/ventilador-centrifugo-de-curvatura-inversa-%CF%86280-ec.html#primaryimage\"},\"image\":{\"@id\":\"https:\/\/www.leili-motor.net\/es\/ventilador-centrifugo-de-curvatura-inversa-%CF%86280-ec.html#primaryimage\"},\"thumbnailUrl\":\"https:\/\/www.leili-motor.net\/wp-content\/uploads\/2025\/05\/\u03a6280-EC-Backward-curved-Centrifugal-Fan.jpg\",\"datePublished\":\"2025-05-30T07:25:33+00:00\",\"description\":\"Ventilador centr\u00edfugo de curvatura inversa \u03a6280 EC con protecci\u00f3n IP54, control 0-10 V\/PWM, aislamiento Clase B y alta eficiencia de 490 W.\",\"breadcrumb\":{\"@id\":\"https:\/\/www.leili-motor.net\/es\/ventilador-centrifugo-de-curvatura-inversa-%CF%86280-ec.html#breadcrumb\"},\"inLanguage\":\"es\",\"potentialAction\":[{\"@type\":\"ReadAction\",\"target\":[\"https:\/\/www.leili-motor.net\/es\/ventilador-centrifugo-de-curvatura-inversa-%CF%86280-ec.html\"]}]},{\"@type\":\"ImageObject\",\"inLanguage\":\"es\",\"@id\":\"https:\/\/www.leili-motor.net\/es\/ventilador-centrifugo-de-curvatura-inversa-%CF%86280-ec.html#primaryimage\",\"url\":\"https:\/\/www.leili-motor.net\/wp-content\/uploads\/2025\/05\/\u03a6280-EC-Backward-curved-Centrifugal-Fan.jpg\",\"contentUrl\":\"https:\/\/www.leili-motor.net\/wp-content\/uploads\/2025\/05\/\u03a6280-EC-Backward-curved-Centrifugal-Fan.jpg\",\"width\":454,\"height\":310,\"caption\":\"\u03a6280 EC Backward-curved Centrifugal Fan\"},{\"@type\":\"BreadcrumbList\",\"@id\":\"https:\/\/www.leili-motor.net\/es\/ventilador-centrifugo-de-curvatura-inversa-%CF%86280-ec.html#breadcrumb\",\"itemListElement\":[{\"@type\":\"ListItem\",\"position\":1,\"name\":\"Home\",\"item\":\"https:\/\/www.leili-motor.net\/es\/hogar\/\"},{\"@type\":\"ListItem\",\"position\":2,\"name\":\"Productos\",\"item\":\"https:\/\/www.leili-motor.net\/es\/productos\/\"},{\"@type\":\"ListItem\",\"position\":3,\"name\":\"Ventilador centr\u00edfugo de curvatura inversa \u03a6280 EC\"}]},{\"@type\":\"WebSite\",\"@id\":\"https:\/\/www.leili-motor.net\/es\/#website\",\"url\":\"https:\/\/www.leili-motor.net\/es\/\",\"name\":\"Leili Motor\",\"description\":\"\",\"publisher\":{\"@id\":\"https:\/\/www.leili-motor.net\/es\/#organization\"},\"potentialAction\":[{\"@type\":\"SearchAction\",\"target\":{\"@type\":\"EntryPoint\",\"urlTemplate\":\"https:\/\/www.leili-motor.net\/es\/?s={search_term_string}\"},\"query-input\":{\"@type\":\"PropertyValueSpecification\",\"valueRequired\":true,\"valueName\":\"search_term_string\"}}],\"inLanguage\":\"es\"},{\"@type\":\"Organization\",\"@id\":\"https:\/\/www.leili-motor.net\/es\/#organization\",\"name\":\"Leili Motor\",\"url\":\"https:\/\/www.leili-motor.net\/es\/\",\"logo\":{\"@type\":\"ImageObject\",\"inLanguage\":\"es\",\"@id\":\"https:\/\/www.leili-motor.net\/es\/#\/schema\/logo\/image\/\",\"url\":\"https:\/\/www.leili-motor.net\/wp-content\/uploads\/2025\/03\/Leili-Motor.png\",\"contentUrl\":\"https:\/\/www.leili-motor.net\/wp-content\/uploads\/2025\/03\/Leili-Motor.png\",\"width\":600,\"height\":156,\"caption\":\"Leili Motor\"},\"image\":{\"@id\":\"https:\/\/www.leili-motor.net\/es\/#\/schema\/logo\/image\/\"}}]}<\/script>\n<!-- \/ Yoast SEO plugin. -->","yoast_head_json":{"title":"Ventilador centr\u00edfugo de curvatura inversa \u03a6280 EC &#8211; Leili Motor","description":"Ventilador centr\u00edfugo de curvatura inversa \u03a6280 EC con protecci\u00f3n IP54, control 0-10 V\/PWM, aislamiento Clase B y alta eficiencia de 490 W.","robots":{"index":"index","follow":"follow","max-snippet":"max-snippet:-1","max-image-preview":"max-image-preview:large","max-video-preview":"max-video-preview:-1"},"canonical":"https:\/\/www.leili-motor.net\/es\/ventilador-centrifugo-de-curvatura-inversa-%CF%86280-ec.html","schema":{"@context":"https:\/\/schema.org","@graph":[{"@type":"WebPage","@id":"https:\/\/www.leili-motor.net\/es\/ventilador-centrifugo-de-curvatura-inversa-%CF%86280-ec.html","url":"https:\/\/www.leili-motor.net\/es\/ventilador-centrifugo-de-curvatura-inversa-%CF%86280-ec.html","name":"Ventilador centr\u00edfugo de curvatura inversa \u03a6280 EC &#8211; Leili Motor","isPartOf":{"@id":"https:\/\/www.leili-motor.net\/es\/#website"},"primaryImageOfPage":{"@id":"https:\/\/www.leili-motor.net\/es\/ventilador-centrifugo-de-curvatura-inversa-%CF%86280-ec.html#primaryimage"},"image":{"@id":"https:\/\/www.leili-motor.net\/es\/ventilador-centrifugo-de-curvatura-inversa-%CF%86280-ec.html#primaryimage"},"thumbnailUrl":"https:\/\/www.leili-motor.net\/wp-content\/uploads\/2025\/05\/\u03a6280-EC-Backward-curved-Centrifugal-Fan.jpg","datePublished":"2025-05-30T07:25:33+00:00","description":"Ventilador centr\u00edfugo de curvatura inversa \u03a6280 EC con protecci\u00f3n IP54, control 0-10 V\/PWM, aislamiento Clase B y alta eficiencia de 490 W.","breadcrumb":{"@id":"https:\/\/www.leili-motor.net\/es\/ventilador-centrifugo-de-curvatura-inversa-%CF%86280-ec.html#breadcrumb"},"inLanguage":"es","potentialAction":[{"@type":"ReadAction","target":["https:\/\/www.leili-motor.net\/es\/ventilador-centrifugo-de-curvatura-inversa-%CF%86280-ec.html"]}]},{"@type":"ImageObject","inLanguage":"es","@id":"https:\/\/www.leili-motor.net\/es\/ventilador-centrifugo-de-curvatura-inversa-%CF%86280-ec.html#primaryimage","url":"https:\/\/www.leili-motor.net\/wp-content\/uploads\/2025\/05\/\u03a6280-EC-Backward-curved-Centrifugal-Fan.jpg","contentUrl":"https:\/\/www.leili-motor.net\/wp-content\/uploads\/2025\/05\/\u03a6280-EC-Backward-curved-Centrifugal-Fan.jpg","width":454,"height":310,"caption":"\u03a6280 EC Backward-curved Centrifugal Fan"},{"@type":"BreadcrumbList","@id":"https:\/\/www.leili-motor.net\/es\/ventilador-centrifugo-de-curvatura-inversa-%CF%86280-ec.html#breadcrumb","itemListElement":[{"@type":"ListItem","position":1,"name":"Home","item":"https:\/\/www.leili-motor.net\/es\/hogar\/"},{"@type":"ListItem","position":2,"name":"Productos","item":"https:\/\/www.leili-motor.net\/es\/productos\/"},{"@type":"ListItem","position":3,"name":"Ventilador centr\u00edfugo de curvatura inversa \u03a6280 EC"}]},{"@type":"WebSite","@id":"https:\/\/www.leili-motor.net\/es\/#website","url":"https:\/\/www.leili-motor.net\/es\/","name":"Leili Motor","description":"","publisher":{"@id":"https:\/\/www.leili-motor.net\/es\/#organization"},"potentialAction":[{"@type":"SearchAction","target":{"@type":"EntryPoint","urlTemplate":"https:\/\/www.leili-motor.net\/es\/?s={search_term_string}"},"query-input":{"@type":"PropertyValueSpecification","valueRequired":true,"valueName":"search_term_string"}}],"inLanguage":"es"},{"@type":"Organization","@id":"https:\/\/www.leili-motor.net\/es\/#organization","name":"Leili Motor","url":"https:\/\/www.leili-motor.net\/es\/","logo":{"@type":"ImageObject","inLanguage":"es","@id":"https:\/\/www.leili-motor.net\/es\/#\/schema\/logo\/image\/","url":"https:\/\/www.leili-motor.net\/wp-content\/uploads\/2025\/03\/Leili-Motor.png","contentUrl":"https:\/\/www.leili-motor.net\/wp-content\/uploads\/2025\/03\/Leili-Motor.png","width":600,"height":156,"caption":"Leili Motor"},"image":{"@id":"https:\/\/www.leili-motor.net\/es\/#\/schema\/logo\/image\/"}}]}},"_links":{"self":[{"href":"https:\/\/www.leili-motor.net\/es\/wp-json\/wp\/v2\/product\/11560","targetHints":{"allow":["GET"]}}],"collection":[{"href":"https:\/\/www.leili-motor.net\/es\/wp-json\/wp\/v2\/product"}],"about":[{"href":"https:\/\/www.leili-motor.net\/es\/wp-json\/wp\/v2\/types\/product"}],"replies":[{"embeddable":true,"href":"https:\/\/www.leili-motor.net\/es\/wp-json\/wp\/v2\/comments?post=11560"}],"wp:featuredmedia":[{"embeddable":true,"href":"https:\/\/www.leili-motor.net\/es\/wp-json\/wp\/v2\/media\/10182"}],"wp:attachment":[{"href":"https:\/\/www.leili-motor.net\/es\/wp-json\/wp\/v2\/media?parent=11560"}],"wp:term":[{"taxonomy":"product_brand","embeddable":true,"href":"https:\/\/www.leili-motor.net\/es\/wp-json\/wp\/v2\/product_brand?post=11560"},{"taxonomy":"product_cat","embeddable":true,"href":"https:\/\/www.leili-motor.net\/es\/wp-json\/wp\/v2\/product_cat?post=11560"},{"taxonomy":"product_tag","embeddable":true,"href":"https:\/\/www.leili-motor.net\/es\/wp-json\/wp\/v2\/product_tag?post=11560"}],"curies":[{"name":"wp","href":"https:\/\/api.w.org\/{rel}","templated":true}]}}