{"id":11719,"date":"2025-05-30T15:15:43","date_gmt":"2025-05-30T07:15:43","guid":{"rendered":"https:\/\/www.leili-motor.net\/ventilador-centrifugo-de-curvatura-inversa-%cf%86250-ec-3\/"},"modified":"2025-05-30T15:15:43","modified_gmt":"2025-05-30T07:15:43","slug":"ventilador-centrifugo-de-curvatura-inversa-%cf%86250-ec-3","status":"publish","type":"product","link":"https:\/\/www.leili-motor.net\/es\/ventilador-centrifugo-de-curvatura-inversa-%CF%86250-ec-3.html","title":{"rendered":"Ventilador centr\u00edfugo de curvatura inversa \u03a6250 EC-3"},"content":{"rendered":"<h2>Par\u00e1metros de rendimiento<\/h2>\n<table>\n<tbody>\n<tr>\n<td>Tipo<\/td>\n<td>Calificado<br \/>\nVoltaje<br \/>\n(VAC)<\/td>\n<td>Frecuencia<br \/>\n (Hz)<\/td>\n<td>Velocidad<br \/>\n(r\/min)<\/td>\n<td>Potencia<br \/>\nm\u00e1xima<br \/>\nde entrada (W)<\/td>\n<td>Nivel<br \/>\nde presi\u00f3n<br \/>\nsonora<br \/>\n(@1m) (dB(A))<\/td>\n<td>Temperatura<br \/>\nambiente (\u2103)<\/td>\n<td>M\u00e9todo<br \/>\nde cableado<\/td>\n<\/tr>\n<tr>\n<td>BF250C-WE102C-2A19-01<\/td>\n<td>230<\/td>\n<td>50\/60<\/td>\n<td>3780<\/td>\n<td>490<\/td>\n<td>82<\/td>\n<td>-25\uff5e+60<\/td>\n<td>W1<\/td>\n<\/tr>\n<\/tbody>\n<\/table>\n<h2>Dimensiones mec\u00e1nicas: mm<\/h2>\n<p><img fetchpriority=\"high\" decoding=\"async\" class=\"size-full wp-image-10160 aligncenter\" src=\"https:\/\/www.leili-motor.net\/wp-content\/uploads\/2025\/05\/%CE%A6250-EC-Backward-curved-Centrifugal-Fan-3-Dimensions.png\" alt=\"Dimensiones del ventilador centr\u00edfugo de curvatura inversa \u03a6250 EC - 3\" width=\"803\" height=\"389\"><\/p>\n<h2>Curva de rendimiento del ventilador<\/h2>\n<p><img decoding=\"async\" class=\"size-full wp-image-10163 aligncenter\" src=\"https:\/\/www.leili-motor.net\/wp-content\/uploads\/2025\/05\/%CE%A6250-EC-Backward-curved-Centrifugal-Fan-3-curve.png\" alt=\"Ventilador centr\u00edfugo de curva hacia atr\u00e1s \u03a6250 EC - Curva 3\" width=\"854\" height=\"299\"><\/p>\n","protected":false},"excerpt":{"rendered":"<h3>Introducci\u00f3n del producto<\/h3>\n<ul>\n<li>230 VCA, 50\/60 Hz, 3780 RPM, potencia m\u00e1xima 490 W, nivel de ruido 82 dB (A).<\/li>\n<li>Arranque suave, control 0\u201310 VCC\/PWM, limitaci\u00f3n de corriente del motor, protecci\u00f3n contra falla t\u00e9rmica y de fase.<\/li>\n<li>Impulsor de PP, protecci\u00f3n IP54, aislamiento clase B, certificado CE\/CCC, rodamientos de bolas, cableado W1.<\/li>\n<\/ul>\n","protected":false},"featured_media":10168,"comment_status":"closed","ping_status":"closed","template":"","meta":{"site-sidebar-layout":"default","site-content-layout":"","ast-site-content-layout":"default","site-content-style":"default","site-sidebar-style":"default","ast-global-header-display":"","ast-banner-title-visibility":"","ast-main-header-display":"","ast-hfb-above-header-display":"","ast-hfb-below-header-display":"","ast-hfb-mobile-header-display":"","site-post-title":"","ast-breadcrumbs-content":"","ast-featured-img":"","footer-sml-layout":"","theme-transparent-header-meta":"default","adv-header-id-meta":"","stick-header-meta":"","header-above-stick-meta":"","header-main-stick-meta":"","header-below-stick-meta":"","astra-migrate-meta-layouts":"default","ast-page-background-enabled":"default","ast-page-background-meta":{"desktop":{"background-color":"var(--ast-global-color-5)","background-image":"","background-repeat":"repeat","background-position":"center center","background-size":"auto","background-attachment":"scroll","background-type":"","background-media":"","overlay-type":"","overlay-color":"","overlay-opacity":"","overlay-gradient":""},"tablet":{"background-color":"","background-image":"","background-repeat":"repeat","background-position":"center center","background-size":"auto","background-attachment":"scroll","background-type":"","background-media":"","overlay-type":"","overlay-color":"","overlay-opacity":"","overlay-gradient":""},"mobile":{"background-color":"","background-image":"","background-repeat":"repeat","background-position":"center center","background-size":"auto","background-attachment":"scroll","background-type":"","background-media":"","overlay-type":"","overlay-color":"","overlay-opacity":"","overlay-gradient":""}},"ast-content-background-meta":{"desktop":{"background-color":"var(--ast-global-color-4)","background-image":"","background-repeat":"repeat","background-position":"center center","background-size":"auto","background-attachment":"scroll","background-type":"","background-media":"","overlay-type":"","overlay-color":"","overlay-opacity":"","overlay-gradient":""},"tablet":{"background-color":"var(--ast-global-color-4)","background-image":"","background-repeat":"repeat","background-position":"center center","background-size":"auto","background-attachment":"scroll","background-type":"","background-media":"","overlay-type":"","overlay-color":"","overlay-opacity":"","overlay-gradient":""},"mobile":{"background-color":"var(--ast-global-color-4)","background-image":"","background-repeat":"repeat","background-position":"center center","background-size":"auto","background-attachment":"scroll","background-type":"","background-media":"","overlay-type":"","overlay-color":"","overlay-opacity":"","overlay-gradient":""}}},"product_brand":[],"product_cat":[1071,1075],"product_tag":[],"class_list":{"0":"post-11719","1":"product","2":"type-product","3":"status-publish","4":"has-post-thumbnail","6":"product_cat-motor-de-alta-eficiencia","7":"product_cat-ventilador-centrifugo-ec","8":"desktop-align-left","9":"tablet-align-left","10":"mobile-align-left","12":"first","13":"instock","14":"shipping-taxable","15":"product-type-simple"},"yoast_head":"<!-- This site is optimized with the Yoast SEO plugin v27.2 - https:\/\/yoast.com\/product\/yoast-seo-wordpress\/ -->\n<title>Ventilador centr\u00edfugo de curvatura inversa \u03a6250 EC-3 &#8211; Leili Motor<\/title>\n<meta name=\"description\" content=\"Ventilador centr\u00edfugo curvado hacia atr\u00e1s \u03a6250 EC con control PWM, protecci\u00f3n IP54 y 490 W de potencia para un flujo de aire eficiente y silencioso.\" \/>\n<meta name=\"robots\" content=\"index, follow, max-snippet:-1, max-image-preview:large, max-video-preview:-1\" \/>\n<link rel=\"canonical\" href=\"https:\/\/www.leili-motor.net\/es\/ventilador-centrifugo-de-curvatura-inversa-%CF%86250-ec-3.html\" \/>\n<script type=\"application\/ld+json\" class=\"yoast-schema-graph\">{\"@context\":\"https:\/\/schema.org\",\"@graph\":[{\"@type\":\"WebPage\",\"@id\":\"https:\/\/www.leili-motor.net\/es\/ventilador-centrifugo-de-curvatura-inversa-%CF%86250-ec-3.html\",\"url\":\"https:\/\/www.leili-motor.net\/es\/ventilador-centrifugo-de-curvatura-inversa-%CF%86250-ec-3.html\",\"name\":\"Ventilador centr\u00edfugo de curvatura inversa \u03a6250 EC-3 &#8211; Leili Motor\",\"isPartOf\":{\"@id\":\"https:\/\/www.leili-motor.net\/es\/#website\"},\"primaryImageOfPage\":{\"@id\":\"https:\/\/www.leili-motor.net\/es\/ventilador-centrifugo-de-curvatura-inversa-%CF%86250-ec-3.html#primaryimage\"},\"image\":{\"@id\":\"https:\/\/www.leili-motor.net\/es\/ventilador-centrifugo-de-curvatura-inversa-%CF%86250-ec-3.html#primaryimage\"},\"thumbnailUrl\":\"https:\/\/www.leili-motor.net\/wp-content\/uploads\/2025\/05\/\u03a6250-EC-Backward-curved-Centrifugal-Fan-3.jpg\",\"datePublished\":\"2025-05-30T07:15:43+00:00\",\"description\":\"Ventilador centr\u00edfugo curvado hacia atr\u00e1s \u03a6250 EC con control PWM, protecci\u00f3n IP54 y 490 W de potencia para un flujo de aire eficiente y silencioso.\",\"breadcrumb\":{\"@id\":\"https:\/\/www.leili-motor.net\/es\/ventilador-centrifugo-de-curvatura-inversa-%CF%86250-ec-3.html#breadcrumb\"},\"inLanguage\":\"es\",\"potentialAction\":[{\"@type\":\"ReadAction\",\"target\":[\"https:\/\/www.leili-motor.net\/es\/ventilador-centrifugo-de-curvatura-inversa-%CF%86250-ec-3.html\"]}]},{\"@type\":\"ImageObject\",\"inLanguage\":\"es\",\"@id\":\"https:\/\/www.leili-motor.net\/es\/ventilador-centrifugo-de-curvatura-inversa-%CF%86250-ec-3.html#primaryimage\",\"url\":\"https:\/\/www.leili-motor.net\/wp-content\/uploads\/2025\/05\/\u03a6250-EC-Backward-curved-Centrifugal-Fan-3.jpg\",\"contentUrl\":\"https:\/\/www.leili-motor.net\/wp-content\/uploads\/2025\/05\/\u03a6250-EC-Backward-curved-Centrifugal-Fan-3.jpg\",\"width\":454,\"height\":310,\"caption\":\"\u03a6250 EC Backward-curved Centrifugal Fan-3\"},{\"@type\":\"BreadcrumbList\",\"@id\":\"https:\/\/www.leili-motor.net\/es\/ventilador-centrifugo-de-curvatura-inversa-%CF%86250-ec-3.html#breadcrumb\",\"itemListElement\":[{\"@type\":\"ListItem\",\"position\":1,\"name\":\"Home\",\"item\":\"https:\/\/www.leili-motor.net\/es\/hogar\/\"},{\"@type\":\"ListItem\",\"position\":2,\"name\":\"Productos\",\"item\":\"https:\/\/www.leili-motor.net\/es\/productos\/\"},{\"@type\":\"ListItem\",\"position\":3,\"name\":\"Ventilador centr\u00edfugo de curvatura inversa \u03a6250 EC-3\"}]},{\"@type\":\"WebSite\",\"@id\":\"https:\/\/www.leili-motor.net\/es\/#website\",\"url\":\"https:\/\/www.leili-motor.net\/es\/\",\"name\":\"Leili Motor\",\"description\":\"\",\"publisher\":{\"@id\":\"https:\/\/www.leili-motor.net\/es\/#organization\"},\"potentialAction\":[{\"@type\":\"SearchAction\",\"target\":{\"@type\":\"EntryPoint\",\"urlTemplate\":\"https:\/\/www.leili-motor.net\/es\/?s={search_term_string}\"},\"query-input\":{\"@type\":\"PropertyValueSpecification\",\"valueRequired\":true,\"valueName\":\"search_term_string\"}}],\"inLanguage\":\"es\"},{\"@type\":\"Organization\",\"@id\":\"https:\/\/www.leili-motor.net\/es\/#organization\",\"name\":\"Leili Motor\",\"url\":\"https:\/\/www.leili-motor.net\/es\/\",\"logo\":{\"@type\":\"ImageObject\",\"inLanguage\":\"es\",\"@id\":\"https:\/\/www.leili-motor.net\/es\/#\/schema\/logo\/image\/\",\"url\":\"https:\/\/www.leili-motor.net\/wp-content\/uploads\/2025\/03\/Leili-Motor.png\",\"contentUrl\":\"https:\/\/www.leili-motor.net\/wp-content\/uploads\/2025\/03\/Leili-Motor.png\",\"width\":600,\"height\":156,\"caption\":\"Leili Motor\"},\"image\":{\"@id\":\"https:\/\/www.leili-motor.net\/es\/#\/schema\/logo\/image\/\"}}]}<\/script>\n<!-- \/ Yoast SEO plugin. -->","yoast_head_json":{"title":"Ventilador centr\u00edfugo de curvatura inversa \u03a6250 EC-3 &#8211; Leili Motor","description":"Ventilador centr\u00edfugo curvado hacia atr\u00e1s \u03a6250 EC con control PWM, protecci\u00f3n IP54 y 490 W de potencia para un flujo de aire eficiente y silencioso.","robots":{"index":"index","follow":"follow","max-snippet":"max-snippet:-1","max-image-preview":"max-image-preview:large","max-video-preview":"max-video-preview:-1"},"canonical":"https:\/\/www.leili-motor.net\/es\/ventilador-centrifugo-de-curvatura-inversa-%CF%86250-ec-3.html","schema":{"@context":"https:\/\/schema.org","@graph":[{"@type":"WebPage","@id":"https:\/\/www.leili-motor.net\/es\/ventilador-centrifugo-de-curvatura-inversa-%CF%86250-ec-3.html","url":"https:\/\/www.leili-motor.net\/es\/ventilador-centrifugo-de-curvatura-inversa-%CF%86250-ec-3.html","name":"Ventilador centr\u00edfugo de curvatura inversa \u03a6250 EC-3 &#8211; Leili Motor","isPartOf":{"@id":"https:\/\/www.leili-motor.net\/es\/#website"},"primaryImageOfPage":{"@id":"https:\/\/www.leili-motor.net\/es\/ventilador-centrifugo-de-curvatura-inversa-%CF%86250-ec-3.html#primaryimage"},"image":{"@id":"https:\/\/www.leili-motor.net\/es\/ventilador-centrifugo-de-curvatura-inversa-%CF%86250-ec-3.html#primaryimage"},"thumbnailUrl":"https:\/\/www.leili-motor.net\/wp-content\/uploads\/2025\/05\/\u03a6250-EC-Backward-curved-Centrifugal-Fan-3.jpg","datePublished":"2025-05-30T07:15:43+00:00","description":"Ventilador centr\u00edfugo curvado hacia atr\u00e1s \u03a6250 EC con control PWM, protecci\u00f3n IP54 y 490 W de potencia para un flujo de aire eficiente y silencioso.","breadcrumb":{"@id":"https:\/\/www.leili-motor.net\/es\/ventilador-centrifugo-de-curvatura-inversa-%CF%86250-ec-3.html#breadcrumb"},"inLanguage":"es","potentialAction":[{"@type":"ReadAction","target":["https:\/\/www.leili-motor.net\/es\/ventilador-centrifugo-de-curvatura-inversa-%CF%86250-ec-3.html"]}]},{"@type":"ImageObject","inLanguage":"es","@id":"https:\/\/www.leili-motor.net\/es\/ventilador-centrifugo-de-curvatura-inversa-%CF%86250-ec-3.html#primaryimage","url":"https:\/\/www.leili-motor.net\/wp-content\/uploads\/2025\/05\/\u03a6250-EC-Backward-curved-Centrifugal-Fan-3.jpg","contentUrl":"https:\/\/www.leili-motor.net\/wp-content\/uploads\/2025\/05\/\u03a6250-EC-Backward-curved-Centrifugal-Fan-3.jpg","width":454,"height":310,"caption":"\u03a6250 EC Backward-curved Centrifugal Fan-3"},{"@type":"BreadcrumbList","@id":"https:\/\/www.leili-motor.net\/es\/ventilador-centrifugo-de-curvatura-inversa-%CF%86250-ec-3.html#breadcrumb","itemListElement":[{"@type":"ListItem","position":1,"name":"Home","item":"https:\/\/www.leili-motor.net\/es\/hogar\/"},{"@type":"ListItem","position":2,"name":"Productos","item":"https:\/\/www.leili-motor.net\/es\/productos\/"},{"@type":"ListItem","position":3,"name":"Ventilador centr\u00edfugo de curvatura inversa \u03a6250 EC-3"}]},{"@type":"WebSite","@id":"https:\/\/www.leili-motor.net\/es\/#website","url":"https:\/\/www.leili-motor.net\/es\/","name":"Leili Motor","description":"","publisher":{"@id":"https:\/\/www.leili-motor.net\/es\/#organization"},"potentialAction":[{"@type":"SearchAction","target":{"@type":"EntryPoint","urlTemplate":"https:\/\/www.leili-motor.net\/es\/?s={search_term_string}"},"query-input":{"@type":"PropertyValueSpecification","valueRequired":true,"valueName":"search_term_string"}}],"inLanguage":"es"},{"@type":"Organization","@id":"https:\/\/www.leili-motor.net\/es\/#organization","name":"Leili Motor","url":"https:\/\/www.leili-motor.net\/es\/","logo":{"@type":"ImageObject","inLanguage":"es","@id":"https:\/\/www.leili-motor.net\/es\/#\/schema\/logo\/image\/","url":"https:\/\/www.leili-motor.net\/wp-content\/uploads\/2025\/03\/Leili-Motor.png","contentUrl":"https:\/\/www.leili-motor.net\/wp-content\/uploads\/2025\/03\/Leili-Motor.png","width":600,"height":156,"caption":"Leili Motor"},"image":{"@id":"https:\/\/www.leili-motor.net\/es\/#\/schema\/logo\/image\/"}}]}},"_links":{"self":[{"href":"https:\/\/www.leili-motor.net\/es\/wp-json\/wp\/v2\/product\/11719","targetHints":{"allow":["GET"]}}],"collection":[{"href":"https:\/\/www.leili-motor.net\/es\/wp-json\/wp\/v2\/product"}],"about":[{"href":"https:\/\/www.leili-motor.net\/es\/wp-json\/wp\/v2\/types\/product"}],"replies":[{"embeddable":true,"href":"https:\/\/www.leili-motor.net\/es\/wp-json\/wp\/v2\/comments?post=11719"}],"wp:featuredmedia":[{"embeddable":true,"href":"https:\/\/www.leili-motor.net\/es\/wp-json\/wp\/v2\/media\/10168"}],"wp:attachment":[{"href":"https:\/\/www.leili-motor.net\/es\/wp-json\/wp\/v2\/media?parent=11719"}],"wp:term":[{"taxonomy":"product_brand","embeddable":true,"href":"https:\/\/www.leili-motor.net\/es\/wp-json\/wp\/v2\/product_brand?post=11719"},{"taxonomy":"product_cat","embeddable":true,"href":"https:\/\/www.leili-motor.net\/es\/wp-json\/wp\/v2\/product_cat?post=11719"},{"taxonomy":"product_tag","embeddable":true,"href":"https:\/\/www.leili-motor.net\/es\/wp-json\/wp\/v2\/product_tag?post=11719"}],"curies":[{"name":"wp","href":"https:\/\/api.w.org\/{rel}","templated":true}]}}