{"id":11777,"date":"2025-06-03T15:06:38","date_gmt":"2025-06-03T07:06:38","guid":{"rendered":"https:\/\/www.leili-motor.net\/motor-de-flujo-axial-de-185-kw\/"},"modified":"2025-06-03T15:06:38","modified_gmt":"2025-06-03T07:06:38","slug":"motor-de-flujo-axial-de-185-kw","status":"publish","type":"product","link":"https:\/\/www.leili-motor.net\/es\/motor-de-flujo-axial-de-185-kw.html","title":{"rendered":"Motor de Flujo Axial de 18,5 kW"},"content":{"rendered":"<h2>Par\u00e1metros de rendimiento<\/h2>\n<table>\n<tbody>\n<tr>\n<td>Modelo<\/td>\n<td>Altura<br \/>\ndel<br \/>\ncentro (mm)<\/td>\n<td>Potencia<br \/>\nnominal<br \/>\n (kW)<\/td>\n<td>Calificado<br \/>\nVelocidad<br \/>\n(r\/min)<\/td>\n<td>Corriente<br \/>\n nominal<br \/>\n(A)<\/td>\n<td>Eficiencia<br \/>\n (100%)<\/td>\n<td>Factor<br \/>\nde<br \/>\npotencia (Cos\u03c6)<\/td>\n<td>Frecuencia<br \/>\n (Hz)<\/td>\n<td>Par<br \/>\nnominal<br \/>\n (N.m)<\/td>\n<td>Peso<br \/>\n (Kg)<\/td>\n<td>Modo de refrigeraci\u00f3n<\/td>\n<\/tr>\n<tr>\n<td>TYP380QXF<\/td>\n<td>225<\/td>\n<td>18.5<\/td>\n<td>750<\/td>\n<td>32.9<\/td>\n<td>94<\/td>\n<td>0.96<\/td>\n<td>100<\/td>\n<td>236<\/td>\n<td>85<\/td>\n<td>Refrigeraci\u00f3n por aire<\/td>\n<\/tr>\n<tr>\n<td>TYP345QXF<\/td>\n<td>200<\/td>\n<td>18.5<\/td>\n<td>1000<\/td>\n<td>32.4<\/td>\n<td>95.3<\/td>\n<td>0.96<\/td>\n<td>133.33<\/td>\n<td>177<\/td>\n<td>46<\/td>\n<td>Refrigeraci\u00f3n por aire<\/td>\n<\/tr>\n<tr>\n<td>TYP320QXF<\/td>\n<td>180<\/td>\n<td>18.5<\/td>\n<td>1500<\/td>\n<td>32.7<\/td>\n<td>95.4<\/td>\n<td>0.96<\/td>\n<td>150<\/td>\n<td>118<\/td>\n<td>40<\/td>\n<td>Refrigeraci\u00f3n por aire<\/td>\n<\/tr>\n<tr>\n<td>TYP345XS<\/td>\n<td>200<\/td>\n<td>18.5<\/td>\n<td>750<\/td>\n<td>32.9<\/td>\n<td>93.5<\/td>\n<td>0.96<\/td>\n<td>100<\/td>\n<td>236<\/td>\n<td>46<\/td>\n<td>Refrigeraci\u00f3n por agua<\/td>\n<\/tr>\n<\/tbody>\n<\/table>\n<h2>Dimensiones mec\u00e1nicas: mm<\/h2>\n<table>\n<tbody>\n<tr>\n<td width=\"113\">plataforma<\/td>\n<td width=\"113\">TYP320QXF<\/p>\n<p>Con cubierta del ventilador<\/td>\n<td width=\"113\">TYP320QXF<\/p>\n<p>Sin cubierta del ventilador<\/td>\n<td width=\"113\">TYP345QXF<\/p>\n<p>Con cubierta del ventilador<\/td>\n<td width=\"113\">TYP345QXF<\/p>\n<p>Sin cubierta del ventilador<\/td>\n<\/tr>\n<tr>\n<td width=\"113\">Imagen<\/td>\n<td width=\"113\"><img decoding=\"async\" class=\"alignnone size-full wp-image-10071\" src=\"https:\/\/www.leili-motor.net\/wp-content\/uploads\/2025\/05\/18.5KW-Axial-Flux-Motors-TYP320QXF-1.png\" alt=\"\" width=\"148\" height=\"172\"><\/td>\n<td width=\"113\"><img decoding=\"async\" class=\"alignnone size-full wp-image-10068\" src=\"https:\/\/www.leili-motor.net\/wp-content\/uploads\/2025\/05\/18.5KW-Axial-Flux-Motor-TYP345QXF-2.png\" alt=\"\" width=\"126\" height=\"160\"><\/td>\n<td width=\"113\"><img decoding=\"async\" class=\"alignnone size-full wp-image-10065\" src=\"https:\/\/www.leili-motor.net\/wp-content\/uploads\/2025\/05\/18.5KW-Axial-Flux-Motor-TYP345QXF-1.png\" alt=\"\" width=\"146\" height=\"160\"><\/td>\n<td width=\"113\"><img decoding=\"async\" class=\"alignnone size-full wp-image-10068\" src=\"https:\/\/www.leili-motor.net\/wp-content\/uploads\/2025\/05\/18.5KW-Axial-Flux-Motor-TYP345QXF-2.png\" alt=\"\" width=\"126\" height=\"160\"><\/td>\n<\/tr>\n<tr>\n<td width=\"113\">Dimensiones exteriores L*A*A(mm)<\/td>\n<td width=\"113\">390*162*426<\/td>\n<td width=\"113\">318*162*426<\/td>\n<td width=\"113\">410*162*435<\/td>\n<td width=\"113\">330*162*435<\/td>\n<\/tr>\n<\/tbody>\n<\/table>\n<table>\n<tbody>\n<tr>\n<td width=\"113\">plataforma<\/td>\n<td width=\"113\">TYP380QXF<\/p>\n<p>Con cubierta del ventilador<\/td>\n<td width=\"113\">TYP380QXF<\/p>\n<p>Sin cubierta del ventilador<\/td>\n<td width=\"113\">TYP345XS<\/td>\n<\/tr>\n<tr>\n<td width=\"113\">Imagen<\/td>\n<td width=\"113\"><img loading=\"lazy\" decoding=\"async\" class=\"alignnone size-full wp-image-10083\" src=\"https:\/\/www.leili-motor.net\/wp-content\/uploads\/2025\/05\/18.5KW-Axial-Flux-Motor-TYP380QXF-1.png\" alt=\"\" width=\"149\" height=\"166\"><\/td>\n<td width=\"113\"><img loading=\"lazy\" decoding=\"async\" class=\"alignnone size-full wp-image-10086\" src=\"https:\/\/www.leili-motor.net\/wp-content\/uploads\/2025\/05\/18.5KW-Axial-Flux-Motor-TYP380QXF-2.png\" alt=\"\" width=\"149\" height=\"166\"><\/td>\n<td width=\"113\"><img loading=\"lazy\" decoding=\"async\" class=\"alignnone size-full wp-image-10080\" src=\"https:\/\/www.leili-motor.net\/wp-content\/uploads\/2025\/05\/18.5KW-Axial-Flux-Motor-TYP345XS.png\" alt=\"\" width=\"152\" height=\"166\"><\/td>\n<\/tr>\n<tr>\n<td width=\"113\">Dimensiones exteriores L*A*A(mm)<\/td>\n<td width=\"113\">250*195*510<\/td>\n<td width=\"113\">190*195*510<\/td>\n<td width=\"113\">377*170*410<\/td>\n<\/tr>\n<\/tbody>\n<\/table>\n","protected":false},"excerpt":{"rendered":"<h3>Introducci\u00f3n del producto<\/h3>\n<ul>\n<li>Ofrece 18,5 kW de potencia con una eficiencia de hasta el 95,4 % y bajas p\u00e9rdidas de energ\u00eda.<\/li>\n<li>Disponible en 750, 1000 y 1500 rpm para diversas aplicaciones industriales.<\/li>\n<li>Disponible tanto con refrigeraci\u00f3n por aire como por agua para una gesti\u00f3n t\u00e9rmica optimizada.<\/li>\n<\/ul>\n<h3>Aplicaci\u00f3n del producto<\/h3>\n<ul>\n<li>Equipos industriales<\/li>\n<li>Bomba de agua industrial<\/li>\n<li>Ventilador industrial<\/li>\n<\/ul>\n","protected":false},"featured_media":10079,"comment_status":"closed","ping_status":"closed","template":"","meta":{"site-sidebar-layout":"default","site-content-layout":"","ast-site-content-layout":"default","site-content-style":"default","site-sidebar-style":"default","ast-global-header-display":"","ast-banner-title-visibility":"","ast-main-header-display":"","ast-hfb-above-header-display":"","ast-hfb-below-header-display":"","ast-hfb-mobile-header-display":"","site-post-title":"","ast-breadcrumbs-content":"","ast-featured-img":"","footer-sml-layout":"","theme-transparent-header-meta":"default","adv-header-id-meta":"","stick-header-meta":"","header-above-stick-meta":"","header-main-stick-meta":"","header-below-stick-meta":"","astra-migrate-meta-layouts":"default","ast-page-background-enabled":"default","ast-page-background-meta":{"desktop":{"background-color":"var(--ast-global-color-5)","background-image":"","background-repeat":"repeat","background-position":"center center","background-size":"auto","background-attachment":"scroll","background-type":"","background-media":"","overlay-type":"","overlay-color":"","overlay-opacity":"","overlay-gradient":""},"tablet":{"background-color":"","background-image":"","background-repeat":"repeat","background-position":"center center","background-size":"auto","background-attachment":"scroll","background-type":"","background-media":"","overlay-type":"","overlay-color":"","overlay-opacity":"","overlay-gradient":""},"mobile":{"background-color":"","background-image":"","background-repeat":"repeat","background-position":"center center","background-size":"auto","background-attachment":"scroll","background-type":"","background-media":"","overlay-type":"","overlay-color":"","overlay-opacity":"","overlay-gradient":""}},"ast-content-background-meta":{"desktop":{"background-color":"var(--ast-global-color-4)","background-image":"","background-repeat":"repeat","background-position":"center center","background-size":"auto","background-attachment":"scroll","background-type":"","background-media":"","overlay-type":"","overlay-color":"","overlay-opacity":"","overlay-gradient":""},"tablet":{"background-color":"var(--ast-global-color-4)","background-image":"","background-repeat":"repeat","background-position":"center center","background-size":"auto","background-attachment":"scroll","background-type":"","background-media":"","overlay-type":"","overlay-color":"","overlay-opacity":"","overlay-gradient":""},"mobile":{"background-color":"var(--ast-global-color-4)","background-image":"","background-repeat":"repeat","background-position":"center center","background-size":"auto","background-attachment":"scroll","background-type":"","background-media":"","overlay-type":"","overlay-color":"","overlay-opacity":"","overlay-gradient":""}}},"product_brand":[],"product_cat":[1071,1073],"product_tag":[],"class_list":{"0":"post-11777","1":"product","2":"type-product","3":"status-publish","4":"has-post-thumbnail","6":"product_cat-motor-de-alta-eficiencia","7":"product_cat-motor-de-flujo-axial","8":"desktop-align-left","9":"tablet-align-left","10":"mobile-align-left","12":"first","13":"instock","14":"shipping-taxable","15":"product-type-simple"},"yoast_head":"<!-- This site is optimized with the Yoast SEO plugin v27.2 - https:\/\/yoast.com\/product\/yoast-seo-wordpress\/ -->\n<title>Motor de Flujo Axial de 18,5 kW &#8211; Leili Motor<\/title>\n<meta name=\"description\" content=\"Motor de flujo axial de 18,5 kW de alta eficiencia con dise\u00f1o compacto y refrigeraci\u00f3n por aire o agua, ideal para aplicaciones industriales con alto par a baja velocidad.\" \/>\n<meta name=\"robots\" content=\"index, follow, max-snippet:-1, max-image-preview:large, max-video-preview:-1\" \/>\n<link rel=\"canonical\" href=\"https:\/\/www.leili-motor.net\/es\/motor-de-flujo-axial-de-185-kw.html\" \/>\n<meta name=\"twitter:label1\" content=\"Tiempo de lectura\" \/>\n\t<meta name=\"twitter:data1\" content=\"1 minuto\" \/>\n<script type=\"application\/ld+json\" class=\"yoast-schema-graph\">{\"@context\":\"https:\/\/schema.org\",\"@graph\":[{\"@type\":\"WebPage\",\"@id\":\"https:\/\/www.leili-motor.net\/es\/motor-de-flujo-axial-de-185-kw.html\",\"url\":\"https:\/\/www.leili-motor.net\/es\/motor-de-flujo-axial-de-185-kw.html\",\"name\":\"Motor de Flujo Axial de 18,5 kW &#8211; Leili Motor\",\"isPartOf\":{\"@id\":\"https:\/\/www.leili-motor.net\/es\/#website\"},\"primaryImageOfPage\":{\"@id\":\"https:\/\/www.leili-motor.net\/es\/motor-de-flujo-axial-de-185-kw.html#primaryimage\"},\"image\":{\"@id\":\"https:\/\/www.leili-motor.net\/es\/motor-de-flujo-axial-de-185-kw.html#primaryimage\"},\"thumbnailUrl\":\"https:\/\/www.leili-motor.net\/wp-content\/uploads\/2025\/05\/18.5KW-Axial-Flux-Motors.jpg\",\"datePublished\":\"2025-06-03T07:06:38+00:00\",\"description\":\"Motor de flujo axial de 18,5 kW de alta eficiencia con dise\u00f1o compacto y refrigeraci\u00f3n por aire o agua, ideal para aplicaciones industriales con alto par a baja velocidad.\",\"breadcrumb\":{\"@id\":\"https:\/\/www.leili-motor.net\/es\/motor-de-flujo-axial-de-185-kw.html#breadcrumb\"},\"inLanguage\":\"es\",\"potentialAction\":[{\"@type\":\"ReadAction\",\"target\":[\"https:\/\/www.leili-motor.net\/es\/motor-de-flujo-axial-de-185-kw.html\"]}]},{\"@type\":\"ImageObject\",\"inLanguage\":\"es\",\"@id\":\"https:\/\/www.leili-motor.net\/es\/motor-de-flujo-axial-de-185-kw.html#primaryimage\",\"url\":\"https:\/\/www.leili-motor.net\/wp-content\/uploads\/2025\/05\/18.5KW-Axial-Flux-Motors.jpg\",\"contentUrl\":\"https:\/\/www.leili-motor.net\/wp-content\/uploads\/2025\/05\/18.5KW-Axial-Flux-Motors.jpg\",\"width\":454,\"height\":310},{\"@type\":\"BreadcrumbList\",\"@id\":\"https:\/\/www.leili-motor.net\/es\/motor-de-flujo-axial-de-185-kw.html#breadcrumb\",\"itemListElement\":[{\"@type\":\"ListItem\",\"position\":1,\"name\":\"Home\",\"item\":\"https:\/\/www.leili-motor.net\/es\/hogar\/\"},{\"@type\":\"ListItem\",\"position\":2,\"name\":\"Productos\",\"item\":\"https:\/\/www.leili-motor.net\/es\/productos\/\"},{\"@type\":\"ListItem\",\"position\":3,\"name\":\"Motor de Flujo Axial de 18,5 kW\"}]},{\"@type\":\"WebSite\",\"@id\":\"https:\/\/www.leili-motor.net\/es\/#website\",\"url\":\"https:\/\/www.leili-motor.net\/es\/\",\"name\":\"Leili Motor\",\"description\":\"\",\"publisher\":{\"@id\":\"https:\/\/www.leili-motor.net\/es\/#organization\"},\"potentialAction\":[{\"@type\":\"SearchAction\",\"target\":{\"@type\":\"EntryPoint\",\"urlTemplate\":\"https:\/\/www.leili-motor.net\/es\/?s={search_term_string}\"},\"query-input\":{\"@type\":\"PropertyValueSpecification\",\"valueRequired\":true,\"valueName\":\"search_term_string\"}}],\"inLanguage\":\"es\"},{\"@type\":\"Organization\",\"@id\":\"https:\/\/www.leili-motor.net\/es\/#organization\",\"name\":\"Leili Motor\",\"url\":\"https:\/\/www.leili-motor.net\/es\/\",\"logo\":{\"@type\":\"ImageObject\",\"inLanguage\":\"es\",\"@id\":\"https:\/\/www.leili-motor.net\/es\/#\/schema\/logo\/image\/\",\"url\":\"https:\/\/www.leili-motor.net\/wp-content\/uploads\/2025\/03\/Leili-Motor.png\",\"contentUrl\":\"https:\/\/www.leili-motor.net\/wp-content\/uploads\/2025\/03\/Leili-Motor.png\",\"width\":600,\"height\":156,\"caption\":\"Leili Motor\"},\"image\":{\"@id\":\"https:\/\/www.leili-motor.net\/es\/#\/schema\/logo\/image\/\"}}]}<\/script>\n<!-- \/ Yoast SEO plugin. -->","yoast_head_json":{"title":"Motor de Flujo Axial de 18,5 kW &#8211; Leili Motor","description":"Motor de flujo axial de 18,5 kW de alta eficiencia con dise\u00f1o compacto y refrigeraci\u00f3n por aire o agua, ideal para aplicaciones industriales con alto par a baja velocidad.","robots":{"index":"index","follow":"follow","max-snippet":"max-snippet:-1","max-image-preview":"max-image-preview:large","max-video-preview":"max-video-preview:-1"},"canonical":"https:\/\/www.leili-motor.net\/es\/motor-de-flujo-axial-de-185-kw.html","twitter_misc":{"Tiempo de lectura":"1 minuto"},"schema":{"@context":"https:\/\/schema.org","@graph":[{"@type":"WebPage","@id":"https:\/\/www.leili-motor.net\/es\/motor-de-flujo-axial-de-185-kw.html","url":"https:\/\/www.leili-motor.net\/es\/motor-de-flujo-axial-de-185-kw.html","name":"Motor de Flujo Axial de 18,5 kW &#8211; Leili Motor","isPartOf":{"@id":"https:\/\/www.leili-motor.net\/es\/#website"},"primaryImageOfPage":{"@id":"https:\/\/www.leili-motor.net\/es\/motor-de-flujo-axial-de-185-kw.html#primaryimage"},"image":{"@id":"https:\/\/www.leili-motor.net\/es\/motor-de-flujo-axial-de-185-kw.html#primaryimage"},"thumbnailUrl":"https:\/\/www.leili-motor.net\/wp-content\/uploads\/2025\/05\/18.5KW-Axial-Flux-Motors.jpg","datePublished":"2025-06-03T07:06:38+00:00","description":"Motor de flujo axial de 18,5 kW de alta eficiencia con dise\u00f1o compacto y refrigeraci\u00f3n por aire o agua, ideal para aplicaciones industriales con alto par a baja velocidad.","breadcrumb":{"@id":"https:\/\/www.leili-motor.net\/es\/motor-de-flujo-axial-de-185-kw.html#breadcrumb"},"inLanguage":"es","potentialAction":[{"@type":"ReadAction","target":["https:\/\/www.leili-motor.net\/es\/motor-de-flujo-axial-de-185-kw.html"]}]},{"@type":"ImageObject","inLanguage":"es","@id":"https:\/\/www.leili-motor.net\/es\/motor-de-flujo-axial-de-185-kw.html#primaryimage","url":"https:\/\/www.leili-motor.net\/wp-content\/uploads\/2025\/05\/18.5KW-Axial-Flux-Motors.jpg","contentUrl":"https:\/\/www.leili-motor.net\/wp-content\/uploads\/2025\/05\/18.5KW-Axial-Flux-Motors.jpg","width":454,"height":310},{"@type":"BreadcrumbList","@id":"https:\/\/www.leili-motor.net\/es\/motor-de-flujo-axial-de-185-kw.html#breadcrumb","itemListElement":[{"@type":"ListItem","position":1,"name":"Home","item":"https:\/\/www.leili-motor.net\/es\/hogar\/"},{"@type":"ListItem","position":2,"name":"Productos","item":"https:\/\/www.leili-motor.net\/es\/productos\/"},{"@type":"ListItem","position":3,"name":"Motor de Flujo Axial de 18,5 kW"}]},{"@type":"WebSite","@id":"https:\/\/www.leili-motor.net\/es\/#website","url":"https:\/\/www.leili-motor.net\/es\/","name":"Leili Motor","description":"","publisher":{"@id":"https:\/\/www.leili-motor.net\/es\/#organization"},"potentialAction":[{"@type":"SearchAction","target":{"@type":"EntryPoint","urlTemplate":"https:\/\/www.leili-motor.net\/es\/?s={search_term_string}"},"query-input":{"@type":"PropertyValueSpecification","valueRequired":true,"valueName":"search_term_string"}}],"inLanguage":"es"},{"@type":"Organization","@id":"https:\/\/www.leili-motor.net\/es\/#organization","name":"Leili Motor","url":"https:\/\/www.leili-motor.net\/es\/","logo":{"@type":"ImageObject","inLanguage":"es","@id":"https:\/\/www.leili-motor.net\/es\/#\/schema\/logo\/image\/","url":"https:\/\/www.leili-motor.net\/wp-content\/uploads\/2025\/03\/Leili-Motor.png","contentUrl":"https:\/\/www.leili-motor.net\/wp-content\/uploads\/2025\/03\/Leili-Motor.png","width":600,"height":156,"caption":"Leili Motor"},"image":{"@id":"https:\/\/www.leili-motor.net\/es\/#\/schema\/logo\/image\/"}}]}},"_links":{"self":[{"href":"https:\/\/www.leili-motor.net\/es\/wp-json\/wp\/v2\/product\/11777","targetHints":{"allow":["GET"]}}],"collection":[{"href":"https:\/\/www.leili-motor.net\/es\/wp-json\/wp\/v2\/product"}],"about":[{"href":"https:\/\/www.leili-motor.net\/es\/wp-json\/wp\/v2\/types\/product"}],"replies":[{"embeddable":true,"href":"https:\/\/www.leili-motor.net\/es\/wp-json\/wp\/v2\/comments?post=11777"}],"wp:featuredmedia":[{"embeddable":true,"href":"https:\/\/www.leili-motor.net\/es\/wp-json\/wp\/v2\/media\/10079"}],"wp:attachment":[{"href":"https:\/\/www.leili-motor.net\/es\/wp-json\/wp\/v2\/media?parent=11777"}],"wp:term":[{"taxonomy":"product_brand","embeddable":true,"href":"https:\/\/www.leili-motor.net\/es\/wp-json\/wp\/v2\/product_brand?post=11777"},{"taxonomy":"product_cat","embeddable":true,"href":"https:\/\/www.leili-motor.net\/es\/wp-json\/wp\/v2\/product_cat?post=11777"},{"taxonomy":"product_tag","embeddable":true,"href":"https:\/\/www.leili-motor.net\/es\/wp-json\/wp\/v2\/product_tag?post=11777"}],"curies":[{"name":"wp","href":"https:\/\/api.w.org\/{rel}","templated":true}]}}