{"id":11927,"date":"2025-05-30T13:55:28","date_gmt":"2025-05-30T05:55:28","guid":{"rendered":"https:\/\/www.leili-motor.net\/ventilador-centrifugo-de-curvatura-inversa-%cf%86220-con-conmutacion-electronica-2\/"},"modified":"2025-05-30T13:55:28","modified_gmt":"2025-05-30T05:55:28","slug":"ventilador-centrifugo-de-curvatura-inversa-%cf%86220-con-conmutacion-electronica-2","status":"publish","type":"product","link":"https:\/\/www.leili-motor.net\/es\/ventilador-centrifugo-de-curvatura-inversa-%CF%86220-con-conmutacion-electronica-2.html","title":{"rendered":"Ventilador centr\u00edfugo de curvatura inversa \u03a6220 con conmutaci\u00f3n electr\u00f3nica-2"},"content":{"rendered":"<h2>Par\u00e1metros de rendimiento<\/h2>\n<table>\n<tbody>\n<tr>\n<td>Tipo<\/td>\n<td>Calificado<br \/>\nVoltaje<br \/>\n(VAC)<\/td>\n<td>Frecuencia<br \/>\n (Hz)<\/td>\n<td>Velocidad<br \/>\n(r\/min)<\/td>\n<td>Potencia<br \/>\nm\u00e1xima<br \/>\nde entrada (W)<\/td>\n<td>Nivel<br \/>\nde presi\u00f3n<br \/>\nsonora<br \/>\n(@1m) (dB(A))<\/td>\n<td>Temperatura<br \/>\nambiente (\u2103)<\/td>\n<td>M\u00e9todo<br \/>\nde cableado<\/td>\n<\/tr>\n<tr>\n<td>BF190A-WE072C-3A18-01<\/td>\n<td>230<\/td>\n<td>50\/60<\/td>\n<td>3200<\/td>\n<td>170<\/td>\n<td>74<\/td>\n<td>-25\uff5e+60<\/td>\n<td>W1<\/td>\n<\/tr>\n<\/tbody>\n<\/table>\n<h2>Dimensiones mec\u00e1nicas: mm<\/h2>\n<p><img fetchpriority=\"high\" decoding=\"async\" class=\"size-full wp-image-10109 aligncenter\" src=\"https:\/\/www.leili-motor.net\/wp-content\/uploads\/2025\/05\/%CE%A6220-EC-Backward-curved-Centrifugal-Fan-2-Dimensions.png\" alt=\"Dimensiones del ventilador centr\u00edfugo de curvatura inversa \u03a6220 EC-2\" width=\"674\" height=\"395\"><\/p>\n<h2>Curva de rendimiento del ventilador<\/h2>\n<p><img decoding=\"async\" class=\"size-full wp-image-10112 aligncenter\" src=\"https:\/\/www.leili-motor.net\/wp-content\/uploads\/2025\/05\/%CE%A6220-EC-Backward-curved-Centrifugal-Fan-2-curve.png\" alt=\"Curva del ventilador centr\u00edfugo de curvatura inversa \u03a6220 con conmutaci\u00f3n electr\u00f3nica\" width=\"873\" height=\"299\"><\/p>\n","protected":false},"excerpt":{"rendered":"<h3>Introducci\u00f3n del producto<\/h3>\n<ul>\n<li>Tensi\u00f3n nominal: 230 V CA, Frecuencia: 50\/60 Hz, Velocidad: 3200 rpm, Potencia: 170 W<\/li>\n<li>Incluye arranque suave, limitaci\u00f3n de corriente del motor y protecci\u00f3n t\u00e9rmica y contra fallos de fase.<\/li>\n<li>Impulsor de PP, protecci\u00f3n IP54, aislamiento de clase B, certificaci\u00f3n CE y CCC, rodamientos de bolas.<\/li>\n<\/ul>\n","protected":false},"featured_media":10117,"comment_status":"closed","ping_status":"closed","template":"","meta":{"site-sidebar-layout":"default","site-content-layout":"","ast-site-content-layout":"default","site-content-style":"default","site-sidebar-style":"default","ast-global-header-display":"","ast-banner-title-visibility":"","ast-main-header-display":"","ast-hfb-above-header-display":"","ast-hfb-below-header-display":"","ast-hfb-mobile-header-display":"","site-post-title":"","ast-breadcrumbs-content":"","ast-featured-img":"","footer-sml-layout":"","theme-transparent-header-meta":"default","adv-header-id-meta":"","stick-header-meta":"","header-above-stick-meta":"","header-main-stick-meta":"","header-below-stick-meta":"","astra-migrate-meta-layouts":"default","ast-page-background-enabled":"default","ast-page-background-meta":{"desktop":{"background-color":"var(--ast-global-color-5)","background-image":"","background-repeat":"repeat","background-position":"center center","background-size":"auto","background-attachment":"scroll","background-type":"","background-media":"","overlay-type":"","overlay-color":"","overlay-opacity":"","overlay-gradient":""},"tablet":{"background-color":"","background-image":"","background-repeat":"repeat","background-position":"center center","background-size":"auto","background-attachment":"scroll","background-type":"","background-media":"","overlay-type":"","overlay-color":"","overlay-opacity":"","overlay-gradient":""},"mobile":{"background-color":"","background-image":"","background-repeat":"repeat","background-position":"center center","background-size":"auto","background-attachment":"scroll","background-type":"","background-media":"","overlay-type":"","overlay-color":"","overlay-opacity":"","overlay-gradient":""}},"ast-content-background-meta":{"desktop":{"background-color":"var(--ast-global-color-4)","background-image":"","background-repeat":"repeat","background-position":"center center","background-size":"auto","background-attachment":"scroll","background-type":"","background-media":"","overlay-type":"","overlay-color":"","overlay-opacity":"","overlay-gradient":""},"tablet":{"background-color":"var(--ast-global-color-4)","background-image":"","background-repeat":"repeat","background-position":"center center","background-size":"auto","background-attachment":"scroll","background-type":"","background-media":"","overlay-type":"","overlay-color":"","overlay-opacity":"","overlay-gradient":""},"mobile":{"background-color":"var(--ast-global-color-4)","background-image":"","background-repeat":"repeat","background-position":"center center","background-size":"auto","background-attachment":"scroll","background-type":"","background-media":"","overlay-type":"","overlay-color":"","overlay-opacity":"","overlay-gradient":""}}},"product_brand":[],"product_cat":[1071,1075],"product_tag":[],"class_list":{"0":"post-11927","1":"product","2":"type-product","3":"status-publish","4":"has-post-thumbnail","6":"product_cat-motor-de-alta-eficiencia","7":"product_cat-ventilador-centrifugo-ec","8":"desktop-align-left","9":"tablet-align-left","10":"mobile-align-left","12":"first","13":"instock","14":"shipping-taxable","15":"product-type-simple"},"yoast_head":"<!-- This site is optimized with the Yoast SEO plugin v27.2 - https:\/\/yoast.com\/product\/yoast-seo-wordpress\/ -->\n<title>Ventilador centr\u00edfugo de curvatura inversa \u03a6220 con conmutaci\u00f3n electr\u00f3nica-2 &#8211; Leili Motor<\/title>\n<meta name=\"description\" content=\"El ventilador centr\u00edfugo de curvatura inversa \u03a6220 EC ofrece control de 0-10 V CC\/PWM, protecci\u00f3n IP54 y una velocidad de 3200 rpm con rodamientos de bolas sin mantenimiento y arranque suave.\" \/>\n<meta name=\"robots\" content=\"index, follow, max-snippet:-1, max-image-preview:large, max-video-preview:-1\" \/>\n<link rel=\"canonical\" href=\"https:\/\/www.leili-motor.net\/es\/ventilador-centrifugo-de-curvatura-inversa-%CF%86220-con-conmutacion-electronica-2.html\" \/>\n<script type=\"application\/ld+json\" class=\"yoast-schema-graph\">{\"@context\":\"https:\/\/schema.org\",\"@graph\":[{\"@type\":\"WebPage\",\"@id\":\"https:\/\/www.leili-motor.net\/es\/ventilador-centrifugo-de-curvatura-inversa-%CF%86220-con-conmutacion-electronica-2.html\",\"url\":\"https:\/\/www.leili-motor.net\/es\/ventilador-centrifugo-de-curvatura-inversa-%CF%86220-con-conmutacion-electronica-2.html\",\"name\":\"Ventilador centr\u00edfugo de curvatura inversa \u03a6220 con conmutaci\u00f3n electr\u00f3nica-2 &#8211; Leili Motor\",\"isPartOf\":{\"@id\":\"https:\/\/www.leili-motor.net\/es\/#website\"},\"primaryImageOfPage\":{\"@id\":\"https:\/\/www.leili-motor.net\/es\/ventilador-centrifugo-de-curvatura-inversa-%CF%86220-con-conmutacion-electronica-2.html#primaryimage\"},\"image\":{\"@id\":\"https:\/\/www.leili-motor.net\/es\/ventilador-centrifugo-de-curvatura-inversa-%CF%86220-con-conmutacion-electronica-2.html#primaryimage\"},\"thumbnailUrl\":\"https:\/\/www.leili-motor.net\/wp-content\/uploads\/2025\/05\/\u03a6220-EC-Backward-curved-Centrifugal-Fan-2.jpg\",\"datePublished\":\"2025-05-30T05:55:28+00:00\",\"description\":\"El ventilador centr\u00edfugo de curvatura inversa \u03a6220 EC ofrece control de 0-10 V CC\/PWM, protecci\u00f3n IP54 y una velocidad de 3200 rpm con rodamientos de bolas sin mantenimiento y arranque suave.\",\"breadcrumb\":{\"@id\":\"https:\/\/www.leili-motor.net\/es\/ventilador-centrifugo-de-curvatura-inversa-%CF%86220-con-conmutacion-electronica-2.html#breadcrumb\"},\"inLanguage\":\"es\",\"potentialAction\":[{\"@type\":\"ReadAction\",\"target\":[\"https:\/\/www.leili-motor.net\/es\/ventilador-centrifugo-de-curvatura-inversa-%CF%86220-con-conmutacion-electronica-2.html\"]}]},{\"@type\":\"ImageObject\",\"inLanguage\":\"es\",\"@id\":\"https:\/\/www.leili-motor.net\/es\/ventilador-centrifugo-de-curvatura-inversa-%CF%86220-con-conmutacion-electronica-2.html#primaryimage\",\"url\":\"https:\/\/www.leili-motor.net\/wp-content\/uploads\/2025\/05\/\u03a6220-EC-Backward-curved-Centrifugal-Fan-2.jpg\",\"contentUrl\":\"https:\/\/www.leili-motor.net\/wp-content\/uploads\/2025\/05\/\u03a6220-EC-Backward-curved-Centrifugal-Fan-2.jpg\",\"width\":454,\"height\":310,\"caption\":\"\u03a6220 EC Backward-curved Centrifugal Fan-2\"},{\"@type\":\"BreadcrumbList\",\"@id\":\"https:\/\/www.leili-motor.net\/es\/ventilador-centrifugo-de-curvatura-inversa-%CF%86220-con-conmutacion-electronica-2.html#breadcrumb\",\"itemListElement\":[{\"@type\":\"ListItem\",\"position\":1,\"name\":\"Home\",\"item\":\"https:\/\/www.leili-motor.net\/es\/hogar\/\"},{\"@type\":\"ListItem\",\"position\":2,\"name\":\"Productos\",\"item\":\"https:\/\/www.leili-motor.net\/es\/productos\/\"},{\"@type\":\"ListItem\",\"position\":3,\"name\":\"Ventilador centr\u00edfugo de curvatura inversa \u03a6220 con conmutaci\u00f3n electr\u00f3nica-2\"}]},{\"@type\":\"WebSite\",\"@id\":\"https:\/\/www.leili-motor.net\/es\/#website\",\"url\":\"https:\/\/www.leili-motor.net\/es\/\",\"name\":\"Leili Motor\",\"description\":\"\",\"publisher\":{\"@id\":\"https:\/\/www.leili-motor.net\/es\/#organization\"},\"potentialAction\":[{\"@type\":\"SearchAction\",\"target\":{\"@type\":\"EntryPoint\",\"urlTemplate\":\"https:\/\/www.leili-motor.net\/es\/?s={search_term_string}\"},\"query-input\":{\"@type\":\"PropertyValueSpecification\",\"valueRequired\":true,\"valueName\":\"search_term_string\"}}],\"inLanguage\":\"es\"},{\"@type\":\"Organization\",\"@id\":\"https:\/\/www.leili-motor.net\/es\/#organization\",\"name\":\"Leili Motor\",\"url\":\"https:\/\/www.leili-motor.net\/es\/\",\"logo\":{\"@type\":\"ImageObject\",\"inLanguage\":\"es\",\"@id\":\"https:\/\/www.leili-motor.net\/es\/#\/schema\/logo\/image\/\",\"url\":\"https:\/\/www.leili-motor.net\/wp-content\/uploads\/2025\/03\/Leili-Motor.png\",\"contentUrl\":\"https:\/\/www.leili-motor.net\/wp-content\/uploads\/2025\/03\/Leili-Motor.png\",\"width\":600,\"height\":156,\"caption\":\"Leili Motor\"},\"image\":{\"@id\":\"https:\/\/www.leili-motor.net\/es\/#\/schema\/logo\/image\/\"}}]}<\/script>\n<!-- \/ Yoast SEO plugin. -->","yoast_head_json":{"title":"Ventilador centr\u00edfugo de curvatura inversa \u03a6220 con conmutaci\u00f3n electr\u00f3nica-2 &#8211; Leili Motor","description":"El ventilador centr\u00edfugo de curvatura inversa \u03a6220 EC ofrece control de 0-10 V CC\/PWM, protecci\u00f3n IP54 y una velocidad de 3200 rpm con rodamientos de bolas sin mantenimiento y arranque suave.","robots":{"index":"index","follow":"follow","max-snippet":"max-snippet:-1","max-image-preview":"max-image-preview:large","max-video-preview":"max-video-preview:-1"},"canonical":"https:\/\/www.leili-motor.net\/es\/ventilador-centrifugo-de-curvatura-inversa-%CF%86220-con-conmutacion-electronica-2.html","schema":{"@context":"https:\/\/schema.org","@graph":[{"@type":"WebPage","@id":"https:\/\/www.leili-motor.net\/es\/ventilador-centrifugo-de-curvatura-inversa-%CF%86220-con-conmutacion-electronica-2.html","url":"https:\/\/www.leili-motor.net\/es\/ventilador-centrifugo-de-curvatura-inversa-%CF%86220-con-conmutacion-electronica-2.html","name":"Ventilador centr\u00edfugo de curvatura inversa \u03a6220 con conmutaci\u00f3n electr\u00f3nica-2 &#8211; Leili Motor","isPartOf":{"@id":"https:\/\/www.leili-motor.net\/es\/#website"},"primaryImageOfPage":{"@id":"https:\/\/www.leili-motor.net\/es\/ventilador-centrifugo-de-curvatura-inversa-%CF%86220-con-conmutacion-electronica-2.html#primaryimage"},"image":{"@id":"https:\/\/www.leili-motor.net\/es\/ventilador-centrifugo-de-curvatura-inversa-%CF%86220-con-conmutacion-electronica-2.html#primaryimage"},"thumbnailUrl":"https:\/\/www.leili-motor.net\/wp-content\/uploads\/2025\/05\/\u03a6220-EC-Backward-curved-Centrifugal-Fan-2.jpg","datePublished":"2025-05-30T05:55:28+00:00","description":"El ventilador centr\u00edfugo de curvatura inversa \u03a6220 EC ofrece control de 0-10 V CC\/PWM, protecci\u00f3n IP54 y una velocidad de 3200 rpm con rodamientos de bolas sin mantenimiento y arranque suave.","breadcrumb":{"@id":"https:\/\/www.leili-motor.net\/es\/ventilador-centrifugo-de-curvatura-inversa-%CF%86220-con-conmutacion-electronica-2.html#breadcrumb"},"inLanguage":"es","potentialAction":[{"@type":"ReadAction","target":["https:\/\/www.leili-motor.net\/es\/ventilador-centrifugo-de-curvatura-inversa-%CF%86220-con-conmutacion-electronica-2.html"]}]},{"@type":"ImageObject","inLanguage":"es","@id":"https:\/\/www.leili-motor.net\/es\/ventilador-centrifugo-de-curvatura-inversa-%CF%86220-con-conmutacion-electronica-2.html#primaryimage","url":"https:\/\/www.leili-motor.net\/wp-content\/uploads\/2025\/05\/\u03a6220-EC-Backward-curved-Centrifugal-Fan-2.jpg","contentUrl":"https:\/\/www.leili-motor.net\/wp-content\/uploads\/2025\/05\/\u03a6220-EC-Backward-curved-Centrifugal-Fan-2.jpg","width":454,"height":310,"caption":"\u03a6220 EC Backward-curved Centrifugal Fan-2"},{"@type":"BreadcrumbList","@id":"https:\/\/www.leili-motor.net\/es\/ventilador-centrifugo-de-curvatura-inversa-%CF%86220-con-conmutacion-electronica-2.html#breadcrumb","itemListElement":[{"@type":"ListItem","position":1,"name":"Home","item":"https:\/\/www.leili-motor.net\/es\/hogar\/"},{"@type":"ListItem","position":2,"name":"Productos","item":"https:\/\/www.leili-motor.net\/es\/productos\/"},{"@type":"ListItem","position":3,"name":"Ventilador centr\u00edfugo de curvatura inversa \u03a6220 con conmutaci\u00f3n electr\u00f3nica-2"}]},{"@type":"WebSite","@id":"https:\/\/www.leili-motor.net\/es\/#website","url":"https:\/\/www.leili-motor.net\/es\/","name":"Leili Motor","description":"","publisher":{"@id":"https:\/\/www.leili-motor.net\/es\/#organization"},"potentialAction":[{"@type":"SearchAction","target":{"@type":"EntryPoint","urlTemplate":"https:\/\/www.leili-motor.net\/es\/?s={search_term_string}"},"query-input":{"@type":"PropertyValueSpecification","valueRequired":true,"valueName":"search_term_string"}}],"inLanguage":"es"},{"@type":"Organization","@id":"https:\/\/www.leili-motor.net\/es\/#organization","name":"Leili Motor","url":"https:\/\/www.leili-motor.net\/es\/","logo":{"@type":"ImageObject","inLanguage":"es","@id":"https:\/\/www.leili-motor.net\/es\/#\/schema\/logo\/image\/","url":"https:\/\/www.leili-motor.net\/wp-content\/uploads\/2025\/03\/Leili-Motor.png","contentUrl":"https:\/\/www.leili-motor.net\/wp-content\/uploads\/2025\/03\/Leili-Motor.png","width":600,"height":156,"caption":"Leili Motor"},"image":{"@id":"https:\/\/www.leili-motor.net\/es\/#\/schema\/logo\/image\/"}}]}},"_links":{"self":[{"href":"https:\/\/www.leili-motor.net\/es\/wp-json\/wp\/v2\/product\/11927","targetHints":{"allow":["GET"]}}],"collection":[{"href":"https:\/\/www.leili-motor.net\/es\/wp-json\/wp\/v2\/product"}],"about":[{"href":"https:\/\/www.leili-motor.net\/es\/wp-json\/wp\/v2\/types\/product"}],"replies":[{"embeddable":true,"href":"https:\/\/www.leili-motor.net\/es\/wp-json\/wp\/v2\/comments?post=11927"}],"wp:featuredmedia":[{"embeddable":true,"href":"https:\/\/www.leili-motor.net\/es\/wp-json\/wp\/v2\/media\/10117"}],"wp:attachment":[{"href":"https:\/\/www.leili-motor.net\/es\/wp-json\/wp\/v2\/media?parent=11927"}],"wp:term":[{"taxonomy":"product_brand","embeddable":true,"href":"https:\/\/www.leili-motor.net\/es\/wp-json\/wp\/v2\/product_brand?post=11927"},{"taxonomy":"product_cat","embeddable":true,"href":"https:\/\/www.leili-motor.net\/es\/wp-json\/wp\/v2\/product_cat?post=11927"},{"taxonomy":"product_tag","embeddable":true,"href":"https:\/\/www.leili-motor.net\/es\/wp-json\/wp\/v2\/product_tag?post=11927"}],"curies":[{"name":"wp","href":"https:\/\/api.w.org\/{rel}","templated":true}]}}