{"id":14091,"date":"2026-03-24T17:10:49","date_gmt":"2026-03-24T09:10:49","guid":{"rendered":"https:\/\/www.leili-motor.net\/air-cooling-serie-drive-motor\/"},"modified":"2026-04-14T11:57:23","modified_gmt":"2026-04-14T03:57:23","slug":"air-cooling-serie-drive-motor","status":"publish","type":"product","link":"https:\/\/www.leili-motor.net\/es\/motor-de-transmision-en-serie-con-refrigeracion-por-aire\/","title":{"rendered":"Motor de transmisi\u00f3n en serie con refrigeraci\u00f3n por aire"},"content":{"rendered":"<h2>Par\u00e1metros de rendimiento<\/h2>\n<table>\n<tbody>\n<tr>\n<td>Tensi\u00f3n<\/td>\n<td>Potencia nominal<\/td>\n<td>Par nominal<\/td>\n<td>M\u00e1x. Potencia<\/td>\n<td>Par m\u00e1ximo<\/td>\n<td>Velocidad m\u00e1xima<\/td>\n<td>Relaci\u00f3n de velocidad<\/td>\n<\/tr>\n<tr>\n<td>V<\/td>\n<td>Kw<\/td>\n<td>Nm<\/td>\n<td>Kw<\/td>\n<td>Nm<\/td>\n<td>RPM<\/td>\n<td>&#8211;<\/td>\n<\/tr>\n<tr>\n<td>60<\/td>\n<td>4.0<\/td>\n<td>13<\/td>\n<td>10.0<\/td>\n<td>50<\/td>\n<td>12000<\/td>\n<td>3.227<\/td>\n<\/tr>\n<tr>\n<td>72<\/td>\n<td>5.0<\/td>\n<td>13<\/td>\n<td>13.0<\/td>\n<td>50<\/td>\n<td>12000<\/td>\n<td>3.227<\/td>\n<\/tr>\n<tr>\n<td>96<\/td>\n<td>7.0<\/td>\n<td>13<\/td>\n<td>20.0<\/td>\n<td>50<\/td>\n<td>12000<\/td>\n<td>3.227<\/td>\n<\/tr>\n<tr>\n<td>115<\/td>\n<td>8.5<\/td>\n<td>13<\/td>\n<td>25.0<\/td>\n<td>50<\/td>\n<td>12000<\/td>\n<td>3.227<\/td>\n<\/tr>\n<tr>\n<td>133<\/td>\n<td>10.0<\/td>\n<td>13<\/td>\n<td>30.0<\/td>\n<td>50<\/td>\n<td>12000<\/td>\n<td>3.227<\/td>\n<\/tr>\n<tr>\n<td>144<\/td>\n<td>12.0<\/td>\n<td>13<\/td>\n<td>30.0<\/td>\n<td>50<\/td>\n<td>12000<\/td>\n<td>3.227<\/td>\n<\/tr>\n<\/tbody>\n<\/table>\n","protected":false},"excerpt":{"rendered":"<h3>Presentaci\u00f3n del producto<\/h3>\n<ul>\n<li data-section-id=\"43g1vc\" data-start=\"0\" data-end=\"65\">Las opciones de tensi\u00f3n incluyen 60 V, 72 V, 96 V, 115 V, 133 V y 144 V<\/li>\n<li data-section-id=\"1dktq6s\" data-start=\"66\" data-end=\"133\">El par nominal sigue siendo de 13 Nm, con una relaci\u00f3n de transmisi\u00f3n fija de 3,227<\/li>\n<li data-section-id=\"ps8y0b\" data-start=\"134\" data-end=\"212\" data-is-last-node=\"\">La velocidad m\u00e1xima alcanza las 12 000 rpm, mientras que la potencia m\u00e1xima oscila entre 10,0 y 30,0 kW<\/li>\n<\/ul>\n","protected":false},"featured_media":13945,"comment_status":"closed","ping_status":"closed","template":"","meta":{"site-sidebar-layout":"default","site-content-layout":"","ast-site-content-layout":"default","site-content-style":"default","site-sidebar-style":"default","ast-global-header-display":"","ast-banner-title-visibility":"","ast-main-header-display":"","ast-hfb-above-header-display":"","ast-hfb-below-header-display":"","ast-hfb-mobile-header-display":"","site-post-title":"","ast-breadcrumbs-content":"","ast-featured-img":"","footer-sml-layout":"","theme-transparent-header-meta":"default","adv-header-id-meta":"","stick-header-meta":"","header-above-stick-meta":"","header-main-stick-meta":"","header-below-stick-meta":"","astra-migrate-meta-layouts":"set","ast-page-background-enabled":"default","ast-page-background-meta":{"desktop":{"background-color":"var(--ast-global-color-5)","background-image":"","background-repeat":"repeat","background-position":"center center","background-size":"auto","background-attachment":"scroll","background-type":"","background-media":"","overlay-type":"","overlay-color":"","overlay-opacity":"","overlay-gradient":""},"tablet":{"background-color":"","background-image":"","background-repeat":"repeat","background-position":"center center","background-size":"auto","background-attachment":"scroll","background-type":"","background-media":"","overlay-type":"","overlay-color":"","overlay-opacity":"","overlay-gradient":""},"mobile":{"background-color":"","background-image":"","background-repeat":"repeat","background-position":"center center","background-size":"auto","background-attachment":"scroll","background-type":"","background-media":"","overlay-type":"","overlay-color":"","overlay-opacity":"","overlay-gradient":""}},"ast-content-background-meta":{"desktop":{"background-color":"var(--ast-global-color-4)","background-image":"","background-repeat":"repeat","background-position":"center center","background-size":"auto","background-attachment":"scroll","background-type":"","background-media":"","overlay-type":"","overlay-color":"","overlay-opacity":"","overlay-gradient":""},"tablet":{"background-color":"var(--ast-global-color-4)","background-image":"","background-repeat":"repeat","background-position":"center center","background-size":"auto","background-attachment":"scroll","background-type":"","background-media":"","overlay-type":"","overlay-color":"","overlay-opacity":"","overlay-gradient":""},"mobile":{"background-color":"var(--ast-global-color-4)","background-image":"","background-repeat":"repeat","background-position":"center center","background-size":"auto","background-attachment":"scroll","background-type":"","background-media":"","overlay-type":"","overlay-color":"","overlay-opacity":"","overlay-gradient":""}}},"product_brand":[],"product_cat":[1352,1355],"product_tag":[],"class_list":{"0":"post-14091","1":"product","2":"type-product","3":"status-publish","4":"has-post-thumbnail","6":"product_cat-categoria-de-motores-de-traccion","7":"product_cat-motor-de-accionamiento-con-reductor","8":"desktop-align-left","9":"tablet-align-left","10":"mobile-align-left","12":"first","13":"instock","14":"shipping-taxable","15":"product-type-simple"},"yoast_head":"<!-- This site is optimized with the Yoast SEO plugin v27.2 - https:\/\/yoast.com\/product\/yoast-seo-wordpress\/ -->\n<title>Motor de accionamiento de la serie de refrigeraci\u00f3n por aire &#8211; Leili Motor<\/title>\n<meta name=\"description\" content=\"El motor de la serie de refrigeraci\u00f3n por aire ofrece opciones de 60 V a 144 V, una potencia nominal de 4,0 a 12,0 kW, un par m\u00e1ximo de 50 Nm, una velocidad m\u00e1xima de 12 000 rpm y una relaci\u00f3n de transmisi\u00f3n de 3,227.\" \/>\n<meta name=\"robots\" content=\"index, follow, max-snippet:-1, max-image-preview:large, max-video-preview:-1\" \/>\n<link rel=\"canonical\" href=\"https:\/\/www.leili-motor.net\/es\/motor-de-transmision-en-serie-con-refrigeracion-por-aire\/\" \/>\n<meta name=\"twitter:label1\" content=\"Tiempo de lectura\" \/>\n\t<meta name=\"twitter:data1\" content=\"1 minuto\" \/>\n<script type=\"application\/ld+json\" class=\"yoast-schema-graph\">{\"@context\":\"https:\/\/schema.org\",\"@graph\":[{\"@type\":\"WebPage\",\"@id\":\"https:\/\/www.leili-motor.net\/es\/motor-de-transmision-en-serie-con-refrigeracion-por-aire\/\",\"url\":\"https:\/\/www.leili-motor.net\/es\/motor-de-transmision-en-serie-con-refrigeracion-por-aire\/\",\"name\":\"Motor de accionamiento de la serie de refrigeraci\u00f3n por aire &#8211; Leili Motor\",\"isPartOf\":{\"@id\":\"https:\/\/www.leili-motor.net\/es\/#website\"},\"primaryImageOfPage\":{\"@id\":\"https:\/\/www.leili-motor.net\/es\/motor-de-transmision-en-serie-con-refrigeracion-por-aire\/#primaryimage\"},\"image\":{\"@id\":\"https:\/\/www.leili-motor.net\/es\/motor-de-transmision-en-serie-con-refrigeracion-por-aire\/#primaryimage\"},\"thumbnailUrl\":\"https:\/\/www.leili-motor.net\/wp-content\/uploads\/2026\/03\/Air-Cooling-Series-Drive-Motor.webp\",\"datePublished\":\"2026-03-24T09:10:49+00:00\",\"dateModified\":\"2026-04-14T03:57:23+00:00\",\"description\":\"El motor de la serie de refrigeraci\u00f3n por aire ofrece opciones de 60 V a 144 V, una potencia nominal de 4,0 a 12,0 kW, un par m\u00e1ximo de 50 Nm, una velocidad m\u00e1xima de 12 000 rpm y una relaci\u00f3n de transmisi\u00f3n de 3,227.\",\"breadcrumb\":{\"@id\":\"https:\/\/www.leili-motor.net\/es\/motor-de-transmision-en-serie-con-refrigeracion-por-aire\/#breadcrumb\"},\"inLanguage\":\"es\",\"potentialAction\":[{\"@type\":\"ReadAction\",\"target\":[\"https:\/\/www.leili-motor.net\/es\/motor-de-transmision-en-serie-con-refrigeracion-por-aire\/\"]}]},{\"@type\":\"ImageObject\",\"inLanguage\":\"es\",\"@id\":\"https:\/\/www.leili-motor.net\/es\/motor-de-transmision-en-serie-con-refrigeracion-por-aire\/#primaryimage\",\"url\":\"https:\/\/www.leili-motor.net\/wp-content\/uploads\/2026\/03\/Air-Cooling-Series-Drive-Motor.webp\",\"contentUrl\":\"https:\/\/www.leili-motor.net\/wp-content\/uploads\/2026\/03\/Air-Cooling-Series-Drive-Motor.webp\",\"width\":454,\"height\":310,\"caption\":\"Motor de accionamiento de la serie de refrigeraci\u00f3n por aire\"},{\"@type\":\"BreadcrumbList\",\"@id\":\"https:\/\/www.leili-motor.net\/es\/motor-de-transmision-en-serie-con-refrigeracion-por-aire\/#breadcrumb\",\"itemListElement\":[{\"@type\":\"ListItem\",\"position\":1,\"name\":\"Home\",\"item\":\"https:\/\/www.leili-motor.net\/es\/hogar\/\"},{\"@type\":\"ListItem\",\"position\":2,\"name\":\"Productos\",\"item\":\"https:\/\/www.leili-motor.net\/es\/productos\/\"},{\"@type\":\"ListItem\",\"position\":3,\"name\":\"Motor de transmisi\u00f3n en serie con refrigeraci\u00f3n por aire\"}]},{\"@type\":\"WebSite\",\"@id\":\"https:\/\/www.leili-motor.net\/es\/#website\",\"url\":\"https:\/\/www.leili-motor.net\/es\/\",\"name\":\"Leili Motor\",\"description\":\"\",\"publisher\":{\"@id\":\"https:\/\/www.leili-motor.net\/es\/#organization\"},\"potentialAction\":[{\"@type\":\"SearchAction\",\"target\":{\"@type\":\"EntryPoint\",\"urlTemplate\":\"https:\/\/www.leili-motor.net\/es\/?s={search_term_string}\"},\"query-input\":{\"@type\":\"PropertyValueSpecification\",\"valueRequired\":true,\"valueName\":\"search_term_string\"}}],\"inLanguage\":\"es\"},{\"@type\":\"Organization\",\"@id\":\"https:\/\/www.leili-motor.net\/es\/#organization\",\"name\":\"Leili Motor\",\"url\":\"https:\/\/www.leili-motor.net\/es\/\",\"logo\":{\"@type\":\"ImageObject\",\"inLanguage\":\"es\",\"@id\":\"https:\/\/www.leili-motor.net\/es\/#\/schema\/logo\/image\/\",\"url\":\"https:\/\/www.leili-motor.net\/wp-content\/uploads\/2025\/03\/Leili-Motor.png\",\"contentUrl\":\"https:\/\/www.leili-motor.net\/wp-content\/uploads\/2025\/03\/Leili-Motor.png\",\"width\":600,\"height\":156,\"caption\":\"Leili Motor\"},\"image\":{\"@id\":\"https:\/\/www.leili-motor.net\/es\/#\/schema\/logo\/image\/\"}}]}<\/script>\n<!-- \/ Yoast SEO plugin. -->","yoast_head_json":{"title":"Motor de accionamiento de la serie de refrigeraci\u00f3n por aire &#8211; Leili Motor","description":"El motor de la serie de refrigeraci\u00f3n por aire ofrece opciones de 60 V a 144 V, una potencia nominal de 4,0 a 12,0 kW, un par m\u00e1ximo de 50 Nm, una velocidad m\u00e1xima de 12 000 rpm y una relaci\u00f3n de transmisi\u00f3n de 3,227.","robots":{"index":"index","follow":"follow","max-snippet":"max-snippet:-1","max-image-preview":"max-image-preview:large","max-video-preview":"max-video-preview:-1"},"canonical":"https:\/\/www.leili-motor.net\/es\/motor-de-transmision-en-serie-con-refrigeracion-por-aire\/","twitter_misc":{"Tiempo de lectura":"1 minuto"},"schema":{"@context":"https:\/\/schema.org","@graph":[{"@type":"WebPage","@id":"https:\/\/www.leili-motor.net\/es\/motor-de-transmision-en-serie-con-refrigeracion-por-aire\/","url":"https:\/\/www.leili-motor.net\/es\/motor-de-transmision-en-serie-con-refrigeracion-por-aire\/","name":"Motor de accionamiento de la serie de refrigeraci\u00f3n por aire &#8211; Leili Motor","isPartOf":{"@id":"https:\/\/www.leili-motor.net\/es\/#website"},"primaryImageOfPage":{"@id":"https:\/\/www.leili-motor.net\/es\/motor-de-transmision-en-serie-con-refrigeracion-por-aire\/#primaryimage"},"image":{"@id":"https:\/\/www.leili-motor.net\/es\/motor-de-transmision-en-serie-con-refrigeracion-por-aire\/#primaryimage"},"thumbnailUrl":"https:\/\/www.leili-motor.net\/wp-content\/uploads\/2026\/03\/Air-Cooling-Series-Drive-Motor.webp","datePublished":"2026-03-24T09:10:49+00:00","dateModified":"2026-04-14T03:57:23+00:00","description":"El motor de la serie de refrigeraci\u00f3n por aire ofrece opciones de 60 V a 144 V, una potencia nominal de 4,0 a 12,0 kW, un par m\u00e1ximo de 50 Nm, una velocidad m\u00e1xima de 12 000 rpm y una relaci\u00f3n de transmisi\u00f3n de 3,227.","breadcrumb":{"@id":"https:\/\/www.leili-motor.net\/es\/motor-de-transmision-en-serie-con-refrigeracion-por-aire\/#breadcrumb"},"inLanguage":"es","potentialAction":[{"@type":"ReadAction","target":["https:\/\/www.leili-motor.net\/es\/motor-de-transmision-en-serie-con-refrigeracion-por-aire\/"]}]},{"@type":"ImageObject","inLanguage":"es","@id":"https:\/\/www.leili-motor.net\/es\/motor-de-transmision-en-serie-con-refrigeracion-por-aire\/#primaryimage","url":"https:\/\/www.leili-motor.net\/wp-content\/uploads\/2026\/03\/Air-Cooling-Series-Drive-Motor.webp","contentUrl":"https:\/\/www.leili-motor.net\/wp-content\/uploads\/2026\/03\/Air-Cooling-Series-Drive-Motor.webp","width":454,"height":310,"caption":"Motor de accionamiento de la serie de refrigeraci\u00f3n por aire"},{"@type":"BreadcrumbList","@id":"https:\/\/www.leili-motor.net\/es\/motor-de-transmision-en-serie-con-refrigeracion-por-aire\/#breadcrumb","itemListElement":[{"@type":"ListItem","position":1,"name":"Home","item":"https:\/\/www.leili-motor.net\/es\/hogar\/"},{"@type":"ListItem","position":2,"name":"Productos","item":"https:\/\/www.leili-motor.net\/es\/productos\/"},{"@type":"ListItem","position":3,"name":"Motor de transmisi\u00f3n en serie con refrigeraci\u00f3n por aire"}]},{"@type":"WebSite","@id":"https:\/\/www.leili-motor.net\/es\/#website","url":"https:\/\/www.leili-motor.net\/es\/","name":"Leili Motor","description":"","publisher":{"@id":"https:\/\/www.leili-motor.net\/es\/#organization"},"potentialAction":[{"@type":"SearchAction","target":{"@type":"EntryPoint","urlTemplate":"https:\/\/www.leili-motor.net\/es\/?s={search_term_string}"},"query-input":{"@type":"PropertyValueSpecification","valueRequired":true,"valueName":"search_term_string"}}],"inLanguage":"es"},{"@type":"Organization","@id":"https:\/\/www.leili-motor.net\/es\/#organization","name":"Leili Motor","url":"https:\/\/www.leili-motor.net\/es\/","logo":{"@type":"ImageObject","inLanguage":"es","@id":"https:\/\/www.leili-motor.net\/es\/#\/schema\/logo\/image\/","url":"https:\/\/www.leili-motor.net\/wp-content\/uploads\/2025\/03\/Leili-Motor.png","contentUrl":"https:\/\/www.leili-motor.net\/wp-content\/uploads\/2025\/03\/Leili-Motor.png","width":600,"height":156,"caption":"Leili Motor"},"image":{"@id":"https:\/\/www.leili-motor.net\/es\/#\/schema\/logo\/image\/"}}]}},"_links":{"self":[{"href":"https:\/\/www.leili-motor.net\/es\/wp-json\/wp\/v2\/product\/14091","targetHints":{"allow":["GET"]}}],"collection":[{"href":"https:\/\/www.leili-motor.net\/es\/wp-json\/wp\/v2\/product"}],"about":[{"href":"https:\/\/www.leili-motor.net\/es\/wp-json\/wp\/v2\/types\/product"}],"replies":[{"embeddable":true,"href":"https:\/\/www.leili-motor.net\/es\/wp-json\/wp\/v2\/comments?post=14091"}],"wp:featuredmedia":[{"embeddable":true,"href":"https:\/\/www.leili-motor.net\/es\/wp-json\/wp\/v2\/media\/13945"}],"wp:attachment":[{"href":"https:\/\/www.leili-motor.net\/es\/wp-json\/wp\/v2\/media?parent=14091"}],"wp:term":[{"taxonomy":"product_brand","embeddable":true,"href":"https:\/\/www.leili-motor.net\/es\/wp-json\/wp\/v2\/product_brand?post=14091"},{"taxonomy":"product_cat","embeddable":true,"href":"https:\/\/www.leili-motor.net\/es\/wp-json\/wp\/v2\/product_cat?post=14091"},{"taxonomy":"product_tag","embeddable":true,"href":"https:\/\/www.leili-motor.net\/es\/wp-json\/wp\/v2\/product_tag?post=14091"}],"curies":[{"name":"wp","href":"https:\/\/api.w.org\/{rel}","templated":true}]}}